{"id":99944,"date":"2026-01-30T17:54:29","date_gmt":"2026-01-30T16:54:29","guid":{"rendered":"https:\/\/begamer.cz\/produkt\/trucks-trailers-sk\/"},"modified":"2026-03-10T23:21:53","modified_gmt":"2026-03-10T22:21:53","slug":"trucks-trailers-sk","status":"publish","type":"product","link":"https:\/\/begamer.cz\/sk\/produkt\/trucks-trailers-sk\/","title":{"rendered":"Trucks & Trailers"},"content":{"rendered":"<p>Trucks &amp; Trailers otestuje va\u0161e vodi\u010dsk\u00e9 zru\u010dnosti v 50 individu\u00e1lnych \u00faloh\u00e1ch s n\u00e1kladn\u00fdmi vozidlami. S\u00fa\u0165a\u017ete s \u010dasom a dokon\u010dite zlo\u017eito navrhnut\u00e9 trasy a \u00falohy, ktor\u00e9 v\u00e1s dostan\u00fa do sedadla vodi\u010da. Dok\u00e1\u017eete sa vyhn\u00fa\u0165 prek\u00e1\u017ekam pri c\u00favan\u00ed s n\u00e1vesom? M\u00e1te potrebn\u00e9 kreat\u00edvne myslenie, aby ste zoradili s\u00e9riu n\u00e1kladn\u00fdch vozidiel a n\u00e1vesov na dvore do spr\u00e1vnych poz\u00edci\u00ed? Dok\u00e1\u017eete presne zaparkova\u0165?<\/p>\n<p>Ako sa va\u0161e zru\u010dnosti zlep\u0161uj\u00fa, zvy\u0161ovanie \u00farovne obtia\u017enosti zaru\u010d\u00ed, \u017ee v\u017edy bude \u00faloha, ktor\u00e1 v\u00e1s a v\u00e1\u0161 n\u00e1kladn\u00fd automobil podrobuje najvy\u0161\u0161ej sk\u00fa\u0161ke! Pri najvy\u0161\u0161ej \u00farovni obtia\u017enosti s\u00fa poh\u013eady z vonkaj\u0161ej kamery deaktivovan\u00e9, \u010do v\u00e1s n\u00fati man\u00e9vrova\u0165 ako profesion\u00e1li, ktor\u00ed pou\u017e\u00edvaj\u00fa iba zrkadl\u00e1 v kab\u00edne. Sk\u00fa\u0161ka, ktor\u00e1 v\u00e1m prinesie zlat\u00e9 medaily a \u010des\u0165 by\u0165 skuto\u010dn\u00fdm titanom n\u00e1kladnej dopravy!<\/p>\n<h2 class=\"bb_tag\" >K\u013e\u00fa\u010dov\u00e9 vlastnosti<\/h2>\n<p><\/p>\n<ul class=\"bb_ul\">\n<li>Viac ako 50 v\u00fdziev s \u00faspechmi a oceneniami zaru\u010duje, \u017ee budete chcie\u0165 pokra\u010dova\u0165 v jazde<\/li>\n<li>Neuverite\u013en\u00e1 3D grafika, ktor\u00e1 o\u017eivuje kr\u00e1sne detailn\u00e9 n\u00e1kladn\u00e9 vozidl\u00e1 a pr\u00edvesy<\/li>\n<li>Viac poh\u013eadov kamery na zlo\u017eit\u00fd 3D svet<\/li>\n<li>Od tvorcov simul\u00e1torov n\u00e1kladn\u00fdch vozidiel zo s\u00e9ri\u00ed 18 Wheels of Steel a Euro Truck Simulator<\/li>\n<\/ul>\n","protected":false},"excerpt":{"rendered":"<p>Otestujte svoje vodi\u010dsk\u00e9 zru\u010dnosti v hre Trucks &amp; Trailers! Absolvujte z\u00e1kladn\u00fd v\u00fdcvik a vydajte sa na cestu, na ktorej budete musie\u0165 zvl\u00e1dnu\u0165 \u0161irok\u00fa \u0161k\u00e1lu v\u00fdziev, ktor\u00e9 v\u00e1s \u010dakaj\u00fa.<\/p>\n","protected":false},"featured_media":32412,"comment_status":"open","ping_status":"closed","template":"","meta":{"_acf_changed":false},"product_brand":[],"product_cat":[290,268,266,314,312],"product_tag":[],"class_list":{"0":"post-99944","1":"product","2":"type-product","3":"status-publish","4":"has-post-thumbnail","6":"product_cat-indie-hry-pc-sk","7":"product_cat-pc-sk","8":"product_cat-pc-hry-sk","9":"product_cat-simulatory-pc-hry-sk","10":"product_cat-steam-pc-sk","11":"pa_countries-ad","12":"pa_countries-ae","13":"pa_countries-af","14":"pa_countries-ag","15":"pa_countries-ai","16":"pa_countries-al","17":"pa_countries-am","18":"pa_countries-ao","19":"pa_countries-aq","20":"pa_countries-ar","21":"pa_countries-as","22":"pa_countries-at","23":"pa_countries-au","24":"pa_countries-aw","25":"pa_countries-ax","26":"pa_countries-az","27":"pa_countries-ba","28":"pa_countries-bb","29":"pa_countries-bd","30":"pa_countries-be","31":"pa_countries-bf","32":"pa_countries-bg","33":"pa_countries-bh","34":"pa_countries-bi","35":"pa_countries-bj","36":"pa_countries-bl","37":"pa_countries-bm","38":"pa_countries-bn","39":"pa_countries-bo","40":"pa_countries-bq","41":"pa_countries-br","42":"pa_countries-bs","43":"pa_countries-bt","44":"pa_countries-bv","45":"pa_countries-bw","46":"pa_countries-bz","47":"pa_countries-ca","48":"pa_countries-cc","49":"pa_countries-cd","50":"pa_countries-cf","51":"pa_countries-cg","52":"pa_countries-ch","53":"pa_countries-ci","54":"pa_countries-ck","55":"pa_countries-cl","56":"pa_countries-cm","57":"pa_countries-cn","58":"pa_countries-co","59":"pa_countries-cr","60":"pa_countries-cu","61":"pa_countries-cv","62":"pa_countries-cw","63":"pa_countries-cx","64":"pa_countries-cy","65":"pa_countries-cz","66":"pa_countries-de","67":"pa_countries-dj","68":"pa_countries-dk","69":"pa_countries-dm","70":"pa_countries-do","71":"pa_countries-dz","72":"pa_countries-ec","73":"pa_countries-ee","74":"pa_countries-eg","75":"pa_countries-eh","76":"pa_countries-er","77":"pa_countries-es","78":"pa_countries-et","79":"pa_countries-fi","80":"pa_countries-fj","81":"pa_countries-fk","82":"pa_countries-fm","83":"pa_countries-fo","84":"pa_countries-fr","85":"pa_countries-ga","86":"pa_countries-gb","87":"pa_countries-gd","88":"pa_countries-ge","89":"pa_countries-gf","90":"pa_countries-gg","91":"pa_countries-gh","92":"pa_countries-gi","93":"pa_countries-gl","94":"pa_countries-gm","95":"pa_countries-gn","96":"pa_countries-gp","97":"pa_countries-gq","98":"pa_countries-gr","99":"pa_countries-gs","100":"pa_countries-gt","101":"pa_countries-gu","102":"pa_countries-gw","103":"pa_countries-gy","104":"pa_countries-hk","105":"pa_countries-hm","106":"pa_countries-hn","107":"pa_countries-hr","108":"pa_countries-ht","109":"pa_countries-hu","110":"pa_countries-id","111":"pa_countries-ie","112":"pa_countries-il","113":"pa_countries-im","114":"pa_countries-in","115":"pa_countries-io","116":"pa_countries-iq","117":"pa_countries-ir","118":"pa_countries-is","119":"pa_countries-it","120":"pa_countries-je","121":"pa_countries-jm","122":"pa_countries-jo","123":"pa_countries-jp","124":"pa_countries-ke","125":"pa_countries-kg","126":"pa_countries-kh","127":"pa_countries-ki","128":"pa_countries-km","129":"pa_countries-kn","130":"pa_countries-kp","131":"pa_countries-kr","132":"pa_countries-kw","133":"pa_countries-ky","134":"pa_countries-kz","135":"pa_countries-la","136":"pa_countries-lb","137":"pa_countries-lc","138":"pa_countries-li","139":"pa_countries-lk","140":"pa_countries-lr","141":"pa_countries-ls","142":"pa_countries-lt","143":"pa_countries-lu","144":"pa_countries-lv","145":"pa_countries-ly","146":"pa_countries-ma","147":"pa_countries-mc","148":"pa_countries-md","149":"pa_countries-me","150":"pa_countries-mf","151":"pa_countries-mg","152":"pa_countries-mh","153":"pa_countries-mk","154":"pa_countries-ml","155":"pa_countries-mm","156":"pa_countries-mn","157":"pa_countries-mo","158":"pa_countries-mp","159":"pa_countries-mq","160":"pa_countries-mr","161":"pa_countries-ms","162":"pa_countries-mt","163":"pa_countries-mu","164":"pa_countries-mv","165":"pa_countries-mw","166":"pa_countries-mx","167":"pa_countries-my","168":"pa_countries-mz","169":"pa_countries-na","170":"pa_countries-nc","171":"pa_countries-ne","172":"pa_countries-nf","173":"pa_countries-ng","174":"pa_countries-ni","175":"pa_countries-nl","176":"pa_countries-no","177":"pa_countries-np","178":"pa_countries-nr","179":"pa_countries-nu","180":"pa_countries-nz","181":"pa_countries-om","182":"pa_countries-pa","183":"pa_countries-pe","184":"pa_countries-pf","185":"pa_countries-pg","186":"pa_countries-ph","187":"pa_countries-pk","188":"pa_countries-pl","189":"pa_countries-pm","190":"pa_countries-pn","191":"pa_countries-pr","192":"pa_countries-ps","193":"pa_countries-pt","194":"pa_countries-pw","195":"pa_countries-py","196":"pa_countries-qa","197":"pa_countries-re","198":"pa_countries-ro","199":"pa_countries-rs","200":"pa_countries-rw","201":"pa_countries-sa","202":"pa_countries-sb","203":"pa_countries-sc","204":"pa_countries-sd","205":"pa_countries-se","206":"pa_countries-sg","207":"pa_countries-sh","208":"pa_countries-si","209":"pa_countries-sj","210":"pa_countries-sk","211":"pa_countries-sl","212":"pa_countries-sm","213":"pa_countries-sn","214":"pa_countries-so","215":"pa_countries-sr","216":"pa_countries-ss","218":"pa_countries-st","219":"pa_countries-sv","220":"pa_countries-sx","221":"pa_countries-sy","222":"pa_countries-sz","223":"pa_countries-tc","224":"pa_countries-td","225":"pa_countries-tf","226":"pa_countries-tg","227":"pa_countries-th","228":"pa_countries-tj","229":"pa_countries-tk","230":"pa_countries-tl","231":"pa_countries-tm","232":"pa_countries-tn","233":"pa_countries-to","234":"pa_countries-tr","235":"pa_countries-tt","236":"pa_countries-tv","237":"pa_countries-tw","238":"pa_countries-tz","239":"pa_countries-ua","240":"pa_countries-ug","241":"pa_countries-um","242":"pa_countries-us","243":"pa_countries-uy","244":"pa_countries-uz","245":"pa_countries-va","246":"pa_countries-vc","247":"pa_countries-ve","248":"pa_countries-vg","249":"pa_countries-vi","250":"pa_countries-vn","251":"pa_countries-vu","252":"pa_countries-wf","253":"pa_countries-ws","254":"pa_countries-xk","255":"pa_countries-ye","256":"pa_countries-yt","257":"pa_countries-za","258":"pa_countries-zm","259":"pa_countries-zw","260":"pa_developer-scs-software","262":"pa_game_type-main_game","264":"pa_genres-indie","266":"pa_genres-simulator","267":"pa_interface-cs-cz","268":"pa_interface-da-dk","269":"pa_interface-de-de","270":"pa_interface-en-us","271":"pa_interface-es-es","272":"pa_interface-fi-fi","273":"pa_interface-fr-fr","274":"pa_interface-hu-hu","275":"pa_interface-it-it","276":"pa_interface-nb-no","278":"pa_interface-nl-nl","279":"pa_interface-pl-pl","280":"pa_interface-pt-br","281":"pa_interface-pt-pt","282":"pa_interface-ru-ru","283":"pa_interface-sv-se","284":"pa_interface-tr-tr","285":"pa_interface-uk-ua","286":"pa_modes-single-player","288":"pa_platform-pc-steam","290":"pa_publisher-scs-software","292":"pa_rating-773","293":"pa_rating-14441","294":"pa_region-global","297":"first","298":"instock","299":"virtual","300":"taxable","301":"purchasable","302":"product-type-simple"},"yoast_head":"<!-- This site is optimized with the Yoast SEO plugin v27.4 - https:\/\/yoast.com\/product\/yoast-seo-wordpress\/ -->\n<title>Trucks &amp; Trailers | BeGamer.cz<\/title>\n<meta name=\"robots\" content=\"index, follow, max-snippet:-1, max-image-preview:large, max-video-preview:-1\" \/>\n<link rel=\"canonical\" href=\"https:\/\/begamer.cz\/sk\/produkt\/trucks-trailers-sk\/\" \/>\n<meta property=\"og:locale\" content=\"sk_SK\" \/>\n<meta property=\"og:type\" content=\"article\" \/>\n<meta property=\"og:title\" content=\"Trucks &amp; Trailers | BeGamer.cz\" \/>\n<meta property=\"og:description\" content=\"Otestujte svoje vodi\u010dsk\u00e9 zru\u010dnosti v hre Trucks &amp; Trailers! Absolvujte z\u00e1kladn\u00fd v\u00fdcvik a vydajte sa na cestu, na ktorej budete musie\u0165 zvl\u00e1dnu\u0165 \u0161irok\u00fa \u0161k\u00e1lu v\u00fdziev, ktor\u00e9 v\u00e1s \u010dakaj\u00fa.\" \/>\n<meta property=\"og:url\" content=\"https:\/\/begamer.cz\/sk\/produkt\/trucks-trailers-sk\/\" \/>\n<meta property=\"og:site_name\" content=\"BeGamer.cz\" \/>\n<meta property=\"article:modified_time\" content=\"2026-03-10T22:21:53+00:00\" \/>\n<meta property=\"og:image\" content=\"https:\/\/begamer.cz\/wp-content\/uploads\/2026\/01\/trucks-and-trailers-5.webp\" \/>\n\t<meta property=\"og:image:width\" content=\"300\" \/>\n\t<meta property=\"og:image:height\" content=\"400\" \/>\n\t<meta property=\"og:image:type\" content=\"image\/webp\" \/>\n<meta name=\"twitter:card\" content=\"summary_large_image\" \/>\n<meta name=\"twitter:label1\" content=\"Predpokladan\u00fd \u010das \u010d\u00edtania\" \/>\n\t<meta name=\"twitter:data1\" content=\"1 min\u00fata\" \/>\n<script type=\"application\/ld+json\" class=\"yoast-schema-graph\">{\"@context\":\"https:\\\/\\\/schema.org\",\"@graph\":[{\"@type\":\"WebPage\",\"@id\":\"https:\\\/\\\/begamer.cz\\\/sk\\\/produkt\\\/trucks-trailers-sk\\\/\",\"url\":\"https:\\\/\\\/begamer.cz\\\/sk\\\/produkt\\\/trucks-trailers-sk\\\/\",\"name\":\"Trucks & Trailers | BeGamer.cz\",\"isPartOf\":{\"@id\":\"https:\\\/\\\/begamer.cz\\\/sk\\\/#website\"},\"primaryImageOfPage\":{\"@id\":\"https:\\\/\\\/begamer.cz\\\/sk\\\/produkt\\\/trucks-trailers-sk\\\/#primaryimage\"},\"image\":{\"@id\":\"https:\\\/\\\/begamer.cz\\\/sk\\\/produkt\\\/trucks-trailers-sk\\\/#primaryimage\"},\"thumbnailUrl\":\"https:\\\/\\\/begamer.cz\\\/wp-content\\\/uploads\\\/2026\\\/01\\\/trucks-and-trailers-5.webp\",\"datePublished\":\"2026-01-30T16:54:29+00:00\",\"dateModified\":\"2026-03-10T22:21:53+00:00\",\"breadcrumb\":{\"@id\":\"https:\\\/\\\/begamer.cz\\\/sk\\\/produkt\\\/trucks-trailers-sk\\\/#breadcrumb\"},\"inLanguage\":\"sk-SK\",\"potentialAction\":[{\"@type\":\"ReadAction\",\"target\":[\"https:\\\/\\\/begamer.cz\\\/sk\\\/produkt\\\/trucks-trailers-sk\\\/\"]}]},{\"@type\":\"ImageObject\",\"inLanguage\":\"sk-SK\",\"@id\":\"https:\\\/\\\/begamer.cz\\\/sk\\\/produkt\\\/trucks-trailers-sk\\\/#primaryimage\",\"url\":\"https:\\\/\\\/begamer.cz\\\/wp-content\\\/uploads\\\/2026\\\/01\\\/trucks-and-trailers-5.webp\",\"contentUrl\":\"https:\\\/\\\/begamer.cz\\\/wp-content\\\/uploads\\\/2026\\\/01\\\/trucks-and-trailers-5.webp\",\"width\":300,\"height\":400},{\"@type\":\"BreadcrumbList\",\"@id\":\"https:\\\/\\\/begamer.cz\\\/sk\\\/produkt\\\/trucks-trailers-sk\\\/#breadcrumb\",\"itemListElement\":[{\"@type\":\"ListItem\",\"position\":1,\"name\":\"Domov\",\"item\":\"https:\\\/\\\/begamer.cz\\\/sk\\\/\"},{\"@type\":\"ListItem\",\"position\":2,\"name\":\"Obchod\",\"item\":\"https:\\\/\\\/begamer.cz\\\/obchod\\\/\"},{\"@type\":\"ListItem\",\"position\":3,\"name\":\"Trucks & Trailers\"}]},{\"@type\":\"WebSite\",\"@id\":\"https:\\\/\\\/begamer.cz\\\/sk\\\/#website\",\"url\":\"https:\\\/\\\/begamer.cz\\\/sk\\\/\",\"name\":\"BeGamer.cz\",\"description\":\"\",\"publisher\":{\"@id\":\"https:\\\/\\\/begamer.cz\\\/sk\\\/#organization\"},\"potentialAction\":[{\"@type\":\"SearchAction\",\"target\":{\"@type\":\"EntryPoint\",\"urlTemplate\":\"https:\\\/\\\/begamer.cz\\\/sk\\\/?s={search_term_string}\"},\"query-input\":{\"@type\":\"PropertyValueSpecification\",\"valueRequired\":true,\"valueName\":\"search_term_string\"}}],\"inLanguage\":\"sk-SK\"},{\"@type\":\"Organization\",\"@id\":\"https:\\\/\\\/begamer.cz\\\/sk\\\/#organization\",\"name\":\"BeGamer.cz\",\"url\":\"https:\\\/\\\/begamer.cz\\\/sk\\\/\",\"logo\":{\"@type\":\"ImageObject\",\"inLanguage\":\"sk-SK\",\"@id\":\"https:\\\/\\\/begamer.cz\\\/sk\\\/#\\\/schema\\\/logo\\\/image\\\/\",\"url\":\"https:\\\/\\\/begamer.cz\\\/wp-content\\\/uploads\\\/2025\\\/07\\\/logo.svg\",\"contentUrl\":\"https:\\\/\\\/begamer.cz\\\/wp-content\\\/uploads\\\/2025\\\/07\\\/logo.svg\",\"caption\":\"BeGamer.cz\"},\"image\":{\"@id\":\"https:\\\/\\\/begamer.cz\\\/sk\\\/#\\\/schema\\\/logo\\\/image\\\/\"}}]}<\/script>\n<!-- \/ Yoast SEO plugin. -->","yoast_head_json":{"title":"Trucks & Trailers | BeGamer.cz","robots":{"index":"index","follow":"follow","max-snippet":"max-snippet:-1","max-image-preview":"max-image-preview:large","max-video-preview":"max-video-preview:-1"},"canonical":"https:\/\/begamer.cz\/sk\/produkt\/trucks-trailers-sk\/","og_locale":"sk_SK","og_type":"article","og_title":"Trucks & Trailers | BeGamer.cz","og_description":"Otestujte svoje vodi\u010dsk\u00e9 zru\u010dnosti v hre Trucks &amp; Trailers! Absolvujte z\u00e1kladn\u00fd v\u00fdcvik a vydajte sa na cestu, na ktorej budete musie\u0165 zvl\u00e1dnu\u0165 \u0161irok\u00fa \u0161k\u00e1lu v\u00fdziev, ktor\u00e9 v\u00e1s \u010dakaj\u00fa.","og_url":"https:\/\/begamer.cz\/sk\/produkt\/trucks-trailers-sk\/","og_site_name":"BeGamer.cz","article_modified_time":"2026-03-10T22:21:53+00:00","og_image":[{"width":300,"height":400,"url":"https:\/\/begamer.cz\/wp-content\/uploads\/2026\/01\/trucks-and-trailers-5.webp","type":"image\/webp"}],"twitter_card":"summary_large_image","twitter_misc":{"Predpokladan\u00fd \u010das \u010d\u00edtania":"1 min\u00fata"},"schema":{"@context":"https:\/\/schema.org","@graph":[{"@type":"WebPage","@id":"https:\/\/begamer.cz\/sk\/produkt\/trucks-trailers-sk\/","url":"https:\/\/begamer.cz\/sk\/produkt\/trucks-trailers-sk\/","name":"Trucks & Trailers | BeGamer.cz","isPartOf":{"@id":"https:\/\/begamer.cz\/sk\/#website"},"primaryImageOfPage":{"@id":"https:\/\/begamer.cz\/sk\/produkt\/trucks-trailers-sk\/#primaryimage"},"image":{"@id":"https:\/\/begamer.cz\/sk\/produkt\/trucks-trailers-sk\/#primaryimage"},"thumbnailUrl":"https:\/\/begamer.cz\/wp-content\/uploads\/2026\/01\/trucks-and-trailers-5.webp","datePublished":"2026-01-30T16:54:29+00:00","dateModified":"2026-03-10T22:21:53+00:00","breadcrumb":{"@id":"https:\/\/begamer.cz\/sk\/produkt\/trucks-trailers-sk\/#breadcrumb"},"inLanguage":"sk-SK","potentialAction":[{"@type":"ReadAction","target":["https:\/\/begamer.cz\/sk\/produkt\/trucks-trailers-sk\/"]}]},{"@type":"ImageObject","inLanguage":"sk-SK","@id":"https:\/\/begamer.cz\/sk\/produkt\/trucks-trailers-sk\/#primaryimage","url":"https:\/\/begamer.cz\/wp-content\/uploads\/2026\/01\/trucks-and-trailers-5.webp","contentUrl":"https:\/\/begamer.cz\/wp-content\/uploads\/2026\/01\/trucks-and-trailers-5.webp","width":300,"height":400},{"@type":"BreadcrumbList","@id":"https:\/\/begamer.cz\/sk\/produkt\/trucks-trailers-sk\/#breadcrumb","itemListElement":[{"@type":"ListItem","position":1,"name":"Domov","item":"https:\/\/begamer.cz\/sk\/"},{"@type":"ListItem","position":2,"name":"Obchod","item":"https:\/\/begamer.cz\/obchod\/"},{"@type":"ListItem","position":3,"name":"Trucks & Trailers"}]},{"@type":"WebSite","@id":"https:\/\/begamer.cz\/sk\/#website","url":"https:\/\/begamer.cz\/sk\/","name":"BeGamer.cz","description":"","publisher":{"@id":"https:\/\/begamer.cz\/sk\/#organization"},"potentialAction":[{"@type":"SearchAction","target":{"@type":"EntryPoint","urlTemplate":"https:\/\/begamer.cz\/sk\/?s={search_term_string}"},"query-input":{"@type":"PropertyValueSpecification","valueRequired":true,"valueName":"search_term_string"}}],"inLanguage":"sk-SK"},{"@type":"Organization","@id":"https:\/\/begamer.cz\/sk\/#organization","name":"BeGamer.cz","url":"https:\/\/begamer.cz\/sk\/","logo":{"@type":"ImageObject","inLanguage":"sk-SK","@id":"https:\/\/begamer.cz\/sk\/#\/schema\/logo\/image\/","url":"https:\/\/begamer.cz\/wp-content\/uploads\/2025\/07\/logo.svg","contentUrl":"https:\/\/begamer.cz\/wp-content\/uploads\/2025\/07\/logo.svg","caption":"BeGamer.cz"},"image":{"@id":"https:\/\/begamer.cz\/sk\/#\/schema\/logo\/image\/"}}]}},"acf":[],"_links":{"self":[{"href":"https:\/\/begamer.cz\/sk\/wp-json\/wp\/v2\/product\/99944","targetHints":{"allow":["GET"]}}],"collection":[{"href":"https:\/\/begamer.cz\/sk\/wp-json\/wp\/v2\/product"}],"about":[{"href":"https:\/\/begamer.cz\/sk\/wp-json\/wp\/v2\/types\/product"}],"replies":[{"embeddable":true,"href":"https:\/\/begamer.cz\/sk\/wp-json\/wp\/v2\/comments?post=99944"}],"wp:featuredmedia":[{"embeddable":true,"href":"https:\/\/begamer.cz\/sk\/wp-json\/wp\/v2\/media\/32412"}],"wp:attachment":[{"href":"https:\/\/begamer.cz\/sk\/wp-json\/wp\/v2\/media?parent=99944"}],"wp:term":[{"taxonomy":"product_brand","embeddable":true,"href":"https:\/\/begamer.cz\/sk\/wp-json\/wp\/v2\/product_brand?post=99944"},{"taxonomy":"product_cat","embeddable":true,"href":"https:\/\/begamer.cz\/sk\/wp-json\/wp\/v2\/product_cat?post=99944"},{"taxonomy":"product_tag","embeddable":true,"href":"https:\/\/begamer.cz\/sk\/wp-json\/wp\/v2\/product_tag?post=99944"}],"curies":[{"name":"wp","href":"https:\/\/api.w.org\/{rel}","templated":true}]}}