{"id":99938,"date":"2026-01-30T17:54:24","date_gmt":"2026-01-30T16:54:24","guid":{"rendered":"https:\/\/begamer.cz\/produkt\/steam-wallet-gift-card-30-eur-sk\/"},"modified":"2026-03-10T23:20:59","modified_gmt":"2026-03-10T22:20:59","slug":"steam-wallet-gift-card-30-eur-sk","status":"publish","type":"product","link":"https:\/\/begamer.cz\/sk\/produkt\/steam-wallet-gift-card-30-eur-sk\/","title":{"rendered":"Steam Wallet Gift Card 30 EUR"},"content":{"rendered":"<p>Dar\u010dekov\u00e9 karty Steam a k\u00f3dy pe\u0148a\u017eenky s\u00fa jednoduch\u00fdm sp\u00f4sobom, ako vlo\u017ei\u0165 peniaze do va\u0161ej vlastnej pe\u0148a\u017eenky Steam alebo darova\u0165 perfektn\u00fd dar\u010dek v podobe hier va\u0161im priate\u013eom alebo \u010dlenom rodiny. Dar\u010dekov\u00e9 karty Steam funguj\u00fa rovnako ako dar\u010dekov\u00e9 pouk\u00e1\u017eky, zatia\u013e \u010do k\u00f3dy pe\u0148a\u017eenky Steam funguj\u00fa rovnako ako aktiva\u010dn\u00e9 k\u00f3dy hier. Oba typy kariet je mo\u017en\u00e9 uplatni\u0165 na Steame na n\u00e1kup hier, softv\u00e9ru, kreditu pe\u0148a\u017eenky a ak\u00e9hoko\u013evek in\u00e9ho tovaru, ktor\u00fd je mo\u017en\u00e9 na Steame zak\u00fapi\u0165. Dar\u010dekov\u00e9 karty Steam a k\u00f3dy pe\u0148a\u017eenky n\u00e1jdete v maloobchodn\u00fdch predajniach po celom svete v r\u00f4znych nomin\u00e1lnych hodnot\u00e1ch.<\/p>\n","protected":false},"excerpt":{"rendered":"<p>Pridajte 30 EUR do svojej pe\u0148a\u017eenky Steam a odomknite si rozsiahlu kni\u017enicu hier, softv\u00e9ru a obsahu na stiahnutie. T\u00e1to digit\u00e1lna dar\u010dekov\u00e1 karta je ide\u00e1lna ako dar\u010dek alebo na vylep\u0161enie v\u00e1\u0161ho hern\u00e9ho z\u00e1\u017eitku a poskytuje r\u00fdchly a bezpe\u010dn\u00fd sp\u00f4sob, ako z\u00edska\u0165 pr\u00edstup do obchodu Steam a u\u017e\u00edva\u0165 si nekone\u010dn\u00e9 mo\u017enosti z\u00e1bavy.<\/p>\n","protected":false},"featured_media":32340,"comment_status":"open","ping_status":"closed","template":"","meta":{"_acf_changed":false},"product_brand":[],"product_cat":[15295,268,266],"product_tag":[],"class_list":{"0":"post-99938","1":"product","2":"type-product","3":"status-publish","4":"has-post-thumbnail","6":"product_cat-darcekove-karty","7":"product_cat-pc-sk","8":"product_cat-pc-hry-sk","9":"pa_countries-at","10":"pa_countries-be","11":"pa_countries-bg","12":"pa_countries-cy","13":"pa_countries-cz","15":"pa_countries-de","16":"pa_countries-dk","17":"pa_countries-ee","18":"pa_countries-es","19":"pa_countries-fi","20":"pa_countries-fr","21":"pa_countries-gr","22":"pa_countries-hr","23":"pa_countries-hu","24":"pa_countries-ie","25":"pa_countries-it","26":"pa_countries-lt","27":"pa_countries-lu","28":"pa_countries-lv","29":"pa_countries-mt","30":"pa_countries-nl","31":"pa_countries-pl","32":"pa_countries-pt","33":"pa_countries-ro","34":"pa_countries-se","35":"pa_countries-si","36":"pa_countries-sk","38":"pa_game_type-gift_card","40":"pa_platform-pc-steam","42":"pa_region-europe","45":"first","46":"instock","47":"virtual","48":"taxable","49":"purchasable","50":"product-type-simple"},"yoast_head":"<!-- This site is optimized with the Yoast SEO plugin v27.4 - https:\/\/yoast.com\/product\/yoast-seo-wordpress\/ -->\n<title>Steam Wallet Gift Card 30 EUR | BeGamer.cz<\/title>\n<meta name=\"robots\" content=\"index, follow, max-snippet:-1, max-image-preview:large, max-video-preview:-1\" \/>\n<link rel=\"canonical\" href=\"https:\/\/begamer.cz\/sk\/produkt\/steam-wallet-gift-card-30-eur-sk\/\" \/>\n<meta property=\"og:locale\" content=\"sk_SK\" \/>\n<meta property=\"og:type\" content=\"article\" \/>\n<meta property=\"og:title\" content=\"Steam Wallet Gift Card 30 EUR | BeGamer.cz\" \/>\n<meta property=\"og:description\" content=\"Pridajte 30 EUR do svojej pe\u0148a\u017eenky Steam a odomknite si rozsiahlu kni\u017enicu hier, softv\u00e9ru a obsahu na stiahnutie. T\u00e1to digit\u00e1lna dar\u010dekov\u00e1 karta je ide\u00e1lna ako dar\u010dek alebo na vylep\u0161enie v\u00e1\u0161ho hern\u00e9ho z\u00e1\u017eitku a poskytuje r\u00fdchly a bezpe\u010dn\u00fd sp\u00f4sob, ako z\u00edska\u0165 pr\u00edstup do obchodu Steam a u\u017e\u00edva\u0165 si nekone\u010dn\u00e9 mo\u017enosti z\u00e1bavy.\" \/>\n<meta property=\"og:url\" content=\"https:\/\/begamer.cz\/sk\/produkt\/steam-wallet-gift-card-30-eur-sk\/\" \/>\n<meta property=\"og:site_name\" content=\"BeGamer.cz\" \/>\n<meta property=\"article:modified_time\" content=\"2026-03-10T22:20:59+00:00\" \/>\n<meta property=\"og:image\" content=\"https:\/\/begamer.cz\/wp-content\/uploads\/2026\/01\/steam-wallet-gift-card-30-eur.webp\" \/>\n\t<meta property=\"og:image:width\" content=\"201\" \/>\n\t<meta property=\"og:image:height\" content=\"268\" \/>\n\t<meta property=\"og:image:type\" content=\"image\/webp\" \/>\n<meta name=\"twitter:card\" content=\"summary_large_image\" \/>\n<meta name=\"twitter:label1\" content=\"Predpokladan\u00fd \u010das \u010d\u00edtania\" \/>\n\t<meta name=\"twitter:data1\" content=\"1 min\u00fata\" \/>\n<script type=\"application\/ld+json\" class=\"yoast-schema-graph\">{\"@context\":\"https:\\\/\\\/schema.org\",\"@graph\":[{\"@type\":\"WebPage\",\"@id\":\"https:\\\/\\\/begamer.cz\\\/sk\\\/produkt\\\/steam-wallet-gift-card-30-eur-sk\\\/\",\"url\":\"https:\\\/\\\/begamer.cz\\\/sk\\\/produkt\\\/steam-wallet-gift-card-30-eur-sk\\\/\",\"name\":\"Steam Wallet Gift Card 30 EUR | BeGamer.cz\",\"isPartOf\":{\"@id\":\"https:\\\/\\\/begamer.cz\\\/sk\\\/#website\"},\"primaryImageOfPage\":{\"@id\":\"https:\\\/\\\/begamer.cz\\\/sk\\\/produkt\\\/steam-wallet-gift-card-30-eur-sk\\\/#primaryimage\"},\"image\":{\"@id\":\"https:\\\/\\\/begamer.cz\\\/sk\\\/produkt\\\/steam-wallet-gift-card-30-eur-sk\\\/#primaryimage\"},\"thumbnailUrl\":\"https:\\\/\\\/begamer.cz\\\/wp-content\\\/uploads\\\/2026\\\/01\\\/steam-wallet-gift-card-30-eur.webp\",\"datePublished\":\"2026-01-30T16:54:24+00:00\",\"dateModified\":\"2026-03-10T22:20:59+00:00\",\"breadcrumb\":{\"@id\":\"https:\\\/\\\/begamer.cz\\\/sk\\\/produkt\\\/steam-wallet-gift-card-30-eur-sk\\\/#breadcrumb\"},\"inLanguage\":\"sk-SK\",\"potentialAction\":[{\"@type\":\"ReadAction\",\"target\":[\"https:\\\/\\\/begamer.cz\\\/sk\\\/produkt\\\/steam-wallet-gift-card-30-eur-sk\\\/\"]}]},{\"@type\":\"ImageObject\",\"inLanguage\":\"sk-SK\",\"@id\":\"https:\\\/\\\/begamer.cz\\\/sk\\\/produkt\\\/steam-wallet-gift-card-30-eur-sk\\\/#primaryimage\",\"url\":\"https:\\\/\\\/begamer.cz\\\/wp-content\\\/uploads\\\/2026\\\/01\\\/steam-wallet-gift-card-30-eur.webp\",\"contentUrl\":\"https:\\\/\\\/begamer.cz\\\/wp-content\\\/uploads\\\/2026\\\/01\\\/steam-wallet-gift-card-30-eur.webp\",\"width\":201,\"height\":268},{\"@type\":\"BreadcrumbList\",\"@id\":\"https:\\\/\\\/begamer.cz\\\/sk\\\/produkt\\\/steam-wallet-gift-card-30-eur-sk\\\/#breadcrumb\",\"itemListElement\":[{\"@type\":\"ListItem\",\"position\":1,\"name\":\"Domov\",\"item\":\"https:\\\/\\\/begamer.cz\\\/sk\\\/\"},{\"@type\":\"ListItem\",\"position\":2,\"name\":\"Obchod\",\"item\":\"https:\\\/\\\/begamer.cz\\\/obchod\\\/\"},{\"@type\":\"ListItem\",\"position\":3,\"name\":\"Steam Wallet Gift Card 30 EUR\"}]},{\"@type\":\"WebSite\",\"@id\":\"https:\\\/\\\/begamer.cz\\\/sk\\\/#website\",\"url\":\"https:\\\/\\\/begamer.cz\\\/sk\\\/\",\"name\":\"BeGamer.cz\",\"description\":\"\",\"publisher\":{\"@id\":\"https:\\\/\\\/begamer.cz\\\/sk\\\/#organization\"},\"potentialAction\":[{\"@type\":\"SearchAction\",\"target\":{\"@type\":\"EntryPoint\",\"urlTemplate\":\"https:\\\/\\\/begamer.cz\\\/sk\\\/?s={search_term_string}\"},\"query-input\":{\"@type\":\"PropertyValueSpecification\",\"valueRequired\":true,\"valueName\":\"search_term_string\"}}],\"inLanguage\":\"sk-SK\"},{\"@type\":\"Organization\",\"@id\":\"https:\\\/\\\/begamer.cz\\\/sk\\\/#organization\",\"name\":\"BeGamer.cz\",\"url\":\"https:\\\/\\\/begamer.cz\\\/sk\\\/\",\"logo\":{\"@type\":\"ImageObject\",\"inLanguage\":\"sk-SK\",\"@id\":\"https:\\\/\\\/begamer.cz\\\/sk\\\/#\\\/schema\\\/logo\\\/image\\\/\",\"url\":\"https:\\\/\\\/begamer.cz\\\/wp-content\\\/uploads\\\/2025\\\/07\\\/logo.svg\",\"contentUrl\":\"https:\\\/\\\/begamer.cz\\\/wp-content\\\/uploads\\\/2025\\\/07\\\/logo.svg\",\"caption\":\"BeGamer.cz\"},\"image\":{\"@id\":\"https:\\\/\\\/begamer.cz\\\/sk\\\/#\\\/schema\\\/logo\\\/image\\\/\"}}]}<\/script>\n<!-- \/ Yoast SEO plugin. -->","yoast_head_json":{"title":"Steam Wallet Gift Card 30 EUR | BeGamer.cz","robots":{"index":"index","follow":"follow","max-snippet":"max-snippet:-1","max-image-preview":"max-image-preview:large","max-video-preview":"max-video-preview:-1"},"canonical":"https:\/\/begamer.cz\/sk\/produkt\/steam-wallet-gift-card-30-eur-sk\/","og_locale":"sk_SK","og_type":"article","og_title":"Steam Wallet Gift Card 30 EUR | BeGamer.cz","og_description":"Pridajte 30 EUR do svojej pe\u0148a\u017eenky Steam a odomknite si rozsiahlu kni\u017enicu hier, softv\u00e9ru a obsahu na stiahnutie. T\u00e1to digit\u00e1lna dar\u010dekov\u00e1 karta je ide\u00e1lna ako dar\u010dek alebo na vylep\u0161enie v\u00e1\u0161ho hern\u00e9ho z\u00e1\u017eitku a poskytuje r\u00fdchly a bezpe\u010dn\u00fd sp\u00f4sob, ako z\u00edska\u0165 pr\u00edstup do obchodu Steam a u\u017e\u00edva\u0165 si nekone\u010dn\u00e9 mo\u017enosti z\u00e1bavy.","og_url":"https:\/\/begamer.cz\/sk\/produkt\/steam-wallet-gift-card-30-eur-sk\/","og_site_name":"BeGamer.cz","article_modified_time":"2026-03-10T22:20:59+00:00","og_image":[{"width":201,"height":268,"url":"https:\/\/begamer.cz\/wp-content\/uploads\/2026\/01\/steam-wallet-gift-card-30-eur.webp","type":"image\/webp"}],"twitter_card":"summary_large_image","twitter_misc":{"Predpokladan\u00fd \u010das \u010d\u00edtania":"1 min\u00fata"},"schema":{"@context":"https:\/\/schema.org","@graph":[{"@type":"WebPage","@id":"https:\/\/begamer.cz\/sk\/produkt\/steam-wallet-gift-card-30-eur-sk\/","url":"https:\/\/begamer.cz\/sk\/produkt\/steam-wallet-gift-card-30-eur-sk\/","name":"Steam Wallet Gift Card 30 EUR | BeGamer.cz","isPartOf":{"@id":"https:\/\/begamer.cz\/sk\/#website"},"primaryImageOfPage":{"@id":"https:\/\/begamer.cz\/sk\/produkt\/steam-wallet-gift-card-30-eur-sk\/#primaryimage"},"image":{"@id":"https:\/\/begamer.cz\/sk\/produkt\/steam-wallet-gift-card-30-eur-sk\/#primaryimage"},"thumbnailUrl":"https:\/\/begamer.cz\/wp-content\/uploads\/2026\/01\/steam-wallet-gift-card-30-eur.webp","datePublished":"2026-01-30T16:54:24+00:00","dateModified":"2026-03-10T22:20:59+00:00","breadcrumb":{"@id":"https:\/\/begamer.cz\/sk\/produkt\/steam-wallet-gift-card-30-eur-sk\/#breadcrumb"},"inLanguage":"sk-SK","potentialAction":[{"@type":"ReadAction","target":["https:\/\/begamer.cz\/sk\/produkt\/steam-wallet-gift-card-30-eur-sk\/"]}]},{"@type":"ImageObject","inLanguage":"sk-SK","@id":"https:\/\/begamer.cz\/sk\/produkt\/steam-wallet-gift-card-30-eur-sk\/#primaryimage","url":"https:\/\/begamer.cz\/wp-content\/uploads\/2026\/01\/steam-wallet-gift-card-30-eur.webp","contentUrl":"https:\/\/begamer.cz\/wp-content\/uploads\/2026\/01\/steam-wallet-gift-card-30-eur.webp","width":201,"height":268},{"@type":"BreadcrumbList","@id":"https:\/\/begamer.cz\/sk\/produkt\/steam-wallet-gift-card-30-eur-sk\/#breadcrumb","itemListElement":[{"@type":"ListItem","position":1,"name":"Domov","item":"https:\/\/begamer.cz\/sk\/"},{"@type":"ListItem","position":2,"name":"Obchod","item":"https:\/\/begamer.cz\/obchod\/"},{"@type":"ListItem","position":3,"name":"Steam Wallet Gift Card 30 EUR"}]},{"@type":"WebSite","@id":"https:\/\/begamer.cz\/sk\/#website","url":"https:\/\/begamer.cz\/sk\/","name":"BeGamer.cz","description":"","publisher":{"@id":"https:\/\/begamer.cz\/sk\/#organization"},"potentialAction":[{"@type":"SearchAction","target":{"@type":"EntryPoint","urlTemplate":"https:\/\/begamer.cz\/sk\/?s={search_term_string}"},"query-input":{"@type":"PropertyValueSpecification","valueRequired":true,"valueName":"search_term_string"}}],"inLanguage":"sk-SK"},{"@type":"Organization","@id":"https:\/\/begamer.cz\/sk\/#organization","name":"BeGamer.cz","url":"https:\/\/begamer.cz\/sk\/","logo":{"@type":"ImageObject","inLanguage":"sk-SK","@id":"https:\/\/begamer.cz\/sk\/#\/schema\/logo\/image\/","url":"https:\/\/begamer.cz\/wp-content\/uploads\/2025\/07\/logo.svg","contentUrl":"https:\/\/begamer.cz\/wp-content\/uploads\/2025\/07\/logo.svg","caption":"BeGamer.cz"},"image":{"@id":"https:\/\/begamer.cz\/sk\/#\/schema\/logo\/image\/"}}]}},"acf":[],"_links":{"self":[{"href":"https:\/\/begamer.cz\/sk\/wp-json\/wp\/v2\/product\/99938","targetHints":{"allow":["GET"]}}],"collection":[{"href":"https:\/\/begamer.cz\/sk\/wp-json\/wp\/v2\/product"}],"about":[{"href":"https:\/\/begamer.cz\/sk\/wp-json\/wp\/v2\/types\/product"}],"replies":[{"embeddable":true,"href":"https:\/\/begamer.cz\/sk\/wp-json\/wp\/v2\/comments?post=99938"}],"wp:featuredmedia":[{"embeddable":true,"href":"https:\/\/begamer.cz\/sk\/wp-json\/wp\/v2\/media\/32340"}],"wp:attachment":[{"href":"https:\/\/begamer.cz\/sk\/wp-json\/wp\/v2\/media?parent=99938"}],"wp:term":[{"taxonomy":"product_brand","embeddable":true,"href":"https:\/\/begamer.cz\/sk\/wp-json\/wp\/v2\/product_brand?post=99938"},{"taxonomy":"product_cat","embeddable":true,"href":"https:\/\/begamer.cz\/sk\/wp-json\/wp\/v2\/product_cat?post=99938"},{"taxonomy":"product_tag","embeddable":true,"href":"https:\/\/begamer.cz\/sk\/wp-json\/wp\/v2\/product_tag?post=99938"}],"curies":[{"name":"wp","href":"https:\/\/api.w.org\/{rel}","templated":true}]}}