{"id":99902,"date":"2026-01-30T17:53:49","date_gmt":"2026-01-30T16:53:49","guid":{"rendered":"https:\/\/begamer.cz\/produkt\/thalassa-edge-of-the-abyss-sk\/"},"modified":"2026-03-10T23:18:35","modified_gmt":"2026-03-10T22:18:35","slug":"thalassa-edge-of-the-abyss-sk","status":"publish","type":"product","link":"https:\/\/begamer.cz\/sk\/produkt\/thalassa-edge-of-the-abyss-sk\/","title":{"rendered":"Thalassa: Edge of the Abyss"},"content":{"rendered":"<p>Thalassa je psychologick\u00e1 dr\u00e1ma pre jedn\u00e9ho hr\u00e1\u010da z poh\u013eadu prvej osoby, ktor\u00e1 sa odohr\u00e1va v roku 1905. Hr\u00e1te za Cama, hlbokomorsk\u00e9ho pot\u00e1pa\u010da v pos\u00e1dke dobrodruhov a pionierov na palube lode Thalassa. Ke\u010f sa chyst\u00e1te vyzdvihn\u00fa\u0165 z oce\u00e1nu d\u00e1vno zabudnut\u00fa \u0161panielsku galeonu, \u010do by mal by\u0165 ve\u013ek\u00fd de\u0148 pre hist\u00f3riu, situ\u00e1cia sa zvrtne k hor\u0161iemu.<\/p>\n<p>Ke\u010f si potrebujete odd\u00fdchnu\u0165, aby ste sa zotavili z tejto udalosti, zist\u00edte, \u017ee Thalassa skon\u010dila tajomn\u00fdm a ne\u0161\u0165astn\u00fdm koncom. Va\u0161i b\u00fdval\u00ed kolegovia z pos\u00e1dky s\u00fa pre\u010d a vy sa budete musie\u0165 ponori\u0165 do hlb\u00edn, aby ste sa op\u00e4\u0165 dostali na palubu lode. S\u00e1m v oce\u00e1ne, s pot\u00e1pa\u010dskou podporou Baileyho, ktor\u00fd v\u00e1s vedie z povrchu, je na v\u00e1s, aby ste poskladali stopy, ktor\u00e9 zostali v trosk\u00e1ch, a zistili, \u010do sa naozaj stalo v posledn\u00fdch momentoch na palube lode.<\/p>\n<p>Ponorte sa do atmosf\u00e9rickej pr\u00edbehu o sebapozn\u00e1van\u00ed a sm\u00fatku na palube Thalassy.<\/p>\n<p><span class=\"bb_img_ctn\"><img decoding=\"async\" class=\"bb_img\" src=\"https:\/\/shared.akamai.steamstatic.com\/store_item_assets\/steam\/apps\/1783680\/extras\/de16c247bb0f86d329d40b972b146136.avif?t=1739898090\" width=616 height=144 \/><\/span><\/p>\n<p><span class=\"bb_img_ctn\"><video class=\"bb_img\" autoplay muted loop playsinline poster=\"https:\/\/shared.akamai.steamstatic.com\/store_item_assets\/steam\/apps\/1783680\/extras\/5c61e27e227ab4cdcc49480ad88b4fe3.poster.avif?t=1739898090\" width=600 height=230 ><source src=\"https:\/\/shared.akamai.steamstatic.com\/store_item_assets\/steam\/apps\/1783680\/extras\/5c61e27e227ab4cdcc49480ad88b4fe3.webm?t=1739898090\" type=\"video\/webm; codecs=vp9\"><source src=\"https:\/\/shared.akamai.steamstatic.com\/store_item_assets\/steam\/apps\/1783680\/extras\/5c61e27e227ab4cdcc49480ad88b4fe3.mp4?t=1739898090\" type=\"video\/mp4\"><\/video><\/span><\/p>\n<p>Objavte pr\u00edbeh, ktor\u00fd sa zaober\u00e1 zlo\u017eitos\u0165ou \u013eudsk\u00fdch em\u00f3ci\u00ed a interakci\u00ed, a dozviete sa o zlo\u017eit\u00fdch vz\u0165ahoch medzi \u010dlenmi va\u0161ej pos\u00e1dky. Odhal\u00edte osobn\u00e9 z\u00e1pasy ka\u017ed\u00e9ho \u010dlena pos\u00e1dky Thalassy a to, ako sa sm\u00fatok d\u00e1 pre\u017e\u00edva\u0165 r\u00f4znymi sp\u00f4sobmi. Strata si vyber\u00e1 svoju da\u0148 v mnoh\u00fdch podob\u00e1ch a form\u00e1ch, zatia\u013e \u010do \u017eivot ide \u010falej.<\/p>\n<p><span class=\"bb_img_ctn\"><img decoding=\"async\" class=\"bb_img\" src=\"https:\/\/shared.akamai.steamstatic.com\/store_item_assets\/steam\/apps\/1783680\/extras\/4207c0906b3aa48b443af74477310891.avif?t=1739898090\" width=616 height=144 \/><\/span><\/p>\n<p><span class=\"bb_img_ctn\"><video class=\"bb_img\" autoplay muted loop playsinline poster=\"https:\/\/shared.akamai.steamstatic.com\/store_item_assets\/steam\/apps\/1783680\/extras\/cf6382166644014e8ce79ea095ab2f4a.poster.avif?t=1739898090\" width=600 height=230 ><source src=\"https:\/\/shared.akamai.steamstatic.com\/store_item_assets\/steam\/apps\/1783680\/extras\/cf6382166644014e8ce79ea095ab2f4a.webm?t=1739898090\" type=\"video\/webm; codecs=vp9\"><source src=\"https:\/\/shared.akamai.steamstatic.com\/store_item_assets\/steam\/apps\/1783680\/extras\/cf6382166644014e8ce79ea095ab2f4a.mp4?t=1739898090\" type=\"video\/mp4\"><\/video><\/span><\/p>\n<p>Ako jedin\u00fd pot\u00e1pa\u010d, ktor\u00fd zostal v pos\u00e1dke, je na v\u00e1s, aby ste sa vr\u00e1tili na Thalassu, ktor\u00e1 teraz le\u017e\u00ed na morskom dne. Prepl\u00e1vajte sa cez podivn\u00e9, ale kr\u00e1sne prostredie a objavte stopy, ktor\u00e9 v\u00e1m pom\u00f4\u017eu odhali\u0165 udalosti, ktor\u00e9 viedli k katastrofe.<\/p>\n<p><span class=\"bb_img_ctn\"><img decoding=\"async\" class=\"bb_img\" src=\"https:\/\/shared.akamai.steamstatic.com\/store_item_assets\/steam\/apps\/1783680\/extras\/e812a0ac01dc905c8c0e2ef6a7269a93.avif?t=1739898090\" width=616 height=144 \/><\/span><\/p>\n<p><span class=\"bb_img_ctn\"><video class=\"bb_img\" autoplay muted loop playsinline poster=\"https:\/\/shared.akamai.steamstatic.com\/store_item_assets\/steam\/apps\/1783680\/extras\/f01b94ee5237a4e2ab739c0ef226f873.poster.avif?t=1739898090\" width=600 height=230 ><source src=\"https:\/\/shared.akamai.steamstatic.com\/store_item_assets\/steam\/apps\/1783680\/extras\/f01b94ee5237a4e2ab739c0ef226f873.webm?t=1739898090\" type=\"video\/webm; codecs=vp9\"><source src=\"https:\/\/shared.akamai.steamstatic.com\/store_item_assets\/steam\/apps\/1783680\/extras\/f01b94ee5237a4e2ab739c0ef226f873.mp4?t=1739898090\" type=\"video\/mp4\"><\/video><\/span><\/p>\n<p>Za\u017eite pokoj a izol\u00e1ciu prieskumu hlbok\u00e9ho mora, ke\u010f sa prepl\u00e1vate cez trosky vraku lode. Aby ste mohli pokra\u010dova\u0165 v prieskume lode, budete musie\u0165 n\u00e1js\u0165 spr\u00e1vne n\u00e1stroje, ktor\u00e9 v\u00e1m pom\u00f4\u017eu odstr\u00e1ni\u0165 prek\u00e1\u017eky na va\u0161ej ceste.<\/p>\n<p><span class=\"bb_img_ctn\"><video class=\"bb_img\" autoplay muted loop playsinline poster=\"https:\/\/shared.akamai.steamstatic.com\/store_item_assets\/steam\/apps\/1783680\/extras\/428d4a2e3b2c849bfb60c75ce5a36043.poster.avif?t=1739898090\" width=600 height=230 ><source src=\"https:\/\/shared.akamai.steamstatic.com\/store_item_assets\/steam\/apps\/1783680\/extras\/428d4a2e3b2c849bfb60c75ce5a36043.webm?t=1739898090\" type=\"video\/webm; codecs=vp9\"><source src=\"https:\/\/shared.akamai.steamstatic.com\/store_item_assets\/steam\/apps\/1783680\/extras\/428d4a2e3b2c849bfb60c75ce5a36043.mp4?t=1739898090\" type=\"video\/mp4\"><\/video><\/span><\/p>\n","protected":false},"excerpt":{"rendered":"<p>Odha\u013ete tajomstvo Thalassy, psychologick\u00e9ho dramatu z poh\u013eadu prvej osoby, ktor\u00e9 sa odohr\u00e1va pod morom. Na va\u0161u b\u00fdval\u00fa pos\u00e1dku a priate\u013eov dopadol ne\u0161\u0165astn\u00fd osud a je len na v\u00e1s, aby ste na\u0161li odpovede na palube vraku. Za\u017eite melancholick\u00fa podmorsk\u00fa cestu \u013eudsk\u00fdch pr\u00edbehov, ktor\u00e9 \u010delia \u017eivotu a strate.<\/p>\n","protected":false},"featured_media":32019,"comment_status":"open","ping_status":"closed","template":"","meta":{"_acf_changed":false},"product_brand":[],"product_cat":[270,290,268,266,308,312],"product_tag":[],"class_list":{"0":"post-99902","1":"product","2":"type-product","3":"status-publish","4":"has-post-thumbnail","6":"product_cat-adventury-pc-hry-sk","7":"product_cat-indie-hry-pc-sk","8":"product_cat-pc-sk","9":"product_cat-pc-hry-sk","10":"product_cat-rpg-pc-hry-sk","11":"product_cat-steam-pc-sk","12":"pa_audio-en-us","14":"pa_developer-sarepta-studio","16":"pa_engine-unreal-engine-4","18":"pa_game_type-main_game","20":"pa_genres-adventure","21":"pa_genres-indie","23":"pa_genres-role-playing-rpg","24":"pa_interface-de-de","25":"pa_interface-en-us","26":"pa_interface-es-es","27":"pa_interface-fr-fr","28":"pa_interface-it-it","29":"pa_interface-ja-jp","30":"pa_interface-ko-kr","31":"pa_interface-nb-no","33":"pa_interface-ru-ru","34":"pa_interface-zh-cn","35":"pa_interface-zh-tw","36":"pa_keywords-demo","37":"pa_keywords-free-demo","38":"pa_modes-single-player","40":"pa_pegi-13424","41":"pa_pegi-772","42":"pa_platform-pc-steam","44":"pa_player_perspectives-first-person","46":"pa_publisher-team17","48":"pa_rating-14441","49":"pa_rating-773","50":"pa_region-global","52":"pa_subtitles-de-de","53":"pa_subtitles-en-us","54":"pa_subtitles-es-es","55":"pa_subtitles-fr-fr","56":"pa_subtitles-it-it","57":"pa_subtitles-ja-jp","58":"pa_subtitles-ko-kr","59":"pa_subtitles-nb-no","61":"pa_subtitles-ru-ru","62":"pa_subtitles-zh-cn","63":"pa_subtitles-zh-tw","64":"pa_themes-drama","67":"first","68":"instock","69":"virtual","70":"taxable","71":"purchasable","72":"product-type-simple"},"yoast_head":"<!-- This site is optimized with the Yoast SEO plugin v27.4 - https:\/\/yoast.com\/product\/yoast-seo-wordpress\/ -->\n<title>Thalassa: Edge of the Abyss | BeGamer.cz<\/title>\n<meta name=\"robots\" content=\"index, follow, max-snippet:-1, max-image-preview:large, max-video-preview:-1\" \/>\n<link rel=\"canonical\" href=\"https:\/\/begamer.cz\/sk\/produkt\/thalassa-edge-of-the-abyss-sk\/\" \/>\n<meta property=\"og:locale\" content=\"sk_SK\" \/>\n<meta property=\"og:type\" content=\"article\" \/>\n<meta property=\"og:title\" content=\"Thalassa: Edge of the Abyss | BeGamer.cz\" \/>\n<meta property=\"og:description\" content=\"Odha\u013ete tajomstvo Thalassy, psychologick\u00e9ho dramatu z poh\u013eadu prvej osoby, ktor\u00e9 sa odohr\u00e1va pod morom. Na va\u0161u b\u00fdval\u00fa pos\u00e1dku a priate\u013eov dopadol ne\u0161\u0165astn\u00fd osud a je len na v\u00e1s, aby ste na\u0161li odpovede na palube vraku. Za\u017eite melancholick\u00fa podmorsk\u00fa cestu \u013eudsk\u00fdch pr\u00edbehov, ktor\u00e9 \u010delia \u017eivotu a strate.\" \/>\n<meta property=\"og:url\" content=\"https:\/\/begamer.cz\/sk\/produkt\/thalassa-edge-of-the-abyss-sk\/\" \/>\n<meta property=\"og:site_name\" content=\"BeGamer.cz\" \/>\n<meta property=\"article:modified_time\" content=\"2026-03-10T22:18:35+00:00\" \/>\n<meta property=\"og:image\" content=\"https:\/\/begamer.cz\/wp-content\/uploads\/2026\/01\/thalassa-edge-of-the-abyss-14.webp\" \/>\n\t<meta property=\"og:image:width\" content=\"300\" \/>\n\t<meta property=\"og:image:height\" content=\"400\" \/>\n\t<meta property=\"og:image:type\" content=\"image\/webp\" \/>\n<meta name=\"twitter:card\" content=\"summary_large_image\" \/>\n<meta name=\"twitter:label1\" content=\"Predpokladan\u00fd \u010das \u010d\u00edtania\" \/>\n\t<meta name=\"twitter:data1\" content=\"2 min\u00faty\" \/>\n<script type=\"application\/ld+json\" class=\"yoast-schema-graph\">{\"@context\":\"https:\\\/\\\/schema.org\",\"@graph\":[{\"@type\":\"WebPage\",\"@id\":\"https:\\\/\\\/begamer.cz\\\/sk\\\/produkt\\\/thalassa-edge-of-the-abyss-sk\\\/\",\"url\":\"https:\\\/\\\/begamer.cz\\\/sk\\\/produkt\\\/thalassa-edge-of-the-abyss-sk\\\/\",\"name\":\"Thalassa: Edge of the Abyss | BeGamer.cz\",\"isPartOf\":{\"@id\":\"https:\\\/\\\/begamer.cz\\\/sk\\\/#website\"},\"primaryImageOfPage\":{\"@id\":\"https:\\\/\\\/begamer.cz\\\/sk\\\/produkt\\\/thalassa-edge-of-the-abyss-sk\\\/#primaryimage\"},\"image\":{\"@id\":\"https:\\\/\\\/begamer.cz\\\/sk\\\/produkt\\\/thalassa-edge-of-the-abyss-sk\\\/#primaryimage\"},\"thumbnailUrl\":\"https:\\\/\\\/begamer.cz\\\/wp-content\\\/uploads\\\/2026\\\/01\\\/thalassa-edge-of-the-abyss-14.webp\",\"datePublished\":\"2026-01-30T16:53:49+00:00\",\"dateModified\":\"2026-03-10T22:18:35+00:00\",\"breadcrumb\":{\"@id\":\"https:\\\/\\\/begamer.cz\\\/sk\\\/produkt\\\/thalassa-edge-of-the-abyss-sk\\\/#breadcrumb\"},\"inLanguage\":\"sk-SK\",\"potentialAction\":[{\"@type\":\"ReadAction\",\"target\":[\"https:\\\/\\\/begamer.cz\\\/sk\\\/produkt\\\/thalassa-edge-of-the-abyss-sk\\\/\"]}]},{\"@type\":\"ImageObject\",\"inLanguage\":\"sk-SK\",\"@id\":\"https:\\\/\\\/begamer.cz\\\/sk\\\/produkt\\\/thalassa-edge-of-the-abyss-sk\\\/#primaryimage\",\"url\":\"https:\\\/\\\/begamer.cz\\\/wp-content\\\/uploads\\\/2026\\\/01\\\/thalassa-edge-of-the-abyss-14.webp\",\"contentUrl\":\"https:\\\/\\\/begamer.cz\\\/wp-content\\\/uploads\\\/2026\\\/01\\\/thalassa-edge-of-the-abyss-14.webp\",\"width\":300,\"height\":400},{\"@type\":\"BreadcrumbList\",\"@id\":\"https:\\\/\\\/begamer.cz\\\/sk\\\/produkt\\\/thalassa-edge-of-the-abyss-sk\\\/#breadcrumb\",\"itemListElement\":[{\"@type\":\"ListItem\",\"position\":1,\"name\":\"Domov\",\"item\":\"https:\\\/\\\/begamer.cz\\\/sk\\\/\"},{\"@type\":\"ListItem\",\"position\":2,\"name\":\"Obchod\",\"item\":\"https:\\\/\\\/begamer.cz\\\/obchod\\\/\"},{\"@type\":\"ListItem\",\"position\":3,\"name\":\"Thalassa: Edge of the Abyss\"}]},{\"@type\":\"WebSite\",\"@id\":\"https:\\\/\\\/begamer.cz\\\/sk\\\/#website\",\"url\":\"https:\\\/\\\/begamer.cz\\\/sk\\\/\",\"name\":\"BeGamer.cz\",\"description\":\"\",\"publisher\":{\"@id\":\"https:\\\/\\\/begamer.cz\\\/sk\\\/#organization\"},\"potentialAction\":[{\"@type\":\"SearchAction\",\"target\":{\"@type\":\"EntryPoint\",\"urlTemplate\":\"https:\\\/\\\/begamer.cz\\\/sk\\\/?s={search_term_string}\"},\"query-input\":{\"@type\":\"PropertyValueSpecification\",\"valueRequired\":true,\"valueName\":\"search_term_string\"}}],\"inLanguage\":\"sk-SK\"},{\"@type\":\"Organization\",\"@id\":\"https:\\\/\\\/begamer.cz\\\/sk\\\/#organization\",\"name\":\"BeGamer.cz\",\"url\":\"https:\\\/\\\/begamer.cz\\\/sk\\\/\",\"logo\":{\"@type\":\"ImageObject\",\"inLanguage\":\"sk-SK\",\"@id\":\"https:\\\/\\\/begamer.cz\\\/sk\\\/#\\\/schema\\\/logo\\\/image\\\/\",\"url\":\"https:\\\/\\\/begamer.cz\\\/wp-content\\\/uploads\\\/2025\\\/07\\\/logo.svg\",\"contentUrl\":\"https:\\\/\\\/begamer.cz\\\/wp-content\\\/uploads\\\/2025\\\/07\\\/logo.svg\",\"caption\":\"BeGamer.cz\"},\"image\":{\"@id\":\"https:\\\/\\\/begamer.cz\\\/sk\\\/#\\\/schema\\\/logo\\\/image\\\/\"}}]}<\/script>\n<!-- \/ Yoast SEO plugin. -->","yoast_head_json":{"title":"Thalassa: Edge of the Abyss | BeGamer.cz","robots":{"index":"index","follow":"follow","max-snippet":"max-snippet:-1","max-image-preview":"max-image-preview:large","max-video-preview":"max-video-preview:-1"},"canonical":"https:\/\/begamer.cz\/sk\/produkt\/thalassa-edge-of-the-abyss-sk\/","og_locale":"sk_SK","og_type":"article","og_title":"Thalassa: Edge of the Abyss | BeGamer.cz","og_description":"Odha\u013ete tajomstvo Thalassy, psychologick\u00e9ho dramatu z poh\u013eadu prvej osoby, ktor\u00e9 sa odohr\u00e1va pod morom. Na va\u0161u b\u00fdval\u00fa pos\u00e1dku a priate\u013eov dopadol ne\u0161\u0165astn\u00fd osud a je len na v\u00e1s, aby ste na\u0161li odpovede na palube vraku. Za\u017eite melancholick\u00fa podmorsk\u00fa cestu \u013eudsk\u00fdch pr\u00edbehov, ktor\u00e9 \u010delia \u017eivotu a strate.","og_url":"https:\/\/begamer.cz\/sk\/produkt\/thalassa-edge-of-the-abyss-sk\/","og_site_name":"BeGamer.cz","article_modified_time":"2026-03-10T22:18:35+00:00","og_image":[{"width":300,"height":400,"url":"https:\/\/begamer.cz\/wp-content\/uploads\/2026\/01\/thalassa-edge-of-the-abyss-14.webp","type":"image\/webp"}],"twitter_card":"summary_large_image","twitter_misc":{"Predpokladan\u00fd \u010das \u010d\u00edtania":"2 min\u00faty"},"schema":{"@context":"https:\/\/schema.org","@graph":[{"@type":"WebPage","@id":"https:\/\/begamer.cz\/sk\/produkt\/thalassa-edge-of-the-abyss-sk\/","url":"https:\/\/begamer.cz\/sk\/produkt\/thalassa-edge-of-the-abyss-sk\/","name":"Thalassa: Edge of the Abyss | BeGamer.cz","isPartOf":{"@id":"https:\/\/begamer.cz\/sk\/#website"},"primaryImageOfPage":{"@id":"https:\/\/begamer.cz\/sk\/produkt\/thalassa-edge-of-the-abyss-sk\/#primaryimage"},"image":{"@id":"https:\/\/begamer.cz\/sk\/produkt\/thalassa-edge-of-the-abyss-sk\/#primaryimage"},"thumbnailUrl":"https:\/\/begamer.cz\/wp-content\/uploads\/2026\/01\/thalassa-edge-of-the-abyss-14.webp","datePublished":"2026-01-30T16:53:49+00:00","dateModified":"2026-03-10T22:18:35+00:00","breadcrumb":{"@id":"https:\/\/begamer.cz\/sk\/produkt\/thalassa-edge-of-the-abyss-sk\/#breadcrumb"},"inLanguage":"sk-SK","potentialAction":[{"@type":"ReadAction","target":["https:\/\/begamer.cz\/sk\/produkt\/thalassa-edge-of-the-abyss-sk\/"]}]},{"@type":"ImageObject","inLanguage":"sk-SK","@id":"https:\/\/begamer.cz\/sk\/produkt\/thalassa-edge-of-the-abyss-sk\/#primaryimage","url":"https:\/\/begamer.cz\/wp-content\/uploads\/2026\/01\/thalassa-edge-of-the-abyss-14.webp","contentUrl":"https:\/\/begamer.cz\/wp-content\/uploads\/2026\/01\/thalassa-edge-of-the-abyss-14.webp","width":300,"height":400},{"@type":"BreadcrumbList","@id":"https:\/\/begamer.cz\/sk\/produkt\/thalassa-edge-of-the-abyss-sk\/#breadcrumb","itemListElement":[{"@type":"ListItem","position":1,"name":"Domov","item":"https:\/\/begamer.cz\/sk\/"},{"@type":"ListItem","position":2,"name":"Obchod","item":"https:\/\/begamer.cz\/obchod\/"},{"@type":"ListItem","position":3,"name":"Thalassa: Edge of the Abyss"}]},{"@type":"WebSite","@id":"https:\/\/begamer.cz\/sk\/#website","url":"https:\/\/begamer.cz\/sk\/","name":"BeGamer.cz","description":"","publisher":{"@id":"https:\/\/begamer.cz\/sk\/#organization"},"potentialAction":[{"@type":"SearchAction","target":{"@type":"EntryPoint","urlTemplate":"https:\/\/begamer.cz\/sk\/?s={search_term_string}"},"query-input":{"@type":"PropertyValueSpecification","valueRequired":true,"valueName":"search_term_string"}}],"inLanguage":"sk-SK"},{"@type":"Organization","@id":"https:\/\/begamer.cz\/sk\/#organization","name":"BeGamer.cz","url":"https:\/\/begamer.cz\/sk\/","logo":{"@type":"ImageObject","inLanguage":"sk-SK","@id":"https:\/\/begamer.cz\/sk\/#\/schema\/logo\/image\/","url":"https:\/\/begamer.cz\/wp-content\/uploads\/2025\/07\/logo.svg","contentUrl":"https:\/\/begamer.cz\/wp-content\/uploads\/2025\/07\/logo.svg","caption":"BeGamer.cz"},"image":{"@id":"https:\/\/begamer.cz\/sk\/#\/schema\/logo\/image\/"}}]}},"acf":[],"_links":{"self":[{"href":"https:\/\/begamer.cz\/sk\/wp-json\/wp\/v2\/product\/99902","targetHints":{"allow":["GET"]}}],"collection":[{"href":"https:\/\/begamer.cz\/sk\/wp-json\/wp\/v2\/product"}],"about":[{"href":"https:\/\/begamer.cz\/sk\/wp-json\/wp\/v2\/types\/product"}],"replies":[{"embeddable":true,"href":"https:\/\/begamer.cz\/sk\/wp-json\/wp\/v2\/comments?post=99902"}],"wp:featuredmedia":[{"embeddable":true,"href":"https:\/\/begamer.cz\/sk\/wp-json\/wp\/v2\/media\/32019"}],"wp:attachment":[{"href":"https:\/\/begamer.cz\/sk\/wp-json\/wp\/v2\/media?parent=99902"}],"wp:term":[{"taxonomy":"product_brand","embeddable":true,"href":"https:\/\/begamer.cz\/sk\/wp-json\/wp\/v2\/product_brand?post=99902"},{"taxonomy":"product_cat","embeddable":true,"href":"https:\/\/begamer.cz\/sk\/wp-json\/wp\/v2\/product_cat?post=99902"},{"taxonomy":"product_tag","embeddable":true,"href":"https:\/\/begamer.cz\/sk\/wp-json\/wp\/v2\/product_tag?post=99902"}],"curies":[{"name":"wp","href":"https:\/\/api.w.org\/{rel}","templated":true}]}}