{"id":99893,"date":"2026-01-30T17:53:39","date_gmt":"2026-01-30T16:53:39","guid":{"rendered":"https:\/\/begamer.cz\/produkt\/madden-nfl-25-sk\/"},"modified":"2026-03-10T23:17:52","modified_gmt":"2026-03-10T22:17:52","slug":"madden-nfl-25-sk","status":"publish","type":"product","link":"https:\/\/begamer.cz\/sk\/produkt\/madden-nfl-25-sk\/","title":{"rendered":"Madden NFL 25"},"content":{"rendered":"<p><span class=\"bb_img_ctn\"><img decoding=\"async\" class=\"bb_img\" src=\"https:\/\/shared.akamai.steamstatic.com\/store_item_assets\/steam\/apps\/2582560\/extras\/fc775bf806698cb3fa5428a86c615816.avif?t=1749121293\" width=610 height=1520 \/><\/span><\/p>\n<p>FRANCHISE IMMERSION<br \/>Recharged Franchise mode pon\u00faka vylep\u0161en\u00fd z\u00e1\u017eitok z NFL Draftu s Rogerom Goodellom, rekordmi t\u00edmov a nov\u00e1\u010dikov, nov\u00fdmi prostred\u00edm, personalizovan\u00fdmi pr\u00edbehmi, viac mo\u017enos\u0165ami prisp\u00f4sobenia v\u00e1\u0161ho NFL t\u00edmu a sez\u00f3ny, nov\u00fdm z\u00e1\u017eitkom z osl\u00e1v Super Bowl a Franchise Central s jednoduch\u00fdmi n\u00e1strojmi na vytv\u00e1ranie ligy a viac inform\u00e1ci\u00ed na dosah ruky, aby ste mohli dovies\u0165 svoj Franchise k v\u00ed\u0165azstvu.<\/p>\n<p>LIVE UPDATES IN ULTIMATE TEAM &amp; SUPERSTAR<br \/>Nov\u00e9 odmeny, vydania funkci\u00ed, tematick\u00e9 programy a mo\u017enos\u0165 prisp\u00f4sobi\u0165 si svoj \u0161t\u00fdl a zru\u010dnosti v Superstar prin\u00e1\u0161aj\u00fa osvie\u017euj\u00face z\u00e1\u017eitky v Ultimate Team\u2122 a \u017eiv\u00fdch hern\u00fdch re\u017eimoch.<\/p>\n<p>PLAYBOOK EXPANSION<br \/>Rozv\u00edjajte svoju strat\u00e9giu s \u00faplne novou sadou vybran\u00fdch hier z niektor\u00fdch z najvynaliezavej\u0161\u00edch t\u00edmov\u00fdch playbookov v hre.<\/p>\n<p>TEAM BUILDER<br \/>Vytvorte si vlastn\u00fa NFL fran\u0161\u00edzu pomocou Team Builder, webov\u00e9ho n\u00e1stroja na prisp\u00f4sobenie, ktor\u00fd v\u00e1m umo\u017en\u00ed navrhn\u00fa\u0165 t\u00edm, ktor\u00fd dokonale zodpoved\u00e1 v\u00e1\u0161mu \u0161t\u00fdlu.<\/p>\n<p>Obsah Team Builder je mo\u017en\u00e9 pou\u017ei\u0165 v re\u017eime Franchise. Vy\u017eaduje sa pripojenie k internetu a \u00fa\u010det EA. M\u00f4\u017ee by\u0165 vy\u017eadovan\u00fd \u00fa\u010det na pr\u00edslu\u0161nej platforme. M\u00f4\u017eu plati\u0165 vekov\u00e9 obmedzenia.<\/p>\n<p>T\u00e1to hra obsahuje volite\u013en\u00e9 n\u00e1kupy virtu\u00e1lnej meny v hre, ktor\u00fa je mo\u017en\u00e9 pou\u017ei\u0165 na z\u00edskanie virtu\u00e1lnych predmetov v hre, vr\u00e1tane n\u00e1hodn\u00e9ho v\u00fdberu virtu\u00e1lnych predmetov v hre.<\/p>\n","protected":false},"excerpt":{"rendered":"<p>Hrajte naplno s technol\u00f3giou FieldSENSE\u2122 od BOOM Tech. Za\u017eite, ako nov\u00fd dynamick\u00fd syst\u00e9m tacklovania zalo\u017een\u00fd na fyzik\u00e1lnych princ\u00edpoch prin\u00e1\u0161a realistick\u00e9 zr\u00e1\u017eky a nov\u00e9 anim\u00e1cie hry na oboch stran\u00e1ch ihriska.<\/p>\n","protected":false},"featured_media":31941,"comment_status":"open","ping_status":"closed","template":"","meta":{"_acf_changed":false},"product_brand":[],"product_cat":[469,470,471,398,438],"product_tag":[],"class_list":{"0":"post-99893","1":"product","2":"type-product","3":"status-publish","4":"has-post-thumbnail","6":"product_cat-simulatory-xbox-series-x-s-sk","7":"product_cat-sportove-xbox-series-x-s-sk","8":"product_cat-strategie-xbox-series-x-s-sk","9":"product_cat-xbox-hry-sk","10":"product_cat-xbox-series-x-s-sk","11":"pa_audio-en-us","13":"pa_countries-at","14":"pa_countries-be","15":"pa_countries-bg","16":"pa_countries-cy","17":"pa_countries-cz","19":"pa_countries-de","20":"pa_countries-dk","21":"pa_countries-ee","22":"pa_countries-es","23":"pa_countries-fi","24":"pa_countries-fr","25":"pa_countries-gr","26":"pa_countries-hr","27":"pa_countries-hu","28":"pa_countries-ie","29":"pa_countries-it","30":"pa_countries-lt","31":"pa_countries-lu","32":"pa_countries-lv","33":"pa_countries-mt","34":"pa_countries-nl","35":"pa_countries-pl","36":"pa_countries-pt","37":"pa_countries-ro","38":"pa_countries-se","39":"pa_countries-si","40":"pa_countries-sk","41":"pa_developer-ea-orlando","42":"pa_developer-ea-orlando-2","43":"pa_franchises-madden","44":"pa_franchises-nfl","45":"pa_franchises-nfl-players-association","47":"pa_game_type-main_game","49":"pa_genres-simulator","50":"pa_genres-sport","52":"pa_genres-strategy","53":"pa_interface-en-us","55":"pa_modes-co-operative","56":"pa_modes-multiplayer","57":"pa_modes-single-player","58":"pa_modes-split-screen","60":"pa_pegi-13430","61":"pa_pegi-943","62":"pa_platform-xbox-one-xbox-series-x-s","64":"pa_player_perspectives-third-person","66":"pa_publisher-ea-sports","68":"pa_rating-1334","69":"pa_rating-14506","70":"pa_region-europe","72":"pa_subtitles-en-us","75":"first","76":"instock","77":"virtual","78":"taxable","79":"purchasable","80":"product-type-simple"},"yoast_head":"<!-- This site is optimized with the Yoast SEO plugin v27.3 - https:\/\/yoast.com\/product\/yoast-seo-wordpress\/ -->\n<title>Madden NFL 25 | BeGamer.cz<\/title>\n<meta name=\"robots\" content=\"index, follow, max-snippet:-1, max-image-preview:large, max-video-preview:-1\" \/>\n<link rel=\"canonical\" href=\"https:\/\/begamer.cz\/sk\/produkt\/madden-nfl-25-sk\/\" \/>\n<meta property=\"og:locale\" content=\"sk_SK\" \/>\n<meta property=\"og:type\" content=\"article\" \/>\n<meta property=\"og:title\" content=\"Madden NFL 25 | BeGamer.cz\" \/>\n<meta property=\"og:description\" content=\"Hrajte naplno s technol\u00f3giou FieldSENSE\u2122 od BOOM Tech. Za\u017eite, ako nov\u00fd dynamick\u00fd syst\u00e9m tacklovania zalo\u017een\u00fd na fyzik\u00e1lnych princ\u00edpoch prin\u00e1\u0161a realistick\u00e9 zr\u00e1\u017eky a nov\u00e9 anim\u00e1cie hry na oboch stran\u00e1ch ihriska.\" \/>\n<meta property=\"og:url\" content=\"https:\/\/begamer.cz\/sk\/produkt\/madden-nfl-25-sk\/\" \/>\n<meta property=\"og:site_name\" content=\"BeGamer.cz\" \/>\n<meta property=\"article:modified_time\" content=\"2026-03-10T22:17:52+00:00\" \/>\n<meta property=\"og:image\" content=\"https:\/\/begamer.cz\/wp-content\/uploads\/2026\/01\/madden-nfl-25-3-6.webp\" \/>\n\t<meta property=\"og:image:width\" content=\"300\" \/>\n\t<meta property=\"og:image:height\" content=\"400\" \/>\n\t<meta property=\"og:image:type\" content=\"image\/webp\" \/>\n<meta name=\"twitter:card\" content=\"summary_large_image\" \/>\n<meta name=\"twitter:label1\" content=\"Predpokladan\u00fd \u010das \u010d\u00edtania\" \/>\n\t<meta name=\"twitter:data1\" content=\"1 min\u00fata\" \/>\n<script type=\"application\/ld+json\" class=\"yoast-schema-graph\">{\"@context\":\"https:\\\/\\\/schema.org\",\"@graph\":[{\"@type\":\"WebPage\",\"@id\":\"https:\\\/\\\/begamer.cz\\\/sk\\\/produkt\\\/madden-nfl-25-sk\\\/\",\"url\":\"https:\\\/\\\/begamer.cz\\\/sk\\\/produkt\\\/madden-nfl-25-sk\\\/\",\"name\":\"Madden NFL 25 | BeGamer.cz\",\"isPartOf\":{\"@id\":\"https:\\\/\\\/begamer.cz\\\/sk\\\/#website\"},\"primaryImageOfPage\":{\"@id\":\"https:\\\/\\\/begamer.cz\\\/sk\\\/produkt\\\/madden-nfl-25-sk\\\/#primaryimage\"},\"image\":{\"@id\":\"https:\\\/\\\/begamer.cz\\\/sk\\\/produkt\\\/madden-nfl-25-sk\\\/#primaryimage\"},\"thumbnailUrl\":\"https:\\\/\\\/begamer.cz\\\/wp-content\\\/uploads\\\/2026\\\/01\\\/madden-nfl-25-3-6.webp\",\"datePublished\":\"2026-01-30T16:53:39+00:00\",\"dateModified\":\"2026-03-10T22:17:52+00:00\",\"breadcrumb\":{\"@id\":\"https:\\\/\\\/begamer.cz\\\/sk\\\/produkt\\\/madden-nfl-25-sk\\\/#breadcrumb\"},\"inLanguage\":\"sk-SK\",\"potentialAction\":[{\"@type\":\"ReadAction\",\"target\":[\"https:\\\/\\\/begamer.cz\\\/sk\\\/produkt\\\/madden-nfl-25-sk\\\/\"]}]},{\"@type\":\"ImageObject\",\"inLanguage\":\"sk-SK\",\"@id\":\"https:\\\/\\\/begamer.cz\\\/sk\\\/produkt\\\/madden-nfl-25-sk\\\/#primaryimage\",\"url\":\"https:\\\/\\\/begamer.cz\\\/wp-content\\\/uploads\\\/2026\\\/01\\\/madden-nfl-25-3-6.webp\",\"contentUrl\":\"https:\\\/\\\/begamer.cz\\\/wp-content\\\/uploads\\\/2026\\\/01\\\/madden-nfl-25-3-6.webp\",\"width\":300,\"height\":400},{\"@type\":\"BreadcrumbList\",\"@id\":\"https:\\\/\\\/begamer.cz\\\/sk\\\/produkt\\\/madden-nfl-25-sk\\\/#breadcrumb\",\"itemListElement\":[{\"@type\":\"ListItem\",\"position\":1,\"name\":\"Domov\",\"item\":\"https:\\\/\\\/begamer.cz\\\/sk\\\/\"},{\"@type\":\"ListItem\",\"position\":2,\"name\":\"Obchod\",\"item\":\"https:\\\/\\\/begamer.cz\\\/obchod\\\/\"},{\"@type\":\"ListItem\",\"position\":3,\"name\":\"Madden NFL 25\"}]},{\"@type\":\"WebSite\",\"@id\":\"https:\\\/\\\/begamer.cz\\\/sk\\\/#website\",\"url\":\"https:\\\/\\\/begamer.cz\\\/sk\\\/\",\"name\":\"BeGamer.cz\",\"description\":\"\",\"publisher\":{\"@id\":\"https:\\\/\\\/begamer.cz\\\/sk\\\/#organization\"},\"potentialAction\":[{\"@type\":\"SearchAction\",\"target\":{\"@type\":\"EntryPoint\",\"urlTemplate\":\"https:\\\/\\\/begamer.cz\\\/sk\\\/?s={search_term_string}\"},\"query-input\":{\"@type\":\"PropertyValueSpecification\",\"valueRequired\":true,\"valueName\":\"search_term_string\"}}],\"inLanguage\":\"sk-SK\"},{\"@type\":\"Organization\",\"@id\":\"https:\\\/\\\/begamer.cz\\\/sk\\\/#organization\",\"name\":\"BeGamer.cz\",\"url\":\"https:\\\/\\\/begamer.cz\\\/sk\\\/\",\"logo\":{\"@type\":\"ImageObject\",\"inLanguage\":\"sk-SK\",\"@id\":\"https:\\\/\\\/begamer.cz\\\/sk\\\/#\\\/schema\\\/logo\\\/image\\\/\",\"url\":\"https:\\\/\\\/begamer.cz\\\/wp-content\\\/uploads\\\/2025\\\/07\\\/logo.svg\",\"contentUrl\":\"https:\\\/\\\/begamer.cz\\\/wp-content\\\/uploads\\\/2025\\\/07\\\/logo.svg\",\"caption\":\"BeGamer.cz\"},\"image\":{\"@id\":\"https:\\\/\\\/begamer.cz\\\/sk\\\/#\\\/schema\\\/logo\\\/image\\\/\"}}]}<\/script>\n<!-- \/ Yoast SEO plugin. -->","yoast_head_json":{"title":"Madden NFL 25 | BeGamer.cz","robots":{"index":"index","follow":"follow","max-snippet":"max-snippet:-1","max-image-preview":"max-image-preview:large","max-video-preview":"max-video-preview:-1"},"canonical":"https:\/\/begamer.cz\/sk\/produkt\/madden-nfl-25-sk\/","og_locale":"sk_SK","og_type":"article","og_title":"Madden NFL 25 | BeGamer.cz","og_description":"Hrajte naplno s technol\u00f3giou FieldSENSE\u2122 od BOOM Tech. Za\u017eite, ako nov\u00fd dynamick\u00fd syst\u00e9m tacklovania zalo\u017een\u00fd na fyzik\u00e1lnych princ\u00edpoch prin\u00e1\u0161a realistick\u00e9 zr\u00e1\u017eky a nov\u00e9 anim\u00e1cie hry na oboch stran\u00e1ch ihriska.","og_url":"https:\/\/begamer.cz\/sk\/produkt\/madden-nfl-25-sk\/","og_site_name":"BeGamer.cz","article_modified_time":"2026-03-10T22:17:52+00:00","og_image":[{"width":300,"height":400,"url":"https:\/\/begamer.cz\/wp-content\/uploads\/2026\/01\/madden-nfl-25-3-6.webp","type":"image\/webp"}],"twitter_card":"summary_large_image","twitter_misc":{"Predpokladan\u00fd \u010das \u010d\u00edtania":"1 min\u00fata"},"schema":{"@context":"https:\/\/schema.org","@graph":[{"@type":"WebPage","@id":"https:\/\/begamer.cz\/sk\/produkt\/madden-nfl-25-sk\/","url":"https:\/\/begamer.cz\/sk\/produkt\/madden-nfl-25-sk\/","name":"Madden NFL 25 | BeGamer.cz","isPartOf":{"@id":"https:\/\/begamer.cz\/sk\/#website"},"primaryImageOfPage":{"@id":"https:\/\/begamer.cz\/sk\/produkt\/madden-nfl-25-sk\/#primaryimage"},"image":{"@id":"https:\/\/begamer.cz\/sk\/produkt\/madden-nfl-25-sk\/#primaryimage"},"thumbnailUrl":"https:\/\/begamer.cz\/wp-content\/uploads\/2026\/01\/madden-nfl-25-3-6.webp","datePublished":"2026-01-30T16:53:39+00:00","dateModified":"2026-03-10T22:17:52+00:00","breadcrumb":{"@id":"https:\/\/begamer.cz\/sk\/produkt\/madden-nfl-25-sk\/#breadcrumb"},"inLanguage":"sk-SK","potentialAction":[{"@type":"ReadAction","target":["https:\/\/begamer.cz\/sk\/produkt\/madden-nfl-25-sk\/"]}]},{"@type":"ImageObject","inLanguage":"sk-SK","@id":"https:\/\/begamer.cz\/sk\/produkt\/madden-nfl-25-sk\/#primaryimage","url":"https:\/\/begamer.cz\/wp-content\/uploads\/2026\/01\/madden-nfl-25-3-6.webp","contentUrl":"https:\/\/begamer.cz\/wp-content\/uploads\/2026\/01\/madden-nfl-25-3-6.webp","width":300,"height":400},{"@type":"BreadcrumbList","@id":"https:\/\/begamer.cz\/sk\/produkt\/madden-nfl-25-sk\/#breadcrumb","itemListElement":[{"@type":"ListItem","position":1,"name":"Domov","item":"https:\/\/begamer.cz\/sk\/"},{"@type":"ListItem","position":2,"name":"Obchod","item":"https:\/\/begamer.cz\/obchod\/"},{"@type":"ListItem","position":3,"name":"Madden NFL 25"}]},{"@type":"WebSite","@id":"https:\/\/begamer.cz\/sk\/#website","url":"https:\/\/begamer.cz\/sk\/","name":"BeGamer.cz","description":"","publisher":{"@id":"https:\/\/begamer.cz\/sk\/#organization"},"potentialAction":[{"@type":"SearchAction","target":{"@type":"EntryPoint","urlTemplate":"https:\/\/begamer.cz\/sk\/?s={search_term_string}"},"query-input":{"@type":"PropertyValueSpecification","valueRequired":true,"valueName":"search_term_string"}}],"inLanguage":"sk-SK"},{"@type":"Organization","@id":"https:\/\/begamer.cz\/sk\/#organization","name":"BeGamer.cz","url":"https:\/\/begamer.cz\/sk\/","logo":{"@type":"ImageObject","inLanguage":"sk-SK","@id":"https:\/\/begamer.cz\/sk\/#\/schema\/logo\/image\/","url":"https:\/\/begamer.cz\/wp-content\/uploads\/2025\/07\/logo.svg","contentUrl":"https:\/\/begamer.cz\/wp-content\/uploads\/2025\/07\/logo.svg","caption":"BeGamer.cz"},"image":{"@id":"https:\/\/begamer.cz\/sk\/#\/schema\/logo\/image\/"}}]}},"acf":[],"_links":{"self":[{"href":"https:\/\/begamer.cz\/sk\/wp-json\/wp\/v2\/product\/99893","targetHints":{"allow":["GET"]}}],"collection":[{"href":"https:\/\/begamer.cz\/sk\/wp-json\/wp\/v2\/product"}],"about":[{"href":"https:\/\/begamer.cz\/sk\/wp-json\/wp\/v2\/types\/product"}],"replies":[{"embeddable":true,"href":"https:\/\/begamer.cz\/sk\/wp-json\/wp\/v2\/comments?post=99893"}],"wp:featuredmedia":[{"embeddable":true,"href":"https:\/\/begamer.cz\/sk\/wp-json\/wp\/v2\/media\/31941"}],"wp:attachment":[{"href":"https:\/\/begamer.cz\/sk\/wp-json\/wp\/v2\/media?parent=99893"}],"wp:term":[{"taxonomy":"product_brand","embeddable":true,"href":"https:\/\/begamer.cz\/sk\/wp-json\/wp\/v2\/product_brand?post=99893"},{"taxonomy":"product_cat","embeddable":true,"href":"https:\/\/begamer.cz\/sk\/wp-json\/wp\/v2\/product_cat?post=99893"},{"taxonomy":"product_tag","embeddable":true,"href":"https:\/\/begamer.cz\/sk\/wp-json\/wp\/v2\/product_tag?post=99893"}],"curies":[{"name":"wp","href":"https:\/\/api.w.org\/{rel}","templated":true}]}}