{"id":99884,"date":"2026-01-30T17:53:32","date_gmt":"2026-01-30T16:53:32","guid":{"rendered":"https:\/\/begamer.cz\/produkt\/ready-or-not-home-invasion-sk\/"},"modified":"2026-03-10T23:17:37","modified_gmt":"2026-03-10T22:17:37","slug":"ready-or-not-home-invasion-sk","status":"publish","type":"product","link":"https:\/\/begamer.cz\/sk\/produkt\/ready-or-not-home-invasion-sk\/","title":{"rendered":"Ready or Not: Home Invasion"},"content":{"rendered":"<p><strong>Los Sue\u00f1os<\/strong> \u2013 STAV N\u00daDZE: N\u00e1\u010deln\u00edk policajn\u00e9ho oddelenia Los Sue\u00f1os Galo \u00c1lvarez vyd\u00e1va n\u00fadzov\u00e9 ozn\u00e1menie t\u00fdkaj\u00face sa reakcie mesta Los Sue\u00f1os na hurik\u00e1n Antonio. Mas\u00edvne \u0161kody na majetku a \u017eivotnom prostred\u00ed sp\u00f4soben\u00e9 rekordn\u00fdm hurik\u00e1nom Antonio kateg\u00f3rie 5 s r\u00fdchlos\u0165ou vetra a zr\u00e1\u017ekami, ktor\u00e9 pod\u013ea spr\u00e1v postihli v\u00e4\u010d\u0161inu oblast\u00ed okresu. Hliadkov\u00e9 jednotky s\u00fa v stave vysokej pohotovosti s umiestnen\u00fdmi kontroln\u00fdmi stanovi\u0161\u0165ami. V okol\u00ed ve\u013ek\u00fdch nemocn\u00edc boli v r\u00e1mci mo\u017enost\u00ed zriaden\u00e9 triediace centr\u00e1 po\u017eiarnej a z\u00e1chrannej zdravotnej slu\u017eby. Do\u010dasn\u00e9 \u00fatulky pre bezdomovcov boli zriaden\u00e9 mimo v\u00e1\u017ene po\u0161koden\u00fdch oblast\u00ed a v pohor\u00ed Sierra del Sue\u00f1os. Do\u0161lo k rozsiahlym pr\u00edpadom vl\u00e1man\u00ed do domovov, na ktor\u00e9 reagovala z\u00e1sahov\u00e1 jednotka LSPD SWAT.<\/p>\n<h2 class=\"bb_tag\" >Oblasti s potvrden\u00fdmi pr\u00edpadmi rabovania a ob\u010dianskych nepokojov: <\/h2>\n<p><span class=\"bb_img_ctn\"><video class=\"bb_img\" autoplay muted loop playsinline poster=\"https:\/\/shared.akamai.steamstatic.com\/store_item_assets\/steam\/apps\/3015760\/extras\/af100950c0fb4915a53f058ed5425041.poster.avif?t=1733935500\" width=608 height=174 ><source src=\"https:\/\/shared.akamai.steamstatic.com\/store_item_assets\/steam\/apps\/3015760\/extras\/af100950c0fb4915a53f058ed5425041.webm?t=1733935500\" type=\"video\/webm; codecs=vp9\"><source src=\"https:\/\/shared.akamai.steamstatic.com\/store_item_assets\/steam\/apps\/3015760\/extras\/af100950c0fb4915a53f058ed5425041.mp4?t=1733935500\" type=\"video\/mp4\"><\/video><\/span><br \/><strong>GREENSIDE<\/strong> \u2015 Katastrof\u00e1lne \u0161kody sp\u00f4soben\u00e9 b\u00farkou. Ve\u013ek\u00e1 \u010das\u0165 bezdomovcov h\u013ead\u00e1 \u00fato\u010disko kv\u00f4li nebezpe\u010dn\u00fdm podmienkam na uliciach. Dvere a okn\u00e1 majte zabarik\u00e1dovan\u00e9.<\/p>\n<p><span class=\"bb_img_ctn\"><video class=\"bb_img\" autoplay muted loop playsinline poster=\"https:\/\/shared.akamai.steamstatic.com\/store_item_assets\/steam\/apps\/3015760\/extras\/bac5cab6c82ab59fa135f0b0e8d27218.poster.avif?t=1733935500\" width=608 height=174 ><source src=\"https:\/\/shared.akamai.steamstatic.com\/store_item_assets\/steam\/apps\/3015760\/extras\/bac5cab6c82ab59fa135f0b0e8d27218.webm?t=1733935500\" type=\"video\/webm; codecs=vp9\"><source src=\"https:\/\/shared.akamai.steamstatic.com\/store_item_assets\/steam\/apps\/3015760\/extras\/bac5cab6c82ab59fa135f0b0e8d27218.mp4?t=1733935500\" type=\"video\/mp4\"><\/video><\/span><br \/><strong>213 PARK<\/strong> \u2013 Ve\u013ek\u00e9 \u0161kody sp\u00f4soben\u00e9 b\u00farkou. Existuj\u00fa d\u00f4kazy o \u0161\u00edren\u00ed gangov, pravdepodobnos\u0165 n\u00e1silia spojen\u00e9ho s gangmi je neobvykle vysok\u00e1. Vyh\u00fdbajte sa ak\u00e9muko\u013evek prejavom pr\u00edslu\u0161nosti k gangom a d\u00e1vajte si pozor na skupiny os\u00f4b na ulici.<\/p>\n<p><span class=\"bb_img_ctn\"><video class=\"bb_img\" autoplay muted loop playsinline poster=\"https:\/\/shared.akamai.steamstatic.com\/store_item_assets\/steam\/apps\/3015760\/extras\/28aa751d6e76867b0e3d815c9828b26c.poster.avif?t=1733935500\" width=608 height=174 ><source src=\"https:\/\/shared.akamai.steamstatic.com\/store_item_assets\/steam\/apps\/3015760\/extras\/28aa751d6e76867b0e3d815c9828b26c.webm?t=1733935500\" type=\"video\/webm; codecs=vp9\"><source src=\"https:\/\/shared.akamai.steamstatic.com\/store_item_assets\/steam\/apps\/3015760\/extras\/28aa751d6e76867b0e3d815c9828b26c.mp4?t=1733935500\" type=\"video\/mp4\"><\/video><\/span><br \/><strong>REDWOOD<\/strong> \u2013 Obmedzen\u00e9 \u0161kody sp\u00f4soben\u00e9 b\u00farkou. V regi\u00f3ne bol zaznamenan\u00fd organizovan\u00fd pohyb mo\u017en\u00fdch rabova\u010dov. Udr\u017eujte br\u00e1ny a oplotenie zatvoren\u00e9 a zamknut\u00e9 a cennosti v bezpe\u010d\u00ed. Udr\u017eujte gener\u00e1tory elektrickej energie v bezpe\u010dn\u00fdch, ale dobre vetran\u00fdch priestoroch.<\/p>\n<p><span class=\"bb_img_ctn\"><video class=\"bb_img\" autoplay muted loop playsinline poster=\"https:\/\/shared.akamai.steamstatic.com\/store_item_assets\/steam\/apps\/3015760\/extras\/eb5593e03bdab021ffff9c974d089177.poster.avif?t=1733935500\" width=608 height=174 ><source src=\"https:\/\/shared.akamai.steamstatic.com\/store_item_assets\/steam\/apps\/3015760\/extras\/eb5593e03bdab021ffff9c974d089177.webm?t=1733935500\" type=\"video\/webm; codecs=vp9\"><source src=\"https:\/\/shared.akamai.steamstatic.com\/store_item_assets\/steam\/apps\/3015760\/extras\/eb5593e03bdab021ffff9c974d089177.mp4?t=1733935500\" type=\"video\/mp4\"><\/video><\/span><br \/>Nieko\u013eko ned\u00e1vnych dod\u00e1vok pi\u0161tol\u00ed FN 509, MP17 PDW a DM4 PDW sa teraz vybavuje taktick\u00fdm d\u00f4stojn\u00edkom, aby sa zabezpe\u010dila zv\u00fd\u0161en\u00e1 bezpe\u010dnos\u0165 potrebn\u00e1 na reakciu na katastrofy v tesnej bl\u00edzkosti z\u00f3ny a v nepredv\u00eddate\u013enom prostred\u00ed.<\/p>\n<p>Okrem nov\u00fdch streln\u00fdch zbran\u00ed boli d\u00f4stojn\u00edkom pridelen\u00e9 aj nov\u00e9 vybavenie:<\/p>\n<ul class=\"bb_ul\">\n<li>karb\u00f3nov\u00e1 prilba ERT<\/li>\n<li>Vesta SLY s n\u00edzkou vidite\u013enos\u0165ou<\/li>\n<li>po\u013en\u00e1 ko\u0161e\u013ea L9 [s vyhrnut\u00fdmi a nevyhrnut\u00fdmi ruk\u00e1vmi]<\/li>\n<li>Bojov\u00e1 ko\u0161e\u013ea L9 [s vyhrnut\u00fdmi a nevyhrnut\u00fdmi ruk\u00e1vmi].<\/li>\n<li>BST bojov\u00e9 nohavice<\/li>\n<li>Top\u00e1nky Salmon SC6<\/li>\n<\/ul>\n<p>Vr\u00e1tane 7 farebn\u00fdch variantov ko\u0161ie\u013e a nohav\u00edc [AOR1, AOR2, \u010dierna, ranger green, multicam, multicam black]<br \/>. . .<br \/><i>Pozn\u00e1mka: Na hranie DLC je potrebn\u00e1 z\u00e1kladn\u00e1 hra.<\/i><\/p>\n","protected":false},"excerpt":{"rendered":"<p>Los Sue\u00f1os \u2013 STAV N\u00daDZOV\u00c9HO STAVU: N\u00e1\u010deln\u00edk pol\u00edcie v Los Sue\u00f1os Galo \u00c1lvarez vydal n\u00fadzov\u00e9 ozn\u00e1menie v reakcii na ni\u010div\u00e9 n\u00e1sledky rekordn\u00e9ho hurik\u00e1nu Antonio kateg\u00f3rie 5, ktor\u00fd zasiahol Los Sue\u00f1os. Vyskytli sa po\u010detn\u00e9 pr\u00edpady vl\u00e1man\u00ed do domovov, na ktor\u00e9 reagovala z\u00e1sahov\u00e1 jednotka LSPD SWAT.<\/p>\n","protected":false},"featured_media":31890,"comment_status":"open","ping_status":"closed","template":"","meta":{"_acf_changed":false},"product_brand":[],"product_cat":[270,290,268,266,314,312,318,9064,9082],"product_tag":[],"class_list":{"0":"post-99884","1":"product","2":"type-product","3":"status-publish","4":"has-post-thumbnail","6":"product_cat-adventury-pc-hry-sk","7":"product_cat-indie-hry-pc-sk","8":"product_cat-pc-sk","9":"product_cat-pc-hry-sk","10":"product_cat-simulatory-pc-hry-sk","11":"product_cat-steam-pc-sk","12":"product_cat-strategie-pc-hry-sk","13":"product_cat-strielacky-3","14":"product_cat-takticke-3","15":"pa_audio-en-us","17":"pa_countries-at","18":"pa_countries-be","19":"pa_countries-bg","20":"pa_countries-cy","21":"pa_countries-cz","23":"pa_countries-de","24":"pa_countries-dk","25":"pa_countries-ee","26":"pa_countries-es","27":"pa_countries-fi","28":"pa_countries-fr","29":"pa_countries-gr","30":"pa_countries-hr","31":"pa_countries-hu","32":"pa_countries-ie","33":"pa_countries-it","34":"pa_countries-lt","35":"pa_countries-lu","36":"pa_countries-lv","37":"pa_countries-mt","38":"pa_countries-nl","39":"pa_countries-pl","40":"pa_countries-pt","41":"pa_countries-ro","42":"pa_countries-se","43":"pa_countries-si","44":"pa_countries-sk","45":"pa_developer-void-interactive-2","46":"pa_developer-void-interactive","47":"pa_engine-unreal-engine-5","49":"pa_game_type-dlc","51":"pa_genres-adventure","52":"pa_genres-indie","53":"pa_genres-shooter","54":"pa_genres-simulator","55":"pa_genres-strategy","56":"pa_genres-tactical","58":"pa_interface-de-de","59":"pa_interface-en-us","60":"pa_interface-es-es","61":"pa_interface-fr-fr","62":"pa_interface-it-it","63":"pa_interface-ja-jp","64":"pa_interface-ko-kr","65":"pa_interface-pl-pl","66":"pa_interface-pt-br","67":"pa_interface-pt-pt","69":"pa_interface-ru-ru","70":"pa_interface-tr-tr","71":"pa_interface-zh-cn","72":"pa_keywords-police","73":"pa_keywords-swat","74":"pa_modes-co-operative","75":"pa_modes-multiplayer","77":"pa_modes-single-player","78":"pa_pegi-13426","79":"pa_pegi-794","80":"pa_platform-pc-steam","82":"pa_player_perspectives-first-person","84":"pa_publisher-void-interactive","86":"pa_rating-944","87":"pa_rating-14457","88":"pa_region-europe","90":"pa_subtitles-de-de","91":"pa_subtitles-en-us","92":"pa_subtitles-es-es","93":"pa_subtitles-fr-fr","94":"pa_subtitles-it-it","95":"pa_subtitles-ja-jp","96":"pa_subtitles-ko-kr","97":"pa_subtitles-pl-pl","98":"pa_subtitles-pt-pt","100":"pa_subtitles-tr-tr","101":"pa_subtitles-zh-cn","102":"pa_themes-action","105":"first","106":"instock","107":"virtual","108":"taxable","109":"purchasable","110":"product-type-simple"},"yoast_head":"<!-- This site is optimized with the Yoast SEO plugin v27.4 - https:\/\/yoast.com\/product\/yoast-seo-wordpress\/ -->\n<title>Ready or Not: Home Invasion | BeGamer.cz<\/title>\n<meta name=\"robots\" content=\"index, follow, max-snippet:-1, max-image-preview:large, max-video-preview:-1\" \/>\n<link rel=\"canonical\" href=\"https:\/\/begamer.cz\/sk\/produkt\/ready-or-not-home-invasion-sk\/\" \/>\n<meta property=\"og:locale\" content=\"sk_SK\" \/>\n<meta property=\"og:type\" content=\"article\" \/>\n<meta property=\"og:title\" content=\"Ready or Not: Home Invasion | BeGamer.cz\" \/>\n<meta property=\"og:description\" content=\"Los Sue\u00f1os \u2013 STAV N\u00daDZOV\u00c9HO STAVU: N\u00e1\u010deln\u00edk pol\u00edcie v Los Sue\u00f1os Galo \u00c1lvarez vydal n\u00fadzov\u00e9 ozn\u00e1menie v reakcii na ni\u010div\u00e9 n\u00e1sledky rekordn\u00e9ho hurik\u00e1nu Antonio kateg\u00f3rie 5, ktor\u00fd zasiahol Los Sue\u00f1os. Vyskytli sa po\u010detn\u00e9 pr\u00edpady vl\u00e1man\u00ed do domovov, na ktor\u00e9 reagovala z\u00e1sahov\u00e1 jednotka LSPD SWAT.\" \/>\n<meta property=\"og:url\" content=\"https:\/\/begamer.cz\/sk\/produkt\/ready-or-not-home-invasion-sk\/\" \/>\n<meta property=\"og:site_name\" content=\"BeGamer.cz\" \/>\n<meta property=\"article:modified_time\" content=\"2026-03-10T22:17:37+00:00\" \/>\n<meta property=\"og:image\" content=\"https:\/\/begamer.cz\/wp-content\/uploads\/2026\/01\/ready-or-not-home-invasion-20.webp\" \/>\n\t<meta property=\"og:image:width\" content=\"300\" \/>\n\t<meta property=\"og:image:height\" content=\"400\" \/>\n\t<meta property=\"og:image:type\" content=\"image\/webp\" \/>\n<meta name=\"twitter:card\" content=\"summary_large_image\" \/>\n<meta name=\"twitter:label1\" content=\"Predpokladan\u00fd \u010das \u010d\u00edtania\" \/>\n\t<meta name=\"twitter:data1\" content=\"2 min\u00faty\" \/>\n<script type=\"application\/ld+json\" class=\"yoast-schema-graph\">{\"@context\":\"https:\\\/\\\/schema.org\",\"@graph\":[{\"@type\":\"WebPage\",\"@id\":\"https:\\\/\\\/begamer.cz\\\/sk\\\/produkt\\\/ready-or-not-home-invasion-sk\\\/\",\"url\":\"https:\\\/\\\/begamer.cz\\\/sk\\\/produkt\\\/ready-or-not-home-invasion-sk\\\/\",\"name\":\"Ready or Not: Home Invasion | BeGamer.cz\",\"isPartOf\":{\"@id\":\"https:\\\/\\\/begamer.cz\\\/sk\\\/#website\"},\"primaryImageOfPage\":{\"@id\":\"https:\\\/\\\/begamer.cz\\\/sk\\\/produkt\\\/ready-or-not-home-invasion-sk\\\/#primaryimage\"},\"image\":{\"@id\":\"https:\\\/\\\/begamer.cz\\\/sk\\\/produkt\\\/ready-or-not-home-invasion-sk\\\/#primaryimage\"},\"thumbnailUrl\":\"https:\\\/\\\/begamer.cz\\\/wp-content\\\/uploads\\\/2026\\\/01\\\/ready-or-not-home-invasion-20.webp\",\"datePublished\":\"2026-01-30T16:53:32+00:00\",\"dateModified\":\"2026-03-10T22:17:37+00:00\",\"breadcrumb\":{\"@id\":\"https:\\\/\\\/begamer.cz\\\/sk\\\/produkt\\\/ready-or-not-home-invasion-sk\\\/#breadcrumb\"},\"inLanguage\":\"sk-SK\",\"potentialAction\":[{\"@type\":\"ReadAction\",\"target\":[\"https:\\\/\\\/begamer.cz\\\/sk\\\/produkt\\\/ready-or-not-home-invasion-sk\\\/\"]}]},{\"@type\":\"ImageObject\",\"inLanguage\":\"sk-SK\",\"@id\":\"https:\\\/\\\/begamer.cz\\\/sk\\\/produkt\\\/ready-or-not-home-invasion-sk\\\/#primaryimage\",\"url\":\"https:\\\/\\\/begamer.cz\\\/wp-content\\\/uploads\\\/2026\\\/01\\\/ready-or-not-home-invasion-20.webp\",\"contentUrl\":\"https:\\\/\\\/begamer.cz\\\/wp-content\\\/uploads\\\/2026\\\/01\\\/ready-or-not-home-invasion-20.webp\",\"width\":300,\"height\":400},{\"@type\":\"BreadcrumbList\",\"@id\":\"https:\\\/\\\/begamer.cz\\\/sk\\\/produkt\\\/ready-or-not-home-invasion-sk\\\/#breadcrumb\",\"itemListElement\":[{\"@type\":\"ListItem\",\"position\":1,\"name\":\"Domov\",\"item\":\"https:\\\/\\\/begamer.cz\\\/sk\\\/\"},{\"@type\":\"ListItem\",\"position\":2,\"name\":\"Obchod\",\"item\":\"https:\\\/\\\/begamer.cz\\\/obchod\\\/\"},{\"@type\":\"ListItem\",\"position\":3,\"name\":\"Ready or Not: Home Invasion\"}]},{\"@type\":\"WebSite\",\"@id\":\"https:\\\/\\\/begamer.cz\\\/sk\\\/#website\",\"url\":\"https:\\\/\\\/begamer.cz\\\/sk\\\/\",\"name\":\"BeGamer.cz\",\"description\":\"\",\"publisher\":{\"@id\":\"https:\\\/\\\/begamer.cz\\\/sk\\\/#organization\"},\"potentialAction\":[{\"@type\":\"SearchAction\",\"target\":{\"@type\":\"EntryPoint\",\"urlTemplate\":\"https:\\\/\\\/begamer.cz\\\/sk\\\/?s={search_term_string}\"},\"query-input\":{\"@type\":\"PropertyValueSpecification\",\"valueRequired\":true,\"valueName\":\"search_term_string\"}}],\"inLanguage\":\"sk-SK\"},{\"@type\":\"Organization\",\"@id\":\"https:\\\/\\\/begamer.cz\\\/sk\\\/#organization\",\"name\":\"BeGamer.cz\",\"url\":\"https:\\\/\\\/begamer.cz\\\/sk\\\/\",\"logo\":{\"@type\":\"ImageObject\",\"inLanguage\":\"sk-SK\",\"@id\":\"https:\\\/\\\/begamer.cz\\\/sk\\\/#\\\/schema\\\/logo\\\/image\\\/\",\"url\":\"https:\\\/\\\/begamer.cz\\\/wp-content\\\/uploads\\\/2025\\\/07\\\/logo.svg\",\"contentUrl\":\"https:\\\/\\\/begamer.cz\\\/wp-content\\\/uploads\\\/2025\\\/07\\\/logo.svg\",\"caption\":\"BeGamer.cz\"},\"image\":{\"@id\":\"https:\\\/\\\/begamer.cz\\\/sk\\\/#\\\/schema\\\/logo\\\/image\\\/\"}}]}<\/script>\n<!-- \/ Yoast SEO plugin. -->","yoast_head_json":{"title":"Ready or Not: Home Invasion | BeGamer.cz","robots":{"index":"index","follow":"follow","max-snippet":"max-snippet:-1","max-image-preview":"max-image-preview:large","max-video-preview":"max-video-preview:-1"},"canonical":"https:\/\/begamer.cz\/sk\/produkt\/ready-or-not-home-invasion-sk\/","og_locale":"sk_SK","og_type":"article","og_title":"Ready or Not: Home Invasion | BeGamer.cz","og_description":"Los Sue\u00f1os \u2013 STAV N\u00daDZOV\u00c9HO STAVU: N\u00e1\u010deln\u00edk pol\u00edcie v Los Sue\u00f1os Galo \u00c1lvarez vydal n\u00fadzov\u00e9 ozn\u00e1menie v reakcii na ni\u010div\u00e9 n\u00e1sledky rekordn\u00e9ho hurik\u00e1nu Antonio kateg\u00f3rie 5, ktor\u00fd zasiahol Los Sue\u00f1os. Vyskytli sa po\u010detn\u00e9 pr\u00edpady vl\u00e1man\u00ed do domovov, na ktor\u00e9 reagovala z\u00e1sahov\u00e1 jednotka LSPD SWAT.","og_url":"https:\/\/begamer.cz\/sk\/produkt\/ready-or-not-home-invasion-sk\/","og_site_name":"BeGamer.cz","article_modified_time":"2026-03-10T22:17:37+00:00","og_image":[{"width":300,"height":400,"url":"https:\/\/begamer.cz\/wp-content\/uploads\/2026\/01\/ready-or-not-home-invasion-20.webp","type":"image\/webp"}],"twitter_card":"summary_large_image","twitter_misc":{"Predpokladan\u00fd \u010das \u010d\u00edtania":"2 min\u00faty"},"schema":{"@context":"https:\/\/schema.org","@graph":[{"@type":"WebPage","@id":"https:\/\/begamer.cz\/sk\/produkt\/ready-or-not-home-invasion-sk\/","url":"https:\/\/begamer.cz\/sk\/produkt\/ready-or-not-home-invasion-sk\/","name":"Ready or Not: Home Invasion | BeGamer.cz","isPartOf":{"@id":"https:\/\/begamer.cz\/sk\/#website"},"primaryImageOfPage":{"@id":"https:\/\/begamer.cz\/sk\/produkt\/ready-or-not-home-invasion-sk\/#primaryimage"},"image":{"@id":"https:\/\/begamer.cz\/sk\/produkt\/ready-or-not-home-invasion-sk\/#primaryimage"},"thumbnailUrl":"https:\/\/begamer.cz\/wp-content\/uploads\/2026\/01\/ready-or-not-home-invasion-20.webp","datePublished":"2026-01-30T16:53:32+00:00","dateModified":"2026-03-10T22:17:37+00:00","breadcrumb":{"@id":"https:\/\/begamer.cz\/sk\/produkt\/ready-or-not-home-invasion-sk\/#breadcrumb"},"inLanguage":"sk-SK","potentialAction":[{"@type":"ReadAction","target":["https:\/\/begamer.cz\/sk\/produkt\/ready-or-not-home-invasion-sk\/"]}]},{"@type":"ImageObject","inLanguage":"sk-SK","@id":"https:\/\/begamer.cz\/sk\/produkt\/ready-or-not-home-invasion-sk\/#primaryimage","url":"https:\/\/begamer.cz\/wp-content\/uploads\/2026\/01\/ready-or-not-home-invasion-20.webp","contentUrl":"https:\/\/begamer.cz\/wp-content\/uploads\/2026\/01\/ready-or-not-home-invasion-20.webp","width":300,"height":400},{"@type":"BreadcrumbList","@id":"https:\/\/begamer.cz\/sk\/produkt\/ready-or-not-home-invasion-sk\/#breadcrumb","itemListElement":[{"@type":"ListItem","position":1,"name":"Domov","item":"https:\/\/begamer.cz\/sk\/"},{"@type":"ListItem","position":2,"name":"Obchod","item":"https:\/\/begamer.cz\/obchod\/"},{"@type":"ListItem","position":3,"name":"Ready or Not: Home Invasion"}]},{"@type":"WebSite","@id":"https:\/\/begamer.cz\/sk\/#website","url":"https:\/\/begamer.cz\/sk\/","name":"BeGamer.cz","description":"","publisher":{"@id":"https:\/\/begamer.cz\/sk\/#organization"},"potentialAction":[{"@type":"SearchAction","target":{"@type":"EntryPoint","urlTemplate":"https:\/\/begamer.cz\/sk\/?s={search_term_string}"},"query-input":{"@type":"PropertyValueSpecification","valueRequired":true,"valueName":"search_term_string"}}],"inLanguage":"sk-SK"},{"@type":"Organization","@id":"https:\/\/begamer.cz\/sk\/#organization","name":"BeGamer.cz","url":"https:\/\/begamer.cz\/sk\/","logo":{"@type":"ImageObject","inLanguage":"sk-SK","@id":"https:\/\/begamer.cz\/sk\/#\/schema\/logo\/image\/","url":"https:\/\/begamer.cz\/wp-content\/uploads\/2025\/07\/logo.svg","contentUrl":"https:\/\/begamer.cz\/wp-content\/uploads\/2025\/07\/logo.svg","caption":"BeGamer.cz"},"image":{"@id":"https:\/\/begamer.cz\/sk\/#\/schema\/logo\/image\/"}}]}},"acf":[],"_links":{"self":[{"href":"https:\/\/begamer.cz\/sk\/wp-json\/wp\/v2\/product\/99884","targetHints":{"allow":["GET"]}}],"collection":[{"href":"https:\/\/begamer.cz\/sk\/wp-json\/wp\/v2\/product"}],"about":[{"href":"https:\/\/begamer.cz\/sk\/wp-json\/wp\/v2\/types\/product"}],"replies":[{"embeddable":true,"href":"https:\/\/begamer.cz\/sk\/wp-json\/wp\/v2\/comments?post=99884"}],"wp:featuredmedia":[{"embeddable":true,"href":"https:\/\/begamer.cz\/sk\/wp-json\/wp\/v2\/media\/31890"}],"wp:attachment":[{"href":"https:\/\/begamer.cz\/sk\/wp-json\/wp\/v2\/media?parent=99884"}],"wp:term":[{"taxonomy":"product_brand","embeddable":true,"href":"https:\/\/begamer.cz\/sk\/wp-json\/wp\/v2\/product_brand?post=99884"},{"taxonomy":"product_cat","embeddable":true,"href":"https:\/\/begamer.cz\/sk\/wp-json\/wp\/v2\/product_cat?post=99884"},{"taxonomy":"product_tag","embeddable":true,"href":"https:\/\/begamer.cz\/sk\/wp-json\/wp\/v2\/product_tag?post=99884"}],"curies":[{"name":"wp","href":"https:\/\/api.w.org\/{rel}","templated":true}]}}