{"id":99761,"date":"2026-01-30T17:51:20","date_gmt":"2026-01-30T16:51:20","guid":{"rendered":"https:\/\/begamer.cz\/produkt\/the-escapists-sk\/"},"modified":"2026-03-10T23:07:01","modified_gmt":"2026-03-10T22:07:01","slug":"the-escapists-sk","status":"publish","type":"product","link":"https:\/\/begamer.cz\/sk\/produkt\/the-escapists-sk\/","title":{"rendered":"The Escapists"},"content":{"rendered":"<h1>O hre<\/h1>\n<p>Op\u00e4\u0165 ste skon\u010dili vo v\u00e4zen\u00ed a va\u0161ou jedinou \u0161ancou je zorganizova\u0165 \u00fatek za ka\u017ed\u00fa cenu. Ako to urob\u00edte, je len na v\u00e1s! Pre\u010do nesp\u00f4sobi\u0165 v\u00e4zensk\u00fa vzburu? Alebo vykopa\u0165 tunel priamo pod m\u00farmi v\u00e4zenia? Alebo dokonca ukradn\u00fa\u0165 uniformu str\u00e1\u017ecu, aby ste sa zmie\u0161ali medzi svojich v\u00e4znite\u013eov?<\/p>\n<p>The Escapists je jedine\u010dn\u00e1 sandboxov\u00e1 hra z prostredia v\u00e4zenia s mno\u017estvom predmetov, ktor\u00e9 m\u00f4\u017eete vyr\u00e1ba\u0165 a kombinova\u0165 vo svojej odv\u00e1\u017enej snahe o slobodu. \u017divot vo v\u00e4zen\u00ed v\u00e1s bude dr\u017ea\u0165 v nap\u00e4t\u00ed v\u010faka pr\u00edsnym pravidl\u00e1m, ktor\u00e9 budete musie\u0165 poru\u0161i\u0165. Str\u00e1\u017ee s\u00fa odhodlan\u00e9 zastavi\u0165 ak\u00e9ko\u013evek pokusy o \u00fatek, tak\u017ee sa budete musie\u0165 vyhn\u00fa\u0165 podozriv\u00e9mu spr\u00e1vaniu t\u00fdm, \u017ee sa budete z\u00fa\u010dast\u0148ova\u0165 na prezen\u010dn\u00fdch kontrol\u00e1ch, pracova\u0165 vo v\u00e4zenskej pr\u00e1ci a skr\u00fdva\u0165 svoje ukradnut\u00e9 predmety.<\/p>\n<p>\u00datek je to, \u010do v\u00e1m ide najlep\u0161ie, a budete musie\u0165 preuk\u00e1za\u0165 svoje zru\u010dnosti v r\u00f4znych n\u00e1ro\u010dn\u00fdch v\u00e4zniciach po celom svete.<\/p>\n<p>Sta\u0148te sa Escapistom u\u017e teraz!<\/p>\n<h2 class=\"bb_tag\" ><strong>Funkcie<\/strong><\/h2>\n<ul class=\"bb_ul\">\n<li>10 plne funk\u010dn\u00fdch v\u00e4zn\u00edc s rutinn\u00fdmi \u010dinnos\u0165ami, ktor\u00e9 v\u00e1m poskytn\u00fa predstavu o tom, ako to vo vn\u00fatri *naozaj* chod\u00ed!<\/li>\n<li>10 samostatn\u00fdch pracovn\u00fdch pr\u00edle\u017eitost\u00ed, do ktor\u00fdch sa m\u00f4\u017eete pusti\u0165&#8230; Ak m\u00e1te samozrejme znalosti potrebn\u00e9 na z\u00edskanie a udr\u017eanie si t\u00fdchto pracovn\u00fdch miest!<\/li>\n<li>Viac ako 185 unik\u00e1tnych predmetov, ktor\u00e9 m\u00f4\u017eete vyh\u013ead\u00e1va\u0165 a mo\u017eno z nich aj vyrobi\u0165 u\u017eito\u010dn\u00e9 veci. (Team17 plne podporuje pou\u017e\u00edvanie r\u00f4znych zbran\u00ed, ako s\u00fa \u201eno\u017ee\u201c, \u201enunchaku\u201c a \u201epalice\u201c \u2013 samozrejme v r\u00e1mci fikt\u00edvneho prostredia!<\/li>\n<li>R\u00f4zne druhy slu\u017eieb, ktor\u00e9 v\u00e1m pon\u00fakaj\u00fa v\u00e4zni \u2013 nechcete ich predsa nahneva\u0165, v\u0161ak?<\/li>\n<li>Vysoko sebavedom\u00ed a neuverite\u013ene vtipn\u00ed v\u00e4zni a str\u00e1\u017ecovia, ktor\u00ed v\u00e1s udr\u017eia v strehu a z\u00e1rove\u0148 v\u00e1m poskytn\u00fa z\u00e1bavu!<\/li>\n<li>Viac \u00fanikov\u00fdch ciest, ktor\u00e9 m\u00f4\u017eete vysk\u00fa\u0161a\u0165 a z\u00edska\u0165 titul \u201eThe Escapist\u201c!<\/li>\n<li>Viac \u00falo\u017en\u00fdch miest, aby ste mohli ma\u0165 viac ako jeden pokus o \u00fatek!<\/li>\n<li>\u00daspechy Steam, o ktor\u00e9 sa m\u00f4\u017eete usilova\u0165.<\/li>\n<li>Steam rebr\u00ed\u010dky \u2013 Akon\u00e1hle ute\u010diete, pozrite sa, ako ste si po\u010d\u00ednali v porovnan\u00ed s ostatn\u00fdmi hr\u00e1\u010dmi, ktor\u00fdm sa \u00fatek podaril!<\/li>\n<li>Prison Editor \u2013 Vytvorte od z\u00e1kladov svoje vlastn\u00e9 majstrovsk\u00e9 dielo v podobe v\u00e4zenia a zdie\u013eajte ho s komunitou!<\/li>\n<\/ul>\n<p><span class=\"bb_img_ctn\"><img decoding=\"async\" class=\"bb_img\" src=\"https:\/\/shared.akamai.steamstatic.com\/store_item_assets\/steam\/apps\/298630\/extras\/813934ce869685ca52521bd70666f468.webp?t=1733480165\" width=616 height=61 \/><\/span><\/p>\n","protected":false},"excerpt":{"rendered":"<p>Hra Escapists pon\u00faka hr\u00e1\u010dom mo\u017enos\u0165 za\u017ei\u0165 nen\u00e1ro\u010dn\u00fd poh\u013ead do ka\u017edodenn\u00e9ho \u017eivota vo v\u00e4zen\u00ed, pri\u010dom hlavn\u00fdm cie\u013eom je \u00fatek!<\/p>\n","protected":false},"featured_media":33320,"comment_status":"open","ping_status":"closed","template":"","meta":{"_acf_changed":false},"product_brand":[],"product_cat":[280,290,268,266,314,312],"product_tag":[],"class_list":{"0":"post-99761","1":"product","2":"type-product","3":"status-publish","4":"has-post-thumbnail","6":"product_cat-dobrodruzne-pc-hry-sk","7":"product_cat-indie-hry-pc-sk","8":"product_cat-pc-sk","9":"product_cat-pc-hry-sk","10":"product_cat-simulatory-pc-hry-sk","11":"product_cat-steam-pc-sk","12":"pa_countries-ad","13":"pa_countries-ae","14":"pa_countries-af","15":"pa_countries-ag","16":"pa_countries-ai","17":"pa_countries-al","18":"pa_countries-am","19":"pa_countries-ao","20":"pa_countries-aq","21":"pa_countries-ar","22":"pa_countries-as","23":"pa_countries-at","24":"pa_countries-au","25":"pa_countries-aw","26":"pa_countries-ax","27":"pa_countries-az","28":"pa_countries-ba","29":"pa_countries-bb","30":"pa_countries-bd","31":"pa_countries-be","32":"pa_countries-bf","33":"pa_countries-bg","34":"pa_countries-bh","35":"pa_countries-bi","36":"pa_countries-bj","37":"pa_countries-bl","38":"pa_countries-bm","39":"pa_countries-bn","40":"pa_countries-bo","41":"pa_countries-bq","42":"pa_countries-br","43":"pa_countries-bs","44":"pa_countries-bt","45":"pa_countries-bv","46":"pa_countries-bw","47":"pa_countries-bz","48":"pa_countries-ca","49":"pa_countries-cc","50":"pa_countries-cd","51":"pa_countries-cf","52":"pa_countries-cg","53":"pa_countries-ch","54":"pa_countries-ci","55":"pa_countries-ck","56":"pa_countries-cl","57":"pa_countries-cm","58":"pa_countries-cn","59":"pa_countries-co","60":"pa_countries-cr","61":"pa_countries-cu","62":"pa_countries-cv","63":"pa_countries-cw","64":"pa_countries-cx","65":"pa_countries-cy","66":"pa_countries-cz","67":"pa_countries-de","68":"pa_countries-dj","69":"pa_countries-dk","70":"pa_countries-dm","71":"pa_countries-do","72":"pa_countries-dz","73":"pa_countries-ec","74":"pa_countries-ee","75":"pa_countries-eg","76":"pa_countries-eh","77":"pa_countries-er","78":"pa_countries-es","79":"pa_countries-et","80":"pa_countries-fi","81":"pa_countries-fj","82":"pa_countries-fk","83":"pa_countries-fm","84":"pa_countries-fo","85":"pa_countries-fr","86":"pa_countries-ga","87":"pa_countries-gb","88":"pa_countries-gd","89":"pa_countries-ge","90":"pa_countries-gf","91":"pa_countries-gg","92":"pa_countries-gh","93":"pa_countries-gi","94":"pa_countries-gl","95":"pa_countries-gm","96":"pa_countries-gn","97":"pa_countries-gp","98":"pa_countries-gq","99":"pa_countries-gr","100":"pa_countries-gs","101":"pa_countries-gt","102":"pa_countries-gu","103":"pa_countries-gw","104":"pa_countries-gy","105":"pa_countries-hk","106":"pa_countries-hm","107":"pa_countries-hn","108":"pa_countries-hr","109":"pa_countries-ht","110":"pa_countries-hu","111":"pa_countries-id","112":"pa_countries-ie","113":"pa_countries-il","114":"pa_countries-im","115":"pa_countries-in","116":"pa_countries-io","117":"pa_countries-iq","118":"pa_countries-ir","119":"pa_countries-is","120":"pa_countries-it","121":"pa_countries-je","122":"pa_countries-jm","123":"pa_countries-jo","124":"pa_countries-jp","125":"pa_countries-ke","126":"pa_countries-kg","127":"pa_countries-kh","128":"pa_countries-ki","129":"pa_countries-km","130":"pa_countries-kn","131":"pa_countries-kp","132":"pa_countries-kr","133":"pa_countries-kw","134":"pa_countries-ky","135":"pa_countries-kz","136":"pa_countries-la","137":"pa_countries-lb","138":"pa_countries-lc","139":"pa_countries-li","140":"pa_countries-lk","141":"pa_countries-lr","142":"pa_countries-ls","143":"pa_countries-lt","144":"pa_countries-lu","145":"pa_countries-lv","146":"pa_countries-ly","147":"pa_countries-ma","148":"pa_countries-mc","149":"pa_countries-md","150":"pa_countries-me","151":"pa_countries-mf","152":"pa_countries-mg","153":"pa_countries-mh","154":"pa_countries-mk","155":"pa_countries-ml","156":"pa_countries-mm","157":"pa_countries-mn","158":"pa_countries-mo","159":"pa_countries-mp","160":"pa_countries-mq","161":"pa_countries-mr","162":"pa_countries-ms","163":"pa_countries-mt","164":"pa_countries-mu","165":"pa_countries-mv","166":"pa_countries-mw","167":"pa_countries-mx","168":"pa_countries-my","169":"pa_countries-mz","170":"pa_countries-na","171":"pa_countries-nc","172":"pa_countries-ne","173":"pa_countries-nf","174":"pa_countries-ng","175":"pa_countries-ni","176":"pa_countries-nl","177":"pa_countries-no","178":"pa_countries-np","179":"pa_countries-nr","180":"pa_countries-nu","181":"pa_countries-nz","182":"pa_countries-om","183":"pa_countries-pa","184":"pa_countries-pe","185":"pa_countries-pf","186":"pa_countries-pg","187":"pa_countries-ph","188":"pa_countries-pk","189":"pa_countries-pl","190":"pa_countries-pm","191":"pa_countries-pn","192":"pa_countries-pr","193":"pa_countries-ps","194":"pa_countries-pt","195":"pa_countries-pw","196":"pa_countries-py","197":"pa_countries-qa","198":"pa_countries-re","199":"pa_countries-ro","200":"pa_countries-rs","201":"pa_countries-rw","202":"pa_countries-sa","203":"pa_countries-sb","204":"pa_countries-sc","205":"pa_countries-sd","206":"pa_countries-se","207":"pa_countries-sg","208":"pa_countries-sh","209":"pa_countries-si","210":"pa_countries-sj","211":"pa_countries-sk","212":"pa_countries-sl","213":"pa_countries-sm","214":"pa_countries-sn","215":"pa_countries-so","216":"pa_countries-sr","217":"pa_countries-ss","219":"pa_countries-st","220":"pa_countries-sv","221":"pa_countries-sx","222":"pa_countries-sy","223":"pa_countries-sz","224":"pa_countries-tc","225":"pa_countries-td","226":"pa_countries-tf","227":"pa_countries-tg","228":"pa_countries-th","229":"pa_countries-tj","230":"pa_countries-tk","231":"pa_countries-tl","232":"pa_countries-tm","233":"pa_countries-tn","234":"pa_countries-to","235":"pa_countries-tr","236":"pa_countries-tt","237":"pa_countries-tv","238":"pa_countries-tw","239":"pa_countries-tz","240":"pa_countries-ua","241":"pa_countries-ug","242":"pa_countries-um","243":"pa_countries-us","244":"pa_countries-uy","245":"pa_countries-uz","246":"pa_countries-va","247":"pa_countries-vc","248":"pa_countries-ve","249":"pa_countries-vg","250":"pa_countries-vi","251":"pa_countries-vn","252":"pa_countries-vu","253":"pa_countries-wf","254":"pa_countries-ws","255":"pa_countries-xk","256":"pa_countries-ye","257":"pa_countries-yt","258":"pa_countries-za","259":"pa_countries-zm","260":"pa_countries-zw","261":"pa_developer-mouldy-toof-studios","263":"pa_engine-multimedia-fusion","265":"pa_engine-unity","266":"pa_game_type-main_game","268":"pa_genres-adventure","269":"pa_genres-indie","270":"pa_genres-puzzle","271":"pa_genres-role-playing-rpg","272":"pa_genres-simulator","273":"pa_genres-strategy","274":"pa_genres-tactical","276":"pa_interface-de-de","277":"pa_interface-en-us","278":"pa_interface-es-es","279":"pa_interface-fr-fr","280":"pa_interface-it-it","281":"pa_interface-pl-pl","282":"pa_interface-ru-ru","284":"pa_keywords-16-bit","285":"pa_keywords-achievements","286":"pa_keywords-crafting","287":"pa_keywords-crime","288":"pa_keywords-digital-distribution","289":"pa_keywords-downloadable-content","290":"pa_keywords-escaping-imprisonment","291":"pa_keywords-games-with-gold","292":"pa_keywords-pixel-art","293":"pa_keywords-playstation-trophies","295":"pa_keywords-pre-release-public-testing","296":"pa_keywords-steam","297":"pa_keywords-steam-trading-cards","298":"pa_keywords-surveillance-camera","299":"pa_keywords-wasd-movement","300":"pa_modes-single-player","302":"pa_pegi-13424","303":"pa_pegi-772","304":"pa_platform-pc-steam","306":"pa_player_perspectives-bird-view-isometric","308":"pa_publisher-team17","310":"pa_rating-1505","311":"pa_rating-14531","312":"pa_region-global","314":"pa_subtitles-de-de","316":"pa_subtitles-en-us","317":"pa_subtitles-es-es","318":"pa_subtitles-fr-fr","319":"pa_subtitles-it-it","320":"pa_subtitles-pl-pl","321":"pa_subtitles-ru-ru","322":"pa_themes-action","323":"pa_themes-comedy","324":"pa_themes-sandbox","325":"pa_themes-stealth","328":"first","329":"instock","330":"virtual","331":"taxable","332":"purchasable","333":"product-type-simple"},"yoast_head":"<!-- This site is optimized with the Yoast SEO plugin v27.3 - https:\/\/yoast.com\/product\/yoast-seo-wordpress\/ -->\n<title>The Escapists | BeGamer.cz<\/title>\n<meta name=\"robots\" content=\"index, follow, max-snippet:-1, max-image-preview:large, max-video-preview:-1\" \/>\n<link rel=\"canonical\" href=\"https:\/\/begamer.cz\/sk\/produkt\/the-escapists-sk\/\" \/>\n<meta property=\"og:locale\" content=\"sk_SK\" \/>\n<meta property=\"og:type\" content=\"article\" \/>\n<meta property=\"og:title\" content=\"The Escapists | BeGamer.cz\" \/>\n<meta property=\"og:description\" content=\"Hra Escapists pon\u00faka hr\u00e1\u010dom mo\u017enos\u0165 za\u017ei\u0165 nen\u00e1ro\u010dn\u00fd poh\u013ead do ka\u017edodenn\u00e9ho \u017eivota vo v\u00e4zen\u00ed, pri\u010dom hlavn\u00fdm cie\u013eom je \u00fatek!\" \/>\n<meta property=\"og:url\" content=\"https:\/\/begamer.cz\/sk\/produkt\/the-escapists-sk\/\" \/>\n<meta property=\"og:site_name\" content=\"BeGamer.cz\" \/>\n<meta property=\"article:modified_time\" content=\"2026-03-10T22:07:01+00:00\" \/>\n<meta property=\"og:image\" content=\"https:\/\/begamer.cz\/wp-content\/uploads\/2026\/01\/the-escapists-6.webp\" \/>\n\t<meta property=\"og:image:width\" content=\"300\" \/>\n\t<meta property=\"og:image:height\" content=\"400\" \/>\n\t<meta property=\"og:image:type\" content=\"image\/webp\" \/>\n<meta name=\"twitter:card\" content=\"summary_large_image\" \/>\n<meta name=\"twitter:label1\" content=\"Predpokladan\u00fd \u010das \u010d\u00edtania\" \/>\n\t<meta name=\"twitter:data1\" content=\"2 min\u00faty\" \/>\n<script type=\"application\/ld+json\" class=\"yoast-schema-graph\">{\"@context\":\"https:\\\/\\\/schema.org\",\"@graph\":[{\"@type\":\"WebPage\",\"@id\":\"https:\\\/\\\/begamer.cz\\\/sk\\\/produkt\\\/the-escapists-sk\\\/\",\"url\":\"https:\\\/\\\/begamer.cz\\\/sk\\\/produkt\\\/the-escapists-sk\\\/\",\"name\":\"The Escapists | BeGamer.cz\",\"isPartOf\":{\"@id\":\"https:\\\/\\\/begamer.cz\\\/sk\\\/#website\"},\"primaryImageOfPage\":{\"@id\":\"https:\\\/\\\/begamer.cz\\\/sk\\\/produkt\\\/the-escapists-sk\\\/#primaryimage\"},\"image\":{\"@id\":\"https:\\\/\\\/begamer.cz\\\/sk\\\/produkt\\\/the-escapists-sk\\\/#primaryimage\"},\"thumbnailUrl\":\"https:\\\/\\\/begamer.cz\\\/wp-content\\\/uploads\\\/2026\\\/01\\\/the-escapists-6.webp\",\"datePublished\":\"2026-01-30T16:51:20+00:00\",\"dateModified\":\"2026-03-10T22:07:01+00:00\",\"breadcrumb\":{\"@id\":\"https:\\\/\\\/begamer.cz\\\/sk\\\/produkt\\\/the-escapists-sk\\\/#breadcrumb\"},\"inLanguage\":\"sk-SK\",\"potentialAction\":[{\"@type\":\"ReadAction\",\"target\":[\"https:\\\/\\\/begamer.cz\\\/sk\\\/produkt\\\/the-escapists-sk\\\/\"]}]},{\"@type\":\"ImageObject\",\"inLanguage\":\"sk-SK\",\"@id\":\"https:\\\/\\\/begamer.cz\\\/sk\\\/produkt\\\/the-escapists-sk\\\/#primaryimage\",\"url\":\"https:\\\/\\\/begamer.cz\\\/wp-content\\\/uploads\\\/2026\\\/01\\\/the-escapists-6.webp\",\"contentUrl\":\"https:\\\/\\\/begamer.cz\\\/wp-content\\\/uploads\\\/2026\\\/01\\\/the-escapists-6.webp\",\"width\":300,\"height\":400},{\"@type\":\"BreadcrumbList\",\"@id\":\"https:\\\/\\\/begamer.cz\\\/sk\\\/produkt\\\/the-escapists-sk\\\/#breadcrumb\",\"itemListElement\":[{\"@type\":\"ListItem\",\"position\":1,\"name\":\"Domov\",\"item\":\"https:\\\/\\\/begamer.cz\\\/sk\\\/\"},{\"@type\":\"ListItem\",\"position\":2,\"name\":\"Obchod\",\"item\":\"https:\\\/\\\/begamer.cz\\\/obchod\\\/\"},{\"@type\":\"ListItem\",\"position\":3,\"name\":\"The Escapists\"}]},{\"@type\":\"WebSite\",\"@id\":\"https:\\\/\\\/begamer.cz\\\/sk\\\/#website\",\"url\":\"https:\\\/\\\/begamer.cz\\\/sk\\\/\",\"name\":\"BeGamer.cz\",\"description\":\"\",\"publisher\":{\"@id\":\"https:\\\/\\\/begamer.cz\\\/sk\\\/#organization\"},\"potentialAction\":[{\"@type\":\"SearchAction\",\"target\":{\"@type\":\"EntryPoint\",\"urlTemplate\":\"https:\\\/\\\/begamer.cz\\\/sk\\\/?s={search_term_string}\"},\"query-input\":{\"@type\":\"PropertyValueSpecification\",\"valueRequired\":true,\"valueName\":\"search_term_string\"}}],\"inLanguage\":\"sk-SK\"},{\"@type\":\"Organization\",\"@id\":\"https:\\\/\\\/begamer.cz\\\/sk\\\/#organization\",\"name\":\"BeGamer.cz\",\"url\":\"https:\\\/\\\/begamer.cz\\\/sk\\\/\",\"logo\":{\"@type\":\"ImageObject\",\"inLanguage\":\"sk-SK\",\"@id\":\"https:\\\/\\\/begamer.cz\\\/sk\\\/#\\\/schema\\\/logo\\\/image\\\/\",\"url\":\"https:\\\/\\\/begamer.cz\\\/wp-content\\\/uploads\\\/2025\\\/07\\\/logo.svg\",\"contentUrl\":\"https:\\\/\\\/begamer.cz\\\/wp-content\\\/uploads\\\/2025\\\/07\\\/logo.svg\",\"caption\":\"BeGamer.cz\"},\"image\":{\"@id\":\"https:\\\/\\\/begamer.cz\\\/sk\\\/#\\\/schema\\\/logo\\\/image\\\/\"}}]}<\/script>\n<!-- \/ Yoast SEO plugin. -->","yoast_head_json":{"title":"The Escapists | BeGamer.cz","robots":{"index":"index","follow":"follow","max-snippet":"max-snippet:-1","max-image-preview":"max-image-preview:large","max-video-preview":"max-video-preview:-1"},"canonical":"https:\/\/begamer.cz\/sk\/produkt\/the-escapists-sk\/","og_locale":"sk_SK","og_type":"article","og_title":"The Escapists | BeGamer.cz","og_description":"Hra Escapists pon\u00faka hr\u00e1\u010dom mo\u017enos\u0165 za\u017ei\u0165 nen\u00e1ro\u010dn\u00fd poh\u013ead do ka\u017edodenn\u00e9ho \u017eivota vo v\u00e4zen\u00ed, pri\u010dom hlavn\u00fdm cie\u013eom je \u00fatek!","og_url":"https:\/\/begamer.cz\/sk\/produkt\/the-escapists-sk\/","og_site_name":"BeGamer.cz","article_modified_time":"2026-03-10T22:07:01+00:00","og_image":[{"width":300,"height":400,"url":"https:\/\/begamer.cz\/wp-content\/uploads\/2026\/01\/the-escapists-6.webp","type":"image\/webp"}],"twitter_card":"summary_large_image","twitter_misc":{"Predpokladan\u00fd \u010das \u010d\u00edtania":"2 min\u00faty"},"schema":{"@context":"https:\/\/schema.org","@graph":[{"@type":"WebPage","@id":"https:\/\/begamer.cz\/sk\/produkt\/the-escapists-sk\/","url":"https:\/\/begamer.cz\/sk\/produkt\/the-escapists-sk\/","name":"The Escapists | BeGamer.cz","isPartOf":{"@id":"https:\/\/begamer.cz\/sk\/#website"},"primaryImageOfPage":{"@id":"https:\/\/begamer.cz\/sk\/produkt\/the-escapists-sk\/#primaryimage"},"image":{"@id":"https:\/\/begamer.cz\/sk\/produkt\/the-escapists-sk\/#primaryimage"},"thumbnailUrl":"https:\/\/begamer.cz\/wp-content\/uploads\/2026\/01\/the-escapists-6.webp","datePublished":"2026-01-30T16:51:20+00:00","dateModified":"2026-03-10T22:07:01+00:00","breadcrumb":{"@id":"https:\/\/begamer.cz\/sk\/produkt\/the-escapists-sk\/#breadcrumb"},"inLanguage":"sk-SK","potentialAction":[{"@type":"ReadAction","target":["https:\/\/begamer.cz\/sk\/produkt\/the-escapists-sk\/"]}]},{"@type":"ImageObject","inLanguage":"sk-SK","@id":"https:\/\/begamer.cz\/sk\/produkt\/the-escapists-sk\/#primaryimage","url":"https:\/\/begamer.cz\/wp-content\/uploads\/2026\/01\/the-escapists-6.webp","contentUrl":"https:\/\/begamer.cz\/wp-content\/uploads\/2026\/01\/the-escapists-6.webp","width":300,"height":400},{"@type":"BreadcrumbList","@id":"https:\/\/begamer.cz\/sk\/produkt\/the-escapists-sk\/#breadcrumb","itemListElement":[{"@type":"ListItem","position":1,"name":"Domov","item":"https:\/\/begamer.cz\/sk\/"},{"@type":"ListItem","position":2,"name":"Obchod","item":"https:\/\/begamer.cz\/obchod\/"},{"@type":"ListItem","position":3,"name":"The Escapists"}]},{"@type":"WebSite","@id":"https:\/\/begamer.cz\/sk\/#website","url":"https:\/\/begamer.cz\/sk\/","name":"BeGamer.cz","description":"","publisher":{"@id":"https:\/\/begamer.cz\/sk\/#organization"},"potentialAction":[{"@type":"SearchAction","target":{"@type":"EntryPoint","urlTemplate":"https:\/\/begamer.cz\/sk\/?s={search_term_string}"},"query-input":{"@type":"PropertyValueSpecification","valueRequired":true,"valueName":"search_term_string"}}],"inLanguage":"sk-SK"},{"@type":"Organization","@id":"https:\/\/begamer.cz\/sk\/#organization","name":"BeGamer.cz","url":"https:\/\/begamer.cz\/sk\/","logo":{"@type":"ImageObject","inLanguage":"sk-SK","@id":"https:\/\/begamer.cz\/sk\/#\/schema\/logo\/image\/","url":"https:\/\/begamer.cz\/wp-content\/uploads\/2025\/07\/logo.svg","contentUrl":"https:\/\/begamer.cz\/wp-content\/uploads\/2025\/07\/logo.svg","caption":"BeGamer.cz"},"image":{"@id":"https:\/\/begamer.cz\/sk\/#\/schema\/logo\/image\/"}}]}},"acf":[],"_links":{"self":[{"href":"https:\/\/begamer.cz\/sk\/wp-json\/wp\/v2\/product\/99761","targetHints":{"allow":["GET"]}}],"collection":[{"href":"https:\/\/begamer.cz\/sk\/wp-json\/wp\/v2\/product"}],"about":[{"href":"https:\/\/begamer.cz\/sk\/wp-json\/wp\/v2\/types\/product"}],"replies":[{"embeddable":true,"href":"https:\/\/begamer.cz\/sk\/wp-json\/wp\/v2\/comments?post=99761"}],"wp:featuredmedia":[{"embeddable":true,"href":"https:\/\/begamer.cz\/sk\/wp-json\/wp\/v2\/media\/33320"}],"wp:attachment":[{"href":"https:\/\/begamer.cz\/sk\/wp-json\/wp\/v2\/media?parent=99761"}],"wp:term":[{"taxonomy":"product_brand","embeddable":true,"href":"https:\/\/begamer.cz\/sk\/wp-json\/wp\/v2\/product_brand?post=99761"},{"taxonomy":"product_cat","embeddable":true,"href":"https:\/\/begamer.cz\/sk\/wp-json\/wp\/v2\/product_cat?post=99761"},{"taxonomy":"product_tag","embeddable":true,"href":"https:\/\/begamer.cz\/sk\/wp-json\/wp\/v2\/product_tag?post=99761"}],"curies":[{"name":"wp","href":"https:\/\/api.w.org\/{rel}","templated":true}]}}