{"id":99623,"date":"2026-01-30T17:48:38","date_gmt":"2026-01-30T16:48:38","guid":{"rendered":"https:\/\/begamer.cz\/produkt\/metal-gear-solid-master-collection-volume-1-sk\/"},"modified":"2026-03-10T22:57:53","modified_gmt":"2026-03-10T21:57:53","slug":"metal-gear-solid-master-collection-volume-1-sk","status":"publish","type":"product","link":"https:\/\/begamer.cz\/sk\/produkt\/metal-gear-solid-master-collection-volume-1-sk\/","title":{"rendered":"Metal Gear Solid Master Collection: Volume 1"},"content":{"rendered":"<h1>O hre<\/h1>\n<p>T\u00e1to hra, ktor\u00e1 vy\u0161la v roku 1998, bola prv\u00fdm 3D titulom zo s\u00e9rie METAL GEAR. Hra je priekopn\u00edkom 3D stealth akcie proti hrozbe vojny a glob\u00e1lnych jadrov\u00fdch zbran\u00ed, pri\u010dom vyu\u017e\u00edva \u017eiv\u00e9 ak\u010dn\u00e9 z\u00e1bery, filmov\u00e9 prestrihy a inovat\u00edvny hern\u00fd syst\u00e9m.<br \/>Dejov\u00e1 l\u00ednia, pln\u00e1 intr\u00edg a zrady, bola ozna\u010den\u00e1 za najlep\u0161\u00ed pr\u00edbeh 20. storo\u010dia a bola tret\u00edm titulom zo s\u00e9rie METAL GEAR, ktor\u00fd sa stal hitom v nasleduj\u00facich rokoch. S\u00fa\u010das\u0165ou<\/p>\n<p>balenia je aj: Metal Gear, Metal Gear 2: Solid Snake, exkluz\u00edvna digit\u00e1lna kniha scen\u00e1ra a Master Book, ktor\u00e1 podrobne opisuje pr\u00edbeh a postavy v Metal Gear Solid a Metal Gear &amp; Metal Gear 2: Solid Snake.<\/p>\n<p>[Zoznam titulov]<br \/>Metal Gear<br \/>Metal Gear 2: Solid Snake<br \/>Metal Gear Solid (vr\u00e1tane VR misi\u00ed\/\u0161peci\u00e1lnych misi\u00ed)<\/p>\n<p>Region\u00e1lne verzie titulov s\u00fa k dispoz\u00edcii ako dodato\u010dn\u00e9 stiahnute\u013en\u00e9 s\u00fabory.<\/p>\n<p>[Digit\u00e1lna kniha]<br \/>Metal Gear Solid: Screenplay Book<br \/>Metal Gear Solid: Master Book<br \/>Metal Gear &amp; Metal Gear 2: Screenplay Book<br \/>Metal Gear &amp; Metal Gear 2: Master Book<\/p>\n<p>Digit\u00e1lne knihy s\u00fa dostupn\u00e9 z hlavnej obrazovky hry.<\/p>\n","protected":false},"excerpt":{"rendered":"<p>Prv\u00fd 3D titul zo s\u00e9rie METAL GEAR, ktor\u00fd prin\u00e1\u0161a nov\u00fa \u00farove\u0148 stealth akcie s \u017eiv\u00fdmi z\u00e1bermi, filmov\u00fdmi prestrihmi a inovat\u00edvnym hern\u00fdm syst\u00e9mom.<\/p>\n","protected":false},"featured_media":31070,"comment_status":"open","ping_status":"closed","template":"","meta":{"_acf_changed":false},"product_brand":[],"product_cat":[280,268,266,312,9064,9082],"product_tag":[],"class_list":{"0":"post-99623","1":"product","2":"type-product","3":"status-publish","4":"has-post-thumbnail","6":"product_cat-dobrodruzne-pc-hry-sk","7":"product_cat-pc-sk","8":"product_cat-pc-hry-sk","9":"product_cat-steam-pc-sk","10":"product_cat-strielacky-3","11":"product_cat-takticke-3","12":"pa_audio-en-us","14":"pa_audio-ja-jp","16":"pa_countries-at","17":"pa_countries-be","18":"pa_countries-bg","19":"pa_countries-cy","20":"pa_countries-cz","22":"pa_countries-de","23":"pa_countries-dk","24":"pa_countries-ee","25":"pa_countries-es","26":"pa_countries-fi","27":"pa_countries-fr","28":"pa_countries-gr","29":"pa_countries-hr","30":"pa_countries-hu","31":"pa_countries-ie","32":"pa_countries-it","33":"pa_countries-lt","34":"pa_countries-lu","35":"pa_countries-lv","36":"pa_countries-mt","37":"pa_countries-nl","38":"pa_countries-pl","39":"pa_countries-pt","40":"pa_countries-ro","41":"pa_countries-se","42":"pa_countries-si","43":"pa_countries-sk","45":"pa_developer-konami","47":"pa_franchises-metal-gear-solid","49":"pa_game_type-bundle","51":"pa_genres-adventure","53":"pa_genres-shooter","54":"pa_genres-tactical","56":"pa_interface-de-de","57":"pa_interface-en-us","58":"pa_interface-es-es","59":"pa_interface-fr-fr","60":"pa_interface-it-it","62":"pa_interface-ja-jp","64":"pa_modes-single-player","66":"pa_pegi-13426","67":"pa_pegi-794","68":"pa_platform-pc-steam","70":"pa_player_perspectives-bird-view-isometric","72":"pa_player_perspectives-first-person","74":"pa_player_perspectives-third-person","75":"pa_publisher-konami","77":"pa_rating-1100","78":"pa_rating-14480","79":"pa_region-europe","81":"pa_subtitles-de-de","83":"pa_subtitles-en-us","84":"pa_subtitles-es-es","85":"pa_subtitles-fr-fr","86":"pa_subtitles-it-it","87":"pa_subtitles-ja-jp","89":"pa_themes-action","91":"pa_themes-stealth","94":"first","95":"instock","96":"virtual","97":"taxable","98":"purchasable","99":"product-type-simple"},"yoast_head":"<!-- This site is optimized with the Yoast SEO plugin v27.3 - https:\/\/yoast.com\/product\/yoast-seo-wordpress\/ -->\n<title>Metal Gear Solid Master Collection: Volume 1 | BeGamer.cz<\/title>\n<meta name=\"robots\" content=\"index, follow, max-snippet:-1, max-image-preview:large, max-video-preview:-1\" \/>\n<link rel=\"canonical\" href=\"https:\/\/begamer.cz\/sk\/produkt\/metal-gear-solid-master-collection-volume-1-sk\/\" \/>\n<meta property=\"og:locale\" content=\"sk_SK\" \/>\n<meta property=\"og:type\" content=\"article\" \/>\n<meta property=\"og:title\" content=\"Metal Gear Solid Master Collection: Volume 1 | BeGamer.cz\" \/>\n<meta property=\"og:description\" content=\"Prv\u00fd 3D titul zo s\u00e9rie METAL GEAR, ktor\u00fd prin\u00e1\u0161a nov\u00fa \u00farove\u0148 stealth akcie s \u017eiv\u00fdmi z\u00e1bermi, filmov\u00fdmi prestrihmi a inovat\u00edvnym hern\u00fdm syst\u00e9mom.\" \/>\n<meta property=\"og:url\" content=\"https:\/\/begamer.cz\/sk\/produkt\/metal-gear-solid-master-collection-volume-1-sk\/\" \/>\n<meta property=\"og:site_name\" content=\"BeGamer.cz\" \/>\n<meta property=\"article:modified_time\" content=\"2026-03-10T21:57:53+00:00\" \/>\n<meta property=\"og:image\" content=\"https:\/\/begamer.cz\/wp-content\/uploads\/2026\/01\/metal-gear-solid-master-collection-volume-1-9.webp\" \/>\n\t<meta property=\"og:image:width\" content=\"300\" \/>\n\t<meta property=\"og:image:height\" content=\"400\" \/>\n\t<meta property=\"og:image:type\" content=\"image\/webp\" \/>\n<meta name=\"twitter:card\" content=\"summary_large_image\" \/>\n<meta name=\"twitter:label1\" content=\"Predpokladan\u00fd \u010das \u010d\u00edtania\" \/>\n\t<meta name=\"twitter:data1\" content=\"1 min\u00fata\" \/>\n<script type=\"application\/ld+json\" class=\"yoast-schema-graph\">{\"@context\":\"https:\\\/\\\/schema.org\",\"@graph\":[{\"@type\":\"WebPage\",\"@id\":\"https:\\\/\\\/begamer.cz\\\/sk\\\/produkt\\\/metal-gear-solid-master-collection-volume-1-sk\\\/\",\"url\":\"https:\\\/\\\/begamer.cz\\\/sk\\\/produkt\\\/metal-gear-solid-master-collection-volume-1-sk\\\/\",\"name\":\"Metal Gear Solid Master Collection: Volume 1 | BeGamer.cz\",\"isPartOf\":{\"@id\":\"https:\\\/\\\/begamer.cz\\\/sk\\\/#website\"},\"primaryImageOfPage\":{\"@id\":\"https:\\\/\\\/begamer.cz\\\/sk\\\/produkt\\\/metal-gear-solid-master-collection-volume-1-sk\\\/#primaryimage\"},\"image\":{\"@id\":\"https:\\\/\\\/begamer.cz\\\/sk\\\/produkt\\\/metal-gear-solid-master-collection-volume-1-sk\\\/#primaryimage\"},\"thumbnailUrl\":\"https:\\\/\\\/begamer.cz\\\/wp-content\\\/uploads\\\/2026\\\/01\\\/metal-gear-solid-master-collection-volume-1-9.webp\",\"datePublished\":\"2026-01-30T16:48:38+00:00\",\"dateModified\":\"2026-03-10T21:57:53+00:00\",\"breadcrumb\":{\"@id\":\"https:\\\/\\\/begamer.cz\\\/sk\\\/produkt\\\/metal-gear-solid-master-collection-volume-1-sk\\\/#breadcrumb\"},\"inLanguage\":\"sk-SK\",\"potentialAction\":[{\"@type\":\"ReadAction\",\"target\":[\"https:\\\/\\\/begamer.cz\\\/sk\\\/produkt\\\/metal-gear-solid-master-collection-volume-1-sk\\\/\"]}]},{\"@type\":\"ImageObject\",\"inLanguage\":\"sk-SK\",\"@id\":\"https:\\\/\\\/begamer.cz\\\/sk\\\/produkt\\\/metal-gear-solid-master-collection-volume-1-sk\\\/#primaryimage\",\"url\":\"https:\\\/\\\/begamer.cz\\\/wp-content\\\/uploads\\\/2026\\\/01\\\/metal-gear-solid-master-collection-volume-1-9.webp\",\"contentUrl\":\"https:\\\/\\\/begamer.cz\\\/wp-content\\\/uploads\\\/2026\\\/01\\\/metal-gear-solid-master-collection-volume-1-9.webp\",\"width\":300,\"height\":400},{\"@type\":\"BreadcrumbList\",\"@id\":\"https:\\\/\\\/begamer.cz\\\/sk\\\/produkt\\\/metal-gear-solid-master-collection-volume-1-sk\\\/#breadcrumb\",\"itemListElement\":[{\"@type\":\"ListItem\",\"position\":1,\"name\":\"Domov\",\"item\":\"https:\\\/\\\/begamer.cz\\\/sk\\\/\"},{\"@type\":\"ListItem\",\"position\":2,\"name\":\"Obchod\",\"item\":\"https:\\\/\\\/begamer.cz\\\/obchod\\\/\"},{\"@type\":\"ListItem\",\"position\":3,\"name\":\"Metal Gear Solid Master Collection: Volume 1\"}]},{\"@type\":\"WebSite\",\"@id\":\"https:\\\/\\\/begamer.cz\\\/sk\\\/#website\",\"url\":\"https:\\\/\\\/begamer.cz\\\/sk\\\/\",\"name\":\"BeGamer.cz\",\"description\":\"\",\"publisher\":{\"@id\":\"https:\\\/\\\/begamer.cz\\\/sk\\\/#organization\"},\"potentialAction\":[{\"@type\":\"SearchAction\",\"target\":{\"@type\":\"EntryPoint\",\"urlTemplate\":\"https:\\\/\\\/begamer.cz\\\/sk\\\/?s={search_term_string}\"},\"query-input\":{\"@type\":\"PropertyValueSpecification\",\"valueRequired\":true,\"valueName\":\"search_term_string\"}}],\"inLanguage\":\"sk-SK\"},{\"@type\":\"Organization\",\"@id\":\"https:\\\/\\\/begamer.cz\\\/sk\\\/#organization\",\"name\":\"BeGamer.cz\",\"url\":\"https:\\\/\\\/begamer.cz\\\/sk\\\/\",\"logo\":{\"@type\":\"ImageObject\",\"inLanguage\":\"sk-SK\",\"@id\":\"https:\\\/\\\/begamer.cz\\\/sk\\\/#\\\/schema\\\/logo\\\/image\\\/\",\"url\":\"https:\\\/\\\/begamer.cz\\\/wp-content\\\/uploads\\\/2025\\\/07\\\/logo.svg\",\"contentUrl\":\"https:\\\/\\\/begamer.cz\\\/wp-content\\\/uploads\\\/2025\\\/07\\\/logo.svg\",\"caption\":\"BeGamer.cz\"},\"image\":{\"@id\":\"https:\\\/\\\/begamer.cz\\\/sk\\\/#\\\/schema\\\/logo\\\/image\\\/\"}}]}<\/script>\n<!-- \/ Yoast SEO plugin. -->","yoast_head_json":{"title":"Metal Gear Solid Master Collection: Volume 1 | BeGamer.cz","robots":{"index":"index","follow":"follow","max-snippet":"max-snippet:-1","max-image-preview":"max-image-preview:large","max-video-preview":"max-video-preview:-1"},"canonical":"https:\/\/begamer.cz\/sk\/produkt\/metal-gear-solid-master-collection-volume-1-sk\/","og_locale":"sk_SK","og_type":"article","og_title":"Metal Gear Solid Master Collection: Volume 1 | BeGamer.cz","og_description":"Prv\u00fd 3D titul zo s\u00e9rie METAL GEAR, ktor\u00fd prin\u00e1\u0161a nov\u00fa \u00farove\u0148 stealth akcie s \u017eiv\u00fdmi z\u00e1bermi, filmov\u00fdmi prestrihmi a inovat\u00edvnym hern\u00fdm syst\u00e9mom.","og_url":"https:\/\/begamer.cz\/sk\/produkt\/metal-gear-solid-master-collection-volume-1-sk\/","og_site_name":"BeGamer.cz","article_modified_time":"2026-03-10T21:57:53+00:00","og_image":[{"width":300,"height":400,"url":"https:\/\/begamer.cz\/wp-content\/uploads\/2026\/01\/metal-gear-solid-master-collection-volume-1-9.webp","type":"image\/webp"}],"twitter_card":"summary_large_image","twitter_misc":{"Predpokladan\u00fd \u010das \u010d\u00edtania":"1 min\u00fata"},"schema":{"@context":"https:\/\/schema.org","@graph":[{"@type":"WebPage","@id":"https:\/\/begamer.cz\/sk\/produkt\/metal-gear-solid-master-collection-volume-1-sk\/","url":"https:\/\/begamer.cz\/sk\/produkt\/metal-gear-solid-master-collection-volume-1-sk\/","name":"Metal Gear Solid Master Collection: Volume 1 | BeGamer.cz","isPartOf":{"@id":"https:\/\/begamer.cz\/sk\/#website"},"primaryImageOfPage":{"@id":"https:\/\/begamer.cz\/sk\/produkt\/metal-gear-solid-master-collection-volume-1-sk\/#primaryimage"},"image":{"@id":"https:\/\/begamer.cz\/sk\/produkt\/metal-gear-solid-master-collection-volume-1-sk\/#primaryimage"},"thumbnailUrl":"https:\/\/begamer.cz\/wp-content\/uploads\/2026\/01\/metal-gear-solid-master-collection-volume-1-9.webp","datePublished":"2026-01-30T16:48:38+00:00","dateModified":"2026-03-10T21:57:53+00:00","breadcrumb":{"@id":"https:\/\/begamer.cz\/sk\/produkt\/metal-gear-solid-master-collection-volume-1-sk\/#breadcrumb"},"inLanguage":"sk-SK","potentialAction":[{"@type":"ReadAction","target":["https:\/\/begamer.cz\/sk\/produkt\/metal-gear-solid-master-collection-volume-1-sk\/"]}]},{"@type":"ImageObject","inLanguage":"sk-SK","@id":"https:\/\/begamer.cz\/sk\/produkt\/metal-gear-solid-master-collection-volume-1-sk\/#primaryimage","url":"https:\/\/begamer.cz\/wp-content\/uploads\/2026\/01\/metal-gear-solid-master-collection-volume-1-9.webp","contentUrl":"https:\/\/begamer.cz\/wp-content\/uploads\/2026\/01\/metal-gear-solid-master-collection-volume-1-9.webp","width":300,"height":400},{"@type":"BreadcrumbList","@id":"https:\/\/begamer.cz\/sk\/produkt\/metal-gear-solid-master-collection-volume-1-sk\/#breadcrumb","itemListElement":[{"@type":"ListItem","position":1,"name":"Domov","item":"https:\/\/begamer.cz\/sk\/"},{"@type":"ListItem","position":2,"name":"Obchod","item":"https:\/\/begamer.cz\/obchod\/"},{"@type":"ListItem","position":3,"name":"Metal Gear Solid Master Collection: Volume 1"}]},{"@type":"WebSite","@id":"https:\/\/begamer.cz\/sk\/#website","url":"https:\/\/begamer.cz\/sk\/","name":"BeGamer.cz","description":"","publisher":{"@id":"https:\/\/begamer.cz\/sk\/#organization"},"potentialAction":[{"@type":"SearchAction","target":{"@type":"EntryPoint","urlTemplate":"https:\/\/begamer.cz\/sk\/?s={search_term_string}"},"query-input":{"@type":"PropertyValueSpecification","valueRequired":true,"valueName":"search_term_string"}}],"inLanguage":"sk-SK"},{"@type":"Organization","@id":"https:\/\/begamer.cz\/sk\/#organization","name":"BeGamer.cz","url":"https:\/\/begamer.cz\/sk\/","logo":{"@type":"ImageObject","inLanguage":"sk-SK","@id":"https:\/\/begamer.cz\/sk\/#\/schema\/logo\/image\/","url":"https:\/\/begamer.cz\/wp-content\/uploads\/2025\/07\/logo.svg","contentUrl":"https:\/\/begamer.cz\/wp-content\/uploads\/2025\/07\/logo.svg","caption":"BeGamer.cz"},"image":{"@id":"https:\/\/begamer.cz\/sk\/#\/schema\/logo\/image\/"}}]}},"acf":[],"_links":{"self":[{"href":"https:\/\/begamer.cz\/sk\/wp-json\/wp\/v2\/product\/99623","targetHints":{"allow":["GET"]}}],"collection":[{"href":"https:\/\/begamer.cz\/sk\/wp-json\/wp\/v2\/product"}],"about":[{"href":"https:\/\/begamer.cz\/sk\/wp-json\/wp\/v2\/types\/product"}],"replies":[{"embeddable":true,"href":"https:\/\/begamer.cz\/sk\/wp-json\/wp\/v2\/comments?post=99623"}],"wp:featuredmedia":[{"embeddable":true,"href":"https:\/\/begamer.cz\/sk\/wp-json\/wp\/v2\/media\/31070"}],"wp:attachment":[{"href":"https:\/\/begamer.cz\/sk\/wp-json\/wp\/v2\/media?parent=99623"}],"wp:term":[{"taxonomy":"product_brand","embeddable":true,"href":"https:\/\/begamer.cz\/sk\/wp-json\/wp\/v2\/product_brand?post=99623"},{"taxonomy":"product_cat","embeddable":true,"href":"https:\/\/begamer.cz\/sk\/wp-json\/wp\/v2\/product_cat?post=99623"},{"taxonomy":"product_tag","embeddable":true,"href":"https:\/\/begamer.cz\/sk\/wp-json\/wp\/v2\/product_tag?post=99623"}],"curies":[{"name":"wp","href":"https:\/\/api.w.org\/{rel}","templated":true}]}}