{"id":99587,"date":"2026-01-30T17:47:56","date_gmt":"2026-01-30T16:47:56","guid":{"rendered":"https:\/\/begamer.cz\/produkt\/scarlet-nexus-sk\/"},"modified":"2026-03-10T22:53:54","modified_gmt":"2026-03-10T21:53:54","slug":"scarlet-nexus-sk","status":"publish","type":"product","link":"https:\/\/begamer.cz\/sk\/produkt\/scarlet-nexus-sk\/","title":{"rendered":"Scarlet Nexus"},"content":{"rendered":"<h1>O hre<\/h1>\n<p><span class=\"bb_img_ctn\"><video class=\"bb_img\" autoplay muted loop playsinline poster=\"https:\/\/shared.akamai.steamstatic.com\/store_item_assets\/steam\/apps\/775500\/extras\/a7afa4f9aa17644cc2926f087d4803cd.poster.avif?t=1703662938\" width=616 height=180 ><source src=\"https:\/\/shared.akamai.steamstatic.com\/store_item_assets\/steam\/apps\/775500\/extras\/a7afa4f9aa17644cc2926f087d4803cd.webm?t=1703662938\" type=\"video\/webm; codecs=vp9\"><source src=\"https:\/\/shared.akamai.steamstatic.com\/store_item_assets\/steam\/apps\/775500\/extras\/a7afa4f9aa17644cc2926f087d4803cd.mp4?t=1703662938\" type=\"video\/mp4\"><\/video><\/span><\/p>\n<p>V \u010falekej bud\u00facnosti bol v \u013eudskom mozgu objaven\u00fd psionick\u00fd horm\u00f3n, ktor\u00fd \u013eu\u010fom poskytoval mimoriadne zmyslov\u00e9 schopnosti a zmenil svet, ako sme ho poznali. Ke\u010f \u013eudstvo vst\u00fapilo do tejto novej \u00e9ry, z neba za\u010dali pada\u0165 \u0161ialen\u00ed mutanti zn\u00e1mi ako In\u00ed, ktor\u00ed t\u00fa\u017eili po \u013eudsk\u00fdch mozgoch. Vzh\u013eadom na ich vysok\u00fa odolnos\u0165 vo\u010di be\u017en\u00fdm \u00fatokom bolo potrebn\u00e9 prija\u0165 extr\u00e9mne opatrenia, aby sa dalo bojova\u0165 proti tejto ohromuj\u00facej hrozbe a zachr\u00e1ni\u0165 \u013eudstvo. Jedinou \u0161ancou na boj proti n\u00e1poru zhora boli \u013eudia s v\u00fdnimo\u010dn\u00fdmi mimoriadnymi schopnos\u0165ami, zn\u00e1mi ako psionici. Od tej doby sa psionici vyh\u013ead\u00e1vaj\u00fa pre svoje talenty a verbuj\u00fa sa do Other Suppression Force (OSF), poslednej obrannej l\u00ednie \u013eudstva.<\/p>\n<p><span class=\"bb_img_ctn\"><video class=\"bb_img\" autoplay muted loop playsinline poster=\"https:\/\/shared.akamai.steamstatic.com\/store_item_assets\/steam\/apps\/775500\/extras\/bc2a24d5fa4461f05b82ad54bd52e36b.poster.avif?t=1703662938\" width=616 height=180 ><source src=\"https:\/\/shared.akamai.steamstatic.com\/store_item_assets\/steam\/apps\/775500\/extras\/bc2a24d5fa4461f05b82ad54bd52e36b.webm?t=1703662938\" type=\"video\/webm; codecs=vp9\"><source src=\"https:\/\/shared.akamai.steamstatic.com\/store_item_assets\/steam\/apps\/775500\/extras\/bc2a24d5fa4461f05b82ad54bd52e36b.mp4?t=1703662938\" type=\"video\/mp4\"><\/video><\/span><\/p>\n<p>V\u010faka dvojitej dejovej l\u00ednii m\u00f4\u017eete svoje dobrodru\u017estvo za\u010da\u0165 bu\u010f s Yuito Sumeragim, energick\u00fdm nov\u00e1\u010dikom z prest\u00ed\u017enej politickej rodiny, alebo s Kasane Randallovou, tajomnou zvedkou, ktorej sila a zru\u010dnosti si z\u00edskali ve\u013ek\u00fa poves\u0165 medzi \u010dlenmi OSF. A\u017e ke\u010f sa ich odli\u0161n\u00e9 sk\u00fasenosti preplet\u00fa, odhal\u00edte cel\u00fd pr\u00edbeh a odomknete v\u0161etky tajomstv\u00e1 bud\u00facnosti Brain Punk, ktor\u00e1 je uviaznut\u00e1 medzi technol\u00f3giou a psychick\u00fdmi schopnos\u0165ami v SCARLET NEXUS.<\/p>\n<p><span class=\"bb_img_ctn\"><video class=\"bb_img\" autoplay muted loop playsinline poster=\"https:\/\/shared.akamai.steamstatic.com\/store_item_assets\/steam\/apps\/775500\/extras\/dc89fabf63fd9efb71f5612b5db02874.poster.avif?t=1703662938\" width=616 height=180 ><source src=\"https:\/\/shared.akamai.steamstatic.com\/store_item_assets\/steam\/apps\/775500\/extras\/dc89fabf63fd9efb71f5612b5db02874.webm?t=1703662938\" type=\"video\/webm; codecs=vp9\"><source src=\"https:\/\/shared.akamai.steamstatic.com\/store_item_assets\/steam\/apps\/775500\/extras\/dc89fabf63fd9efb71f5612b5db02874.mp4?t=1703662938\" type=\"video\/mp4\"><\/video><\/span><\/p>\n<p>Kinetic Psychic Combat \u2013 V\u010faka psychokinetick\u00fdm schopnostiam sa svet okolo v\u00e1s stane va\u0161ou najv\u00e4\u010d\u0161ou zbra\u0148ou. Zdv\u00edhajte, rozb\u00edjajte a h\u00e1d\u017ete predmety vo va\u0161om okol\u00ed, aby ste vytvorili \u00fato\u010dn\u00e9 kombo a zni\u010dili svojich nepriate\u013eov.<\/p>\n<p>Vyhladte ostatn\u00fdch \u2013 Pom\u00e4ten\u00ed mutanti, ktor\u00ed zost\u00fapili z neba, s\u00fa vysoko odoln\u00ed vo\u010di be\u017en\u00fdm \u00fato\u010dn\u00fdm met\u00f3dam a obran\u00e1m. Tr\u00e1pia ich neust\u00e1le bolesti sp\u00f4soben\u00e9 mut\u00e1ciou, a preto h\u013eadaj\u00fa mozgy \u017eiv\u00fdch organizmov, aby upokojili svoje \u0161ialenstvo.<\/p>\n<p>Objavte bud\u00facnos\u0165 Brain Punk \u2013 Presk\u00famajte a chr\u00e1\u0148te futuristick\u00fa japonsk\u00fa krajinu, ktor\u00e1 kombinuje in\u0161pir\u00e1cie z klasick\u00e9ho anime a z\u00e1padnej sci-fi. Dvojit\u00fd pr\u00edbeh \u2013 Ponorte sa do komplexn\u00e9ho<\/p>\n<p>pr\u00edbehu o put\u00e1ch, odvahu a hrdinstve, ktor\u00fd vytvorili tvorcovia kultovej hry Tales of Vesperia.<\/p>\n","protected":false},"excerpt":{"rendered":"<p>Vyberte si medzi Yuitom a Kasane, elitn\u00fdmi psionikmi, ktor\u00ed disponuj\u00fa talentom v psychokin\u00e9ze a maj\u00fa svoje vlastn\u00e9 d\u00f4vody na boj. Dokon\u010dite pr\u00edbehy oboch post\u00e1v a odha\u013ete v\u0161etky tajomstv\u00e1 bud\u00facnosti Brain Punk, ktor\u00e1 sa nach\u00e1dza na pomedz\u00ed technol\u00f3gie a psychick\u00fdch schopnost\u00ed.<\/p>\n","protected":false},"featured_media":30755,"comment_status":"open","ping_status":"closed","template":"","meta":{"_acf_changed":false},"product_brand":[],"product_cat":[270,268,266,308,312],"product_tag":[],"class_list":{"0":"post-99587","1":"product","2":"type-product","3":"status-publish","4":"has-post-thumbnail","6":"product_cat-adventury-pc-hry-sk","7":"product_cat-pc-sk","8":"product_cat-pc-hry-sk","9":"product_cat-rpg-pc-hry-sk","10":"product_cat-steam-pc-sk","11":"pa_audio-en-us","13":"pa_audio-ja-jp","15":"pa_countries-ad","16":"pa_countries-ae","17":"pa_countries-af","18":"pa_countries-ag","19":"pa_countries-ai","20":"pa_countries-al","21":"pa_countries-am","22":"pa_countries-ao","23":"pa_countries-aq","24":"pa_countries-ar","25":"pa_countries-as","26":"pa_countries-at","27":"pa_countries-au","28":"pa_countries-aw","29":"pa_countries-ax","30":"pa_countries-az","31":"pa_countries-ba","32":"pa_countries-bb","33":"pa_countries-bd","34":"pa_countries-be","35":"pa_countries-bf","36":"pa_countries-bg","37":"pa_countries-bh","38":"pa_countries-bi","39":"pa_countries-bj","40":"pa_countries-bl","41":"pa_countries-bm","42":"pa_countries-bn","43":"pa_countries-bo","44":"pa_countries-bq","45":"pa_countries-br","46":"pa_countries-bs","47":"pa_countries-bt","48":"pa_countries-bv","49":"pa_countries-bw","50":"pa_countries-bz","51":"pa_countries-ca","52":"pa_countries-cc","53":"pa_countries-cd","54":"pa_countries-cf","55":"pa_countries-cg","56":"pa_countries-ch","57":"pa_countries-ci","58":"pa_countries-ck","59":"pa_countries-cl","60":"pa_countries-cm","61":"pa_countries-cn","62":"pa_countries-co","63":"pa_countries-cr","64":"pa_countries-cu","65":"pa_countries-cv","66":"pa_countries-cw","67":"pa_countries-cx","68":"pa_countries-cy","69":"pa_countries-cz","70":"pa_countries-de","71":"pa_countries-dj","72":"pa_countries-dk","73":"pa_countries-dm","74":"pa_countries-do","75":"pa_countries-dz","76":"pa_countries-ec","77":"pa_countries-ee","78":"pa_countries-eg","79":"pa_countries-eh","80":"pa_countries-er","81":"pa_countries-es","82":"pa_countries-et","83":"pa_countries-fi","84":"pa_countries-fj","85":"pa_countries-fk","86":"pa_countries-fm","87":"pa_countries-fo","88":"pa_countries-fr","89":"pa_countries-ga","90":"pa_countries-gb","91":"pa_countries-gd","92":"pa_countries-ge","93":"pa_countries-gf","94":"pa_countries-gg","95":"pa_countries-gh","96":"pa_countries-gi","97":"pa_countries-gl","98":"pa_countries-gm","99":"pa_countries-gn","100":"pa_countries-gp","101":"pa_countries-gq","102":"pa_countries-gr","103":"pa_countries-gs","104":"pa_countries-gt","105":"pa_countries-gu","106":"pa_countries-gw","107":"pa_countries-gy","108":"pa_countries-hk","109":"pa_countries-hm","110":"pa_countries-hn","111":"pa_countries-hr","112":"pa_countries-ht","113":"pa_countries-hu","114":"pa_countries-id","115":"pa_countries-ie","116":"pa_countries-il","117":"pa_countries-im","118":"pa_countries-in","119":"pa_countries-io","120":"pa_countries-iq","121":"pa_countries-ir","122":"pa_countries-is","123":"pa_countries-it","124":"pa_countries-je","125":"pa_countries-jm","126":"pa_countries-jo","127":"pa_countries-jp","128":"pa_countries-ke","129":"pa_countries-kg","130":"pa_countries-kh","131":"pa_countries-ki","132":"pa_countries-km","133":"pa_countries-kn","134":"pa_countries-kp","135":"pa_countries-kr","136":"pa_countries-kw","137":"pa_countries-ky","138":"pa_countries-kz","139":"pa_countries-la","140":"pa_countries-lb","141":"pa_countries-lc","142":"pa_countries-li","143":"pa_countries-lk","144":"pa_countries-lr","145":"pa_countries-ls","146":"pa_countries-lt","147":"pa_countries-lu","148":"pa_countries-lv","149":"pa_countries-ly","150":"pa_countries-ma","151":"pa_countries-mc","152":"pa_countries-md","153":"pa_countries-me","154":"pa_countries-mf","155":"pa_countries-mg","156":"pa_countries-mh","157":"pa_countries-mk","158":"pa_countries-ml","159":"pa_countries-mm","160":"pa_countries-mn","161":"pa_countries-mo","162":"pa_countries-mp","163":"pa_countries-mq","164":"pa_countries-mr","165":"pa_countries-ms","166":"pa_countries-mt","167":"pa_countries-mu","168":"pa_countries-mv","169":"pa_countries-mw","170":"pa_countries-mx","171":"pa_countries-my","172":"pa_countries-mz","173":"pa_countries-na","174":"pa_countries-nc","175":"pa_countries-ne","176":"pa_countries-nf","177":"pa_countries-ng","178":"pa_countries-ni","179":"pa_countries-nl","180":"pa_countries-no","181":"pa_countries-np","182":"pa_countries-nr","183":"pa_countries-nu","184":"pa_countries-nz","185":"pa_countries-om","186":"pa_countries-pa","187":"pa_countries-pe","188":"pa_countries-pf","189":"pa_countries-pg","190":"pa_countries-ph","191":"pa_countries-pk","192":"pa_countries-pl","193":"pa_countries-pm","194":"pa_countries-pn","195":"pa_countries-pr","196":"pa_countries-ps","197":"pa_countries-pt","198":"pa_countries-pw","199":"pa_countries-py","200":"pa_countries-qa","201":"pa_countries-re","202":"pa_countries-ro","203":"pa_countries-rs","204":"pa_countries-rw","205":"pa_countries-sa","206":"pa_countries-sb","207":"pa_countries-sc","208":"pa_countries-sd","209":"pa_countries-se","210":"pa_countries-sg","211":"pa_countries-sh","212":"pa_countries-si","213":"pa_countries-sj","214":"pa_countries-sk","215":"pa_countries-sl","216":"pa_countries-sm","217":"pa_countries-sn","218":"pa_countries-so","219":"pa_countries-sr","220":"pa_countries-ss","222":"pa_countries-st","223":"pa_countries-sv","224":"pa_countries-sx","225":"pa_countries-sy","226":"pa_countries-sz","227":"pa_countries-tc","228":"pa_countries-td","229":"pa_countries-tf","230":"pa_countries-tg","231":"pa_countries-th","232":"pa_countries-tj","233":"pa_countries-tk","234":"pa_countries-tl","235":"pa_countries-tm","236":"pa_countries-tn","237":"pa_countries-to","238":"pa_countries-tr","239":"pa_countries-tt","240":"pa_countries-tv","241":"pa_countries-tw","242":"pa_countries-tz","243":"pa_countries-ua","244":"pa_countries-ug","245":"pa_countries-um","246":"pa_countries-us","247":"pa_countries-uy","248":"pa_countries-uz","249":"pa_countries-va","250":"pa_countries-vc","251":"pa_countries-vg","252":"pa_countries-vi","253":"pa_countries-vn","254":"pa_countries-vu","255":"pa_countries-wf","257":"pa_countries-ws","258":"pa_countries-xk","260":"pa_countries-ye","261":"pa_countries-yt","262":"pa_countries-za","263":"pa_countries-zm","264":"pa_countries-zw","265":"pa_developer-bandai-namco-studios","267":"pa_developer-tose","269":"pa_engine-unreal-engine-4","271":"pa_game_type-main_game","273":"pa_genres-adventure","275":"pa_genres-role-playing-rpg","277":"pa_interface-de-de","278":"pa_interface-en-us","279":"pa_interface-es-es","280":"pa_interface-es-mx","281":"pa_interface-fr-fr","282":"pa_interface-it-it","283":"pa_interface-ja-jp","284":"pa_interface-ko-kr","286":"pa_interface-pt-br","288":"pa_interface-ru-ru","290":"pa_interface-zh-cn","291":"pa_interface-zh-tw","292":"pa_modes-single-player","294":"pa_pegi-13432","295":"pa_pegi-956","296":"pa_platform-pc-steam","298":"pa_player_perspectives-third-person","300":"pa_publisher-bandai-namco-entertainment","302":"pa_rating-14460","303":"pa_rating-957","304":"pa_region-global","306":"pa_subtitles-de-de","308":"pa_subtitles-en-us","309":"pa_subtitles-es-es","310":"pa_subtitles-es-mx","311":"pa_subtitles-fr-fr","312":"pa_subtitles-it-it","313":"pa_subtitles-ja-jp","314":"pa_subtitles-ko-kr","315":"pa_subtitles-pt-br","317":"pa_subtitles-ru-ru","319":"pa_subtitles-zh-cn","320":"pa_subtitles-zh-tw","321":"pa_themes-action","323":"pa_themes-fantasy","326":"first","327":"instock","328":"virtual","329":"taxable","330":"purchasable","331":"product-type-simple"},"yoast_head":"<!-- This site is optimized with the Yoast SEO plugin v27.3 - https:\/\/yoast.com\/product\/yoast-seo-wordpress\/ -->\n<title>Scarlet Nexus | BeGamer.cz<\/title>\n<meta name=\"robots\" content=\"index, follow, max-snippet:-1, max-image-preview:large, max-video-preview:-1\" \/>\n<link rel=\"canonical\" href=\"https:\/\/begamer.cz\/sk\/produkt\/scarlet-nexus-sk\/\" \/>\n<meta property=\"og:locale\" content=\"sk_SK\" \/>\n<meta property=\"og:type\" content=\"article\" \/>\n<meta property=\"og:title\" content=\"Scarlet Nexus | BeGamer.cz\" \/>\n<meta property=\"og:description\" content=\"Vyberte si medzi Yuitom a Kasane, elitn\u00fdmi psionikmi, ktor\u00ed disponuj\u00fa talentom v psychokin\u00e9ze a maj\u00fa svoje vlastn\u00e9 d\u00f4vody na boj. Dokon\u010dite pr\u00edbehy oboch post\u00e1v a odha\u013ete v\u0161etky tajomstv\u00e1 bud\u00facnosti Brain Punk, ktor\u00e1 sa nach\u00e1dza na pomedz\u00ed technol\u00f3gie a psychick\u00fdch schopnost\u00ed.\" \/>\n<meta property=\"og:url\" content=\"https:\/\/begamer.cz\/sk\/produkt\/scarlet-nexus-sk\/\" \/>\n<meta property=\"og:site_name\" content=\"BeGamer.cz\" \/>\n<meta property=\"article:modified_time\" content=\"2026-03-10T21:53:54+00:00\" \/>\n<meta property=\"og:image\" content=\"https:\/\/begamer.cz\/wp-content\/uploads\/2026\/01\/scarlet-nexus-7.webp\" \/>\n\t<meta property=\"og:image:width\" content=\"300\" \/>\n\t<meta property=\"og:image:height\" content=\"400\" \/>\n\t<meta property=\"og:image:type\" content=\"image\/webp\" \/>\n<meta name=\"twitter:card\" content=\"summary_large_image\" \/>\n<meta name=\"twitter:label1\" content=\"Predpokladan\u00fd \u010das \u010d\u00edtania\" \/>\n\t<meta name=\"twitter:data1\" content=\"2 min\u00faty\" \/>\n<script type=\"application\/ld+json\" class=\"yoast-schema-graph\">{\"@context\":\"https:\\\/\\\/schema.org\",\"@graph\":[{\"@type\":\"WebPage\",\"@id\":\"https:\\\/\\\/begamer.cz\\\/sk\\\/produkt\\\/scarlet-nexus-sk\\\/\",\"url\":\"https:\\\/\\\/begamer.cz\\\/sk\\\/produkt\\\/scarlet-nexus-sk\\\/\",\"name\":\"Scarlet Nexus | BeGamer.cz\",\"isPartOf\":{\"@id\":\"https:\\\/\\\/begamer.cz\\\/sk\\\/#website\"},\"primaryImageOfPage\":{\"@id\":\"https:\\\/\\\/begamer.cz\\\/sk\\\/produkt\\\/scarlet-nexus-sk\\\/#primaryimage\"},\"image\":{\"@id\":\"https:\\\/\\\/begamer.cz\\\/sk\\\/produkt\\\/scarlet-nexus-sk\\\/#primaryimage\"},\"thumbnailUrl\":\"https:\\\/\\\/begamer.cz\\\/wp-content\\\/uploads\\\/2026\\\/01\\\/scarlet-nexus-7.webp\",\"datePublished\":\"2026-01-30T16:47:56+00:00\",\"dateModified\":\"2026-03-10T21:53:54+00:00\",\"breadcrumb\":{\"@id\":\"https:\\\/\\\/begamer.cz\\\/sk\\\/produkt\\\/scarlet-nexus-sk\\\/#breadcrumb\"},\"inLanguage\":\"sk-SK\",\"potentialAction\":[{\"@type\":\"ReadAction\",\"target\":[\"https:\\\/\\\/begamer.cz\\\/sk\\\/produkt\\\/scarlet-nexus-sk\\\/\"]}]},{\"@type\":\"ImageObject\",\"inLanguage\":\"sk-SK\",\"@id\":\"https:\\\/\\\/begamer.cz\\\/sk\\\/produkt\\\/scarlet-nexus-sk\\\/#primaryimage\",\"url\":\"https:\\\/\\\/begamer.cz\\\/wp-content\\\/uploads\\\/2026\\\/01\\\/scarlet-nexus-7.webp\",\"contentUrl\":\"https:\\\/\\\/begamer.cz\\\/wp-content\\\/uploads\\\/2026\\\/01\\\/scarlet-nexus-7.webp\",\"width\":300,\"height\":400},{\"@type\":\"BreadcrumbList\",\"@id\":\"https:\\\/\\\/begamer.cz\\\/sk\\\/produkt\\\/scarlet-nexus-sk\\\/#breadcrumb\",\"itemListElement\":[{\"@type\":\"ListItem\",\"position\":1,\"name\":\"Domov\",\"item\":\"https:\\\/\\\/begamer.cz\\\/sk\\\/\"},{\"@type\":\"ListItem\",\"position\":2,\"name\":\"Obchod\",\"item\":\"https:\\\/\\\/begamer.cz\\\/obchod\\\/\"},{\"@type\":\"ListItem\",\"position\":3,\"name\":\"Scarlet Nexus\"}]},{\"@type\":\"WebSite\",\"@id\":\"https:\\\/\\\/begamer.cz\\\/sk\\\/#website\",\"url\":\"https:\\\/\\\/begamer.cz\\\/sk\\\/\",\"name\":\"BeGamer.cz\",\"description\":\"\",\"publisher\":{\"@id\":\"https:\\\/\\\/begamer.cz\\\/sk\\\/#organization\"},\"potentialAction\":[{\"@type\":\"SearchAction\",\"target\":{\"@type\":\"EntryPoint\",\"urlTemplate\":\"https:\\\/\\\/begamer.cz\\\/sk\\\/?s={search_term_string}\"},\"query-input\":{\"@type\":\"PropertyValueSpecification\",\"valueRequired\":true,\"valueName\":\"search_term_string\"}}],\"inLanguage\":\"sk-SK\"},{\"@type\":\"Organization\",\"@id\":\"https:\\\/\\\/begamer.cz\\\/sk\\\/#organization\",\"name\":\"BeGamer.cz\",\"url\":\"https:\\\/\\\/begamer.cz\\\/sk\\\/\",\"logo\":{\"@type\":\"ImageObject\",\"inLanguage\":\"sk-SK\",\"@id\":\"https:\\\/\\\/begamer.cz\\\/sk\\\/#\\\/schema\\\/logo\\\/image\\\/\",\"url\":\"https:\\\/\\\/begamer.cz\\\/wp-content\\\/uploads\\\/2025\\\/07\\\/logo.svg\",\"contentUrl\":\"https:\\\/\\\/begamer.cz\\\/wp-content\\\/uploads\\\/2025\\\/07\\\/logo.svg\",\"caption\":\"BeGamer.cz\"},\"image\":{\"@id\":\"https:\\\/\\\/begamer.cz\\\/sk\\\/#\\\/schema\\\/logo\\\/image\\\/\"}}]}<\/script>\n<!-- \/ Yoast SEO plugin. -->","yoast_head_json":{"title":"Scarlet Nexus | BeGamer.cz","robots":{"index":"index","follow":"follow","max-snippet":"max-snippet:-1","max-image-preview":"max-image-preview:large","max-video-preview":"max-video-preview:-1"},"canonical":"https:\/\/begamer.cz\/sk\/produkt\/scarlet-nexus-sk\/","og_locale":"sk_SK","og_type":"article","og_title":"Scarlet Nexus | BeGamer.cz","og_description":"Vyberte si medzi Yuitom a Kasane, elitn\u00fdmi psionikmi, ktor\u00ed disponuj\u00fa talentom v psychokin\u00e9ze a maj\u00fa svoje vlastn\u00e9 d\u00f4vody na boj. Dokon\u010dite pr\u00edbehy oboch post\u00e1v a odha\u013ete v\u0161etky tajomstv\u00e1 bud\u00facnosti Brain Punk, ktor\u00e1 sa nach\u00e1dza na pomedz\u00ed technol\u00f3gie a psychick\u00fdch schopnost\u00ed.","og_url":"https:\/\/begamer.cz\/sk\/produkt\/scarlet-nexus-sk\/","og_site_name":"BeGamer.cz","article_modified_time":"2026-03-10T21:53:54+00:00","og_image":[{"width":300,"height":400,"url":"https:\/\/begamer.cz\/wp-content\/uploads\/2026\/01\/scarlet-nexus-7.webp","type":"image\/webp"}],"twitter_card":"summary_large_image","twitter_misc":{"Predpokladan\u00fd \u010das \u010d\u00edtania":"2 min\u00faty"},"schema":{"@context":"https:\/\/schema.org","@graph":[{"@type":"WebPage","@id":"https:\/\/begamer.cz\/sk\/produkt\/scarlet-nexus-sk\/","url":"https:\/\/begamer.cz\/sk\/produkt\/scarlet-nexus-sk\/","name":"Scarlet Nexus | BeGamer.cz","isPartOf":{"@id":"https:\/\/begamer.cz\/sk\/#website"},"primaryImageOfPage":{"@id":"https:\/\/begamer.cz\/sk\/produkt\/scarlet-nexus-sk\/#primaryimage"},"image":{"@id":"https:\/\/begamer.cz\/sk\/produkt\/scarlet-nexus-sk\/#primaryimage"},"thumbnailUrl":"https:\/\/begamer.cz\/wp-content\/uploads\/2026\/01\/scarlet-nexus-7.webp","datePublished":"2026-01-30T16:47:56+00:00","dateModified":"2026-03-10T21:53:54+00:00","breadcrumb":{"@id":"https:\/\/begamer.cz\/sk\/produkt\/scarlet-nexus-sk\/#breadcrumb"},"inLanguage":"sk-SK","potentialAction":[{"@type":"ReadAction","target":["https:\/\/begamer.cz\/sk\/produkt\/scarlet-nexus-sk\/"]}]},{"@type":"ImageObject","inLanguage":"sk-SK","@id":"https:\/\/begamer.cz\/sk\/produkt\/scarlet-nexus-sk\/#primaryimage","url":"https:\/\/begamer.cz\/wp-content\/uploads\/2026\/01\/scarlet-nexus-7.webp","contentUrl":"https:\/\/begamer.cz\/wp-content\/uploads\/2026\/01\/scarlet-nexus-7.webp","width":300,"height":400},{"@type":"BreadcrumbList","@id":"https:\/\/begamer.cz\/sk\/produkt\/scarlet-nexus-sk\/#breadcrumb","itemListElement":[{"@type":"ListItem","position":1,"name":"Domov","item":"https:\/\/begamer.cz\/sk\/"},{"@type":"ListItem","position":2,"name":"Obchod","item":"https:\/\/begamer.cz\/obchod\/"},{"@type":"ListItem","position":3,"name":"Scarlet Nexus"}]},{"@type":"WebSite","@id":"https:\/\/begamer.cz\/sk\/#website","url":"https:\/\/begamer.cz\/sk\/","name":"BeGamer.cz","description":"","publisher":{"@id":"https:\/\/begamer.cz\/sk\/#organization"},"potentialAction":[{"@type":"SearchAction","target":{"@type":"EntryPoint","urlTemplate":"https:\/\/begamer.cz\/sk\/?s={search_term_string}"},"query-input":{"@type":"PropertyValueSpecification","valueRequired":true,"valueName":"search_term_string"}}],"inLanguage":"sk-SK"},{"@type":"Organization","@id":"https:\/\/begamer.cz\/sk\/#organization","name":"BeGamer.cz","url":"https:\/\/begamer.cz\/sk\/","logo":{"@type":"ImageObject","inLanguage":"sk-SK","@id":"https:\/\/begamer.cz\/sk\/#\/schema\/logo\/image\/","url":"https:\/\/begamer.cz\/wp-content\/uploads\/2025\/07\/logo.svg","contentUrl":"https:\/\/begamer.cz\/wp-content\/uploads\/2025\/07\/logo.svg","caption":"BeGamer.cz"},"image":{"@id":"https:\/\/begamer.cz\/sk\/#\/schema\/logo\/image\/"}}]}},"acf":[],"_links":{"self":[{"href":"https:\/\/begamer.cz\/sk\/wp-json\/wp\/v2\/product\/99587","targetHints":{"allow":["GET"]}}],"collection":[{"href":"https:\/\/begamer.cz\/sk\/wp-json\/wp\/v2\/product"}],"about":[{"href":"https:\/\/begamer.cz\/sk\/wp-json\/wp\/v2\/types\/product"}],"replies":[{"embeddable":true,"href":"https:\/\/begamer.cz\/sk\/wp-json\/wp\/v2\/comments?post=99587"}],"wp:featuredmedia":[{"embeddable":true,"href":"https:\/\/begamer.cz\/sk\/wp-json\/wp\/v2\/media\/30755"}],"wp:attachment":[{"href":"https:\/\/begamer.cz\/sk\/wp-json\/wp\/v2\/media?parent=99587"}],"wp:term":[{"taxonomy":"product_brand","embeddable":true,"href":"https:\/\/begamer.cz\/sk\/wp-json\/wp\/v2\/product_brand?post=99587"},{"taxonomy":"product_cat","embeddable":true,"href":"https:\/\/begamer.cz\/sk\/wp-json\/wp\/v2\/product_cat?post=99587"},{"taxonomy":"product_tag","embeddable":true,"href":"https:\/\/begamer.cz\/sk\/wp-json\/wp\/v2\/product_tag?post=99587"}],"curies":[{"name":"wp","href":"https:\/\/api.w.org\/{rel}","templated":true}]}}