{"id":99362,"date":"2026-01-30T17:43:09","date_gmt":"2026-01-30T16:43:09","guid":{"rendered":"https:\/\/begamer.cz\/produkt\/street-fighter-6-year-1-ultimate-pass-sk\/"},"modified":"2026-03-10T22:36:39","modified_gmt":"2026-03-10T21:36:39","slug":"street-fighter-6-year-1-ultimate-pass-sk","status":"publish","type":"product","link":"https:\/\/begamer.cz\/sk\/produkt\/street-fighter-6-year-1-ultimate-pass-sk\/","title":{"rendered":"Street Fighter 6: Year 1 Ultimate Pass"},"content":{"rendered":"<p>Ultimate Pass<br \/>na 1 rok<br \/>\n&#8211; 4 \u010fal\u0161ie postavy (Rashid, A.K.I., Ed, Akuma)<br \/>\n<br \/>&#8211; 4 \u010fal\u0161ie farby post\u00e1v: Oble\u010denie 1 Farby<br \/>3-10<br \/>\n&#8211; 4 \u010fal\u0161ie kost\u00fdmy post\u00e1v: Oble\u010denie 2 (vr\u00e1tane farieb 1-10)<br \/>\n&#8211; 4 dodato\u010dn\u00e9 kost\u00fdmy post\u00e1v: Oble\u010denie 3 (vr\u00e1tane farieb 1-10)<br \/>\n<br \/>&#8211; 2 dodato\u010dn\u00e9<br \/>\u00farovne<br \/>\n&#8211; Bonus: 7 700 Drive Tickets<br \/>\n* Dodato\u010dn\u00fd obsah bude postupne uvo\u013e\u0148ovan\u00fd po vydan\u00ed hry.<br \/>\n<br \/>* Podrobnosti o produkte a harmonogram vydania n\u00e1jdete na ofici\u00e1lnej webovej str\u00e1nke.<\/p>\n","protected":false},"excerpt":{"rendered":"<p>Ultimate Pass na 1 rok \u2013 4 dodato\u010dn\u00e9 postavy \u2013 4 dodato\u010dn\u00e9 farby post\u00e1v: Oble\u010denie 1 Farby 3\u201310 \u2013 4 dodato\u010dn\u00e9 kost\u00fdmy post\u00e1v: Oble\u010denie 2 (vr\u00e1tane farieb 1\u201310) \u2013 4 dodato\u010dn\u00e9 kost\u00fdmy post\u00e1v: Oble\u010denie 3 (vr\u00e1tane farieb 1\u201310) \u2013 2 dodato\u010dn\u00e9 \u00farovne \u2013 Bonus: 7 700 Drive Tickets<\/p>\n","protected":false},"featured_media":30263,"comment_status":"open","ping_status":"closed","template":"","meta":{"_acf_changed":false},"product_brand":[],"product_cat":[278,280,268,266,312],"product_tag":[],"class_list":{"0":"post-99362","1":"product","2":"type-product","3":"status-publish","4":"has-post-thumbnail","6":"product_cat-bojove-pc-hry-sk","7":"product_cat-dobrodruzne-pc-hry-sk","8":"product_cat-pc-sk","9":"product_cat-pc-hry-sk","10":"product_cat-steam-pc-sk","11":"pa_audio-en-us","12":"pa_audio-ja-jp","14":"pa_countries-ad","15":"pa_countries-ae","16":"pa_countries-af","17":"pa_countries-ag","18":"pa_countries-ai","19":"pa_countries-al","20":"pa_countries-am","21":"pa_countries-ao","22":"pa_countries-aq","23":"pa_countries-ar","24":"pa_countries-as","25":"pa_countries-at","26":"pa_countries-au","27":"pa_countries-aw","28":"pa_countries-ax","29":"pa_countries-az","30":"pa_countries-ba","31":"pa_countries-bb","32":"pa_countries-bd","33":"pa_countries-be","34":"pa_countries-bf","35":"pa_countries-bg","36":"pa_countries-bh","37":"pa_countries-bi","38":"pa_countries-bj","39":"pa_countries-bl","40":"pa_countries-bm","41":"pa_countries-bn","42":"pa_countries-bo","43":"pa_countries-bq","44":"pa_countries-br","45":"pa_countries-bs","46":"pa_countries-bt","47":"pa_countries-bv","48":"pa_countries-bw","49":"pa_countries-bz","50":"pa_countries-ca","51":"pa_countries-cc","52":"pa_countries-cd","53":"pa_countries-cf","54":"pa_countries-cg","55":"pa_countries-ch","56":"pa_countries-ci","57":"pa_countries-ck","58":"pa_countries-cl","59":"pa_countries-cm","60":"pa_countries-co","61":"pa_countries-cr","62":"pa_countries-cu","63":"pa_countries-cv","64":"pa_countries-cw","65":"pa_countries-cx","66":"pa_countries-cy","67":"pa_countries-cz","68":"pa_countries-de","69":"pa_countries-dj","70":"pa_countries-dk","71":"pa_countries-dm","72":"pa_countries-do","73":"pa_countries-dz","74":"pa_countries-ec","75":"pa_countries-ee","76":"pa_countries-eg","77":"pa_countries-eh","78":"pa_countries-er","79":"pa_countries-es","80":"pa_countries-et","81":"pa_countries-fi","82":"pa_countries-fj","83":"pa_countries-fk","84":"pa_countries-fm","85":"pa_countries-fo","86":"pa_countries-fr","87":"pa_countries-ga","88":"pa_countries-gb","89":"pa_countries-gd","90":"pa_countries-ge","91":"pa_countries-gf","92":"pa_countries-gg","93":"pa_countries-gh","94":"pa_countries-gi","95":"pa_countries-gl","96":"pa_countries-gm","97":"pa_countries-gn","98":"pa_countries-gp","99":"pa_countries-gq","100":"pa_countries-gr","101":"pa_countries-gs","102":"pa_countries-gt","103":"pa_countries-gu","104":"pa_countries-gw","105":"pa_countries-gy","106":"pa_countries-hk","107":"pa_countries-hm","108":"pa_countries-hn","109":"pa_countries-hr","110":"pa_countries-ht","111":"pa_countries-hu","112":"pa_countries-id","113":"pa_countries-ie","114":"pa_countries-il","115":"pa_countries-im","116":"pa_countries-in","117":"pa_countries-io","118":"pa_countries-iq","119":"pa_countries-ir","120":"pa_countries-is","121":"pa_countries-it","122":"pa_countries-je","123":"pa_countries-jm","124":"pa_countries-jo","125":"pa_countries-ke","126":"pa_countries-kg","127":"pa_countries-kh","128":"pa_countries-ki","129":"pa_countries-km","130":"pa_countries-kn","131":"pa_countries-kw","132":"pa_countries-ky","133":"pa_countries-kz","134":"pa_countries-la","135":"pa_countries-lb","136":"pa_countries-lc","137":"pa_countries-li","138":"pa_countries-lk","139":"pa_countries-lr","140":"pa_countries-ls","141":"pa_countries-lt","142":"pa_countries-lu","143":"pa_countries-lv","144":"pa_countries-ly","145":"pa_countries-ma","146":"pa_countries-mc","147":"pa_countries-md","148":"pa_countries-me","149":"pa_countries-mf","150":"pa_countries-mg","151":"pa_countries-mh","152":"pa_countries-mk","153":"pa_countries-ml","154":"pa_countries-mm","155":"pa_countries-mn","156":"pa_countries-mo","157":"pa_countries-mp","158":"pa_countries-mq","159":"pa_countries-mr","160":"pa_countries-ms","161":"pa_countries-mt","162":"pa_countries-mu","163":"pa_countries-mv","164":"pa_countries-mw","165":"pa_countries-mx","166":"pa_countries-my","167":"pa_countries-mz","168":"pa_countries-na","169":"pa_countries-nc","170":"pa_countries-ne","171":"pa_countries-nf","172":"pa_countries-ng","173":"pa_countries-ni","174":"pa_countries-nl","175":"pa_countries-no","176":"pa_countries-np","177":"pa_countries-nr","178":"pa_countries-nu","179":"pa_countries-nz","180":"pa_countries-om","181":"pa_countries-pa","182":"pa_countries-pe","183":"pa_countries-pf","184":"pa_countries-pg","185":"pa_countries-ph","186":"pa_countries-pk","187":"pa_countries-pl","188":"pa_countries-pm","189":"pa_countries-pn","190":"pa_countries-pr","191":"pa_countries-ps","192":"pa_countries-pt","193":"pa_countries-pw","194":"pa_countries-py","195":"pa_countries-qa","196":"pa_countries-re","197":"pa_countries-ro","198":"pa_countries-rs","199":"pa_countries-rw","200":"pa_countries-sa","201":"pa_countries-sb","202":"pa_countries-sc","203":"pa_countries-sd","204":"pa_countries-se","205":"pa_countries-sg","206":"pa_countries-sh","207":"pa_countries-si","208":"pa_countries-sj","209":"pa_countries-sk","210":"pa_countries-sl","211":"pa_countries-sm","212":"pa_countries-sn","213":"pa_countries-so","214":"pa_countries-sr","215":"pa_countries-ss","217":"pa_countries-st","218":"pa_countries-sv","219":"pa_countries-sx","220":"pa_countries-sy","221":"pa_countries-sz","222":"pa_countries-tc","223":"pa_countries-td","224":"pa_countries-tf","225":"pa_countries-tg","226":"pa_countries-th","227":"pa_countries-tj","228":"pa_countries-tk","229":"pa_countries-tl","230":"pa_countries-tm","231":"pa_countries-tn","232":"pa_countries-to","233":"pa_countries-tr","234":"pa_countries-tt","235":"pa_countries-tv","236":"pa_countries-tw","237":"pa_countries-tz","238":"pa_countries-ua","239":"pa_countries-ug","240":"pa_countries-um","241":"pa_countries-us","242":"pa_countries-uy","243":"pa_countries-uz","244":"pa_countries-va","245":"pa_countries-vc","246":"pa_countries-ve","247":"pa_countries-vg","248":"pa_countries-vi","249":"pa_countries-vn","250":"pa_countries-vu","251":"pa_countries-wf","252":"pa_countries-ws","253":"pa_countries-xk","254":"pa_countries-ye","255":"pa_countries-yt","256":"pa_countries-za","257":"pa_countries-zm","258":"pa_countries-zw","259":"pa_developer-capcom","261":"pa_engine-re-engine","263":"pa_game_type-dlc","265":"pa_genres-adventure","266":"pa_genres-fighting","268":"pa_interface-ar","269":"pa_interface-de-de","270":"pa_interface-en-us","271":"pa_interface-es-es","272":"pa_interface-fr-fr","273":"pa_interface-it-it","274":"pa_interface-ja-jp","275":"pa_interface-ko-kr","276":"pa_interface-pl-pl","277":"pa_interface-pt-br","278":"pa_interface-ru-ru","280":"pa_interface-zh-cn","281":"pa_interface-zh-tw","282":"pa_modes-multiplayer","284":"pa_modes-single-player","285":"pa_pegi-13428","286":"pa_pegi-927","287":"pa_platform-pc-steam","289":"pa_player_perspectives-side-view","291":"pa_publisher-capcom","293":"pa_rating-14441","294":"pa_rating-773","295":"pa_region-europe","297":"pa_subtitles-ar","298":"pa_subtitles-de-de","300":"pa_subtitles-en-us","301":"pa_subtitles-es-es","302":"pa_subtitles-fr-fr","303":"pa_subtitles-it-it","304":"pa_subtitles-ja-jp","305":"pa_subtitles-ko-kr","306":"pa_subtitles-pl-pl","307":"pa_subtitles-pt-br","308":"pa_subtitles-ru-ru","309":"pa_subtitles-zh-cn","310":"pa_subtitles-zh-tw","311":"pa_themes-action","314":"first","315":"instock","316":"virtual","317":"taxable","318":"purchasable","319":"product-type-simple"},"yoast_head":"<!-- This site is optimized with the Yoast SEO plugin v27.3 - https:\/\/yoast.com\/product\/yoast-seo-wordpress\/ -->\n<title>Street Fighter 6: Year 1 Ultimate Pass | BeGamer.cz<\/title>\n<meta name=\"robots\" content=\"index, follow, max-snippet:-1, max-image-preview:large, max-video-preview:-1\" \/>\n<link rel=\"canonical\" href=\"https:\/\/begamer.cz\/sk\/produkt\/street-fighter-6-year-1-ultimate-pass-sk\/\" \/>\n<meta property=\"og:locale\" content=\"sk_SK\" \/>\n<meta property=\"og:type\" content=\"article\" \/>\n<meta property=\"og:title\" content=\"Street Fighter 6: Year 1 Ultimate Pass | BeGamer.cz\" \/>\n<meta property=\"og:description\" content=\"Ultimate Pass na 1 rok \u2013 4 dodato\u010dn\u00e9 postavy \u2013 4 dodato\u010dn\u00e9 farby post\u00e1v: Oble\u010denie 1 Farby 3\u201310 \u2013 4 dodato\u010dn\u00e9 kost\u00fdmy post\u00e1v: Oble\u010denie 2 (vr\u00e1tane farieb 1\u201310) \u2013 4 dodato\u010dn\u00e9 kost\u00fdmy post\u00e1v: Oble\u010denie 3 (vr\u00e1tane farieb 1\u201310) \u2013 2 dodato\u010dn\u00e9 \u00farovne \u2013 Bonus: 7 700 Drive Tickets\" \/>\n<meta property=\"og:url\" content=\"https:\/\/begamer.cz\/sk\/produkt\/street-fighter-6-year-1-ultimate-pass-sk\/\" \/>\n<meta property=\"og:site_name\" content=\"BeGamer.cz\" \/>\n<meta property=\"article:modified_time\" content=\"2026-03-10T21:36:39+00:00\" \/>\n<meta property=\"og:image\" content=\"https:\/\/begamer.cz\/wp-content\/uploads\/2026\/01\/street-fighter-6-year-1-ultimate-pass-1.webp\" \/>\n\t<meta property=\"og:image:width\" content=\"300\" \/>\n\t<meta property=\"og:image:height\" content=\"400\" \/>\n\t<meta property=\"og:image:type\" content=\"image\/webp\" \/>\n<meta name=\"twitter:card\" content=\"summary_large_image\" \/>\n<script type=\"application\/ld+json\" class=\"yoast-schema-graph\">{\"@context\":\"https:\\\/\\\/schema.org\",\"@graph\":[{\"@type\":\"WebPage\",\"@id\":\"https:\\\/\\\/begamer.cz\\\/sk\\\/produkt\\\/street-fighter-6-year-1-ultimate-pass-sk\\\/\",\"url\":\"https:\\\/\\\/begamer.cz\\\/sk\\\/produkt\\\/street-fighter-6-year-1-ultimate-pass-sk\\\/\",\"name\":\"Street Fighter 6: Year 1 Ultimate Pass | BeGamer.cz\",\"isPartOf\":{\"@id\":\"https:\\\/\\\/begamer.cz\\\/sk\\\/#website\"},\"primaryImageOfPage\":{\"@id\":\"https:\\\/\\\/begamer.cz\\\/sk\\\/produkt\\\/street-fighter-6-year-1-ultimate-pass-sk\\\/#primaryimage\"},\"image\":{\"@id\":\"https:\\\/\\\/begamer.cz\\\/sk\\\/produkt\\\/street-fighter-6-year-1-ultimate-pass-sk\\\/#primaryimage\"},\"thumbnailUrl\":\"https:\\\/\\\/begamer.cz\\\/wp-content\\\/uploads\\\/2026\\\/01\\\/street-fighter-6-year-1-ultimate-pass-1.webp\",\"datePublished\":\"2026-01-30T16:43:09+00:00\",\"dateModified\":\"2026-03-10T21:36:39+00:00\",\"breadcrumb\":{\"@id\":\"https:\\\/\\\/begamer.cz\\\/sk\\\/produkt\\\/street-fighter-6-year-1-ultimate-pass-sk\\\/#breadcrumb\"},\"inLanguage\":\"sk-SK\",\"potentialAction\":[{\"@type\":\"ReadAction\",\"target\":[\"https:\\\/\\\/begamer.cz\\\/sk\\\/produkt\\\/street-fighter-6-year-1-ultimate-pass-sk\\\/\"]}]},{\"@type\":\"ImageObject\",\"inLanguage\":\"sk-SK\",\"@id\":\"https:\\\/\\\/begamer.cz\\\/sk\\\/produkt\\\/street-fighter-6-year-1-ultimate-pass-sk\\\/#primaryimage\",\"url\":\"https:\\\/\\\/begamer.cz\\\/wp-content\\\/uploads\\\/2026\\\/01\\\/street-fighter-6-year-1-ultimate-pass-1.webp\",\"contentUrl\":\"https:\\\/\\\/begamer.cz\\\/wp-content\\\/uploads\\\/2026\\\/01\\\/street-fighter-6-year-1-ultimate-pass-1.webp\",\"width\":300,\"height\":400},{\"@type\":\"BreadcrumbList\",\"@id\":\"https:\\\/\\\/begamer.cz\\\/sk\\\/produkt\\\/street-fighter-6-year-1-ultimate-pass-sk\\\/#breadcrumb\",\"itemListElement\":[{\"@type\":\"ListItem\",\"position\":1,\"name\":\"Domov\",\"item\":\"https:\\\/\\\/begamer.cz\\\/sk\\\/\"},{\"@type\":\"ListItem\",\"position\":2,\"name\":\"Obchod\",\"item\":\"https:\\\/\\\/begamer.cz\\\/obchod\\\/\"},{\"@type\":\"ListItem\",\"position\":3,\"name\":\"Street Fighter 6: Year 1 Ultimate Pass\"}]},{\"@type\":\"WebSite\",\"@id\":\"https:\\\/\\\/begamer.cz\\\/sk\\\/#website\",\"url\":\"https:\\\/\\\/begamer.cz\\\/sk\\\/\",\"name\":\"BeGamer.cz\",\"description\":\"\",\"publisher\":{\"@id\":\"https:\\\/\\\/begamer.cz\\\/sk\\\/#organization\"},\"potentialAction\":[{\"@type\":\"SearchAction\",\"target\":{\"@type\":\"EntryPoint\",\"urlTemplate\":\"https:\\\/\\\/begamer.cz\\\/sk\\\/?s={search_term_string}\"},\"query-input\":{\"@type\":\"PropertyValueSpecification\",\"valueRequired\":true,\"valueName\":\"search_term_string\"}}],\"inLanguage\":\"sk-SK\"},{\"@type\":\"Organization\",\"@id\":\"https:\\\/\\\/begamer.cz\\\/sk\\\/#organization\",\"name\":\"BeGamer.cz\",\"url\":\"https:\\\/\\\/begamer.cz\\\/sk\\\/\",\"logo\":{\"@type\":\"ImageObject\",\"inLanguage\":\"sk-SK\",\"@id\":\"https:\\\/\\\/begamer.cz\\\/sk\\\/#\\\/schema\\\/logo\\\/image\\\/\",\"url\":\"https:\\\/\\\/begamer.cz\\\/wp-content\\\/uploads\\\/2025\\\/07\\\/logo.svg\",\"contentUrl\":\"https:\\\/\\\/begamer.cz\\\/wp-content\\\/uploads\\\/2025\\\/07\\\/logo.svg\",\"caption\":\"BeGamer.cz\"},\"image\":{\"@id\":\"https:\\\/\\\/begamer.cz\\\/sk\\\/#\\\/schema\\\/logo\\\/image\\\/\"}}]}<\/script>\n<!-- \/ Yoast SEO plugin. -->","yoast_head_json":{"title":"Street Fighter 6: Year 1 Ultimate Pass | BeGamer.cz","robots":{"index":"index","follow":"follow","max-snippet":"max-snippet:-1","max-image-preview":"max-image-preview:large","max-video-preview":"max-video-preview:-1"},"canonical":"https:\/\/begamer.cz\/sk\/produkt\/street-fighter-6-year-1-ultimate-pass-sk\/","og_locale":"sk_SK","og_type":"article","og_title":"Street Fighter 6: Year 1 Ultimate Pass | BeGamer.cz","og_description":"Ultimate Pass na 1 rok \u2013 4 dodato\u010dn\u00e9 postavy \u2013 4 dodato\u010dn\u00e9 farby post\u00e1v: Oble\u010denie 1 Farby 3\u201310 \u2013 4 dodato\u010dn\u00e9 kost\u00fdmy post\u00e1v: Oble\u010denie 2 (vr\u00e1tane farieb 1\u201310) \u2013 4 dodato\u010dn\u00e9 kost\u00fdmy post\u00e1v: Oble\u010denie 3 (vr\u00e1tane farieb 1\u201310) \u2013 2 dodato\u010dn\u00e9 \u00farovne \u2013 Bonus: 7 700 Drive Tickets","og_url":"https:\/\/begamer.cz\/sk\/produkt\/street-fighter-6-year-1-ultimate-pass-sk\/","og_site_name":"BeGamer.cz","article_modified_time":"2026-03-10T21:36:39+00:00","og_image":[{"width":300,"height":400,"url":"https:\/\/begamer.cz\/wp-content\/uploads\/2026\/01\/street-fighter-6-year-1-ultimate-pass-1.webp","type":"image\/webp"}],"twitter_card":"summary_large_image","schema":{"@context":"https:\/\/schema.org","@graph":[{"@type":"WebPage","@id":"https:\/\/begamer.cz\/sk\/produkt\/street-fighter-6-year-1-ultimate-pass-sk\/","url":"https:\/\/begamer.cz\/sk\/produkt\/street-fighter-6-year-1-ultimate-pass-sk\/","name":"Street Fighter 6: Year 1 Ultimate Pass | BeGamer.cz","isPartOf":{"@id":"https:\/\/begamer.cz\/sk\/#website"},"primaryImageOfPage":{"@id":"https:\/\/begamer.cz\/sk\/produkt\/street-fighter-6-year-1-ultimate-pass-sk\/#primaryimage"},"image":{"@id":"https:\/\/begamer.cz\/sk\/produkt\/street-fighter-6-year-1-ultimate-pass-sk\/#primaryimage"},"thumbnailUrl":"https:\/\/begamer.cz\/wp-content\/uploads\/2026\/01\/street-fighter-6-year-1-ultimate-pass-1.webp","datePublished":"2026-01-30T16:43:09+00:00","dateModified":"2026-03-10T21:36:39+00:00","breadcrumb":{"@id":"https:\/\/begamer.cz\/sk\/produkt\/street-fighter-6-year-1-ultimate-pass-sk\/#breadcrumb"},"inLanguage":"sk-SK","potentialAction":[{"@type":"ReadAction","target":["https:\/\/begamer.cz\/sk\/produkt\/street-fighter-6-year-1-ultimate-pass-sk\/"]}]},{"@type":"ImageObject","inLanguage":"sk-SK","@id":"https:\/\/begamer.cz\/sk\/produkt\/street-fighter-6-year-1-ultimate-pass-sk\/#primaryimage","url":"https:\/\/begamer.cz\/wp-content\/uploads\/2026\/01\/street-fighter-6-year-1-ultimate-pass-1.webp","contentUrl":"https:\/\/begamer.cz\/wp-content\/uploads\/2026\/01\/street-fighter-6-year-1-ultimate-pass-1.webp","width":300,"height":400},{"@type":"BreadcrumbList","@id":"https:\/\/begamer.cz\/sk\/produkt\/street-fighter-6-year-1-ultimate-pass-sk\/#breadcrumb","itemListElement":[{"@type":"ListItem","position":1,"name":"Domov","item":"https:\/\/begamer.cz\/sk\/"},{"@type":"ListItem","position":2,"name":"Obchod","item":"https:\/\/begamer.cz\/obchod\/"},{"@type":"ListItem","position":3,"name":"Street Fighter 6: Year 1 Ultimate Pass"}]},{"@type":"WebSite","@id":"https:\/\/begamer.cz\/sk\/#website","url":"https:\/\/begamer.cz\/sk\/","name":"BeGamer.cz","description":"","publisher":{"@id":"https:\/\/begamer.cz\/sk\/#organization"},"potentialAction":[{"@type":"SearchAction","target":{"@type":"EntryPoint","urlTemplate":"https:\/\/begamer.cz\/sk\/?s={search_term_string}"},"query-input":{"@type":"PropertyValueSpecification","valueRequired":true,"valueName":"search_term_string"}}],"inLanguage":"sk-SK"},{"@type":"Organization","@id":"https:\/\/begamer.cz\/sk\/#organization","name":"BeGamer.cz","url":"https:\/\/begamer.cz\/sk\/","logo":{"@type":"ImageObject","inLanguage":"sk-SK","@id":"https:\/\/begamer.cz\/sk\/#\/schema\/logo\/image\/","url":"https:\/\/begamer.cz\/wp-content\/uploads\/2025\/07\/logo.svg","contentUrl":"https:\/\/begamer.cz\/wp-content\/uploads\/2025\/07\/logo.svg","caption":"BeGamer.cz"},"image":{"@id":"https:\/\/begamer.cz\/sk\/#\/schema\/logo\/image\/"}}]}},"acf":[],"_links":{"self":[{"href":"https:\/\/begamer.cz\/sk\/wp-json\/wp\/v2\/product\/99362","targetHints":{"allow":["GET"]}}],"collection":[{"href":"https:\/\/begamer.cz\/sk\/wp-json\/wp\/v2\/product"}],"about":[{"href":"https:\/\/begamer.cz\/sk\/wp-json\/wp\/v2\/types\/product"}],"replies":[{"embeddable":true,"href":"https:\/\/begamer.cz\/sk\/wp-json\/wp\/v2\/comments?post=99362"}],"wp:featuredmedia":[{"embeddable":true,"href":"https:\/\/begamer.cz\/sk\/wp-json\/wp\/v2\/media\/30263"}],"wp:attachment":[{"href":"https:\/\/begamer.cz\/sk\/wp-json\/wp\/v2\/media?parent=99362"}],"wp:term":[{"taxonomy":"product_brand","embeddable":true,"href":"https:\/\/begamer.cz\/sk\/wp-json\/wp\/v2\/product_brand?post=99362"},{"taxonomy":"product_cat","embeddable":true,"href":"https:\/\/begamer.cz\/sk\/wp-json\/wp\/v2\/product_cat?post=99362"},{"taxonomy":"product_tag","embeddable":true,"href":"https:\/\/begamer.cz\/sk\/wp-json\/wp\/v2\/product_tag?post=99362"}],"curies":[{"name":"wp","href":"https:\/\/api.w.org\/{rel}","templated":true}]}}