{"id":99341,"date":"2026-01-30T17:42:47","date_gmt":"2026-01-30T16:42:47","guid":{"rendered":"https:\/\/begamer.cz\/produkt\/the-elder-scrolls-online-deluxe-upgrade-gold-road-sk\/"},"modified":"2026-03-10T22:35:39","modified_gmt":"2026-03-10T21:35:39","slug":"the-elder-scrolls-online-deluxe-upgrade-gold-road-sk","status":"publish","type":"product","link":"https:\/\/begamer.cz\/sk\/produkt\/the-elder-scrolls-online-deluxe-upgrade-gold-road-sk\/","title":{"rendered":"The Elder Scrolls Online Deluxe Upgrade: Gold Road"},"content":{"rendered":"<div>\n<h2>Vylep\u0161ite svoje dobrodru\u017estvo s Deluxe Upgrade: Gold Road pre The Elder Scrolls Online<\/h2>\n<p>Vst\u00fapte do rozsiahleho a pohlcuj\u00faceho sveta Tamriel s Deluxe Upgrade: Gold Road pre The Elder Scrolls Online. Tento upgrade bal\u00edk pon\u00faka mno\u017estvo exkluz\u00edvnych bonusov a pr\u00e9miov\u00e9ho obsahu, ktor\u00e9 obohatia v\u00e1\u0161 hern\u00fd z\u00e1\u017eitok a posilnia va\u0161u cestu.<\/p>\n<h2>K\u013e\u00fa\u010dov\u00e9 vlastnosti Gold Road Deluxe Upgrade<\/h2>\n<ul>\n<li><strong>Exkluz\u00edvna zlat\u00e1 zbroj a v\u00fdstroj<\/strong> \u2013 Vybavte sa ohromuj\u00facimi zlat\u00fdmi zbrojmi, ktor\u00e9 v\u00e1s nielen odl\u00ed\u0161ia od ostatn\u00fdch, ale poskytn\u00fa v\u00e1m aj v\u00fdznamn\u00e9 v\u00fdhody v hre.<\/li>\n<li><strong>\u0160peci\u00e1lny Gold Road Mount<\/strong> \u2013 Cestujte r\u00fdchlo a \u0161t\u00fdlovo po krajine Tamriel na n\u00e1dhernom zlatom koni, ktor\u00fd dod\u00e1 va\u0161im v\u00fdprav\u00e1m \u0161mrnc.<\/li>\n<li><strong>Dodato\u010dn\u00e1 hern\u00e1 mena a zv\u00fd\u0161enie XP<\/strong> \u2013 ur\u00fdchlite postup svojej postavy pomocou bonusovej meny a z\u00edskan\u00fdch sk\u00fasenost\u00ed, ktor\u00e9 v\u00e1m pom\u00f4\u017eu r\u00fdchlej\u0161ie odomkn\u00fa\u0165 nov\u00e9 zru\u010dnosti a obsah.<\/li>\n<li><strong>Unik\u00e1tne kozmetick\u00e9 predmety<\/strong> \u2013 prisp\u00f4sobte svoju postavu exkluz\u00edvnymi \u00fa\u010desmi a dekor\u00e1ciami, aby ste vyjadrili svoju individualitu.<\/li>\n<\/ul>\n<h2>Pre\u010do si vybra\u0165 upgrade Gold Road Deluxe?<\/h2>\n<p>Toto vylep\u0161enie je ide\u00e1lne pre hr\u00e1\u010dov, ktor\u00ed chc\u00fa vylep\u0161i\u0165 svoje hranie pr\u00e9miov\u00fdm obsahom a v\u00fdhodami. Nech ste u\u017e sk\u00fasen\u00fd dobrodruh alebo len za\u010d\u00ednate svoju cestu, vylep\u0161enie Gold Road pon\u00faka podstatn\u00fa hodnotu a nezabudnute\u013en\u00fd z\u00e1\u017eitok.<\/p>\n<p><strong>Vydejte sa na cestu, ktor\u00e1 nie je len zlat\u00e1, ale skuto\u010dne legend\u00e1rna.<\/strong><\/p>\n<p><small>Niektor\u00e9 texty boli prelo\u017een\u00e9 strojovo.<\/small><\/div>\n","protected":false},"excerpt":{"rendered":"<p>The Elder Scrolls Online Deluxe Upgrade: Gold Road prin\u00e1\u0161a exkluz\u00edvne bonusy a pr\u00e9miov\u00fd obsah, ktor\u00e9 obohatia tvoje dobrodru\u017estvo v Tamrieli. Vysk\u00fa\u0161aj jedine\u010dn\u00e9 jazdeck\u00e9 zvierat\u00e1, zlat\u00e9 brnenia a hern\u00e9 vylep\u0161enia, ktor\u00e9 obohatia tvoje dobrodru\u017estvo, postup a \u0161t\u00fdl v tomto rozsiahlom vylep\u0161en\u00ed MMORPG.<\/p>\n","protected":false},"featured_media":74902,"comment_status":"open","ping_status":"closed","template":"","meta":{"_acf_changed":false},"product_brand":[],"product_cat":[461,452,398,438],"product_tag":[],"class_list":{"0":"post-99341","1":"product","2":"type-product","3":"status-publish","4":"has-post-thumbnail","6":"product_cat-dobrodruzne-xbox-series-x-s-sk","7":"product_cat-rpg-xbox-series-x-s-sk","8":"product_cat-xbox-hry-sk","9":"product_cat-xbox-series-x-s-sk","10":"pa_countries-at","11":"pa_countries-be","12":"pa_countries-bg","13":"pa_countries-cy","14":"pa_countries-cz","16":"pa_countries-de","17":"pa_countries-dk","18":"pa_countries-ee","19":"pa_countries-es","20":"pa_countries-fi","21":"pa_countries-fr","22":"pa_countries-gr","23":"pa_countries-hr","24":"pa_countries-hu","25":"pa_countries-ie","26":"pa_countries-it","27":"pa_countries-lt","28":"pa_countries-lu","29":"pa_countries-lv","30":"pa_countries-mt","31":"pa_countries-nl","32":"pa_countries-pl","33":"pa_countries-pt","34":"pa_countries-ro","35":"pa_countries-se","36":"pa_countries-si","37":"pa_countries-sk","38":"pa_developer-zenimax-online-studios","40":"pa_game_type-dlc","42":"pa_platform-xbox-one-xbox-series-x-s","44":"pa_publisher-bethesda-softworks","46":"pa_region-europe","49":"first","50":"instock","51":"virtual","52":"taxable","53":"purchasable","54":"product-type-simple"},"yoast_head":"<!-- This site is optimized with the Yoast SEO plugin v27.3 - https:\/\/yoast.com\/product\/yoast-seo-wordpress\/ -->\n<title>The Elder Scrolls Online Deluxe Upgrade: Gold Road | BeGamer.cz<\/title>\n<meta name=\"robots\" content=\"index, follow, max-snippet:-1, max-image-preview:large, max-video-preview:-1\" \/>\n<link rel=\"canonical\" href=\"https:\/\/begamer.cz\/sk\/produkt\/the-elder-scrolls-online-deluxe-upgrade-gold-road-sk\/\" \/>\n<meta property=\"og:locale\" content=\"sk_SK\" \/>\n<meta property=\"og:type\" content=\"article\" \/>\n<meta property=\"og:title\" content=\"The Elder Scrolls Online Deluxe Upgrade: Gold Road | BeGamer.cz\" \/>\n<meta property=\"og:description\" content=\"The Elder Scrolls Online Deluxe Upgrade: Gold Road prin\u00e1\u0161a exkluz\u00edvne bonusy a pr\u00e9miov\u00fd obsah, ktor\u00e9 obohatia tvoje dobrodru\u017estvo v Tamrieli. Vysk\u00fa\u0161aj jedine\u010dn\u00e9 jazdeck\u00e9 zvierat\u00e1, zlat\u00e9 brnenia a hern\u00e9 vylep\u0161enia, ktor\u00e9 obohatia tvoje dobrodru\u017estvo, postup a \u0161t\u00fdl v tomto rozsiahlom vylep\u0161en\u00ed MMORPG.\" \/>\n<meta property=\"og:url\" content=\"https:\/\/begamer.cz\/sk\/produkt\/the-elder-scrolls-online-deluxe-upgrade-gold-road-sk\/\" \/>\n<meta property=\"og:site_name\" content=\"BeGamer.cz\" \/>\n<meta property=\"article:modified_time\" content=\"2026-03-10T21:35:39+00:00\" \/>\n<meta property=\"og:image\" content=\"https:\/\/begamer.cz\/wp-content\/uploads\/2026\/01\/the-elder-scrolls-online-deluxe-upgrade-gold-road-5.webp\" \/>\n\t<meta property=\"og:image:width\" content=\"300\" \/>\n\t<meta property=\"og:image:height\" content=\"400\" \/>\n\t<meta property=\"og:image:type\" content=\"image\/webp\" \/>\n<meta name=\"twitter:card\" content=\"summary_large_image\" \/>\n<meta name=\"twitter:label1\" content=\"Predpokladan\u00fd \u010das \u010d\u00edtania\" \/>\n\t<meta name=\"twitter:data1\" content=\"1 min\u00fata\" \/>\n<script type=\"application\/ld+json\" class=\"yoast-schema-graph\">{\"@context\":\"https:\\\/\\\/schema.org\",\"@graph\":[{\"@type\":\"WebPage\",\"@id\":\"https:\\\/\\\/begamer.cz\\\/sk\\\/produkt\\\/the-elder-scrolls-online-deluxe-upgrade-gold-road-sk\\\/\",\"url\":\"https:\\\/\\\/begamer.cz\\\/sk\\\/produkt\\\/the-elder-scrolls-online-deluxe-upgrade-gold-road-sk\\\/\",\"name\":\"The Elder Scrolls Online Deluxe Upgrade: Gold Road | BeGamer.cz\",\"isPartOf\":{\"@id\":\"https:\\\/\\\/begamer.cz\\\/sk\\\/#website\"},\"primaryImageOfPage\":{\"@id\":\"https:\\\/\\\/begamer.cz\\\/sk\\\/produkt\\\/the-elder-scrolls-online-deluxe-upgrade-gold-road-sk\\\/#primaryimage\"},\"image\":{\"@id\":\"https:\\\/\\\/begamer.cz\\\/sk\\\/produkt\\\/the-elder-scrolls-online-deluxe-upgrade-gold-road-sk\\\/#primaryimage\"},\"thumbnailUrl\":\"https:\\\/\\\/begamer.cz\\\/wp-content\\\/uploads\\\/2026\\\/01\\\/the-elder-scrolls-online-deluxe-upgrade-gold-road-5.webp\",\"datePublished\":\"2026-01-30T16:42:47+00:00\",\"dateModified\":\"2026-03-10T21:35:39+00:00\",\"breadcrumb\":{\"@id\":\"https:\\\/\\\/begamer.cz\\\/sk\\\/produkt\\\/the-elder-scrolls-online-deluxe-upgrade-gold-road-sk\\\/#breadcrumb\"},\"inLanguage\":\"sk-SK\",\"potentialAction\":[{\"@type\":\"ReadAction\",\"target\":[\"https:\\\/\\\/begamer.cz\\\/sk\\\/produkt\\\/the-elder-scrolls-online-deluxe-upgrade-gold-road-sk\\\/\"]}]},{\"@type\":\"ImageObject\",\"inLanguage\":\"sk-SK\",\"@id\":\"https:\\\/\\\/begamer.cz\\\/sk\\\/produkt\\\/the-elder-scrolls-online-deluxe-upgrade-gold-road-sk\\\/#primaryimage\",\"url\":\"https:\\\/\\\/begamer.cz\\\/wp-content\\\/uploads\\\/2026\\\/01\\\/the-elder-scrolls-online-deluxe-upgrade-gold-road-5.webp\",\"contentUrl\":\"https:\\\/\\\/begamer.cz\\\/wp-content\\\/uploads\\\/2026\\\/01\\\/the-elder-scrolls-online-deluxe-upgrade-gold-road-5.webp\",\"width\":300,\"height\":400},{\"@type\":\"BreadcrumbList\",\"@id\":\"https:\\\/\\\/begamer.cz\\\/sk\\\/produkt\\\/the-elder-scrolls-online-deluxe-upgrade-gold-road-sk\\\/#breadcrumb\",\"itemListElement\":[{\"@type\":\"ListItem\",\"position\":1,\"name\":\"Domov\",\"item\":\"https:\\\/\\\/begamer.cz\\\/sk\\\/\"},{\"@type\":\"ListItem\",\"position\":2,\"name\":\"Obchod\",\"item\":\"https:\\\/\\\/begamer.cz\\\/obchod\\\/\"},{\"@type\":\"ListItem\",\"position\":3,\"name\":\"The Elder Scrolls Online Deluxe Upgrade: Gold Road\"}]},{\"@type\":\"WebSite\",\"@id\":\"https:\\\/\\\/begamer.cz\\\/sk\\\/#website\",\"url\":\"https:\\\/\\\/begamer.cz\\\/sk\\\/\",\"name\":\"BeGamer.cz\",\"description\":\"\",\"publisher\":{\"@id\":\"https:\\\/\\\/begamer.cz\\\/sk\\\/#organization\"},\"potentialAction\":[{\"@type\":\"SearchAction\",\"target\":{\"@type\":\"EntryPoint\",\"urlTemplate\":\"https:\\\/\\\/begamer.cz\\\/sk\\\/?s={search_term_string}\"},\"query-input\":{\"@type\":\"PropertyValueSpecification\",\"valueRequired\":true,\"valueName\":\"search_term_string\"}}],\"inLanguage\":\"sk-SK\"},{\"@type\":\"Organization\",\"@id\":\"https:\\\/\\\/begamer.cz\\\/sk\\\/#organization\",\"name\":\"BeGamer.cz\",\"url\":\"https:\\\/\\\/begamer.cz\\\/sk\\\/\",\"logo\":{\"@type\":\"ImageObject\",\"inLanguage\":\"sk-SK\",\"@id\":\"https:\\\/\\\/begamer.cz\\\/sk\\\/#\\\/schema\\\/logo\\\/image\\\/\",\"url\":\"https:\\\/\\\/begamer.cz\\\/wp-content\\\/uploads\\\/2025\\\/07\\\/logo.svg\",\"contentUrl\":\"https:\\\/\\\/begamer.cz\\\/wp-content\\\/uploads\\\/2025\\\/07\\\/logo.svg\",\"caption\":\"BeGamer.cz\"},\"image\":{\"@id\":\"https:\\\/\\\/begamer.cz\\\/sk\\\/#\\\/schema\\\/logo\\\/image\\\/\"}}]}<\/script>\n<!-- \/ Yoast SEO plugin. -->","yoast_head_json":{"title":"The Elder Scrolls Online Deluxe Upgrade: Gold Road | BeGamer.cz","robots":{"index":"index","follow":"follow","max-snippet":"max-snippet:-1","max-image-preview":"max-image-preview:large","max-video-preview":"max-video-preview:-1"},"canonical":"https:\/\/begamer.cz\/sk\/produkt\/the-elder-scrolls-online-deluxe-upgrade-gold-road-sk\/","og_locale":"sk_SK","og_type":"article","og_title":"The Elder Scrolls Online Deluxe Upgrade: Gold Road | BeGamer.cz","og_description":"The Elder Scrolls Online Deluxe Upgrade: Gold Road prin\u00e1\u0161a exkluz\u00edvne bonusy a pr\u00e9miov\u00fd obsah, ktor\u00e9 obohatia tvoje dobrodru\u017estvo v Tamrieli. Vysk\u00fa\u0161aj jedine\u010dn\u00e9 jazdeck\u00e9 zvierat\u00e1, zlat\u00e9 brnenia a hern\u00e9 vylep\u0161enia, ktor\u00e9 obohatia tvoje dobrodru\u017estvo, postup a \u0161t\u00fdl v tomto rozsiahlom vylep\u0161en\u00ed MMORPG.","og_url":"https:\/\/begamer.cz\/sk\/produkt\/the-elder-scrolls-online-deluxe-upgrade-gold-road-sk\/","og_site_name":"BeGamer.cz","article_modified_time":"2026-03-10T21:35:39+00:00","og_image":[{"width":300,"height":400,"url":"https:\/\/begamer.cz\/wp-content\/uploads\/2026\/01\/the-elder-scrolls-online-deluxe-upgrade-gold-road-5.webp","type":"image\/webp"}],"twitter_card":"summary_large_image","twitter_misc":{"Predpokladan\u00fd \u010das \u010d\u00edtania":"1 min\u00fata"},"schema":{"@context":"https:\/\/schema.org","@graph":[{"@type":"WebPage","@id":"https:\/\/begamer.cz\/sk\/produkt\/the-elder-scrolls-online-deluxe-upgrade-gold-road-sk\/","url":"https:\/\/begamer.cz\/sk\/produkt\/the-elder-scrolls-online-deluxe-upgrade-gold-road-sk\/","name":"The Elder Scrolls Online Deluxe Upgrade: Gold Road | BeGamer.cz","isPartOf":{"@id":"https:\/\/begamer.cz\/sk\/#website"},"primaryImageOfPage":{"@id":"https:\/\/begamer.cz\/sk\/produkt\/the-elder-scrolls-online-deluxe-upgrade-gold-road-sk\/#primaryimage"},"image":{"@id":"https:\/\/begamer.cz\/sk\/produkt\/the-elder-scrolls-online-deluxe-upgrade-gold-road-sk\/#primaryimage"},"thumbnailUrl":"https:\/\/begamer.cz\/wp-content\/uploads\/2026\/01\/the-elder-scrolls-online-deluxe-upgrade-gold-road-5.webp","datePublished":"2026-01-30T16:42:47+00:00","dateModified":"2026-03-10T21:35:39+00:00","breadcrumb":{"@id":"https:\/\/begamer.cz\/sk\/produkt\/the-elder-scrolls-online-deluxe-upgrade-gold-road-sk\/#breadcrumb"},"inLanguage":"sk-SK","potentialAction":[{"@type":"ReadAction","target":["https:\/\/begamer.cz\/sk\/produkt\/the-elder-scrolls-online-deluxe-upgrade-gold-road-sk\/"]}]},{"@type":"ImageObject","inLanguage":"sk-SK","@id":"https:\/\/begamer.cz\/sk\/produkt\/the-elder-scrolls-online-deluxe-upgrade-gold-road-sk\/#primaryimage","url":"https:\/\/begamer.cz\/wp-content\/uploads\/2026\/01\/the-elder-scrolls-online-deluxe-upgrade-gold-road-5.webp","contentUrl":"https:\/\/begamer.cz\/wp-content\/uploads\/2026\/01\/the-elder-scrolls-online-deluxe-upgrade-gold-road-5.webp","width":300,"height":400},{"@type":"BreadcrumbList","@id":"https:\/\/begamer.cz\/sk\/produkt\/the-elder-scrolls-online-deluxe-upgrade-gold-road-sk\/#breadcrumb","itemListElement":[{"@type":"ListItem","position":1,"name":"Domov","item":"https:\/\/begamer.cz\/sk\/"},{"@type":"ListItem","position":2,"name":"Obchod","item":"https:\/\/begamer.cz\/obchod\/"},{"@type":"ListItem","position":3,"name":"The Elder Scrolls Online Deluxe Upgrade: Gold Road"}]},{"@type":"WebSite","@id":"https:\/\/begamer.cz\/sk\/#website","url":"https:\/\/begamer.cz\/sk\/","name":"BeGamer.cz","description":"","publisher":{"@id":"https:\/\/begamer.cz\/sk\/#organization"},"potentialAction":[{"@type":"SearchAction","target":{"@type":"EntryPoint","urlTemplate":"https:\/\/begamer.cz\/sk\/?s={search_term_string}"},"query-input":{"@type":"PropertyValueSpecification","valueRequired":true,"valueName":"search_term_string"}}],"inLanguage":"sk-SK"},{"@type":"Organization","@id":"https:\/\/begamer.cz\/sk\/#organization","name":"BeGamer.cz","url":"https:\/\/begamer.cz\/sk\/","logo":{"@type":"ImageObject","inLanguage":"sk-SK","@id":"https:\/\/begamer.cz\/sk\/#\/schema\/logo\/image\/","url":"https:\/\/begamer.cz\/wp-content\/uploads\/2025\/07\/logo.svg","contentUrl":"https:\/\/begamer.cz\/wp-content\/uploads\/2025\/07\/logo.svg","caption":"BeGamer.cz"},"image":{"@id":"https:\/\/begamer.cz\/sk\/#\/schema\/logo\/image\/"}}]}},"acf":[],"_links":{"self":[{"href":"https:\/\/begamer.cz\/sk\/wp-json\/wp\/v2\/product\/99341","targetHints":{"allow":["GET"]}}],"collection":[{"href":"https:\/\/begamer.cz\/sk\/wp-json\/wp\/v2\/product"}],"about":[{"href":"https:\/\/begamer.cz\/sk\/wp-json\/wp\/v2\/types\/product"}],"replies":[{"embeddable":true,"href":"https:\/\/begamer.cz\/sk\/wp-json\/wp\/v2\/comments?post=99341"}],"wp:featuredmedia":[{"embeddable":true,"href":"https:\/\/begamer.cz\/sk\/wp-json\/wp\/v2\/media\/74902"}],"wp:attachment":[{"href":"https:\/\/begamer.cz\/sk\/wp-json\/wp\/v2\/media?parent=99341"}],"wp:term":[{"taxonomy":"product_brand","embeddable":true,"href":"https:\/\/begamer.cz\/sk\/wp-json\/wp\/v2\/product_brand?post=99341"},{"taxonomy":"product_cat","embeddable":true,"href":"https:\/\/begamer.cz\/sk\/wp-json\/wp\/v2\/product_cat?post=99341"},{"taxonomy":"product_tag","embeddable":true,"href":"https:\/\/begamer.cz\/sk\/wp-json\/wp\/v2\/product_tag?post=99341"}],"curies":[{"name":"wp","href":"https:\/\/api.w.org\/{rel}","templated":true}]}}