{"id":99338,"date":"2026-01-30T17:42:44","date_gmt":"2026-01-30T16:42:44","guid":{"rendered":"https:\/\/begamer.cz\/produkt\/the-elder-scrolls-online-gold-road-sk\/"},"modified":"2026-03-10T22:35:37","modified_gmt":"2026-03-10T21:35:37","slug":"the-elder-scrolls-online-gold-road-sk","status":"publish","type":"product","link":"https:\/\/begamer.cz\/sk\/produkt\/the-elder-scrolls-online-gold-road-sk\/","title":{"rendered":"The Elder Scrolls Online: Gold Road"},"content":{"rendered":"<h1>O hre<\/h1>\n<p>Za\u010dnite svoje dobrodru\u017estvo a za\u017eite jedine\u010dn\u00fd pr\u00edbeh a trad\u00edcie s\u00e9rie <i>The Elder Scrolls<\/i>. Presk\u00famajte Tamriel \u2013 obrovsk\u00fd \u017eiv\u00fd vesm\u00edr, kde va\u0161e rozhodnutia formuj\u00fa va\u0161e dobrodru\u017estvo. Vyrazte na cestu sami alebo s priate\u013emi a spojencami a presk\u00famajte, pl\u0148te \u00falohy, tvorte a hrajte v svete, kde si m\u00f4\u017eete prisp\u00f4sobi\u0165 svoje schopnosti a v\u00fdbavu tak, aby vyhovovali ak\u00e9muko\u013evek \u0161t\u00fdlu hry. Nie je potrebn\u00e9 predplatenie hry \u2013 k\u00fapte si ju raz a hrajte kedyko\u013evek.<\/p>\n<h2 class=\"bb_tag\" ><u>ZLAT\u00c1 CESTA<\/u><\/h2>\n<p><strong>\u00daPLNE NOV\u00dd PR\u00cdBEH ELDER SCROLLS<\/strong> \u2013 Po prv\u00fdkr\u00e1t v <i>The Elder Scrolls Online<\/i> kr\u00e1\u010da po Tamrieli nov\u00fd daedrick\u00fd princ. Ithelia, na ktor\u00fa zabudli aj jej najvernej\u0161\u00ed nasledovn\u00edci, sa vr\u00e1tila. Pre\u010do sa vr\u00e1tila pr\u00e1ve teraz? A ak\u00e9 pl\u00e1ny maj\u00fa jej nasledovn\u00edci s West Wealdom? Vyberte sa na dobrodru\u017estvo, aby ste zachr\u00e1nili realitu, k\u00fdm sa osudov\u00e9 vl\u00e1kna nerozplet\u00fa v d\u00f4sledku Ithelieho n\u00e1vratu.<\/p>\n<p><strong>OBJAVUJTE NOV\u00da Z\u00d3NU<\/strong> \u2013 Vyberte sa do West Wealdu, cis\u00e1rskej oblasti, ktor\u00e1 sa naposledy objavila v TES IV: Oblivion a teraz je ohrozen\u00e1 postupuj\u00facou d\u017eung\u013eou Valenwood a daedrick\u00fdmi n\u00e1jazdmi. Br\u00e1\u0148te coloviansk\u00e9 hlavn\u00e9 mesto Skingrad, presk\u00famajte divo\u010dinu Dawnwoodu a presk\u00famajte starovek\u00e9 ayleidsk\u00e9 ruiny a horsk\u00e9 Coloviansk\u00e9 vrchy, ktor\u00e9 s\u00fa v\u0161etky ohrozen\u00e9 chaosom sp\u00f4soben\u00fdm Itheliin\u00fdm n\u00e1vratom.<\/p>\n<p><strong>SCRIBING<\/strong> \u2013 Ponorte sa do srdca m\u00e1gie s Scribingom, jedine\u010dn\u00fdm syst\u00e9mom, ktor\u00fd v\u00e1m umo\u017e\u0148uje prisp\u00f4sobi\u0165 si svoj \u0161t\u00fdl hry nov\u00fdmi a vzru\u0161uj\u00facimi sp\u00f4sobmi. Zbierajte \u0161peci\u00e1lne zru\u010dnosti a upravujte ich \u00fa\u010dinky a funkcie, aby ste si ich prisp\u00f4sobili. S Scribing m\u00e1te skuto\u010dn\u00fa slobodu a moc hra\u0165 pod\u013ea svojho.<\/p>\n<p><strong>OBJAVTE V\u00c4\u010c\u0160IE DOBRODRU\u017dSTVO!<\/strong> &#8211; Ponorte sa do n\u00e1ro\u010dnej novej sk\u00fa\u0161ky pre 12 os\u00f4b s n\u00e1zvom Lucent Citadel, bojujte s nebezpe\u010dn\u00fdmi udalos\u0165ami a bossmi, ponorte sa do nov\u00fdch p\u00fatav\u00fdch jask\u00fd\u0148 a verejn\u00fdch dungeonov, z\u00edskajte jedine\u010dn\u00e9 odmeny v hre a ove\u013ea viac.<\/p>\n<h2 class=\"bb_tag\" ><u>KOLEKCIA<\/u><\/h2>\n<p>K\u00fapte si <i>The Elder Scrolls Online Collection: Gold Road<\/i> alebo <i>The Elder Scrolls Online Deluxe Collection: Gold Road<\/i> a z\u00edskajte okam\u017eit\u00fd pr\u00edstup ku v\u0161etk\u00fdm hlavn\u00fdm z\u00f3nam kapitol, biomom a questov\u00fdm obl\u00fakom z cel\u00e9ho Tamrielu. <i>Kolekcia: Gold Road<\/i> a <i>Deluxe Collection: Gold Road<\/i> obsahuje z\u00e1kladn\u00fa hru, <i>Gold Road<\/i> a v\u0161etky predch\u00e1dzaj\u00face kapitoly, ako je uveden\u00e9 ni\u017e\u0161ie (plus <i>Deluxe<\/i> polo\u017eky pre t\u00fdch, ktor\u00ed si k\u00fapia <i>Deluxe Collection: Gold Road<\/i>).<\/p>\n<ul class=\"bb_ul\">\n<li> <i>Gold Road<\/i> (NOVINKA v roku 2024) Okam\u017eit\u00e9\n<p>odomknutie:<\/li>\n<li> <i>Necrom<\/i><\/li>\n<li> <i>High Isle<\/i><\/li>\n<li> <i>Blackwood<\/i><\/li>\n<li> <i>Greymoor<\/i><\/li>\n<li> <i>Elsweyr<\/i><\/li>\n<li> <i>Summerset<\/i><\/li>\n<li> <i>Morrowind<\/i><\/li>\n<li> Z\u00e1kladn\u00e1 hra<\/li>\n<\/ul>\n<p>\u2020T\u00ed, ktor\u00ed si zak\u00fapia <i>The Elder Scrolls Online Upgrade: Gold Road<\/i> alebo <i>The Elder Scrolls Online Deluxe Upgrade: Gold Road<\/i>, dostan\u00fa kapitolu <i>Gold Road<\/i>, resp. kapitolu <i>Gold Road<\/i> a predmety <i>Deluxe<\/i>. Tieto verzie neobsahuj\u00fa predch\u00e1dzaj\u00face kapitoly ani z\u00e1kladn\u00fa hru.<\/p>\n","protected":false},"excerpt":{"rendered":"<p>Zabudnut\u00fd daedrick\u00fd princ sa vr\u00e1til a priniesol chaos do West Weald! Presk\u00famajte nov\u00fa z\u00f3nu a br\u00e1\u0148te mesto Skingrad, ktor\u00e9 je teraz su\u017eovan\u00e9 nebezpe\u010dn\u00fdm daedrick\u00fdm kultom a d\u017eung\u013eami Valenwoodu. Prisp\u00f4sobte si svoje zru\u010dnosti ako nikdy predt\u00fdm v\u010faka nov\u00e9mu syst\u00e9mu Scribing.<\/p>\n","protected":false},"featured_media":30151,"comment_status":"open","ping_status":"closed","template":"","meta":{"_acf_changed":false},"product_brand":[],"product_cat":[461,452,398,438],"product_tag":[],"class_list":{"0":"post-99338","1":"product","2":"type-product","3":"status-publish","4":"has-post-thumbnail","6":"product_cat-dobrodruzne-xbox-series-x-s-sk","7":"product_cat-rpg-xbox-series-x-s-sk","8":"product_cat-xbox-hry-sk","9":"product_cat-xbox-series-x-s-sk","10":"pa_audio-de-de","11":"pa_audio-en-us","13":"pa_audio-fr-fr","15":"pa_countries-at","16":"pa_countries-be","17":"pa_countries-bg","18":"pa_countries-cy","19":"pa_countries-cz","21":"pa_countries-de","22":"pa_countries-dk","23":"pa_countries-ee","24":"pa_countries-es","25":"pa_countries-fi","26":"pa_countries-fr","27":"pa_countries-gr","28":"pa_countries-hr","29":"pa_countries-hu","30":"pa_countries-ie","31":"pa_countries-it","32":"pa_countries-lt","33":"pa_countries-lu","34":"pa_countries-lv","35":"pa_countries-mt","36":"pa_countries-nl","37":"pa_countries-pl","38":"pa_countries-pt","39":"pa_countries-ro","40":"pa_countries-se","41":"pa_countries-si","42":"pa_countries-sk","44":"pa_developer-zenimax-online-studios","46":"pa_engine-heroengine","48":"pa_franchises-the-elder-scrolls","50":"pa_game_type-dlc","52":"pa_genres-adventure","54":"pa_genres-role-playing-rpg","56":"pa_interface-de-de","57":"pa_interface-en-us","58":"pa_interface-es-es","59":"pa_interface-fr-fr","60":"pa_interface-ru-ru","62":"pa_interface-zh-cn","64":"pa_modes-co-operative","65":"pa_modes-massively-multiplayer-online-mmo","67":"pa_modes-multiplayer","69":"pa_modes-single-player","70":"pa_pegi-794","71":"pa_pegi-13426","72":"pa_platform-xbox-one-xbox-series-x-s","74":"pa_publisher-bethesda-softworks","76":"pa_rating-1093","77":"pa_rating-14476","78":"pa_region-europe","80":"pa_subtitles-de-de","82":"pa_subtitles-en-us","83":"pa_subtitles-es-es","84":"pa_subtitles-fr-fr","85":"pa_subtitles-ru-ru","87":"pa_subtitles-zh-cn","88":"pa_themes-action","90":"pa_themes-open-world","93":"first","94":"instock","95":"virtual","96":"taxable","97":"purchasable","98":"product-type-simple"},"yoast_head":"<!-- This site is optimized with the Yoast SEO plugin v27.3 - https:\/\/yoast.com\/product\/yoast-seo-wordpress\/ -->\n<title>The Elder Scrolls Online: Gold Road | BeGamer.cz<\/title>\n<meta name=\"robots\" content=\"index, follow, max-snippet:-1, max-image-preview:large, max-video-preview:-1\" \/>\n<link rel=\"canonical\" href=\"https:\/\/begamer.cz\/sk\/produkt\/the-elder-scrolls-online-gold-road-sk\/\" \/>\n<meta property=\"og:locale\" content=\"sk_SK\" \/>\n<meta property=\"og:type\" content=\"article\" \/>\n<meta property=\"og:title\" content=\"The Elder Scrolls Online: Gold Road | BeGamer.cz\" \/>\n<meta property=\"og:description\" content=\"Zabudnut\u00fd daedrick\u00fd princ sa vr\u00e1til a priniesol chaos do West Weald! Presk\u00famajte nov\u00fa z\u00f3nu a br\u00e1\u0148te mesto Skingrad, ktor\u00e9 je teraz su\u017eovan\u00e9 nebezpe\u010dn\u00fdm daedrick\u00fdm kultom a d\u017eung\u013eami Valenwoodu. Prisp\u00f4sobte si svoje zru\u010dnosti ako nikdy predt\u00fdm v\u010faka nov\u00e9mu syst\u00e9mu Scribing.\" \/>\n<meta property=\"og:url\" content=\"https:\/\/begamer.cz\/sk\/produkt\/the-elder-scrolls-online-gold-road-sk\/\" \/>\n<meta property=\"og:site_name\" content=\"BeGamer.cz\" \/>\n<meta property=\"article:modified_time\" content=\"2026-03-10T21:35:37+00:00\" \/>\n<meta property=\"og:image\" content=\"https:\/\/begamer.cz\/wp-content\/uploads\/2026\/01\/the-elder-scrolls-online-gold-road-5.webp\" \/>\n\t<meta property=\"og:image:width\" content=\"300\" \/>\n\t<meta property=\"og:image:height\" content=\"400\" \/>\n\t<meta property=\"og:image:type\" content=\"image\/webp\" \/>\n<meta name=\"twitter:card\" content=\"summary_large_image\" \/>\n<meta name=\"twitter:label1\" content=\"Predpokladan\u00fd \u010das \u010d\u00edtania\" \/>\n\t<meta name=\"twitter:data1\" content=\"3 min\u00faty\" \/>\n<script type=\"application\/ld+json\" class=\"yoast-schema-graph\">{\"@context\":\"https:\\\/\\\/schema.org\",\"@graph\":[{\"@type\":\"WebPage\",\"@id\":\"https:\\\/\\\/begamer.cz\\\/sk\\\/produkt\\\/the-elder-scrolls-online-gold-road-sk\\\/\",\"url\":\"https:\\\/\\\/begamer.cz\\\/sk\\\/produkt\\\/the-elder-scrolls-online-gold-road-sk\\\/\",\"name\":\"The Elder Scrolls Online: Gold Road | BeGamer.cz\",\"isPartOf\":{\"@id\":\"https:\\\/\\\/begamer.cz\\\/sk\\\/#website\"},\"primaryImageOfPage\":{\"@id\":\"https:\\\/\\\/begamer.cz\\\/sk\\\/produkt\\\/the-elder-scrolls-online-gold-road-sk\\\/#primaryimage\"},\"image\":{\"@id\":\"https:\\\/\\\/begamer.cz\\\/sk\\\/produkt\\\/the-elder-scrolls-online-gold-road-sk\\\/#primaryimage\"},\"thumbnailUrl\":\"https:\\\/\\\/begamer.cz\\\/wp-content\\\/uploads\\\/2026\\\/01\\\/the-elder-scrolls-online-gold-road-5.webp\",\"datePublished\":\"2026-01-30T16:42:44+00:00\",\"dateModified\":\"2026-03-10T21:35:37+00:00\",\"breadcrumb\":{\"@id\":\"https:\\\/\\\/begamer.cz\\\/sk\\\/produkt\\\/the-elder-scrolls-online-gold-road-sk\\\/#breadcrumb\"},\"inLanguage\":\"sk-SK\",\"potentialAction\":[{\"@type\":\"ReadAction\",\"target\":[\"https:\\\/\\\/begamer.cz\\\/sk\\\/produkt\\\/the-elder-scrolls-online-gold-road-sk\\\/\"]}]},{\"@type\":\"ImageObject\",\"inLanguage\":\"sk-SK\",\"@id\":\"https:\\\/\\\/begamer.cz\\\/sk\\\/produkt\\\/the-elder-scrolls-online-gold-road-sk\\\/#primaryimage\",\"url\":\"https:\\\/\\\/begamer.cz\\\/wp-content\\\/uploads\\\/2026\\\/01\\\/the-elder-scrolls-online-gold-road-5.webp\",\"contentUrl\":\"https:\\\/\\\/begamer.cz\\\/wp-content\\\/uploads\\\/2026\\\/01\\\/the-elder-scrolls-online-gold-road-5.webp\",\"width\":300,\"height\":400},{\"@type\":\"BreadcrumbList\",\"@id\":\"https:\\\/\\\/begamer.cz\\\/sk\\\/produkt\\\/the-elder-scrolls-online-gold-road-sk\\\/#breadcrumb\",\"itemListElement\":[{\"@type\":\"ListItem\",\"position\":1,\"name\":\"Domov\",\"item\":\"https:\\\/\\\/begamer.cz\\\/sk\\\/\"},{\"@type\":\"ListItem\",\"position\":2,\"name\":\"Obchod\",\"item\":\"https:\\\/\\\/begamer.cz\\\/obchod\\\/\"},{\"@type\":\"ListItem\",\"position\":3,\"name\":\"The Elder Scrolls Online: Gold Road\"}]},{\"@type\":\"WebSite\",\"@id\":\"https:\\\/\\\/begamer.cz\\\/sk\\\/#website\",\"url\":\"https:\\\/\\\/begamer.cz\\\/sk\\\/\",\"name\":\"BeGamer.cz\",\"description\":\"\",\"publisher\":{\"@id\":\"https:\\\/\\\/begamer.cz\\\/sk\\\/#organization\"},\"potentialAction\":[{\"@type\":\"SearchAction\",\"target\":{\"@type\":\"EntryPoint\",\"urlTemplate\":\"https:\\\/\\\/begamer.cz\\\/sk\\\/?s={search_term_string}\"},\"query-input\":{\"@type\":\"PropertyValueSpecification\",\"valueRequired\":true,\"valueName\":\"search_term_string\"}}],\"inLanguage\":\"sk-SK\"},{\"@type\":\"Organization\",\"@id\":\"https:\\\/\\\/begamer.cz\\\/sk\\\/#organization\",\"name\":\"BeGamer.cz\",\"url\":\"https:\\\/\\\/begamer.cz\\\/sk\\\/\",\"logo\":{\"@type\":\"ImageObject\",\"inLanguage\":\"sk-SK\",\"@id\":\"https:\\\/\\\/begamer.cz\\\/sk\\\/#\\\/schema\\\/logo\\\/image\\\/\",\"url\":\"https:\\\/\\\/begamer.cz\\\/wp-content\\\/uploads\\\/2025\\\/07\\\/logo.svg\",\"contentUrl\":\"https:\\\/\\\/begamer.cz\\\/wp-content\\\/uploads\\\/2025\\\/07\\\/logo.svg\",\"caption\":\"BeGamer.cz\"},\"image\":{\"@id\":\"https:\\\/\\\/begamer.cz\\\/sk\\\/#\\\/schema\\\/logo\\\/image\\\/\"}}]}<\/script>\n<!-- \/ Yoast SEO plugin. -->","yoast_head_json":{"title":"The Elder Scrolls Online: Gold Road | BeGamer.cz","robots":{"index":"index","follow":"follow","max-snippet":"max-snippet:-1","max-image-preview":"max-image-preview:large","max-video-preview":"max-video-preview:-1"},"canonical":"https:\/\/begamer.cz\/sk\/produkt\/the-elder-scrolls-online-gold-road-sk\/","og_locale":"sk_SK","og_type":"article","og_title":"The Elder Scrolls Online: Gold Road | BeGamer.cz","og_description":"Zabudnut\u00fd daedrick\u00fd princ sa vr\u00e1til a priniesol chaos do West Weald! Presk\u00famajte nov\u00fa z\u00f3nu a br\u00e1\u0148te mesto Skingrad, ktor\u00e9 je teraz su\u017eovan\u00e9 nebezpe\u010dn\u00fdm daedrick\u00fdm kultom a d\u017eung\u013eami Valenwoodu. Prisp\u00f4sobte si svoje zru\u010dnosti ako nikdy predt\u00fdm v\u010faka nov\u00e9mu syst\u00e9mu Scribing.","og_url":"https:\/\/begamer.cz\/sk\/produkt\/the-elder-scrolls-online-gold-road-sk\/","og_site_name":"BeGamer.cz","article_modified_time":"2026-03-10T21:35:37+00:00","og_image":[{"width":300,"height":400,"url":"https:\/\/begamer.cz\/wp-content\/uploads\/2026\/01\/the-elder-scrolls-online-gold-road-5.webp","type":"image\/webp"}],"twitter_card":"summary_large_image","twitter_misc":{"Predpokladan\u00fd \u010das \u010d\u00edtania":"3 min\u00faty"},"schema":{"@context":"https:\/\/schema.org","@graph":[{"@type":"WebPage","@id":"https:\/\/begamer.cz\/sk\/produkt\/the-elder-scrolls-online-gold-road-sk\/","url":"https:\/\/begamer.cz\/sk\/produkt\/the-elder-scrolls-online-gold-road-sk\/","name":"The Elder Scrolls Online: Gold Road | BeGamer.cz","isPartOf":{"@id":"https:\/\/begamer.cz\/sk\/#website"},"primaryImageOfPage":{"@id":"https:\/\/begamer.cz\/sk\/produkt\/the-elder-scrolls-online-gold-road-sk\/#primaryimage"},"image":{"@id":"https:\/\/begamer.cz\/sk\/produkt\/the-elder-scrolls-online-gold-road-sk\/#primaryimage"},"thumbnailUrl":"https:\/\/begamer.cz\/wp-content\/uploads\/2026\/01\/the-elder-scrolls-online-gold-road-5.webp","datePublished":"2026-01-30T16:42:44+00:00","dateModified":"2026-03-10T21:35:37+00:00","breadcrumb":{"@id":"https:\/\/begamer.cz\/sk\/produkt\/the-elder-scrolls-online-gold-road-sk\/#breadcrumb"},"inLanguage":"sk-SK","potentialAction":[{"@type":"ReadAction","target":["https:\/\/begamer.cz\/sk\/produkt\/the-elder-scrolls-online-gold-road-sk\/"]}]},{"@type":"ImageObject","inLanguage":"sk-SK","@id":"https:\/\/begamer.cz\/sk\/produkt\/the-elder-scrolls-online-gold-road-sk\/#primaryimage","url":"https:\/\/begamer.cz\/wp-content\/uploads\/2026\/01\/the-elder-scrolls-online-gold-road-5.webp","contentUrl":"https:\/\/begamer.cz\/wp-content\/uploads\/2026\/01\/the-elder-scrolls-online-gold-road-5.webp","width":300,"height":400},{"@type":"BreadcrumbList","@id":"https:\/\/begamer.cz\/sk\/produkt\/the-elder-scrolls-online-gold-road-sk\/#breadcrumb","itemListElement":[{"@type":"ListItem","position":1,"name":"Domov","item":"https:\/\/begamer.cz\/sk\/"},{"@type":"ListItem","position":2,"name":"Obchod","item":"https:\/\/begamer.cz\/obchod\/"},{"@type":"ListItem","position":3,"name":"The Elder Scrolls Online: Gold Road"}]},{"@type":"WebSite","@id":"https:\/\/begamer.cz\/sk\/#website","url":"https:\/\/begamer.cz\/sk\/","name":"BeGamer.cz","description":"","publisher":{"@id":"https:\/\/begamer.cz\/sk\/#organization"},"potentialAction":[{"@type":"SearchAction","target":{"@type":"EntryPoint","urlTemplate":"https:\/\/begamer.cz\/sk\/?s={search_term_string}"},"query-input":{"@type":"PropertyValueSpecification","valueRequired":true,"valueName":"search_term_string"}}],"inLanguage":"sk-SK"},{"@type":"Organization","@id":"https:\/\/begamer.cz\/sk\/#organization","name":"BeGamer.cz","url":"https:\/\/begamer.cz\/sk\/","logo":{"@type":"ImageObject","inLanguage":"sk-SK","@id":"https:\/\/begamer.cz\/sk\/#\/schema\/logo\/image\/","url":"https:\/\/begamer.cz\/wp-content\/uploads\/2025\/07\/logo.svg","contentUrl":"https:\/\/begamer.cz\/wp-content\/uploads\/2025\/07\/logo.svg","caption":"BeGamer.cz"},"image":{"@id":"https:\/\/begamer.cz\/sk\/#\/schema\/logo\/image\/"}}]}},"acf":[],"_links":{"self":[{"href":"https:\/\/begamer.cz\/sk\/wp-json\/wp\/v2\/product\/99338","targetHints":{"allow":["GET"]}}],"collection":[{"href":"https:\/\/begamer.cz\/sk\/wp-json\/wp\/v2\/product"}],"about":[{"href":"https:\/\/begamer.cz\/sk\/wp-json\/wp\/v2\/types\/product"}],"replies":[{"embeddable":true,"href":"https:\/\/begamer.cz\/sk\/wp-json\/wp\/v2\/comments?post=99338"}],"wp:featuredmedia":[{"embeddable":true,"href":"https:\/\/begamer.cz\/sk\/wp-json\/wp\/v2\/media\/30151"}],"wp:attachment":[{"href":"https:\/\/begamer.cz\/sk\/wp-json\/wp\/v2\/media?parent=99338"}],"wp:term":[{"taxonomy":"product_brand","embeddable":true,"href":"https:\/\/begamer.cz\/sk\/wp-json\/wp\/v2\/product_brand?post=99338"},{"taxonomy":"product_cat","embeddable":true,"href":"https:\/\/begamer.cz\/sk\/wp-json\/wp\/v2\/product_cat?post=99338"},{"taxonomy":"product_tag","embeddable":true,"href":"https:\/\/begamer.cz\/sk\/wp-json\/wp\/v2\/product_tag?post=99338"}],"curies":[{"name":"wp","href":"https:\/\/api.w.org\/{rel}","templated":true}]}}