{"id":99305,"date":"2026-01-30T17:42:13","date_gmt":"2026-01-30T16:42:13","guid":{"rendered":"https:\/\/begamer.cz\/produkt\/neon-the-ninja-sk\/"},"modified":"2026-03-10T22:34:39","modified_gmt":"2026-03-10T21:34:39","slug":"neon-the-ninja-sk","status":"publish","type":"product","link":"https:\/\/begamer.cz\/sk\/produkt\/neon-the-ninja-sk\/","title":{"rendered":"Neon the Ninja"},"content":{"rendered":"<h1>O hre<\/h1>\n<p><span class=\"bb_img_ctn\"><video class=\"bb_img\" autoplay muted loop playsinline poster=\"https:\/\/shared.akamai.steamstatic.com\/store_item_assets\/steam\/apps\/698650\/extras\/8537230d4c50f67b3b5745e1d3d8ed4a.poster.avif?t=1543268137\" width=640 height=200 ><source src=\"https:\/\/shared.akamai.steamstatic.com\/store_item_assets\/steam\/apps\/698650\/extras\/8537230d4c50f67b3b5745e1d3d8ed4a.webm?t=1543268137\" type=\"video\/webm; codecs=vp9\"><source src=\"https:\/\/shared.akamai.steamstatic.com\/store_item_assets\/steam\/apps\/698650\/extras\/8537230d4c50f67b3b5745e1d3d8ed4a.mp4?t=1543268137\" type=\"video\/mp4\"><\/video><\/span><\/p>\n<h2 class=\"bb_tag\" >OLD-SCHOOL \u0164A\u017dK\u00c1<\/h2>\n<p> S\u00fastred\u00edme sa na zachytenie DUCHA klasick\u00fdch hier, ako s\u00fa Ninja Gaiden a Mega Man. Chceme kl\u00e1s\u0165 d\u00f4raz na z\u00e1bavu a odme\u0148ovanie zru\u010dn\u00e9ho hrania, namiesto dlh\u00fdch tutori\u00e1lov a zbierania ka\u017ed\u00e9ho drobn\u00e9ho predmetu v \u00farovni.<\/p>\n<h2 class=\"bb_tag\" >BRUT\u00c1LNE STEALTH KILLS<\/h2>\n<p> Neon sa m\u00f4\u017ee skry\u0165 na o\u010diach t\u00fdm, \u017ee sa zmie\u0161a s jasn\u00fdmi farbami okolo seba. V tomto \u201estealth m\u00f3de\u201c m\u00f4\u017ee zab\u00edja\u0165 nepriate\u013eov, ktor\u00ed s\u00fa v jeho bl\u00edzkosti.<\/p>\n<h2 class=\"bb_tag\" >INTENZ\u00cdVNE BOJE S BOSSMI<\/h2>\n<p> Chceme, aby sa ka\u017ed\u00fd s\u00faboj s bossom v tejto hre c\u00edtil ako fin\u00e1lny s\u00faboj s bossom a bol pln\u00fd momentov, ktor\u00e9 v\u00e1s prin\u00fatia vykr\u00edknu\u0165 <i>\u201eOH SHIT<\/i>\u201c. Ka\u017ed\u00fd boss m\u00e1 viacero unik\u00e1tnych f\u00e1z (\u017eiadne recyklovan\u00e9 triky alebo n\u00e1pady).<\/p>\n<h2 class=\"bb_tag\" >NELINE\u00c1RNY PRIEBEH<\/h2>\n<p> Obrazovka v\u00fdberu bossov, na ktorej si hr\u00e1\u010di m\u00f4\u017eu vybra\u0165 poradie, v akom bud\u00fa bossov por\u00e1\u017ea\u0165. Por\u00e1\u017eanie bossov odomkne r\u00f4zne predmety, v\u010faka \u010domu si hr\u00e1\u010di m\u00f4\u017eu vyvin\u00fa\u0165 vlastn\u00fa strat\u00e9giu (alebo si ju vyh\u013eada\u0165 na Googli).<\/p>\n<h2 class=\"bb_tag\" >RU\u010cNE KRESLEN\u00dd KRESLEN\u00dd \u0160T\u00ddL<\/h2>\n<p> Sna\u017e\u00edme sa o \u201ekombin\u00e1ciu sobot\u0148aj\u0161\u00edch rann\u00fdch karikat\u00far a konceptu\u00e1lneho umenia SNES\u201c. To znamen\u00e1, \u017ee ka\u017ed\u00e1 postava je navrhnut\u00e1 tak, aby bola vizu\u00e1lne nezabudnute\u013en\u00e1 a prekypovala osobnos\u0165ou.<\/p>\n<h2 class=\"bb_tag\" >RADIK\u00c1LNY SOUNDTRACK<\/h2>\n<p> Je len logick\u00e9, \u017ee Neon zab\u00edja nepriate\u013eov za sprievodu soundtracku, ktor\u00fd rovnako zab\u00edja hr\u00e1\u010da. O\u010dak\u00e1vajte ve\u013ea energickej hudby zalo\u017eenej na gitar\u00e1ch a syntetiz\u00e1toroch, ovplyvnenej exotick\u00fdmi lokalitami hry.<\/p>\n","protected":false},"excerpt":{"rendered":"<p>NEON THE NINJA je punkrockov\u00e1 plo\u0161inovka, v ktorej sa skr\u00fdvate na o\u010diach a do prestrelky sa p\u00fa\u0161\u0165ate s me\u010dmi. Zabite ka\u017ed\u00e9ho bossa a zoberte mu jeho silu, ak najprv nerozbijete svoj ovl\u00e1da\u010d! Ste dos\u0165 ninja?<\/p>\n","protected":false},"featured_media":29971,"comment_status":"open","ping_status":"closed","template":"","meta":{"_acf_changed":false},"product_brand":[],"product_cat":[270,290,268,266,312],"product_tag":[],"class_list":{"0":"post-99305","1":"product","2":"type-product","3":"status-publish","4":"has-post-thumbnail","6":"product_cat-adventury-pc-hry-sk","7":"product_cat-indie-hry-pc-sk","8":"product_cat-pc-sk","9":"product_cat-pc-hry-sk","10":"product_cat-steam-pc-sk","11":"pa_audio-en-us","13":"pa_game_type-main_game","15":"pa_genres-adventure","16":"pa_genres-indie","18":"pa_interface-en-us","20":"pa_modes-single-player","22":"pa_platform-pc-steam","24":"pa_rating-773","25":"pa_rating-14441","26":"pa_region-global","28":"pa_themes-action","29":"pa_themes-stealth","32":"first","33":"instock","34":"virtual","35":"taxable","36":"purchasable","37":"product-type-simple"},"yoast_head":"<!-- This site is optimized with the Yoast SEO plugin v27.3 - https:\/\/yoast.com\/product\/yoast-seo-wordpress\/ -->\n<title>Neon the Ninja | BeGamer.cz<\/title>\n<meta name=\"robots\" content=\"index, follow, max-snippet:-1, max-image-preview:large, max-video-preview:-1\" \/>\n<link rel=\"canonical\" href=\"https:\/\/begamer.cz\/sk\/produkt\/neon-the-ninja-sk\/\" \/>\n<meta property=\"og:locale\" content=\"sk_SK\" \/>\n<meta property=\"og:type\" content=\"article\" \/>\n<meta property=\"og:title\" content=\"Neon the Ninja | BeGamer.cz\" \/>\n<meta property=\"og:description\" content=\"NEON THE NINJA je punkrockov\u00e1 plo\u0161inovka, v ktorej sa skr\u00fdvate na o\u010diach a do prestrelky sa p\u00fa\u0161\u0165ate s me\u010dmi. Zabite ka\u017ed\u00e9ho bossa a zoberte mu jeho silu, ak najprv nerozbijete svoj ovl\u00e1da\u010d! Ste dos\u0165 ninja?\" \/>\n<meta property=\"og:url\" content=\"https:\/\/begamer.cz\/sk\/produkt\/neon-the-ninja-sk\/\" \/>\n<meta property=\"og:site_name\" content=\"BeGamer.cz\" \/>\n<meta property=\"article:modified_time\" content=\"2026-03-10T21:34:39+00:00\" \/>\n<meta property=\"og:image\" content=\"https:\/\/begamer.cz\/wp-content\/uploads\/2026\/01\/neon-the-ninja-5.webp\" \/>\n\t<meta property=\"og:image:width\" content=\"300\" \/>\n\t<meta property=\"og:image:height\" content=\"400\" \/>\n\t<meta property=\"og:image:type\" content=\"image\/webp\" \/>\n<meta name=\"twitter:card\" content=\"summary_large_image\" \/>\n<meta name=\"twitter:label1\" content=\"Predpokladan\u00fd \u010das \u010d\u00edtania\" \/>\n\t<meta name=\"twitter:data1\" content=\"1 min\u00fata\" \/>\n<script type=\"application\/ld+json\" class=\"yoast-schema-graph\">{\"@context\":\"https:\\\/\\\/schema.org\",\"@graph\":[{\"@type\":\"WebPage\",\"@id\":\"https:\\\/\\\/begamer.cz\\\/sk\\\/produkt\\\/neon-the-ninja-sk\\\/\",\"url\":\"https:\\\/\\\/begamer.cz\\\/sk\\\/produkt\\\/neon-the-ninja-sk\\\/\",\"name\":\"Neon the Ninja | BeGamer.cz\",\"isPartOf\":{\"@id\":\"https:\\\/\\\/begamer.cz\\\/sk\\\/#website\"},\"primaryImageOfPage\":{\"@id\":\"https:\\\/\\\/begamer.cz\\\/sk\\\/produkt\\\/neon-the-ninja-sk\\\/#primaryimage\"},\"image\":{\"@id\":\"https:\\\/\\\/begamer.cz\\\/sk\\\/produkt\\\/neon-the-ninja-sk\\\/#primaryimage\"},\"thumbnailUrl\":\"https:\\\/\\\/begamer.cz\\\/wp-content\\\/uploads\\\/2026\\\/01\\\/neon-the-ninja-5.webp\",\"datePublished\":\"2026-01-30T16:42:13+00:00\",\"dateModified\":\"2026-03-10T21:34:39+00:00\",\"breadcrumb\":{\"@id\":\"https:\\\/\\\/begamer.cz\\\/sk\\\/produkt\\\/neon-the-ninja-sk\\\/#breadcrumb\"},\"inLanguage\":\"sk-SK\",\"potentialAction\":[{\"@type\":\"ReadAction\",\"target\":[\"https:\\\/\\\/begamer.cz\\\/sk\\\/produkt\\\/neon-the-ninja-sk\\\/\"]}]},{\"@type\":\"ImageObject\",\"inLanguage\":\"sk-SK\",\"@id\":\"https:\\\/\\\/begamer.cz\\\/sk\\\/produkt\\\/neon-the-ninja-sk\\\/#primaryimage\",\"url\":\"https:\\\/\\\/begamer.cz\\\/wp-content\\\/uploads\\\/2026\\\/01\\\/neon-the-ninja-5.webp\",\"contentUrl\":\"https:\\\/\\\/begamer.cz\\\/wp-content\\\/uploads\\\/2026\\\/01\\\/neon-the-ninja-5.webp\",\"width\":300,\"height\":400},{\"@type\":\"BreadcrumbList\",\"@id\":\"https:\\\/\\\/begamer.cz\\\/sk\\\/produkt\\\/neon-the-ninja-sk\\\/#breadcrumb\",\"itemListElement\":[{\"@type\":\"ListItem\",\"position\":1,\"name\":\"Domov\",\"item\":\"https:\\\/\\\/begamer.cz\\\/sk\\\/\"},{\"@type\":\"ListItem\",\"position\":2,\"name\":\"Obchod\",\"item\":\"https:\\\/\\\/begamer.cz\\\/obchod\\\/\"},{\"@type\":\"ListItem\",\"position\":3,\"name\":\"Neon the Ninja\"}]},{\"@type\":\"WebSite\",\"@id\":\"https:\\\/\\\/begamer.cz\\\/sk\\\/#website\",\"url\":\"https:\\\/\\\/begamer.cz\\\/sk\\\/\",\"name\":\"BeGamer.cz\",\"description\":\"\",\"publisher\":{\"@id\":\"https:\\\/\\\/begamer.cz\\\/sk\\\/#organization\"},\"potentialAction\":[{\"@type\":\"SearchAction\",\"target\":{\"@type\":\"EntryPoint\",\"urlTemplate\":\"https:\\\/\\\/begamer.cz\\\/sk\\\/?s={search_term_string}\"},\"query-input\":{\"@type\":\"PropertyValueSpecification\",\"valueRequired\":true,\"valueName\":\"search_term_string\"}}],\"inLanguage\":\"sk-SK\"},{\"@type\":\"Organization\",\"@id\":\"https:\\\/\\\/begamer.cz\\\/sk\\\/#organization\",\"name\":\"BeGamer.cz\",\"url\":\"https:\\\/\\\/begamer.cz\\\/sk\\\/\",\"logo\":{\"@type\":\"ImageObject\",\"inLanguage\":\"sk-SK\",\"@id\":\"https:\\\/\\\/begamer.cz\\\/sk\\\/#\\\/schema\\\/logo\\\/image\\\/\",\"url\":\"https:\\\/\\\/begamer.cz\\\/wp-content\\\/uploads\\\/2025\\\/07\\\/logo.svg\",\"contentUrl\":\"https:\\\/\\\/begamer.cz\\\/wp-content\\\/uploads\\\/2025\\\/07\\\/logo.svg\",\"caption\":\"BeGamer.cz\"},\"image\":{\"@id\":\"https:\\\/\\\/begamer.cz\\\/sk\\\/#\\\/schema\\\/logo\\\/image\\\/\"}}]}<\/script>\n<!-- \/ Yoast SEO plugin. -->","yoast_head_json":{"title":"Neon the Ninja | BeGamer.cz","robots":{"index":"index","follow":"follow","max-snippet":"max-snippet:-1","max-image-preview":"max-image-preview:large","max-video-preview":"max-video-preview:-1"},"canonical":"https:\/\/begamer.cz\/sk\/produkt\/neon-the-ninja-sk\/","og_locale":"sk_SK","og_type":"article","og_title":"Neon the Ninja | BeGamer.cz","og_description":"NEON THE NINJA je punkrockov\u00e1 plo\u0161inovka, v ktorej sa skr\u00fdvate na o\u010diach a do prestrelky sa p\u00fa\u0161\u0165ate s me\u010dmi. Zabite ka\u017ed\u00e9ho bossa a zoberte mu jeho silu, ak najprv nerozbijete svoj ovl\u00e1da\u010d! Ste dos\u0165 ninja?","og_url":"https:\/\/begamer.cz\/sk\/produkt\/neon-the-ninja-sk\/","og_site_name":"BeGamer.cz","article_modified_time":"2026-03-10T21:34:39+00:00","og_image":[{"width":300,"height":400,"url":"https:\/\/begamer.cz\/wp-content\/uploads\/2026\/01\/neon-the-ninja-5.webp","type":"image\/webp"}],"twitter_card":"summary_large_image","twitter_misc":{"Predpokladan\u00fd \u010das \u010d\u00edtania":"1 min\u00fata"},"schema":{"@context":"https:\/\/schema.org","@graph":[{"@type":"WebPage","@id":"https:\/\/begamer.cz\/sk\/produkt\/neon-the-ninja-sk\/","url":"https:\/\/begamer.cz\/sk\/produkt\/neon-the-ninja-sk\/","name":"Neon the Ninja | BeGamer.cz","isPartOf":{"@id":"https:\/\/begamer.cz\/sk\/#website"},"primaryImageOfPage":{"@id":"https:\/\/begamer.cz\/sk\/produkt\/neon-the-ninja-sk\/#primaryimage"},"image":{"@id":"https:\/\/begamer.cz\/sk\/produkt\/neon-the-ninja-sk\/#primaryimage"},"thumbnailUrl":"https:\/\/begamer.cz\/wp-content\/uploads\/2026\/01\/neon-the-ninja-5.webp","datePublished":"2026-01-30T16:42:13+00:00","dateModified":"2026-03-10T21:34:39+00:00","breadcrumb":{"@id":"https:\/\/begamer.cz\/sk\/produkt\/neon-the-ninja-sk\/#breadcrumb"},"inLanguage":"sk-SK","potentialAction":[{"@type":"ReadAction","target":["https:\/\/begamer.cz\/sk\/produkt\/neon-the-ninja-sk\/"]}]},{"@type":"ImageObject","inLanguage":"sk-SK","@id":"https:\/\/begamer.cz\/sk\/produkt\/neon-the-ninja-sk\/#primaryimage","url":"https:\/\/begamer.cz\/wp-content\/uploads\/2026\/01\/neon-the-ninja-5.webp","contentUrl":"https:\/\/begamer.cz\/wp-content\/uploads\/2026\/01\/neon-the-ninja-5.webp","width":300,"height":400},{"@type":"BreadcrumbList","@id":"https:\/\/begamer.cz\/sk\/produkt\/neon-the-ninja-sk\/#breadcrumb","itemListElement":[{"@type":"ListItem","position":1,"name":"Domov","item":"https:\/\/begamer.cz\/sk\/"},{"@type":"ListItem","position":2,"name":"Obchod","item":"https:\/\/begamer.cz\/obchod\/"},{"@type":"ListItem","position":3,"name":"Neon the Ninja"}]},{"@type":"WebSite","@id":"https:\/\/begamer.cz\/sk\/#website","url":"https:\/\/begamer.cz\/sk\/","name":"BeGamer.cz","description":"","publisher":{"@id":"https:\/\/begamer.cz\/sk\/#organization"},"potentialAction":[{"@type":"SearchAction","target":{"@type":"EntryPoint","urlTemplate":"https:\/\/begamer.cz\/sk\/?s={search_term_string}"},"query-input":{"@type":"PropertyValueSpecification","valueRequired":true,"valueName":"search_term_string"}}],"inLanguage":"sk-SK"},{"@type":"Organization","@id":"https:\/\/begamer.cz\/sk\/#organization","name":"BeGamer.cz","url":"https:\/\/begamer.cz\/sk\/","logo":{"@type":"ImageObject","inLanguage":"sk-SK","@id":"https:\/\/begamer.cz\/sk\/#\/schema\/logo\/image\/","url":"https:\/\/begamer.cz\/wp-content\/uploads\/2025\/07\/logo.svg","contentUrl":"https:\/\/begamer.cz\/wp-content\/uploads\/2025\/07\/logo.svg","caption":"BeGamer.cz"},"image":{"@id":"https:\/\/begamer.cz\/sk\/#\/schema\/logo\/image\/"}}]}},"acf":[],"_links":{"self":[{"href":"https:\/\/begamer.cz\/sk\/wp-json\/wp\/v2\/product\/99305","targetHints":{"allow":["GET"]}}],"collection":[{"href":"https:\/\/begamer.cz\/sk\/wp-json\/wp\/v2\/product"}],"about":[{"href":"https:\/\/begamer.cz\/sk\/wp-json\/wp\/v2\/types\/product"}],"replies":[{"embeddable":true,"href":"https:\/\/begamer.cz\/sk\/wp-json\/wp\/v2\/comments?post=99305"}],"wp:featuredmedia":[{"embeddable":true,"href":"https:\/\/begamer.cz\/sk\/wp-json\/wp\/v2\/media\/29971"}],"wp:attachment":[{"href":"https:\/\/begamer.cz\/sk\/wp-json\/wp\/v2\/media?parent=99305"}],"wp:term":[{"taxonomy":"product_brand","embeddable":true,"href":"https:\/\/begamer.cz\/sk\/wp-json\/wp\/v2\/product_brand?post=99305"},{"taxonomy":"product_cat","embeddable":true,"href":"https:\/\/begamer.cz\/sk\/wp-json\/wp\/v2\/product_cat?post=99305"},{"taxonomy":"product_tag","embeddable":true,"href":"https:\/\/begamer.cz\/sk\/wp-json\/wp\/v2\/product_tag?post=99305"}],"curies":[{"name":"wp","href":"https:\/\/api.w.org\/{rel}","templated":true}]}}