{"id":99302,"date":"2026-01-30T17:42:11","date_gmt":"2026-01-30T16:42:11","guid":{"rendered":"https:\/\/begamer.cz\/produkt\/playstation-network-card-250-eur-sk-psn-slovakia-sk\/"},"modified":"2026-03-10T22:34:39","modified_gmt":"2026-03-10T21:34:39","slug":"playstation-network-card-250-eur-sk-psn-slovakia-sk","status":"publish","type":"product","link":"https:\/\/begamer.cz\/sk\/produkt\/playstation-network-card-250-eur-sk-psn-slovakia-sk\/","title":{"rendered":"PlayStation Network Card 250 EUR (SK) PSN SLOVAKIA"},"content":{"rendered":"<p>\u010co je PlayStation Network?<\/p>\n<p>\u00a0<\/p>\n<p>PlayStation Network (PSN) je ofici\u00e1lna platforma spolo\u010dnosti Sony Interactive Entertainment pre s\u0165ahovanie a digit\u00e1lne slu\u017eby pre konzoly PS4, PS3, PSP a PS VITA.<\/p>\n<p>\u00a0<\/p>\n<ul>\n<li>\n<p>PSN bola vytvoren\u00e1 v novembri 2006 a poskytuje pr\u00edstup k online multiplayerov\u00e9mu re\u017eimu, obchodu PlayStation Store a \u010fal\u0161\u00edm digit\u00e1lnym z\u00e1bavn\u00fdm slu\u017eb\u00e1m, ako je VOD (video na po\u017eiadanie) alebo instant messaging.<\/p>\n<\/li>\n<li>\n<p>Pr\u00edstupn\u00e1 z va\u0161ej konzoly, mus\u00edte si nastavi\u0165 PlayStation Network ID (PSN ID), aby ste si mohli vytvori\u0165 \u00fa\u010det. Existuj\u00fa 2 typy \u00fa\u010dtov, hlavn\u00fd \u00fa\u010det, s ktor\u00fdm je spojen\u00e1 va\u0161a PSN pe\u0148a\u017eenka, a sekund\u00e1rne \u00fa\u010dty, ktor\u00e9 m\u00f4\u017eete prida\u0165.<\/p>\n<\/li>\n<li>\n<p>Tieto m\u00f4\u017eu by\u0165 ve\u013emi u\u017eito\u010dn\u00e9, ak m\u00e1te deti, na riadenie mesa\u010dn\u00fdch v\u00fddavkov a obmedzenie \u201echatu\u201c in\u0161tal\u00e1ciou rodi\u010dovskej kontroly.<\/p>\n<\/li>\n<\/ul>\n<p>\u00a0<\/p>\n<p>Ako prida\u0165 prostriedky do pe\u0148a\u017eenky Playstation?<\/p>\n<p>\u00a0<\/p>\n<p>Pe\u0148a\u017eenku PSN m\u00f4\u017eete dob\u00edja\u0165 zak\u00fapen\u00edm predplatenej karty PlayStation Network (PSN Card) alebo kreditnou kartou.<\/p>\n<ul>\n<li>\n<p>Po zak\u00fapen\u00ed PSN CARD CODE sa prihl\u00e1ste do svojho pou\u017e\u00edvate\u013esk\u00e9ho \u00fa\u010dtu.<\/p>\n<\/li>\n<li>\n<p>Kliknite na horn\u00fa \u010das\u0165 ovl\u00e1dacieho panela, aby sa zobrazilo menu \u201eFunkcie\u201c.<\/p>\n<\/li>\n<li>\n<p>Vyberte \u201eNastavenia\u201c a potom \u201ePlayStation Network\u201c \/ \u201eInform\u00e1cie o \u00fa\u010dte\u201c \/ \u201ePe\u0148a\u017eenka\u201c \/ \u201ePrida\u0165 prostriedky\u201c.<\/p>\n<\/li>\n<li>\n<p>Potvr\u010fte kliknut\u00edm na \u201eX\u201c \/ \u201eVyk\u00fapi\u0165 k\u00f3d\u201c.<\/p>\n<\/li>\n<li>\n<p>Zadajte k\u00f3d predplatenej karty Playstation Gift Card (12-miestny k\u00f3d) a kliknite na \u201ePokra\u010dova\u0165\u201c.<\/p>\n<\/li>\n<\/ul>\n<p>Finan\u010dn\u00e9 prostriedky PSN s\u00fa teraz pridan\u00e9 do v\u00e1\u0161ho \u00fa\u010dtu Playstation Network a m\u00f4\u017eete nakupova\u0165 v\u0161etok digit\u00e1lny obsah z obchodu Playstation Store.<\/p>\n<\/p>\n<p>\u010co je obchod PlayStation Store?<\/p>\n<p>\u00a0<\/p>\n<ul>\n<li>\n<p>Playstation Store je ofici\u00e1lny obchod konzoly Sony, kde n\u00e1jdete v\u0161etok obsah na stiahnutie pre konzoly PS4, PS3, PSP a PS VITA. Ak chcete nakupova\u0165 polo\u017eky v obchode Playstation Store, mus\u00edte ma\u0165 kredit na va\u0161ej pe\u0148a\u017eenke Playstation.<\/p>\n<\/li>\n<\/ul>\n","protected":false},"excerpt":{"rendered":"<p>PlayStation Network (PSN) je ofici\u00e1lna platforma spolo\u010dnosti Sony Interactive Entertainment pre s\u0165ahovanie a digit\u00e1lne slu\u017eby pre konzoly PS4, PS3, PSP a PS VITA.<\/p>\n","protected":false},"featured_media":29950,"comment_status":"open","ping_status":"closed","template":"","meta":{"_acf_changed":false},"product_brand":[],"product_cat":[340,326,328],"product_tag":[],"class_list":{"0":"post-99302","1":"product","2":"type-product","3":"status-publish","4":"has-post-thumbnail","6":"product_cat-darcekove-karty-ps4","7":"product_cat-playstation-hry-sk","8":"product_cat-ps4-sk","9":"pa_countries-sk","11":"pa_game_type-gift_card","13":"pa_platform-psn","15":"pa_region-sk","18":"first","19":"instock","20":"virtual","21":"taxable","22":"purchasable","23":"product-type-simple"},"yoast_head":"<!-- This site is optimized with the Yoast SEO plugin v27.3 - https:\/\/yoast.com\/product\/yoast-seo-wordpress\/ -->\n<title>PlayStation Network Card 250 EUR (SK) PSN SLOVAKIA | BeGamer.cz<\/title>\n<meta name=\"robots\" content=\"index, follow, max-snippet:-1, max-image-preview:large, max-video-preview:-1\" \/>\n<link rel=\"canonical\" href=\"https:\/\/begamer.cz\/sk\/produkt\/playstation-network-card-250-eur-sk-psn-slovakia-sk\/\" \/>\n<meta property=\"og:locale\" content=\"sk_SK\" \/>\n<meta property=\"og:type\" content=\"article\" \/>\n<meta property=\"og:title\" content=\"PlayStation Network Card 250 EUR (SK) PSN SLOVAKIA | BeGamer.cz\" \/>\n<meta property=\"og:description\" content=\"PlayStation Network (PSN) je ofici\u00e1lna platforma spolo\u010dnosti Sony Interactive Entertainment pre s\u0165ahovanie a digit\u00e1lne slu\u017eby pre konzoly PS4, PS3, PSP a PS VITA.\" \/>\n<meta property=\"og:url\" content=\"https:\/\/begamer.cz\/sk\/produkt\/playstation-network-card-250-eur-sk-psn-slovakia-sk\/\" \/>\n<meta property=\"og:site_name\" content=\"BeGamer.cz\" \/>\n<meta property=\"article:modified_time\" content=\"2026-03-10T21:34:39+00:00\" \/>\n<meta property=\"og:image\" content=\"https:\/\/begamer.cz\/wp-content\/uploads\/2026\/01\/playstation-network-card-250-eur-sk-psn-slovakia.webp\" \/>\n\t<meta property=\"og:image:width\" content=\"300\" \/>\n\t<meta property=\"og:image:height\" content=\"400\" \/>\n\t<meta property=\"og:image:type\" content=\"image\/webp\" \/>\n<meta name=\"twitter:card\" content=\"summary_large_image\" \/>\n<meta name=\"twitter:label1\" content=\"Predpokladan\u00fd \u010das \u010d\u00edtania\" \/>\n\t<meta name=\"twitter:data1\" content=\"2 min\u00faty\" \/>\n<script type=\"application\/ld+json\" class=\"yoast-schema-graph\">{\"@context\":\"https:\\\/\\\/schema.org\",\"@graph\":[{\"@type\":\"WebPage\",\"@id\":\"https:\\\/\\\/begamer.cz\\\/sk\\\/produkt\\\/playstation-network-card-250-eur-sk-psn-slovakia-sk\\\/\",\"url\":\"https:\\\/\\\/begamer.cz\\\/sk\\\/produkt\\\/playstation-network-card-250-eur-sk-psn-slovakia-sk\\\/\",\"name\":\"PlayStation Network Card 250 EUR (SK) PSN SLOVAKIA | BeGamer.cz\",\"isPartOf\":{\"@id\":\"https:\\\/\\\/begamer.cz\\\/sk\\\/#website\"},\"primaryImageOfPage\":{\"@id\":\"https:\\\/\\\/begamer.cz\\\/sk\\\/produkt\\\/playstation-network-card-250-eur-sk-psn-slovakia-sk\\\/#primaryimage\"},\"image\":{\"@id\":\"https:\\\/\\\/begamer.cz\\\/sk\\\/produkt\\\/playstation-network-card-250-eur-sk-psn-slovakia-sk\\\/#primaryimage\"},\"thumbnailUrl\":\"https:\\\/\\\/begamer.cz\\\/wp-content\\\/uploads\\\/2026\\\/01\\\/playstation-network-card-250-eur-sk-psn-slovakia.webp\",\"datePublished\":\"2026-01-30T16:42:11+00:00\",\"dateModified\":\"2026-03-10T21:34:39+00:00\",\"breadcrumb\":{\"@id\":\"https:\\\/\\\/begamer.cz\\\/sk\\\/produkt\\\/playstation-network-card-250-eur-sk-psn-slovakia-sk\\\/#breadcrumb\"},\"inLanguage\":\"sk-SK\",\"potentialAction\":[{\"@type\":\"ReadAction\",\"target\":[\"https:\\\/\\\/begamer.cz\\\/sk\\\/produkt\\\/playstation-network-card-250-eur-sk-psn-slovakia-sk\\\/\"]}]},{\"@type\":\"ImageObject\",\"inLanguage\":\"sk-SK\",\"@id\":\"https:\\\/\\\/begamer.cz\\\/sk\\\/produkt\\\/playstation-network-card-250-eur-sk-psn-slovakia-sk\\\/#primaryimage\",\"url\":\"https:\\\/\\\/begamer.cz\\\/wp-content\\\/uploads\\\/2026\\\/01\\\/playstation-network-card-250-eur-sk-psn-slovakia.webp\",\"contentUrl\":\"https:\\\/\\\/begamer.cz\\\/wp-content\\\/uploads\\\/2026\\\/01\\\/playstation-network-card-250-eur-sk-psn-slovakia.webp\",\"width\":300,\"height\":400},{\"@type\":\"BreadcrumbList\",\"@id\":\"https:\\\/\\\/begamer.cz\\\/sk\\\/produkt\\\/playstation-network-card-250-eur-sk-psn-slovakia-sk\\\/#breadcrumb\",\"itemListElement\":[{\"@type\":\"ListItem\",\"position\":1,\"name\":\"Domov\",\"item\":\"https:\\\/\\\/begamer.cz\\\/sk\\\/\"},{\"@type\":\"ListItem\",\"position\":2,\"name\":\"Obchod\",\"item\":\"https:\\\/\\\/begamer.cz\\\/obchod\\\/\"},{\"@type\":\"ListItem\",\"position\":3,\"name\":\"PlayStation Network Card 250 EUR (SK) PSN SLOVAKIA\"}]},{\"@type\":\"WebSite\",\"@id\":\"https:\\\/\\\/begamer.cz\\\/sk\\\/#website\",\"url\":\"https:\\\/\\\/begamer.cz\\\/sk\\\/\",\"name\":\"BeGamer.cz\",\"description\":\"\",\"publisher\":{\"@id\":\"https:\\\/\\\/begamer.cz\\\/sk\\\/#organization\"},\"potentialAction\":[{\"@type\":\"SearchAction\",\"target\":{\"@type\":\"EntryPoint\",\"urlTemplate\":\"https:\\\/\\\/begamer.cz\\\/sk\\\/?s={search_term_string}\"},\"query-input\":{\"@type\":\"PropertyValueSpecification\",\"valueRequired\":true,\"valueName\":\"search_term_string\"}}],\"inLanguage\":\"sk-SK\"},{\"@type\":\"Organization\",\"@id\":\"https:\\\/\\\/begamer.cz\\\/sk\\\/#organization\",\"name\":\"BeGamer.cz\",\"url\":\"https:\\\/\\\/begamer.cz\\\/sk\\\/\",\"logo\":{\"@type\":\"ImageObject\",\"inLanguage\":\"sk-SK\",\"@id\":\"https:\\\/\\\/begamer.cz\\\/sk\\\/#\\\/schema\\\/logo\\\/image\\\/\",\"url\":\"https:\\\/\\\/begamer.cz\\\/wp-content\\\/uploads\\\/2025\\\/07\\\/logo.svg\",\"contentUrl\":\"https:\\\/\\\/begamer.cz\\\/wp-content\\\/uploads\\\/2025\\\/07\\\/logo.svg\",\"caption\":\"BeGamer.cz\"},\"image\":{\"@id\":\"https:\\\/\\\/begamer.cz\\\/sk\\\/#\\\/schema\\\/logo\\\/image\\\/\"}}]}<\/script>\n<!-- \/ Yoast SEO plugin. -->","yoast_head_json":{"title":"PlayStation Network Card 250 EUR (SK) PSN SLOVAKIA | BeGamer.cz","robots":{"index":"index","follow":"follow","max-snippet":"max-snippet:-1","max-image-preview":"max-image-preview:large","max-video-preview":"max-video-preview:-1"},"canonical":"https:\/\/begamer.cz\/sk\/produkt\/playstation-network-card-250-eur-sk-psn-slovakia-sk\/","og_locale":"sk_SK","og_type":"article","og_title":"PlayStation Network Card 250 EUR (SK) PSN SLOVAKIA | BeGamer.cz","og_description":"PlayStation Network (PSN) je ofici\u00e1lna platforma spolo\u010dnosti Sony Interactive Entertainment pre s\u0165ahovanie a digit\u00e1lne slu\u017eby pre konzoly PS4, PS3, PSP a PS VITA.","og_url":"https:\/\/begamer.cz\/sk\/produkt\/playstation-network-card-250-eur-sk-psn-slovakia-sk\/","og_site_name":"BeGamer.cz","article_modified_time":"2026-03-10T21:34:39+00:00","og_image":[{"width":300,"height":400,"url":"https:\/\/begamer.cz\/wp-content\/uploads\/2026\/01\/playstation-network-card-250-eur-sk-psn-slovakia.webp","type":"image\/webp"}],"twitter_card":"summary_large_image","twitter_misc":{"Predpokladan\u00fd \u010das \u010d\u00edtania":"2 min\u00faty"},"schema":{"@context":"https:\/\/schema.org","@graph":[{"@type":"WebPage","@id":"https:\/\/begamer.cz\/sk\/produkt\/playstation-network-card-250-eur-sk-psn-slovakia-sk\/","url":"https:\/\/begamer.cz\/sk\/produkt\/playstation-network-card-250-eur-sk-psn-slovakia-sk\/","name":"PlayStation Network Card 250 EUR (SK) PSN SLOVAKIA | BeGamer.cz","isPartOf":{"@id":"https:\/\/begamer.cz\/sk\/#website"},"primaryImageOfPage":{"@id":"https:\/\/begamer.cz\/sk\/produkt\/playstation-network-card-250-eur-sk-psn-slovakia-sk\/#primaryimage"},"image":{"@id":"https:\/\/begamer.cz\/sk\/produkt\/playstation-network-card-250-eur-sk-psn-slovakia-sk\/#primaryimage"},"thumbnailUrl":"https:\/\/begamer.cz\/wp-content\/uploads\/2026\/01\/playstation-network-card-250-eur-sk-psn-slovakia.webp","datePublished":"2026-01-30T16:42:11+00:00","dateModified":"2026-03-10T21:34:39+00:00","breadcrumb":{"@id":"https:\/\/begamer.cz\/sk\/produkt\/playstation-network-card-250-eur-sk-psn-slovakia-sk\/#breadcrumb"},"inLanguage":"sk-SK","potentialAction":[{"@type":"ReadAction","target":["https:\/\/begamer.cz\/sk\/produkt\/playstation-network-card-250-eur-sk-psn-slovakia-sk\/"]}]},{"@type":"ImageObject","inLanguage":"sk-SK","@id":"https:\/\/begamer.cz\/sk\/produkt\/playstation-network-card-250-eur-sk-psn-slovakia-sk\/#primaryimage","url":"https:\/\/begamer.cz\/wp-content\/uploads\/2026\/01\/playstation-network-card-250-eur-sk-psn-slovakia.webp","contentUrl":"https:\/\/begamer.cz\/wp-content\/uploads\/2026\/01\/playstation-network-card-250-eur-sk-psn-slovakia.webp","width":300,"height":400},{"@type":"BreadcrumbList","@id":"https:\/\/begamer.cz\/sk\/produkt\/playstation-network-card-250-eur-sk-psn-slovakia-sk\/#breadcrumb","itemListElement":[{"@type":"ListItem","position":1,"name":"Domov","item":"https:\/\/begamer.cz\/sk\/"},{"@type":"ListItem","position":2,"name":"Obchod","item":"https:\/\/begamer.cz\/obchod\/"},{"@type":"ListItem","position":3,"name":"PlayStation Network Card 250 EUR (SK) PSN SLOVAKIA"}]},{"@type":"WebSite","@id":"https:\/\/begamer.cz\/sk\/#website","url":"https:\/\/begamer.cz\/sk\/","name":"BeGamer.cz","description":"","publisher":{"@id":"https:\/\/begamer.cz\/sk\/#organization"},"potentialAction":[{"@type":"SearchAction","target":{"@type":"EntryPoint","urlTemplate":"https:\/\/begamer.cz\/sk\/?s={search_term_string}"},"query-input":{"@type":"PropertyValueSpecification","valueRequired":true,"valueName":"search_term_string"}}],"inLanguage":"sk-SK"},{"@type":"Organization","@id":"https:\/\/begamer.cz\/sk\/#organization","name":"BeGamer.cz","url":"https:\/\/begamer.cz\/sk\/","logo":{"@type":"ImageObject","inLanguage":"sk-SK","@id":"https:\/\/begamer.cz\/sk\/#\/schema\/logo\/image\/","url":"https:\/\/begamer.cz\/wp-content\/uploads\/2025\/07\/logo.svg","contentUrl":"https:\/\/begamer.cz\/wp-content\/uploads\/2025\/07\/logo.svg","caption":"BeGamer.cz"},"image":{"@id":"https:\/\/begamer.cz\/sk\/#\/schema\/logo\/image\/"}}]}},"acf":[],"_links":{"self":[{"href":"https:\/\/begamer.cz\/sk\/wp-json\/wp\/v2\/product\/99302","targetHints":{"allow":["GET"]}}],"collection":[{"href":"https:\/\/begamer.cz\/sk\/wp-json\/wp\/v2\/product"}],"about":[{"href":"https:\/\/begamer.cz\/sk\/wp-json\/wp\/v2\/types\/product"}],"replies":[{"embeddable":true,"href":"https:\/\/begamer.cz\/sk\/wp-json\/wp\/v2\/comments?post=99302"}],"wp:featuredmedia":[{"embeddable":true,"href":"https:\/\/begamer.cz\/sk\/wp-json\/wp\/v2\/media\/29950"}],"wp:attachment":[{"href":"https:\/\/begamer.cz\/sk\/wp-json\/wp\/v2\/media?parent=99302"}],"wp:term":[{"taxonomy":"product_brand","embeddable":true,"href":"https:\/\/begamer.cz\/sk\/wp-json\/wp\/v2\/product_brand?post=99302"},{"taxonomy":"product_cat","embeddable":true,"href":"https:\/\/begamer.cz\/sk\/wp-json\/wp\/v2\/product_cat?post=99302"},{"taxonomy":"product_tag","embeddable":true,"href":"https:\/\/begamer.cz\/sk\/wp-json\/wp\/v2\/product_tag?post=99302"}],"curies":[{"name":"wp","href":"https:\/\/api.w.org\/{rel}","templated":true}]}}