{"id":99242,"date":"2026-01-30T17:41:03","date_gmt":"2026-01-30T16:41:03","guid":{"rendered":"https:\/\/begamer.cz\/produkt\/curious-expedition-2-shores-of-taishi-sk\/"},"modified":"2026-03-10T22:29:50","modified_gmt":"2026-03-10T21:29:50","slug":"curious-expedition-2-shores-of-taishi-sk","status":"publish","type":"product","link":"https:\/\/begamer.cz\/sk\/produkt\/curious-expedition-2-shores-of-taishi-sk\/","title":{"rendered":"Curious Expedition 2: Shores of Taishi"},"content":{"rendered":"<p>DLC Shores of Taishi obsahuje \u00faplne nov\u00fd typ ostrova (Celestial Shores) s nov\u00fdmi typmi dla\u017ed\u00edc, predmetmi, lok\u00e1ciami, nepriate\u013emi, postavi\u010dkami, ktor\u00e9 je mo\u017en\u00e9 naja\u0165, a \u010fal\u0161\u00edmi novinkami. Po aktiv\u00e1cii DLC sa roz\u0161\u00edria mo\u017enosti v celej hre, a to ako v re\u017eime kampane, tak aj v re\u017eime re\u017eis\u00e9ra.<\/p>\n<h2 class=\"bb_tag\" ><strong>\u00dapln\u00fd zoznam funkci\u00ed:<\/strong><\/h2>\n<ul class=\"bb_ul\">\n<li><strong>Nov\u00fd typ ostrova:<\/strong> Celestial Shores s \u00faplne novou sadou dla\u017ed\u00edc, novou hernou mechanikou s\u00favisiacou s teleport\u00e1ciou medzi ostrov\u010dekmi a nov\u00fdm kme\u0148om Peacock<\/li>\n<li><strong>6 nov\u00fdch post\u00e1v, ktor\u00e9 je mo\u017en\u00e9 z\u00edska\u0165:<\/strong> \u010derven\u00e1 panda, tanuki, lovec duchov, bojovn\u00edk p\u00e1v, \u0161aman p\u00e1v, zved p\u00e1v<\/li>\n<li><strong>6 nov\u00fdch nepriate\u013eov:<\/strong> Ushi Oni, Dangkang, Spectral Tiger, Spectral Snake, Tanuki Enforcer, Tanuki Motivator<\/li>\n<li><strong>4 nov\u00e9 lokality:<\/strong> \u00datulok pre zvierat\u00e1, K\u00fape\u013en\u00fd dom, Divok\u00e9 tanuki, Obrad prechodu<\/li>\n<li><strong>6 nov\u00fdch kusov v\u00fdstroja:<\/strong> Bo Staff, Guandao, Jian, Bamboo Hatchet, Geta Sandals, Bagua Mirror<\/li>\n<li><strong>7 nov\u00fdch predmetov pre du\u0161evn\u00e9 zdravie:<\/strong> Zongzi, sak\u00e9, Lo Mai Chi, \u010d\u00ednsky \u010daj, Go doska, brosky\u0148a, bambusov\u00e1 flauta<\/li>\n<li><strong>7 nov\u00fdch trofej\u00ed:<\/strong> Tanuki Testicles, Dangkang Tusk, Ushi-Oni Leg, Red Panda Fur, Phoenix Ashes, Spectral Tiger Pelt, Giant Spectral Snake Skin<\/li>\n<li><strong>4 nov\u00e9 \u00farovne, ktor\u00e9 je mo\u017en\u00e9 odomkn\u00fa\u0165 <\/strong>v klube Taishi Academy Explorer Club v Par\u00ed\u017ei, poskytuj\u00face pr\u00edstup k 1 postave, ktor\u00fa je mo\u017en\u00e9 naja\u0165, a 3 kusom v\u00fdstroja<\/li>\n<\/ul>\n<p><span class=\"bb_img_ctn\"><img decoding=\"async\" class=\"bb_img\" src=\"https:\/\/shared.akamai.steamstatic.com\/store_item_assets\/steam\/apps\/1751920\/extras\/790b99baab2bf44bd51be78d9a62536e.avif?t=1742927215\" width=600 height=722 \/><\/span><\/p>\n","protected":false},"excerpt":{"rendered":"<p>DLC Shores of Taishi obsahuje \u00faplne nov\u00fd typ ostrova (Celestial Shores) s nov\u00fdmi typmi dla\u017ed\u00edc, predmetmi, lok\u00e1ciami, nepriate\u013emi, postavi\u010dkami, ktor\u00e9 je mo\u017en\u00e9 naja\u0165, a \u010fal\u0161\u00edmi novinkami.<\/p>\n","protected":false},"featured_media":74578,"comment_status":"open","ping_status":"closed","template":"","meta":{"_acf_changed":false},"product_brand":[],"product_cat":[270,290,268,266,308,314,312,318],"product_tag":[],"class_list":{"0":"post-99242","1":"product","2":"type-product","3":"status-publish","4":"has-post-thumbnail","6":"product_cat-adventury-pc-hry-sk","7":"product_cat-indie-hry-pc-sk","8":"product_cat-pc-sk","9":"product_cat-pc-hry-sk","10":"product_cat-rpg-pc-hry-sk","11":"product_cat-simulatory-pc-hry-sk","12":"product_cat-steam-pc-sk","13":"product_cat-strategie-pc-hry-sk","14":"pa_developer-maschinen-mensch","15":"pa_game_type-dlc","17":"pa_genres-adventure","18":"pa_genres-indie","20":"pa_genres-role-playing-rpg","21":"pa_genres-simulator","22":"pa_genres-strategy","24":"pa_interface-de-de","25":"pa_interface-en-us","26":"pa_interface-es-es","27":"pa_interface-fr-fr","28":"pa_interface-ja-jp","29":"pa_interface-ko-kr","31":"pa_interface-ru-ru","33":"pa_interface-zh-cn","34":"pa_interface-zh-tw","35":"pa_modes-single-player","37":"pa_pegi-13424","38":"pa_pegi-772","39":"pa_platform-pc-steam","41":"pa_publisher-thunderful","43":"pa_rating-773","44":"pa_rating-14441","45":"pa_region-global","47":"pa_subtitles-de-de","49":"pa_subtitles-en-us","50":"pa_subtitles-es-es","51":"pa_subtitles-fr-fr","52":"pa_subtitles-ja-jp","53":"pa_subtitles-ko-kr","54":"pa_subtitles-ru-ru","56":"pa_subtitles-zh-cn","57":"pa_subtitles-zh-tw","58":"pa_themes-historical","61":"first","62":"instock","63":"virtual","64":"taxable","65":"purchasable","66":"product-type-simple"},"yoast_head":"<!-- This site is optimized with the Yoast SEO plugin v27.3 - https:\/\/yoast.com\/product\/yoast-seo-wordpress\/ -->\n<title>Curious Expedition 2: Shores of Taishi | BeGamer.cz<\/title>\n<meta name=\"robots\" content=\"index, follow, max-snippet:-1, max-image-preview:large, max-video-preview:-1\" \/>\n<link rel=\"canonical\" href=\"https:\/\/begamer.cz\/sk\/produkt\/curious-expedition-2-shores-of-taishi-sk\/\" \/>\n<meta property=\"og:locale\" content=\"sk_SK\" \/>\n<meta property=\"og:type\" content=\"article\" \/>\n<meta property=\"og:title\" content=\"Curious Expedition 2: Shores of Taishi | BeGamer.cz\" \/>\n<meta property=\"og:description\" content=\"DLC Shores of Taishi obsahuje \u00faplne nov\u00fd typ ostrova (Celestial Shores) s nov\u00fdmi typmi dla\u017ed\u00edc, predmetmi, lok\u00e1ciami, nepriate\u013emi, postavi\u010dkami, ktor\u00e9 je mo\u017en\u00e9 naja\u0165, a \u010fal\u0161\u00edmi novinkami.\" \/>\n<meta property=\"og:url\" content=\"https:\/\/begamer.cz\/sk\/produkt\/curious-expedition-2-shores-of-taishi-sk\/\" \/>\n<meta property=\"og:site_name\" content=\"BeGamer.cz\" \/>\n<meta property=\"article:modified_time\" content=\"2026-03-10T21:29:50+00:00\" \/>\n<meta property=\"og:image\" content=\"https:\/\/begamer.cz\/wp-content\/uploads\/2026\/01\/curious-expedition-2-shores-of-taishi-12.webp\" \/>\n\t<meta property=\"og:image:width\" content=\"300\" \/>\n\t<meta property=\"og:image:height\" content=\"400\" \/>\n\t<meta property=\"og:image:type\" content=\"image\/webp\" \/>\n<meta name=\"twitter:card\" content=\"summary_large_image\" \/>\n<meta name=\"twitter:label1\" content=\"Predpokladan\u00fd \u010das \u010d\u00edtania\" \/>\n\t<meta name=\"twitter:data1\" content=\"1 min\u00fata\" \/>\n<script type=\"application\/ld+json\" class=\"yoast-schema-graph\">{\"@context\":\"https:\\\/\\\/schema.org\",\"@graph\":[{\"@type\":\"WebPage\",\"@id\":\"https:\\\/\\\/begamer.cz\\\/sk\\\/produkt\\\/curious-expedition-2-shores-of-taishi-sk\\\/\",\"url\":\"https:\\\/\\\/begamer.cz\\\/sk\\\/produkt\\\/curious-expedition-2-shores-of-taishi-sk\\\/\",\"name\":\"Curious Expedition 2: Shores of Taishi | BeGamer.cz\",\"isPartOf\":{\"@id\":\"https:\\\/\\\/begamer.cz\\\/sk\\\/#website\"},\"primaryImageOfPage\":{\"@id\":\"https:\\\/\\\/begamer.cz\\\/sk\\\/produkt\\\/curious-expedition-2-shores-of-taishi-sk\\\/#primaryimage\"},\"image\":{\"@id\":\"https:\\\/\\\/begamer.cz\\\/sk\\\/produkt\\\/curious-expedition-2-shores-of-taishi-sk\\\/#primaryimage\"},\"thumbnailUrl\":\"https:\\\/\\\/begamer.cz\\\/wp-content\\\/uploads\\\/2026\\\/01\\\/curious-expedition-2-shores-of-taishi-12.webp\",\"datePublished\":\"2026-01-30T16:41:03+00:00\",\"dateModified\":\"2026-03-10T21:29:50+00:00\",\"breadcrumb\":{\"@id\":\"https:\\\/\\\/begamer.cz\\\/sk\\\/produkt\\\/curious-expedition-2-shores-of-taishi-sk\\\/#breadcrumb\"},\"inLanguage\":\"sk-SK\",\"potentialAction\":[{\"@type\":\"ReadAction\",\"target\":[\"https:\\\/\\\/begamer.cz\\\/sk\\\/produkt\\\/curious-expedition-2-shores-of-taishi-sk\\\/\"]}]},{\"@type\":\"ImageObject\",\"inLanguage\":\"sk-SK\",\"@id\":\"https:\\\/\\\/begamer.cz\\\/sk\\\/produkt\\\/curious-expedition-2-shores-of-taishi-sk\\\/#primaryimage\",\"url\":\"https:\\\/\\\/begamer.cz\\\/wp-content\\\/uploads\\\/2026\\\/01\\\/curious-expedition-2-shores-of-taishi-12.webp\",\"contentUrl\":\"https:\\\/\\\/begamer.cz\\\/wp-content\\\/uploads\\\/2026\\\/01\\\/curious-expedition-2-shores-of-taishi-12.webp\",\"width\":300,\"height\":400},{\"@type\":\"BreadcrumbList\",\"@id\":\"https:\\\/\\\/begamer.cz\\\/sk\\\/produkt\\\/curious-expedition-2-shores-of-taishi-sk\\\/#breadcrumb\",\"itemListElement\":[{\"@type\":\"ListItem\",\"position\":1,\"name\":\"Domov\",\"item\":\"https:\\\/\\\/begamer.cz\\\/sk\\\/\"},{\"@type\":\"ListItem\",\"position\":2,\"name\":\"Obchod\",\"item\":\"https:\\\/\\\/begamer.cz\\\/obchod\\\/\"},{\"@type\":\"ListItem\",\"position\":3,\"name\":\"Curious Expedition 2: Shores of Taishi\"}]},{\"@type\":\"WebSite\",\"@id\":\"https:\\\/\\\/begamer.cz\\\/sk\\\/#website\",\"url\":\"https:\\\/\\\/begamer.cz\\\/sk\\\/\",\"name\":\"BeGamer.cz\",\"description\":\"\",\"publisher\":{\"@id\":\"https:\\\/\\\/begamer.cz\\\/sk\\\/#organization\"},\"potentialAction\":[{\"@type\":\"SearchAction\",\"target\":{\"@type\":\"EntryPoint\",\"urlTemplate\":\"https:\\\/\\\/begamer.cz\\\/sk\\\/?s={search_term_string}\"},\"query-input\":{\"@type\":\"PropertyValueSpecification\",\"valueRequired\":true,\"valueName\":\"search_term_string\"}}],\"inLanguage\":\"sk-SK\"},{\"@type\":\"Organization\",\"@id\":\"https:\\\/\\\/begamer.cz\\\/sk\\\/#organization\",\"name\":\"BeGamer.cz\",\"url\":\"https:\\\/\\\/begamer.cz\\\/sk\\\/\",\"logo\":{\"@type\":\"ImageObject\",\"inLanguage\":\"sk-SK\",\"@id\":\"https:\\\/\\\/begamer.cz\\\/sk\\\/#\\\/schema\\\/logo\\\/image\\\/\",\"url\":\"https:\\\/\\\/begamer.cz\\\/wp-content\\\/uploads\\\/2025\\\/07\\\/logo.svg\",\"contentUrl\":\"https:\\\/\\\/begamer.cz\\\/wp-content\\\/uploads\\\/2025\\\/07\\\/logo.svg\",\"caption\":\"BeGamer.cz\"},\"image\":{\"@id\":\"https:\\\/\\\/begamer.cz\\\/sk\\\/#\\\/schema\\\/logo\\\/image\\\/\"}}]}<\/script>\n<!-- \/ Yoast SEO plugin. -->","yoast_head_json":{"title":"Curious Expedition 2: Shores of Taishi | BeGamer.cz","robots":{"index":"index","follow":"follow","max-snippet":"max-snippet:-1","max-image-preview":"max-image-preview:large","max-video-preview":"max-video-preview:-1"},"canonical":"https:\/\/begamer.cz\/sk\/produkt\/curious-expedition-2-shores-of-taishi-sk\/","og_locale":"sk_SK","og_type":"article","og_title":"Curious Expedition 2: Shores of Taishi | BeGamer.cz","og_description":"DLC Shores of Taishi obsahuje \u00faplne nov\u00fd typ ostrova (Celestial Shores) s nov\u00fdmi typmi dla\u017ed\u00edc, predmetmi, lok\u00e1ciami, nepriate\u013emi, postavi\u010dkami, ktor\u00e9 je mo\u017en\u00e9 naja\u0165, a \u010fal\u0161\u00edmi novinkami.","og_url":"https:\/\/begamer.cz\/sk\/produkt\/curious-expedition-2-shores-of-taishi-sk\/","og_site_name":"BeGamer.cz","article_modified_time":"2026-03-10T21:29:50+00:00","og_image":[{"width":300,"height":400,"url":"https:\/\/begamer.cz\/wp-content\/uploads\/2026\/01\/curious-expedition-2-shores-of-taishi-12.webp","type":"image\/webp"}],"twitter_card":"summary_large_image","twitter_misc":{"Predpokladan\u00fd \u010das \u010d\u00edtania":"1 min\u00fata"},"schema":{"@context":"https:\/\/schema.org","@graph":[{"@type":"WebPage","@id":"https:\/\/begamer.cz\/sk\/produkt\/curious-expedition-2-shores-of-taishi-sk\/","url":"https:\/\/begamer.cz\/sk\/produkt\/curious-expedition-2-shores-of-taishi-sk\/","name":"Curious Expedition 2: Shores of Taishi | BeGamer.cz","isPartOf":{"@id":"https:\/\/begamer.cz\/sk\/#website"},"primaryImageOfPage":{"@id":"https:\/\/begamer.cz\/sk\/produkt\/curious-expedition-2-shores-of-taishi-sk\/#primaryimage"},"image":{"@id":"https:\/\/begamer.cz\/sk\/produkt\/curious-expedition-2-shores-of-taishi-sk\/#primaryimage"},"thumbnailUrl":"https:\/\/begamer.cz\/wp-content\/uploads\/2026\/01\/curious-expedition-2-shores-of-taishi-12.webp","datePublished":"2026-01-30T16:41:03+00:00","dateModified":"2026-03-10T21:29:50+00:00","breadcrumb":{"@id":"https:\/\/begamer.cz\/sk\/produkt\/curious-expedition-2-shores-of-taishi-sk\/#breadcrumb"},"inLanguage":"sk-SK","potentialAction":[{"@type":"ReadAction","target":["https:\/\/begamer.cz\/sk\/produkt\/curious-expedition-2-shores-of-taishi-sk\/"]}]},{"@type":"ImageObject","inLanguage":"sk-SK","@id":"https:\/\/begamer.cz\/sk\/produkt\/curious-expedition-2-shores-of-taishi-sk\/#primaryimage","url":"https:\/\/begamer.cz\/wp-content\/uploads\/2026\/01\/curious-expedition-2-shores-of-taishi-12.webp","contentUrl":"https:\/\/begamer.cz\/wp-content\/uploads\/2026\/01\/curious-expedition-2-shores-of-taishi-12.webp","width":300,"height":400},{"@type":"BreadcrumbList","@id":"https:\/\/begamer.cz\/sk\/produkt\/curious-expedition-2-shores-of-taishi-sk\/#breadcrumb","itemListElement":[{"@type":"ListItem","position":1,"name":"Domov","item":"https:\/\/begamer.cz\/sk\/"},{"@type":"ListItem","position":2,"name":"Obchod","item":"https:\/\/begamer.cz\/obchod\/"},{"@type":"ListItem","position":3,"name":"Curious Expedition 2: Shores of Taishi"}]},{"@type":"WebSite","@id":"https:\/\/begamer.cz\/sk\/#website","url":"https:\/\/begamer.cz\/sk\/","name":"BeGamer.cz","description":"","publisher":{"@id":"https:\/\/begamer.cz\/sk\/#organization"},"potentialAction":[{"@type":"SearchAction","target":{"@type":"EntryPoint","urlTemplate":"https:\/\/begamer.cz\/sk\/?s={search_term_string}"},"query-input":{"@type":"PropertyValueSpecification","valueRequired":true,"valueName":"search_term_string"}}],"inLanguage":"sk-SK"},{"@type":"Organization","@id":"https:\/\/begamer.cz\/sk\/#organization","name":"BeGamer.cz","url":"https:\/\/begamer.cz\/sk\/","logo":{"@type":"ImageObject","inLanguage":"sk-SK","@id":"https:\/\/begamer.cz\/sk\/#\/schema\/logo\/image\/","url":"https:\/\/begamer.cz\/wp-content\/uploads\/2025\/07\/logo.svg","contentUrl":"https:\/\/begamer.cz\/wp-content\/uploads\/2025\/07\/logo.svg","caption":"BeGamer.cz"},"image":{"@id":"https:\/\/begamer.cz\/sk\/#\/schema\/logo\/image\/"}}]}},"acf":[],"_links":{"self":[{"href":"https:\/\/begamer.cz\/sk\/wp-json\/wp\/v2\/product\/99242","targetHints":{"allow":["GET"]}}],"collection":[{"href":"https:\/\/begamer.cz\/sk\/wp-json\/wp\/v2\/product"}],"about":[{"href":"https:\/\/begamer.cz\/sk\/wp-json\/wp\/v2\/types\/product"}],"replies":[{"embeddable":true,"href":"https:\/\/begamer.cz\/sk\/wp-json\/wp\/v2\/comments?post=99242"}],"wp:featuredmedia":[{"embeddable":true,"href":"https:\/\/begamer.cz\/sk\/wp-json\/wp\/v2\/media\/74578"}],"wp:attachment":[{"href":"https:\/\/begamer.cz\/sk\/wp-json\/wp\/v2\/media?parent=99242"}],"wp:term":[{"taxonomy":"product_brand","embeddable":true,"href":"https:\/\/begamer.cz\/sk\/wp-json\/wp\/v2\/product_brand?post=99242"},{"taxonomy":"product_cat","embeddable":true,"href":"https:\/\/begamer.cz\/sk\/wp-json\/wp\/v2\/product_cat?post=99242"},{"taxonomy":"product_tag","embeddable":true,"href":"https:\/\/begamer.cz\/sk\/wp-json\/wp\/v2\/product_tag?post=99242"}],"curies":[{"name":"wp","href":"https:\/\/api.w.org\/{rel}","templated":true}]}}