{"id":99227,"date":"2026-01-30T17:40:45","date_gmt":"2026-01-30T16:40:45","guid":{"rendered":"https:\/\/begamer.cz\/produkt\/countryballs-heroes-sk\/"},"modified":"2026-03-10T22:28:48","modified_gmt":"2026-03-10T21:28:48","slug":"countryballs-heroes-sk","status":"publish","type":"product","link":"https:\/\/begamer.cz\/sk\/produkt\/countryballs-heroes-sk\/","title":{"rendered":"CountryBalls Heroes"},"content":{"rendered":"<p><span class=\"bb_img_ctn\"><video class=\"bb_img\" autoplay muted loop playsinline poster=\"https:\/\/shared.akamai.steamstatic.com\/store_item_assets\/steam\/apps\/1083870\/extras\/0c4e9ef7f379293efff395b78d7bcb12.poster.avif?t=1754045010\" width=616 height=96 ><source src=\"https:\/\/shared.akamai.steamstatic.com\/store_item_assets\/steam\/apps\/1083870\/extras\/0c4e9ef7f379293efff395b78d7bcb12.webm?t=1754045010\" type=\"video\/webm; codecs=vp9\"><source src=\"https:\/\/shared.akamai.steamstatic.com\/store_item_assets\/steam\/apps\/1083870\/extras\/0c4e9ef7f379293efff395b78d7bcb12.mp4?t=1754045010\" type=\"video\/mp4\"><\/video><\/span><\/p>\n<h2 class=\"bb_tag\" >O<\/h2>\n<p>CountryBalls Heroes je hra, v ktorej m\u00f4\u017eete hra\u0165 za svojho ob\u013e\u00faben\u00e9ho Countryball.<br \/>Sta\u0148te sa legendou t\u00fdm, \u017ee povediete obrovsk\u00e9 arm\u00e1dy.<br \/>Osud sveta, vodky a memov je v ohrozen\u00ed a len vy sa m\u00f4\u017eete postavi\u0165 proti ve\u013ek\u00e9mu zlu. Za ka\u017ed\u00fa cenu je potrebn\u00e9 zabezpe\u010di\u0165 z\u00e1soby vodky.<br \/>Dominujte nad svojimi protivn\u00edkmi v intenz\u00edvnej \u0165ahovej strat\u00e9gii.<br \/>Zostavte svoju arm\u00e1du, vybudujte impozantn\u00e9 mest\u00e1, vychov\u00e1vajte a vylep\u0161ujte svojich hrdinov, zbierajte mocn\u00e9 artefakty a dok\u00e1\u017ete, \u017ee v\u00e1\u0161 Countryball je najsilnej\u0161\u00ed zo v\u0161etk\u00fdch.  <\/p>\n<p><span class=\"bb_img_ctn\"><video class=\"bb_img\" autoplay muted loop playsinline poster=\"https:\/\/shared.akamai.steamstatic.com\/store_item_assets\/steam\/apps\/1083870\/extras\/2946f41e1671ddd98d8f9149475c0294.poster.avif?t=1754045010\" width=600 height=336 ><source src=\"https:\/\/shared.akamai.steamstatic.com\/store_item_assets\/steam\/apps\/1083870\/extras\/2946f41e1671ddd98d8f9149475c0294.webm?t=1754045010\" type=\"video\/webm; codecs=vp9\"><source src=\"https:\/\/shared.akamai.steamstatic.com\/store_item_assets\/steam\/apps\/1083870\/extras\/2946f41e1671ddd98d8f9149475c0294.mp4?t=1754045010\" type=\"video\/mp4\"><\/video><\/span><\/p>\n<h2 class=\"bb_tag\" >Vybudujte si vlastn\u00fa arm\u00e1du!<\/h2>\n<p>Vybudujte svoju z\u00e1klad\u0148u, naj\u00edmajte r\u00f4zne Countryballe, ktor\u00e9 s\u00fa jedine\u010dn\u00e9 pre ka\u017ed\u00fa frakciu. Tr\u00e9nujte viacero g\u00fa\u013e, z ktor\u00fdch ka\u017ed\u00e1 m\u00e1 svoje siln\u00e9 a slab\u00e9 str\u00e1nky. In\u0161talat\u00e9r, hus\u00e1r, k\u0148az, opilec, kovboj, Brit&#8230; to je len za\u010diatok. Skontrolujte, \u010do v\u00e1s \u010dak\u00e1 v divo\u010dine!<\/p>\n<p><span class=\"bb_img_ctn\"><video class=\"bb_img\" autoplay muted loop playsinline poster=\"https:\/\/shared.akamai.steamstatic.com\/store_item_assets\/steam\/apps\/1083870\/extras\/06b1442592a873580757daff4b8f094c.poster.avif?t=1754045010\" width=600 height=338 ><source src=\"https:\/\/shared.akamai.steamstatic.com\/store_item_assets\/steam\/apps\/1083870\/extras\/06b1442592a873580757daff4b8f094c.webm?t=1754045010\" type=\"video\/webm; codecs=vp9\"><source src=\"https:\/\/shared.akamai.steamstatic.com\/store_item_assets\/steam\/apps\/1083870\/extras\/06b1442592a873580757daff4b8f094c.mp4?t=1754045010\" type=\"video\/mp4\"><\/video><\/span><\/p>\n<h2 class=\"bb_tag\" >Velite svojmu hrdinovi!<\/h2>\n<p>Ve\u010fte svoju vlastn\u00fa Countryball arm\u00e1du na bojisku. Nebudete tam sami. N\u00e1jmite najsilnej\u0161\u00edch hrdinov, aby viedli va\u0161e vojsk\u00e1 pod\u013ea va\u0161ej strat\u00e9gie. Pou\u017eite to\u013eko vodky, ko\u013eko je potrebn\u00e9, aby ste porazili svojich nepriate\u013eov.<\/p>\n<h2 class=\"bb_tag\" >Vyu\u017eite stereotypy vo svoj prospech! <\/h2>\n<p>Za\u017eite, ako r\u00f4zne memy funguj\u00fa na bojisku. Nesp\u00fatan\u00e9, bl\u00e1zniv\u00e9, vtipn\u00e9 \u2013 raz pou\u017eit\u00e9, nikdy sa nevymaz\u00fa z va\u0161ej pam\u00e4ti. Sk\u00faste, ktor\u00e9 memy v\u00e1m najviac vyhovuj\u00fa.<\/p>\n<p><span class=\"bb_img_ctn\"><video class=\"bb_img\" autoplay muted loop playsinline poster=\"https:\/\/shared.akamai.steamstatic.com\/store_item_assets\/steam\/apps\/1083870\/extras\/3abd8c75185985a1721f2ff796068438.poster.avif?t=1754045010\" width=574 height=322 ><source src=\"https:\/\/shared.akamai.steamstatic.com\/store_item_assets\/steam\/apps\/1083870\/extras\/3abd8c75185985a1721f2ff796068438.webm?t=1754045010\" type=\"video\/webm; codecs=vp9\"><source src=\"https:\/\/shared.akamai.steamstatic.com\/store_item_assets\/steam\/apps\/1083870\/extras\/3abd8c75185985a1721f2ff796068438.mp4?t=1754045010\" type=\"video\/mp4\"><\/video><\/span><\/p>\n<p><strong><\/p>\n<h2 class=\"bb_tag\" >K\u013e\u00fa\u010dov\u00e9 vlastnosti:<\/h2>\n<p><\/strong><\/p>\n<ul class=\"bb_ul\">\n<li>Nieko\u013eko hrate\u013en\u00fdch frakci\u00ed Countryballs.<\/li>\n<li>Viac ako 90 unik\u00e1tnych jednotiek.<\/li>\n<li>Memy v akcii!<\/li>\n<li>\u0160peci\u00e1lne pripraven\u00e1 kampa\u0148 zalo\u017een\u00e1 na najzn\u00e1mej\u0161\u00edch memoch Countryballs (Po\u013esko nem\u00f4\u017ee do vesm\u00edru?! Potrebujeme m\u00far!).<\/li>\n<li>Desiatky mocn\u00fdch magick\u00fdch memov, ktor\u00e9 m\u00f4\u017eete objavi\u0165.<\/li>\n<li>Stovky unik\u00e1tnych artefaktov, pou\u017e\u00edvajte ich na vlastn\u00e9 riziko!<\/li>\n<li>Nieko\u013eko ikonick\u00fdch zloduchov a str\u00e1\u017ecov z\u00e1kona Countryballs.<\/li>\n<li>Viac ako 30 jedine\u010dn\u00fdch hrate\u013en\u00fdch hrdinov.<\/li>\n<li>Turov\u00fd bojov\u00fd syst\u00e9m pre n\u00e1ro\u010dn\u00e9 s\u00faboje.<\/li>\n<\/ul>\n","protected":false},"excerpt":{"rendered":"<p>CountryBalls Heroes je hra, v ktorej m\u00f4\u017eete hra\u0165 za svojho ob\u013e\u00faben\u00e9ho Countryballa. Sta\u0148te sa legendou t\u00fdm, \u017ee budete velite\u013eom obrovsk\u00fdch arm\u00e1d Countryballov. Vytvorte si svoje vojsk\u00e1, budujte mest\u00e1 pod\u013ea majstrovsk\u00fdch pl\u00e1nov, zbierajte mocn\u00e9 artefakty a dok\u00e1\u017ete, \u017ee v\u00e1\u0161 Countryball je najsilnej\u0161\u00ed.<\/p>\n","protected":false},"featured_media":74428,"comment_status":"open","ping_status":"closed","template":"","meta":{"_acf_changed":false},"product_brand":[],"product_cat":[280,290,268,266,312,318],"product_tag":[],"class_list":{"0":"post-99227","1":"product","2":"type-product","3":"status-publish","4":"has-post-thumbnail","6":"product_cat-dobrodruzne-pc-hry-sk","7":"product_cat-indie-hry-pc-sk","8":"product_cat-pc-sk","9":"product_cat-pc-hry-sk","10":"product_cat-steam-pc-sk","11":"product_cat-strategie-pc-hry-sk","12":"pa_audio-en-us","14":"pa_countries-ad","15":"pa_countries-ae","16":"pa_countries-af","17":"pa_countries-ag","18":"pa_countries-ai","19":"pa_countries-al","20":"pa_countries-am","21":"pa_countries-ao","22":"pa_countries-aq","23":"pa_countries-ar","24":"pa_countries-as","25":"pa_countries-at","26":"pa_countries-au","27":"pa_countries-aw","28":"pa_countries-ax","29":"pa_countries-az","30":"pa_countries-ba","31":"pa_countries-bb","32":"pa_countries-bd","33":"pa_countries-be","34":"pa_countries-bf","35":"pa_countries-bg","36":"pa_countries-bh","37":"pa_countries-bi","38":"pa_countries-bj","39":"pa_countries-bl","40":"pa_countries-bm","41":"pa_countries-bn","42":"pa_countries-bo","43":"pa_countries-bq","44":"pa_countries-br","45":"pa_countries-bs","46":"pa_countries-bt","47":"pa_countries-bv","48":"pa_countries-bw","49":"pa_countries-bz","50":"pa_countries-ca","51":"pa_countries-cc","52":"pa_countries-cd","53":"pa_countries-cf","54":"pa_countries-cg","55":"pa_countries-ch","56":"pa_countries-ci","57":"pa_countries-ck","58":"pa_countries-cl","59":"pa_countries-cm","60":"pa_countries-cn","61":"pa_countries-co","62":"pa_countries-cr","63":"pa_countries-cu","64":"pa_countries-cv","65":"pa_countries-cw","66":"pa_countries-cx","67":"pa_countries-cy","68":"pa_countries-cz","69":"pa_countries-de","70":"pa_countries-dj","71":"pa_countries-dk","72":"pa_countries-dm","73":"pa_countries-do","74":"pa_countries-dz","75":"pa_countries-ec","76":"pa_countries-ee","77":"pa_countries-eg","78":"pa_countries-eh","79":"pa_countries-er","80":"pa_countries-es","81":"pa_countries-et","82":"pa_countries-fi","83":"pa_countries-fj","84":"pa_countries-fk","85":"pa_countries-fm","86":"pa_countries-fo","87":"pa_countries-fr","88":"pa_countries-ga","89":"pa_countries-gb","90":"pa_countries-gd","91":"pa_countries-ge","92":"pa_countries-gf","93":"pa_countries-gg","94":"pa_countries-gh","95":"pa_countries-gi","96":"pa_countries-gl","97":"pa_countries-gm","98":"pa_countries-gn","99":"pa_countries-gp","100":"pa_countries-gq","101":"pa_countries-gr","102":"pa_countries-gs","103":"pa_countries-gt","104":"pa_countries-gu","105":"pa_countries-gw","106":"pa_countries-gy","107":"pa_countries-hk","108":"pa_countries-hm","109":"pa_countries-hn","110":"pa_countries-hr","111":"pa_countries-ht","112":"pa_countries-hu","113":"pa_countries-id","114":"pa_countries-ie","115":"pa_countries-il","116":"pa_countries-im","117":"pa_countries-in","118":"pa_countries-io","119":"pa_countries-iq","120":"pa_countries-ir","121":"pa_countries-is","122":"pa_countries-it","123":"pa_countries-je","124":"pa_countries-jm","125":"pa_countries-jo","126":"pa_countries-jp","127":"pa_countries-ke","128":"pa_countries-kg","129":"pa_countries-kh","130":"pa_countries-ki","131":"pa_countries-km","132":"pa_countries-kn","133":"pa_countries-kp","134":"pa_countries-kr","135":"pa_countries-kw","136":"pa_countries-ky","137":"pa_countries-kz","138":"pa_countries-la","139":"pa_countries-lb","140":"pa_countries-lc","141":"pa_countries-li","142":"pa_countries-lk","143":"pa_countries-lr","144":"pa_countries-ls","145":"pa_countries-lt","146":"pa_countries-lu","147":"pa_countries-lv","148":"pa_countries-ly","149":"pa_countries-ma","150":"pa_countries-mc","151":"pa_countries-md","152":"pa_countries-me","153":"pa_countries-mf","154":"pa_countries-mg","155":"pa_countries-mh","156":"pa_countries-mk","157":"pa_countries-ml","158":"pa_countries-mm","159":"pa_countries-mn","160":"pa_countries-mo","161":"pa_countries-mp","162":"pa_countries-mq","163":"pa_countries-mr","164":"pa_countries-ms","165":"pa_countries-mt","166":"pa_countries-mu","167":"pa_countries-mv","168":"pa_countries-mw","169":"pa_countries-mx","170":"pa_countries-my","171":"pa_countries-mz","172":"pa_countries-na","173":"pa_countries-nc","174":"pa_countries-ne","175":"pa_countries-nf","176":"pa_countries-ng","177":"pa_countries-ni","178":"pa_countries-nl","179":"pa_countries-no","180":"pa_countries-np","181":"pa_countries-nr","182":"pa_countries-nu","183":"pa_countries-nz","184":"pa_countries-om","185":"pa_countries-pa","186":"pa_countries-pe","187":"pa_countries-pf","188":"pa_countries-pg","189":"pa_countries-ph","190":"pa_countries-pk","191":"pa_countries-pl","192":"pa_countries-pm","193":"pa_countries-pn","194":"pa_countries-pr","195":"pa_countries-ps","196":"pa_countries-pt","197":"pa_countries-pw","198":"pa_countries-py","199":"pa_countries-qa","200":"pa_countries-re","201":"pa_countries-ro","202":"pa_countries-rs","203":"pa_countries-rw","204":"pa_countries-sa","205":"pa_countries-sb","206":"pa_countries-sc","207":"pa_countries-sd","208":"pa_countries-se","209":"pa_countries-sg","210":"pa_countries-sh","211":"pa_countries-si","212":"pa_countries-sj","213":"pa_countries-sk","214":"pa_countries-sl","215":"pa_countries-sm","216":"pa_countries-sn","217":"pa_countries-so","218":"pa_countries-sr","219":"pa_countries-ss","221":"pa_countries-st","222":"pa_countries-sv","223":"pa_countries-sx","224":"pa_countries-sy","225":"pa_countries-sz","226":"pa_countries-tc","227":"pa_countries-td","228":"pa_countries-tf","229":"pa_countries-tg","230":"pa_countries-th","231":"pa_countries-tj","232":"pa_countries-tk","233":"pa_countries-tl","234":"pa_countries-tm","235":"pa_countries-tn","236":"pa_countries-to","237":"pa_countries-tr","238":"pa_countries-tt","239":"pa_countries-tv","240":"pa_countries-tw","241":"pa_countries-tz","242":"pa_countries-ua","243":"pa_countries-ug","244":"pa_countries-um","245":"pa_countries-us","246":"pa_countries-uy","247":"pa_countries-uz","248":"pa_countries-va","249":"pa_countries-vc","250":"pa_countries-ve","251":"pa_countries-vg","252":"pa_countries-vi","253":"pa_countries-vn","254":"pa_countries-vu","255":"pa_countries-wf","256":"pa_countries-ws","257":"pa_countries-xk","258":"pa_countries-ye","259":"pa_countries-yt","260":"pa_countries-za","261":"pa_countries-zm","262":"pa_countries-zw","263":"pa_developer-innominate-games","264":"pa_engine-unity","266":"pa_game_type-main_game","268":"pa_genres-adventure","269":"pa_genres-indie","271":"pa_genres-strategy","272":"pa_interface-de-de","273":"pa_interface-en-us","274":"pa_interface-es-es","275":"pa_interface-fr-fr","276":"pa_interface-pl-pl","277":"pa_interface-ru-ru","279":"pa_interface-zh-cn","280":"pa_modes-multiplayer","282":"pa_modes-single-player","283":"pa_platform-pc-steam","285":"pa_player_perspectives-bird-view-isometric","286":"pa_player_perspectives-side-view","288":"pa_publisher-games-operators","289":"pa_publisher-playway-s-a","291":"pa_rating-14441","292":"pa_rating-773","293":"pa_region-global","295":"pa_subtitles-de-de","297":"pa_subtitles-en-us","298":"pa_subtitles-es-es","299":"pa_subtitles-fr-fr","300":"pa_subtitles-pl-pl","301":"pa_subtitles-ru-ru","302":"pa_subtitles-zh-cn","303":"pa_themes-comedy","306":"first","307":"instock","308":"virtual","309":"taxable","310":"purchasable","311":"product-type-simple"},"yoast_head":"<!-- This site is optimized with the Yoast SEO plugin v27.3 - https:\/\/yoast.com\/product\/yoast-seo-wordpress\/ -->\n<title>CountryBalls Heroes | BeGamer.cz<\/title>\n<meta name=\"robots\" content=\"index, follow, max-snippet:-1, max-image-preview:large, max-video-preview:-1\" \/>\n<link rel=\"canonical\" href=\"https:\/\/begamer.cz\/sk\/produkt\/countryballs-heroes-sk\/\" \/>\n<meta property=\"og:locale\" content=\"sk_SK\" \/>\n<meta property=\"og:type\" content=\"article\" \/>\n<meta property=\"og:title\" content=\"CountryBalls Heroes | BeGamer.cz\" \/>\n<meta property=\"og:description\" content=\"CountryBalls Heroes je hra, v ktorej m\u00f4\u017eete hra\u0165 za svojho ob\u013e\u00faben\u00e9ho Countryballa. Sta\u0148te sa legendou t\u00fdm, \u017ee budete velite\u013eom obrovsk\u00fdch arm\u00e1d Countryballov. Vytvorte si svoje vojsk\u00e1, budujte mest\u00e1 pod\u013ea majstrovsk\u00fdch pl\u00e1nov, zbierajte mocn\u00e9 artefakty a dok\u00e1\u017ete, \u017ee v\u00e1\u0161 Countryball je najsilnej\u0161\u00ed.\" \/>\n<meta property=\"og:url\" content=\"https:\/\/begamer.cz\/sk\/produkt\/countryballs-heroes-sk\/\" \/>\n<meta property=\"og:site_name\" content=\"BeGamer.cz\" \/>\n<meta property=\"article:modified_time\" content=\"2026-03-10T21:28:48+00:00\" \/>\n<meta property=\"og:image\" content=\"https:\/\/begamer.cz\/wp-content\/uploads\/2026\/01\/countryballs-heroes-11.webp\" \/>\n\t<meta property=\"og:image:width\" content=\"300\" \/>\n\t<meta property=\"og:image:height\" content=\"400\" \/>\n\t<meta property=\"og:image:type\" content=\"image\/webp\" \/>\n<meta name=\"twitter:card\" content=\"summary_large_image\" \/>\n<meta name=\"twitter:label1\" content=\"Predpokladan\u00fd \u010das \u010d\u00edtania\" \/>\n\t<meta name=\"twitter:data1\" content=\"2 min\u00faty\" \/>\n<script type=\"application\/ld+json\" class=\"yoast-schema-graph\">{\"@context\":\"https:\\\/\\\/schema.org\",\"@graph\":[{\"@type\":\"WebPage\",\"@id\":\"https:\\\/\\\/begamer.cz\\\/sk\\\/produkt\\\/countryballs-heroes-sk\\\/\",\"url\":\"https:\\\/\\\/begamer.cz\\\/sk\\\/produkt\\\/countryballs-heroes-sk\\\/\",\"name\":\"CountryBalls Heroes | BeGamer.cz\",\"isPartOf\":{\"@id\":\"https:\\\/\\\/begamer.cz\\\/sk\\\/#website\"},\"primaryImageOfPage\":{\"@id\":\"https:\\\/\\\/begamer.cz\\\/sk\\\/produkt\\\/countryballs-heroes-sk\\\/#primaryimage\"},\"image\":{\"@id\":\"https:\\\/\\\/begamer.cz\\\/sk\\\/produkt\\\/countryballs-heroes-sk\\\/#primaryimage\"},\"thumbnailUrl\":\"https:\\\/\\\/begamer.cz\\\/wp-content\\\/uploads\\\/2026\\\/01\\\/countryballs-heroes-11.webp\",\"datePublished\":\"2026-01-30T16:40:45+00:00\",\"dateModified\":\"2026-03-10T21:28:48+00:00\",\"breadcrumb\":{\"@id\":\"https:\\\/\\\/begamer.cz\\\/sk\\\/produkt\\\/countryballs-heroes-sk\\\/#breadcrumb\"},\"inLanguage\":\"sk-SK\",\"potentialAction\":[{\"@type\":\"ReadAction\",\"target\":[\"https:\\\/\\\/begamer.cz\\\/sk\\\/produkt\\\/countryballs-heroes-sk\\\/\"]}]},{\"@type\":\"ImageObject\",\"inLanguage\":\"sk-SK\",\"@id\":\"https:\\\/\\\/begamer.cz\\\/sk\\\/produkt\\\/countryballs-heroes-sk\\\/#primaryimage\",\"url\":\"https:\\\/\\\/begamer.cz\\\/wp-content\\\/uploads\\\/2026\\\/01\\\/countryballs-heroes-11.webp\",\"contentUrl\":\"https:\\\/\\\/begamer.cz\\\/wp-content\\\/uploads\\\/2026\\\/01\\\/countryballs-heroes-11.webp\",\"width\":300,\"height\":400},{\"@type\":\"BreadcrumbList\",\"@id\":\"https:\\\/\\\/begamer.cz\\\/sk\\\/produkt\\\/countryballs-heroes-sk\\\/#breadcrumb\",\"itemListElement\":[{\"@type\":\"ListItem\",\"position\":1,\"name\":\"Domov\",\"item\":\"https:\\\/\\\/begamer.cz\\\/sk\\\/\"},{\"@type\":\"ListItem\",\"position\":2,\"name\":\"Obchod\",\"item\":\"https:\\\/\\\/begamer.cz\\\/obchod\\\/\"},{\"@type\":\"ListItem\",\"position\":3,\"name\":\"CountryBalls Heroes\"}]},{\"@type\":\"WebSite\",\"@id\":\"https:\\\/\\\/begamer.cz\\\/sk\\\/#website\",\"url\":\"https:\\\/\\\/begamer.cz\\\/sk\\\/\",\"name\":\"BeGamer.cz\",\"description\":\"\",\"publisher\":{\"@id\":\"https:\\\/\\\/begamer.cz\\\/sk\\\/#organization\"},\"potentialAction\":[{\"@type\":\"SearchAction\",\"target\":{\"@type\":\"EntryPoint\",\"urlTemplate\":\"https:\\\/\\\/begamer.cz\\\/sk\\\/?s={search_term_string}\"},\"query-input\":{\"@type\":\"PropertyValueSpecification\",\"valueRequired\":true,\"valueName\":\"search_term_string\"}}],\"inLanguage\":\"sk-SK\"},{\"@type\":\"Organization\",\"@id\":\"https:\\\/\\\/begamer.cz\\\/sk\\\/#organization\",\"name\":\"BeGamer.cz\",\"url\":\"https:\\\/\\\/begamer.cz\\\/sk\\\/\",\"logo\":{\"@type\":\"ImageObject\",\"inLanguage\":\"sk-SK\",\"@id\":\"https:\\\/\\\/begamer.cz\\\/sk\\\/#\\\/schema\\\/logo\\\/image\\\/\",\"url\":\"https:\\\/\\\/begamer.cz\\\/wp-content\\\/uploads\\\/2025\\\/07\\\/logo.svg\",\"contentUrl\":\"https:\\\/\\\/begamer.cz\\\/wp-content\\\/uploads\\\/2025\\\/07\\\/logo.svg\",\"caption\":\"BeGamer.cz\"},\"image\":{\"@id\":\"https:\\\/\\\/begamer.cz\\\/sk\\\/#\\\/schema\\\/logo\\\/image\\\/\"}}]}<\/script>\n<!-- \/ Yoast SEO plugin. -->","yoast_head_json":{"title":"CountryBalls Heroes | BeGamer.cz","robots":{"index":"index","follow":"follow","max-snippet":"max-snippet:-1","max-image-preview":"max-image-preview:large","max-video-preview":"max-video-preview:-1"},"canonical":"https:\/\/begamer.cz\/sk\/produkt\/countryballs-heroes-sk\/","og_locale":"sk_SK","og_type":"article","og_title":"CountryBalls Heroes | BeGamer.cz","og_description":"CountryBalls Heroes je hra, v ktorej m\u00f4\u017eete hra\u0165 za svojho ob\u013e\u00faben\u00e9ho Countryballa. Sta\u0148te sa legendou t\u00fdm, \u017ee budete velite\u013eom obrovsk\u00fdch arm\u00e1d Countryballov. Vytvorte si svoje vojsk\u00e1, budujte mest\u00e1 pod\u013ea majstrovsk\u00fdch pl\u00e1nov, zbierajte mocn\u00e9 artefakty a dok\u00e1\u017ete, \u017ee v\u00e1\u0161 Countryball je najsilnej\u0161\u00ed.","og_url":"https:\/\/begamer.cz\/sk\/produkt\/countryballs-heroes-sk\/","og_site_name":"BeGamer.cz","article_modified_time":"2026-03-10T21:28:48+00:00","og_image":[{"width":300,"height":400,"url":"https:\/\/begamer.cz\/wp-content\/uploads\/2026\/01\/countryballs-heroes-11.webp","type":"image\/webp"}],"twitter_card":"summary_large_image","twitter_misc":{"Predpokladan\u00fd \u010das \u010d\u00edtania":"2 min\u00faty"},"schema":{"@context":"https:\/\/schema.org","@graph":[{"@type":"WebPage","@id":"https:\/\/begamer.cz\/sk\/produkt\/countryballs-heroes-sk\/","url":"https:\/\/begamer.cz\/sk\/produkt\/countryballs-heroes-sk\/","name":"CountryBalls Heroes | BeGamer.cz","isPartOf":{"@id":"https:\/\/begamer.cz\/sk\/#website"},"primaryImageOfPage":{"@id":"https:\/\/begamer.cz\/sk\/produkt\/countryballs-heroes-sk\/#primaryimage"},"image":{"@id":"https:\/\/begamer.cz\/sk\/produkt\/countryballs-heroes-sk\/#primaryimage"},"thumbnailUrl":"https:\/\/begamer.cz\/wp-content\/uploads\/2026\/01\/countryballs-heroes-11.webp","datePublished":"2026-01-30T16:40:45+00:00","dateModified":"2026-03-10T21:28:48+00:00","breadcrumb":{"@id":"https:\/\/begamer.cz\/sk\/produkt\/countryballs-heroes-sk\/#breadcrumb"},"inLanguage":"sk-SK","potentialAction":[{"@type":"ReadAction","target":["https:\/\/begamer.cz\/sk\/produkt\/countryballs-heroes-sk\/"]}]},{"@type":"ImageObject","inLanguage":"sk-SK","@id":"https:\/\/begamer.cz\/sk\/produkt\/countryballs-heroes-sk\/#primaryimage","url":"https:\/\/begamer.cz\/wp-content\/uploads\/2026\/01\/countryballs-heroes-11.webp","contentUrl":"https:\/\/begamer.cz\/wp-content\/uploads\/2026\/01\/countryballs-heroes-11.webp","width":300,"height":400},{"@type":"BreadcrumbList","@id":"https:\/\/begamer.cz\/sk\/produkt\/countryballs-heroes-sk\/#breadcrumb","itemListElement":[{"@type":"ListItem","position":1,"name":"Domov","item":"https:\/\/begamer.cz\/sk\/"},{"@type":"ListItem","position":2,"name":"Obchod","item":"https:\/\/begamer.cz\/obchod\/"},{"@type":"ListItem","position":3,"name":"CountryBalls Heroes"}]},{"@type":"WebSite","@id":"https:\/\/begamer.cz\/sk\/#website","url":"https:\/\/begamer.cz\/sk\/","name":"BeGamer.cz","description":"","publisher":{"@id":"https:\/\/begamer.cz\/sk\/#organization"},"potentialAction":[{"@type":"SearchAction","target":{"@type":"EntryPoint","urlTemplate":"https:\/\/begamer.cz\/sk\/?s={search_term_string}"},"query-input":{"@type":"PropertyValueSpecification","valueRequired":true,"valueName":"search_term_string"}}],"inLanguage":"sk-SK"},{"@type":"Organization","@id":"https:\/\/begamer.cz\/sk\/#organization","name":"BeGamer.cz","url":"https:\/\/begamer.cz\/sk\/","logo":{"@type":"ImageObject","inLanguage":"sk-SK","@id":"https:\/\/begamer.cz\/sk\/#\/schema\/logo\/image\/","url":"https:\/\/begamer.cz\/wp-content\/uploads\/2025\/07\/logo.svg","contentUrl":"https:\/\/begamer.cz\/wp-content\/uploads\/2025\/07\/logo.svg","caption":"BeGamer.cz"},"image":{"@id":"https:\/\/begamer.cz\/sk\/#\/schema\/logo\/image\/"}}]}},"acf":[],"_links":{"self":[{"href":"https:\/\/begamer.cz\/sk\/wp-json\/wp\/v2\/product\/99227","targetHints":{"allow":["GET"]}}],"collection":[{"href":"https:\/\/begamer.cz\/sk\/wp-json\/wp\/v2\/product"}],"about":[{"href":"https:\/\/begamer.cz\/sk\/wp-json\/wp\/v2\/types\/product"}],"replies":[{"embeddable":true,"href":"https:\/\/begamer.cz\/sk\/wp-json\/wp\/v2\/comments?post=99227"}],"wp:featuredmedia":[{"embeddable":true,"href":"https:\/\/begamer.cz\/sk\/wp-json\/wp\/v2\/media\/74428"}],"wp:attachment":[{"href":"https:\/\/begamer.cz\/sk\/wp-json\/wp\/v2\/media?parent=99227"}],"wp:term":[{"taxonomy":"product_brand","embeddable":true,"href":"https:\/\/begamer.cz\/sk\/wp-json\/wp\/v2\/product_brand?post=99227"},{"taxonomy":"product_cat","embeddable":true,"href":"https:\/\/begamer.cz\/sk\/wp-json\/wp\/v2\/product_cat?post=99227"},{"taxonomy":"product_tag","embeddable":true,"href":"https:\/\/begamer.cz\/sk\/wp-json\/wp\/v2\/product_tag?post=99227"}],"curies":[{"name":"wp","href":"https:\/\/api.w.org\/{rel}","templated":true}]}}