{"id":99212,"date":"2026-01-30T17:40:31","date_gmt":"2026-01-30T16:40:31","guid":{"rendered":"https:\/\/begamer.cz\/produkt\/blon-sk\/"},"modified":"2026-03-10T22:27:44","modified_gmt":"2026-03-10T21:27:44","slug":"blon-sk","status":"publish","type":"product","link":"https:\/\/begamer.cz\/sk\/produkt\/blon-sk\/","title":{"rendered":"Blon"},"content":{"rendered":"<h1>O hre<\/h1>\n<p><strong>Blon<\/strong> v\u00e1s prevedie n\u00e1ro\u010dnou a pixelizovanou<strong> plo\u0161inovkou<\/strong>. Cestujte cez mnoho svetov s jedin\u00fdm cie\u013eom: porazi\u0165 svojho \u0161ialen\u00e9ho brata! Aby ste ho porazili a zachr\u00e1nili svoju rodinu, budete m\u00f4c\u0165 odomkn\u00fa\u0165 nieko\u013eko hrate\u013en\u00fdch post\u00e1v, vylep\u0161i\u0165 svoje schopnosti a vysk\u00fa\u0161a\u0165 nov\u00e9 v strom\u010deku zru\u010dnost\u00ed, aby ste sa stali e\u0161te silnej\u0161\u00edmi.<\/p>\n<p><span class=\"bb_img_ctn\"><video class=\"bb_img\" autoplay muted loop playsinline poster=\"https:\/\/shared.akamai.steamstatic.com\/store_item_assets\/steam\/apps\/1582990\/extras\/10d015a89d843bed9726b6d88b52525a.poster.avif?t=1748596512\" width=600 height=250 ><source src=\"https:\/\/shared.akamai.steamstatic.com\/store_item_assets\/steam\/apps\/1582990\/extras\/10d015a89d843bed9726b6d88b52525a.webm?t=1748596512\" type=\"video\/webm; codecs=vp9\"><source src=\"https:\/\/shared.akamai.steamstatic.com\/store_item_assets\/steam\/apps\/1582990\/extras\/10d015a89d843bed9726b6d88b52525a.mp4?t=1748596512\" type=\"video\/mp4\"><\/video><\/span><\/p>\n<p>Hr\u00e1te za Blona, neohrozen\u00e9ho, no&#8230; bloba, ktor\u00e9ho \u017eiarliv\u00fd star\u0161\u00ed brat pr\u00e1ve ukradol rodinn\u00e9 <strong>poklady<\/strong>. Pri svojom prenasledovan\u00ed <strong>zbierajte <\/strong>listy, ktor\u00e9 v\u00e1\u0161 brat stratil, a <strong>znovu postavte<\/strong> rodinn\u00fd hrad, aby ste zlep\u0161ili svoje <strong>schopnosti<\/strong>. Dok\u00e1\u017eete zhroma\u017edi\u0165 rodinn\u00e9 poklady a sabotova\u0165 pl\u00e1ny svojho brata?<\/p>\n<p><span class=\"bb_img_ctn\"><video class=\"bb_img\" autoplay muted loop playsinline poster=\"https:\/\/shared.akamai.steamstatic.com\/store_item_assets\/steam\/apps\/1582990\/extras\/264e2fd79348ca1452554b9848808665.poster.avif?t=1748596512\" width=600 height=250 ><source src=\"https:\/\/shared.akamai.steamstatic.com\/store_item_assets\/steam\/apps\/1582990\/extras\/264e2fd79348ca1452554b9848808665.webm?t=1748596512\" type=\"video\/webm; codecs=vp9\"><source src=\"https:\/\/shared.akamai.steamstatic.com\/store_item_assets\/steam\/apps\/1582990\/extras\/264e2fd79348ca1452554b9848808665.mp4?t=1748596512\" type=\"video\/mp4\"><\/video><\/span><\/p>\n<h2 class=\"bb_tag\" >K\u013e\u00fa\u010dov\u00e9 vlastnosti:<\/h2>\n<p><\/p>\n<ul class=\"bb_ul\">\n<li>Pestr\u00e9 \u00farovne: od pekla po vesm\u00edr, sledujte stopy svojho brata cez 7 bi\u00f3mov s <strong>nepredv\u00eddate\u013en\u00fdmi environment\u00e1lnymi efektmi<\/strong><\/li>\n<li>Unik\u00e1tni bossovia: ka\u017ed\u00fd biom str\u00e1\u017eia <strong>bratovi poru\u010d\u00edci<\/strong>, ktor\u00ed sa bud\u00fa sna\u017ei\u0165 br\u00e1ni\u0165 tvojmu postupu<\/li>\n<li>Prisp\u00f4sobite\u013en\u00e1 obtia\u017enos\u0165: \u010di u\u017e sa chcete pusti\u0165 do najnepriate\u013eskej\u0161ieho prostredia, alebo si len odd\u00fdchnu\u0165 po\u010das prest\u00e1vky, m\u00f4\u017eete si <strong>vybra\u0165 <\/strong>spr\u00e1vnu <strong>obtia\u017enos\u0165<\/strong><\/li>\n<li><strong>Viac <\/strong>hrate\u013en\u00fdch <strong>post\u00e1v<\/strong>: po\u010das svojej cesty sa k Blobovi pripoja \u010fal\u0161\u00ed \u010dlenovia jeho rodiny. Ka\u017ed\u00fd \u010dlen m\u00e1 svoje siln\u00e9 a slab\u00e9 str\u00e1nky, tak\u017ee je len na v\u00e1s, ako budete hra\u0165 pod\u013ea svojich preferenci\u00ed.<\/li>\n<li>Talenty v hojnosti: Akoby to nesta\u010dilo, po\u010das svojho dobrodru\u017estva m\u00f4\u017eete tie\u017e <strong>vylep\u0161ova\u0165 <\/strong>svoje <strong>schopnosti<\/strong>. Desiatky talentov v\u00e1m umo\u017enia by\u0165 silnej\u0161\u00ed, odolnej\u0161\u00ed, bohat\u0161\u00ed, magickej\u0161\u00ed&#8230;<\/li>\n<li>Skryt\u00e9 <strong>poklady<\/strong>: spl\u0148te \u00falohy, ktor\u00e9 v\u00e1m pon\u00faka ka\u017ed\u00fd biom, a z\u00edskajte zbrane a brnenia<\/li>\n<\/ul>\n<p>Ve\u013emi relaxa\u010dn\u00e1 <strong>side-scroller beha\u010dka<\/strong>, ktor\u00e1 v\u0161ak aj t\u00fdm najne\u00fanavnej\u0161\u00edm hr\u00e1\u010dom pon\u00fakne nieko\u013eko v\u00fdziev!<\/p>\n","protected":false},"excerpt":{"rendered":"<p>Blon je roztomil\u00e1 2D plo\u0161inovka v pixelovom \u0161t\u00fdle. Odomknite k\u00fazla, hrdinov a zbrane, bojujte s mon\u0161trami a bossmi a presk\u00famajte nezn\u00e1my svet v n\u00e1deji, \u017ee zachr\u00e1nite svoju rodinu.<\/p>\n","protected":false},"featured_media":74329,"comment_status":"open","ping_status":"closed","template":"","meta":{"_acf_changed":false},"product_brand":[],"product_cat":[274,290,268,266,312],"product_tag":[],"class_list":{"0":"post-99212","1":"product","2":"type-product","3":"status-publish","4":"has-post-thumbnail","6":"product_cat-arkady-pc-hry-sk","7":"product_cat-indie-hry-pc-sk","8":"product_cat-pc-sk","9":"product_cat-pc-hry-sk","10":"product_cat-steam-pc-sk","11":"pa_game_type-main_game","13":"pa_genres-arcade","15":"pa_genres-indie","16":"pa_interface-de-de","17":"pa_interface-en-us","18":"pa_interface-es-es","19":"pa_interface-fr-fr","20":"pa_interface-it-it","22":"pa_interface-zh-cn","23":"pa_platform-pc-steam","25":"pa_rating-773","26":"pa_rating-14441","27":"pa_region-global","29":"pa_subtitles-de-de","31":"pa_subtitles-en-us","32":"pa_subtitles-es-es","33":"pa_subtitles-fr-fr","34":"pa_subtitles-it-it","35":"pa_subtitles-zh-cn","37":"first","38":"instock","39":"virtual","40":"taxable","41":"purchasable","42":"product-type-simple"},"yoast_head":"<!-- This site is optimized with the Yoast SEO plugin v27.3 - https:\/\/yoast.com\/product\/yoast-seo-wordpress\/ -->\n<title>Blon | BeGamer.cz<\/title>\n<meta name=\"robots\" content=\"index, follow, max-snippet:-1, max-image-preview:large, max-video-preview:-1\" \/>\n<link rel=\"canonical\" href=\"https:\/\/begamer.cz\/sk\/produkt\/blon-sk\/\" \/>\n<meta property=\"og:locale\" content=\"sk_SK\" \/>\n<meta property=\"og:type\" content=\"article\" \/>\n<meta property=\"og:title\" content=\"Blon | BeGamer.cz\" \/>\n<meta property=\"og:description\" content=\"Blon je roztomil\u00e1 2D plo\u0161inovka v pixelovom \u0161t\u00fdle. Odomknite k\u00fazla, hrdinov a zbrane, bojujte s mon\u0161trami a bossmi a presk\u00famajte nezn\u00e1my svet v n\u00e1deji, \u017ee zachr\u00e1nite svoju rodinu.\" \/>\n<meta property=\"og:url\" content=\"https:\/\/begamer.cz\/sk\/produkt\/blon-sk\/\" \/>\n<meta property=\"og:site_name\" content=\"BeGamer.cz\" \/>\n<meta property=\"article:modified_time\" content=\"2026-03-10T21:27:44+00:00\" \/>\n<meta property=\"og:image\" content=\"https:\/\/begamer.cz\/wp-content\/uploads\/2026\/01\/blon-5.webp\" \/>\n\t<meta property=\"og:image:width\" content=\"300\" \/>\n\t<meta property=\"og:image:height\" content=\"400\" \/>\n\t<meta property=\"og:image:type\" content=\"image\/webp\" \/>\n<meta name=\"twitter:card\" content=\"summary_large_image\" \/>\n<meta name=\"twitter:label1\" content=\"Predpokladan\u00fd \u010das \u010d\u00edtania\" \/>\n\t<meta name=\"twitter:data1\" content=\"2 min\u00faty\" \/>\n<script type=\"application\/ld+json\" class=\"yoast-schema-graph\">{\"@context\":\"https:\\\/\\\/schema.org\",\"@graph\":[{\"@type\":\"WebPage\",\"@id\":\"https:\\\/\\\/begamer.cz\\\/sk\\\/produkt\\\/blon-sk\\\/\",\"url\":\"https:\\\/\\\/begamer.cz\\\/sk\\\/produkt\\\/blon-sk\\\/\",\"name\":\"Blon | BeGamer.cz\",\"isPartOf\":{\"@id\":\"https:\\\/\\\/begamer.cz\\\/sk\\\/#website\"},\"primaryImageOfPage\":{\"@id\":\"https:\\\/\\\/begamer.cz\\\/sk\\\/produkt\\\/blon-sk\\\/#primaryimage\"},\"image\":{\"@id\":\"https:\\\/\\\/begamer.cz\\\/sk\\\/produkt\\\/blon-sk\\\/#primaryimage\"},\"thumbnailUrl\":\"https:\\\/\\\/begamer.cz\\\/wp-content\\\/uploads\\\/2026\\\/01\\\/blon-5.webp\",\"datePublished\":\"2026-01-30T16:40:31+00:00\",\"dateModified\":\"2026-03-10T21:27:44+00:00\",\"breadcrumb\":{\"@id\":\"https:\\\/\\\/begamer.cz\\\/sk\\\/produkt\\\/blon-sk\\\/#breadcrumb\"},\"inLanguage\":\"sk-SK\",\"potentialAction\":[{\"@type\":\"ReadAction\",\"target\":[\"https:\\\/\\\/begamer.cz\\\/sk\\\/produkt\\\/blon-sk\\\/\"]}]},{\"@type\":\"ImageObject\",\"inLanguage\":\"sk-SK\",\"@id\":\"https:\\\/\\\/begamer.cz\\\/sk\\\/produkt\\\/blon-sk\\\/#primaryimage\",\"url\":\"https:\\\/\\\/begamer.cz\\\/wp-content\\\/uploads\\\/2026\\\/01\\\/blon-5.webp\",\"contentUrl\":\"https:\\\/\\\/begamer.cz\\\/wp-content\\\/uploads\\\/2026\\\/01\\\/blon-5.webp\",\"width\":300,\"height\":400},{\"@type\":\"BreadcrumbList\",\"@id\":\"https:\\\/\\\/begamer.cz\\\/sk\\\/produkt\\\/blon-sk\\\/#breadcrumb\",\"itemListElement\":[{\"@type\":\"ListItem\",\"position\":1,\"name\":\"Domov\",\"item\":\"https:\\\/\\\/begamer.cz\\\/sk\\\/\"},{\"@type\":\"ListItem\",\"position\":2,\"name\":\"Obchod\",\"item\":\"https:\\\/\\\/begamer.cz\\\/obchod\\\/\"},{\"@type\":\"ListItem\",\"position\":3,\"name\":\"Blon\"}]},{\"@type\":\"WebSite\",\"@id\":\"https:\\\/\\\/begamer.cz\\\/sk\\\/#website\",\"url\":\"https:\\\/\\\/begamer.cz\\\/sk\\\/\",\"name\":\"BeGamer.cz\",\"description\":\"\",\"publisher\":{\"@id\":\"https:\\\/\\\/begamer.cz\\\/sk\\\/#organization\"},\"potentialAction\":[{\"@type\":\"SearchAction\",\"target\":{\"@type\":\"EntryPoint\",\"urlTemplate\":\"https:\\\/\\\/begamer.cz\\\/sk\\\/?s={search_term_string}\"},\"query-input\":{\"@type\":\"PropertyValueSpecification\",\"valueRequired\":true,\"valueName\":\"search_term_string\"}}],\"inLanguage\":\"sk-SK\"},{\"@type\":\"Organization\",\"@id\":\"https:\\\/\\\/begamer.cz\\\/sk\\\/#organization\",\"name\":\"BeGamer.cz\",\"url\":\"https:\\\/\\\/begamer.cz\\\/sk\\\/\",\"logo\":{\"@type\":\"ImageObject\",\"inLanguage\":\"sk-SK\",\"@id\":\"https:\\\/\\\/begamer.cz\\\/sk\\\/#\\\/schema\\\/logo\\\/image\\\/\",\"url\":\"https:\\\/\\\/begamer.cz\\\/wp-content\\\/uploads\\\/2025\\\/07\\\/logo.svg\",\"contentUrl\":\"https:\\\/\\\/begamer.cz\\\/wp-content\\\/uploads\\\/2025\\\/07\\\/logo.svg\",\"caption\":\"BeGamer.cz\"},\"image\":{\"@id\":\"https:\\\/\\\/begamer.cz\\\/sk\\\/#\\\/schema\\\/logo\\\/image\\\/\"}}]}<\/script>\n<!-- \/ Yoast SEO plugin. -->","yoast_head_json":{"title":"Blon | BeGamer.cz","robots":{"index":"index","follow":"follow","max-snippet":"max-snippet:-1","max-image-preview":"max-image-preview:large","max-video-preview":"max-video-preview:-1"},"canonical":"https:\/\/begamer.cz\/sk\/produkt\/blon-sk\/","og_locale":"sk_SK","og_type":"article","og_title":"Blon | BeGamer.cz","og_description":"Blon je roztomil\u00e1 2D plo\u0161inovka v pixelovom \u0161t\u00fdle. Odomknite k\u00fazla, hrdinov a zbrane, bojujte s mon\u0161trami a bossmi a presk\u00famajte nezn\u00e1my svet v n\u00e1deji, \u017ee zachr\u00e1nite svoju rodinu.","og_url":"https:\/\/begamer.cz\/sk\/produkt\/blon-sk\/","og_site_name":"BeGamer.cz","article_modified_time":"2026-03-10T21:27:44+00:00","og_image":[{"width":300,"height":400,"url":"https:\/\/begamer.cz\/wp-content\/uploads\/2026\/01\/blon-5.webp","type":"image\/webp"}],"twitter_card":"summary_large_image","twitter_misc":{"Predpokladan\u00fd \u010das \u010d\u00edtania":"2 min\u00faty"},"schema":{"@context":"https:\/\/schema.org","@graph":[{"@type":"WebPage","@id":"https:\/\/begamer.cz\/sk\/produkt\/blon-sk\/","url":"https:\/\/begamer.cz\/sk\/produkt\/blon-sk\/","name":"Blon | BeGamer.cz","isPartOf":{"@id":"https:\/\/begamer.cz\/sk\/#website"},"primaryImageOfPage":{"@id":"https:\/\/begamer.cz\/sk\/produkt\/blon-sk\/#primaryimage"},"image":{"@id":"https:\/\/begamer.cz\/sk\/produkt\/blon-sk\/#primaryimage"},"thumbnailUrl":"https:\/\/begamer.cz\/wp-content\/uploads\/2026\/01\/blon-5.webp","datePublished":"2026-01-30T16:40:31+00:00","dateModified":"2026-03-10T21:27:44+00:00","breadcrumb":{"@id":"https:\/\/begamer.cz\/sk\/produkt\/blon-sk\/#breadcrumb"},"inLanguage":"sk-SK","potentialAction":[{"@type":"ReadAction","target":["https:\/\/begamer.cz\/sk\/produkt\/blon-sk\/"]}]},{"@type":"ImageObject","inLanguage":"sk-SK","@id":"https:\/\/begamer.cz\/sk\/produkt\/blon-sk\/#primaryimage","url":"https:\/\/begamer.cz\/wp-content\/uploads\/2026\/01\/blon-5.webp","contentUrl":"https:\/\/begamer.cz\/wp-content\/uploads\/2026\/01\/blon-5.webp","width":300,"height":400},{"@type":"BreadcrumbList","@id":"https:\/\/begamer.cz\/sk\/produkt\/blon-sk\/#breadcrumb","itemListElement":[{"@type":"ListItem","position":1,"name":"Domov","item":"https:\/\/begamer.cz\/sk\/"},{"@type":"ListItem","position":2,"name":"Obchod","item":"https:\/\/begamer.cz\/obchod\/"},{"@type":"ListItem","position":3,"name":"Blon"}]},{"@type":"WebSite","@id":"https:\/\/begamer.cz\/sk\/#website","url":"https:\/\/begamer.cz\/sk\/","name":"BeGamer.cz","description":"","publisher":{"@id":"https:\/\/begamer.cz\/sk\/#organization"},"potentialAction":[{"@type":"SearchAction","target":{"@type":"EntryPoint","urlTemplate":"https:\/\/begamer.cz\/sk\/?s={search_term_string}"},"query-input":{"@type":"PropertyValueSpecification","valueRequired":true,"valueName":"search_term_string"}}],"inLanguage":"sk-SK"},{"@type":"Organization","@id":"https:\/\/begamer.cz\/sk\/#organization","name":"BeGamer.cz","url":"https:\/\/begamer.cz\/sk\/","logo":{"@type":"ImageObject","inLanguage":"sk-SK","@id":"https:\/\/begamer.cz\/sk\/#\/schema\/logo\/image\/","url":"https:\/\/begamer.cz\/wp-content\/uploads\/2025\/07\/logo.svg","contentUrl":"https:\/\/begamer.cz\/wp-content\/uploads\/2025\/07\/logo.svg","caption":"BeGamer.cz"},"image":{"@id":"https:\/\/begamer.cz\/sk\/#\/schema\/logo\/image\/"}}]}},"acf":[],"_links":{"self":[{"href":"https:\/\/begamer.cz\/sk\/wp-json\/wp\/v2\/product\/99212","targetHints":{"allow":["GET"]}}],"collection":[{"href":"https:\/\/begamer.cz\/sk\/wp-json\/wp\/v2\/product"}],"about":[{"href":"https:\/\/begamer.cz\/sk\/wp-json\/wp\/v2\/types\/product"}],"replies":[{"embeddable":true,"href":"https:\/\/begamer.cz\/sk\/wp-json\/wp\/v2\/comments?post=99212"}],"wp:featuredmedia":[{"embeddable":true,"href":"https:\/\/begamer.cz\/sk\/wp-json\/wp\/v2\/media\/74329"}],"wp:attachment":[{"href":"https:\/\/begamer.cz\/sk\/wp-json\/wp\/v2\/media?parent=99212"}],"wp:term":[{"taxonomy":"product_brand","embeddable":true,"href":"https:\/\/begamer.cz\/sk\/wp-json\/wp\/v2\/product_brand?post=99212"},{"taxonomy":"product_cat","embeddable":true,"href":"https:\/\/begamer.cz\/sk\/wp-json\/wp\/v2\/product_cat?post=99212"},{"taxonomy":"product_tag","embeddable":true,"href":"https:\/\/begamer.cz\/sk\/wp-json\/wp\/v2\/product_tag?post=99212"}],"curies":[{"name":"wp","href":"https:\/\/api.w.org\/{rel}","templated":true}]}}