{"id":99188,"date":"2026-01-30T17:39:54","date_gmt":"2026-01-30T16:39:54","guid":{"rendered":"https:\/\/begamer.cz\/produkt\/wavetale-sk\/"},"modified":"2026-03-10T22:25:49","modified_gmt":"2026-03-10T21:25:49","slug":"wavetale-sk","status":"publish","type":"product","link":"https:\/\/begamer.cz\/sk\/produkt\/wavetale-sk\/","title":{"rendered":"Wavetale"},"content":{"rendered":"<h1>O hre<\/h1>\n<p><span class=\"bb_img_ctn\"><img decoding=\"async\" class=\"bb_img\" src=\"https:\/\/shared.akamai.steamstatic.com\/store_item_assets\/steam\/apps\/1823930\/extras\/60e1b532fcd70e442287f8cb7e3b2ebb.avif?t=1759330606\" width=600 height=150 \/><\/span><\/p>\n<p>Presk\u00famajte otvoren\u00e9 more a ch\u00e1traj\u00faci s\u00faostrovie Strandville v hre Wavetale, ak\u010dnej advent\u00fare s pr\u00edbehom, v ktorej stretnete znechuten\u00fdch ryb\u00e1rov, tajomn\u00fdch pustovn\u00edkov a mo\u017eno aj jedn\u00e9ho \u010di dvoch pir\u00e1tov. Prekonaj pokojn\u00e9 vody a b\u00farliv\u00e9 vlny ako Sigrid, mlad\u00e9 diev\u010da, ktor\u00e9 sa spriatel\u00ed s tajomn\u00fdm tie\u0148om, ktor\u00fd jej d\u00e1va schopnos\u0165 chodi\u0165 po vode.<\/p>\n<p><span class=\"bb_img_ctn\"><video class=\"bb_img\" autoplay muted loop playsinline poster=\"https:\/\/shared.akamai.steamstatic.com\/store_item_assets\/steam\/apps\/1823930\/extras\/f2dfa1b9ce708f2bc35a8d5baca6c7fa.poster.avif?t=1759330606\" width=600 height=332 ><source src=\"https:\/\/shared.akamai.steamstatic.com\/store_item_assets\/steam\/apps\/1823930\/extras\/f2dfa1b9ce708f2bc35a8d5baca6c7fa.webm?t=1759330606\" type=\"video\/webm; codecs=vp9\"><source src=\"https:\/\/shared.akamai.steamstatic.com\/store_item_assets\/steam\/apps\/1823930\/extras\/f2dfa1b9ce708f2bc35a8d5baca6c7fa.mp4?t=1759330606\" type=\"video\/mp4\"><\/video><\/span><\/p>\n<p>Prekonaj vlny, hojdaj sa na sieti z strechy domu a poraz star\u00e9ho nepriate\u013ea, aby si zachr\u00e1nil obyvate\u013eov ostrovov. V\u0161etko s trochou pomoci od tie\u0148ov pod tebou \u2013 a tvojej mrzutej babi\u010dky.<\/p>\n<p><span class=\"bb_img_ctn\"><video class=\"bb_img\" autoplay muted loop playsinline poster=\"https:\/\/shared.akamai.steamstatic.com\/store_item_assets\/steam\/apps\/1823930\/extras\/67365f6b19a94158ebe651363f855713.poster.avif?t=1759330606\" width=600 height=332 ><source src=\"https:\/\/shared.akamai.steamstatic.com\/store_item_assets\/steam\/apps\/1823930\/extras\/67365f6b19a94158ebe651363f855713.webm?t=1759330606\" type=\"video\/webm; codecs=vp9\"><source src=\"https:\/\/shared.akamai.steamstatic.com\/store_item_assets\/steam\/apps\/1823930\/extras\/67365f6b19a94158ebe651363f855713.mp4?t=1759330606\" type=\"video\/mp4\"><\/video><\/span><\/p>\n<p><span class=\"bb_img_ctn\"><img decoding=\"async\" class=\"bb_img\" src=\"https:\/\/shared.akamai.steamstatic.com\/store_item_assets\/steam\/apps\/1823930\/extras\/0b66e4afc3c229da1f98c3ae6f83ede2.avif?t=1759330606\" width=600 height=104 \/><\/span><\/p>\n<ul class=\"bb_ul\">\n<li>Prekonajte otvoren\u00e9 more a hojdajte sa medzi budovami v tejto r\u00fdchlej dobrodru\u017enej hre.<\/li>\n<li>Za\u017eite doj\u00edmav\u00fd pr\u00edbeh o strate a zmieren\u00ed<\/li>\n<li>Nadvia\u017ete nov\u00e9 zn\u00e1mosti medzi r\u00f4znorod\u00fdmi obyvate\u013emi ostrova Strandville \u2013 od o\u010daruj\u00facej a sebavedom\u00e9 surferky a\u017e po star\u00e9ho ryb\u00e1ra, ktor\u00fd sa stal m\u00f3dnym n\u00e1vrh\u00e1rom.<\/li>\n<li>Zme\u0148te svoj vzh\u013ead pomocou zberate\u013esk\u00fdch klob\u00fakov, farieb na vlasy a oble\u010denia<\/li>\n<li>Napl\u0148te str\u00e1nky Sigridinho albumu \u0161peci\u00e1lnymi kresbami, aby ste sa dozvedeli viac o jej svete<\/li>\n<\/ul>\n<p><span class=\"bb_img_ctn\"><video class=\"bb_img\" autoplay muted loop playsinline poster=\"https:\/\/shared.akamai.steamstatic.com\/store_item_assets\/steam\/apps\/1823930\/extras\/372b179a93181188e38c8b7d7ba476b9.poster.avif?t=1759330606\" width=600 height=332 ><source src=\"https:\/\/shared.akamai.steamstatic.com\/store_item_assets\/steam\/apps\/1823930\/extras\/372b179a93181188e38c8b7d7ba476b9.webm?t=1759330606\" type=\"video\/webm; codecs=vp9\"><source src=\"https:\/\/shared.akamai.steamstatic.com\/store_item_assets\/steam\/apps\/1823930\/extras\/372b179a93181188e38c8b7d7ba476b9.mp4?t=1759330606\" type=\"video\/mp4\"><\/video><\/span><\/p>\n<p><span class=\"bb_img_ctn\"><video class=\"bb_img\" autoplay muted loop playsinline poster=\"https:\/\/shared.akamai.steamstatic.com\/store_item_assets\/steam\/apps\/1823930\/extras\/5ff5037da0f212956ca36ac3648650d4.poster.avif?t=1759330606\" width=600 height=160 ><source src=\"https:\/\/shared.akamai.steamstatic.com\/store_item_assets\/steam\/apps\/1823930\/extras\/5ff5037da0f212956ca36ac3648650d4.webm?t=1759330606\" type=\"video\/webm; codecs=vp9\"><source src=\"https:\/\/shared.akamai.steamstatic.com\/store_item_assets\/steam\/apps\/1823930\/extras\/5ff5037da0f212956ca36ac3648650d4.mp4?t=1759330606\" type=\"video\/mp4\"><\/video><\/span><\/p>\n","protected":false},"excerpt":{"rendered":"<p>Surfujte po vod\u00e1ch potopen\u00e9ho mesta! Odha\u013ete minulos\u0165, zachr\u00e1\u0148te ostrovanov pred tajomn\u00fdmi morsk\u00fdmi pr\u00ed\u0161erami a objavte tajomstv\u00e1 skryt\u00e9 pod hladinou.<\/p>\n","protected":false},"featured_media":74119,"comment_status":"open","ping_status":"closed","template":"","meta":{"_acf_changed":false},"product_brand":[],"product_cat":[270,272,268,266,312],"product_tag":[],"class_list":{"0":"post-99188","1":"product","2":"type-product","3":"status-publish","4":"has-post-thumbnail","6":"product_cat-adventury-pc-hry-sk","7":"product_cat-akcni-pc-sk","8":"product_cat-pc-sk","9":"product_cat-pc-hry-sk","10":"product_cat-steam-pc-sk","11":"pa_audio-de-de","12":"pa_audio-en-us","13":"pa_audio-es-es","14":"pa_audio-fr-fr","15":"pa_audio-it-it","17":"pa_countries-ad","18":"pa_countries-ae","19":"pa_countries-af","20":"pa_countries-ag","21":"pa_countries-ai","22":"pa_countries-al","23":"pa_countries-am","24":"pa_countries-ao","25":"pa_countries-aq","26":"pa_countries-ar","27":"pa_countries-as","28":"pa_countries-at","29":"pa_countries-au","30":"pa_countries-aw","31":"pa_countries-ax","32":"pa_countries-az","33":"pa_countries-ba","34":"pa_countries-bb","35":"pa_countries-bd","36":"pa_countries-be","37":"pa_countries-bf","38":"pa_countries-bg","39":"pa_countries-bh","40":"pa_countries-bi","41":"pa_countries-bj","42":"pa_countries-bl","43":"pa_countries-bm","44":"pa_countries-bn","45":"pa_countries-bo","46":"pa_countries-bq","47":"pa_countries-br","48":"pa_countries-bs","49":"pa_countries-bt","50":"pa_countries-bv","51":"pa_countries-bw","52":"pa_countries-bz","53":"pa_countries-ca","54":"pa_countries-cc","55":"pa_countries-cd","56":"pa_countries-cf","57":"pa_countries-cg","58":"pa_countries-ch","59":"pa_countries-ci","60":"pa_countries-ck","61":"pa_countries-cl","62":"pa_countries-cm","63":"pa_countries-cn","64":"pa_countries-co","65":"pa_countries-cr","66":"pa_countries-cu","67":"pa_countries-cv","68":"pa_countries-cw","69":"pa_countries-cx","70":"pa_countries-cy","71":"pa_countries-cz","72":"pa_countries-de","73":"pa_countries-dj","74":"pa_countries-dk","75":"pa_countries-dm","76":"pa_countries-do","77":"pa_countries-dz","78":"pa_countries-ec","79":"pa_countries-ee","80":"pa_countries-eg","81":"pa_countries-eh","82":"pa_countries-er","83":"pa_countries-es","84":"pa_countries-et","85":"pa_countries-fi","86":"pa_countries-fj","87":"pa_countries-fk","88":"pa_countries-fm","89":"pa_countries-fo","90":"pa_countries-fr","91":"pa_countries-ga","92":"pa_countries-gb","93":"pa_countries-gd","94":"pa_countries-ge","95":"pa_countries-gf","96":"pa_countries-gg","97":"pa_countries-gh","98":"pa_countries-gi","99":"pa_countries-gl","100":"pa_countries-gm","101":"pa_countries-gn","102":"pa_countries-gp","103":"pa_countries-gq","104":"pa_countries-gr","105":"pa_countries-gs","106":"pa_countries-gt","107":"pa_countries-gu","108":"pa_countries-gw","109":"pa_countries-gy","110":"pa_countries-hk","111":"pa_countries-hm","112":"pa_countries-hn","113":"pa_countries-hr","114":"pa_countries-ht","115":"pa_countries-hu","116":"pa_countries-id","117":"pa_countries-ie","118":"pa_countries-il","119":"pa_countries-im","120":"pa_countries-in","121":"pa_countries-io","122":"pa_countries-iq","123":"pa_countries-ir","124":"pa_countries-is","125":"pa_countries-it","126":"pa_countries-je","127":"pa_countries-jm","128":"pa_countries-jo","129":"pa_countries-jp","130":"pa_countries-ke","131":"pa_countries-kg","132":"pa_countries-kh","133":"pa_countries-ki","134":"pa_countries-km","135":"pa_countries-kn","136":"pa_countries-kp","137":"pa_countries-kr","138":"pa_countries-kw","139":"pa_countries-ky","140":"pa_countries-kz","141":"pa_countries-la","142":"pa_countries-lb","143":"pa_countries-lc","144":"pa_countries-li","145":"pa_countries-lk","146":"pa_countries-lr","147":"pa_countries-ls","148":"pa_countries-lt","149":"pa_countries-lu","150":"pa_countries-lv","151":"pa_countries-ly","152":"pa_countries-ma","153":"pa_countries-mc","154":"pa_countries-md","155":"pa_countries-me","156":"pa_countries-mf","157":"pa_countries-mg","158":"pa_countries-mh","159":"pa_countries-mk","160":"pa_countries-ml","161":"pa_countries-mm","162":"pa_countries-mn","163":"pa_countries-mo","164":"pa_countries-mp","165":"pa_countries-mq","166":"pa_countries-mr","167":"pa_countries-ms","168":"pa_countries-mt","169":"pa_countries-mu","170":"pa_countries-mv","171":"pa_countries-mw","172":"pa_countries-mx","173":"pa_countries-my","174":"pa_countries-mz","175":"pa_countries-na","176":"pa_countries-nc","177":"pa_countries-ne","178":"pa_countries-nf","179":"pa_countries-ng","180":"pa_countries-ni","181":"pa_countries-nl","182":"pa_countries-no","183":"pa_countries-np","184":"pa_countries-nr","185":"pa_countries-nu","186":"pa_countries-nz","187":"pa_countries-om","188":"pa_countries-pa","189":"pa_countries-pe","190":"pa_countries-pf","191":"pa_countries-pg","192":"pa_countries-ph","193":"pa_countries-pk","194":"pa_countries-pl","195":"pa_countries-pm","196":"pa_countries-pn","197":"pa_countries-pr","198":"pa_countries-ps","199":"pa_countries-pt","200":"pa_countries-pw","201":"pa_countries-py","202":"pa_countries-qa","203":"pa_countries-re","204":"pa_countries-ro","205":"pa_countries-rs","206":"pa_countries-rw","207":"pa_countries-sa","208":"pa_countries-sb","209":"pa_countries-sc","210":"pa_countries-sd","211":"pa_countries-se","212":"pa_countries-sg","213":"pa_countries-sh","214":"pa_countries-si","215":"pa_countries-sj","216":"pa_countries-sk","217":"pa_countries-sl","218":"pa_countries-sm","219":"pa_countries-sn","220":"pa_countries-so","221":"pa_countries-sr","222":"pa_countries-ss","224":"pa_countries-st","225":"pa_countries-sv","226":"pa_countries-sx","227":"pa_countries-sy","228":"pa_countries-sz","229":"pa_countries-tc","230":"pa_countries-td","231":"pa_countries-tf","232":"pa_countries-tg","233":"pa_countries-th","234":"pa_countries-tj","235":"pa_countries-tk","236":"pa_countries-tl","237":"pa_countries-tm","238":"pa_countries-tn","239":"pa_countries-to","240":"pa_countries-tr","241":"pa_countries-tt","242":"pa_countries-tv","243":"pa_countries-tw","244":"pa_countries-tz","245":"pa_countries-ua","246":"pa_countries-ug","247":"pa_countries-um","248":"pa_countries-us","249":"pa_countries-uy","250":"pa_countries-uz","251":"pa_countries-va","252":"pa_countries-vc","253":"pa_countries-ve","254":"pa_countries-vg","255":"pa_countries-vi","256":"pa_countries-vn","257":"pa_countries-vu","258":"pa_countries-wf","259":"pa_countries-ws","260":"pa_countries-xk","261":"pa_countries-ye","262":"pa_countries-yt","263":"pa_countries-za","264":"pa_countries-zm","265":"pa_countries-zw","266":"pa_developer-thunderful","267":"pa_engine-unity","269":"pa_game_type-main_game","271":"pa_genres-adventure","272":"pa_genres-platform","274":"pa_interface-da-dk","275":"pa_interface-de-de","276":"pa_interface-en-us","277":"pa_interface-es-es","278":"pa_interface-fi-fi","279":"pa_interface-fr-fr","280":"pa_interface-it-it","281":"pa_interface-ja-jp","282":"pa_interface-ko-kr","283":"pa_interface-nb-no","285":"pa_interface-pt-pt","286":"pa_interface-ru-ru","287":"pa_interface-sv-se","288":"pa_keywords-3d","289":"pa_keywords-3d-platformer","290":"pa_keywords-achievements","291":"pa_keywords-atmospheric","292":"pa_keywords-boat","293":"pa_keywords-cartoony","295":"pa_keywords-cinematic","296":"pa_keywords-cloud-saves","297":"pa_keywords-colorful","298":"pa_keywords-controller-support","299":"pa_keywords-exploration","300":"pa_keywords-family-friendly","301":"pa_keywords-fast-paced","302":"pa_keywords-female-protagonist","303":"pa_keywords-fish","304":"pa_keywords-heartwarming","305":"pa_keywords-jumping","306":"pa_keywords-lighthouse","307":"pa_keywords-linear","308":"pa_keywords-narrative-adventure","309":"pa_keywords-nature","310":"pa_keywords-ocean","311":"pa_keywords-pirates","312":"pa_keywords-post-apocalyptic","313":"pa_keywords-previously-on-stadia-pro","314":"pa_keywords-running","315":"pa_keywords-sea","316":"pa_keywords-steam-achievements","317":"pa_keywords-steam-cloud","318":"pa_keywords-steam-families","319":"pa_keywords-steam-trading-cards","320":"pa_keywords-story-rich","321":"pa_keywords-stylized","322":"pa_keywords-surfing","323":"pa_keywords-unique-art-style","324":"pa_keywords-xbox-controller-support-for-pc","325":"pa_modes-single-player","327":"pa_pegi-13424","328":"pa_pegi-772","329":"pa_platform-pc-steam","331":"pa_player_perspectives-third-person","333":"pa_publisher-thunderful","335":"pa_rating-14460","336":"pa_rating-957","337":"pa_region-global","339":"pa_subtitles-da-dk","340":"pa_subtitles-de-de","341":"pa_subtitles-en-us","342":"pa_subtitles-es-es","343":"pa_subtitles-fi-fi","344":"pa_subtitles-fr-fr","345":"pa_subtitles-it-it","346":"pa_subtitles-ja-jp","347":"pa_subtitles-ko-kr","348":"pa_subtitles-nb-no","350":"pa_subtitles-pt-pt","351":"pa_subtitles-ru-ru","352":"pa_subtitles-sv-se","353":"pa_themes-action","356":"first","357":"instock","358":"virtual","359":"taxable","360":"purchasable","361":"product-type-simple"},"yoast_head":"<!-- This site is optimized with the Yoast SEO plugin v27.4 - https:\/\/yoast.com\/product\/yoast-seo-wordpress\/ -->\n<title>Wavetale | BeGamer.cz<\/title>\n<meta name=\"robots\" content=\"index, follow, max-snippet:-1, max-image-preview:large, max-video-preview:-1\" \/>\n<link rel=\"canonical\" href=\"https:\/\/begamer.cz\/sk\/produkt\/wavetale-sk\/\" \/>\n<meta property=\"og:locale\" content=\"sk_SK\" \/>\n<meta property=\"og:type\" content=\"article\" \/>\n<meta property=\"og:title\" content=\"Wavetale | BeGamer.cz\" \/>\n<meta property=\"og:description\" content=\"Surfujte po vod\u00e1ch potopen\u00e9ho mesta! Odha\u013ete minulos\u0165, zachr\u00e1\u0148te ostrovanov pred tajomn\u00fdmi morsk\u00fdmi pr\u00ed\u0161erami a objavte tajomstv\u00e1 skryt\u00e9 pod hladinou.\" \/>\n<meta property=\"og:url\" content=\"https:\/\/begamer.cz\/sk\/produkt\/wavetale-sk\/\" \/>\n<meta property=\"og:site_name\" content=\"BeGamer.cz\" \/>\n<meta property=\"article:modified_time\" content=\"2026-03-10T21:25:49+00:00\" \/>\n<meta property=\"og:image\" content=\"https:\/\/begamer.cz\/wp-content\/uploads\/2026\/01\/wavetale-6.webp\" \/>\n\t<meta property=\"og:image:width\" content=\"300\" \/>\n\t<meta property=\"og:image:height\" content=\"400\" \/>\n\t<meta property=\"og:image:type\" content=\"image\/webp\" \/>\n<meta name=\"twitter:card\" content=\"summary_large_image\" \/>\n<meta name=\"twitter:label1\" content=\"Predpokladan\u00fd \u010das \u010d\u00edtania\" \/>\n\t<meta name=\"twitter:data1\" content=\"1 min\u00fata\" \/>\n<script type=\"application\/ld+json\" class=\"yoast-schema-graph\">{\"@context\":\"https:\\\/\\\/schema.org\",\"@graph\":[{\"@type\":\"WebPage\",\"@id\":\"https:\\\/\\\/begamer.cz\\\/sk\\\/produkt\\\/wavetale-sk\\\/\",\"url\":\"https:\\\/\\\/begamer.cz\\\/sk\\\/produkt\\\/wavetale-sk\\\/\",\"name\":\"Wavetale | BeGamer.cz\",\"isPartOf\":{\"@id\":\"https:\\\/\\\/begamer.cz\\\/sk\\\/#website\"},\"primaryImageOfPage\":{\"@id\":\"https:\\\/\\\/begamer.cz\\\/sk\\\/produkt\\\/wavetale-sk\\\/#primaryimage\"},\"image\":{\"@id\":\"https:\\\/\\\/begamer.cz\\\/sk\\\/produkt\\\/wavetale-sk\\\/#primaryimage\"},\"thumbnailUrl\":\"https:\\\/\\\/begamer.cz\\\/wp-content\\\/uploads\\\/2026\\\/01\\\/wavetale-6.webp\",\"datePublished\":\"2026-01-30T16:39:54+00:00\",\"dateModified\":\"2026-03-10T21:25:49+00:00\",\"breadcrumb\":{\"@id\":\"https:\\\/\\\/begamer.cz\\\/sk\\\/produkt\\\/wavetale-sk\\\/#breadcrumb\"},\"inLanguage\":\"sk-SK\",\"potentialAction\":[{\"@type\":\"ReadAction\",\"target\":[\"https:\\\/\\\/begamer.cz\\\/sk\\\/produkt\\\/wavetale-sk\\\/\"]}]},{\"@type\":\"ImageObject\",\"inLanguage\":\"sk-SK\",\"@id\":\"https:\\\/\\\/begamer.cz\\\/sk\\\/produkt\\\/wavetale-sk\\\/#primaryimage\",\"url\":\"https:\\\/\\\/begamer.cz\\\/wp-content\\\/uploads\\\/2026\\\/01\\\/wavetale-6.webp\",\"contentUrl\":\"https:\\\/\\\/begamer.cz\\\/wp-content\\\/uploads\\\/2026\\\/01\\\/wavetale-6.webp\",\"width\":300,\"height\":400},{\"@type\":\"BreadcrumbList\",\"@id\":\"https:\\\/\\\/begamer.cz\\\/sk\\\/produkt\\\/wavetale-sk\\\/#breadcrumb\",\"itemListElement\":[{\"@type\":\"ListItem\",\"position\":1,\"name\":\"Domov\",\"item\":\"https:\\\/\\\/begamer.cz\\\/sk\\\/\"},{\"@type\":\"ListItem\",\"position\":2,\"name\":\"Obchod\",\"item\":\"https:\\\/\\\/begamer.cz\\\/obchod\\\/\"},{\"@type\":\"ListItem\",\"position\":3,\"name\":\"Wavetale\"}]},{\"@type\":\"WebSite\",\"@id\":\"https:\\\/\\\/begamer.cz\\\/sk\\\/#website\",\"url\":\"https:\\\/\\\/begamer.cz\\\/sk\\\/\",\"name\":\"BeGamer.cz\",\"description\":\"\",\"publisher\":{\"@id\":\"https:\\\/\\\/begamer.cz\\\/sk\\\/#organization\"},\"potentialAction\":[{\"@type\":\"SearchAction\",\"target\":{\"@type\":\"EntryPoint\",\"urlTemplate\":\"https:\\\/\\\/begamer.cz\\\/sk\\\/?s={search_term_string}\"},\"query-input\":{\"@type\":\"PropertyValueSpecification\",\"valueRequired\":true,\"valueName\":\"search_term_string\"}}],\"inLanguage\":\"sk-SK\"},{\"@type\":\"Organization\",\"@id\":\"https:\\\/\\\/begamer.cz\\\/sk\\\/#organization\",\"name\":\"BeGamer.cz\",\"url\":\"https:\\\/\\\/begamer.cz\\\/sk\\\/\",\"logo\":{\"@type\":\"ImageObject\",\"inLanguage\":\"sk-SK\",\"@id\":\"https:\\\/\\\/begamer.cz\\\/sk\\\/#\\\/schema\\\/logo\\\/image\\\/\",\"url\":\"https:\\\/\\\/begamer.cz\\\/wp-content\\\/uploads\\\/2025\\\/07\\\/logo.svg\",\"contentUrl\":\"https:\\\/\\\/begamer.cz\\\/wp-content\\\/uploads\\\/2025\\\/07\\\/logo.svg\",\"caption\":\"BeGamer.cz\"},\"image\":{\"@id\":\"https:\\\/\\\/begamer.cz\\\/sk\\\/#\\\/schema\\\/logo\\\/image\\\/\"}}]}<\/script>\n<!-- \/ Yoast SEO plugin. -->","yoast_head_json":{"title":"Wavetale | BeGamer.cz","robots":{"index":"index","follow":"follow","max-snippet":"max-snippet:-1","max-image-preview":"max-image-preview:large","max-video-preview":"max-video-preview:-1"},"canonical":"https:\/\/begamer.cz\/sk\/produkt\/wavetale-sk\/","og_locale":"sk_SK","og_type":"article","og_title":"Wavetale | BeGamer.cz","og_description":"Surfujte po vod\u00e1ch potopen\u00e9ho mesta! Odha\u013ete minulos\u0165, zachr\u00e1\u0148te ostrovanov pred tajomn\u00fdmi morsk\u00fdmi pr\u00ed\u0161erami a objavte tajomstv\u00e1 skryt\u00e9 pod hladinou.","og_url":"https:\/\/begamer.cz\/sk\/produkt\/wavetale-sk\/","og_site_name":"BeGamer.cz","article_modified_time":"2026-03-10T21:25:49+00:00","og_image":[{"width":300,"height":400,"url":"https:\/\/begamer.cz\/wp-content\/uploads\/2026\/01\/wavetale-6.webp","type":"image\/webp"}],"twitter_card":"summary_large_image","twitter_misc":{"Predpokladan\u00fd \u010das \u010d\u00edtania":"1 min\u00fata"},"schema":{"@context":"https:\/\/schema.org","@graph":[{"@type":"WebPage","@id":"https:\/\/begamer.cz\/sk\/produkt\/wavetale-sk\/","url":"https:\/\/begamer.cz\/sk\/produkt\/wavetale-sk\/","name":"Wavetale | BeGamer.cz","isPartOf":{"@id":"https:\/\/begamer.cz\/sk\/#website"},"primaryImageOfPage":{"@id":"https:\/\/begamer.cz\/sk\/produkt\/wavetale-sk\/#primaryimage"},"image":{"@id":"https:\/\/begamer.cz\/sk\/produkt\/wavetale-sk\/#primaryimage"},"thumbnailUrl":"https:\/\/begamer.cz\/wp-content\/uploads\/2026\/01\/wavetale-6.webp","datePublished":"2026-01-30T16:39:54+00:00","dateModified":"2026-03-10T21:25:49+00:00","breadcrumb":{"@id":"https:\/\/begamer.cz\/sk\/produkt\/wavetale-sk\/#breadcrumb"},"inLanguage":"sk-SK","potentialAction":[{"@type":"ReadAction","target":["https:\/\/begamer.cz\/sk\/produkt\/wavetale-sk\/"]}]},{"@type":"ImageObject","inLanguage":"sk-SK","@id":"https:\/\/begamer.cz\/sk\/produkt\/wavetale-sk\/#primaryimage","url":"https:\/\/begamer.cz\/wp-content\/uploads\/2026\/01\/wavetale-6.webp","contentUrl":"https:\/\/begamer.cz\/wp-content\/uploads\/2026\/01\/wavetale-6.webp","width":300,"height":400},{"@type":"BreadcrumbList","@id":"https:\/\/begamer.cz\/sk\/produkt\/wavetale-sk\/#breadcrumb","itemListElement":[{"@type":"ListItem","position":1,"name":"Domov","item":"https:\/\/begamer.cz\/sk\/"},{"@type":"ListItem","position":2,"name":"Obchod","item":"https:\/\/begamer.cz\/obchod\/"},{"@type":"ListItem","position":3,"name":"Wavetale"}]},{"@type":"WebSite","@id":"https:\/\/begamer.cz\/sk\/#website","url":"https:\/\/begamer.cz\/sk\/","name":"BeGamer.cz","description":"","publisher":{"@id":"https:\/\/begamer.cz\/sk\/#organization"},"potentialAction":[{"@type":"SearchAction","target":{"@type":"EntryPoint","urlTemplate":"https:\/\/begamer.cz\/sk\/?s={search_term_string}"},"query-input":{"@type":"PropertyValueSpecification","valueRequired":true,"valueName":"search_term_string"}}],"inLanguage":"sk-SK"},{"@type":"Organization","@id":"https:\/\/begamer.cz\/sk\/#organization","name":"BeGamer.cz","url":"https:\/\/begamer.cz\/sk\/","logo":{"@type":"ImageObject","inLanguage":"sk-SK","@id":"https:\/\/begamer.cz\/sk\/#\/schema\/logo\/image\/","url":"https:\/\/begamer.cz\/wp-content\/uploads\/2025\/07\/logo.svg","contentUrl":"https:\/\/begamer.cz\/wp-content\/uploads\/2025\/07\/logo.svg","caption":"BeGamer.cz"},"image":{"@id":"https:\/\/begamer.cz\/sk\/#\/schema\/logo\/image\/"}}]}},"acf":[],"_links":{"self":[{"href":"https:\/\/begamer.cz\/sk\/wp-json\/wp\/v2\/product\/99188","targetHints":{"allow":["GET"]}}],"collection":[{"href":"https:\/\/begamer.cz\/sk\/wp-json\/wp\/v2\/product"}],"about":[{"href":"https:\/\/begamer.cz\/sk\/wp-json\/wp\/v2\/types\/product"}],"replies":[{"embeddable":true,"href":"https:\/\/begamer.cz\/sk\/wp-json\/wp\/v2\/comments?post=99188"}],"wp:featuredmedia":[{"embeddable":true,"href":"https:\/\/begamer.cz\/sk\/wp-json\/wp\/v2\/media\/74119"}],"wp:attachment":[{"href":"https:\/\/begamer.cz\/sk\/wp-json\/wp\/v2\/media?parent=99188"}],"wp:term":[{"taxonomy":"product_brand","embeddable":true,"href":"https:\/\/begamer.cz\/sk\/wp-json\/wp\/v2\/product_brand?post=99188"},{"taxonomy":"product_cat","embeddable":true,"href":"https:\/\/begamer.cz\/sk\/wp-json\/wp\/v2\/product_cat?post=99188"},{"taxonomy":"product_tag","embeddable":true,"href":"https:\/\/begamer.cz\/sk\/wp-json\/wp\/v2\/product_tag?post=99188"}],"curies":[{"name":"wp","href":"https:\/\/api.w.org\/{rel}","templated":true}]}}