{"id":99170,"date":"2026-01-30T17:39:20","date_gmt":"2026-01-30T16:39:20","guid":{"rendered":"https:\/\/begamer.cz\/produkt\/homeworld-3-sk\/"},"modified":"2026-03-10T22:24:41","modified_gmt":"2026-03-10T21:24:41","slug":"homeworld-3-sk","status":"publish","type":"product","link":"https:\/\/begamer.cz\/sk\/produkt\/homeworld-3-sk\/","title":{"rendered":"Homeworld 3"},"content":{"rendered":"<h1>O hre<\/h1>\n<p><span class=\"bb_img_ctn\"><img decoding=\"async\" class=\"bb_img\" src=\"https:\/\/shared.akamai.steamstatic.com\/store_item_assets\/steam\/apps\/1840080\/extras\/6d0489cc3a17282139a2e4b2139e9a88.avif?t=1754416598\" width=615 height=90 \/><\/span><\/p>\n<p><span class=\"bb_img_ctn\"><video class=\"bb_img\" autoplay muted loop playsinline poster=\"https:\/\/shared.akamai.steamstatic.com\/store_item_assets\/steam\/apps\/1840080\/extras\/bd9515ee11ddd94e89ee57321217bfb1.poster.avif?t=1754416598\" width=600 height=200 ><source src=\"https:\/\/shared.akamai.steamstatic.com\/store_item_assets\/steam\/apps\/1840080\/extras\/bd9515ee11ddd94e89ee57321217bfb1.webm?t=1754416598\" type=\"video\/webm; codecs=vp9\"><source src=\"https:\/\/shared.akamai.steamstatic.com\/store_item_assets\/steam\/apps\/1840080\/extras\/bd9515ee11ddd94e89ee57321217bfb1.mp4?t=1754416598\" type=\"video\/mp4\"><\/video><\/span><\/p>\n<p>Taktick\u00e1, kr\u00e1sna a \u00faplne jedine\u010dn\u00e1 sci-fi RTS, ktor\u00e1 z\u00edskala ocenenie GOTY, sa vracia s Homeworld 3. Prevezmite kontrolu a bojujte vo flotile v oslnivom, plne 3D vesm\u00edre, zatia\u013e \u010do sa ocenen\u00fd pr\u00edbeh odohr\u00e1va v galaktickom meradle.<\/p>\n<p><span class=\"bb_img_ctn\"><img decoding=\"async\" class=\"bb_img\" src=\"https:\/\/shared.akamai.steamstatic.com\/store_item_assets\/steam\/apps\/1840080\/extras\/8e7fef1557a75c60f24fa48566511162.avif?t=1754416598\" width=615 height=90 \/><\/span><\/p>\n<p>Strategick\u00e1 sloboda je na va\u0161ej strane. Obrovsk\u00e9 vesm\u00edrne vraky naz\u00fdvan\u00e9 megality prin\u00e1\u0161aj\u00fa 3D ter\u00e9n do klasick\u00e9ho bojov\u00e9ho priestoru Homeworld. Vyu\u017eite rozpadaj\u00face sa pozostatky starovekej civiliz\u00e1cie, aby ste nal\u00e1kali nepriate\u013eov do brilantnej pasce alebo skryli svoju flotilu pred mocn\u00fdmi nepriate\u013emi. Pevnosti s\u00fa pln\u00e9 hroziv\u00fdch ve\u017e\u00ed a l\u00e1kaj\u00fa va\u0161e \u00fato\u010dn\u00e9 lietadl\u00e1 do nebezpe\u010dn\u00fdch z\u00e1kopov hlboko za nepriate\u013esk\u00fdmi l\u00edniami. Ale nie v\u0161etko m\u00e1te pod kontrolou. Nebezpe\u010dn\u00e9 vesm\u00edrne javy, ako s\u00fa \u010dastice b\u00farok a asteroidov\u00e9 polia, otestuj\u00fa aj sk\u00fasen\u00fdch velite\u013eov.<\/p>\n<p><span class=\"bb_img_ctn\"><video class=\"bb_img\" autoplay muted loop playsinline poster=\"https:\/\/shared.akamai.steamstatic.com\/store_item_assets\/steam\/apps\/1840080\/extras\/ac5c3081a32c84a8de1bf2065b029496.poster.avif?t=1754416598\" width=600 height=200 ><source src=\"https:\/\/shared.akamai.steamstatic.com\/store_item_assets\/steam\/apps\/1840080\/extras\/ac5c3081a32c84a8de1bf2065b029496.webm?t=1754416598\" type=\"video\/webm; codecs=vp9\"><source src=\"https:\/\/shared.akamai.steamstatic.com\/store_item_assets\/steam\/apps\/1840080\/extras\/ac5c3081a32c84a8de1bf2065b029496.mp4?t=1754416598\" type=\"video\/mp4\"><\/video><\/span><\/p>\n<p>\u00dato\u010dte \u010delom, s chytr\u00fdm obchvatom alebo dokonca zhora a zdola na svojich nepriate\u013eov. Plne simulovan\u00e1 balistika v Homeworld 3 rob\u00ed z l\u00ednie poh\u013eadu a krytia kritick\u00e9 strategick\u00e9 faktory. Va\u0161a flotila pretrv\u00e1va z misie do misie. Jazyky na va\u0161ich lodiach pretrv\u00e1vaj\u00fa. Piloti \u00fato\u010dn\u00fdch lietadiel a kapit\u00e1ni hlavn\u00fdch lod\u00ed si vymie\u0148aj\u00fa d\u00f4le\u017eit\u00e9 inform\u00e1cie prostredn\u00edctvom komunik\u00e1cie na bojisku. Nad\u010dasov\u00fd<\/p>\n<p><span class=\"bb_img_ctn\"><img decoding=\"async\" class=\"bb_img\" src=\"https:\/\/shared.akamai.steamstatic.com\/store_item_assets\/steam\/apps\/1840080\/extras\/9b27c3bf12d9464f3a4455bb3d96497f.avif?t=1754416598\" width=615 height=90 \/><\/span><\/p>\n<p><span class=\"bb_img_ctn\"><video class=\"bb_img\" autoplay muted loop playsinline poster=\"https:\/\/shared.akamai.steamstatic.com\/store_item_assets\/steam\/apps\/1840080\/extras\/79700b33500bb0e6acd272b6e2959716.poster.avif?t=1754416598\" width=600 height=200 ><source src=\"https:\/\/shared.akamai.steamstatic.com\/store_item_assets\/steam\/apps\/1840080\/extras\/79700b33500bb0e6acd272b6e2959716.webm?t=1754416598\" type=\"video\/webm; codecs=vp9\"><source src=\"https:\/\/shared.akamai.steamstatic.com\/store_item_assets\/steam\/apps\/1840080\/extras\/79700b33500bb0e6acd272b6e2959716.mp4?t=1754416598\" type=\"video\/mp4\"><\/video><\/span><\/p>\n<p>umeleck\u00fd \u0161t\u00fdl Homeworld sa vyv\u00edja s modernou technol\u00f3giou a pon\u00faka neuverite\u013en\u00fd pocit ve\u013ekosti, de\u0161trukcie a \u00fa\u017easu. \u00dadern\u00e9 lietadl\u00e1 lietaj\u00fa v form\u00e1cii medzi mohutn\u00fdmi bojov\u00fdmi kr\u00ed\u017enikmi na pozad\u00ed hviezd a hmlov\u00edn. Kultov\u00e9 lode vrhaj\u00fa siluety na pozostatky starovek\u00fdch civiliz\u00e1ci\u00ed. Expl\u00f3zie sa \u0161\u00edria a vybuchuj\u00fa po trupoch lod\u00ed, ke\u010f jedna flotila bojuje o v\u00ed\u0165azstvo nad druhou. Pr\u00edbeh<\/p>\n<p><span class=\"bb_img_ctn\"><img decoding=\"async\" class=\"bb_img\" src=\"https:\/\/shared.akamai.steamstatic.com\/store_item_assets\/steam\/apps\/1840080\/extras\/6c303052af09472fd6de2c2e4a19a0df.avif?t=1754416598\" width=615 height=90 \/><\/span><\/p>\n<p><span class=\"bb_img_ctn\"><video class=\"bb_img\" autoplay muted loop playsinline poster=\"https:\/\/shared.akamai.steamstatic.com\/store_item_assets\/steam\/apps\/1840080\/extras\/cd6d6e22125a99c93f6f65aed3328808.poster.avif?t=1754416598\" width=600 height=200 ><source src=\"https:\/\/shared.akamai.steamstatic.com\/store_item_assets\/steam\/apps\/1840080\/extras\/cd6d6e22125a99c93f6f65aed3328808.webm?t=1754416598\" type=\"video\/webm; codecs=vp9\"><source src=\"https:\/\/shared.akamai.steamstatic.com\/store_item_assets\/steam\/apps\/1840080\/extras\/cd6d6e22125a99c93f6f65aed3328808.mp4?t=1754416598\" type=\"video\/mp4\"><\/video><\/span><\/p>\n<p>hry Homeworld, ktor\u00e1 vyhrala ocenenie hra roka, pokra\u010duje. Od konca hry Homeworld 2 si galaxia u\u017e\u00edvala vek hojnosti v\u010faka sieti hyperpriestorov\u00fdch br\u00e1n. Cyklus hojnosti a vojny pri\u0161iel a odi\u0161iel. Teraz br\u00e1ny samotn\u00e9 katastroficky zlyh\u00e1vaj\u00fa a Karan, ktor\u00fd sa stal m\u00fdtom a n\u00e1bo\u017eensk\u00fdm idolom, je k\u013e\u00fa\u010dom k tajomstvu ohrozuj\u00facemu bud\u00facnos\u0165 galaxie.<\/p>\n<p><span class=\"bb_img_ctn\"><img decoding=\"async\" class=\"bb_img\" src=\"https:\/\/shared.akamai.steamstatic.com\/store_item_assets\/steam\/apps\/1840080\/extras\/140f7436469430f96943e68d1bd33922.avif?t=1754416598\" width=615 height=90 \/><\/span><\/p>\n<p><span class=\"bb_img_ctn\"><video class=\"bb_img\" autoplay muted loop playsinline poster=\"https:\/\/shared.akamai.steamstatic.com\/store_item_assets\/steam\/apps\/1840080\/extras\/9cc9dcae0a3893a20efa2aad866bcbe0.poster.avif?t=1754416598\" width=600 height=200 ><source src=\"https:\/\/shared.akamai.steamstatic.com\/store_item_assets\/steam\/apps\/1840080\/extras\/9cc9dcae0a3893a20efa2aad866bcbe0.webm?t=1754416598\" type=\"video\/webm; codecs=vp9\"><source src=\"https:\/\/shared.akamai.steamstatic.com\/store_item_assets\/steam\/apps\/1840080\/extras\/9cc9dcae0a3893a20efa2aad866bcbe0.mp4?t=1754416598\" type=\"video\/mp4\"><\/video><\/span><\/p>\n<p>War Games, \u00faplne nov\u00fd kooperat\u00edvny re\u017eim pre troch hr\u00e1\u010dov, roz\u0161iruje va\u0161u hru nad r\u00e1mec kampane. Spojen\u00edm RTS hrate\u013enosti Homeworld s in\u0161pir\u00e1ciou roguelike, velitelia \u010delia n\u00e1hodnej s\u00e9rii v\u00fdziev v boji flot\u00edl. Z\u00edskajte mocn\u00e9 artefakty, ktor\u00e9 zv\u00fd\u0161ia v\u00fdkon, r\u00fdchlos\u0165 a samozrejme v\u00fdzbroj va\u0161ich lod\u00ed. Na z\u00e1klade va\u0161ich v\u00fdsledkov odomknete nov\u00e9 flotily, ktor\u00e9 o\u017eivia va\u0161u strat\u00e9giu.<\/p>\n<p><span class=\"bb_img_ctn\"><img decoding=\"async\" class=\"bb_img\" src=\"https:\/\/shared.akamai.steamstatic.com\/store_item_assets\/steam\/apps\/1840080\/extras\/10f6bb83c70fdb3d8834a271d791c943.avif?t=1754416598\" width=615 height=90 \/><\/span><\/p>\n<p><span class=\"bb_img_ctn\"><video class=\"bb_img\" autoplay muted loop playsinline poster=\"https:\/\/shared.akamai.steamstatic.com\/store_item_assets\/steam\/apps\/1840080\/extras\/81820f88d216685fccc5a00891ee8441.poster.avif?t=1754416598\" width=600 height=200 ><source src=\"https:\/\/shared.akamai.steamstatic.com\/store_item_assets\/steam\/apps\/1840080\/extras\/81820f88d216685fccc5a00891ee8441.webm?t=1754416598\" type=\"video\/webm; codecs=vp9\"><source src=\"https:\/\/shared.akamai.steamstatic.com\/store_item_assets\/steam\/apps\/1840080\/extras\/81820f88d216685fccc5a00891ee8441.mp4?t=1754416598\" type=\"video\/mp4\"><\/video><\/span><\/p>\n<p>Va\u0161a taktick\u00e1 zru\u010dnos\u0165 bude nakoniec otestovan\u00e1 v boji proti \u013eudsk\u00fdm protivn\u00edkom. Naostrite svoje in\u0161tinkty v s\u00fabojoch s umelou inteligenciou, ne\u017e sa postav\u00edte proti \u013eudsk\u00fdm protivn\u00edkom v bojoch 1v1, vo\u013en\u00fdch bojoch alebo t\u00edmov\u00fdch bojoch.<\/p>\n<p><span class=\"bb_img_ctn\"><img decoding=\"async\" class=\"bb_img\" src=\"https:\/\/shared.akamai.steamstatic.com\/store_item_assets\/steam\/apps\/1840080\/extras\/3b512257012f4a65b8d636a45bf67aab.avif?t=1754416598\" width=615 height=90 \/><\/span><\/p>\n<p>Modifik\u00e1cie umo\u017e\u0148uj\u00fa hr\u00e1\u010dom vytv\u00e1ra\u0165 vlastn\u00fd obsah pre Homeworld 3 a zdie\u013ea\u0165 ho s hr\u00e1\u010dmi po celom svete. Od prestavby m\u00e1p s megalitmi a\u017e po vylep\u0161ovanie lod\u00ed, editor hry Unreal m\u00e1te na dosah ruky. Ak nie je priama tvorba va\u0161ou silnou str\u00e1nkou, vychutnajte si kreativitu komunity stiahnut\u00edm modifik\u00e1ci\u00ed bez probl\u00e9mov prostredn\u00edctvom integr\u00e1cie mod.io v hre.<\/p>\n","protected":false},"excerpt":{"rendered":"<p>Taktick\u00e1, kr\u00e1sna a \u00faplne jedine\u010dn\u00e1 sci-fi RTS, ktor\u00e1 z\u00edskala ocenenie GOTY, sa vracia s Homeworld 3. Prevezmite kontrolu a bojujte vo flotile v oslnivom, plne 3D vesm\u00edre, zatia\u013e \u010do sa ocenen\u00fd pr\u00edbeh odohr\u00e1va v galaktickom meradle.<\/p>\n","protected":false},"featured_media":74002,"comment_status":"open","ping_status":"closed","template":"","meta":{"_acf_changed":false},"product_brand":[],"product_cat":[268,266,314,312,318],"product_tag":[],"class_list":{"0":"post-99170","1":"product","2":"type-product","3":"status-publish","4":"has-post-thumbnail","6":"product_cat-pc-sk","7":"product_cat-pc-hry-sk","8":"product_cat-simulatory-pc-hry-sk","9":"product_cat-steam-pc-sk","10":"product_cat-strategie-pc-hry-sk","11":"pa_audio-en-us","13":"pa_countries-ad","14":"pa_countries-ae","15":"pa_countries-af","16":"pa_countries-ag","17":"pa_countries-ai","18":"pa_countries-al","19":"pa_countries-am","20":"pa_countries-ao","21":"pa_countries-aq","22":"pa_countries-ar","23":"pa_countries-as","24":"pa_countries-at","25":"pa_countries-au","26":"pa_countries-aw","27":"pa_countries-ax","28":"pa_countries-az","29":"pa_countries-ba","30":"pa_countries-bb","31":"pa_countries-bd","32":"pa_countries-be","33":"pa_countries-bf","34":"pa_countries-bg","35":"pa_countries-bh","36":"pa_countries-bi","37":"pa_countries-bj","38":"pa_countries-bl","39":"pa_countries-bm","40":"pa_countries-bn","41":"pa_countries-bo","42":"pa_countries-bq","43":"pa_countries-br","44":"pa_countries-bs","45":"pa_countries-bt","46":"pa_countries-bv","47":"pa_countries-bw","48":"pa_countries-bz","49":"pa_countries-ca","50":"pa_countries-cc","51":"pa_countries-cd","52":"pa_countries-cf","53":"pa_countries-cg","54":"pa_countries-ch","55":"pa_countries-ci","56":"pa_countries-ck","57":"pa_countries-cl","58":"pa_countries-cm","59":"pa_countries-cn","60":"pa_countries-co","61":"pa_countries-cr","62":"pa_countries-cu","63":"pa_countries-cv","64":"pa_countries-cw","65":"pa_countries-cx","66":"pa_countries-cy","67":"pa_countries-cz","68":"pa_countries-de","69":"pa_countries-dj","70":"pa_countries-dk","71":"pa_countries-dm","72":"pa_countries-do","73":"pa_countries-dz","74":"pa_countries-ec","75":"pa_countries-ee","76":"pa_countries-eg","77":"pa_countries-eh","78":"pa_countries-er","79":"pa_countries-es","80":"pa_countries-et","81":"pa_countries-fi","82":"pa_countries-fj","83":"pa_countries-fk","84":"pa_countries-fm","85":"pa_countries-fo","86":"pa_countries-fr","87":"pa_countries-ga","88":"pa_countries-gb","89":"pa_countries-gd","90":"pa_countries-ge","91":"pa_countries-gf","92":"pa_countries-gg","93":"pa_countries-gh","94":"pa_countries-gi","95":"pa_countries-gl","96":"pa_countries-gm","97":"pa_countries-gn","98":"pa_countries-gp","99":"pa_countries-gq","100":"pa_countries-gr","101":"pa_countries-gs","102":"pa_countries-gt","103":"pa_countries-gu","104":"pa_countries-gw","105":"pa_countries-gy","106":"pa_countries-hk","107":"pa_countries-hm","108":"pa_countries-hn","109":"pa_countries-hr","110":"pa_countries-ht","111":"pa_countries-hu","112":"pa_countries-id","113":"pa_countries-ie","114":"pa_countries-il","115":"pa_countries-im","116":"pa_countries-in","117":"pa_countries-io","118":"pa_countries-iq","119":"pa_countries-ir","120":"pa_countries-is","121":"pa_countries-it","122":"pa_countries-je","123":"pa_countries-jm","124":"pa_countries-jo","125":"pa_countries-jp","126":"pa_countries-ke","127":"pa_countries-kg","128":"pa_countries-kh","129":"pa_countries-ki","130":"pa_countries-km","131":"pa_countries-kn","132":"pa_countries-kp","133":"pa_countries-kr","134":"pa_countries-kw","135":"pa_countries-ky","136":"pa_countries-kz","137":"pa_countries-la","138":"pa_countries-lb","139":"pa_countries-lc","140":"pa_countries-li","141":"pa_countries-lk","142":"pa_countries-lr","143":"pa_countries-ls","144":"pa_countries-lt","145":"pa_countries-lu","146":"pa_countries-lv","147":"pa_countries-ly","148":"pa_countries-ma","149":"pa_countries-mc","150":"pa_countries-md","151":"pa_countries-me","152":"pa_countries-mf","153":"pa_countries-mg","154":"pa_countries-mh","155":"pa_countries-mk","156":"pa_countries-ml","157":"pa_countries-mm","158":"pa_countries-mn","159":"pa_countries-mo","160":"pa_countries-mp","161":"pa_countries-mq","162":"pa_countries-mr","163":"pa_countries-ms","164":"pa_countries-mt","165":"pa_countries-mu","166":"pa_countries-mv","167":"pa_countries-mw","168":"pa_countries-mx","169":"pa_countries-my","170":"pa_countries-mz","171":"pa_countries-na","172":"pa_countries-nc","173":"pa_countries-ne","174":"pa_countries-nf","175":"pa_countries-ng","176":"pa_countries-ni","177":"pa_countries-nl","178":"pa_countries-no","179":"pa_countries-np","180":"pa_countries-nr","181":"pa_countries-nu","182":"pa_countries-nz","183":"pa_countries-om","184":"pa_countries-pa","185":"pa_countries-pe","186":"pa_countries-pf","187":"pa_countries-pg","188":"pa_countries-ph","189":"pa_countries-pk","190":"pa_countries-pl","191":"pa_countries-pm","192":"pa_countries-pn","193":"pa_countries-pr","194":"pa_countries-ps","195":"pa_countries-pt","196":"pa_countries-pw","197":"pa_countries-py","198":"pa_countries-qa","199":"pa_countries-re","200":"pa_countries-ro","201":"pa_countries-rs","202":"pa_countries-rw","203":"pa_countries-sa","204":"pa_countries-sb","205":"pa_countries-sc","206":"pa_countries-sd","207":"pa_countries-se","208":"pa_countries-sg","209":"pa_countries-sh","210":"pa_countries-si","211":"pa_countries-sj","212":"pa_countries-sk","213":"pa_countries-sl","214":"pa_countries-sm","215":"pa_countries-sn","216":"pa_countries-so","217":"pa_countries-sr","218":"pa_countries-ss","220":"pa_countries-st","221":"pa_countries-sv","222":"pa_countries-sx","223":"pa_countries-sy","224":"pa_countries-sz","225":"pa_countries-tc","226":"pa_countries-td","227":"pa_countries-tf","228":"pa_countries-tg","229":"pa_countries-th","230":"pa_countries-tj","231":"pa_countries-tk","232":"pa_countries-tl","233":"pa_countries-tm","234":"pa_countries-tn","235":"pa_countries-to","236":"pa_countries-tr","237":"pa_countries-tt","238":"pa_countries-tv","239":"pa_countries-tw","240":"pa_countries-tz","241":"pa_countries-ua","242":"pa_countries-ug","243":"pa_countries-um","244":"pa_countries-us","245":"pa_countries-uy","246":"pa_countries-uz","247":"pa_countries-va","248":"pa_countries-vc","249":"pa_countries-ve","250":"pa_countries-vg","251":"pa_countries-vi","252":"pa_countries-vn","253":"pa_countries-vu","254":"pa_countries-wf","255":"pa_countries-ws","256":"pa_countries-xk","257":"pa_countries-ye","258":"pa_countries-yt","259":"pa_countries-za","260":"pa_countries-zm","261":"pa_countries-zw","262":"pa_developer-blackbird-interactive-2","263":"pa_developer-blackbird-interactive","264":"pa_engine-unreal-engine-4","266":"pa_game_type-main_game","268":"pa_genres-real-time-strategy-rts","270":"pa_genres-simulator","271":"pa_genres-strategy","272":"pa_interface-de-de","273":"pa_interface-en-us","274":"pa_interface-es-es","275":"pa_interface-fr-fr","276":"pa_interface-it-it","277":"pa_interface-ja-jp","278":"pa_interface-ko-kr","279":"pa_interface-pl-pl","280":"pa_interface-pt-br","281":"pa_interface-ru-ru","283":"pa_interface-zh-cn","284":"pa_interface-zh-tw","285":"pa_keywords-competitive","286":"pa_keywords-female-protagonist","288":"pa_keywords-space","289":"pa_keywords-story-rich","290":"pa_modes-co-operative","291":"pa_modes-multiplayer","293":"pa_modes-single-player","294":"pa_pegi-13424","295":"pa_pegi-772","296":"pa_platform-pc-steam","298":"pa_player_perspectives-bird-view-isometric","300":"pa_player_perspectives-third-person","301":"pa_publisher-gearbox-publishing","303":"pa_rating-14467","304":"pa_rating-1028","305":"pa_region-global","307":"pa_subtitles-de-de","309":"pa_subtitles-en-us","310":"pa_subtitles-es-es","311":"pa_subtitles-fr-fr","312":"pa_subtitles-it-it","313":"pa_subtitles-ja-jp","314":"pa_subtitles-ko-kr","315":"pa_subtitles-pl-pl","316":"pa_subtitles-pt-br","317":"pa_subtitles-ru-ru","318":"pa_subtitles-zh-cn","319":"pa_subtitles-zh-tw","320":"pa_themes-science-fiction","321":"pa_themes-warfare","324":"first","325":"instock","326":"virtual","327":"taxable","328":"purchasable","329":"product-type-simple"},"yoast_head":"<!-- This site is optimized with the Yoast SEO plugin v27.4 - https:\/\/yoast.com\/product\/yoast-seo-wordpress\/ -->\n<title>Homeworld 3 | BeGamer.cz<\/title>\n<meta name=\"robots\" content=\"index, follow, max-snippet:-1, max-image-preview:large, max-video-preview:-1\" \/>\n<link rel=\"canonical\" href=\"https:\/\/begamer.cz\/sk\/produkt\/homeworld-3-sk\/\" \/>\n<meta property=\"og:locale\" content=\"sk_SK\" \/>\n<meta property=\"og:type\" content=\"article\" \/>\n<meta property=\"og:title\" content=\"Homeworld 3 | BeGamer.cz\" \/>\n<meta property=\"og:description\" content=\"Taktick\u00e1, kr\u00e1sna a \u00faplne jedine\u010dn\u00e1 sci-fi RTS, ktor\u00e1 z\u00edskala ocenenie GOTY, sa vracia s Homeworld 3. Prevezmite kontrolu a bojujte vo flotile v oslnivom, plne 3D vesm\u00edre, zatia\u013e \u010do sa ocenen\u00fd pr\u00edbeh odohr\u00e1va v galaktickom meradle.\" \/>\n<meta property=\"og:url\" content=\"https:\/\/begamer.cz\/sk\/produkt\/homeworld-3-sk\/\" \/>\n<meta property=\"og:site_name\" content=\"BeGamer.cz\" \/>\n<meta property=\"article:modified_time\" content=\"2026-03-10T21:24:41+00:00\" \/>\n<meta property=\"og:image\" content=\"https:\/\/begamer.cz\/wp-content\/uploads\/2026\/01\/homeworld-3-6.webp\" \/>\n\t<meta property=\"og:image:width\" content=\"300\" \/>\n\t<meta property=\"og:image:height\" content=\"400\" \/>\n\t<meta property=\"og:image:type\" content=\"image\/webp\" \/>\n<meta name=\"twitter:card\" content=\"summary_large_image\" \/>\n<meta name=\"twitter:label1\" content=\"Predpokladan\u00fd \u010das \u010d\u00edtania\" \/>\n\t<meta name=\"twitter:data1\" content=\"3 min\u00faty\" \/>\n<script type=\"application\/ld+json\" class=\"yoast-schema-graph\">{\"@context\":\"https:\\\/\\\/schema.org\",\"@graph\":[{\"@type\":\"WebPage\",\"@id\":\"https:\\\/\\\/begamer.cz\\\/sk\\\/produkt\\\/homeworld-3-sk\\\/\",\"url\":\"https:\\\/\\\/begamer.cz\\\/sk\\\/produkt\\\/homeworld-3-sk\\\/\",\"name\":\"Homeworld 3 | BeGamer.cz\",\"isPartOf\":{\"@id\":\"https:\\\/\\\/begamer.cz\\\/sk\\\/#website\"},\"primaryImageOfPage\":{\"@id\":\"https:\\\/\\\/begamer.cz\\\/sk\\\/produkt\\\/homeworld-3-sk\\\/#primaryimage\"},\"image\":{\"@id\":\"https:\\\/\\\/begamer.cz\\\/sk\\\/produkt\\\/homeworld-3-sk\\\/#primaryimage\"},\"thumbnailUrl\":\"https:\\\/\\\/begamer.cz\\\/wp-content\\\/uploads\\\/2026\\\/01\\\/homeworld-3-6.webp\",\"datePublished\":\"2026-01-30T16:39:20+00:00\",\"dateModified\":\"2026-03-10T21:24:41+00:00\",\"breadcrumb\":{\"@id\":\"https:\\\/\\\/begamer.cz\\\/sk\\\/produkt\\\/homeworld-3-sk\\\/#breadcrumb\"},\"inLanguage\":\"sk-SK\",\"potentialAction\":[{\"@type\":\"ReadAction\",\"target\":[\"https:\\\/\\\/begamer.cz\\\/sk\\\/produkt\\\/homeworld-3-sk\\\/\"]}]},{\"@type\":\"ImageObject\",\"inLanguage\":\"sk-SK\",\"@id\":\"https:\\\/\\\/begamer.cz\\\/sk\\\/produkt\\\/homeworld-3-sk\\\/#primaryimage\",\"url\":\"https:\\\/\\\/begamer.cz\\\/wp-content\\\/uploads\\\/2026\\\/01\\\/homeworld-3-6.webp\",\"contentUrl\":\"https:\\\/\\\/begamer.cz\\\/wp-content\\\/uploads\\\/2026\\\/01\\\/homeworld-3-6.webp\",\"width\":300,\"height\":400},{\"@type\":\"BreadcrumbList\",\"@id\":\"https:\\\/\\\/begamer.cz\\\/sk\\\/produkt\\\/homeworld-3-sk\\\/#breadcrumb\",\"itemListElement\":[{\"@type\":\"ListItem\",\"position\":1,\"name\":\"Domov\",\"item\":\"https:\\\/\\\/begamer.cz\\\/sk\\\/\"},{\"@type\":\"ListItem\",\"position\":2,\"name\":\"Obchod\",\"item\":\"https:\\\/\\\/begamer.cz\\\/obchod\\\/\"},{\"@type\":\"ListItem\",\"position\":3,\"name\":\"Homeworld 3\"}]},{\"@type\":\"WebSite\",\"@id\":\"https:\\\/\\\/begamer.cz\\\/sk\\\/#website\",\"url\":\"https:\\\/\\\/begamer.cz\\\/sk\\\/\",\"name\":\"BeGamer.cz\",\"description\":\"\",\"publisher\":{\"@id\":\"https:\\\/\\\/begamer.cz\\\/sk\\\/#organization\"},\"potentialAction\":[{\"@type\":\"SearchAction\",\"target\":{\"@type\":\"EntryPoint\",\"urlTemplate\":\"https:\\\/\\\/begamer.cz\\\/sk\\\/?s={search_term_string}\"},\"query-input\":{\"@type\":\"PropertyValueSpecification\",\"valueRequired\":true,\"valueName\":\"search_term_string\"}}],\"inLanguage\":\"sk-SK\"},{\"@type\":\"Organization\",\"@id\":\"https:\\\/\\\/begamer.cz\\\/sk\\\/#organization\",\"name\":\"BeGamer.cz\",\"url\":\"https:\\\/\\\/begamer.cz\\\/sk\\\/\",\"logo\":{\"@type\":\"ImageObject\",\"inLanguage\":\"sk-SK\",\"@id\":\"https:\\\/\\\/begamer.cz\\\/sk\\\/#\\\/schema\\\/logo\\\/image\\\/\",\"url\":\"https:\\\/\\\/begamer.cz\\\/wp-content\\\/uploads\\\/2025\\\/07\\\/logo.svg\",\"contentUrl\":\"https:\\\/\\\/begamer.cz\\\/wp-content\\\/uploads\\\/2025\\\/07\\\/logo.svg\",\"caption\":\"BeGamer.cz\"},\"image\":{\"@id\":\"https:\\\/\\\/begamer.cz\\\/sk\\\/#\\\/schema\\\/logo\\\/image\\\/\"}}]}<\/script>\n<!-- \/ Yoast SEO plugin. -->","yoast_head_json":{"title":"Homeworld 3 | BeGamer.cz","robots":{"index":"index","follow":"follow","max-snippet":"max-snippet:-1","max-image-preview":"max-image-preview:large","max-video-preview":"max-video-preview:-1"},"canonical":"https:\/\/begamer.cz\/sk\/produkt\/homeworld-3-sk\/","og_locale":"sk_SK","og_type":"article","og_title":"Homeworld 3 | BeGamer.cz","og_description":"Taktick\u00e1, kr\u00e1sna a \u00faplne jedine\u010dn\u00e1 sci-fi RTS, ktor\u00e1 z\u00edskala ocenenie GOTY, sa vracia s Homeworld 3. Prevezmite kontrolu a bojujte vo flotile v oslnivom, plne 3D vesm\u00edre, zatia\u013e \u010do sa ocenen\u00fd pr\u00edbeh odohr\u00e1va v galaktickom meradle.","og_url":"https:\/\/begamer.cz\/sk\/produkt\/homeworld-3-sk\/","og_site_name":"BeGamer.cz","article_modified_time":"2026-03-10T21:24:41+00:00","og_image":[{"width":300,"height":400,"url":"https:\/\/begamer.cz\/wp-content\/uploads\/2026\/01\/homeworld-3-6.webp","type":"image\/webp"}],"twitter_card":"summary_large_image","twitter_misc":{"Predpokladan\u00fd \u010das \u010d\u00edtania":"3 min\u00faty"},"schema":{"@context":"https:\/\/schema.org","@graph":[{"@type":"WebPage","@id":"https:\/\/begamer.cz\/sk\/produkt\/homeworld-3-sk\/","url":"https:\/\/begamer.cz\/sk\/produkt\/homeworld-3-sk\/","name":"Homeworld 3 | BeGamer.cz","isPartOf":{"@id":"https:\/\/begamer.cz\/sk\/#website"},"primaryImageOfPage":{"@id":"https:\/\/begamer.cz\/sk\/produkt\/homeworld-3-sk\/#primaryimage"},"image":{"@id":"https:\/\/begamer.cz\/sk\/produkt\/homeworld-3-sk\/#primaryimage"},"thumbnailUrl":"https:\/\/begamer.cz\/wp-content\/uploads\/2026\/01\/homeworld-3-6.webp","datePublished":"2026-01-30T16:39:20+00:00","dateModified":"2026-03-10T21:24:41+00:00","breadcrumb":{"@id":"https:\/\/begamer.cz\/sk\/produkt\/homeworld-3-sk\/#breadcrumb"},"inLanguage":"sk-SK","potentialAction":[{"@type":"ReadAction","target":["https:\/\/begamer.cz\/sk\/produkt\/homeworld-3-sk\/"]}]},{"@type":"ImageObject","inLanguage":"sk-SK","@id":"https:\/\/begamer.cz\/sk\/produkt\/homeworld-3-sk\/#primaryimage","url":"https:\/\/begamer.cz\/wp-content\/uploads\/2026\/01\/homeworld-3-6.webp","contentUrl":"https:\/\/begamer.cz\/wp-content\/uploads\/2026\/01\/homeworld-3-6.webp","width":300,"height":400},{"@type":"BreadcrumbList","@id":"https:\/\/begamer.cz\/sk\/produkt\/homeworld-3-sk\/#breadcrumb","itemListElement":[{"@type":"ListItem","position":1,"name":"Domov","item":"https:\/\/begamer.cz\/sk\/"},{"@type":"ListItem","position":2,"name":"Obchod","item":"https:\/\/begamer.cz\/obchod\/"},{"@type":"ListItem","position":3,"name":"Homeworld 3"}]},{"@type":"WebSite","@id":"https:\/\/begamer.cz\/sk\/#website","url":"https:\/\/begamer.cz\/sk\/","name":"BeGamer.cz","description":"","publisher":{"@id":"https:\/\/begamer.cz\/sk\/#organization"},"potentialAction":[{"@type":"SearchAction","target":{"@type":"EntryPoint","urlTemplate":"https:\/\/begamer.cz\/sk\/?s={search_term_string}"},"query-input":{"@type":"PropertyValueSpecification","valueRequired":true,"valueName":"search_term_string"}}],"inLanguage":"sk-SK"},{"@type":"Organization","@id":"https:\/\/begamer.cz\/sk\/#organization","name":"BeGamer.cz","url":"https:\/\/begamer.cz\/sk\/","logo":{"@type":"ImageObject","inLanguage":"sk-SK","@id":"https:\/\/begamer.cz\/sk\/#\/schema\/logo\/image\/","url":"https:\/\/begamer.cz\/wp-content\/uploads\/2025\/07\/logo.svg","contentUrl":"https:\/\/begamer.cz\/wp-content\/uploads\/2025\/07\/logo.svg","caption":"BeGamer.cz"},"image":{"@id":"https:\/\/begamer.cz\/sk\/#\/schema\/logo\/image\/"}}]}},"acf":[],"_links":{"self":[{"href":"https:\/\/begamer.cz\/sk\/wp-json\/wp\/v2\/product\/99170","targetHints":{"allow":["GET"]}}],"collection":[{"href":"https:\/\/begamer.cz\/sk\/wp-json\/wp\/v2\/product"}],"about":[{"href":"https:\/\/begamer.cz\/sk\/wp-json\/wp\/v2\/types\/product"}],"replies":[{"embeddable":true,"href":"https:\/\/begamer.cz\/sk\/wp-json\/wp\/v2\/comments?post=99170"}],"wp:featuredmedia":[{"embeddable":true,"href":"https:\/\/begamer.cz\/sk\/wp-json\/wp\/v2\/media\/74002"}],"wp:attachment":[{"href":"https:\/\/begamer.cz\/sk\/wp-json\/wp\/v2\/media?parent=99170"}],"wp:term":[{"taxonomy":"product_brand","embeddable":true,"href":"https:\/\/begamer.cz\/sk\/wp-json\/wp\/v2\/product_brand?post=99170"},{"taxonomy":"product_cat","embeddable":true,"href":"https:\/\/begamer.cz\/sk\/wp-json\/wp\/v2\/product_cat?post=99170"},{"taxonomy":"product_tag","embeddable":true,"href":"https:\/\/begamer.cz\/sk\/wp-json\/wp\/v2\/product_tag?post=99170"}],"curies":[{"name":"wp","href":"https:\/\/api.w.org\/{rel}","templated":true}]}}