{"id":99119,"date":"2026-01-30T17:38:15","date_gmt":"2026-01-30T16:38:15","guid":{"rendered":"https:\/\/begamer.cz\/produkt\/dragons-dogma-dark-arisen-sk-1769791097\/"},"modified":"2026-03-10T22:20:49","modified_gmt":"2026-03-10T21:20:49","slug":"dragons-dogma-dark-arisen-sk-2","status":"publish","type":"product","link":"https:\/\/begamer.cz\/sk\/produkt\/dragons-dogma-dark-arisen-sk-2\/","title":{"rendered":"Dragon\u2019s Dogma: Dark Arisen"},"content":{"rendered":"<p>Hra <i><strong>Dragon\u2019s Dogma: Dark Arisen<\/strong><\/i> sa odohr\u00e1va v obrovskom otvorenom svete a pon\u00faka strhuj\u00faci ak\u010dn\u00fd bojov\u00fd z\u00e1\u017eitok. Hr\u00e1\u010di sa vyd\u00e1vaj\u00fa na epick\u00e9 dobrodru\u017estvo v bohatom, \u017eivom svete s tromi spolo\u010dn\u00edkmi s umelou inteligenciou, zn\u00e1mymi ako Pawns. T\u00edto partneri bojuj\u00fa nez\u00e1visle a preukazuj\u00fa zru\u010dnosti a schopnosti, ktor\u00e9 si osvojili na z\u00e1klade vlastnost\u00ed nau\u010den\u00fdch od ka\u017ed\u00e9ho hr\u00e1\u010da. Pou\u017e\u00edvatelia PC m\u00f4\u017eu zdie\u013ea\u0165 t\u00fdchto Pawns online a z\u00edska\u0165 odmeny v podobe pokladov, tipov a strategick\u00fdch r\u00e1d na porazenie desiv\u00fdch nepriate\u013eov. Pawns si tie\u017e m\u00f4\u017eete po\u017ei\u010da\u0165, ak potrebujete \u0161pecifick\u00e9 zru\u010dnosti na splnenie r\u00f4znych n\u00e1ro\u010dn\u00fdch \u00faloh.<\/p>\n<h2 class=\"bb_tag\" >Funkcie<\/h2>\n<ul class=\"bb_ul\">\n<li><strong>Dynamick\u00fd bojov\u00fd z\u00e1\u017eitok <\/strong>\u2013 Odseknite \u0161tyri hlavy Hydry, vyliezajte na griffinov a bojujte vo vzduchu alebo porazte drakov a in\u00e9 tvory t\u00fdm, \u017ee zist\u00edte ich slabiny.<\/li>\n<li><strong>Mno\u017estvo obsahu <\/strong>\u2013 Zah\u0155\u0148a v\u0161etky doteraz vydan\u00e9 DLC, bonusy za predobjedn\u00e1vku, exkluz\u00edvne bonusy od predajcov a obsah roz\u0161\u00edrenia Dark Arisen. Pon\u00faka vysoko cenen\u00fd bojov\u00fd z\u00e1\u017eitok a bohat\u00e9 mo\u017enosti prisp\u00f4sobenia, plus obrovsk\u00e9 podzemn\u00e9 kr\u00e1\u013eovstvo, ktor\u00e9 m\u00f4\u017eete presk\u00fama\u0165 s desiv\u00fdmi mon\u0161trami.<\/li>\n<li><strong>Mno\u017estvo mo\u017enost\u00ed prisp\u00f4sobenia<\/strong> \u2013 Dev\u00e4\u0165 r\u00f4znych povolan\u00ed, z ktor\u00fdch si hr\u00e1\u010di m\u00f4\u017eu vybra\u0165, s r\u00f4znymi mo\u017enos\u0165ami zru\u010dnost\u00ed pre ka\u017ed\u00e9 z nich, brnen\u00edm, ktor\u00e9 je mo\u017en\u00e9 vylep\u0161ova\u0165 a zdokona\u013eova\u0165, a spolo\u010dn\u00edkmi Pawn, ktor\u00fdch je mo\u017en\u00e9 tr\u00e9nova\u0165 tak, aby vyhovovali v\u00e1\u0161mu po\u017eadovan\u00e9mu bojov\u00e9mu \u0161t\u00fdlu.<\/li>\n<li><strong>Ohromuj\u00faca grafika <\/strong>\u2013 Kr\u00e1sna grafika s vysok\u00fdm rozl\u00ed\u0161en\u00edm a zv\u00fd\u0161enou vernos\u0165ou.<\/li>\n<li><strong>Pln\u00e1 podpora platformy Steam<\/strong> \u2013 zah\u0155\u0148a \u00faspechy Steam, ukladanie do Steam Cloud, zberate\u013esk\u00e9 karty, rebr\u00ed\u010dky a podporu re\u017eimu Big Picture.<\/li>\n<li><strong>Roz\u0161\u00edren\u00e1 podpora ovl\u00e1da\u010dov<\/strong> \u2013 Okrem podpory tradi\u010dn\u00e9ho ovl\u00e1dania pomocou kl\u00e1vesnice a my\u0161i hra nat\u00edvne podporuje Xbox 360, Xbox One, Steam Controller a \u010fal\u0161ie hern\u00e9 ovl\u00e1da\u010de zalo\u017een\u00e9 na DirectInput, ako je ovl\u00e1da\u010d DualShock.<\/li>\n<li><strong>Nov\u00e9 \u00faspechy <\/strong> \u2013 9 \u00faplne nov\u00fdch \u00faspechov pre nov\u00fdch aj star\u00fdch fan\u00fa\u0161ikov Dragon\u2019s Dogma!  Pripravte sa ponori\u0165 sa hlboko do Bitterblack Isle&#8230;<\/li>\n<\/ul>\n","protected":false},"excerpt":{"rendered":"<p>Presk\u00famajte rozsiahly otvoren\u00fd svet v hre Dragon&#x27;s Dogma: Dark Arisen. Bojujte s m\u00fdtick\u00fdmi tvormi, prisp\u00f4sobte si svoju postavu a naj\u00edmajte spolo\u010dn\u00edkov s umelou inteligenciou naz\u00fdvan\u00fdch Pawns. T\u00e1to vylep\u0161en\u00e1 ed\u00edcia obsahuje nov\u00e9 oblasti, nepriate\u013eov a \u00falohy, ktor\u00e9 v\u00e1m poskytn\u00fa epick\u00fd ak\u010dn\u00fd RPG z\u00e1\u017eitok s hlbok\u00fdm bojom a prieskumom.<\/p>\n","protected":false},"featured_media":29746,"comment_status":"open","ping_status":"closed","template":"","meta":{"_acf_changed":false},"product_brand":[],"product_cat":[270,268,266,308,312],"product_tag":[],"class_list":{"0":"post-99119","1":"product","2":"type-product","3":"status-publish","4":"has-post-thumbnail","6":"product_cat-adventury-pc-hry-sk","7":"product_cat-pc-sk","8":"product_cat-pc-hry-sk","9":"product_cat-rpg-pc-hry-sk","10":"product_cat-steam-pc-sk","11":"pa_audio-en-us","13":"pa_countries-ad","14":"pa_countries-ae","15":"pa_countries-af","16":"pa_countries-ag","17":"pa_countries-ai","18":"pa_countries-al","19":"pa_countries-am","20":"pa_countries-ao","21":"pa_countries-aq","22":"pa_countries-ar","23":"pa_countries-as","24":"pa_countries-at","25":"pa_countries-au","26":"pa_countries-aw","27":"pa_countries-ax","28":"pa_countries-az","29":"pa_countries-ba","30":"pa_countries-bb","31":"pa_countries-bd","32":"pa_countries-be","33":"pa_countries-bf","34":"pa_countries-bg","35":"pa_countries-bh","36":"pa_countries-bi","37":"pa_countries-bj","38":"pa_countries-bl","39":"pa_countries-bm","40":"pa_countries-bn","41":"pa_countries-bo","42":"pa_countries-bq","43":"pa_countries-br","44":"pa_countries-bs","45":"pa_countries-bt","46":"pa_countries-bv","47":"pa_countries-bw","48":"pa_countries-bz","49":"pa_countries-ca","50":"pa_countries-cc","51":"pa_countries-cd","52":"pa_countries-cf","53":"pa_countries-cg","54":"pa_countries-ch","55":"pa_countries-ci","56":"pa_countries-ck","57":"pa_countries-cl","58":"pa_countries-cm","59":"pa_countries-cn","60":"pa_countries-co","61":"pa_countries-cr","62":"pa_countries-cu","63":"pa_countries-cv","64":"pa_countries-cw","65":"pa_countries-cx","66":"pa_countries-cy","67":"pa_countries-cz","68":"pa_countries-de","69":"pa_countries-dj","70":"pa_countries-dk","71":"pa_countries-dm","72":"pa_countries-do","73":"pa_countries-dz","74":"pa_countries-ec","75":"pa_countries-ee","76":"pa_countries-eg","77":"pa_countries-eh","78":"pa_countries-er","79":"pa_countries-es","80":"pa_countries-et","81":"pa_countries-fi","82":"pa_countries-fj","83":"pa_countries-fk","84":"pa_countries-fm","85":"pa_countries-fo","86":"pa_countries-fr","87":"pa_countries-ga","88":"pa_countries-gb","89":"pa_countries-gd","90":"pa_countries-ge","91":"pa_countries-gf","92":"pa_countries-gg","93":"pa_countries-gh","94":"pa_countries-gi","95":"pa_countries-gl","96":"pa_countries-gm","97":"pa_countries-gn","98":"pa_countries-gp","99":"pa_countries-gq","100":"pa_countries-gr","101":"pa_countries-gs","102":"pa_countries-gt","103":"pa_countries-gu","104":"pa_countries-gw","105":"pa_countries-gy","106":"pa_countries-hk","107":"pa_countries-hm","108":"pa_countries-hn","109":"pa_countries-hr","110":"pa_countries-ht","111":"pa_countries-hu","112":"pa_countries-id","113":"pa_countries-ie","114":"pa_countries-il","115":"pa_countries-im","116":"pa_countries-in","117":"pa_countries-io","118":"pa_countries-iq","119":"pa_countries-ir","120":"pa_countries-is","121":"pa_countries-it","122":"pa_countries-je","123":"pa_countries-jm","124":"pa_countries-jo","125":"pa_countries-jp","126":"pa_countries-ke","127":"pa_countries-kg","128":"pa_countries-kh","129":"pa_countries-ki","130":"pa_countries-km","131":"pa_countries-kn","132":"pa_countries-kp","133":"pa_countries-kr","134":"pa_countries-kw","135":"pa_countries-ky","136":"pa_countries-kz","137":"pa_countries-la","138":"pa_countries-lb","139":"pa_countries-lc","140":"pa_countries-li","141":"pa_countries-lk","142":"pa_countries-lr","143":"pa_countries-ls","144":"pa_countries-lt","145":"pa_countries-lu","146":"pa_countries-lv","147":"pa_countries-ly","148":"pa_countries-ma","149":"pa_countries-mc","150":"pa_countries-md","151":"pa_countries-me","152":"pa_countries-mf","153":"pa_countries-mg","154":"pa_countries-mh","155":"pa_countries-mk","156":"pa_countries-ml","157":"pa_countries-mm","158":"pa_countries-mn","159":"pa_countries-mo","160":"pa_countries-mp","161":"pa_countries-mq","162":"pa_countries-mr","163":"pa_countries-ms","164":"pa_countries-mt","165":"pa_countries-mu","166":"pa_countries-mv","167":"pa_countries-mw","168":"pa_countries-mx","169":"pa_countries-my","170":"pa_countries-mz","171":"pa_countries-na","172":"pa_countries-nc","173":"pa_countries-ne","174":"pa_countries-nf","175":"pa_countries-ng","176":"pa_countries-ni","177":"pa_countries-nl","178":"pa_countries-no","179":"pa_countries-np","180":"pa_countries-nr","181":"pa_countries-nu","182":"pa_countries-nz","183":"pa_countries-om","184":"pa_countries-pa","185":"pa_countries-pe","186":"pa_countries-pf","187":"pa_countries-pg","188":"pa_countries-ph","189":"pa_countries-pk","190":"pa_countries-pl","191":"pa_countries-pm","192":"pa_countries-pn","193":"pa_countries-pr","194":"pa_countries-ps","195":"pa_countries-pt","196":"pa_countries-pw","197":"pa_countries-py","198":"pa_countries-qa","199":"pa_countries-re","200":"pa_countries-ro","201":"pa_countries-rs","202":"pa_countries-rw","203":"pa_countries-sb","204":"pa_countries-sc","205":"pa_countries-sd","206":"pa_countries-se","207":"pa_countries-sg","208":"pa_countries-sh","209":"pa_countries-si","210":"pa_countries-sj","211":"pa_countries-sk","212":"pa_countries-sl","213":"pa_countries-sm","214":"pa_countries-sn","215":"pa_countries-so","216":"pa_countries-sr","217":"pa_countries-ss","219":"pa_countries-st","220":"pa_countries-sv","221":"pa_countries-sx","222":"pa_countries-sy","223":"pa_countries-sz","224":"pa_countries-tc","225":"pa_countries-td","226":"pa_countries-tf","227":"pa_countries-tg","228":"pa_countries-th","229":"pa_countries-tj","230":"pa_countries-tk","231":"pa_countries-tl","232":"pa_countries-tm","233":"pa_countries-tn","234":"pa_countries-to","235":"pa_countries-tr","236":"pa_countries-tt","237":"pa_countries-tv","238":"pa_countries-tw","239":"pa_countries-tz","240":"pa_countries-ua","241":"pa_countries-ug","242":"pa_countries-um","243":"pa_countries-us","244":"pa_countries-uy","245":"pa_countries-uz","246":"pa_countries-va","247":"pa_countries-vc","248":"pa_countries-ve","249":"pa_countries-vg","250":"pa_countries-vi","251":"pa_countries-vn","252":"pa_countries-vu","253":"pa_countries-wf","254":"pa_countries-ws","255":"pa_countries-xk","256":"pa_countries-ye","257":"pa_countries-yt","258":"pa_countries-za","259":"pa_countries-zm","260":"pa_countries-zw","261":"pa_developer-capcom","263":"pa_engine-mt-framework","265":"pa_franchises-dragons-dogma","267":"pa_game_type-expanded_game","269":"pa_genres-adventure","270":"pa_genres-role-playing-rpg","272":"pa_interface-de-de","273":"pa_interface-en-us","274":"pa_interface-es-es","275":"pa_interface-fr-fr","276":"pa_interface-it-it","277":"pa_interface-ja-jp","279":"pa_interface-zh-cn","280":"pa_interface-zh-tw","281":"pa_keywords-a-i-companion","282":"pa_keywords-animation-canceling","283":"pa_keywords-character-customization","284":"pa_keywords-gender-exclusive-equipment","285":"pa_keywords-horse","286":"pa_keywords-medieval","287":"pa_keywords-pax-east-2013","288":"pa_keywords-playstation-plus","290":"pa_keywords-release-upgrade","291":"pa_keywords-speedrun-mode","292":"pa_keywords-sword-sorcery","293":"pa_keywords-titular-antagonist","294":"pa_modes-single-player","296":"pa_pegi-794","297":"pa_pegi-13426","298":"pa_platform-pc-steam","300":"pa_player_perspectives-third-person","302":"pa_publisher-capcom","304":"pa_rating-14450","305":"pa_rating-872","306":"pa_region-global","308":"pa_subtitles-de-de","310":"pa_subtitles-en-us","311":"pa_subtitles-es-es","312":"pa_subtitles-fr-fr","313":"pa_subtitles-it-it","314":"pa_subtitles-ja-jp","315":"pa_subtitles-zh-tw","316":"pa_themes-action","317":"pa_themes-fantasy","318":"pa_themes-historical","320":"pa_themes-open-world","322":"first","323":"outofstock","324":"virtual","325":"taxable","326":"purchasable","327":"product-type-simple"},"yoast_head":"<!-- This site is optimized with the Yoast SEO plugin v27.3 - https:\/\/yoast.com\/product\/yoast-seo-wordpress\/ -->\n<title>Dragon&#039;s Dogma: Dark Arisen | BeGamer.cz<\/title>\n<meta name=\"robots\" content=\"index, follow, max-snippet:-1, max-image-preview:large, max-video-preview:-1\" \/>\n<link rel=\"canonical\" href=\"https:\/\/begamer.cz\/sk\/produkt\/dragons-dogma-dark-arisen-sk-2\/\" \/>\n<meta property=\"og:locale\" content=\"sk_SK\" \/>\n<meta property=\"og:type\" content=\"article\" \/>\n<meta property=\"og:title\" content=\"Dragon&#039;s Dogma: Dark Arisen | BeGamer.cz\" \/>\n<meta property=\"og:description\" content=\"Presk\u00famajte rozsiahly otvoren\u00fd svet v hre Dragon&#x27;s Dogma: Dark Arisen. Bojujte s m\u00fdtick\u00fdmi tvormi, prisp\u00f4sobte si svoju postavu a naj\u00edmajte spolo\u010dn\u00edkov s umelou inteligenciou naz\u00fdvan\u00fdch Pawns. T\u00e1to vylep\u0161en\u00e1 ed\u00edcia obsahuje nov\u00e9 oblasti, nepriate\u013eov a \u00falohy, ktor\u00e9 v\u00e1m poskytn\u00fa epick\u00fd ak\u010dn\u00fd RPG z\u00e1\u017eitok s hlbok\u00fdm bojom a prieskumom.\" \/>\n<meta property=\"og:url\" content=\"https:\/\/begamer.cz\/sk\/produkt\/dragons-dogma-dark-arisen-sk-2\/\" \/>\n<meta property=\"og:site_name\" content=\"BeGamer.cz\" \/>\n<meta property=\"article:modified_time\" content=\"2026-03-10T21:20:49+00:00\" \/>\n<meta property=\"og:image\" content=\"https:\/\/begamer.cz\/wp-content\/uploads\/2026\/01\/dragons-dogma-dark-arisen-12.webp\" \/>\n\t<meta property=\"og:image:width\" content=\"300\" \/>\n\t<meta property=\"og:image:height\" content=\"400\" \/>\n\t<meta property=\"og:image:type\" content=\"image\/webp\" \/>\n<meta name=\"twitter:card\" content=\"summary_large_image\" \/>\n<meta name=\"twitter:label1\" content=\"Predpokladan\u00fd \u010das \u010d\u00edtania\" \/>\n\t<meta name=\"twitter:data1\" content=\"2 min\u00faty\" \/>\n<script type=\"application\/ld+json\" class=\"yoast-schema-graph\">{\"@context\":\"https:\\\/\\\/schema.org\",\"@graph\":[{\"@type\":\"WebPage\",\"@id\":\"https:\\\/\\\/begamer.cz\\\/sk\\\/produkt\\\/dragons-dogma-dark-arisen-sk-2\\\/\",\"url\":\"https:\\\/\\\/begamer.cz\\\/sk\\\/produkt\\\/dragons-dogma-dark-arisen-sk-2\\\/\",\"name\":\"Dragon's Dogma: Dark Arisen | BeGamer.cz\",\"isPartOf\":{\"@id\":\"https:\\\/\\\/begamer.cz\\\/sk\\\/#website\"},\"primaryImageOfPage\":{\"@id\":\"https:\\\/\\\/begamer.cz\\\/sk\\\/produkt\\\/dragons-dogma-dark-arisen-sk-2\\\/#primaryimage\"},\"image\":{\"@id\":\"https:\\\/\\\/begamer.cz\\\/sk\\\/produkt\\\/dragons-dogma-dark-arisen-sk-2\\\/#primaryimage\"},\"thumbnailUrl\":\"https:\\\/\\\/begamer.cz\\\/wp-content\\\/uploads\\\/2026\\\/01\\\/dragons-dogma-dark-arisen-12.webp\",\"datePublished\":\"2026-01-30T16:38:15+00:00\",\"dateModified\":\"2026-03-10T21:20:49+00:00\",\"breadcrumb\":{\"@id\":\"https:\\\/\\\/begamer.cz\\\/sk\\\/produkt\\\/dragons-dogma-dark-arisen-sk-2\\\/#breadcrumb\"},\"inLanguage\":\"sk-SK\",\"potentialAction\":[{\"@type\":\"ReadAction\",\"target\":[\"https:\\\/\\\/begamer.cz\\\/sk\\\/produkt\\\/dragons-dogma-dark-arisen-sk-2\\\/\"]}]},{\"@type\":\"ImageObject\",\"inLanguage\":\"sk-SK\",\"@id\":\"https:\\\/\\\/begamer.cz\\\/sk\\\/produkt\\\/dragons-dogma-dark-arisen-sk-2\\\/#primaryimage\",\"url\":\"https:\\\/\\\/begamer.cz\\\/wp-content\\\/uploads\\\/2026\\\/01\\\/dragons-dogma-dark-arisen-12.webp\",\"contentUrl\":\"https:\\\/\\\/begamer.cz\\\/wp-content\\\/uploads\\\/2026\\\/01\\\/dragons-dogma-dark-arisen-12.webp\",\"width\":300,\"height\":400},{\"@type\":\"BreadcrumbList\",\"@id\":\"https:\\\/\\\/begamer.cz\\\/sk\\\/produkt\\\/dragons-dogma-dark-arisen-sk-2\\\/#breadcrumb\",\"itemListElement\":[{\"@type\":\"ListItem\",\"position\":1,\"name\":\"Domov\",\"item\":\"https:\\\/\\\/begamer.cz\\\/sk\\\/\"},{\"@type\":\"ListItem\",\"position\":2,\"name\":\"Obchod\",\"item\":\"https:\\\/\\\/begamer.cz\\\/obchod\\\/\"},{\"@type\":\"ListItem\",\"position\":3,\"name\":\"Dragon\u2019s Dogma: Dark Arisen\"}]},{\"@type\":\"WebSite\",\"@id\":\"https:\\\/\\\/begamer.cz\\\/sk\\\/#website\",\"url\":\"https:\\\/\\\/begamer.cz\\\/sk\\\/\",\"name\":\"BeGamer.cz\",\"description\":\"\",\"publisher\":{\"@id\":\"https:\\\/\\\/begamer.cz\\\/sk\\\/#organization\"},\"potentialAction\":[{\"@type\":\"SearchAction\",\"target\":{\"@type\":\"EntryPoint\",\"urlTemplate\":\"https:\\\/\\\/begamer.cz\\\/sk\\\/?s={search_term_string}\"},\"query-input\":{\"@type\":\"PropertyValueSpecification\",\"valueRequired\":true,\"valueName\":\"search_term_string\"}}],\"inLanguage\":\"sk-SK\"},{\"@type\":\"Organization\",\"@id\":\"https:\\\/\\\/begamer.cz\\\/sk\\\/#organization\",\"name\":\"BeGamer.cz\",\"url\":\"https:\\\/\\\/begamer.cz\\\/sk\\\/\",\"logo\":{\"@type\":\"ImageObject\",\"inLanguage\":\"sk-SK\",\"@id\":\"https:\\\/\\\/begamer.cz\\\/sk\\\/#\\\/schema\\\/logo\\\/image\\\/\",\"url\":\"https:\\\/\\\/begamer.cz\\\/wp-content\\\/uploads\\\/2025\\\/07\\\/logo.svg\",\"contentUrl\":\"https:\\\/\\\/begamer.cz\\\/wp-content\\\/uploads\\\/2025\\\/07\\\/logo.svg\",\"caption\":\"BeGamer.cz\"},\"image\":{\"@id\":\"https:\\\/\\\/begamer.cz\\\/sk\\\/#\\\/schema\\\/logo\\\/image\\\/\"}}]}<\/script>\n<!-- \/ Yoast SEO plugin. -->","yoast_head_json":{"title":"Dragon's Dogma: Dark Arisen | BeGamer.cz","robots":{"index":"index","follow":"follow","max-snippet":"max-snippet:-1","max-image-preview":"max-image-preview:large","max-video-preview":"max-video-preview:-1"},"canonical":"https:\/\/begamer.cz\/sk\/produkt\/dragons-dogma-dark-arisen-sk-2\/","og_locale":"sk_SK","og_type":"article","og_title":"Dragon's Dogma: Dark Arisen | BeGamer.cz","og_description":"Presk\u00famajte rozsiahly otvoren\u00fd svet v hre Dragon&#x27;s Dogma: Dark Arisen. Bojujte s m\u00fdtick\u00fdmi tvormi, prisp\u00f4sobte si svoju postavu a naj\u00edmajte spolo\u010dn\u00edkov s umelou inteligenciou naz\u00fdvan\u00fdch Pawns. T\u00e1to vylep\u0161en\u00e1 ed\u00edcia obsahuje nov\u00e9 oblasti, nepriate\u013eov a \u00falohy, ktor\u00e9 v\u00e1m poskytn\u00fa epick\u00fd ak\u010dn\u00fd RPG z\u00e1\u017eitok s hlbok\u00fdm bojom a prieskumom.","og_url":"https:\/\/begamer.cz\/sk\/produkt\/dragons-dogma-dark-arisen-sk-2\/","og_site_name":"BeGamer.cz","article_modified_time":"2026-03-10T21:20:49+00:00","og_image":[{"width":300,"height":400,"url":"https:\/\/begamer.cz\/wp-content\/uploads\/2026\/01\/dragons-dogma-dark-arisen-12.webp","type":"image\/webp"}],"twitter_card":"summary_large_image","twitter_misc":{"Predpokladan\u00fd \u010das \u010d\u00edtania":"2 min\u00faty"},"schema":{"@context":"https:\/\/schema.org","@graph":[{"@type":"WebPage","@id":"https:\/\/begamer.cz\/sk\/produkt\/dragons-dogma-dark-arisen-sk-2\/","url":"https:\/\/begamer.cz\/sk\/produkt\/dragons-dogma-dark-arisen-sk-2\/","name":"Dragon's Dogma: Dark Arisen | BeGamer.cz","isPartOf":{"@id":"https:\/\/begamer.cz\/sk\/#website"},"primaryImageOfPage":{"@id":"https:\/\/begamer.cz\/sk\/produkt\/dragons-dogma-dark-arisen-sk-2\/#primaryimage"},"image":{"@id":"https:\/\/begamer.cz\/sk\/produkt\/dragons-dogma-dark-arisen-sk-2\/#primaryimage"},"thumbnailUrl":"https:\/\/begamer.cz\/wp-content\/uploads\/2026\/01\/dragons-dogma-dark-arisen-12.webp","datePublished":"2026-01-30T16:38:15+00:00","dateModified":"2026-03-10T21:20:49+00:00","breadcrumb":{"@id":"https:\/\/begamer.cz\/sk\/produkt\/dragons-dogma-dark-arisen-sk-2\/#breadcrumb"},"inLanguage":"sk-SK","potentialAction":[{"@type":"ReadAction","target":["https:\/\/begamer.cz\/sk\/produkt\/dragons-dogma-dark-arisen-sk-2\/"]}]},{"@type":"ImageObject","inLanguage":"sk-SK","@id":"https:\/\/begamer.cz\/sk\/produkt\/dragons-dogma-dark-arisen-sk-2\/#primaryimage","url":"https:\/\/begamer.cz\/wp-content\/uploads\/2026\/01\/dragons-dogma-dark-arisen-12.webp","contentUrl":"https:\/\/begamer.cz\/wp-content\/uploads\/2026\/01\/dragons-dogma-dark-arisen-12.webp","width":300,"height":400},{"@type":"BreadcrumbList","@id":"https:\/\/begamer.cz\/sk\/produkt\/dragons-dogma-dark-arisen-sk-2\/#breadcrumb","itemListElement":[{"@type":"ListItem","position":1,"name":"Domov","item":"https:\/\/begamer.cz\/sk\/"},{"@type":"ListItem","position":2,"name":"Obchod","item":"https:\/\/begamer.cz\/obchod\/"},{"@type":"ListItem","position":3,"name":"Dragon\u2019s Dogma: Dark Arisen"}]},{"@type":"WebSite","@id":"https:\/\/begamer.cz\/sk\/#website","url":"https:\/\/begamer.cz\/sk\/","name":"BeGamer.cz","description":"","publisher":{"@id":"https:\/\/begamer.cz\/sk\/#organization"},"potentialAction":[{"@type":"SearchAction","target":{"@type":"EntryPoint","urlTemplate":"https:\/\/begamer.cz\/sk\/?s={search_term_string}"},"query-input":{"@type":"PropertyValueSpecification","valueRequired":true,"valueName":"search_term_string"}}],"inLanguage":"sk-SK"},{"@type":"Organization","@id":"https:\/\/begamer.cz\/sk\/#organization","name":"BeGamer.cz","url":"https:\/\/begamer.cz\/sk\/","logo":{"@type":"ImageObject","inLanguage":"sk-SK","@id":"https:\/\/begamer.cz\/sk\/#\/schema\/logo\/image\/","url":"https:\/\/begamer.cz\/wp-content\/uploads\/2025\/07\/logo.svg","contentUrl":"https:\/\/begamer.cz\/wp-content\/uploads\/2025\/07\/logo.svg","caption":"BeGamer.cz"},"image":{"@id":"https:\/\/begamer.cz\/sk\/#\/schema\/logo\/image\/"}}]}},"acf":[],"_links":{"self":[{"href":"https:\/\/begamer.cz\/sk\/wp-json\/wp\/v2\/product\/99119","targetHints":{"allow":["GET"]}}],"collection":[{"href":"https:\/\/begamer.cz\/sk\/wp-json\/wp\/v2\/product"}],"about":[{"href":"https:\/\/begamer.cz\/sk\/wp-json\/wp\/v2\/types\/product"}],"replies":[{"embeddable":true,"href":"https:\/\/begamer.cz\/sk\/wp-json\/wp\/v2\/comments?post=99119"}],"wp:featuredmedia":[{"embeddable":true,"href":"https:\/\/begamer.cz\/sk\/wp-json\/wp\/v2\/media\/29746"}],"wp:attachment":[{"href":"https:\/\/begamer.cz\/sk\/wp-json\/wp\/v2\/media?parent=99119"}],"wp:term":[{"taxonomy":"product_brand","embeddable":true,"href":"https:\/\/begamer.cz\/sk\/wp-json\/wp\/v2\/product_brand?post=99119"},{"taxonomy":"product_cat","embeddable":true,"href":"https:\/\/begamer.cz\/sk\/wp-json\/wp\/v2\/product_cat?post=99119"},{"taxonomy":"product_tag","embeddable":true,"href":"https:\/\/begamer.cz\/sk\/wp-json\/wp\/v2\/product_tag?post=99119"}],"curies":[{"name":"wp","href":"https:\/\/api.w.org\/{rel}","templated":true}]}}