{"id":99035,"date":"2026-01-30T17:36:49","date_gmt":"2026-01-30T16:36:49","guid":{"rendered":"https:\/\/begamer.cz\/produkt\/tour-de-france-2024-sk\/"},"modified":"2026-03-10T22:14:57","modified_gmt":"2026-03-10T21:14:57","slug":"tour-de-france-2024-sk","status":"publish","type":"product","link":"https:\/\/begamer.cz\/sk\/produkt\/tour-de-france-2024-sk\/","title":{"rendered":"Tour de France 2024"},"content":{"rendered":"<p><span class=\"bb_img_ctn\"><img decoding=\"async\" class=\"bb_img\" src=\"https:\/\/shared.akamai.steamstatic.com\/store_item_assets\/steam\/apps\/2494340\/extras\/1e4420f06fd45ec256e70087e0a10d2b.webp?t=1725349907\" width=615 height=50 \/><\/span><br \/><span class=\"bb_img_ctn\"><video class=\"bb_img\" autoplay muted loop playsinline poster=\"https:\/\/shared.akamai.steamstatic.com\/store_item_assets\/steam\/apps\/2494340\/extras\/16f89d16b30faeaa9d1327caf2cc08e8.poster.avif?t=1725349907\" width=600 height=200 ><source src=\"https:\/\/shared.akamai.steamstatic.com\/store_item_assets\/steam\/apps\/2494340\/extras\/16f89d16b30faeaa9d1327caf2cc08e8.webm?t=1725349907\" type=\"video\/webm; codecs=vp9\"><source src=\"https:\/\/shared.akamai.steamstatic.com\/store_item_assets\/steam\/apps\/2494340\/extras\/16f89d16b30faeaa9d1327caf2cc08e8.mp4?t=1725349907\" type=\"video\/mp4\"><\/video><\/span><br \/>V re\u017eime Criterium pre viacer\u00fdch hr\u00e1\u010dov m\u00f4\u017eete vyzva\u0165 hr\u00e1\u010dov z cel\u00e9ho sveta. Z\u00fa\u010dastnite sa online hier pre a\u017e 6 hr\u00e1\u010dov a vytvorte si strat\u00e9giu, s ktorou vyhr\u00e1te preteky. Vytvorte si vlastn\u00fd t\u00edm dvoch jazdcov z viac ako 900 profesion\u00e1lnych cyklistov a vyberte si dres, ktor\u00fd v\u00e1s odl\u00ed\u0161i od ostatn\u00fdch.<\/p>\n<p>Hrajte ka\u017ed\u00fd t\u00fd\u017ede\u0148 v re\u017eime Criterium a pok\u00faste sa odomkn\u00fa\u0165 \u010fal\u0161\u00ed obsah pre svoj t\u00edm. K dispoz\u00edcii bud\u00fa nov\u00ed profesion\u00e1lni jazdci a dresy t\u00edmov World Tour, tak\u017ee si m\u00f4\u017eete svoj t\u00edm prisp\u00f4sobi\u0165 pod\u013ea svojich predst\u00e1v.<br \/>Prisp\u00f4sobte svoju strat\u00e9giu etape. V re\u017eime pre viacer\u00fdch hr\u00e1\u010dov je mo\u017en\u00e9 zdola\u0165 Col du Galibier s horsk\u00fdm t\u00edmom aj so \u0161print\u00e9rskym t\u00edmom. Charakteristiky va\u0161ich jazdcov s\u00fa n\u00e1hodne nastaven\u00e9 na za\u010diatku hry, aby mali v\u0161etci hr\u00e1\u010di rovnak\u00e9 \u0161ance. Potom je na v\u00e1s, aby ste dok\u00e1zali, \u017ee ste najlep\u0161\u00ed na v\u0161etk\u00fdch povrchoch.<\/p>\n<p>Ka\u017ed\u00e1 jazda je rovnako d\u00f4le\u017eit\u00e1 a mus\u00ed sa hra\u0165 naplno. Va\u0161e umiestnenie ovplyv\u0148uje po\u010det bodov, ktor\u00e9 z\u00edskate. \u010c\u00edm lep\u0161\u00ed v\u00fdkon pod\u00e1te, t\u00fdm r\u00fdchlej\u0161ie budete postupova\u0165 k v\u00ed\u0165azstv\u00e1m v pretekoch, aby ste mohli odomkn\u00fa\u0165 legend\u00e1rnych jazdcov.<\/p>\n<p><span class=\"bb_img_ctn\"><img decoding=\"async\" class=\"bb_img\" src=\"https:\/\/shared.akamai.steamstatic.com\/store_item_assets\/steam\/apps\/2494340\/extras\/28911c8da1e2a3550b6b12f9bc35586c.avif?t=1725349907\" width=615 height=85 \/><\/span><br \/><span class=\"bb_img_ctn\"><video class=\"bb_img\" autoplay muted loop playsinline poster=\"https:\/\/shared.akamai.steamstatic.com\/store_item_assets\/steam\/apps\/2494340\/extras\/aca6d81504d0480242b0dbbf6c8ea9bf.poster.avif?t=1725349907\" width=600 height=200 ><source src=\"https:\/\/shared.akamai.steamstatic.com\/store_item_assets\/steam\/apps\/2494340\/extras\/aca6d81504d0480242b0dbbf6c8ea9bf.webm?t=1725349907\" type=\"video\/webm; codecs=vp9\"><source src=\"https:\/\/shared.akamai.steamstatic.com\/store_item_assets\/steam\/apps\/2494340\/extras\/aca6d81504d0480242b0dbbf6c8ea9bf.mp4?t=1725349907\" type=\"video\/mp4\"><\/video><\/span><br \/>Hrajte za e\u0161te viac jazdcov v Tour de France 2024. Okrem v\u0161etk\u00fdch t\u00edmov World Tour, ktor\u00e9 s\u00fa u\u017e zahrnut\u00e9 v hre, teraz m\u00e1te pr\u00edstup k 15 hrate\u013en\u00fdm t\u00edmom Pro Tour a ich jazdcom. Burgos-BH, Kern Pharma, Euskatel-Euskadi, Q36.5 Pro Cycling Team, Team Novo Nordisk a mnoho \u010fal\u0161\u00edch na v\u00e1s \u010dak\u00e1 v re\u017eimoch My Tour, Pro Team a Pro Leader. Ktor\u00fd si vyberiete?<\/p>\n<p><span class=\"bb_img_ctn\"><img decoding=\"async\" class=\"bb_img\" src=\"https:\/\/shared.akamai.steamstatic.com\/store_item_assets\/steam\/apps\/2494340\/extras\/714da21601257694e6e339ac82692e3a.avif?t=1725349907\" width=615 height=85 \/><\/span><br \/><span class=\"bb_img_ctn\"><video class=\"bb_img\" autoplay muted loop playsinline poster=\"https:\/\/shared.akamai.steamstatic.com\/store_item_assets\/steam\/apps\/2494340\/extras\/182cf68a56aa56fd9084815d81d7df68.poster.avif?t=1725349907\" width=600 height=200 ><source src=\"https:\/\/shared.akamai.steamstatic.com\/store_item_assets\/steam\/apps\/2494340\/extras\/182cf68a56aa56fd9084815d81d7df68.webm?t=1725349907\" type=\"video\/webm; codecs=vp9\"><source src=\"https:\/\/shared.akamai.steamstatic.com\/store_item_assets\/steam\/apps\/2494340\/extras\/182cf68a56aa56fd9084815d81d7df68.mp4?t=1725349907\" type=\"video\/mp4\"><\/video><\/span><br \/>V re\u017eimoch Pro Team a Pro Leader prevezmite vedenie profesion\u00e1lneho pelot\u00f3nov\u00e9ho t\u00edmu a z\u00e1rove\u0148 si zachovajte mo\u017enos\u0165 vytvori\u0165 si vlastn\u00fd t\u00edm. Teraz si m\u00f4\u017eete vybra\u0165, \u010di budete hra\u0165 za t\u00edm na \u010dele rebr\u00ed\u010dka UCI alebo za fikt\u00edvny t\u00edm. Na z\u00e1klade svojho v\u00fdberu si m\u00f4\u017eete svoj t\u00edm vybudova\u0165 od z\u00e1kladov alebo do neho prija\u0165 najlep\u0161\u00edch jazdcov pelot\u00f3nu.<\/p>\n<p><span class=\"bb_img_ctn\"><img decoding=\"async\" class=\"bb_img\" src=\"https:\/\/shared.akamai.steamstatic.com\/store_item_assets\/steam\/apps\/2494340\/extras\/40a4c4aa9a3b93af88731addc27321d1.webp?t=1725349907\" width=615 height=50 \/><\/span><br \/><span class=\"bb_img_ctn\"><video class=\"bb_img\" autoplay muted loop playsinline poster=\"https:\/\/shared.akamai.steamstatic.com\/store_item_assets\/steam\/apps\/2494340\/extras\/65005ee967d5cdb921d90a8e38f4fe30.poster.avif?t=1725349907\" width=600 height=200 ><source src=\"https:\/\/shared.akamai.steamstatic.com\/store_item_assets\/steam\/apps\/2494340\/extras\/65005ee967d5cdb921d90a8e38f4fe30.webm?t=1725349907\" type=\"video\/webm; codecs=vp9\"><source src=\"https:\/\/shared.akamai.steamstatic.com\/store_item_assets\/steam\/apps\/2494340\/extras\/65005ee967d5cdb921d90a8e38f4fe30.mp4?t=1725349907\" type=\"video\/mp4\"><\/video><\/span><br \/>Objavte nov\u00e9 mo\u017enosti prisp\u00f4sobenia v re\u017eime My Tour a vyberte si pravidl\u00e1, ktor\u00e9 chcete. Vytvorte si vlastn\u00e9 cyklistick\u00e9 preteky z et\u00e1p dostupn\u00fdch v hre a zme\u0148te pravidl\u00e1 pod\u013ea svojich predst\u00e1v. Pou\u017eite pravidl\u00e1 Tour de France alebo Paris-Nice a Crit\u00e9rium du Dauphin\u00e9, aby boli va\u0161e preteky Tour odli\u0161n\u00e9.<br \/><span class=\"bb_img_ctn\"><video class=\"bb_img\" autoplay muted loop playsinline poster=\"https:\/\/shared.akamai.steamstatic.com\/store_item_assets\/steam\/apps\/2494340\/extras\/5a6dcabd00b8d20b0e9e9eb2ccb4d7f7.poster.avif?t=1725349907\" width=600 height=200 ><source src=\"https:\/\/shared.akamai.steamstatic.com\/store_item_assets\/steam\/apps\/2494340\/extras\/5a6dcabd00b8d20b0e9e9eb2ccb4d7f7.webm?t=1725349907\" type=\"video\/webm; codecs=vp9\"><source src=\"https:\/\/shared.akamai.steamstatic.com\/store_item_assets\/steam\/apps\/2494340\/extras\/5a6dcabd00b8d20b0e9e9eb2ccb4d7f7.mp4?t=1725349907\" type=\"video\/mp4\"><\/video><\/span><\/p>\n<p><span class=\"bb_img_ctn\"><img decoding=\"async\" class=\"bb_img\" src=\"https:\/\/shared.akamai.steamstatic.com\/store_item_assets\/steam\/apps\/2494340\/extras\/dd082b94d0fde57a88ad42f97880c5c9.webp?t=1725349907\" width=615 height=50 \/><\/span><\/p>\n<ul class=\"bb_ul\">\n<li>Vylep\u0161en\u00e1 dostupnos\u0165 pre \u013eud\u00ed so zdravotn\u00fdm postihnut\u00edm<\/li>\n<li>Revidovan\u00e1 umel\u00e1 inteligencia pre horsk\u00e9 a stredn\u00e9 \u0161print\u00e9rske etapy<\/li>\n<li>Trasa Tour de France 2024<\/li>\n<li>Krat\u0161\u00ed alebo dlh\u0161\u00ed \u010das str\u00e1ven\u00fd na zemi v z\u00e1vislosti od z\u00e1va\u017enosti p\u00e1du<\/li>\n<li>L\u00eddri nech\u00e1vaj\u00fa svojich t\u00edmov\u00fdch kolegov \u00eds\u0165 vpred v hor\u00e1ch, aby fungovali ako \u0161tafety<\/li>\n<li>Vibr\u00e1cie ovl\u00e1da\u010da na po\u013en\u00fdch cest\u00e1ch<\/li>\n<\/ul>\n","protected":false},"excerpt":{"rendered":"<p>Z\u00edskajte \u017elt\u00fd dres v ofici\u00e1lnej hre Tour de France 2024. Prekonajte svojich s\u00faperov, posu\u0148te svoje limity a uk\u00e1\u017ete, \u010do dok\u00e1\u017eete v \u00faplne novom multiplayerovom re\u017eime: Criterium.<\/p>\n","protected":false},"featured_media":29256,"comment_status":"open","ping_status":"closed","template":"","meta":{"_acf_changed":false},"product_brand":[],"product_cat":[268,266,314,316,312,318,324],"product_tag":[],"class_list":{"0":"post-99035","1":"product","2":"type-product","3":"status-publish","4":"has-post-thumbnail","6":"product_cat-pc-sk","7":"product_cat-pc-hry-sk","8":"product_cat-simulatory-pc-hry-sk","9":"product_cat-sportove-pc","10":"product_cat-steam-pc-sk","11":"product_cat-strategie-pc-hry-sk","12":"product_cat-zavodne-pc-hry","13":"pa_audio-en-us","15":"pa_audio-fr-fr","17":"pa_countries-ad","18":"pa_countries-ae","19":"pa_countries-af","20":"pa_countries-ag","21":"pa_countries-ai","22":"pa_countries-al","23":"pa_countries-am","24":"pa_countries-ao","25":"pa_countries-aq","26":"pa_countries-ar","27":"pa_countries-as","28":"pa_countries-at","29":"pa_countries-au","30":"pa_countries-aw","31":"pa_countries-ax","32":"pa_countries-az","33":"pa_countries-ba","34":"pa_countries-bb","35":"pa_countries-bd","36":"pa_countries-be","37":"pa_countries-bf","38":"pa_countries-bg","39":"pa_countries-bh","40":"pa_countries-bi","41":"pa_countries-bj","42":"pa_countries-bl","43":"pa_countries-bm","44":"pa_countries-bn","45":"pa_countries-bo","46":"pa_countries-bq","47":"pa_countries-br","48":"pa_countries-bs","49":"pa_countries-bt","50":"pa_countries-bv","51":"pa_countries-bw","52":"pa_countries-bz","53":"pa_countries-ca","54":"pa_countries-cc","55":"pa_countries-cd","56":"pa_countries-cf","57":"pa_countries-cg","58":"pa_countries-ch","59":"pa_countries-ci","60":"pa_countries-ck","61":"pa_countries-cl","62":"pa_countries-cm","63":"pa_countries-cn","64":"pa_countries-co","65":"pa_countries-cr","66":"pa_countries-cu","67":"pa_countries-cv","68":"pa_countries-cw","69":"pa_countries-cx","70":"pa_countries-cy","71":"pa_countries-cz","72":"pa_countries-de","73":"pa_countries-dj","74":"pa_countries-dk","75":"pa_countries-dm","76":"pa_countries-do","77":"pa_countries-dz","78":"pa_countries-ec","79":"pa_countries-ee","80":"pa_countries-eg","81":"pa_countries-eh","82":"pa_countries-er","83":"pa_countries-es","84":"pa_countries-et","85":"pa_countries-fi","86":"pa_countries-fj","87":"pa_countries-fk","88":"pa_countries-fm","89":"pa_countries-fo","90":"pa_countries-fr","91":"pa_countries-ga","92":"pa_countries-gb","93":"pa_countries-gd","94":"pa_countries-ge","95":"pa_countries-gf","96":"pa_countries-gg","97":"pa_countries-gh","98":"pa_countries-gi","99":"pa_countries-gl","100":"pa_countries-gm","101":"pa_countries-gn","102":"pa_countries-gp","103":"pa_countries-gq","104":"pa_countries-gr","105":"pa_countries-gs","106":"pa_countries-gt","107":"pa_countries-gu","108":"pa_countries-gw","109":"pa_countries-gy","110":"pa_countries-hk","111":"pa_countries-hm","112":"pa_countries-hn","113":"pa_countries-hr","114":"pa_countries-ht","115":"pa_countries-hu","116":"pa_countries-id","117":"pa_countries-ie","118":"pa_countries-il","119":"pa_countries-im","120":"pa_countries-in","121":"pa_countries-io","122":"pa_countries-iq","123":"pa_countries-ir","124":"pa_countries-is","125":"pa_countries-it","126":"pa_countries-je","127":"pa_countries-jm","128":"pa_countries-jo","129":"pa_countries-jp","130":"pa_countries-ke","131":"pa_countries-kg","132":"pa_countries-kh","133":"pa_countries-ki","134":"pa_countries-km","135":"pa_countries-kn","136":"pa_countries-kp","137":"pa_countries-kr","138":"pa_countries-kw","139":"pa_countries-ky","140":"pa_countries-kz","141":"pa_countries-la","142":"pa_countries-lb","143":"pa_countries-lc","144":"pa_countries-li","145":"pa_countries-lk","146":"pa_countries-lr","147":"pa_countries-ls","148":"pa_countries-lt","149":"pa_countries-lu","150":"pa_countries-lv","151":"pa_countries-ly","152":"pa_countries-ma","153":"pa_countries-mc","154":"pa_countries-md","155":"pa_countries-me","156":"pa_countries-mf","157":"pa_countries-mg","158":"pa_countries-mh","159":"pa_countries-mk","160":"pa_countries-ml","161":"pa_countries-mm","162":"pa_countries-mn","163":"pa_countries-mo","164":"pa_countries-mp","165":"pa_countries-mq","166":"pa_countries-mr","167":"pa_countries-ms","168":"pa_countries-mt","169":"pa_countries-mu","170":"pa_countries-mv","171":"pa_countries-mw","172":"pa_countries-mx","173":"pa_countries-my","174":"pa_countries-mz","175":"pa_countries-na","176":"pa_countries-nc","177":"pa_countries-ne","178":"pa_countries-nf","179":"pa_countries-ng","180":"pa_countries-ni","181":"pa_countries-nl","182":"pa_countries-no","183":"pa_countries-np","184":"pa_countries-nr","185":"pa_countries-nu","186":"pa_countries-nz","187":"pa_countries-om","188":"pa_countries-pa","189":"pa_countries-pe","190":"pa_countries-pf","191":"pa_countries-pg","192":"pa_countries-ph","193":"pa_countries-pk","194":"pa_countries-pl","195":"pa_countries-pm","196":"pa_countries-pn","197":"pa_countries-pr","198":"pa_countries-ps","199":"pa_countries-pt","200":"pa_countries-pw","201":"pa_countries-py","202":"pa_countries-qa","203":"pa_countries-re","204":"pa_countries-ro","205":"pa_countries-rs","206":"pa_countries-rw","207":"pa_countries-sa","208":"pa_countries-sb","209":"pa_countries-sc","210":"pa_countries-sd","211":"pa_countries-se","212":"pa_countries-sg","213":"pa_countries-sh","214":"pa_countries-si","215":"pa_countries-sj","216":"pa_countries-sk","217":"pa_countries-sl","218":"pa_countries-sm","219":"pa_countries-sn","220":"pa_countries-so","221":"pa_countries-sr","222":"pa_countries-ss","224":"pa_countries-st","225":"pa_countries-sv","226":"pa_countries-sx","227":"pa_countries-sy","228":"pa_countries-sz","229":"pa_countries-tc","230":"pa_countries-td","231":"pa_countries-tf","232":"pa_countries-tg","233":"pa_countries-th","234":"pa_countries-tj","235":"pa_countries-tk","236":"pa_countries-tl","237":"pa_countries-tm","238":"pa_countries-tn","239":"pa_countries-to","240":"pa_countries-tr","241":"pa_countries-tt","242":"pa_countries-tv","243":"pa_countries-tw","244":"pa_countries-tz","245":"pa_countries-ua","246":"pa_countries-ug","247":"pa_countries-um","248":"pa_countries-us","249":"pa_countries-uy","250":"pa_countries-uz","251":"pa_countries-va","252":"pa_countries-vc","253":"pa_countries-ve","254":"pa_countries-vg","255":"pa_countries-vi","256":"pa_countries-vn","257":"pa_countries-vu","258":"pa_countries-wf","259":"pa_countries-ws","260":"pa_countries-xk","262":"pa_countries-ye","263":"pa_countries-yt","264":"pa_countries-za","265":"pa_countries-zm","266":"pa_countries-zw","267":"pa_developer-cyanide-studio","269":"pa_game_type-main_game","271":"pa_genres-racing","273":"pa_genres-simulator","274":"pa_genres-sport","276":"pa_genres-strategy","277":"pa_interface-da-dk","279":"pa_interface-de-de","280":"pa_interface-en-us","281":"pa_interface-es-es","282":"pa_interface-fr-fr","283":"pa_interface-it-it","284":"pa_interface-nl-nl","286":"pa_modes-co-operative","288":"pa_modes-multiplayer","290":"pa_modes-single-player","291":"pa_pegi-943","292":"pa_pegi-13430","293":"pa_platform-pc-steam","295":"pa_publisher-nacon","297":"pa_rating-773","298":"pa_rating-14441","299":"pa_region-global","301":"pa_subtitles-da-dk","303":"pa_subtitles-de-de","304":"pa_subtitles-en-us","305":"pa_subtitles-es-es","306":"pa_subtitles-fr-fr","307":"pa_subtitles-it-it","308":"pa_subtitles-nl-nl","311":"first","312":"outofstock","313":"virtual","314":"taxable","315":"purchasable","316":"product-type-simple"},"yoast_head":"<!-- This site is optimized with the Yoast SEO plugin v27.3 - https:\/\/yoast.com\/product\/yoast-seo-wordpress\/ -->\n<title>Tour de France 2024 | BeGamer.cz<\/title>\n<meta name=\"robots\" content=\"index, follow, max-snippet:-1, max-image-preview:large, max-video-preview:-1\" \/>\n<link rel=\"canonical\" href=\"https:\/\/begamer.cz\/sk\/produkt\/tour-de-france-2024-sk\/\" \/>\n<meta property=\"og:locale\" content=\"sk_SK\" \/>\n<meta property=\"og:type\" content=\"article\" \/>\n<meta property=\"og:title\" content=\"Tour de France 2024 | BeGamer.cz\" \/>\n<meta property=\"og:description\" content=\"Z\u00edskajte \u017elt\u00fd dres v ofici\u00e1lnej hre Tour de France 2024. Prekonajte svojich s\u00faperov, posu\u0148te svoje limity a uk\u00e1\u017ete, \u010do dok\u00e1\u017eete v \u00faplne novom multiplayerovom re\u017eime: Criterium.\" \/>\n<meta property=\"og:url\" content=\"https:\/\/begamer.cz\/sk\/produkt\/tour-de-france-2024-sk\/\" \/>\n<meta property=\"og:site_name\" content=\"BeGamer.cz\" \/>\n<meta property=\"article:modified_time\" content=\"2026-03-10T21:14:57+00:00\" \/>\n<meta property=\"og:image\" content=\"https:\/\/begamer.cz\/wp-content\/uploads\/2026\/01\/tour-de-france-2024-9.webp\" \/>\n\t<meta property=\"og:image:width\" content=\"300\" \/>\n\t<meta property=\"og:image:height\" content=\"400\" \/>\n\t<meta property=\"og:image:type\" content=\"image\/webp\" \/>\n<meta name=\"twitter:card\" content=\"summary_large_image\" \/>\n<meta name=\"twitter:label1\" content=\"Predpokladan\u00fd \u010das \u010d\u00edtania\" \/>\n\t<meta name=\"twitter:data1\" content=\"3 min\u00faty\" \/>\n<script type=\"application\/ld+json\" class=\"yoast-schema-graph\">{\"@context\":\"https:\\\/\\\/schema.org\",\"@graph\":[{\"@type\":\"WebPage\",\"@id\":\"https:\\\/\\\/begamer.cz\\\/sk\\\/produkt\\\/tour-de-france-2024-sk\\\/\",\"url\":\"https:\\\/\\\/begamer.cz\\\/sk\\\/produkt\\\/tour-de-france-2024-sk\\\/\",\"name\":\"Tour de France 2024 | BeGamer.cz\",\"isPartOf\":{\"@id\":\"https:\\\/\\\/begamer.cz\\\/sk\\\/#website\"},\"primaryImageOfPage\":{\"@id\":\"https:\\\/\\\/begamer.cz\\\/sk\\\/produkt\\\/tour-de-france-2024-sk\\\/#primaryimage\"},\"image\":{\"@id\":\"https:\\\/\\\/begamer.cz\\\/sk\\\/produkt\\\/tour-de-france-2024-sk\\\/#primaryimage\"},\"thumbnailUrl\":\"https:\\\/\\\/begamer.cz\\\/wp-content\\\/uploads\\\/2026\\\/01\\\/tour-de-france-2024-9.webp\",\"datePublished\":\"2026-01-30T16:36:49+00:00\",\"dateModified\":\"2026-03-10T21:14:57+00:00\",\"breadcrumb\":{\"@id\":\"https:\\\/\\\/begamer.cz\\\/sk\\\/produkt\\\/tour-de-france-2024-sk\\\/#breadcrumb\"},\"inLanguage\":\"sk-SK\",\"potentialAction\":[{\"@type\":\"ReadAction\",\"target\":[\"https:\\\/\\\/begamer.cz\\\/sk\\\/produkt\\\/tour-de-france-2024-sk\\\/\"]}]},{\"@type\":\"ImageObject\",\"inLanguage\":\"sk-SK\",\"@id\":\"https:\\\/\\\/begamer.cz\\\/sk\\\/produkt\\\/tour-de-france-2024-sk\\\/#primaryimage\",\"url\":\"https:\\\/\\\/begamer.cz\\\/wp-content\\\/uploads\\\/2026\\\/01\\\/tour-de-france-2024-9.webp\",\"contentUrl\":\"https:\\\/\\\/begamer.cz\\\/wp-content\\\/uploads\\\/2026\\\/01\\\/tour-de-france-2024-9.webp\",\"width\":300,\"height\":400},{\"@type\":\"BreadcrumbList\",\"@id\":\"https:\\\/\\\/begamer.cz\\\/sk\\\/produkt\\\/tour-de-france-2024-sk\\\/#breadcrumb\",\"itemListElement\":[{\"@type\":\"ListItem\",\"position\":1,\"name\":\"Domov\",\"item\":\"https:\\\/\\\/begamer.cz\\\/sk\\\/\"},{\"@type\":\"ListItem\",\"position\":2,\"name\":\"Obchod\",\"item\":\"https:\\\/\\\/begamer.cz\\\/obchod\\\/\"},{\"@type\":\"ListItem\",\"position\":3,\"name\":\"Tour de France 2024\"}]},{\"@type\":\"WebSite\",\"@id\":\"https:\\\/\\\/begamer.cz\\\/sk\\\/#website\",\"url\":\"https:\\\/\\\/begamer.cz\\\/sk\\\/\",\"name\":\"BeGamer.cz\",\"description\":\"\",\"publisher\":{\"@id\":\"https:\\\/\\\/begamer.cz\\\/sk\\\/#organization\"},\"potentialAction\":[{\"@type\":\"SearchAction\",\"target\":{\"@type\":\"EntryPoint\",\"urlTemplate\":\"https:\\\/\\\/begamer.cz\\\/sk\\\/?s={search_term_string}\"},\"query-input\":{\"@type\":\"PropertyValueSpecification\",\"valueRequired\":true,\"valueName\":\"search_term_string\"}}],\"inLanguage\":\"sk-SK\"},{\"@type\":\"Organization\",\"@id\":\"https:\\\/\\\/begamer.cz\\\/sk\\\/#organization\",\"name\":\"BeGamer.cz\",\"url\":\"https:\\\/\\\/begamer.cz\\\/sk\\\/\",\"logo\":{\"@type\":\"ImageObject\",\"inLanguage\":\"sk-SK\",\"@id\":\"https:\\\/\\\/begamer.cz\\\/sk\\\/#\\\/schema\\\/logo\\\/image\\\/\",\"url\":\"https:\\\/\\\/begamer.cz\\\/wp-content\\\/uploads\\\/2025\\\/07\\\/logo.svg\",\"contentUrl\":\"https:\\\/\\\/begamer.cz\\\/wp-content\\\/uploads\\\/2025\\\/07\\\/logo.svg\",\"caption\":\"BeGamer.cz\"},\"image\":{\"@id\":\"https:\\\/\\\/begamer.cz\\\/sk\\\/#\\\/schema\\\/logo\\\/image\\\/\"}}]}<\/script>\n<!-- \/ Yoast SEO plugin. -->","yoast_head_json":{"title":"Tour de France 2024 | BeGamer.cz","robots":{"index":"index","follow":"follow","max-snippet":"max-snippet:-1","max-image-preview":"max-image-preview:large","max-video-preview":"max-video-preview:-1"},"canonical":"https:\/\/begamer.cz\/sk\/produkt\/tour-de-france-2024-sk\/","og_locale":"sk_SK","og_type":"article","og_title":"Tour de France 2024 | BeGamer.cz","og_description":"Z\u00edskajte \u017elt\u00fd dres v ofici\u00e1lnej hre Tour de France 2024. Prekonajte svojich s\u00faperov, posu\u0148te svoje limity a uk\u00e1\u017ete, \u010do dok\u00e1\u017eete v \u00faplne novom multiplayerovom re\u017eime: Criterium.","og_url":"https:\/\/begamer.cz\/sk\/produkt\/tour-de-france-2024-sk\/","og_site_name":"BeGamer.cz","article_modified_time":"2026-03-10T21:14:57+00:00","og_image":[{"width":300,"height":400,"url":"https:\/\/begamer.cz\/wp-content\/uploads\/2026\/01\/tour-de-france-2024-9.webp","type":"image\/webp"}],"twitter_card":"summary_large_image","twitter_misc":{"Predpokladan\u00fd \u010das \u010d\u00edtania":"3 min\u00faty"},"schema":{"@context":"https:\/\/schema.org","@graph":[{"@type":"WebPage","@id":"https:\/\/begamer.cz\/sk\/produkt\/tour-de-france-2024-sk\/","url":"https:\/\/begamer.cz\/sk\/produkt\/tour-de-france-2024-sk\/","name":"Tour de France 2024 | BeGamer.cz","isPartOf":{"@id":"https:\/\/begamer.cz\/sk\/#website"},"primaryImageOfPage":{"@id":"https:\/\/begamer.cz\/sk\/produkt\/tour-de-france-2024-sk\/#primaryimage"},"image":{"@id":"https:\/\/begamer.cz\/sk\/produkt\/tour-de-france-2024-sk\/#primaryimage"},"thumbnailUrl":"https:\/\/begamer.cz\/wp-content\/uploads\/2026\/01\/tour-de-france-2024-9.webp","datePublished":"2026-01-30T16:36:49+00:00","dateModified":"2026-03-10T21:14:57+00:00","breadcrumb":{"@id":"https:\/\/begamer.cz\/sk\/produkt\/tour-de-france-2024-sk\/#breadcrumb"},"inLanguage":"sk-SK","potentialAction":[{"@type":"ReadAction","target":["https:\/\/begamer.cz\/sk\/produkt\/tour-de-france-2024-sk\/"]}]},{"@type":"ImageObject","inLanguage":"sk-SK","@id":"https:\/\/begamer.cz\/sk\/produkt\/tour-de-france-2024-sk\/#primaryimage","url":"https:\/\/begamer.cz\/wp-content\/uploads\/2026\/01\/tour-de-france-2024-9.webp","contentUrl":"https:\/\/begamer.cz\/wp-content\/uploads\/2026\/01\/tour-de-france-2024-9.webp","width":300,"height":400},{"@type":"BreadcrumbList","@id":"https:\/\/begamer.cz\/sk\/produkt\/tour-de-france-2024-sk\/#breadcrumb","itemListElement":[{"@type":"ListItem","position":1,"name":"Domov","item":"https:\/\/begamer.cz\/sk\/"},{"@type":"ListItem","position":2,"name":"Obchod","item":"https:\/\/begamer.cz\/obchod\/"},{"@type":"ListItem","position":3,"name":"Tour de France 2024"}]},{"@type":"WebSite","@id":"https:\/\/begamer.cz\/sk\/#website","url":"https:\/\/begamer.cz\/sk\/","name":"BeGamer.cz","description":"","publisher":{"@id":"https:\/\/begamer.cz\/sk\/#organization"},"potentialAction":[{"@type":"SearchAction","target":{"@type":"EntryPoint","urlTemplate":"https:\/\/begamer.cz\/sk\/?s={search_term_string}"},"query-input":{"@type":"PropertyValueSpecification","valueRequired":true,"valueName":"search_term_string"}}],"inLanguage":"sk-SK"},{"@type":"Organization","@id":"https:\/\/begamer.cz\/sk\/#organization","name":"BeGamer.cz","url":"https:\/\/begamer.cz\/sk\/","logo":{"@type":"ImageObject","inLanguage":"sk-SK","@id":"https:\/\/begamer.cz\/sk\/#\/schema\/logo\/image\/","url":"https:\/\/begamer.cz\/wp-content\/uploads\/2025\/07\/logo.svg","contentUrl":"https:\/\/begamer.cz\/wp-content\/uploads\/2025\/07\/logo.svg","caption":"BeGamer.cz"},"image":{"@id":"https:\/\/begamer.cz\/sk\/#\/schema\/logo\/image\/"}}]}},"acf":[],"_links":{"self":[{"href":"https:\/\/begamer.cz\/sk\/wp-json\/wp\/v2\/product\/99035","targetHints":{"allow":["GET"]}}],"collection":[{"href":"https:\/\/begamer.cz\/sk\/wp-json\/wp\/v2\/product"}],"about":[{"href":"https:\/\/begamer.cz\/sk\/wp-json\/wp\/v2\/types\/product"}],"replies":[{"embeddable":true,"href":"https:\/\/begamer.cz\/sk\/wp-json\/wp\/v2\/comments?post=99035"}],"wp:featuredmedia":[{"embeddable":true,"href":"https:\/\/begamer.cz\/sk\/wp-json\/wp\/v2\/media\/29256"}],"wp:attachment":[{"href":"https:\/\/begamer.cz\/sk\/wp-json\/wp\/v2\/media?parent=99035"}],"wp:term":[{"taxonomy":"product_brand","embeddable":true,"href":"https:\/\/begamer.cz\/sk\/wp-json\/wp\/v2\/product_brand?post=99035"},{"taxonomy":"product_cat","embeddable":true,"href":"https:\/\/begamer.cz\/sk\/wp-json\/wp\/v2\/product_cat?post=99035"},{"taxonomy":"product_tag","embeddable":true,"href":"https:\/\/begamer.cz\/sk\/wp-json\/wp\/v2\/product_tag?post=99035"}],"curies":[{"name":"wp","href":"https:\/\/api.w.org\/{rel}","templated":true}]}}