{"id":98978,"date":"2026-01-30T17:35:45","date_gmt":"2026-01-30T16:35:45","guid":{"rendered":"https:\/\/begamer.cz\/produkt\/the-unliving-sk\/"},"modified":"2026-03-10T22:09:08","modified_gmt":"2026-03-10T21:09:08","slug":"the-unliving-sk","status":"publish","type":"product","link":"https:\/\/begamer.cz\/sk\/produkt\/the-unliving-sk\/","title":{"rendered":"The Unliving"},"content":{"rendered":"<p>R\u00ed\u0161a \u017eiv\u00fdch bola \u00faplne skazen\u00e1 a bl\u00ed\u017ei sa b\u00farka, ktor\u00e1 zmen\u00ed svetov\u00fd poriadok. Touto b\u00farkou si ty, mocn\u00fd nekromant, \u010darodejn\u00edk, ktor\u00fd popiera smr\u0165 a vedie l\u00e9gie m\u0155tvych. Klerici a lordi d\u00fafaj\u00fa, \u017ee sa skryj\u00fa za vysok\u00fdmi m\u00farmi, ale neexistuje pevnos\u0165, ktor\u00e1 by ich ochr\u00e1nila pred tvoj\u00edm hnevom. Poraz stovky t\u00fdch, ktor\u00ed ti stoja v ceste, a preme\u0148 ich na svoje n\u00e1stroje na ceste k vy\u0161\u0161iemu cie\u013eu.<\/p>\n<p>The Unliving je dynamick\u00e1 rogue-lite ak\u010dn\u00e1 RPG hra so strategick\u00fdmi prvkami. Vzkriesite nem\u0155tvych, pou\u017eijete mno\u017estvo k\u00faziel a presk\u00famate mystick\u00fd svet, v\u0161etko realizovan\u00e9 pomocou temnej extravagantnej pixelovej grafiky.<\/p>\n<p><strong><\/p>\n<h2 class=\"bb_tag\">PREMENITE NEPRIATE\u013dOV NA SVOJU ARM\u00c1DU NEMRTV\u00ddCH<\/h2>\n<p><\/strong><br \/>Ka\u017ed\u00e9ho padl\u00e9ho nepriate\u013ea m\u00f4\u017eete vzkriesi\u0165 a prida\u0165 do svojej arm\u00e1dy, aby ste vytvorili neobmedzen\u00e9 l\u00e9gie m\u0155tvych. Tieto o\u017eiven\u00e9 bytosti maj\u00fa svoje vlastn\u00e9 jedine\u010dn\u00e9 schopnosti, ako napr\u00edklad nem\u0155tvy k\u0148az, ktor\u00e9ho po\u017eehnania v \u017eivote teraz prekliatu va\u0161ich nepriate\u013eov v smrti.<br \/><span class=\"bb_img_ctn\"><video class=\"bb_img\" autoplay muted loop playsinline poster=\"https:\/\/shared.akamai.steamstatic.com\/store_item_assets\/steam\/apps\/986040\/extras\/eae190382b5f7d4418f701056935eaca.poster.avif?t=1742886025\" width=\"616\" height=\"262\"><\/video><\/span><\/p>\n<p><strong><\/p>\n<h2 class=\"bb_tag\">ODHALTE TAJOMSTV\u00c1 NEKROMANCIE<\/h2>\n<p><\/strong><br \/>Stretnite sa s farebn\u00fdmi postavami \u2013 priate\u013emi aj nepriate\u013emi. Vypo\u010d\u00favajte \u010dlenov svojho vlastn\u00e9ho nekromantick\u00e9ho kultu, vyn\u00fa\u0165te si odpovede od svojich nepriate\u013eov a dokonca komunikujte so svoj\u00edm vlastn\u00fdm phylacterium \u2013 aby ste k\u00fasok po k\u00fasku zhroma\u017edili straten\u00e9 spomienky nekromanta a odhalili podstatu jeho nesmrte\u013enosti. Kto vie, mo\u017eno zist\u00edte aj krut\u00fa pravdu o najvy\u0161\u0161\u00edch hierarchi\u00e1ch cirkvi.<br \/><span class=\"bb_img_ctn\"><img loading=\"lazy\" decoding=\"async\" class=\"bb_img\" src=\"https:\/\/shared.akamai.steamstatic.com\/store_item_assets\/steam\/apps\/986040\/extras\/279b3ba0f1cfe3763a3d97b61cdc53b6.avif?t=1742886025\" width=\"616\" height=\"259\" \/><\/span><\/p>\n<p><strong><\/p>\n<h2 class=\"bb_tag\">ROZDRVTE V\u0160ETK\u00ddCH, KTOR\u00cd V\u00c1M STOJA V CESTI<\/h2>\n<p><\/strong><br \/>Len niektor\u00ed \u017eiv\u00ed s\u00fa bezmocn\u00fdmi obe\u0165ami, ostatn\u00ed sa m\u00f4\u017eu br\u00e1ni\u0165 proti va\u0161im sil\u00e1m. Dr\u017eia poz\u00edcie, pohybuj\u00fa sa vo ve\u013ek\u00fdch skupin\u00e1ch a disponuj\u00fa aj mocn\u00fdmi schopnos\u0165ami. V\u00e1\u017eia si svoje \u017eivoty a \u013eahko sa nevzdaj\u00fa, tak\u017ee ako p\u00e1n nem\u0155tvych rozp\u00fatajte peklo, aby ste ich dostali na kolen\u00e1.<br \/><span class=\"bb_img_ctn\"><video class=\"bb_img\" autoplay muted loop playsinline poster=\"https:\/\/shared.akamai.steamstatic.com\/store_item_assets\/steam\/apps\/986040\/extras\/9964ba88b738347a9e1b7b368a03f026.poster.avif?t=1742886025\" width=\"616\" height=\"262\"><\/video><\/span><\/p>\n<p><strong><\/p>\n<h2 class=\"bb_tag\">DOB\u00ddVAJ NEZN\u00c1ME ZEMIE<\/h2>\n<p><\/strong><br \/>Svet je n\u00e1hodne generovan\u00fd pre ka\u017ed\u00e9 hranie a je bohat\u00fd na r\u00f4zne tvory, artefakty, tajn\u00e9 miestnosti a smrtiace pasce. Ka\u017ed\u00e1 \u010das\u0165 sveta je obsaden\u00e1 r\u00f4znymi \u017eiv\u00fdmi obyvate\u013emi \u2013 nap\u00e1dajte dediny a zab\u00edjajte slab\u00fdch ro\u013en\u00edkov, aby ste posilnili svoju arm\u00e1du, alebo sa zapojte do z\u00fafal\u00e9ho boja na smr\u0165 v mo\u010diaroch proti siln\u00fdm nepriate\u013eom.<br \/><span class=\"bb_img_ctn\"><video class=\"bb_img\" autoplay muted loop playsinline poster=\"https:\/\/shared.akamai.steamstatic.com\/store_item_assets\/steam\/apps\/986040\/extras\/66285d45d28409ebe3a639701af75320.poster.avif?t=1742886025\" width=\"616\" height=\"136\"><\/video><\/span><\/p>\n<p><strong><\/p>\n<h2 class=\"bb_tag\">BOJUJ S EPICK\u00ddMI BOSSMI<\/h2>\n<p><\/strong><br \/>Mocn\u00e9 tvory tohto temn\u00e9ho sveta urobia v\u0161etko, \u010do m\u00f4\u017eu, aby v\u00e1s zastavili. Ka\u017ed\u00fd boss m\u00e1 jedine\u010dn\u00fd bojov\u00fd \u0161t\u00fdl a s\u00fabor schopnost\u00ed, \u010do znamen\u00e1, \u017ee obratnos\u0165 v boji a strategick\u00e9 myslenie bud\u00fa k\u013e\u00fa\u010dov\u00e9 pre v\u00ed\u0165azstvo v t\u00fdchto vy\u010derp\u00e1vaj\u00facich stretnutiach.<br \/><span class=\"bb_img_ctn\"><video class=\"bb_img\" autoplay muted loop playsinline poster=\"https:\/\/shared.akamai.steamstatic.com\/store_item_assets\/steam\/apps\/986040\/extras\/b71a92e620b4a2cc2684a3805167a798.poster.avif?t=1742886025\" width=\"616\" height=\"136\"><\/video><\/span><\/p>\n<p><strong><\/p>\n<h2 class=\"bb_tag\">ZOMRI A VST\u00c1VAJ ZNOVA<\/h2>\n<p><\/strong><br \/>Schopnos\u0165 poprie\u0165 samotn\u00fa smr\u0165 je najv\u00e4\u010d\u0161\u00edm tajomstvom nekromanta. \u010eal\u0161\u00ed smrte\u013en\u00fd \u00fader je pre neho len prek\u00e1\u017ekou. Pou\u010dte sa zo svojej smrti a nenechajte svojich nepriate\u013eov, aby v\u00e1s dvakr\u00e1t chytili rovnak\u00fdm sp\u00f4sobom.<br \/><span class=\"bb_img_ctn\"><video class=\"bb_img\" autoplay muted loop playsinline poster=\"https:\/\/shared.akamai.steamstatic.com\/store_item_assets\/steam\/apps\/986040\/extras\/bb167825d7aa9b2b5f94aa9a1c65370a.poster.avif?t=1742886025\" width=\"616\" height=\"136\"><\/video><\/span><\/p>\n","protected":false},"excerpt":{"rendered":"<p>Vzkries m\u0155tvych ako desiv\u00fd nekromant v temnom svete The Unliving! Vezmi svoje arm\u00e1dy nem\u0155tvych do nekone\u010dn\u00e9ho boja v tejto rogue-lite ak\u010dnej RPG hre. Sp\u00e1\u013e mest\u00e1 na popol pomocou ni\u010div\u00fdch k\u00fazel, zab\u00edjaj epick\u00fdch bossov a preme\u0148 svojich nepriate\u013eov na morb\u00eddnych sluhov.<\/p>\n","protected":false},"featured_media":73519,"comment_status":"open","ping_status":"closed","template":"","meta":{"_acf_changed":false},"product_brand":[],"product_cat":[270,290,268,266,308,312],"product_tag":[],"class_list":{"0":"post-98978","1":"product","2":"type-product","3":"status-publish","4":"has-post-thumbnail","6":"product_cat-adventury-pc-hry-sk","7":"product_cat-indie-hry-pc-sk","8":"product_cat-pc-sk","9":"product_cat-pc-hry-sk","10":"product_cat-rpg-pc-hry-sk","11":"product_cat-steam-pc-sk","12":"pa_countries-ad","13":"pa_countries-ae","14":"pa_countries-af","15":"pa_countries-ag","16":"pa_countries-ai","17":"pa_countries-al","18":"pa_countries-am","19":"pa_countries-ao","20":"pa_countries-aq","21":"pa_countries-ar","22":"pa_countries-as","23":"pa_countries-at","24":"pa_countries-au","25":"pa_countries-aw","26":"pa_countries-ax","27":"pa_countries-az","28":"pa_countries-ba","29":"pa_countries-bb","30":"pa_countries-bd","31":"pa_countries-be","32":"pa_countries-bf","33":"pa_countries-bg","34":"pa_countries-bh","35":"pa_countries-bi","36":"pa_countries-bj","37":"pa_countries-bl","38":"pa_countries-bm","39":"pa_countries-bn","40":"pa_countries-bo","41":"pa_countries-bq","42":"pa_countries-br","43":"pa_countries-bs","44":"pa_countries-bt","45":"pa_countries-bv","46":"pa_countries-bw","47":"pa_countries-bz","48":"pa_countries-ca","49":"pa_countries-cc","50":"pa_countries-cd","51":"pa_countries-cf","52":"pa_countries-cg","53":"pa_countries-ch","54":"pa_countries-ci","55":"pa_countries-ck","56":"pa_countries-cl","57":"pa_countries-cm","58":"pa_countries-cn","59":"pa_countries-co","60":"pa_countries-cr","61":"pa_countries-cu","62":"pa_countries-cv","63":"pa_countries-cw","64":"pa_countries-cx","65":"pa_countries-cy","66":"pa_countries-cz","67":"pa_countries-de","68":"pa_countries-dj","69":"pa_countries-dk","70":"pa_countries-dm","71":"pa_countries-do","72":"pa_countries-dz","73":"pa_countries-ec","74":"pa_countries-ee","75":"pa_countries-eg","76":"pa_countries-eh","77":"pa_countries-er","78":"pa_countries-es","79":"pa_countries-et","80":"pa_countries-fi","81":"pa_countries-fj","82":"pa_countries-fk","83":"pa_countries-fm","84":"pa_countries-fo","85":"pa_countries-fr","86":"pa_countries-ga","87":"pa_countries-gb","88":"pa_countries-gd","89":"pa_countries-ge","90":"pa_countries-gf","91":"pa_countries-gg","92":"pa_countries-gh","93":"pa_countries-gi","94":"pa_countries-gl","95":"pa_countries-gm","96":"pa_countries-gn","97":"pa_countries-gp","98":"pa_countries-gq","99":"pa_countries-gr","100":"pa_countries-gs","101":"pa_countries-gt","102":"pa_countries-gu","103":"pa_countries-gw","104":"pa_countries-gy","105":"pa_countries-hk","106":"pa_countries-hm","107":"pa_countries-hn","108":"pa_countries-hr","109":"pa_countries-ht","110":"pa_countries-hu","111":"pa_countries-id","112":"pa_countries-ie","113":"pa_countries-il","114":"pa_countries-im","115":"pa_countries-in","116":"pa_countries-io","117":"pa_countries-iq","118":"pa_countries-ir","119":"pa_countries-is","120":"pa_countries-it","121":"pa_countries-je","122":"pa_countries-jm","123":"pa_countries-jo","124":"pa_countries-jp","125":"pa_countries-ke","126":"pa_countries-kg","127":"pa_countries-kh","128":"pa_countries-ki","129":"pa_countries-km","130":"pa_countries-kn","131":"pa_countries-kp","132":"pa_countries-kr","133":"pa_countries-kw","134":"pa_countries-ky","135":"pa_countries-kz","136":"pa_countries-la","137":"pa_countries-lb","138":"pa_countries-lc","139":"pa_countries-li","140":"pa_countries-lk","141":"pa_countries-lr","142":"pa_countries-ls","143":"pa_countries-lt","144":"pa_countries-lu","145":"pa_countries-lv","146":"pa_countries-ly","147":"pa_countries-ma","148":"pa_countries-mc","149":"pa_countries-md","150":"pa_countries-me","151":"pa_countries-mf","152":"pa_countries-mg","153":"pa_countries-mh","154":"pa_countries-mk","155":"pa_countries-ml","156":"pa_countries-mm","157":"pa_countries-mn","158":"pa_countries-mo","159":"pa_countries-mp","160":"pa_countries-mq","161":"pa_countries-mr","162":"pa_countries-ms","163":"pa_countries-mt","164":"pa_countries-mu","165":"pa_countries-mv","166":"pa_countries-mw","167":"pa_countries-mx","168":"pa_countries-my","169":"pa_countries-mz","170":"pa_countries-na","171":"pa_countries-nc","172":"pa_countries-ne","173":"pa_countries-nf","174":"pa_countries-ng","175":"pa_countries-ni","176":"pa_countries-nl","177":"pa_countries-no","178":"pa_countries-np","179":"pa_countries-nr","180":"pa_countries-nu","181":"pa_countries-nz","182":"pa_countries-om","183":"pa_countries-pa","184":"pa_countries-pe","185":"pa_countries-pf","186":"pa_countries-pg","187":"pa_countries-ph","188":"pa_countries-pk","189":"pa_countries-pl","190":"pa_countries-pm","191":"pa_countries-pn","192":"pa_countries-pr","193":"pa_countries-ps","194":"pa_countries-pt","195":"pa_countries-pw","196":"pa_countries-py","197":"pa_countries-qa","198":"pa_countries-re","199":"pa_countries-ro","200":"pa_countries-rs","201":"pa_countries-rw","202":"pa_countries-sa","203":"pa_countries-sb","204":"pa_countries-sc","205":"pa_countries-sd","206":"pa_countries-se","207":"pa_countries-sg","208":"pa_countries-sh","209":"pa_countries-si","210":"pa_countries-sj","211":"pa_countries-sk","212":"pa_countries-sl","213":"pa_countries-sm","214":"pa_countries-sn","215":"pa_countries-so","216":"pa_countries-sr","217":"pa_countries-ss","219":"pa_countries-st","220":"pa_countries-sv","221":"pa_countries-sx","222":"pa_countries-sy","223":"pa_countries-sz","224":"pa_countries-tc","225":"pa_countries-td","226":"pa_countries-tf","227":"pa_countries-tg","228":"pa_countries-th","229":"pa_countries-tj","230":"pa_countries-tk","231":"pa_countries-tl","232":"pa_countries-tm","233":"pa_countries-tn","234":"pa_countries-to","235":"pa_countries-tr","236":"pa_countries-tt","237":"pa_countries-tv","238":"pa_countries-tw","239":"pa_countries-tz","240":"pa_countries-ua","241":"pa_countries-ug","242":"pa_countries-um","243":"pa_countries-us","244":"pa_countries-uy","245":"pa_countries-uz","246":"pa_countries-va","247":"pa_countries-vc","248":"pa_countries-ve","249":"pa_countries-vg","250":"pa_countries-vi","251":"pa_countries-vn","252":"pa_countries-vu","253":"pa_countries-wf","254":"pa_countries-ws","255":"pa_countries-xk","257":"pa_countries-ye","258":"pa_countries-yt","259":"pa_countries-za","260":"pa_countries-zm","261":"pa_countries-zw","262":"pa_developer-rocketbrush-studio","263":"pa_engine-unity","265":"pa_game_type-main_game","267":"pa_genres-adventure","268":"pa_genres-hack-and-slash-beat-em-up","270":"pa_genres-indie","271":"pa_genres-real-time-strategy-rts","273":"pa_genres-role-playing-rpg","274":"pa_interface-de-de","275":"pa_interface-en-us","276":"pa_interface-es-es","277":"pa_interface-fr-fr","278":"pa_interface-ja-jp","279":"pa_interface-ko-kr","280":"pa_interface-pl-pl","281":"pa_interface-pt-br","283":"pa_interface-ru-ru","285":"pa_interface-zh-cn","286":"pa_keywords-dark-fantasy","287":"pa_keywords-diablo-like","288":"pa_keywords-magic","289":"pa_keywords-necromancy","290":"pa_keywords-pixel-art","292":"pa_keywords-roguelike","293":"pa_keywords-roguelite","295":"pa_keywords-undead","296":"pa_keywords-zombies","297":"pa_modes-single-player","299":"pa_pegi-13432","300":"pa_pegi-956","301":"pa_platform-pc-steam","303":"pa_player_perspectives-bird-view-isometric","305":"pa_player_perspectives-third-person","307":"pa_publisher-team17","309":"pa_rating-14441","310":"pa_rating-773","311":"pa_region-global","313":"pa_subtitles-de-de","315":"pa_subtitles-en-us","316":"pa_subtitles-es-es","317":"pa_subtitles-fr-fr","318":"pa_subtitles-ja-jp","319":"pa_subtitles-ko-kr","320":"pa_subtitles-pl-pl","321":"pa_subtitles-pt-br","322":"pa_subtitles-ru-ru","324":"pa_subtitles-zh-cn","325":"pa_themes-action","326":"pa_themes-fantasy","328":"pa_themes-horror","331":"first","332":"instock","333":"virtual","334":"taxable","335":"purchasable","336":"product-type-simple"},"yoast_head":"<!-- This site is optimized with the Yoast SEO plugin v27.3 - https:\/\/yoast.com\/product\/yoast-seo-wordpress\/ -->\n<title>The Unliving | BeGamer.cz<\/title>\n<meta name=\"robots\" content=\"index, follow, max-snippet:-1, max-image-preview:large, max-video-preview:-1\" \/>\n<link rel=\"canonical\" href=\"https:\/\/begamer.cz\/sk\/produkt\/the-unliving-sk\/\" \/>\n<meta property=\"og:locale\" content=\"sk_SK\" \/>\n<meta property=\"og:type\" content=\"article\" \/>\n<meta property=\"og:title\" content=\"The Unliving | BeGamer.cz\" \/>\n<meta property=\"og:description\" content=\"Vzkries m\u0155tvych ako desiv\u00fd nekromant v temnom svete The Unliving! Vezmi svoje arm\u00e1dy nem\u0155tvych do nekone\u010dn\u00e9ho boja v tejto rogue-lite ak\u010dnej RPG hre. Sp\u00e1\u013e mest\u00e1 na popol pomocou ni\u010div\u00fdch k\u00fazel, zab\u00edjaj epick\u00fdch bossov a preme\u0148 svojich nepriate\u013eov na morb\u00eddnych sluhov.\" \/>\n<meta property=\"og:url\" content=\"https:\/\/begamer.cz\/sk\/produkt\/the-unliving-sk\/\" \/>\n<meta property=\"og:site_name\" content=\"BeGamer.cz\" \/>\n<meta property=\"article:modified_time\" content=\"2026-03-10T21:09:08+00:00\" \/>\n<meta property=\"og:image\" content=\"https:\/\/begamer.cz\/wp-content\/uploads\/2026\/01\/the-unliving-5.webp\" \/>\n\t<meta property=\"og:image:width\" content=\"300\" \/>\n\t<meta property=\"og:image:height\" content=\"400\" \/>\n\t<meta property=\"og:image:type\" content=\"image\/webp\" \/>\n<meta name=\"twitter:card\" content=\"summary_large_image\" \/>\n<meta name=\"twitter:label1\" content=\"Predpokladan\u00fd \u010das \u010d\u00edtania\" \/>\n\t<meta name=\"twitter:data1\" content=\"2 min\u00faty\" \/>\n<script type=\"application\/ld+json\" class=\"yoast-schema-graph\">{\"@context\":\"https:\\\/\\\/schema.org\",\"@graph\":[{\"@type\":\"WebPage\",\"@id\":\"https:\\\/\\\/begamer.cz\\\/sk\\\/produkt\\\/the-unliving-sk\\\/\",\"url\":\"https:\\\/\\\/begamer.cz\\\/sk\\\/produkt\\\/the-unliving-sk\\\/\",\"name\":\"The Unliving | BeGamer.cz\",\"isPartOf\":{\"@id\":\"https:\\\/\\\/begamer.cz\\\/sk\\\/#website\"},\"primaryImageOfPage\":{\"@id\":\"https:\\\/\\\/begamer.cz\\\/sk\\\/produkt\\\/the-unliving-sk\\\/#primaryimage\"},\"image\":{\"@id\":\"https:\\\/\\\/begamer.cz\\\/sk\\\/produkt\\\/the-unliving-sk\\\/#primaryimage\"},\"thumbnailUrl\":\"https:\\\/\\\/begamer.cz\\\/wp-content\\\/uploads\\\/2026\\\/01\\\/the-unliving-5.webp\",\"datePublished\":\"2026-01-30T16:35:45+00:00\",\"dateModified\":\"2026-03-10T21:09:08+00:00\",\"breadcrumb\":{\"@id\":\"https:\\\/\\\/begamer.cz\\\/sk\\\/produkt\\\/the-unliving-sk\\\/#breadcrumb\"},\"inLanguage\":\"sk-SK\",\"potentialAction\":[{\"@type\":\"ReadAction\",\"target\":[\"https:\\\/\\\/begamer.cz\\\/sk\\\/produkt\\\/the-unliving-sk\\\/\"]}]},{\"@type\":\"ImageObject\",\"inLanguage\":\"sk-SK\",\"@id\":\"https:\\\/\\\/begamer.cz\\\/sk\\\/produkt\\\/the-unliving-sk\\\/#primaryimage\",\"url\":\"https:\\\/\\\/begamer.cz\\\/wp-content\\\/uploads\\\/2026\\\/01\\\/the-unliving-5.webp\",\"contentUrl\":\"https:\\\/\\\/begamer.cz\\\/wp-content\\\/uploads\\\/2026\\\/01\\\/the-unliving-5.webp\",\"width\":300,\"height\":400},{\"@type\":\"BreadcrumbList\",\"@id\":\"https:\\\/\\\/begamer.cz\\\/sk\\\/produkt\\\/the-unliving-sk\\\/#breadcrumb\",\"itemListElement\":[{\"@type\":\"ListItem\",\"position\":1,\"name\":\"Domov\",\"item\":\"https:\\\/\\\/begamer.cz\\\/sk\\\/\"},{\"@type\":\"ListItem\",\"position\":2,\"name\":\"Obchod\",\"item\":\"https:\\\/\\\/begamer.cz\\\/obchod\\\/\"},{\"@type\":\"ListItem\",\"position\":3,\"name\":\"The Unliving\"}]},{\"@type\":\"WebSite\",\"@id\":\"https:\\\/\\\/begamer.cz\\\/sk\\\/#website\",\"url\":\"https:\\\/\\\/begamer.cz\\\/sk\\\/\",\"name\":\"BeGamer.cz\",\"description\":\"\",\"publisher\":{\"@id\":\"https:\\\/\\\/begamer.cz\\\/sk\\\/#organization\"},\"potentialAction\":[{\"@type\":\"SearchAction\",\"target\":{\"@type\":\"EntryPoint\",\"urlTemplate\":\"https:\\\/\\\/begamer.cz\\\/sk\\\/?s={search_term_string}\"},\"query-input\":{\"@type\":\"PropertyValueSpecification\",\"valueRequired\":true,\"valueName\":\"search_term_string\"}}],\"inLanguage\":\"sk-SK\"},{\"@type\":\"Organization\",\"@id\":\"https:\\\/\\\/begamer.cz\\\/sk\\\/#organization\",\"name\":\"BeGamer.cz\",\"url\":\"https:\\\/\\\/begamer.cz\\\/sk\\\/\",\"logo\":{\"@type\":\"ImageObject\",\"inLanguage\":\"sk-SK\",\"@id\":\"https:\\\/\\\/begamer.cz\\\/sk\\\/#\\\/schema\\\/logo\\\/image\\\/\",\"url\":\"https:\\\/\\\/begamer.cz\\\/wp-content\\\/uploads\\\/2025\\\/07\\\/logo.svg\",\"contentUrl\":\"https:\\\/\\\/begamer.cz\\\/wp-content\\\/uploads\\\/2025\\\/07\\\/logo.svg\",\"caption\":\"BeGamer.cz\"},\"image\":{\"@id\":\"https:\\\/\\\/begamer.cz\\\/sk\\\/#\\\/schema\\\/logo\\\/image\\\/\"}}]}<\/script>\n<!-- \/ Yoast SEO plugin. -->","yoast_head_json":{"title":"The Unliving | BeGamer.cz","robots":{"index":"index","follow":"follow","max-snippet":"max-snippet:-1","max-image-preview":"max-image-preview:large","max-video-preview":"max-video-preview:-1"},"canonical":"https:\/\/begamer.cz\/sk\/produkt\/the-unliving-sk\/","og_locale":"sk_SK","og_type":"article","og_title":"The Unliving | BeGamer.cz","og_description":"Vzkries m\u0155tvych ako desiv\u00fd nekromant v temnom svete The Unliving! Vezmi svoje arm\u00e1dy nem\u0155tvych do nekone\u010dn\u00e9ho boja v tejto rogue-lite ak\u010dnej RPG hre. Sp\u00e1\u013e mest\u00e1 na popol pomocou ni\u010div\u00fdch k\u00fazel, zab\u00edjaj epick\u00fdch bossov a preme\u0148 svojich nepriate\u013eov na morb\u00eddnych sluhov.","og_url":"https:\/\/begamer.cz\/sk\/produkt\/the-unliving-sk\/","og_site_name":"BeGamer.cz","article_modified_time":"2026-03-10T21:09:08+00:00","og_image":[{"width":300,"height":400,"url":"https:\/\/begamer.cz\/wp-content\/uploads\/2026\/01\/the-unliving-5.webp","type":"image\/webp"}],"twitter_card":"summary_large_image","twitter_misc":{"Predpokladan\u00fd \u010das \u010d\u00edtania":"2 min\u00faty"},"schema":{"@context":"https:\/\/schema.org","@graph":[{"@type":"WebPage","@id":"https:\/\/begamer.cz\/sk\/produkt\/the-unliving-sk\/","url":"https:\/\/begamer.cz\/sk\/produkt\/the-unliving-sk\/","name":"The Unliving | BeGamer.cz","isPartOf":{"@id":"https:\/\/begamer.cz\/sk\/#website"},"primaryImageOfPage":{"@id":"https:\/\/begamer.cz\/sk\/produkt\/the-unliving-sk\/#primaryimage"},"image":{"@id":"https:\/\/begamer.cz\/sk\/produkt\/the-unliving-sk\/#primaryimage"},"thumbnailUrl":"https:\/\/begamer.cz\/wp-content\/uploads\/2026\/01\/the-unliving-5.webp","datePublished":"2026-01-30T16:35:45+00:00","dateModified":"2026-03-10T21:09:08+00:00","breadcrumb":{"@id":"https:\/\/begamer.cz\/sk\/produkt\/the-unliving-sk\/#breadcrumb"},"inLanguage":"sk-SK","potentialAction":[{"@type":"ReadAction","target":["https:\/\/begamer.cz\/sk\/produkt\/the-unliving-sk\/"]}]},{"@type":"ImageObject","inLanguage":"sk-SK","@id":"https:\/\/begamer.cz\/sk\/produkt\/the-unliving-sk\/#primaryimage","url":"https:\/\/begamer.cz\/wp-content\/uploads\/2026\/01\/the-unliving-5.webp","contentUrl":"https:\/\/begamer.cz\/wp-content\/uploads\/2026\/01\/the-unliving-5.webp","width":300,"height":400},{"@type":"BreadcrumbList","@id":"https:\/\/begamer.cz\/sk\/produkt\/the-unliving-sk\/#breadcrumb","itemListElement":[{"@type":"ListItem","position":1,"name":"Domov","item":"https:\/\/begamer.cz\/sk\/"},{"@type":"ListItem","position":2,"name":"Obchod","item":"https:\/\/begamer.cz\/obchod\/"},{"@type":"ListItem","position":3,"name":"The Unliving"}]},{"@type":"WebSite","@id":"https:\/\/begamer.cz\/sk\/#website","url":"https:\/\/begamer.cz\/sk\/","name":"BeGamer.cz","description":"","publisher":{"@id":"https:\/\/begamer.cz\/sk\/#organization"},"potentialAction":[{"@type":"SearchAction","target":{"@type":"EntryPoint","urlTemplate":"https:\/\/begamer.cz\/sk\/?s={search_term_string}"},"query-input":{"@type":"PropertyValueSpecification","valueRequired":true,"valueName":"search_term_string"}}],"inLanguage":"sk-SK"},{"@type":"Organization","@id":"https:\/\/begamer.cz\/sk\/#organization","name":"BeGamer.cz","url":"https:\/\/begamer.cz\/sk\/","logo":{"@type":"ImageObject","inLanguage":"sk-SK","@id":"https:\/\/begamer.cz\/sk\/#\/schema\/logo\/image\/","url":"https:\/\/begamer.cz\/wp-content\/uploads\/2025\/07\/logo.svg","contentUrl":"https:\/\/begamer.cz\/wp-content\/uploads\/2025\/07\/logo.svg","caption":"BeGamer.cz"},"image":{"@id":"https:\/\/begamer.cz\/sk\/#\/schema\/logo\/image\/"}}]}},"acf":[],"_links":{"self":[{"href":"https:\/\/begamer.cz\/sk\/wp-json\/wp\/v2\/product\/98978","targetHints":{"allow":["GET"]}}],"collection":[{"href":"https:\/\/begamer.cz\/sk\/wp-json\/wp\/v2\/product"}],"about":[{"href":"https:\/\/begamer.cz\/sk\/wp-json\/wp\/v2\/types\/product"}],"replies":[{"embeddable":true,"href":"https:\/\/begamer.cz\/sk\/wp-json\/wp\/v2\/comments?post=98978"}],"wp:featuredmedia":[{"embeddable":true,"href":"https:\/\/begamer.cz\/sk\/wp-json\/wp\/v2\/media\/73519"}],"wp:attachment":[{"href":"https:\/\/begamer.cz\/sk\/wp-json\/wp\/v2\/media?parent=98978"}],"wp:term":[{"taxonomy":"product_brand","embeddable":true,"href":"https:\/\/begamer.cz\/sk\/wp-json\/wp\/v2\/product_brand?post=98978"},{"taxonomy":"product_cat","embeddable":true,"href":"https:\/\/begamer.cz\/sk\/wp-json\/wp\/v2\/product_cat?post=98978"},{"taxonomy":"product_tag","embeddable":true,"href":"https:\/\/begamer.cz\/sk\/wp-json\/wp\/v2\/product_tag?post=98978"}],"curies":[{"name":"wp","href":"https:\/\/api.w.org\/{rel}","templated":true}]}}