{"id":98921,"date":"2026-01-30T17:34:28","date_gmt":"2026-01-30T16:34:28","guid":{"rendered":"https:\/\/begamer.cz\/produkt\/the-survivalists-sk\/"},"modified":"2026-03-10T22:02:32","modified_gmt":"2026-03-10T21:02:32","slug":"the-survivalists-sk","status":"publish","type":"product","link":"https:\/\/begamer.cz\/sk\/produkt\/the-survivalists-sk\/","title":{"rendered":"The Survivalists"},"content":{"rendered":"<p><span class=\"bb_img_ctn\"><video class=\"bb_img\" autoplay muted loop playsinline poster=\"https:\/\/shared.akamai.steamstatic.com\/store_item_assets\/steam\/apps\/897450\/extras\/b0a2c90ef903ae89a22dce357426c6ef.poster.avif?t=1729002422\" width=600 height=150 ><source src=\"https:\/\/shared.akamai.steamstatic.com\/store_item_assets\/steam\/apps\/897450\/extras\/b0a2c90ef903ae89a22dce357426c6ef.webm?t=1729002422\" type=\"video\/webm; codecs=vp9\"><source src=\"https:\/\/shared.akamai.steamstatic.com\/store_item_assets\/steam\/apps\/897450\/extras\/b0a2c90ef903ae89a22dce357426c6ef.mp4?t=1729002422\" type=\"video\/mp4\"><\/video><\/span><\/p>\n<p>Ostrov je \u017eiv\u00fd! V\u00e1\u0161 nov\u00fd domov sa bude meni\u0165 s cyklami d\u0148a a noci, ako budete objavova\u0165 a odha\u013eova\u0165 jeho tajomstv\u00e1. Lovte (alebo bu\u010fte loven\u00fd!) zvierat\u00e1 na jedlo a rad m\u00fdtick\u00fdch nepriate\u013eov, ktor\u00ed v\u00e1s nemusia ma\u0165 v l\u00e1ske. Z\u00edskavajte \u00falohy od tajomn\u00e9ho cudzinca alebo ich n\u00e1jdite vyplaven\u00e9 na brehu. Pripravte sa na v\u00fdpravu do procedur\u00e1lne generovanej divo\u010diny s r\u00f4znorod\u00fdmi bi\u00f3mami, kde v\u00e1s \u010dak\u00e1 dobrodru\u017estvo, ktor\u00e9 je jedine\u010dn\u00e9 pre ka\u017ed\u00e9ho hr\u00e1\u010da.<\/p>\n<p><span class=\"bb_img_ctn\"><video class=\"bb_img\" autoplay muted loop playsinline poster=\"https:\/\/shared.akamai.steamstatic.com\/store_item_assets\/steam\/apps\/897450\/extras\/ec7f66a35201df649543329a330ac0ba.poster.avif?t=1729002422\" width=600 height=338 ><source src=\"https:\/\/shared.akamai.steamstatic.com\/store_item_assets\/steam\/apps\/897450\/extras\/ec7f66a35201df649543329a330ac0ba.webm?t=1729002422\" type=\"video\/webm; codecs=vp9\"><source src=\"https:\/\/shared.akamai.steamstatic.com\/store_item_assets\/steam\/apps\/897450\/extras\/ec7f66a35201df649543329a330ac0ba.mp4?t=1729002422\" type=\"video\/mp4\"><\/video><\/span><\/p>\n<p><span class=\"bb_img_ctn\"><video class=\"bb_img\" autoplay muted loop playsinline poster=\"https:\/\/shared.akamai.steamstatic.com\/store_item_assets\/steam\/apps\/897450\/extras\/00ffcdaab01b47aafb5cf63f4d5c7580.poster.avif?t=1729002422\" width=600 height=150 ><source src=\"https:\/\/shared.akamai.steamstatic.com\/store_item_assets\/steam\/apps\/897450\/extras\/00ffcdaab01b47aafb5cf63f4d5c7580.webm?t=1729002422\" type=\"video\/webm; codecs=vp9\"><source src=\"https:\/\/shared.akamai.steamstatic.com\/store_item_assets\/steam\/apps\/897450\/extras\/00ffcdaab01b47aafb5cf63f4d5c7580.mp4?t=1729002422\" type=\"video\/mp4\"><\/video><\/span><\/p>\n<p>Pova\u017eujete nebezpe\u010denstv\u00e1 \u017eivota na ostrove za pr\u00edli\u0161 ve\u013ek\u00e9 alebo sa len chcete podeli\u0165 o svoje stavebn\u00e9 sk\u00fasenosti s priate\u013emi? The Survivalists je tu pre v\u00e1s! Absolvujte spolo\u010dn\u00e9 dobrodru\u017estv\u00e1, z\u00edskavajte koris\u0165, obchodujte a nakoniec pre\u017eite spolo\u010dne, ke\u010f vy a a\u017e traja \u010fal\u0161\u00ed stroskotanci presk\u00famavate fantastick\u00e9 ostrovy.<\/p>\n<p><span class=\"bb_img_ctn\"><video class=\"bb_img\" autoplay muted loop playsinline poster=\"https:\/\/shared.akamai.steamstatic.com\/store_item_assets\/steam\/apps\/897450\/extras\/be044a22f63b3783a4fa5af389e6a5f1.poster.avif?t=1729002422\" width=600 height=338 ><source src=\"https:\/\/shared.akamai.steamstatic.com\/store_item_assets\/steam\/apps\/897450\/extras\/be044a22f63b3783a4fa5af389e6a5f1.webm?t=1729002422\" type=\"video\/webm; codecs=vp9\"><source src=\"https:\/\/shared.akamai.steamstatic.com\/store_item_assets\/steam\/apps\/897450\/extras\/be044a22f63b3783a4fa5af389e6a5f1.mp4?t=1729002422\" type=\"video\/mp4\"><\/video><\/span><\/p>\n<p><span class=\"bb_img_ctn\"><video class=\"bb_img\" autoplay muted loop playsinline poster=\"https:\/\/shared.akamai.steamstatic.com\/store_item_assets\/steam\/apps\/897450\/extras\/a9817309848f7a7526444dadd291d65e.poster.avif?t=1729002422\" width=600 height=150 ><source src=\"https:\/\/shared.akamai.steamstatic.com\/store_item_assets\/steam\/apps\/897450\/extras\/a9817309848f7a7526444dadd291d65e.webm?t=1729002422\" type=\"video\/webm; codecs=vp9\"><source src=\"https:\/\/shared.akamai.steamstatic.com\/store_item_assets\/steam\/apps\/897450\/extras\/a9817309848f7a7526444dadd291d65e.mp4?t=1729002422\" type=\"video\/mp4\"><\/video><\/span><\/p>\n<p>Ak potrebujete stavite\u013ea, drevoruba\u010da alebo dokonca vojaka, opice na ostrove m\u00f4\u017eete skroti\u0165 a vycvi\u010di\u0165, aby v\u00e1m pom\u00e1hali s ka\u017edodenn\u00fdmi \u00falohami alebo v\u00e1s podporovali pri n\u00e1jazdoch na fanatick\u00fd t\u00e1bor! Syst\u00e9m Mimic znamen\u00e1, \u017ee va\u0161i drz\u00ed nov\u00ed priatelia m\u00f4\u017eu vykon\u00e1va\u0165 \u0161irok\u00fa \u0161k\u00e1lu funkci\u00ed, pri\u010dom riadenie op\u00edc sa st\u00e1va k\u013e\u00fa\u010dom k pre\u017eitiu v\u00fdziev ostrova.<\/p>\n<p><span class=\"bb_img_ctn\"><video class=\"bb_img\" autoplay muted loop playsinline poster=\"https:\/\/shared.akamai.steamstatic.com\/store_item_assets\/steam\/apps\/897450\/extras\/d12297b7e64d36d3edb37fc19f952347.poster.avif?t=1729002422\" width=600 height=338 ><source src=\"https:\/\/shared.akamai.steamstatic.com\/store_item_assets\/steam\/apps\/897450\/extras\/d12297b7e64d36d3edb37fc19f952347.webm?t=1729002422\" type=\"video\/webm; codecs=vp9\"><source src=\"https:\/\/shared.akamai.steamstatic.com\/store_item_assets\/steam\/apps\/897450\/extras\/d12297b7e64d36d3edb37fc19f952347.mp4?t=1729002422\" type=\"video\/mp4\"><\/video><\/span><\/p>\n<p><span class=\"bb_img_ctn\"><video class=\"bb_img\" autoplay muted loop playsinline poster=\"https:\/\/shared.akamai.steamstatic.com\/store_item_assets\/steam\/apps\/897450\/extras\/1509ccd3f80031d2eebf9ec9fc02fe73.poster.avif?t=1729002422\" width=600 height=150 ><source src=\"https:\/\/shared.akamai.steamstatic.com\/store_item_assets\/steam\/apps\/897450\/extras\/1509ccd3f80031d2eebf9ec9fc02fe73.webm?t=1729002422\" type=\"video\/webm; codecs=vp9\"><source src=\"https:\/\/shared.akamai.steamstatic.com\/store_item_assets\/steam\/apps\/897450\/extras\/1509ccd3f80031d2eebf9ec9fc02fe73.mp4?t=1729002422\" type=\"video\/mp4\"><\/video><\/span><\/p>\n<p>Tajomstvom pre\u017eitia je \u010do najlep\u0161ie vyu\u017ei\u0165 zdroje, ktor\u00e9 m\u00e1te k dispoz\u00edcii. \u010ci u\u017e ide o zostavenie primit\u00edvnej sekery na sekanie dreva alebo namie\u0161anie osvie\u017euj\u00faceho ovocn\u00e9ho smoothie, aby ste zahnal hlad, m\u00f4\u017eete objavova\u0165 recepty a roz\u0161irova\u0165 svoje mo\u017enosti v oblasti v\u00fdroby jedla, predmetov alebo stavieb.<\/p>\n<p><span class=\"bb_img_ctn\"><video class=\"bb_img\" autoplay muted loop playsinline poster=\"https:\/\/shared.akamai.steamstatic.com\/store_item_assets\/steam\/apps\/897450\/extras\/3607ea00a35755e578906ce757aa99ae.poster.avif?t=1729002422\" width=600 height=338 ><source src=\"https:\/\/shared.akamai.steamstatic.com\/store_item_assets\/steam\/apps\/897450\/extras\/3607ea00a35755e578906ce757aa99ae.webm?t=1729002422\" type=\"video\/webm; codecs=vp9\"><source src=\"https:\/\/shared.akamai.steamstatic.com\/store_item_assets\/steam\/apps\/897450\/extras\/3607ea00a35755e578906ce757aa99ae.mp4?t=1729002422\" type=\"video\/mp4\"><\/video><\/span><\/p>\n<p><span class=\"bb_img_ctn\"><video class=\"bb_img\" autoplay muted loop playsinline poster=\"https:\/\/shared.akamai.steamstatic.com\/store_item_assets\/steam\/apps\/897450\/extras\/c89c8bab335ba6b8971eda11c5418c5d.poster.avif?t=1729002422\" width=600 height=150 ><source src=\"https:\/\/shared.akamai.steamstatic.com\/store_item_assets\/steam\/apps\/897450\/extras\/c89c8bab335ba6b8971eda11c5418c5d.webm?t=1729002422\" type=\"video\/webm; codecs=vp9\"><source src=\"https:\/\/shared.akamai.steamstatic.com\/store_item_assets\/steam\/apps\/897450\/extras\/c89c8bab335ba6b8971eda11c5418c5d.mp4?t=1729002422\" type=\"video\/mp4\"><\/video><\/span><\/p>\n<p>H\u013ead\u00e1te epick\u00fd me\u010d, ktor\u00fd by ste mohli zavesi\u0165 na stenu svojej chaty, alebo chcete zni\u010di\u0165 nepriate\u013eov, ktor\u00ed v\u00e1m zasahuj\u00fa do \u00fazemia? To, \u010do h\u013ead\u00e1te, by mohlo by\u0165 v jednom z mnoh\u00fdch chr\u00e1mov roztr\u00fasen\u00fdch po ostrove. Z\u00edska\u0165 koris\u0165 v\u0161ak nebude \u013eahk\u00e9, tak\u017ee v\u0161etci potenci\u00e1lni n\u00e1jazdn\u00edci sa bud\u00fa musie\u0165 pripravi\u0165 na svoje dobrodru\u017estv\u00e1 pri h\u013eadan\u00ed pokladov.<\/p>\n<p><span class=\"bb_img_ctn\"><video class=\"bb_img\" autoplay muted loop playsinline poster=\"https:\/\/shared.akamai.steamstatic.com\/store_item_assets\/steam\/apps\/897450\/extras\/9f2ed7c96825dcf5a500e1cdd14ce597.poster.avif?t=1729002422\" width=600 height=338 ><source src=\"https:\/\/shared.akamai.steamstatic.com\/store_item_assets\/steam\/apps\/897450\/extras\/9f2ed7c96825dcf5a500e1cdd14ce597.webm?t=1729002422\" type=\"video\/webm; codecs=vp9\"><source src=\"https:\/\/shared.akamai.steamstatic.com\/store_item_assets\/steam\/apps\/897450\/extras\/9f2ed7c96825dcf5a500e1cdd14ce597.mp4?t=1729002422\" type=\"video\/mp4\"><\/video><\/span><\/p>\n","protected":false},"excerpt":{"rendered":"<p>\u017div\u00fd svet pln\u00fd prekvapen\u00ed, tajomstiev a nebezpe\u010denstva na v\u00e1s \u010dak\u00e1 v hre The Survivalists, dobrodru\u017enej sandboxovej hre o pre\u017eit\u00ed, ktor\u00e1 sa odohr\u00e1va vo svete The Escapists. Presk\u00famajte, stavajte, vyr\u00e1bajte a dokonca tr\u00e9nujte opice s a\u017e tromi priate\u013emi v z\u00fafalom boji o pre\u017eitie. M\u00e1te na to, aby ste sa stali survivalistom?<\/p>\n","protected":false},"featured_media":73153,"comment_status":"open","ping_status":"closed","template":"","meta":{"_acf_changed":false},"product_brand":[],"product_cat":[290,268,266,314,312,318],"product_tag":[],"class_list":{"0":"post-98921","1":"product","2":"type-product","3":"status-publish","4":"has-post-thumbnail","6":"product_cat-indie-hry-pc-sk","7":"product_cat-pc-sk","8":"product_cat-pc-hry-sk","9":"product_cat-simulatory-pc-hry-sk","10":"product_cat-steam-pc-sk","11":"product_cat-strategie-pc-hry-sk","12":"pa_countries-ad","13":"pa_countries-ae","14":"pa_countries-af","15":"pa_countries-ag","16":"pa_countries-ai","17":"pa_countries-al","18":"pa_countries-am","19":"pa_countries-ao","20":"pa_countries-aq","21":"pa_countries-ar","22":"pa_countries-as","23":"pa_countries-at","24":"pa_countries-au","25":"pa_countries-aw","26":"pa_countries-ax","27":"pa_countries-az","28":"pa_countries-ba","29":"pa_countries-bb","30":"pa_countries-bd","31":"pa_countries-be","32":"pa_countries-bf","33":"pa_countries-bg","34":"pa_countries-bh","35":"pa_countries-bi","36":"pa_countries-bj","37":"pa_countries-bl","38":"pa_countries-bm","39":"pa_countries-bn","40":"pa_countries-bo","41":"pa_countries-bq","42":"pa_countries-br","43":"pa_countries-bs","44":"pa_countries-bt","45":"pa_countries-bv","46":"pa_countries-bw","47":"pa_countries-bz","48":"pa_countries-ca","49":"pa_countries-cc","50":"pa_countries-cd","51":"pa_countries-cf","52":"pa_countries-cg","53":"pa_countries-ch","54":"pa_countries-ci","55":"pa_countries-ck","56":"pa_countries-cl","57":"pa_countries-cm","58":"pa_countries-cn","59":"pa_countries-co","60":"pa_countries-cr","61":"pa_countries-cu","62":"pa_countries-cv","63":"pa_countries-cw","64":"pa_countries-cx","65":"pa_countries-cy","66":"pa_countries-cz","67":"pa_countries-de","68":"pa_countries-dj","69":"pa_countries-dk","70":"pa_countries-dm","71":"pa_countries-do","72":"pa_countries-dz","73":"pa_countries-ec","74":"pa_countries-ee","75":"pa_countries-eg","76":"pa_countries-eh","77":"pa_countries-er","78":"pa_countries-es","79":"pa_countries-et","80":"pa_countries-fi","81":"pa_countries-fj","82":"pa_countries-fk","83":"pa_countries-fm","84":"pa_countries-fo","85":"pa_countries-fr","86":"pa_countries-ga","87":"pa_countries-gb","88":"pa_countries-gd","89":"pa_countries-ge","90":"pa_countries-gf","91":"pa_countries-gg","92":"pa_countries-gh","93":"pa_countries-gi","94":"pa_countries-gl","95":"pa_countries-gm","96":"pa_countries-gn","97":"pa_countries-gp","98":"pa_countries-gq","99":"pa_countries-gr","100":"pa_countries-gs","101":"pa_countries-gt","102":"pa_countries-gu","103":"pa_countries-gw","104":"pa_countries-gy","105":"pa_countries-hk","106":"pa_countries-hm","107":"pa_countries-hn","108":"pa_countries-hr","109":"pa_countries-ht","110":"pa_countries-hu","111":"pa_countries-id","112":"pa_countries-ie","113":"pa_countries-il","114":"pa_countries-im","115":"pa_countries-in","116":"pa_countries-io","117":"pa_countries-iq","118":"pa_countries-ir","119":"pa_countries-is","120":"pa_countries-it","121":"pa_countries-je","122":"pa_countries-jm","123":"pa_countries-jo","124":"pa_countries-jp","125":"pa_countries-ke","126":"pa_countries-kg","127":"pa_countries-kh","128":"pa_countries-ki","129":"pa_countries-km","130":"pa_countries-kn","131":"pa_countries-kp","132":"pa_countries-kr","133":"pa_countries-kw","134":"pa_countries-ky","135":"pa_countries-kz","136":"pa_countries-la","137":"pa_countries-lb","138":"pa_countries-lc","139":"pa_countries-li","140":"pa_countries-lk","141":"pa_countries-lr","142":"pa_countries-ls","143":"pa_countries-lt","144":"pa_countries-lu","145":"pa_countries-lv","146":"pa_countries-ly","147":"pa_countries-ma","148":"pa_countries-mc","149":"pa_countries-md","150":"pa_countries-me","151":"pa_countries-mf","152":"pa_countries-mg","153":"pa_countries-mh","154":"pa_countries-mk","155":"pa_countries-ml","156":"pa_countries-mm","157":"pa_countries-mn","158":"pa_countries-mo","159":"pa_countries-mp","160":"pa_countries-mq","161":"pa_countries-mr","162":"pa_countries-ms","163":"pa_countries-mt","164":"pa_countries-mu","165":"pa_countries-mv","166":"pa_countries-mw","167":"pa_countries-mx","168":"pa_countries-my","169":"pa_countries-mz","170":"pa_countries-na","171":"pa_countries-nc","172":"pa_countries-ne","173":"pa_countries-nf","174":"pa_countries-ng","175":"pa_countries-ni","176":"pa_countries-nl","177":"pa_countries-no","178":"pa_countries-np","179":"pa_countries-nr","180":"pa_countries-nu","181":"pa_countries-nz","182":"pa_countries-om","183":"pa_countries-pa","184":"pa_countries-pe","185":"pa_countries-pf","186":"pa_countries-pg","187":"pa_countries-ph","188":"pa_countries-pk","189":"pa_countries-pl","190":"pa_countries-pm","191":"pa_countries-pn","192":"pa_countries-pr","193":"pa_countries-ps","194":"pa_countries-pt","195":"pa_countries-pw","196":"pa_countries-py","197":"pa_countries-qa","198":"pa_countries-re","199":"pa_countries-ro","200":"pa_countries-rs","201":"pa_countries-rw","202":"pa_countries-sa","203":"pa_countries-sb","204":"pa_countries-sc","205":"pa_countries-sd","206":"pa_countries-se","207":"pa_countries-sg","208":"pa_countries-sh","209":"pa_countries-si","210":"pa_countries-sj","211":"pa_countries-sk","212":"pa_countries-sl","213":"pa_countries-sm","214":"pa_countries-sn","215":"pa_countries-so","216":"pa_countries-sr","217":"pa_countries-ss","219":"pa_countries-st","220":"pa_countries-sv","221":"pa_countries-sx","222":"pa_countries-sy","223":"pa_countries-sz","224":"pa_countries-tc","225":"pa_countries-td","226":"pa_countries-tf","227":"pa_countries-tg","228":"pa_countries-th","229":"pa_countries-tj","230":"pa_countries-tk","231":"pa_countries-tl","232":"pa_countries-tm","233":"pa_countries-tn","234":"pa_countries-to","235":"pa_countries-tr","236":"pa_countries-tt","237":"pa_countries-tv","238":"pa_countries-tw","239":"pa_countries-tz","240":"pa_countries-ua","241":"pa_countries-ug","242":"pa_countries-um","243":"pa_countries-us","244":"pa_countries-uy","245":"pa_countries-uz","246":"pa_countries-va","247":"pa_countries-vc","248":"pa_countries-ve","249":"pa_countries-vg","250":"pa_countries-vi","251":"pa_countries-vn","252":"pa_countries-vu","253":"pa_countries-wf","254":"pa_countries-ws","255":"pa_countries-xk","257":"pa_countries-ye","258":"pa_countries-yt","259":"pa_countries-za","260":"pa_countries-zm","261":"pa_countries-zw","262":"pa_developer-team17","264":"pa_engine-unity","266":"pa_game_type-main_game","268":"pa_genres-adventure","269":"pa_genres-indie","271":"pa_genres-role-playing-rpg","272":"pa_genres-simulator","273":"pa_genres-strategy","275":"pa_interface-ar","276":"pa_interface-de-de","277":"pa_interface-en-gb","278":"pa_interface-en-us","279":"pa_interface-es-es","280":"pa_interface-fr-fr","281":"pa_interface-it-it","282":"pa_interface-ja-jp","283":"pa_interface-ko-kr","284":"pa_interface-nl-nl","286":"pa_interface-pl-pl","287":"pa_interface-pt-br","288":"pa_interface-pt-pt","290":"pa_interface-ru-ru","291":"pa_interface-zh-cn","292":"pa_interface-zh-tw","293":"pa_keywords-previously-on-apple-arcade","294":"pa_modes-co-operative","296":"pa_modes-multiplayer","298":"pa_modes-single-player","299":"pa_pegi-13424","300":"pa_pegi-772","301":"pa_platform-pc-steam","303":"pa_publisher-team17","305":"pa_rating-14527","306":"pa_rating-1482","307":"pa_region-global","309":"pa_subtitles-ar","310":"pa_subtitles-de-de","312":"pa_subtitles-en-us","313":"pa_subtitles-es-es","314":"pa_subtitles-fr-fr","315":"pa_subtitles-it-it","316":"pa_subtitles-ja-jp","317":"pa_subtitles-ko-kr","318":"pa_subtitles-nl-nl","320":"pa_subtitles-pl-pl","321":"pa_subtitles-pt-br","322":"pa_subtitles-ru-ru","323":"pa_subtitles-zh-cn","324":"pa_subtitles-zh-tw","325":"pa_themes-action","328":"first","329":"instock","330":"virtual","331":"taxable","332":"purchasable","333":"product-type-simple"},"yoast_head":"<!-- This site is optimized with the Yoast SEO plugin v27.3 - https:\/\/yoast.com\/product\/yoast-seo-wordpress\/ -->\n<title>The Survivalists | BeGamer.cz<\/title>\n<meta name=\"robots\" content=\"index, follow, max-snippet:-1, max-image-preview:large, max-video-preview:-1\" \/>\n<link rel=\"canonical\" href=\"https:\/\/begamer.cz\/sk\/produkt\/the-survivalists-sk\/\" \/>\n<meta property=\"og:locale\" content=\"sk_SK\" \/>\n<meta property=\"og:type\" content=\"article\" \/>\n<meta property=\"og:title\" content=\"The Survivalists | BeGamer.cz\" \/>\n<meta property=\"og:description\" content=\"\u017div\u00fd svet pln\u00fd prekvapen\u00ed, tajomstiev a nebezpe\u010denstva na v\u00e1s \u010dak\u00e1 v hre The Survivalists, dobrodru\u017enej sandboxovej hre o pre\u017eit\u00ed, ktor\u00e1 sa odohr\u00e1va vo svete The Escapists. Presk\u00famajte, stavajte, vyr\u00e1bajte a dokonca tr\u00e9nujte opice s a\u017e tromi priate\u013emi v z\u00fafalom boji o pre\u017eitie. M\u00e1te na to, aby ste sa stali survivalistom?\" \/>\n<meta property=\"og:url\" content=\"https:\/\/begamer.cz\/sk\/produkt\/the-survivalists-sk\/\" \/>\n<meta property=\"og:site_name\" content=\"BeGamer.cz\" \/>\n<meta property=\"article:modified_time\" content=\"2026-03-10T21:02:32+00:00\" \/>\n<meta property=\"og:image\" content=\"https:\/\/begamer.cz\/wp-content\/uploads\/2026\/01\/the-survivalists-3.webp\" \/>\n\t<meta property=\"og:image:width\" content=\"300\" \/>\n\t<meta property=\"og:image:height\" content=\"400\" \/>\n\t<meta property=\"og:image:type\" content=\"image\/webp\" \/>\n<meta name=\"twitter:card\" content=\"summary_large_image\" \/>\n<meta name=\"twitter:label1\" content=\"Predpokladan\u00fd \u010das \u010d\u00edtania\" \/>\n\t<meta name=\"twitter:data1\" content=\"2 min\u00faty\" \/>\n<script type=\"application\/ld+json\" class=\"yoast-schema-graph\">{\"@context\":\"https:\\\/\\\/schema.org\",\"@graph\":[{\"@type\":\"WebPage\",\"@id\":\"https:\\\/\\\/begamer.cz\\\/sk\\\/produkt\\\/the-survivalists-sk\\\/\",\"url\":\"https:\\\/\\\/begamer.cz\\\/sk\\\/produkt\\\/the-survivalists-sk\\\/\",\"name\":\"The Survivalists | BeGamer.cz\",\"isPartOf\":{\"@id\":\"https:\\\/\\\/begamer.cz\\\/sk\\\/#website\"},\"primaryImageOfPage\":{\"@id\":\"https:\\\/\\\/begamer.cz\\\/sk\\\/produkt\\\/the-survivalists-sk\\\/#primaryimage\"},\"image\":{\"@id\":\"https:\\\/\\\/begamer.cz\\\/sk\\\/produkt\\\/the-survivalists-sk\\\/#primaryimage\"},\"thumbnailUrl\":\"https:\\\/\\\/begamer.cz\\\/wp-content\\\/uploads\\\/2026\\\/01\\\/the-survivalists-3.webp\",\"datePublished\":\"2026-01-30T16:34:28+00:00\",\"dateModified\":\"2026-03-10T21:02:32+00:00\",\"breadcrumb\":{\"@id\":\"https:\\\/\\\/begamer.cz\\\/sk\\\/produkt\\\/the-survivalists-sk\\\/#breadcrumb\"},\"inLanguage\":\"sk-SK\",\"potentialAction\":[{\"@type\":\"ReadAction\",\"target\":[\"https:\\\/\\\/begamer.cz\\\/sk\\\/produkt\\\/the-survivalists-sk\\\/\"]}]},{\"@type\":\"ImageObject\",\"inLanguage\":\"sk-SK\",\"@id\":\"https:\\\/\\\/begamer.cz\\\/sk\\\/produkt\\\/the-survivalists-sk\\\/#primaryimage\",\"url\":\"https:\\\/\\\/begamer.cz\\\/wp-content\\\/uploads\\\/2026\\\/01\\\/the-survivalists-3.webp\",\"contentUrl\":\"https:\\\/\\\/begamer.cz\\\/wp-content\\\/uploads\\\/2026\\\/01\\\/the-survivalists-3.webp\",\"width\":300,\"height\":400},{\"@type\":\"BreadcrumbList\",\"@id\":\"https:\\\/\\\/begamer.cz\\\/sk\\\/produkt\\\/the-survivalists-sk\\\/#breadcrumb\",\"itemListElement\":[{\"@type\":\"ListItem\",\"position\":1,\"name\":\"Domov\",\"item\":\"https:\\\/\\\/begamer.cz\\\/sk\\\/\"},{\"@type\":\"ListItem\",\"position\":2,\"name\":\"Obchod\",\"item\":\"https:\\\/\\\/begamer.cz\\\/obchod\\\/\"},{\"@type\":\"ListItem\",\"position\":3,\"name\":\"The Survivalists\"}]},{\"@type\":\"WebSite\",\"@id\":\"https:\\\/\\\/begamer.cz\\\/sk\\\/#website\",\"url\":\"https:\\\/\\\/begamer.cz\\\/sk\\\/\",\"name\":\"BeGamer.cz\",\"description\":\"\",\"publisher\":{\"@id\":\"https:\\\/\\\/begamer.cz\\\/sk\\\/#organization\"},\"potentialAction\":[{\"@type\":\"SearchAction\",\"target\":{\"@type\":\"EntryPoint\",\"urlTemplate\":\"https:\\\/\\\/begamer.cz\\\/sk\\\/?s={search_term_string}\"},\"query-input\":{\"@type\":\"PropertyValueSpecification\",\"valueRequired\":true,\"valueName\":\"search_term_string\"}}],\"inLanguage\":\"sk-SK\"},{\"@type\":\"Organization\",\"@id\":\"https:\\\/\\\/begamer.cz\\\/sk\\\/#organization\",\"name\":\"BeGamer.cz\",\"url\":\"https:\\\/\\\/begamer.cz\\\/sk\\\/\",\"logo\":{\"@type\":\"ImageObject\",\"inLanguage\":\"sk-SK\",\"@id\":\"https:\\\/\\\/begamer.cz\\\/sk\\\/#\\\/schema\\\/logo\\\/image\\\/\",\"url\":\"https:\\\/\\\/begamer.cz\\\/wp-content\\\/uploads\\\/2025\\\/07\\\/logo.svg\",\"contentUrl\":\"https:\\\/\\\/begamer.cz\\\/wp-content\\\/uploads\\\/2025\\\/07\\\/logo.svg\",\"caption\":\"BeGamer.cz\"},\"image\":{\"@id\":\"https:\\\/\\\/begamer.cz\\\/sk\\\/#\\\/schema\\\/logo\\\/image\\\/\"}}]}<\/script>\n<!-- \/ Yoast SEO plugin. -->","yoast_head_json":{"title":"The Survivalists | BeGamer.cz","robots":{"index":"index","follow":"follow","max-snippet":"max-snippet:-1","max-image-preview":"max-image-preview:large","max-video-preview":"max-video-preview:-1"},"canonical":"https:\/\/begamer.cz\/sk\/produkt\/the-survivalists-sk\/","og_locale":"sk_SK","og_type":"article","og_title":"The Survivalists | BeGamer.cz","og_description":"\u017div\u00fd svet pln\u00fd prekvapen\u00ed, tajomstiev a nebezpe\u010denstva na v\u00e1s \u010dak\u00e1 v hre The Survivalists, dobrodru\u017enej sandboxovej hre o pre\u017eit\u00ed, ktor\u00e1 sa odohr\u00e1va vo svete The Escapists. Presk\u00famajte, stavajte, vyr\u00e1bajte a dokonca tr\u00e9nujte opice s a\u017e tromi priate\u013emi v z\u00fafalom boji o pre\u017eitie. M\u00e1te na to, aby ste sa stali survivalistom?","og_url":"https:\/\/begamer.cz\/sk\/produkt\/the-survivalists-sk\/","og_site_name":"BeGamer.cz","article_modified_time":"2026-03-10T21:02:32+00:00","og_image":[{"width":300,"height":400,"url":"https:\/\/begamer.cz\/wp-content\/uploads\/2026\/01\/the-survivalists-3.webp","type":"image\/webp"}],"twitter_card":"summary_large_image","twitter_misc":{"Predpokladan\u00fd \u010das \u010d\u00edtania":"2 min\u00faty"},"schema":{"@context":"https:\/\/schema.org","@graph":[{"@type":"WebPage","@id":"https:\/\/begamer.cz\/sk\/produkt\/the-survivalists-sk\/","url":"https:\/\/begamer.cz\/sk\/produkt\/the-survivalists-sk\/","name":"The Survivalists | BeGamer.cz","isPartOf":{"@id":"https:\/\/begamer.cz\/sk\/#website"},"primaryImageOfPage":{"@id":"https:\/\/begamer.cz\/sk\/produkt\/the-survivalists-sk\/#primaryimage"},"image":{"@id":"https:\/\/begamer.cz\/sk\/produkt\/the-survivalists-sk\/#primaryimage"},"thumbnailUrl":"https:\/\/begamer.cz\/wp-content\/uploads\/2026\/01\/the-survivalists-3.webp","datePublished":"2026-01-30T16:34:28+00:00","dateModified":"2026-03-10T21:02:32+00:00","breadcrumb":{"@id":"https:\/\/begamer.cz\/sk\/produkt\/the-survivalists-sk\/#breadcrumb"},"inLanguage":"sk-SK","potentialAction":[{"@type":"ReadAction","target":["https:\/\/begamer.cz\/sk\/produkt\/the-survivalists-sk\/"]}]},{"@type":"ImageObject","inLanguage":"sk-SK","@id":"https:\/\/begamer.cz\/sk\/produkt\/the-survivalists-sk\/#primaryimage","url":"https:\/\/begamer.cz\/wp-content\/uploads\/2026\/01\/the-survivalists-3.webp","contentUrl":"https:\/\/begamer.cz\/wp-content\/uploads\/2026\/01\/the-survivalists-3.webp","width":300,"height":400},{"@type":"BreadcrumbList","@id":"https:\/\/begamer.cz\/sk\/produkt\/the-survivalists-sk\/#breadcrumb","itemListElement":[{"@type":"ListItem","position":1,"name":"Domov","item":"https:\/\/begamer.cz\/sk\/"},{"@type":"ListItem","position":2,"name":"Obchod","item":"https:\/\/begamer.cz\/obchod\/"},{"@type":"ListItem","position":3,"name":"The Survivalists"}]},{"@type":"WebSite","@id":"https:\/\/begamer.cz\/sk\/#website","url":"https:\/\/begamer.cz\/sk\/","name":"BeGamer.cz","description":"","publisher":{"@id":"https:\/\/begamer.cz\/sk\/#organization"},"potentialAction":[{"@type":"SearchAction","target":{"@type":"EntryPoint","urlTemplate":"https:\/\/begamer.cz\/sk\/?s={search_term_string}"},"query-input":{"@type":"PropertyValueSpecification","valueRequired":true,"valueName":"search_term_string"}}],"inLanguage":"sk-SK"},{"@type":"Organization","@id":"https:\/\/begamer.cz\/sk\/#organization","name":"BeGamer.cz","url":"https:\/\/begamer.cz\/sk\/","logo":{"@type":"ImageObject","inLanguage":"sk-SK","@id":"https:\/\/begamer.cz\/sk\/#\/schema\/logo\/image\/","url":"https:\/\/begamer.cz\/wp-content\/uploads\/2025\/07\/logo.svg","contentUrl":"https:\/\/begamer.cz\/wp-content\/uploads\/2025\/07\/logo.svg","caption":"BeGamer.cz"},"image":{"@id":"https:\/\/begamer.cz\/sk\/#\/schema\/logo\/image\/"}}]}},"acf":[],"_links":{"self":[{"href":"https:\/\/begamer.cz\/sk\/wp-json\/wp\/v2\/product\/98921","targetHints":{"allow":["GET"]}}],"collection":[{"href":"https:\/\/begamer.cz\/sk\/wp-json\/wp\/v2\/product"}],"about":[{"href":"https:\/\/begamer.cz\/sk\/wp-json\/wp\/v2\/types\/product"}],"replies":[{"embeddable":true,"href":"https:\/\/begamer.cz\/sk\/wp-json\/wp\/v2\/comments?post=98921"}],"wp:featuredmedia":[{"embeddable":true,"href":"https:\/\/begamer.cz\/sk\/wp-json\/wp\/v2\/media\/73153"}],"wp:attachment":[{"href":"https:\/\/begamer.cz\/sk\/wp-json\/wp\/v2\/media?parent=98921"}],"wp:term":[{"taxonomy":"product_brand","embeddable":true,"href":"https:\/\/begamer.cz\/sk\/wp-json\/wp\/v2\/product_brand?post=98921"},{"taxonomy":"product_cat","embeddable":true,"href":"https:\/\/begamer.cz\/sk\/wp-json\/wp\/v2\/product_cat?post=98921"},{"taxonomy":"product_tag","embeddable":true,"href":"https:\/\/begamer.cz\/sk\/wp-json\/wp\/v2\/product_tag?post=98921"}],"curies":[{"name":"wp","href":"https:\/\/api.w.org\/{rel}","templated":true}]}}