{"id":98903,"date":"2026-01-30T17:34:06","date_gmt":"2026-01-30T16:34:06","guid":{"rendered":"https:\/\/begamer.cz\/produkt\/hidden-object-bundle-5-in-1-sk\/"},"modified":"2026-03-10T22:00:39","modified_gmt":"2026-03-10T21:00:39","slug":"hidden-object-bundle-5-in-1-sk","status":"publish","type":"product","link":"https:\/\/begamer.cz\/sk\/produkt\/hidden-object-bundle-5-in-1-sk\/","title":{"rendered":"Hidden Object Bundle 5 in 1"},"content":{"rendered":"<h1>O hre<\/h1>\n<p>Tento bal\u00edk obsahuje 5 zn\u00e1mych hier s ukryt\u00fdmi predmetmi:<\/p>\n<h2 class=\"bb_tag\" >Sacra Terra: Kiss of Death<\/h2>\n<p>Existuje l\u00e1ska tak siln\u00e1, \u017ee dok\u00e1\u017ee prekona\u0165 aj to najsilnej\u0161ie zlo. V zberate\u013eskej ed\u00edcii hry Sacra Terra: Kiss of Death sa t\u00e1to l\u00e1ska zrod\u00ed v srdci \u017eeny, ktor\u00e1 sa vyd\u00e1va na cestu, aby zachr\u00e1nila svojho sn\u00fabenca pred nadprirodzenou silou, ktor\u00e1 sa \u017eiv\u00ed \u013eudsk\u00fdm utrpen\u00edm. Vodte ju, ke\u010f presk\u00famava vizu\u00e1lne ohromuj\u00face mystick\u00e9 dimenzie v snahe zjednoti\u0165 ostatn\u00fdch milencov a oslabi\u0165 vplyv tejto entity. Ako budete nach\u00e1dza\u0165 u\u017eito\u010dn\u00e9 predmety a rie\u0161i\u0165 h\u00e1danky, zvr\u00e1tite trag\u00e9diu pred\u010dasn\u00fdch \u00famrt\u00ed, naprav\u00edte rozbit\u00e9 vz\u0165ahy medzi priate\u013emi a v jednej emocion\u00e1lne strhuj\u00facej kapitole znova zjednot\u00edte man\u017eela a man\u017eelku, ktor\u00ed boli oddelen\u00ed tis\u00edce rokov.<\/p>\n<h2 class=\"bb_tag\" >Horsk\u00e1 zlo\u010din: Odplata<\/h2>\n<p>Niekto zab\u00edja host\u00ed v horskom stredisku a vy m\u00f4\u017eete by\u0165 \u010fal\u0161\u00ed na rade, ak nevyrie\u0161ite z\u00e1hadu v srdci tohto mraziv\u00e9ho thrilleru! V\u017eite sa do role lek\u00e1ra, ktor\u00fd je povolan\u00fd do od\u013eahl\u00e9ho hotela, aby sa postaral o pacienta, a zachovajte si zdrav\u00fd rozum, ke\u010f hne\u010f po pr\u00edchode do strediska objav\u00edte prv\u00fa obe\u0165.<br \/>Pri h\u013eadan\u00ed stop, rie\u0161en\u00ed zlo\u017eit\u00fdch h\u00e1daniek a \u010d\u00edtan\u00ed novinov\u00fdch v\u00fdstri\u017ekov, ktor\u00e9 odha\u013euj\u00fa hr\u00f4zostra\u0161n\u00fa minulos\u0165 hotela, v\u00e1m v hlave vyvstan\u00fa dve ot\u00e1zky: Ak\u00e9 m\u00e1te v\u00e4zby s hotelom? A pre\u010do jedna z obet\u00ed tvrdila, \u017ee ste vrah? Odpove\u010f v\u00e1s \u0161okuje! Zahrajte si Mountain Crime e\u0161te dnes a odha\u013ete pravdu!<\/p>\n<h2 class=\"bb_tag\" >Dark Angels: Masquerade of Shadows<\/h2>\n<p>Zachr\u00e1\u0148te svet pred d\u00e9monick\u00fdmi silami v tejto vzru\u0161uj\u00facej dobrodru\u017enej hre s ukryt\u00fdmi predmetmi! Pou\u017eite svoju zbra\u0148, Chakram, nielen na vyhubenie zla, ale aj na rie\u0161enie h\u00e1daniek, cestovanie v \u010dase, aby ste zni\u010dili d\u00e9monov, a vyrie\u0161enie tajomstva v\u00e1\u0161ho \u00fa\u017easn\u00e9ho osudu. Hra Dark Angels, pln\u00e1 interaktivity a ohromuj\u00facich anim\u00e1ci\u00ed, v\u00e1s uchv\u00e1ti od za\u010diatku a\u017e do konca!<\/p>\n<h2 class=\"bb_tag\" >Weird Park: Broken Tune<\/h2>\n<p>Stra\u0161ideln\u00fd z\u00e1bavn\u00fd park je kulisou pre zvr\u00e1ten\u00fd pr\u00edbeh hr\u00f4zy v hre Weird Park: Broken Tune!<br \/>V\u017eite sa do role s\u00fakromn\u00e9ho detekt\u00edva, ktor\u00fd bol najat\u00fd, aby vy\u0161etril s\u00e9riu \u201en\u00e1hodn\u00fdch\u201c \u00famrt\u00ed, ktor\u00e9 postihli t\u00fdch, ktor\u00ed pracovali v parku, ne\u017e ho mestsk\u00ed \u00faradn\u00edci zatvorili. H\u013eadaj stopy pri presk\u00famavan\u00ed stra\u0161ideln\u00fdch prostred\u00ed lunaparku, rie\u0161 h\u00e1danky pri prenasledovan\u00ed tajomn\u00e9ho \u017eol\u00edka po temn\u00fdch cesti\u010dk\u00e1ch a n\u00e1jdi skryt\u00e9 predmety, ktor\u00e9 ti pom\u00f4\u017eu vyrie\u0161i\u0165 tajomstvo port\u00e1lu ved\u00faceho do r\u00ed\u0161e za hranicami \u0161ialenstva. Svoj\u00edm strhuj\u00facim pr\u00edbehom, intenz\u00edvnou atmosf\u00e9rou a n\u00e1ro\u010dn\u00fdmi h\u00e1dankami je Weird Park: Broken Tune hrou, ktor\u00fa by si nemal necha\u0165 ujs\u0165 \u017eiadny fan\u00fa\u0161ik hier s h\u013eadan\u00edm skryt\u00fdch predmetov!<\/p>\n<h2 class=\"bb_tag\" >Twisted Lands: Shadow Town<\/h2>\n<p>Pre\u010do v\u00e1m srdce bije r\u00fdchlej\u0161ie, ke\u010f nazriete do tmavej miestnosti? Pre\u010do sa v\u00e1m naje\u017eia vlasy na krku, ke\u010f v\u00e1m nie\u010do nevidite\u013en\u00e9 \u0161epk\u00e1 do ucha? A pre\u010do vysko\u010d\u00edte, ke\u010f sa v k\u00fatiku v\u00e1\u0161ho zorn\u00e9ho po\u013ea objav\u00ed nie\u010do, \u010do by nemalo by\u0165 skuto\u010dn\u00e9?<br \/>Vitajte v Twisted Lands: Shadow Town, prvej hre novej s\u00e1gy, ktor\u00e1 bude sk\u00fama\u0165 em\u00f3ciu strachu. Riadi\u0165 \u010diny mu\u017ea, ktor\u00fd na opustenom ostrove h\u013ead\u00e1 svoju \u017eenu, ktor\u00e1 zmizla, ke\u010f ich lo\u010f stroskotala na brehu. Po ceste zbierajte skryt\u00e9 predmety, rie\u0161te stra\u0161ideln\u00e9 h\u00e1danky a robte jedno mraziv\u00e9 objavenie za druh\u00fdm, ako sa pribli\u017eujete k \u0161okuj\u00facemu z\u00e1veru!<\/p>\n<p><strong><i><u>BONUSOV\u00c9 HRY<\/u><\/i><\/strong><\/p>\n<h2 class=\"bb_tag\" >Behind the Reflection 2: Witch&#x27;s Revenge<\/h2>\n<p>\u010carodejnica t\u00fa\u017ei po pomste, \u010do znamen\u00e1 probl\u00e9my pre mlad\u00fa matku a jej syna v tejto stra\u0161idelnej dobrodru\u017enej hre s ukryt\u00fdmi predmetmi!  Vod\u00edte matku, ktor\u00e1 prenasleduje \u010darodejnicu cez \u010das a priestor, aby zachr\u00e1nila svojho syna pred osudom hor\u0161\u00edm ako smr\u0165!<\/p>\n<h2 class=\"bb_tag\" >Vampire Saga: Pandora&#x27;s Box<\/h2>\n<p>Presk\u00famajte stra\u0161ideln\u00e9 miesta a h\u013eadajte skryt\u00e9 predmety v tomto podmanivom mysteri\u00f3znom thrilleri. S mraziv\u00fdm zlo\u010dinom v centre svojho fascinuj\u00faceho pr\u00edbehu nie je Vampire Saga ur\u010den\u00e1 pre slab\u00e9 povahy!<\/p>\n","protected":false},"excerpt":{"rendered":"<p>Toto je najlep\u0161ia ponuka v\u0161etk\u00fdch \u010dias \u2013 5 hier s ukryt\u00fdmi predmetmi za jednu n\u00edzku cenu! Vychutnajte si 20 hod\u00edn \u0161ialenstva s ukryt\u00fdmi predmetmi a nezabudnite tento bal\u00edk odporu\u010di\u0165 svojim priate\u013eom, ktor\u00ed miluj\u00fa hry s ukryt\u00fdmi predmetmi!<\/p>\n","protected":false},"featured_media":73009,"comment_status":"open","ping_status":"closed","template":"","meta":{"_acf_changed":false},"product_brand":[],"product_cat":[270,294,268,266,312],"product_tag":[],"class_list":{"0":"post-98903","1":"product","2":"type-product","3":"status-publish","4":"has-post-thumbnail","6":"product_cat-adventury-pc-hry-sk","7":"product_cat-logicke-pc-hry-sk","8":"product_cat-pc-sk","9":"product_cat-pc-hry-sk","10":"product_cat-steam-pc-sk","11":"pa_audio-en-us","13":"pa_countries-ad","14":"pa_countries-ae","15":"pa_countries-af","16":"pa_countries-ag","17":"pa_countries-ai","18":"pa_countries-al","19":"pa_countries-am","20":"pa_countries-ao","21":"pa_countries-aq","22":"pa_countries-ar","23":"pa_countries-as","24":"pa_countries-at","25":"pa_countries-au","26":"pa_countries-aw","27":"pa_countries-ax","28":"pa_countries-az","29":"pa_countries-ba","30":"pa_countries-bb","31":"pa_countries-bd","32":"pa_countries-be","33":"pa_countries-bf","34":"pa_countries-bg","35":"pa_countries-bh","36":"pa_countries-bi","37":"pa_countries-bj","38":"pa_countries-bl","39":"pa_countries-bm","40":"pa_countries-bn","41":"pa_countries-bo","42":"pa_countries-bq","43":"pa_countries-br","44":"pa_countries-bs","45":"pa_countries-bt","46":"pa_countries-bv","47":"pa_countries-bw","48":"pa_countries-bz","49":"pa_countries-ca","50":"pa_countries-cc","51":"pa_countries-cd","52":"pa_countries-cf","53":"pa_countries-cg","54":"pa_countries-ch","55":"pa_countries-ci","56":"pa_countries-ck","57":"pa_countries-cl","58":"pa_countries-cm","59":"pa_countries-cn","60":"pa_countries-co","61":"pa_countries-cr","62":"pa_countries-cu","63":"pa_countries-cv","64":"pa_countries-cw","65":"pa_countries-cx","66":"pa_countries-cy","67":"pa_countries-cz","68":"pa_countries-de","69":"pa_countries-dj","70":"pa_countries-dk","71":"pa_countries-dm","72":"pa_countries-do","73":"pa_countries-dz","74":"pa_countries-ec","75":"pa_countries-ee","76":"pa_countries-eg","77":"pa_countries-eh","78":"pa_countries-er","79":"pa_countries-es","80":"pa_countries-et","81":"pa_countries-fi","82":"pa_countries-fj","83":"pa_countries-fk","84":"pa_countries-fm","85":"pa_countries-fo","86":"pa_countries-fr","87":"pa_countries-ga","88":"pa_countries-gb","89":"pa_countries-gd","90":"pa_countries-ge","91":"pa_countries-gf","92":"pa_countries-gg","93":"pa_countries-gh","94":"pa_countries-gi","95":"pa_countries-gl","96":"pa_countries-gm","97":"pa_countries-gn","98":"pa_countries-gp","99":"pa_countries-gq","100":"pa_countries-gr","101":"pa_countries-gs","102":"pa_countries-gt","103":"pa_countries-gu","104":"pa_countries-gw","105":"pa_countries-gy","106":"pa_countries-hk","107":"pa_countries-hm","108":"pa_countries-hn","109":"pa_countries-hr","110":"pa_countries-ht","111":"pa_countries-hu","112":"pa_countries-id","113":"pa_countries-ie","114":"pa_countries-il","115":"pa_countries-im","116":"pa_countries-in","117":"pa_countries-io","118":"pa_countries-iq","119":"pa_countries-ir","120":"pa_countries-is","121":"pa_countries-it","122":"pa_countries-je","123":"pa_countries-jm","124":"pa_countries-jo","125":"pa_countries-jp","126":"pa_countries-ke","127":"pa_countries-kg","128":"pa_countries-kh","129":"pa_countries-ki","130":"pa_countries-km","131":"pa_countries-kn","132":"pa_countries-kp","133":"pa_countries-kr","134":"pa_countries-kw","135":"pa_countries-ky","136":"pa_countries-kz","137":"pa_countries-la","138":"pa_countries-lb","139":"pa_countries-lc","140":"pa_countries-li","141":"pa_countries-lk","142":"pa_countries-lr","143":"pa_countries-ls","144":"pa_countries-lt","145":"pa_countries-lu","146":"pa_countries-lv","147":"pa_countries-ly","148":"pa_countries-ma","149":"pa_countries-mc","150":"pa_countries-md","151":"pa_countries-me","152":"pa_countries-mf","153":"pa_countries-mg","154":"pa_countries-mh","155":"pa_countries-mk","156":"pa_countries-ml","157":"pa_countries-mm","158":"pa_countries-mn","159":"pa_countries-mo","160":"pa_countries-mp","161":"pa_countries-mq","162":"pa_countries-mr","163":"pa_countries-ms","164":"pa_countries-mt","165":"pa_countries-mu","166":"pa_countries-mv","167":"pa_countries-mw","168":"pa_countries-mx","169":"pa_countries-my","170":"pa_countries-mz","171":"pa_countries-na","172":"pa_countries-nc","173":"pa_countries-ne","174":"pa_countries-nf","175":"pa_countries-ng","176":"pa_countries-ni","177":"pa_countries-nl","178":"pa_countries-no","179":"pa_countries-np","180":"pa_countries-nr","181":"pa_countries-nu","182":"pa_countries-nz","183":"pa_countries-om","184":"pa_countries-pa","185":"pa_countries-pe","186":"pa_countries-pf","187":"pa_countries-pg","188":"pa_countries-ph","189":"pa_countries-pk","190":"pa_countries-pl","191":"pa_countries-pm","192":"pa_countries-pn","193":"pa_countries-pr","194":"pa_countries-ps","195":"pa_countries-pt","196":"pa_countries-pw","197":"pa_countries-py","198":"pa_countries-qa","199":"pa_countries-re","200":"pa_countries-ro","201":"pa_countries-rs","202":"pa_countries-rw","203":"pa_countries-sa","204":"pa_countries-sb","205":"pa_countries-sc","206":"pa_countries-sd","207":"pa_countries-se","208":"pa_countries-sg","209":"pa_countries-sh","210":"pa_countries-si","211":"pa_countries-sj","212":"pa_countries-sk","213":"pa_countries-sl","214":"pa_countries-sm","215":"pa_countries-sn","216":"pa_countries-so","217":"pa_countries-sr","218":"pa_countries-ss","220":"pa_countries-st","221":"pa_countries-sv","222":"pa_countries-sx","223":"pa_countries-sy","224":"pa_countries-sz","225":"pa_countries-tc","226":"pa_countries-td","227":"pa_countries-tf","228":"pa_countries-tg","229":"pa_countries-th","230":"pa_countries-tj","231":"pa_countries-tk","232":"pa_countries-tl","233":"pa_countries-tm","234":"pa_countries-tn","235":"pa_countries-to","236":"pa_countries-tr","237":"pa_countries-tt","238":"pa_countries-tv","239":"pa_countries-tw","240":"pa_countries-tz","241":"pa_countries-ua","242":"pa_countries-ug","243":"pa_countries-um","244":"pa_countries-us","245":"pa_countries-uy","246":"pa_countries-uz","247":"pa_countries-va","248":"pa_countries-vc","249":"pa_countries-ve","250":"pa_countries-vg","251":"pa_countries-vi","252":"pa_countries-vn","253":"pa_countries-vu","254":"pa_countries-wf","255":"pa_countries-ws","256":"pa_countries-xk","257":"pa_countries-ye","258":"pa_countries-yt","259":"pa_countries-za","260":"pa_countries-zm","261":"pa_countries-zw","262":"pa_game_type-bundle","264":"pa_genres-adventure","265":"pa_genres-point-and-click","267":"pa_interface-de-de","268":"pa_interface-en-us","269":"pa_interface-es-es","270":"pa_interface-fr-fr","271":"pa_interface-ja-jp","272":"pa_interface-ko-kr","273":"pa_interface-nl-nl","275":"pa_interface-pl-pl","276":"pa_interface-ru-ru","277":"pa_modes-single-player","279":"pa_platform-pc-steam","281":"pa_player_perspectives-third-person","283":"pa_publisher-alawar-entertainment","285":"pa_rating-14441","286":"pa_rating-773","287":"pa_region-global","289":"pa_subtitles-de-de","290":"pa_subtitles-en-us","291":"pa_subtitles-es-es","292":"pa_subtitles-fr-fr","293":"pa_subtitles-ja-jp","294":"pa_subtitles-ko-kr","295":"pa_subtitles-nl-nl","297":"pa_subtitles-pl-pl","298":"pa_subtitles-ru-ru","299":"pa_themes-mystery","302":"first","303":"instock","304":"virtual","305":"taxable","306":"purchasable","307":"product-type-simple"},"yoast_head":"<!-- This site is optimized with the Yoast SEO plugin v27.3 - https:\/\/yoast.com\/product\/yoast-seo-wordpress\/ -->\n<title>Hidden Object Bundle 5 in 1 | BeGamer.cz<\/title>\n<meta name=\"robots\" content=\"index, follow, max-snippet:-1, max-image-preview:large, max-video-preview:-1\" \/>\n<link rel=\"canonical\" href=\"https:\/\/begamer.cz\/sk\/produkt\/hidden-object-bundle-5-in-1-sk\/\" \/>\n<meta property=\"og:locale\" content=\"sk_SK\" \/>\n<meta property=\"og:type\" content=\"article\" \/>\n<meta property=\"og:title\" content=\"Hidden Object Bundle 5 in 1 | BeGamer.cz\" \/>\n<meta property=\"og:description\" content=\"Toto je najlep\u0161ia ponuka v\u0161etk\u00fdch \u010dias \u2013 5 hier s ukryt\u00fdmi predmetmi za jednu n\u00edzku cenu! Vychutnajte si 20 hod\u00edn \u0161ialenstva s ukryt\u00fdmi predmetmi a nezabudnite tento bal\u00edk odporu\u010di\u0165 svojim priate\u013eom, ktor\u00ed miluj\u00fa hry s ukryt\u00fdmi predmetmi!\" \/>\n<meta property=\"og:url\" content=\"https:\/\/begamer.cz\/sk\/produkt\/hidden-object-bundle-5-in-1-sk\/\" \/>\n<meta property=\"og:site_name\" content=\"BeGamer.cz\" \/>\n<meta property=\"article:modified_time\" content=\"2026-03-10T21:00:39+00:00\" \/>\n<meta property=\"og:image\" content=\"https:\/\/begamer.cz\/wp-content\/uploads\/2026\/01\/hidden-object-bundle-5-in-1-5.webp\" \/>\n\t<meta property=\"og:image:width\" content=\"300\" \/>\n\t<meta property=\"og:image:height\" content=\"400\" \/>\n\t<meta property=\"og:image:type\" content=\"image\/webp\" \/>\n<meta name=\"twitter:card\" content=\"summary_large_image\" \/>\n<meta name=\"twitter:label1\" content=\"Predpokladan\u00fd \u010das \u010d\u00edtania\" \/>\n\t<meta name=\"twitter:data1\" content=\"4 min\u00faty\" \/>\n<script type=\"application\/ld+json\" class=\"yoast-schema-graph\">{\"@context\":\"https:\\\/\\\/schema.org\",\"@graph\":[{\"@type\":\"WebPage\",\"@id\":\"https:\\\/\\\/begamer.cz\\\/sk\\\/produkt\\\/hidden-object-bundle-5-in-1-sk\\\/\",\"url\":\"https:\\\/\\\/begamer.cz\\\/sk\\\/produkt\\\/hidden-object-bundle-5-in-1-sk\\\/\",\"name\":\"Hidden Object Bundle 5 in 1 | BeGamer.cz\",\"isPartOf\":{\"@id\":\"https:\\\/\\\/begamer.cz\\\/sk\\\/#website\"},\"primaryImageOfPage\":{\"@id\":\"https:\\\/\\\/begamer.cz\\\/sk\\\/produkt\\\/hidden-object-bundle-5-in-1-sk\\\/#primaryimage\"},\"image\":{\"@id\":\"https:\\\/\\\/begamer.cz\\\/sk\\\/produkt\\\/hidden-object-bundle-5-in-1-sk\\\/#primaryimage\"},\"thumbnailUrl\":\"https:\\\/\\\/begamer.cz\\\/wp-content\\\/uploads\\\/2026\\\/01\\\/hidden-object-bundle-5-in-1-5.webp\",\"datePublished\":\"2026-01-30T16:34:06+00:00\",\"dateModified\":\"2026-03-10T21:00:39+00:00\",\"breadcrumb\":{\"@id\":\"https:\\\/\\\/begamer.cz\\\/sk\\\/produkt\\\/hidden-object-bundle-5-in-1-sk\\\/#breadcrumb\"},\"inLanguage\":\"sk-SK\",\"potentialAction\":[{\"@type\":\"ReadAction\",\"target\":[\"https:\\\/\\\/begamer.cz\\\/sk\\\/produkt\\\/hidden-object-bundle-5-in-1-sk\\\/\"]}]},{\"@type\":\"ImageObject\",\"inLanguage\":\"sk-SK\",\"@id\":\"https:\\\/\\\/begamer.cz\\\/sk\\\/produkt\\\/hidden-object-bundle-5-in-1-sk\\\/#primaryimage\",\"url\":\"https:\\\/\\\/begamer.cz\\\/wp-content\\\/uploads\\\/2026\\\/01\\\/hidden-object-bundle-5-in-1-5.webp\",\"contentUrl\":\"https:\\\/\\\/begamer.cz\\\/wp-content\\\/uploads\\\/2026\\\/01\\\/hidden-object-bundle-5-in-1-5.webp\",\"width\":300,\"height\":400},{\"@type\":\"BreadcrumbList\",\"@id\":\"https:\\\/\\\/begamer.cz\\\/sk\\\/produkt\\\/hidden-object-bundle-5-in-1-sk\\\/#breadcrumb\",\"itemListElement\":[{\"@type\":\"ListItem\",\"position\":1,\"name\":\"Domov\",\"item\":\"https:\\\/\\\/begamer.cz\\\/sk\\\/\"},{\"@type\":\"ListItem\",\"position\":2,\"name\":\"Obchod\",\"item\":\"https:\\\/\\\/begamer.cz\\\/obchod\\\/\"},{\"@type\":\"ListItem\",\"position\":3,\"name\":\"Hidden Object Bundle 5 in 1\"}]},{\"@type\":\"WebSite\",\"@id\":\"https:\\\/\\\/begamer.cz\\\/sk\\\/#website\",\"url\":\"https:\\\/\\\/begamer.cz\\\/sk\\\/\",\"name\":\"BeGamer.cz\",\"description\":\"\",\"publisher\":{\"@id\":\"https:\\\/\\\/begamer.cz\\\/sk\\\/#organization\"},\"potentialAction\":[{\"@type\":\"SearchAction\",\"target\":{\"@type\":\"EntryPoint\",\"urlTemplate\":\"https:\\\/\\\/begamer.cz\\\/sk\\\/?s={search_term_string}\"},\"query-input\":{\"@type\":\"PropertyValueSpecification\",\"valueRequired\":true,\"valueName\":\"search_term_string\"}}],\"inLanguage\":\"sk-SK\"},{\"@type\":\"Organization\",\"@id\":\"https:\\\/\\\/begamer.cz\\\/sk\\\/#organization\",\"name\":\"BeGamer.cz\",\"url\":\"https:\\\/\\\/begamer.cz\\\/sk\\\/\",\"logo\":{\"@type\":\"ImageObject\",\"inLanguage\":\"sk-SK\",\"@id\":\"https:\\\/\\\/begamer.cz\\\/sk\\\/#\\\/schema\\\/logo\\\/image\\\/\",\"url\":\"https:\\\/\\\/begamer.cz\\\/wp-content\\\/uploads\\\/2025\\\/07\\\/logo.svg\",\"contentUrl\":\"https:\\\/\\\/begamer.cz\\\/wp-content\\\/uploads\\\/2025\\\/07\\\/logo.svg\",\"caption\":\"BeGamer.cz\"},\"image\":{\"@id\":\"https:\\\/\\\/begamer.cz\\\/sk\\\/#\\\/schema\\\/logo\\\/image\\\/\"}}]}<\/script>\n<!-- \/ Yoast SEO plugin. -->","yoast_head_json":{"title":"Hidden Object Bundle 5 in 1 | BeGamer.cz","robots":{"index":"index","follow":"follow","max-snippet":"max-snippet:-1","max-image-preview":"max-image-preview:large","max-video-preview":"max-video-preview:-1"},"canonical":"https:\/\/begamer.cz\/sk\/produkt\/hidden-object-bundle-5-in-1-sk\/","og_locale":"sk_SK","og_type":"article","og_title":"Hidden Object Bundle 5 in 1 | BeGamer.cz","og_description":"Toto je najlep\u0161ia ponuka v\u0161etk\u00fdch \u010dias \u2013 5 hier s ukryt\u00fdmi predmetmi za jednu n\u00edzku cenu! Vychutnajte si 20 hod\u00edn \u0161ialenstva s ukryt\u00fdmi predmetmi a nezabudnite tento bal\u00edk odporu\u010di\u0165 svojim priate\u013eom, ktor\u00ed miluj\u00fa hry s ukryt\u00fdmi predmetmi!","og_url":"https:\/\/begamer.cz\/sk\/produkt\/hidden-object-bundle-5-in-1-sk\/","og_site_name":"BeGamer.cz","article_modified_time":"2026-03-10T21:00:39+00:00","og_image":[{"width":300,"height":400,"url":"https:\/\/begamer.cz\/wp-content\/uploads\/2026\/01\/hidden-object-bundle-5-in-1-5.webp","type":"image\/webp"}],"twitter_card":"summary_large_image","twitter_misc":{"Predpokladan\u00fd \u010das \u010d\u00edtania":"4 min\u00faty"},"schema":{"@context":"https:\/\/schema.org","@graph":[{"@type":"WebPage","@id":"https:\/\/begamer.cz\/sk\/produkt\/hidden-object-bundle-5-in-1-sk\/","url":"https:\/\/begamer.cz\/sk\/produkt\/hidden-object-bundle-5-in-1-sk\/","name":"Hidden Object Bundle 5 in 1 | BeGamer.cz","isPartOf":{"@id":"https:\/\/begamer.cz\/sk\/#website"},"primaryImageOfPage":{"@id":"https:\/\/begamer.cz\/sk\/produkt\/hidden-object-bundle-5-in-1-sk\/#primaryimage"},"image":{"@id":"https:\/\/begamer.cz\/sk\/produkt\/hidden-object-bundle-5-in-1-sk\/#primaryimage"},"thumbnailUrl":"https:\/\/begamer.cz\/wp-content\/uploads\/2026\/01\/hidden-object-bundle-5-in-1-5.webp","datePublished":"2026-01-30T16:34:06+00:00","dateModified":"2026-03-10T21:00:39+00:00","breadcrumb":{"@id":"https:\/\/begamer.cz\/sk\/produkt\/hidden-object-bundle-5-in-1-sk\/#breadcrumb"},"inLanguage":"sk-SK","potentialAction":[{"@type":"ReadAction","target":["https:\/\/begamer.cz\/sk\/produkt\/hidden-object-bundle-5-in-1-sk\/"]}]},{"@type":"ImageObject","inLanguage":"sk-SK","@id":"https:\/\/begamer.cz\/sk\/produkt\/hidden-object-bundle-5-in-1-sk\/#primaryimage","url":"https:\/\/begamer.cz\/wp-content\/uploads\/2026\/01\/hidden-object-bundle-5-in-1-5.webp","contentUrl":"https:\/\/begamer.cz\/wp-content\/uploads\/2026\/01\/hidden-object-bundle-5-in-1-5.webp","width":300,"height":400},{"@type":"BreadcrumbList","@id":"https:\/\/begamer.cz\/sk\/produkt\/hidden-object-bundle-5-in-1-sk\/#breadcrumb","itemListElement":[{"@type":"ListItem","position":1,"name":"Domov","item":"https:\/\/begamer.cz\/sk\/"},{"@type":"ListItem","position":2,"name":"Obchod","item":"https:\/\/begamer.cz\/obchod\/"},{"@type":"ListItem","position":3,"name":"Hidden Object Bundle 5 in 1"}]},{"@type":"WebSite","@id":"https:\/\/begamer.cz\/sk\/#website","url":"https:\/\/begamer.cz\/sk\/","name":"BeGamer.cz","description":"","publisher":{"@id":"https:\/\/begamer.cz\/sk\/#organization"},"potentialAction":[{"@type":"SearchAction","target":{"@type":"EntryPoint","urlTemplate":"https:\/\/begamer.cz\/sk\/?s={search_term_string}"},"query-input":{"@type":"PropertyValueSpecification","valueRequired":true,"valueName":"search_term_string"}}],"inLanguage":"sk-SK"},{"@type":"Organization","@id":"https:\/\/begamer.cz\/sk\/#organization","name":"BeGamer.cz","url":"https:\/\/begamer.cz\/sk\/","logo":{"@type":"ImageObject","inLanguage":"sk-SK","@id":"https:\/\/begamer.cz\/sk\/#\/schema\/logo\/image\/","url":"https:\/\/begamer.cz\/wp-content\/uploads\/2025\/07\/logo.svg","contentUrl":"https:\/\/begamer.cz\/wp-content\/uploads\/2025\/07\/logo.svg","caption":"BeGamer.cz"},"image":{"@id":"https:\/\/begamer.cz\/sk\/#\/schema\/logo\/image\/"}}]}},"acf":[],"_links":{"self":[{"href":"https:\/\/begamer.cz\/sk\/wp-json\/wp\/v2\/product\/98903","targetHints":{"allow":["GET"]}}],"collection":[{"href":"https:\/\/begamer.cz\/sk\/wp-json\/wp\/v2\/product"}],"about":[{"href":"https:\/\/begamer.cz\/sk\/wp-json\/wp\/v2\/types\/product"}],"replies":[{"embeddable":true,"href":"https:\/\/begamer.cz\/sk\/wp-json\/wp\/v2\/comments?post=98903"}],"wp:featuredmedia":[{"embeddable":true,"href":"https:\/\/begamer.cz\/sk\/wp-json\/wp\/v2\/media\/73009"}],"wp:attachment":[{"href":"https:\/\/begamer.cz\/sk\/wp-json\/wp\/v2\/media?parent=98903"}],"wp:term":[{"taxonomy":"product_brand","embeddable":true,"href":"https:\/\/begamer.cz\/sk\/wp-json\/wp\/v2\/product_brand?post=98903"},{"taxonomy":"product_cat","embeddable":true,"href":"https:\/\/begamer.cz\/sk\/wp-json\/wp\/v2\/product_cat?post=98903"},{"taxonomy":"product_tag","embeddable":true,"href":"https:\/\/begamer.cz\/sk\/wp-json\/wp\/v2\/product_tag?post=98903"}],"curies":[{"name":"wp","href":"https:\/\/api.w.org\/{rel}","templated":true}]}}