{"id":98849,"date":"2026-01-30T17:29:48","date_gmt":"2026-01-30T16:29:48","guid":{"rendered":"https:\/\/begamer.cz\/produkt\/capcom-fighting-collection-sk-1769790590\/"},"modified":"2026-03-10T21:55:01","modified_gmt":"2026-03-10T20:55:01","slug":"capcom-fighting-collection-sk-3","status":"publish","type":"product","link":"https:\/\/begamer.cz\/sk\/produkt\/capcom-fighting-collection-sk-3\/","title":{"rendered":"Capcom Fighting Collection"},"content":{"rendered":"<p>Desa\u0165 najpopul\u00e1rnej\u0161\u00edch ark\u00e1dov\u00fdch hier od Capcomu v jednej epick\u00e9 kolekcii!<\/p>\n<p>Obsahuje<\/p>\n<p>\u0161irok\u00fa \u0161k\u00e1lu titulov z ikonick\u00fdch s\u00e9ri\u00ed, ako s\u00fa Street Fighter a Darkstalkers, Cyberbots a prv\u00fd port hry Red Earth pre dom\u00e1ce konzoly! A samozrejme, v\u0161etky tituly podporuj\u00fa online hranie! Je to perfektn\u00e1 kolekcia pre ark\u00e1dov\u00fdch veter\u00e1nov, ktor\u00ed si tieto tituly pam\u00e4taj\u00fa, aj pre t\u00fdch, ktor\u00ed sa s nimi chc\u00fa zozn\u00e1mi\u0165 po prv\u00fdkr\u00e1t!<\/p>\n<p>\u25a0 Plnohodnotn\u00e9 online re\u017eimy<br \/>\nHr\u00e1\u010di sa m\u00f4\u017eu sna\u017ei\u0165 dosta\u0165 na vrchol glob\u00e1lnych rebr\u00ed\u010dkov v hodnoten\u00fdch z\u00e1pasoch, vytvori\u0165 lobby s priate\u013emi pre neform\u00e1lne hry alebo len sledova\u0165 niektor\u00e9 vzru\u0161uj\u00face z\u00e1pasy.<br \/>\n<br \/>Podporovan\u00e9 robustn\u00fdm Rollback netcode, ktor\u00fd pon\u00faka stabiln\u00fd a plynul\u00fd online z\u00e1\u017eitok.<\/p>\n<p>\u25a0 Za\u010diato\u010dn\u00edci s\u00fa v\u00edtan\u00ed<br \/>\nS\u00fa<br \/>zahrnut\u00e9 funkcie vhodn\u00e9 pre za\u010diato\u010dn\u00edkov, ako napr\u00edklad tr\u00e9ningov\u00fd re\u017eim a mo\u017enosti ovl\u00e1dania \u0161peci\u00e1lnych pohybov jedn\u00fdm tla\u010didlom. M\u00f4\u017eete tie\u017e kedyko\u013evek ulo\u017ei\u0165 a na\u010d\u00edta\u0165 hru, aby ste ju mohli r\u00fdchlo zopakova\u0165!<\/p>\n<p>\u25a0 Dodato\u010dn\u00fd obsah: M\u00fazeum<br \/>\n<br \/>Tento arch\u00edv obsahuje viac ako 500 ilustr\u00e1ci\u00ed a v\u00fdvojov\u00fdch materi\u00e1lov z 10 zahrnut\u00fdch titulov. Zah\u0155\u0148a aj koncepty, ktor\u00e9 doteraz neboli verejnosti uk\u00e1zan\u00e9, a materi\u00e1ly zo z\u00e1kulisia, ktor\u00e9 poskytuj\u00fa nahliadnutie do v\u00fdvojov\u00e9ho procesu. Nielen to, m\u00f4\u017eete si vypo\u010du\u0165 viac ako 400 hudobn\u00fdch skladieb nahrat\u00fdch z ark\u00e1dov\u00fdch verzi\u00ed ka\u017ed\u00e9ho titulu.\u3000<\/p>\n<p>Zahrnut\u00e9 hern\u00e9 tituly (pre v\u00e4\u010d\u0161inu titulov je mo\u017en\u00e9 vybra\u0165 japonsk\u00fa a anglick\u00fa verziu *1)<br \/>\n<br \/>Darkstalkers: The Night Warriors<br \/>\nNight Warriors: Darkstalkers\u2019 Revenge<br \/>\nVampire Savior: The Lord of Vampire<br \/>\n<br \/>Vampire Hunter 2: Darkstalkers\u2019 Revenge<br \/>\nVampire Savior 2: The Lord of Vampire<br \/>\nHyper Street Fighter II: The Anniversary Edition<br \/>\nSuper Puzzle Fighter II Turbo<br \/>\nSuper Gem Fighter Mini Mix<br \/>\nCyberbots: Full Metal Madness<br \/>\nRed<\/p>\n<p>Earth<\/p>\n<p>(*1 Vampire Hunter 2: Darkstalkers\u2019 Revenge a Vampire Savior 2: The Lord of Vampire s\u00fa k dispoz\u00edcii iba v japonskej verzii)<\/p>\n","protected":false},"excerpt":{"rendered":"<p>Desa\u0165 najpopul\u00e1rnej\u0161\u00edch ark\u00e1dov\u00fdch hier od Capcomu v jednej ve\u013ekolepej kolekcii! Obsahuje \u0161irok\u00fa \u0161k\u00e1lu titulov zo s\u00e9ri\u00ed ako Street Fighter a Darkstalkers, Cyberbots a prv\u00fd port hry Red Earth pre dom\u00e1ce konzoly! A samozrejme, v\u0161etky tituly podporuj\u00fa online hranie!<\/p>\n","protected":false},"featured_media":7991,"comment_status":"open","ping_status":"closed","template":"","meta":{"_acf_changed":false},"product_brand":[],"product_cat":[274,278,268,266,312],"product_tag":[],"class_list":{"0":"post-98849","1":"product","2":"type-product","3":"status-publish","4":"has-post-thumbnail","6":"product_cat-arkady-pc-hry-sk","7":"product_cat-bojove-pc-hry-sk","8":"product_cat-pc-sk","9":"product_cat-pc-hry-sk","10":"product_cat-steam-pc-sk","11":"pa_audio-en-us","12":"pa_audio-ja-jp","14":"pa_countries-ad","15":"pa_countries-ae","16":"pa_countries-af","17":"pa_countries-ag","18":"pa_countries-ai","19":"pa_countries-al","20":"pa_countries-am","21":"pa_countries-ao","22":"pa_countries-aq","23":"pa_countries-ar","24":"pa_countries-as","25":"pa_countries-at","26":"pa_countries-au","27":"pa_countries-aw","28":"pa_countries-ax","29":"pa_countries-az","30":"pa_countries-ba","31":"pa_countries-bb","32":"pa_countries-bd","33":"pa_countries-be","34":"pa_countries-bf","35":"pa_countries-bg","36":"pa_countries-bh","37":"pa_countries-bi","38":"pa_countries-bj","39":"pa_countries-bl","40":"pa_countries-bm","41":"pa_countries-bn","42":"pa_countries-bo","43":"pa_countries-bq","44":"pa_countries-br","45":"pa_countries-bs","46":"pa_countries-bt","47":"pa_countries-bv","48":"pa_countries-bw","49":"pa_countries-bz","50":"pa_countries-ca","51":"pa_countries-cc","52":"pa_countries-cd","53":"pa_countries-cf","54":"pa_countries-cg","55":"pa_countries-ch","56":"pa_countries-ci","57":"pa_countries-ck","58":"pa_countries-cl","59":"pa_countries-cm","60":"pa_countries-co","61":"pa_countries-cr","62":"pa_countries-cu","63":"pa_countries-cv","64":"pa_countries-cw","65":"pa_countries-cx","66":"pa_countries-cy","67":"pa_countries-cz","68":"pa_countries-de","69":"pa_countries-dj","70":"pa_countries-dk","71":"pa_countries-dm","72":"pa_countries-do","73":"pa_countries-dz","74":"pa_countries-ec","75":"pa_countries-ee","76":"pa_countries-eg","77":"pa_countries-eh","78":"pa_countries-er","79":"pa_countries-es","80":"pa_countries-et","81":"pa_countries-fi","82":"pa_countries-fj","83":"pa_countries-fk","84":"pa_countries-fm","85":"pa_countries-fo","86":"pa_countries-fr","87":"pa_countries-ga","88":"pa_countries-gb","89":"pa_countries-gd","90":"pa_countries-ge","91":"pa_countries-gf","92":"pa_countries-gg","93":"pa_countries-gh","94":"pa_countries-gi","95":"pa_countries-gl","96":"pa_countries-gm","97":"pa_countries-gn","98":"pa_countries-gp","99":"pa_countries-gq","100":"pa_countries-gr","101":"pa_countries-gs","102":"pa_countries-gt","103":"pa_countries-gu","104":"pa_countries-gw","105":"pa_countries-gy","106":"pa_countries-hk","107":"pa_countries-hm","108":"pa_countries-hn","109":"pa_countries-hr","110":"pa_countries-ht","111":"pa_countries-hu","112":"pa_countries-id","113":"pa_countries-ie","114":"pa_countries-il","115":"pa_countries-im","116":"pa_countries-in","117":"pa_countries-io","118":"pa_countries-iq","119":"pa_countries-ir","120":"pa_countries-is","121":"pa_countries-it","122":"pa_countries-je","123":"pa_countries-jm","124":"pa_countries-jo","125":"pa_countries-ke","126":"pa_countries-kg","127":"pa_countries-kh","128":"pa_countries-ki","129":"pa_countries-km","130":"pa_countries-kn","131":"pa_countries-kw","132":"pa_countries-ky","133":"pa_countries-kz","134":"pa_countries-la","135":"pa_countries-lb","136":"pa_countries-lc","137":"pa_countries-li","138":"pa_countries-lk","139":"pa_countries-lr","140":"pa_countries-ls","141":"pa_countries-lt","142":"pa_countries-lu","143":"pa_countries-lv","144":"pa_countries-ly","145":"pa_countries-ma","146":"pa_countries-mc","147":"pa_countries-md","148":"pa_countries-me","149":"pa_countries-mf","150":"pa_countries-mg","151":"pa_countries-mh","152":"pa_countries-mk","153":"pa_countries-ml","154":"pa_countries-mm","155":"pa_countries-mn","156":"pa_countries-mo","157":"pa_countries-mp","158":"pa_countries-mq","159":"pa_countries-mr","160":"pa_countries-ms","161":"pa_countries-mt","162":"pa_countries-mu","163":"pa_countries-mv","164":"pa_countries-mw","165":"pa_countries-mx","166":"pa_countries-my","167":"pa_countries-mz","168":"pa_countries-na","169":"pa_countries-nc","170":"pa_countries-ne","171":"pa_countries-nf","172":"pa_countries-ng","173":"pa_countries-ni","174":"pa_countries-nl","175":"pa_countries-no","176":"pa_countries-np","177":"pa_countries-nr","178":"pa_countries-nu","179":"pa_countries-nz","180":"pa_countries-om","181":"pa_countries-pa","182":"pa_countries-pe","183":"pa_countries-pf","184":"pa_countries-pg","185":"pa_countries-ph","186":"pa_countries-pk","187":"pa_countries-pl","188":"pa_countries-pm","189":"pa_countries-pn","190":"pa_countries-pr","191":"pa_countries-ps","192":"pa_countries-pt","193":"pa_countries-pw","194":"pa_countries-py","195":"pa_countries-qa","196":"pa_countries-re","197":"pa_countries-ro","198":"pa_countries-rs","199":"pa_countries-rw","200":"pa_countries-sa","201":"pa_countries-sb","202":"pa_countries-sc","203":"pa_countries-sd","204":"pa_countries-se","205":"pa_countries-sg","206":"pa_countries-sh","207":"pa_countries-si","208":"pa_countries-sj","209":"pa_countries-sk","210":"pa_countries-sl","211":"pa_countries-sm","212":"pa_countries-sn","213":"pa_countries-so","214":"pa_countries-sr","215":"pa_countries-ss","217":"pa_countries-st","218":"pa_countries-sv","219":"pa_countries-sx","220":"pa_countries-sy","221":"pa_countries-sz","222":"pa_countries-tc","223":"pa_countries-td","224":"pa_countries-tf","225":"pa_countries-tg","226":"pa_countries-th","227":"pa_countries-tj","228":"pa_countries-tk","229":"pa_countries-tl","230":"pa_countries-tm","231":"pa_countries-tn","232":"pa_countries-to","233":"pa_countries-tr","234":"pa_countries-tt","235":"pa_countries-tv","236":"pa_countries-tw","237":"pa_countries-tz","238":"pa_countries-ua","239":"pa_countries-ug","240":"pa_countries-um","241":"pa_countries-us","242":"pa_countries-uy","243":"pa_countries-uz","244":"pa_countries-va","245":"pa_countries-vc","246":"pa_countries-ve","247":"pa_countries-vg","248":"pa_countries-vi","249":"pa_countries-vn","250":"pa_countries-vu","251":"pa_countries-wf","252":"pa_countries-ws","253":"pa_countries-xk","254":"pa_countries-ye","255":"pa_countries-yt","256":"pa_countries-za","257":"pa_countries-zm","258":"pa_countries-zw","259":"pa_developer-capcom","261":"pa_engine-mt-framework","263":"pa_franchises-darkstalkers","265":"pa_franchises-street-fighter","266":"pa_game_type-bundle","268":"pa_genres-arcade","270":"pa_genres-fighting","271":"pa_genres-puzzle","272":"pa_interface-ar","273":"pa_interface-de-de","274":"pa_interface-en-us","275":"pa_interface-es-es","276":"pa_interface-es-mx","277":"pa_interface-fr-fr","278":"pa_interface-it-it","279":"pa_interface-ja-jp","280":"pa_interface-ko-kr","281":"pa_interface-pl-pl","282":"pa_interface-pt-br","283":"pa_interface-pt-pt","285":"pa_interface-ru-ru","286":"pa_interface-zh-cn","287":"pa_interface-zh-tw","288":"pa_keywords-shared-screen","289":"pa_modes-multiplayer","291":"pa_modes-single-player","292":"pa_pegi-956","293":"pa_pegi-13432","294":"pa_platform-pc-steam","296":"pa_player_perspectives-side-view","298":"pa_publisher-capcom","300":"pa_rating-1028","301":"pa_rating-14467","302":"pa_region-global","304":"pa_themes-action","307":"first","308":"instock","309":"virtual","310":"taxable","311":"purchasable","312":"product-type-simple"},"yoast_head":"<!-- This site is optimized with the Yoast SEO plugin v27.3 - https:\/\/yoast.com\/product\/yoast-seo-wordpress\/ -->\n<title>Capcom Fighting Collection | BeGamer.cz<\/title>\n<meta name=\"robots\" content=\"index, follow, max-snippet:-1, max-image-preview:large, max-video-preview:-1\" \/>\n<link rel=\"canonical\" href=\"https:\/\/begamer.cz\/sk\/produkt\/capcom-fighting-collection-sk-3\/\" \/>\n<meta property=\"og:locale\" content=\"sk_SK\" \/>\n<meta property=\"og:type\" content=\"article\" \/>\n<meta property=\"og:title\" content=\"Capcom Fighting Collection | BeGamer.cz\" \/>\n<meta property=\"og:description\" content=\"Desa\u0165 najpopul\u00e1rnej\u0161\u00edch ark\u00e1dov\u00fdch hier od Capcomu v jednej ve\u013ekolepej kolekcii! Obsahuje \u0161irok\u00fa \u0161k\u00e1lu titulov zo s\u00e9ri\u00ed ako Street Fighter a Darkstalkers, Cyberbots a prv\u00fd port hry Red Earth pre dom\u00e1ce konzoly! A samozrejme, v\u0161etky tituly podporuj\u00fa online hranie!\" \/>\n<meta property=\"og:url\" content=\"https:\/\/begamer.cz\/sk\/produkt\/capcom-fighting-collection-sk-3\/\" \/>\n<meta property=\"og:site_name\" content=\"BeGamer.cz\" \/>\n<meta property=\"article:modified_time\" content=\"2026-03-10T20:55:01+00:00\" \/>\n<meta property=\"og:image\" content=\"https:\/\/begamer.cz\/wp-content\/uploads\/2026\/01\/capcom-fighting-collection-6.webp\" \/>\n\t<meta property=\"og:image:width\" content=\"300\" \/>\n\t<meta property=\"og:image:height\" content=\"400\" \/>\n\t<meta property=\"og:image:type\" content=\"image\/webp\" \/>\n<meta name=\"twitter:card\" content=\"summary_large_image\" \/>\n<meta name=\"twitter:label1\" content=\"Predpokladan\u00fd \u010das \u010d\u00edtania\" \/>\n\t<meta name=\"twitter:data1\" content=\"2 min\u00faty\" \/>\n<script type=\"application\/ld+json\" class=\"yoast-schema-graph\">{\"@context\":\"https:\\\/\\\/schema.org\",\"@graph\":[{\"@type\":\"WebPage\",\"@id\":\"https:\\\/\\\/begamer.cz\\\/sk\\\/produkt\\\/capcom-fighting-collection-sk-3\\\/\",\"url\":\"https:\\\/\\\/begamer.cz\\\/sk\\\/produkt\\\/capcom-fighting-collection-sk-3\\\/\",\"name\":\"Capcom Fighting Collection | BeGamer.cz\",\"isPartOf\":{\"@id\":\"https:\\\/\\\/begamer.cz\\\/sk\\\/#website\"},\"primaryImageOfPage\":{\"@id\":\"https:\\\/\\\/begamer.cz\\\/sk\\\/produkt\\\/capcom-fighting-collection-sk-3\\\/#primaryimage\"},\"image\":{\"@id\":\"https:\\\/\\\/begamer.cz\\\/sk\\\/produkt\\\/capcom-fighting-collection-sk-3\\\/#primaryimage\"},\"thumbnailUrl\":\"https:\\\/\\\/begamer.cz\\\/wp-content\\\/uploads\\\/2026\\\/01\\\/capcom-fighting-collection-6.webp\",\"datePublished\":\"2026-01-30T16:29:48+00:00\",\"dateModified\":\"2026-03-10T20:55:01+00:00\",\"breadcrumb\":{\"@id\":\"https:\\\/\\\/begamer.cz\\\/sk\\\/produkt\\\/capcom-fighting-collection-sk-3\\\/#breadcrumb\"},\"inLanguage\":\"sk-SK\",\"potentialAction\":[{\"@type\":\"ReadAction\",\"target\":[\"https:\\\/\\\/begamer.cz\\\/sk\\\/produkt\\\/capcom-fighting-collection-sk-3\\\/\"]}]},{\"@type\":\"ImageObject\",\"inLanguage\":\"sk-SK\",\"@id\":\"https:\\\/\\\/begamer.cz\\\/sk\\\/produkt\\\/capcom-fighting-collection-sk-3\\\/#primaryimage\",\"url\":\"https:\\\/\\\/begamer.cz\\\/wp-content\\\/uploads\\\/2026\\\/01\\\/capcom-fighting-collection-6.webp\",\"contentUrl\":\"https:\\\/\\\/begamer.cz\\\/wp-content\\\/uploads\\\/2026\\\/01\\\/capcom-fighting-collection-6.webp\",\"width\":300,\"height\":400},{\"@type\":\"BreadcrumbList\",\"@id\":\"https:\\\/\\\/begamer.cz\\\/sk\\\/produkt\\\/capcom-fighting-collection-sk-3\\\/#breadcrumb\",\"itemListElement\":[{\"@type\":\"ListItem\",\"position\":1,\"name\":\"Domov\",\"item\":\"https:\\\/\\\/begamer.cz\\\/sk\\\/\"},{\"@type\":\"ListItem\",\"position\":2,\"name\":\"Obchod\",\"item\":\"https:\\\/\\\/begamer.cz\\\/obchod\\\/\"},{\"@type\":\"ListItem\",\"position\":3,\"name\":\"Capcom Fighting Collection\"}]},{\"@type\":\"WebSite\",\"@id\":\"https:\\\/\\\/begamer.cz\\\/sk\\\/#website\",\"url\":\"https:\\\/\\\/begamer.cz\\\/sk\\\/\",\"name\":\"BeGamer.cz\",\"description\":\"\",\"publisher\":{\"@id\":\"https:\\\/\\\/begamer.cz\\\/sk\\\/#organization\"},\"potentialAction\":[{\"@type\":\"SearchAction\",\"target\":{\"@type\":\"EntryPoint\",\"urlTemplate\":\"https:\\\/\\\/begamer.cz\\\/sk\\\/?s={search_term_string}\"},\"query-input\":{\"@type\":\"PropertyValueSpecification\",\"valueRequired\":true,\"valueName\":\"search_term_string\"}}],\"inLanguage\":\"sk-SK\"},{\"@type\":\"Organization\",\"@id\":\"https:\\\/\\\/begamer.cz\\\/sk\\\/#organization\",\"name\":\"BeGamer.cz\",\"url\":\"https:\\\/\\\/begamer.cz\\\/sk\\\/\",\"logo\":{\"@type\":\"ImageObject\",\"inLanguage\":\"sk-SK\",\"@id\":\"https:\\\/\\\/begamer.cz\\\/sk\\\/#\\\/schema\\\/logo\\\/image\\\/\",\"url\":\"https:\\\/\\\/begamer.cz\\\/wp-content\\\/uploads\\\/2025\\\/07\\\/logo.svg\",\"contentUrl\":\"https:\\\/\\\/begamer.cz\\\/wp-content\\\/uploads\\\/2025\\\/07\\\/logo.svg\",\"caption\":\"BeGamer.cz\"},\"image\":{\"@id\":\"https:\\\/\\\/begamer.cz\\\/sk\\\/#\\\/schema\\\/logo\\\/image\\\/\"}}]}<\/script>\n<!-- \/ Yoast SEO plugin. -->","yoast_head_json":{"title":"Capcom Fighting Collection | BeGamer.cz","robots":{"index":"index","follow":"follow","max-snippet":"max-snippet:-1","max-image-preview":"max-image-preview:large","max-video-preview":"max-video-preview:-1"},"canonical":"https:\/\/begamer.cz\/sk\/produkt\/capcom-fighting-collection-sk-3\/","og_locale":"sk_SK","og_type":"article","og_title":"Capcom Fighting Collection | BeGamer.cz","og_description":"Desa\u0165 najpopul\u00e1rnej\u0161\u00edch ark\u00e1dov\u00fdch hier od Capcomu v jednej ve\u013ekolepej kolekcii! Obsahuje \u0161irok\u00fa \u0161k\u00e1lu titulov zo s\u00e9ri\u00ed ako Street Fighter a Darkstalkers, Cyberbots a prv\u00fd port hry Red Earth pre dom\u00e1ce konzoly! A samozrejme, v\u0161etky tituly podporuj\u00fa online hranie!","og_url":"https:\/\/begamer.cz\/sk\/produkt\/capcom-fighting-collection-sk-3\/","og_site_name":"BeGamer.cz","article_modified_time":"2026-03-10T20:55:01+00:00","og_image":[{"width":300,"height":400,"url":"https:\/\/begamer.cz\/wp-content\/uploads\/2026\/01\/capcom-fighting-collection-6.webp","type":"image\/webp"}],"twitter_card":"summary_large_image","twitter_misc":{"Predpokladan\u00fd \u010das \u010d\u00edtania":"2 min\u00faty"},"schema":{"@context":"https:\/\/schema.org","@graph":[{"@type":"WebPage","@id":"https:\/\/begamer.cz\/sk\/produkt\/capcom-fighting-collection-sk-3\/","url":"https:\/\/begamer.cz\/sk\/produkt\/capcom-fighting-collection-sk-3\/","name":"Capcom Fighting Collection | BeGamer.cz","isPartOf":{"@id":"https:\/\/begamer.cz\/sk\/#website"},"primaryImageOfPage":{"@id":"https:\/\/begamer.cz\/sk\/produkt\/capcom-fighting-collection-sk-3\/#primaryimage"},"image":{"@id":"https:\/\/begamer.cz\/sk\/produkt\/capcom-fighting-collection-sk-3\/#primaryimage"},"thumbnailUrl":"https:\/\/begamer.cz\/wp-content\/uploads\/2026\/01\/capcom-fighting-collection-6.webp","datePublished":"2026-01-30T16:29:48+00:00","dateModified":"2026-03-10T20:55:01+00:00","breadcrumb":{"@id":"https:\/\/begamer.cz\/sk\/produkt\/capcom-fighting-collection-sk-3\/#breadcrumb"},"inLanguage":"sk-SK","potentialAction":[{"@type":"ReadAction","target":["https:\/\/begamer.cz\/sk\/produkt\/capcom-fighting-collection-sk-3\/"]}]},{"@type":"ImageObject","inLanguage":"sk-SK","@id":"https:\/\/begamer.cz\/sk\/produkt\/capcom-fighting-collection-sk-3\/#primaryimage","url":"https:\/\/begamer.cz\/wp-content\/uploads\/2026\/01\/capcom-fighting-collection-6.webp","contentUrl":"https:\/\/begamer.cz\/wp-content\/uploads\/2026\/01\/capcom-fighting-collection-6.webp","width":300,"height":400},{"@type":"BreadcrumbList","@id":"https:\/\/begamer.cz\/sk\/produkt\/capcom-fighting-collection-sk-3\/#breadcrumb","itemListElement":[{"@type":"ListItem","position":1,"name":"Domov","item":"https:\/\/begamer.cz\/sk\/"},{"@type":"ListItem","position":2,"name":"Obchod","item":"https:\/\/begamer.cz\/obchod\/"},{"@type":"ListItem","position":3,"name":"Capcom Fighting Collection"}]},{"@type":"WebSite","@id":"https:\/\/begamer.cz\/sk\/#website","url":"https:\/\/begamer.cz\/sk\/","name":"BeGamer.cz","description":"","publisher":{"@id":"https:\/\/begamer.cz\/sk\/#organization"},"potentialAction":[{"@type":"SearchAction","target":{"@type":"EntryPoint","urlTemplate":"https:\/\/begamer.cz\/sk\/?s={search_term_string}"},"query-input":{"@type":"PropertyValueSpecification","valueRequired":true,"valueName":"search_term_string"}}],"inLanguage":"sk-SK"},{"@type":"Organization","@id":"https:\/\/begamer.cz\/sk\/#organization","name":"BeGamer.cz","url":"https:\/\/begamer.cz\/sk\/","logo":{"@type":"ImageObject","inLanguage":"sk-SK","@id":"https:\/\/begamer.cz\/sk\/#\/schema\/logo\/image\/","url":"https:\/\/begamer.cz\/wp-content\/uploads\/2025\/07\/logo.svg","contentUrl":"https:\/\/begamer.cz\/wp-content\/uploads\/2025\/07\/logo.svg","caption":"BeGamer.cz"},"image":{"@id":"https:\/\/begamer.cz\/sk\/#\/schema\/logo\/image\/"}}]}},"acf":[],"_links":{"self":[{"href":"https:\/\/begamer.cz\/sk\/wp-json\/wp\/v2\/product\/98849","targetHints":{"allow":["GET"]}}],"collection":[{"href":"https:\/\/begamer.cz\/sk\/wp-json\/wp\/v2\/product"}],"about":[{"href":"https:\/\/begamer.cz\/sk\/wp-json\/wp\/v2\/types\/product"}],"replies":[{"embeddable":true,"href":"https:\/\/begamer.cz\/sk\/wp-json\/wp\/v2\/comments?post=98849"}],"wp:featuredmedia":[{"embeddable":true,"href":"https:\/\/begamer.cz\/sk\/wp-json\/wp\/v2\/media\/7991"}],"wp:attachment":[{"href":"https:\/\/begamer.cz\/sk\/wp-json\/wp\/v2\/media?parent=98849"}],"wp:term":[{"taxonomy":"product_brand","embeddable":true,"href":"https:\/\/begamer.cz\/sk\/wp-json\/wp\/v2\/product_brand?post=98849"},{"taxonomy":"product_cat","embeddable":true,"href":"https:\/\/begamer.cz\/sk\/wp-json\/wp\/v2\/product_cat?post=98849"},{"taxonomy":"product_tag","embeddable":true,"href":"https:\/\/begamer.cz\/sk\/wp-json\/wp\/v2\/product_tag?post=98849"}],"curies":[{"name":"wp","href":"https:\/\/api.w.org\/{rel}","templated":true}]}}