{"id":98747,"date":"2026-01-30T17:28:00","date_gmt":"2026-01-30T16:28:00","guid":{"rendered":"https:\/\/begamer.cz\/produkt\/garfield-lasagna-party-sk\/"},"modified":"2026-03-10T21:49:18","modified_gmt":"2026-03-10T20:49:18","slug":"garfield-lasagna-party-sk","status":"publish","type":"product","link":"https:\/\/begamer.cz\/sk\/produkt\/garfield-lasagna-party-sk\/","title":{"rendered":"Garfield: Lasagna Party"},"content":{"rendered":"<h1>O hre<\/h1>\n<p><strong>Kto vyhr\u00e1 Lasagna Party?<\/strong><\/p>\n<p>32 minihier, ktor\u00e9 m\u00f4\u017eete objavova\u0165 v charakteristick\u00fdch prostrediach, ako je Garfieldov dom, pizzeria, veterin\u00e1rna klinika Liz&#8230;<\/p>\n<p>Na\u0161i priatelia Garfield, Odie, Arlene a Nermal prijali obrovsk\u00fa v\u00fdzvu: z\u00fa\u010dastni\u0165 sa gigantick\u00e9ho lasagna party! Na programe<\/p>\n<p>je \u0161irok\u00e1 \u0161k\u00e1la bl\u00e1zniv\u00fdch hier: h\u00e1dzanie snehov\u00fdch g\u00fa\u013e, prekon\u00e1vanie prek\u00e1\u017ekov\u00fdch dr\u00e1h, kr\u00e1janie pizze&#8230; Urobte \u010doko\u013evek, aby ste predbehli svojich s\u00faperov: vyhrajte minihry, hodte najlep\u0161ie kocky&#8230; a zn\u00e1sobte \u00fadery pod p\u00e1s pomocou predmetov!<\/p>\n<p>Garfield Lasagna Party v\u00e1s poz\u00fdva zahra\u0165 si spolo\u010densk\u00fa hru, ktor\u00e1 sa odohr\u00e1va vo svete ob\u013e\u00faben\u00e9ho tu\u010dn\u00e9ho oran\u017eov\u00e9ho ma\u010dka. S 32 minihrami a 3 hern\u00fdmi re\u017eimami sa z\u00e1bava nikdy nekon\u010d\u00ed!<\/p>\n<p>Hra pre cel\u00fa rodinu, \u010di u\u017e m\u00e1te radi lasagne&#8230; alebo nie!<\/p>\n<p><strong>2 BONUSOV\u00c9 HRACIE RE\u017dIMY:<\/strong><\/p>\n<p><strong>RE\u017dIM V\u00ddZVA<\/strong>: Tento re\u017eim je ur\u010den\u00fd pre 4 hr\u00e1\u010dov a umo\u017e\u0148uje hr\u00e1\u010dom u\u017e\u00edva\u0165 si svoje ob\u013e\u00faben\u00e9 minihry bez toho, aby museli prejs\u0165 v\u0161etky pol\u00ed\u010dka na hracej doske: ide\u00e1lny sp\u00f4sob, ako si zahra\u0165 r\u00fdchlu hru&#8230; alebo intenz\u00edvne tr\u00e9nova\u0165!<\/p>\n<p><strong>RE\u017dIM S\u00da\u0164A\u017d<\/strong>: Tento hern\u00fd re\u017eim umo\u017e\u0148uje hr\u00e1\u010dom zorganizova\u0165 \u0161ampion\u00e1t s vybran\u00fdm po\u010dtom minihier, ktor\u00e9 sa n\u00e1hodne vyberaj\u00fa a hraj\u00fa za sebou vo vysokej r\u00fdchlosti!<\/p>\n<p>32 minihier pre a\u017e 4 hr\u00e1\u010dov!<br \/>V\u017eite sa do jednej zo 4 ikonick\u00fdch komiksov\u00fdch post\u00e1v.<\/p>\n<p>3 hern\u00e9 re\u017eimy: \u0160tandardn\u00fd, V\u00fdzva a S\u00fa\u0165a\u017e Najlep\u0161\u00ed<br \/>hr\u00e1\u010d dostane kopu lasagn\u00ed!<\/p>\n","protected":false},"excerpt":{"rendered":"<p>32 minihier, ktor\u00e9 m\u00f4\u017eete objavova\u0165 v typick\u00fdch prostrediach, ako je Garfieldov dom, pizzeria, veterin\u00e1rna klinika Liz&#8230; Na\u0161i priatelia Garfield, Odie, Arlene a Nermal sa pustili do obrovskej v\u00fdzvy: z\u00fa\u010dastni\u0165 sa gigantick\u00e9ho lasagne ve\u010dierka!<\/p>\n","protected":false},"featured_media":28236,"comment_status":"open","ping_status":"closed","template":"","meta":{"_acf_changed":false},"product_brand":[],"product_cat":[206,210,216,179,200],"product_tag":[],"class_list":{"0":"post-98747","1":"product","2":"type-product","3":"status-publish","4":"has-post-thumbnail","6":"product_cat-arkady-nintendo-switch-sk","7":"product_cat-dobrodruzne-nintendo-switch-sk","8":"product_cat-logicke-nintendo-switch-sk","9":"product_cat-nintendo-hry-sk","10":"product_cat-nintendo-switch-sk","11":"pa_countries-at","12":"pa_countries-be","13":"pa_countries-bg","14":"pa_countries-cy","15":"pa_countries-cz","17":"pa_countries-de","18":"pa_countries-dk","19":"pa_countries-ee","20":"pa_countries-es","21":"pa_countries-fi","22":"pa_countries-fr","23":"pa_countries-gr","24":"pa_countries-hr","25":"pa_countries-hu","26":"pa_countries-ie","27":"pa_countries-it","28":"pa_countries-lt","29":"pa_countries-lu","30":"pa_countries-lv","31":"pa_countries-mt","32":"pa_countries-nl","33":"pa_countries-pl","34":"pa_countries-pt","35":"pa_countries-ro","36":"pa_countries-se","37":"pa_countries-si","38":"pa_countries-sk","40":"pa_developer-balio-studio","42":"pa_game_type-main_game","44":"pa_genres-adventure","45":"pa_genres-arcade","47":"pa_genres-puzzle","48":"pa_genres-quiz-trivia","50":"pa_interface-cs-cz","51":"pa_interface-de-de","52":"pa_interface-en-us","53":"pa_interface-es-es","54":"pa_interface-fr-fr","55":"pa_interface-it-it","56":"pa_interface-ja-jp","57":"pa_interface-ko-kr","58":"pa_interface-nl-nl","60":"pa_interface-pl-pl","61":"pa_interface-ru-ru","63":"pa_interface-zh-cn","64":"pa_interface-zh-tw","65":"pa_modes-multiplayer","67":"pa_modes-single-player","69":"pa_pegi-943","70":"pa_pegi-13430","71":"pa_platform-nintendo-switch","73":"pa_player_perspectives-third-person","75":"pa_publisher-microids","77":"pa_rating-14510","78":"pa_rating-1357","79":"pa_region-europe","81":"pa_subtitles-cs-cz","82":"pa_subtitles-de-de","84":"pa_subtitles-en-us","85":"pa_subtitles-es-es","86":"pa_subtitles-fr-fr","87":"pa_subtitles-it-it","88":"pa_subtitles-ja-jp","89":"pa_subtitles-ko-kr","90":"pa_subtitles-nl-nl","92":"pa_subtitles-pl-pl","93":"pa_subtitles-ru-ru","94":"pa_subtitles-zh-cn","95":"pa_subtitles-zh-tw","96":"pa_themes-action","97":"pa_themes-comedy","98":"pa_themes-kids","100":"pa_themes-party","103":"first","104":"instock","105":"virtual","106":"taxable","107":"purchasable","108":"product-type-simple"},"yoast_head":"<!-- This site is optimized with the Yoast SEO plugin v27.3 - https:\/\/yoast.com\/product\/yoast-seo-wordpress\/ -->\n<title>Garfield: Lasagna Party | BeGamer.cz<\/title>\n<meta name=\"robots\" content=\"index, follow, max-snippet:-1, max-image-preview:large, max-video-preview:-1\" \/>\n<link rel=\"canonical\" href=\"https:\/\/begamer.cz\/sk\/produkt\/garfield-lasagna-party-sk\/\" \/>\n<meta property=\"og:locale\" content=\"sk_SK\" \/>\n<meta property=\"og:type\" content=\"article\" \/>\n<meta property=\"og:title\" content=\"Garfield: Lasagna Party | BeGamer.cz\" \/>\n<meta property=\"og:description\" content=\"32 minihier, ktor\u00e9 m\u00f4\u017eete objavova\u0165 v typick\u00fdch prostrediach, ako je Garfieldov dom, pizzeria, veterin\u00e1rna klinika Liz... Na\u0161i priatelia Garfield, Odie, Arlene a Nermal sa pustili do obrovskej v\u00fdzvy: z\u00fa\u010dastni\u0165 sa gigantick\u00e9ho lasagne ve\u010dierka!\" \/>\n<meta property=\"og:url\" content=\"https:\/\/begamer.cz\/sk\/produkt\/garfield-lasagna-party-sk\/\" \/>\n<meta property=\"og:site_name\" content=\"BeGamer.cz\" \/>\n<meta property=\"article:modified_time\" content=\"2026-03-10T20:49:18+00:00\" \/>\n<meta property=\"og:image\" content=\"https:\/\/begamer.cz\/wp-content\/uploads\/2026\/01\/garfield-lasagna-party-5.webp\" \/>\n\t<meta property=\"og:image:width\" content=\"300\" \/>\n\t<meta property=\"og:image:height\" content=\"400\" \/>\n\t<meta property=\"og:image:type\" content=\"image\/webp\" \/>\n<meta name=\"twitter:card\" content=\"summary_large_image\" \/>\n<meta name=\"twitter:label1\" content=\"Predpokladan\u00fd \u010das \u010d\u00edtania\" \/>\n\t<meta name=\"twitter:data1\" content=\"1 min\u00fata\" \/>\n<script type=\"application\/ld+json\" class=\"yoast-schema-graph\">{\"@context\":\"https:\\\/\\\/schema.org\",\"@graph\":[{\"@type\":\"WebPage\",\"@id\":\"https:\\\/\\\/begamer.cz\\\/sk\\\/produkt\\\/garfield-lasagna-party-sk\\\/\",\"url\":\"https:\\\/\\\/begamer.cz\\\/sk\\\/produkt\\\/garfield-lasagna-party-sk\\\/\",\"name\":\"Garfield: Lasagna Party | BeGamer.cz\",\"isPartOf\":{\"@id\":\"https:\\\/\\\/begamer.cz\\\/sk\\\/#website\"},\"primaryImageOfPage\":{\"@id\":\"https:\\\/\\\/begamer.cz\\\/sk\\\/produkt\\\/garfield-lasagna-party-sk\\\/#primaryimage\"},\"image\":{\"@id\":\"https:\\\/\\\/begamer.cz\\\/sk\\\/produkt\\\/garfield-lasagna-party-sk\\\/#primaryimage\"},\"thumbnailUrl\":\"https:\\\/\\\/begamer.cz\\\/wp-content\\\/uploads\\\/2026\\\/01\\\/garfield-lasagna-party-5.webp\",\"datePublished\":\"2026-01-30T16:28:00+00:00\",\"dateModified\":\"2026-03-10T20:49:18+00:00\",\"breadcrumb\":{\"@id\":\"https:\\\/\\\/begamer.cz\\\/sk\\\/produkt\\\/garfield-lasagna-party-sk\\\/#breadcrumb\"},\"inLanguage\":\"sk-SK\",\"potentialAction\":[{\"@type\":\"ReadAction\",\"target\":[\"https:\\\/\\\/begamer.cz\\\/sk\\\/produkt\\\/garfield-lasagna-party-sk\\\/\"]}]},{\"@type\":\"ImageObject\",\"inLanguage\":\"sk-SK\",\"@id\":\"https:\\\/\\\/begamer.cz\\\/sk\\\/produkt\\\/garfield-lasagna-party-sk\\\/#primaryimage\",\"url\":\"https:\\\/\\\/begamer.cz\\\/wp-content\\\/uploads\\\/2026\\\/01\\\/garfield-lasagna-party-5.webp\",\"contentUrl\":\"https:\\\/\\\/begamer.cz\\\/wp-content\\\/uploads\\\/2026\\\/01\\\/garfield-lasagna-party-5.webp\",\"width\":300,\"height\":400},{\"@type\":\"BreadcrumbList\",\"@id\":\"https:\\\/\\\/begamer.cz\\\/sk\\\/produkt\\\/garfield-lasagna-party-sk\\\/#breadcrumb\",\"itemListElement\":[{\"@type\":\"ListItem\",\"position\":1,\"name\":\"Domov\",\"item\":\"https:\\\/\\\/begamer.cz\\\/sk\\\/\"},{\"@type\":\"ListItem\",\"position\":2,\"name\":\"Obchod\",\"item\":\"https:\\\/\\\/begamer.cz\\\/obchod\\\/\"},{\"@type\":\"ListItem\",\"position\":3,\"name\":\"Garfield: Lasagna Party\"}]},{\"@type\":\"WebSite\",\"@id\":\"https:\\\/\\\/begamer.cz\\\/sk\\\/#website\",\"url\":\"https:\\\/\\\/begamer.cz\\\/sk\\\/\",\"name\":\"BeGamer.cz\",\"description\":\"\",\"publisher\":{\"@id\":\"https:\\\/\\\/begamer.cz\\\/sk\\\/#organization\"},\"potentialAction\":[{\"@type\":\"SearchAction\",\"target\":{\"@type\":\"EntryPoint\",\"urlTemplate\":\"https:\\\/\\\/begamer.cz\\\/sk\\\/?s={search_term_string}\"},\"query-input\":{\"@type\":\"PropertyValueSpecification\",\"valueRequired\":true,\"valueName\":\"search_term_string\"}}],\"inLanguage\":\"sk-SK\"},{\"@type\":\"Organization\",\"@id\":\"https:\\\/\\\/begamer.cz\\\/sk\\\/#organization\",\"name\":\"BeGamer.cz\",\"url\":\"https:\\\/\\\/begamer.cz\\\/sk\\\/\",\"logo\":{\"@type\":\"ImageObject\",\"inLanguage\":\"sk-SK\",\"@id\":\"https:\\\/\\\/begamer.cz\\\/sk\\\/#\\\/schema\\\/logo\\\/image\\\/\",\"url\":\"https:\\\/\\\/begamer.cz\\\/wp-content\\\/uploads\\\/2025\\\/07\\\/logo.svg\",\"contentUrl\":\"https:\\\/\\\/begamer.cz\\\/wp-content\\\/uploads\\\/2025\\\/07\\\/logo.svg\",\"caption\":\"BeGamer.cz\"},\"image\":{\"@id\":\"https:\\\/\\\/begamer.cz\\\/sk\\\/#\\\/schema\\\/logo\\\/image\\\/\"}}]}<\/script>\n<!-- \/ Yoast SEO plugin. -->","yoast_head_json":{"title":"Garfield: Lasagna Party | BeGamer.cz","robots":{"index":"index","follow":"follow","max-snippet":"max-snippet:-1","max-image-preview":"max-image-preview:large","max-video-preview":"max-video-preview:-1"},"canonical":"https:\/\/begamer.cz\/sk\/produkt\/garfield-lasagna-party-sk\/","og_locale":"sk_SK","og_type":"article","og_title":"Garfield: Lasagna Party | BeGamer.cz","og_description":"32 minihier, ktor\u00e9 m\u00f4\u017eete objavova\u0165 v typick\u00fdch prostrediach, ako je Garfieldov dom, pizzeria, veterin\u00e1rna klinika Liz... Na\u0161i priatelia Garfield, Odie, Arlene a Nermal sa pustili do obrovskej v\u00fdzvy: z\u00fa\u010dastni\u0165 sa gigantick\u00e9ho lasagne ve\u010dierka!","og_url":"https:\/\/begamer.cz\/sk\/produkt\/garfield-lasagna-party-sk\/","og_site_name":"BeGamer.cz","article_modified_time":"2026-03-10T20:49:18+00:00","og_image":[{"width":300,"height":400,"url":"https:\/\/begamer.cz\/wp-content\/uploads\/2026\/01\/garfield-lasagna-party-5.webp","type":"image\/webp"}],"twitter_card":"summary_large_image","twitter_misc":{"Predpokladan\u00fd \u010das \u010d\u00edtania":"1 min\u00fata"},"schema":{"@context":"https:\/\/schema.org","@graph":[{"@type":"WebPage","@id":"https:\/\/begamer.cz\/sk\/produkt\/garfield-lasagna-party-sk\/","url":"https:\/\/begamer.cz\/sk\/produkt\/garfield-lasagna-party-sk\/","name":"Garfield: Lasagna Party | BeGamer.cz","isPartOf":{"@id":"https:\/\/begamer.cz\/sk\/#website"},"primaryImageOfPage":{"@id":"https:\/\/begamer.cz\/sk\/produkt\/garfield-lasagna-party-sk\/#primaryimage"},"image":{"@id":"https:\/\/begamer.cz\/sk\/produkt\/garfield-lasagna-party-sk\/#primaryimage"},"thumbnailUrl":"https:\/\/begamer.cz\/wp-content\/uploads\/2026\/01\/garfield-lasagna-party-5.webp","datePublished":"2026-01-30T16:28:00+00:00","dateModified":"2026-03-10T20:49:18+00:00","breadcrumb":{"@id":"https:\/\/begamer.cz\/sk\/produkt\/garfield-lasagna-party-sk\/#breadcrumb"},"inLanguage":"sk-SK","potentialAction":[{"@type":"ReadAction","target":["https:\/\/begamer.cz\/sk\/produkt\/garfield-lasagna-party-sk\/"]}]},{"@type":"ImageObject","inLanguage":"sk-SK","@id":"https:\/\/begamer.cz\/sk\/produkt\/garfield-lasagna-party-sk\/#primaryimage","url":"https:\/\/begamer.cz\/wp-content\/uploads\/2026\/01\/garfield-lasagna-party-5.webp","contentUrl":"https:\/\/begamer.cz\/wp-content\/uploads\/2026\/01\/garfield-lasagna-party-5.webp","width":300,"height":400},{"@type":"BreadcrumbList","@id":"https:\/\/begamer.cz\/sk\/produkt\/garfield-lasagna-party-sk\/#breadcrumb","itemListElement":[{"@type":"ListItem","position":1,"name":"Domov","item":"https:\/\/begamer.cz\/sk\/"},{"@type":"ListItem","position":2,"name":"Obchod","item":"https:\/\/begamer.cz\/obchod\/"},{"@type":"ListItem","position":3,"name":"Garfield: Lasagna Party"}]},{"@type":"WebSite","@id":"https:\/\/begamer.cz\/sk\/#website","url":"https:\/\/begamer.cz\/sk\/","name":"BeGamer.cz","description":"","publisher":{"@id":"https:\/\/begamer.cz\/sk\/#organization"},"potentialAction":[{"@type":"SearchAction","target":{"@type":"EntryPoint","urlTemplate":"https:\/\/begamer.cz\/sk\/?s={search_term_string}"},"query-input":{"@type":"PropertyValueSpecification","valueRequired":true,"valueName":"search_term_string"}}],"inLanguage":"sk-SK"},{"@type":"Organization","@id":"https:\/\/begamer.cz\/sk\/#organization","name":"BeGamer.cz","url":"https:\/\/begamer.cz\/sk\/","logo":{"@type":"ImageObject","inLanguage":"sk-SK","@id":"https:\/\/begamer.cz\/sk\/#\/schema\/logo\/image\/","url":"https:\/\/begamer.cz\/wp-content\/uploads\/2025\/07\/logo.svg","contentUrl":"https:\/\/begamer.cz\/wp-content\/uploads\/2025\/07\/logo.svg","caption":"BeGamer.cz"},"image":{"@id":"https:\/\/begamer.cz\/sk\/#\/schema\/logo\/image\/"}}]}},"acf":[],"_links":{"self":[{"href":"https:\/\/begamer.cz\/sk\/wp-json\/wp\/v2\/product\/98747","targetHints":{"allow":["GET"]}}],"collection":[{"href":"https:\/\/begamer.cz\/sk\/wp-json\/wp\/v2\/product"}],"about":[{"href":"https:\/\/begamer.cz\/sk\/wp-json\/wp\/v2\/types\/product"}],"replies":[{"embeddable":true,"href":"https:\/\/begamer.cz\/sk\/wp-json\/wp\/v2\/comments?post=98747"}],"wp:featuredmedia":[{"embeddable":true,"href":"https:\/\/begamer.cz\/sk\/wp-json\/wp\/v2\/media\/28236"}],"wp:attachment":[{"href":"https:\/\/begamer.cz\/sk\/wp-json\/wp\/v2\/media?parent=98747"}],"wp:term":[{"taxonomy":"product_brand","embeddable":true,"href":"https:\/\/begamer.cz\/sk\/wp-json\/wp\/v2\/product_brand?post=98747"},{"taxonomy":"product_cat","embeddable":true,"href":"https:\/\/begamer.cz\/sk\/wp-json\/wp\/v2\/product_cat?post=98747"},{"taxonomy":"product_tag","embeddable":true,"href":"https:\/\/begamer.cz\/sk\/wp-json\/wp\/v2\/product_tag?post=98747"}],"curies":[{"name":"wp","href":"https:\/\/api.w.org\/{rel}","templated":true}]}}