{"id":98723,"date":"2026-01-30T17:27:32","date_gmt":"2026-01-30T16:27:32","guid":{"rendered":"https:\/\/begamer.cz\/produkt\/garden-life-eco-friendly-decoration-set-sk-1769790454\/"},"modified":"2026-03-10T21:47:10","modified_gmt":"2026-03-10T20:47:10","slug":"garden-life-eco-friendly-decoration-set-sk-4","status":"publish","type":"product","link":"https:\/\/begamer.cz\/sk\/produkt\/garden-life-eco-friendly-decoration-set-sk-4\/","title":{"rendered":"Garden Life: Eco-friendly Decoration Set"},"content":{"rendered":"<p>Nieko\u013eko ka\u017edodenn\u00fdch predmetov, p\u00e1r inovat\u00edvnych n\u00e1padov a mal\u00e9 gesto pre na\u0161u plan\u00e9tu. Sada ekologick\u00fdch dekor\u00e1ci\u00ed pon\u00faka nov\u00e9 farebn\u00e9 dekor\u00e1cie pre \u201ezelen\u0161iu\u201c z\u00e1hradu!<\/p>\n<p>\u2022 Kvetin\u00e1\u010de z pneumat\u00edk \u2013 tieto farebn\u00e9 pneumatiky na\u0161li svoje skuto\u010dn\u00e9 poslanie ako domov pre najodolnej\u0161ie rastliny v z\u00e1hrade bez oh\u013eadu na vietor alebo po\u010dasie. <\/p>\n<p>\u2022 Ekologick\u00e9 lucerny \u2013 tieto lucerny vyroben\u00e9 z udr\u017eate\u013en\u00fdch materi\u00e1lov dod\u00e1vaj\u00fa va\u0161ej z\u00e1hrade n\u00e1dych ekologick\u00e9ho \u0161t\u00fdlu.<\/p>\n<p>\u2022 Ekologick\u00fd st\u00f4l a stoli\u010dka \u2013 sada n\u00e1bytku vyroben\u00e1 z recyklovan\u00e9ho dreva.<\/p>\n<p>\u2022 \u010cajov\u00e1 kanvica Fairy House \u2013 vyroben\u00e1 z recyklovan\u00e9ho kovu, je ako dar\u010dek pre v\u00edly vo va\u0161ej z\u00e1hrade v podobe modern\u00e9ho, upcyklovan\u00e9ho pal\u00e1ca, kde m\u00f4\u017eu usporad\u00fava\u0165 svoje extravagantn\u00e9 \u010dajov\u00e9 ve\u010dierky! <\/p>\n<p>\u2022 Ekologick\u00e9 v\u00edla svetl\u00e1 \u2013 o\u010daruj\u00face \u00fato\u010disko pre va\u0161ich k\u00fazeln\u00fdch z\u00e1hradn\u00fdch priate\u013eov, vyroben\u00e9 z upcyklovan\u00fdch plastov\u00fdch flia\u0161.<\/p>\n","protected":false},"excerpt":{"rendered":"<p>Nieko\u013eko ka\u017edodenn\u00fdch predmetov, p\u00e1r inovat\u00edvnych n\u00e1padov a mal\u00e9 gesto na pomoc plan\u00e9te: Ekologick\u00e1 dekorat\u00edvna sada obsahuje nov\u00e9 dekorat\u00edvne predmety, v\u010faka ktor\u00fdm bude va\u0161a z\u00e1hrada e\u0161te zelen\u0161ia.<\/p>\n","protected":false},"featured_media":28091,"comment_status":"open","ping_status":"closed","template":"","meta":{"_acf_changed":false},"product_brand":[],"product_cat":[179,200,224],"product_tag":[],"class_list":{"0":"post-98723","1":"product","2":"type-product","3":"status-publish","4":"has-post-thumbnail","6":"product_cat-nintendo-hry-sk","7":"product_cat-nintendo-switch-sk","8":"product_cat-simulatory-nintendo-switch-sk","9":"pa_audio-en-us","11":"pa_developer-stillalive-studios","13":"pa_game_type-pack_addon","15":"pa_genres-indie","17":"pa_genres-simulator","18":"pa_interface-de-de","19":"pa_interface-en-us","20":"pa_interface-es-es","21":"pa_interface-fr-fr","22":"pa_interface-it-it","23":"pa_interface-ja-jp","24":"pa_interface-ko-kr","25":"pa_interface-pl-pl","26":"pa_interface-pt-br","27":"pa_interface-ru-ru","29":"pa_interface-zh-cn","30":"pa_interface-zh-tw","31":"pa_modes-single-player","33":"pa_pegi-943","34":"pa_pegi-13430","35":"pa_platform-nintendo-switch","37":"pa_publisher-nacon","39":"pa_rating-14441","40":"pa_rating-773","41":"pa_region-europe","43":"pa_subtitles-de-de","45":"pa_subtitles-en-us","46":"pa_subtitles-es-es","47":"pa_subtitles-fr-fr","48":"pa_subtitles-it-it","49":"pa_subtitles-ja-jp","50":"pa_subtitles-ko-kr","51":"pa_subtitles-pl-pl","52":"pa_subtitles-pt-br","53":"pa_subtitles-ru-ru","54":"pa_subtitles-zh-cn","55":"pa_subtitles-zh-tw","57":"first","58":"instock","59":"virtual","60":"taxable","61":"purchasable","62":"product-type-simple"},"yoast_head":"<!-- This site is optimized with the Yoast SEO plugin v27.3 - https:\/\/yoast.com\/product\/yoast-seo-wordpress\/ -->\n<title>Garden Life: Eco-friendly Decoration Set | BeGamer.cz<\/title>\n<meta name=\"robots\" content=\"index, follow, max-snippet:-1, max-image-preview:large, max-video-preview:-1\" \/>\n<link rel=\"canonical\" href=\"https:\/\/begamer.cz\/sk\/produkt\/garden-life-eco-friendly-decoration-set-sk-4\/\" \/>\n<meta property=\"og:locale\" content=\"sk_SK\" \/>\n<meta property=\"og:type\" content=\"article\" \/>\n<meta property=\"og:title\" content=\"Garden Life: Eco-friendly Decoration Set | BeGamer.cz\" \/>\n<meta property=\"og:description\" content=\"Nieko\u013eko ka\u017edodenn\u00fdch predmetov, p\u00e1r inovat\u00edvnych n\u00e1padov a mal\u00e9 gesto na pomoc plan\u00e9te: Ekologick\u00e1 dekorat\u00edvna sada obsahuje nov\u00e9 dekorat\u00edvne predmety, v\u010faka ktor\u00fdm bude va\u0161a z\u00e1hrada e\u0161te zelen\u0161ia.\" \/>\n<meta property=\"og:url\" content=\"https:\/\/begamer.cz\/sk\/produkt\/garden-life-eco-friendly-decoration-set-sk-4\/\" \/>\n<meta property=\"og:site_name\" content=\"BeGamer.cz\" \/>\n<meta property=\"article:modified_time\" content=\"2026-03-10T20:47:10+00:00\" \/>\n<meta property=\"og:image\" content=\"https:\/\/begamer.cz\/wp-content\/uploads\/2026\/01\/garden-life-eco-friendly-decoration-set-5.webp\" \/>\n\t<meta property=\"og:image:width\" content=\"300\" \/>\n\t<meta property=\"og:image:height\" content=\"400\" \/>\n\t<meta property=\"og:image:type\" content=\"image\/webp\" \/>\n<meta name=\"twitter:card\" content=\"summary_large_image\" \/>\n<meta name=\"twitter:label1\" content=\"Predpokladan\u00fd \u010das \u010d\u00edtania\" \/>\n\t<meta name=\"twitter:data1\" content=\"1 min\u00fata\" \/>\n<script type=\"application\/ld+json\" class=\"yoast-schema-graph\">{\"@context\":\"https:\\\/\\\/schema.org\",\"@graph\":[{\"@type\":\"WebPage\",\"@id\":\"https:\\\/\\\/begamer.cz\\\/sk\\\/produkt\\\/garden-life-eco-friendly-decoration-set-sk-4\\\/\",\"url\":\"https:\\\/\\\/begamer.cz\\\/sk\\\/produkt\\\/garden-life-eco-friendly-decoration-set-sk-4\\\/\",\"name\":\"Garden Life: Eco-friendly Decoration Set | BeGamer.cz\",\"isPartOf\":{\"@id\":\"https:\\\/\\\/begamer.cz\\\/sk\\\/#website\"},\"primaryImageOfPage\":{\"@id\":\"https:\\\/\\\/begamer.cz\\\/sk\\\/produkt\\\/garden-life-eco-friendly-decoration-set-sk-4\\\/#primaryimage\"},\"image\":{\"@id\":\"https:\\\/\\\/begamer.cz\\\/sk\\\/produkt\\\/garden-life-eco-friendly-decoration-set-sk-4\\\/#primaryimage\"},\"thumbnailUrl\":\"https:\\\/\\\/begamer.cz\\\/wp-content\\\/uploads\\\/2026\\\/01\\\/garden-life-eco-friendly-decoration-set-5.webp\",\"datePublished\":\"2026-01-30T16:27:32+00:00\",\"dateModified\":\"2026-03-10T20:47:10+00:00\",\"breadcrumb\":{\"@id\":\"https:\\\/\\\/begamer.cz\\\/sk\\\/produkt\\\/garden-life-eco-friendly-decoration-set-sk-4\\\/#breadcrumb\"},\"inLanguage\":\"sk-SK\",\"potentialAction\":[{\"@type\":\"ReadAction\",\"target\":[\"https:\\\/\\\/begamer.cz\\\/sk\\\/produkt\\\/garden-life-eco-friendly-decoration-set-sk-4\\\/\"]}]},{\"@type\":\"ImageObject\",\"inLanguage\":\"sk-SK\",\"@id\":\"https:\\\/\\\/begamer.cz\\\/sk\\\/produkt\\\/garden-life-eco-friendly-decoration-set-sk-4\\\/#primaryimage\",\"url\":\"https:\\\/\\\/begamer.cz\\\/wp-content\\\/uploads\\\/2026\\\/01\\\/garden-life-eco-friendly-decoration-set-5.webp\",\"contentUrl\":\"https:\\\/\\\/begamer.cz\\\/wp-content\\\/uploads\\\/2026\\\/01\\\/garden-life-eco-friendly-decoration-set-5.webp\",\"width\":300,\"height\":400},{\"@type\":\"BreadcrumbList\",\"@id\":\"https:\\\/\\\/begamer.cz\\\/sk\\\/produkt\\\/garden-life-eco-friendly-decoration-set-sk-4\\\/#breadcrumb\",\"itemListElement\":[{\"@type\":\"ListItem\",\"position\":1,\"name\":\"Domov\",\"item\":\"https:\\\/\\\/begamer.cz\\\/sk\\\/\"},{\"@type\":\"ListItem\",\"position\":2,\"name\":\"Obchod\",\"item\":\"https:\\\/\\\/begamer.cz\\\/obchod\\\/\"},{\"@type\":\"ListItem\",\"position\":3,\"name\":\"Garden Life: Eco-friendly Decoration Set\"}]},{\"@type\":\"WebSite\",\"@id\":\"https:\\\/\\\/begamer.cz\\\/sk\\\/#website\",\"url\":\"https:\\\/\\\/begamer.cz\\\/sk\\\/\",\"name\":\"BeGamer.cz\",\"description\":\"\",\"publisher\":{\"@id\":\"https:\\\/\\\/begamer.cz\\\/sk\\\/#organization\"},\"potentialAction\":[{\"@type\":\"SearchAction\",\"target\":{\"@type\":\"EntryPoint\",\"urlTemplate\":\"https:\\\/\\\/begamer.cz\\\/sk\\\/?s={search_term_string}\"},\"query-input\":{\"@type\":\"PropertyValueSpecification\",\"valueRequired\":true,\"valueName\":\"search_term_string\"}}],\"inLanguage\":\"sk-SK\"},{\"@type\":\"Organization\",\"@id\":\"https:\\\/\\\/begamer.cz\\\/sk\\\/#organization\",\"name\":\"BeGamer.cz\",\"url\":\"https:\\\/\\\/begamer.cz\\\/sk\\\/\",\"logo\":{\"@type\":\"ImageObject\",\"inLanguage\":\"sk-SK\",\"@id\":\"https:\\\/\\\/begamer.cz\\\/sk\\\/#\\\/schema\\\/logo\\\/image\\\/\",\"url\":\"https:\\\/\\\/begamer.cz\\\/wp-content\\\/uploads\\\/2025\\\/07\\\/logo.svg\",\"contentUrl\":\"https:\\\/\\\/begamer.cz\\\/wp-content\\\/uploads\\\/2025\\\/07\\\/logo.svg\",\"caption\":\"BeGamer.cz\"},\"image\":{\"@id\":\"https:\\\/\\\/begamer.cz\\\/sk\\\/#\\\/schema\\\/logo\\\/image\\\/\"}}]}<\/script>\n<!-- \/ Yoast SEO plugin. -->","yoast_head_json":{"title":"Garden Life: Eco-friendly Decoration Set | BeGamer.cz","robots":{"index":"index","follow":"follow","max-snippet":"max-snippet:-1","max-image-preview":"max-image-preview:large","max-video-preview":"max-video-preview:-1"},"canonical":"https:\/\/begamer.cz\/sk\/produkt\/garden-life-eco-friendly-decoration-set-sk-4\/","og_locale":"sk_SK","og_type":"article","og_title":"Garden Life: Eco-friendly Decoration Set | BeGamer.cz","og_description":"Nieko\u013eko ka\u017edodenn\u00fdch predmetov, p\u00e1r inovat\u00edvnych n\u00e1padov a mal\u00e9 gesto na pomoc plan\u00e9te: Ekologick\u00e1 dekorat\u00edvna sada obsahuje nov\u00e9 dekorat\u00edvne predmety, v\u010faka ktor\u00fdm bude va\u0161a z\u00e1hrada e\u0161te zelen\u0161ia.","og_url":"https:\/\/begamer.cz\/sk\/produkt\/garden-life-eco-friendly-decoration-set-sk-4\/","og_site_name":"BeGamer.cz","article_modified_time":"2026-03-10T20:47:10+00:00","og_image":[{"width":300,"height":400,"url":"https:\/\/begamer.cz\/wp-content\/uploads\/2026\/01\/garden-life-eco-friendly-decoration-set-5.webp","type":"image\/webp"}],"twitter_card":"summary_large_image","twitter_misc":{"Predpokladan\u00fd \u010das \u010d\u00edtania":"1 min\u00fata"},"schema":{"@context":"https:\/\/schema.org","@graph":[{"@type":"WebPage","@id":"https:\/\/begamer.cz\/sk\/produkt\/garden-life-eco-friendly-decoration-set-sk-4\/","url":"https:\/\/begamer.cz\/sk\/produkt\/garden-life-eco-friendly-decoration-set-sk-4\/","name":"Garden Life: Eco-friendly Decoration Set | BeGamer.cz","isPartOf":{"@id":"https:\/\/begamer.cz\/sk\/#website"},"primaryImageOfPage":{"@id":"https:\/\/begamer.cz\/sk\/produkt\/garden-life-eco-friendly-decoration-set-sk-4\/#primaryimage"},"image":{"@id":"https:\/\/begamer.cz\/sk\/produkt\/garden-life-eco-friendly-decoration-set-sk-4\/#primaryimage"},"thumbnailUrl":"https:\/\/begamer.cz\/wp-content\/uploads\/2026\/01\/garden-life-eco-friendly-decoration-set-5.webp","datePublished":"2026-01-30T16:27:32+00:00","dateModified":"2026-03-10T20:47:10+00:00","breadcrumb":{"@id":"https:\/\/begamer.cz\/sk\/produkt\/garden-life-eco-friendly-decoration-set-sk-4\/#breadcrumb"},"inLanguage":"sk-SK","potentialAction":[{"@type":"ReadAction","target":["https:\/\/begamer.cz\/sk\/produkt\/garden-life-eco-friendly-decoration-set-sk-4\/"]}]},{"@type":"ImageObject","inLanguage":"sk-SK","@id":"https:\/\/begamer.cz\/sk\/produkt\/garden-life-eco-friendly-decoration-set-sk-4\/#primaryimage","url":"https:\/\/begamer.cz\/wp-content\/uploads\/2026\/01\/garden-life-eco-friendly-decoration-set-5.webp","contentUrl":"https:\/\/begamer.cz\/wp-content\/uploads\/2026\/01\/garden-life-eco-friendly-decoration-set-5.webp","width":300,"height":400},{"@type":"BreadcrumbList","@id":"https:\/\/begamer.cz\/sk\/produkt\/garden-life-eco-friendly-decoration-set-sk-4\/#breadcrumb","itemListElement":[{"@type":"ListItem","position":1,"name":"Domov","item":"https:\/\/begamer.cz\/sk\/"},{"@type":"ListItem","position":2,"name":"Obchod","item":"https:\/\/begamer.cz\/obchod\/"},{"@type":"ListItem","position":3,"name":"Garden Life: Eco-friendly Decoration Set"}]},{"@type":"WebSite","@id":"https:\/\/begamer.cz\/sk\/#website","url":"https:\/\/begamer.cz\/sk\/","name":"BeGamer.cz","description":"","publisher":{"@id":"https:\/\/begamer.cz\/sk\/#organization"},"potentialAction":[{"@type":"SearchAction","target":{"@type":"EntryPoint","urlTemplate":"https:\/\/begamer.cz\/sk\/?s={search_term_string}"},"query-input":{"@type":"PropertyValueSpecification","valueRequired":true,"valueName":"search_term_string"}}],"inLanguage":"sk-SK"},{"@type":"Organization","@id":"https:\/\/begamer.cz\/sk\/#organization","name":"BeGamer.cz","url":"https:\/\/begamer.cz\/sk\/","logo":{"@type":"ImageObject","inLanguage":"sk-SK","@id":"https:\/\/begamer.cz\/sk\/#\/schema\/logo\/image\/","url":"https:\/\/begamer.cz\/wp-content\/uploads\/2025\/07\/logo.svg","contentUrl":"https:\/\/begamer.cz\/wp-content\/uploads\/2025\/07\/logo.svg","caption":"BeGamer.cz"},"image":{"@id":"https:\/\/begamer.cz\/sk\/#\/schema\/logo\/image\/"}}]}},"acf":[],"_links":{"self":[{"href":"https:\/\/begamer.cz\/sk\/wp-json\/wp\/v2\/product\/98723","targetHints":{"allow":["GET"]}}],"collection":[{"href":"https:\/\/begamer.cz\/sk\/wp-json\/wp\/v2\/product"}],"about":[{"href":"https:\/\/begamer.cz\/sk\/wp-json\/wp\/v2\/types\/product"}],"replies":[{"embeddable":true,"href":"https:\/\/begamer.cz\/sk\/wp-json\/wp\/v2\/comments?post=98723"}],"wp:featuredmedia":[{"embeddable":true,"href":"https:\/\/begamer.cz\/sk\/wp-json\/wp\/v2\/media\/28091"}],"wp:attachment":[{"href":"https:\/\/begamer.cz\/sk\/wp-json\/wp\/v2\/media?parent=98723"}],"wp:term":[{"taxonomy":"product_brand","embeddable":true,"href":"https:\/\/begamer.cz\/sk\/wp-json\/wp\/v2\/product_brand?post=98723"},{"taxonomy":"product_cat","embeddable":true,"href":"https:\/\/begamer.cz\/sk\/wp-json\/wp\/v2\/product_cat?post=98723"},{"taxonomy":"product_tag","embeddable":true,"href":"https:\/\/begamer.cz\/sk\/wp-json\/wp\/v2\/product_tag?post=98723"}],"curies":[{"name":"wp","href":"https:\/\/api.w.org\/{rel}","templated":true}]}}