{"id":98711,"date":"2026-01-30T17:27:17","date_gmt":"2026-01-30T16:27:17","guid":{"rendered":"https:\/\/begamer.cz\/produkt\/topspin-2k25-deluxe-edition-sk\/"},"modified":"2026-03-10T21:45:54","modified_gmt":"2026-03-10T20:45:54","slug":"topspin-2k25-deluxe-edition-sk","status":"publish","type":"product","link":"https:\/\/begamer.cz\/sk\/produkt\/topspin-2k25-deluxe-edition-sk\/","title":{"rendered":"TopSpin 2K25: Deluxe Edition"},"content":{"rendered":"<p>Dopl\u0148te svoju kolekciu TopSpin 2K25 o Deluxe Edition, ktor\u00e1 obsahuje bal\u00ed\u010dky Under the Lights Pack, New Wave Pack a Rookie Rise Pack!<\/p>\n","protected":false},"excerpt":{"rendered":"<p>TopSpin 2K25: Deluxe Edition pon\u00faka pohlcuj\u00faci tenisov\u00fd z\u00e1\u017eitok s vylep\u0161enou grafikou, nov\u00fdmi hern\u00fdmi mechanizmami a aktualizovan\u00fdmi zoznamami hr\u00e1\u010dov. Vychutnajte si viacero hern\u00fdch re\u017eimov, online multiplayer a prisp\u00f4sobite\u013en\u00e9 mo\u017enosti pre hodiny s\u00fa\u0165a\u017enej z\u00e1bavy. Ide\u00e1lne pre fan\u00fa\u0161ikov tenisu aj hr\u00e1\u010dov.<\/p>\n","protected":false},"featured_media":27974,"comment_status":"open","ping_status":"closed","template":"","meta":{"_acf_changed":false},"product_brand":[],"product_cat":[470,398,438],"product_tag":[],"class_list":{"0":"post-98711","1":"product","2":"type-product","3":"status-publish","4":"has-post-thumbnail","6":"product_cat-sportove-xbox-series-x-s-sk","7":"product_cat-xbox-hry-sk","8":"product_cat-xbox-series-x-s-sk","9":"pa_audio-de-de","10":"pa_audio-en-us","11":"pa_audio-es-es","12":"pa_audio-fr-fr","13":"pa_audio-it-it","15":"pa_countries-at","16":"pa_countries-be","17":"pa_countries-bg","18":"pa_countries-cy","19":"pa_countries-cz","21":"pa_countries-de","22":"pa_countries-dk","23":"pa_countries-ee","24":"pa_countries-es","25":"pa_countries-fi","26":"pa_countries-fr","27":"pa_countries-gr","28":"pa_countries-hr","29":"pa_countries-hu","30":"pa_countries-ie","31":"pa_countries-it","32":"pa_countries-lt","33":"pa_countries-lu","34":"pa_countries-lv","35":"pa_countries-mt","36":"pa_countries-nl","37":"pa_countries-pl","38":"pa_countries-pt","39":"pa_countries-ro","40":"pa_countries-se","41":"pa_countries-si","42":"pa_countries-sk","43":"pa_game_type-main_game","45":"pa_interface-cs-cz","46":"pa_interface-de-de","47":"pa_interface-en-us","48":"pa_interface-es-es","49":"pa_interface-es-mx","50":"pa_interface-fr-fr","51":"pa_interface-it-it","52":"pa_interface-ja-jp","53":"pa_interface-ko-kr","55":"pa_interface-zh-cn","56":"pa_interface-zh-tw","57":"pa_modes-multiplayer","59":"pa_modes-single-player","60":"pa_pegi-943","61":"pa_pegi-13430","62":"pa_platform-xbox-one-xbox-series-x-s","64":"pa_rating-773","65":"pa_rating-14441","66":"pa_region-europe","68":"pa_subtitles-de-de","70":"pa_subtitles-en-us","71":"pa_subtitles-es-es","72":"pa_subtitles-fr-fr","73":"pa_subtitles-it-it","75":"first","76":"instock","77":"virtual","78":"taxable","79":"purchasable","80":"product-type-simple"},"yoast_head":"<!-- This site is optimized with the Yoast SEO plugin v27.3 - https:\/\/yoast.com\/product\/yoast-seo-wordpress\/ -->\n<title>TopSpin 2K25: Deluxe Edition | BeGamer.cz<\/title>\n<meta name=\"robots\" content=\"index, follow, max-snippet:-1, max-image-preview:large, max-video-preview:-1\" \/>\n<link rel=\"canonical\" href=\"https:\/\/begamer.cz\/sk\/produkt\/topspin-2k25-deluxe-edition-sk\/\" \/>\n<meta property=\"og:locale\" content=\"sk_SK\" \/>\n<meta property=\"og:type\" content=\"article\" \/>\n<meta property=\"og:title\" content=\"TopSpin 2K25: Deluxe Edition | BeGamer.cz\" \/>\n<meta property=\"og:description\" content=\"TopSpin 2K25: Deluxe Edition pon\u00faka pohlcuj\u00faci tenisov\u00fd z\u00e1\u017eitok s vylep\u0161enou grafikou, nov\u00fdmi hern\u00fdmi mechanizmami a aktualizovan\u00fdmi zoznamami hr\u00e1\u010dov. Vychutnajte si viacero hern\u00fdch re\u017eimov, online multiplayer a prisp\u00f4sobite\u013en\u00e9 mo\u017enosti pre hodiny s\u00fa\u0165a\u017enej z\u00e1bavy. Ide\u00e1lne pre fan\u00fa\u0161ikov tenisu aj hr\u00e1\u010dov.\" \/>\n<meta property=\"og:url\" content=\"https:\/\/begamer.cz\/sk\/produkt\/topspin-2k25-deluxe-edition-sk\/\" \/>\n<meta property=\"og:site_name\" content=\"BeGamer.cz\" \/>\n<meta property=\"article:modified_time\" content=\"2026-03-10T20:45:54+00:00\" \/>\n<meta property=\"og:image\" content=\"https:\/\/begamer.cz\/wp-content\/uploads\/2026\/01\/topspin-2k25-deluxe-edition-4.webp\" \/>\n\t<meta property=\"og:image:width\" content=\"300\" \/>\n\t<meta property=\"og:image:height\" content=\"400\" \/>\n\t<meta property=\"og:image:type\" content=\"image\/webp\" \/>\n<meta name=\"twitter:card\" content=\"summary_large_image\" \/>\n<script type=\"application\/ld+json\" class=\"yoast-schema-graph\">{\"@context\":\"https:\\\/\\\/schema.org\",\"@graph\":[{\"@type\":\"WebPage\",\"@id\":\"https:\\\/\\\/begamer.cz\\\/sk\\\/produkt\\\/topspin-2k25-deluxe-edition-sk\\\/\",\"url\":\"https:\\\/\\\/begamer.cz\\\/sk\\\/produkt\\\/topspin-2k25-deluxe-edition-sk\\\/\",\"name\":\"TopSpin 2K25: Deluxe Edition | BeGamer.cz\",\"isPartOf\":{\"@id\":\"https:\\\/\\\/begamer.cz\\\/sk\\\/#website\"},\"primaryImageOfPage\":{\"@id\":\"https:\\\/\\\/begamer.cz\\\/sk\\\/produkt\\\/topspin-2k25-deluxe-edition-sk\\\/#primaryimage\"},\"image\":{\"@id\":\"https:\\\/\\\/begamer.cz\\\/sk\\\/produkt\\\/topspin-2k25-deluxe-edition-sk\\\/#primaryimage\"},\"thumbnailUrl\":\"https:\\\/\\\/begamer.cz\\\/wp-content\\\/uploads\\\/2026\\\/01\\\/topspin-2k25-deluxe-edition-4.webp\",\"datePublished\":\"2026-01-30T16:27:17+00:00\",\"dateModified\":\"2026-03-10T20:45:54+00:00\",\"breadcrumb\":{\"@id\":\"https:\\\/\\\/begamer.cz\\\/sk\\\/produkt\\\/topspin-2k25-deluxe-edition-sk\\\/#breadcrumb\"},\"inLanguage\":\"sk-SK\",\"potentialAction\":[{\"@type\":\"ReadAction\",\"target\":[\"https:\\\/\\\/begamer.cz\\\/sk\\\/produkt\\\/topspin-2k25-deluxe-edition-sk\\\/\"]}]},{\"@type\":\"ImageObject\",\"inLanguage\":\"sk-SK\",\"@id\":\"https:\\\/\\\/begamer.cz\\\/sk\\\/produkt\\\/topspin-2k25-deluxe-edition-sk\\\/#primaryimage\",\"url\":\"https:\\\/\\\/begamer.cz\\\/wp-content\\\/uploads\\\/2026\\\/01\\\/topspin-2k25-deluxe-edition-4.webp\",\"contentUrl\":\"https:\\\/\\\/begamer.cz\\\/wp-content\\\/uploads\\\/2026\\\/01\\\/topspin-2k25-deluxe-edition-4.webp\",\"width\":300,\"height\":400},{\"@type\":\"BreadcrumbList\",\"@id\":\"https:\\\/\\\/begamer.cz\\\/sk\\\/produkt\\\/topspin-2k25-deluxe-edition-sk\\\/#breadcrumb\",\"itemListElement\":[{\"@type\":\"ListItem\",\"position\":1,\"name\":\"Domov\",\"item\":\"https:\\\/\\\/begamer.cz\\\/sk\\\/\"},{\"@type\":\"ListItem\",\"position\":2,\"name\":\"Obchod\",\"item\":\"https:\\\/\\\/begamer.cz\\\/obchod\\\/\"},{\"@type\":\"ListItem\",\"position\":3,\"name\":\"TopSpin 2K25: Deluxe Edition\"}]},{\"@type\":\"WebSite\",\"@id\":\"https:\\\/\\\/begamer.cz\\\/sk\\\/#website\",\"url\":\"https:\\\/\\\/begamer.cz\\\/sk\\\/\",\"name\":\"BeGamer.cz\",\"description\":\"\",\"publisher\":{\"@id\":\"https:\\\/\\\/begamer.cz\\\/sk\\\/#organization\"},\"potentialAction\":[{\"@type\":\"SearchAction\",\"target\":{\"@type\":\"EntryPoint\",\"urlTemplate\":\"https:\\\/\\\/begamer.cz\\\/sk\\\/?s={search_term_string}\"},\"query-input\":{\"@type\":\"PropertyValueSpecification\",\"valueRequired\":true,\"valueName\":\"search_term_string\"}}],\"inLanguage\":\"sk-SK\"},{\"@type\":\"Organization\",\"@id\":\"https:\\\/\\\/begamer.cz\\\/sk\\\/#organization\",\"name\":\"BeGamer.cz\",\"url\":\"https:\\\/\\\/begamer.cz\\\/sk\\\/\",\"logo\":{\"@type\":\"ImageObject\",\"inLanguage\":\"sk-SK\",\"@id\":\"https:\\\/\\\/begamer.cz\\\/sk\\\/#\\\/schema\\\/logo\\\/image\\\/\",\"url\":\"https:\\\/\\\/begamer.cz\\\/wp-content\\\/uploads\\\/2025\\\/07\\\/logo.svg\",\"contentUrl\":\"https:\\\/\\\/begamer.cz\\\/wp-content\\\/uploads\\\/2025\\\/07\\\/logo.svg\",\"caption\":\"BeGamer.cz\"},\"image\":{\"@id\":\"https:\\\/\\\/begamer.cz\\\/sk\\\/#\\\/schema\\\/logo\\\/image\\\/\"}}]}<\/script>\n<!-- \/ Yoast SEO plugin. -->","yoast_head_json":{"title":"TopSpin 2K25: Deluxe Edition | BeGamer.cz","robots":{"index":"index","follow":"follow","max-snippet":"max-snippet:-1","max-image-preview":"max-image-preview:large","max-video-preview":"max-video-preview:-1"},"canonical":"https:\/\/begamer.cz\/sk\/produkt\/topspin-2k25-deluxe-edition-sk\/","og_locale":"sk_SK","og_type":"article","og_title":"TopSpin 2K25: Deluxe Edition | BeGamer.cz","og_description":"TopSpin 2K25: Deluxe Edition pon\u00faka pohlcuj\u00faci tenisov\u00fd z\u00e1\u017eitok s vylep\u0161enou grafikou, nov\u00fdmi hern\u00fdmi mechanizmami a aktualizovan\u00fdmi zoznamami hr\u00e1\u010dov. Vychutnajte si viacero hern\u00fdch re\u017eimov, online multiplayer a prisp\u00f4sobite\u013en\u00e9 mo\u017enosti pre hodiny s\u00fa\u0165a\u017enej z\u00e1bavy. Ide\u00e1lne pre fan\u00fa\u0161ikov tenisu aj hr\u00e1\u010dov.","og_url":"https:\/\/begamer.cz\/sk\/produkt\/topspin-2k25-deluxe-edition-sk\/","og_site_name":"BeGamer.cz","article_modified_time":"2026-03-10T20:45:54+00:00","og_image":[{"width":300,"height":400,"url":"https:\/\/begamer.cz\/wp-content\/uploads\/2026\/01\/topspin-2k25-deluxe-edition-4.webp","type":"image\/webp"}],"twitter_card":"summary_large_image","schema":{"@context":"https:\/\/schema.org","@graph":[{"@type":"WebPage","@id":"https:\/\/begamer.cz\/sk\/produkt\/topspin-2k25-deluxe-edition-sk\/","url":"https:\/\/begamer.cz\/sk\/produkt\/topspin-2k25-deluxe-edition-sk\/","name":"TopSpin 2K25: Deluxe Edition | BeGamer.cz","isPartOf":{"@id":"https:\/\/begamer.cz\/sk\/#website"},"primaryImageOfPage":{"@id":"https:\/\/begamer.cz\/sk\/produkt\/topspin-2k25-deluxe-edition-sk\/#primaryimage"},"image":{"@id":"https:\/\/begamer.cz\/sk\/produkt\/topspin-2k25-deluxe-edition-sk\/#primaryimage"},"thumbnailUrl":"https:\/\/begamer.cz\/wp-content\/uploads\/2026\/01\/topspin-2k25-deluxe-edition-4.webp","datePublished":"2026-01-30T16:27:17+00:00","dateModified":"2026-03-10T20:45:54+00:00","breadcrumb":{"@id":"https:\/\/begamer.cz\/sk\/produkt\/topspin-2k25-deluxe-edition-sk\/#breadcrumb"},"inLanguage":"sk-SK","potentialAction":[{"@type":"ReadAction","target":["https:\/\/begamer.cz\/sk\/produkt\/topspin-2k25-deluxe-edition-sk\/"]}]},{"@type":"ImageObject","inLanguage":"sk-SK","@id":"https:\/\/begamer.cz\/sk\/produkt\/topspin-2k25-deluxe-edition-sk\/#primaryimage","url":"https:\/\/begamer.cz\/wp-content\/uploads\/2026\/01\/topspin-2k25-deluxe-edition-4.webp","contentUrl":"https:\/\/begamer.cz\/wp-content\/uploads\/2026\/01\/topspin-2k25-deluxe-edition-4.webp","width":300,"height":400},{"@type":"BreadcrumbList","@id":"https:\/\/begamer.cz\/sk\/produkt\/topspin-2k25-deluxe-edition-sk\/#breadcrumb","itemListElement":[{"@type":"ListItem","position":1,"name":"Domov","item":"https:\/\/begamer.cz\/sk\/"},{"@type":"ListItem","position":2,"name":"Obchod","item":"https:\/\/begamer.cz\/obchod\/"},{"@type":"ListItem","position":3,"name":"TopSpin 2K25: Deluxe Edition"}]},{"@type":"WebSite","@id":"https:\/\/begamer.cz\/sk\/#website","url":"https:\/\/begamer.cz\/sk\/","name":"BeGamer.cz","description":"","publisher":{"@id":"https:\/\/begamer.cz\/sk\/#organization"},"potentialAction":[{"@type":"SearchAction","target":{"@type":"EntryPoint","urlTemplate":"https:\/\/begamer.cz\/sk\/?s={search_term_string}"},"query-input":{"@type":"PropertyValueSpecification","valueRequired":true,"valueName":"search_term_string"}}],"inLanguage":"sk-SK"},{"@type":"Organization","@id":"https:\/\/begamer.cz\/sk\/#organization","name":"BeGamer.cz","url":"https:\/\/begamer.cz\/sk\/","logo":{"@type":"ImageObject","inLanguage":"sk-SK","@id":"https:\/\/begamer.cz\/sk\/#\/schema\/logo\/image\/","url":"https:\/\/begamer.cz\/wp-content\/uploads\/2025\/07\/logo.svg","contentUrl":"https:\/\/begamer.cz\/wp-content\/uploads\/2025\/07\/logo.svg","caption":"BeGamer.cz"},"image":{"@id":"https:\/\/begamer.cz\/sk\/#\/schema\/logo\/image\/"}}]}},"acf":[],"_links":{"self":[{"href":"https:\/\/begamer.cz\/sk\/wp-json\/wp\/v2\/product\/98711","targetHints":{"allow":["GET"]}}],"collection":[{"href":"https:\/\/begamer.cz\/sk\/wp-json\/wp\/v2\/product"}],"about":[{"href":"https:\/\/begamer.cz\/sk\/wp-json\/wp\/v2\/types\/product"}],"replies":[{"embeddable":true,"href":"https:\/\/begamer.cz\/sk\/wp-json\/wp\/v2\/comments?post=98711"}],"wp:featuredmedia":[{"embeddable":true,"href":"https:\/\/begamer.cz\/sk\/wp-json\/wp\/v2\/media\/27974"}],"wp:attachment":[{"href":"https:\/\/begamer.cz\/sk\/wp-json\/wp\/v2\/media?parent=98711"}],"wp:term":[{"taxonomy":"product_brand","embeddable":true,"href":"https:\/\/begamer.cz\/sk\/wp-json\/wp\/v2\/product_brand?post=98711"},{"taxonomy":"product_cat","embeddable":true,"href":"https:\/\/begamer.cz\/sk\/wp-json\/wp\/v2\/product_cat?post=98711"},{"taxonomy":"product_tag","embeddable":true,"href":"https:\/\/begamer.cz\/sk\/wp-json\/wp\/v2\/product_tag?post=98711"}],"curies":[{"name":"wp","href":"https:\/\/api.w.org\/{rel}","templated":true}]}}