{"id":98654,"date":"2026-01-30T17:25:57","date_gmt":"2026-01-30T16:25:57","guid":{"rendered":"https:\/\/begamer.cz\/produkt\/resident-evil-revelations-2-deluxe-edition-sk\/"},"modified":"2026-03-10T21:41:02","modified_gmt":"2026-03-10T20:41:02","slug":"resident-evil-revelations-2-deluxe-edition-sk","status":"publish","type":"product","link":"https:\/\/begamer.cz\/sk\/produkt\/resident-evil-revelations-2-deluxe-edition-sk\/","title":{"rendered":"Resident Evil: Revelations 2 \u2013 Deluxe Edition"},"content":{"rendered":"<p>Resident Evil Revelations 2 je survival hororov\u00fd thriller, v ktorom sa preplietaj\u00fa pr\u00edbehy Claire Redfieldovej a Barryho Burtona v 4 hrate\u013en\u00fdch epiz\u00f3dach. Ob\u013e\u00faben\u00fd re\u017eim Raid Mode sa tie\u017e vracia vo ve\u013ekom \u0161t\u00fdle a pon\u00faka nespo\u010detn\u00e9 hodiny hrania. Tento luxusn\u00fd bal\u00edk obsahuje kompletn\u00fd pr\u00edbeh, extra epiz\u00f3dy, extra kost\u00fdmy, \u010fal\u0161ie postavy v re\u017eime Raid Mode, retro mapy a \u010fal\u0161ie \u00falo\u017en\u00e9 sloty.<\/p>\n","protected":false},"excerpt":{"rendered":"<p>Resident Evil: Revelations 2 \u2013 Deluxe Edition pon\u00faka intenz\u00edvny survival horror s kooperat\u00edvnym hran\u00edm, v ktorom vystupuj\u00fa Claire Redfield a Barry Burton. Obsahuje v\u0161etky epiz\u00f3dy a bonusov\u00fd obsah, ktor\u00fd prin\u00e1\u0161a nap\u00ednav\u00fd pr\u00edbeh, n\u00e1ro\u010dn\u00e9 h\u00e1danky a ak\u010dn\u00e9 stretnutia v temnom, atmosf\u00e9rickom prostred\u00ed.<\/p>\n","protected":false},"featured_media":72256,"comment_status":"open","ping_status":"closed","template":"","meta":{"_acf_changed":false},"product_brand":[],"product_cat":[272,288,268,266,312,9064],"product_tag":[],"class_list":{"0":"post-98654","1":"product","2":"type-product","3":"status-publish","4":"has-post-thumbnail","6":"product_cat-akcni-pc-sk","7":"product_cat-horor-pc-hry-sk","8":"product_cat-pc-sk","9":"product_cat-pc-hry-sk","10":"product_cat-steam-pc-sk","11":"product_cat-strielacky-3","12":"pa_audio-de-de","13":"pa_audio-en-us","14":"pa_audio-es-es","15":"pa_audio-fr-fr","16":"pa_audio-it-it","17":"pa_audio-ja-jp","19":"pa_countries-ad","20":"pa_countries-al","21":"pa_countries-at","22":"pa_countries-ba","23":"pa_countries-be","24":"pa_countries-bg","25":"pa_countries-by","27":"pa_countries-ch","28":"pa_countries-cy","29":"pa_countries-cz","30":"pa_countries-de","31":"pa_countries-dk","32":"pa_countries-ee","33":"pa_countries-es","34":"pa_countries-fi","35":"pa_countries-fr","36":"pa_countries-gb","37":"pa_countries-ge","38":"pa_countries-gr","39":"pa_countries-hr","40":"pa_countries-hu","41":"pa_countries-ie","42":"pa_countries-is","43":"pa_countries-it","44":"pa_countries-li","45":"pa_countries-lt","46":"pa_countries-lu","47":"pa_countries-lv","48":"pa_countries-mc","49":"pa_countries-md","50":"pa_countries-me","51":"pa_countries-mk","52":"pa_countries-mt","53":"pa_countries-nl","54":"pa_countries-no","55":"pa_countries-pl","56":"pa_countries-pt","57":"pa_countries-ro","58":"pa_countries-rs","59":"pa_countries-se","60":"pa_countries-si","61":"pa_countries-sk","62":"pa_countries-sm","63":"pa_countries-va","64":"pa_developer-capcom","66":"pa_engine-mt-framework","68":"pa_franchises-resident-evil","70":"pa_game_type-bundle","72":"pa_genres-shooter","74":"pa_interface-de-de","75":"pa_interface-en-us","76":"pa_interface-es-es","77":"pa_interface-fr-fr","78":"pa_interface-it-it","79":"pa_interface-ja-jp","80":"pa_interface-ko-kr","81":"pa_interface-pl-pl","82":"pa_interface-pt-br","83":"pa_interface-ru-ru","85":"pa_interface-zh-cn","86":"pa_interface-zh-tw","87":"pa_modes-co-operative","88":"pa_modes-multiplayer","89":"pa_modes-single-player","90":"pa_modes-split-screen","92":"pa_platform-pc-steam","94":"pa_player_perspectives-third-person","96":"pa_publisher-capcom","98":"pa_rating-14441","99":"pa_rating-773","100":"pa_region-europe","102":"pa_subtitles-de-de","104":"pa_subtitles-en-us","105":"pa_subtitles-es-es","106":"pa_subtitles-fr-fr","107":"pa_subtitles-it-it","108":"pa_subtitles-ja-jp","109":"pa_subtitles-ko-kr","110":"pa_subtitles-pl-pl","111":"pa_subtitles-pt-br","112":"pa_subtitles-ru-ru","113":"pa_subtitles-zh-cn","114":"pa_subtitles-zh-tw","115":"pa_themes-horror","117":"pa_themes-survival","119":"first","120":"instock","121":"virtual","122":"taxable","123":"purchasable","124":"product-type-simple"},"yoast_head":"<!-- This site is optimized with the Yoast SEO plugin v27.3 - https:\/\/yoast.com\/product\/yoast-seo-wordpress\/ -->\n<title>Resident Evil: Revelations 2 - Deluxe Edition | BeGamer.cz<\/title>\n<meta name=\"robots\" content=\"index, follow, max-snippet:-1, max-image-preview:large, max-video-preview:-1\" \/>\n<link rel=\"canonical\" href=\"https:\/\/begamer.cz\/sk\/produkt\/resident-evil-revelations-2-deluxe-edition-sk\/\" \/>\n<meta property=\"og:locale\" content=\"sk_SK\" \/>\n<meta property=\"og:type\" content=\"article\" \/>\n<meta property=\"og:title\" content=\"Resident Evil: Revelations 2 - Deluxe Edition | BeGamer.cz\" \/>\n<meta property=\"og:description\" content=\"Resident Evil: Revelations 2 \u2013 Deluxe Edition pon\u00faka intenz\u00edvny survival horror s kooperat\u00edvnym hran\u00edm, v ktorom vystupuj\u00fa Claire Redfield a Barry Burton. Obsahuje v\u0161etky epiz\u00f3dy a bonusov\u00fd obsah, ktor\u00fd prin\u00e1\u0161a nap\u00ednav\u00fd pr\u00edbeh, n\u00e1ro\u010dn\u00e9 h\u00e1danky a ak\u010dn\u00e9 stretnutia v temnom, atmosf\u00e9rickom prostred\u00ed.\" \/>\n<meta property=\"og:url\" content=\"https:\/\/begamer.cz\/sk\/produkt\/resident-evil-revelations-2-deluxe-edition-sk\/\" \/>\n<meta property=\"og:site_name\" content=\"BeGamer.cz\" \/>\n<meta property=\"article:modified_time\" content=\"2026-03-10T20:41:02+00:00\" \/>\n<meta property=\"og:image\" content=\"https:\/\/begamer.cz\/wp-content\/uploads\/2026\/01\/resident-evil-revelations-2-deluxe-edition-5.webp\" \/>\n\t<meta property=\"og:image:width\" content=\"300\" \/>\n\t<meta property=\"og:image:height\" content=\"400\" \/>\n\t<meta property=\"og:image:type\" content=\"image\/webp\" \/>\n<meta name=\"twitter:card\" content=\"summary_large_image\" \/>\n<script type=\"application\/ld+json\" class=\"yoast-schema-graph\">{\"@context\":\"https:\\\/\\\/schema.org\",\"@graph\":[{\"@type\":\"WebPage\",\"@id\":\"https:\\\/\\\/begamer.cz\\\/sk\\\/produkt\\\/resident-evil-revelations-2-deluxe-edition-sk\\\/\",\"url\":\"https:\\\/\\\/begamer.cz\\\/sk\\\/produkt\\\/resident-evil-revelations-2-deluxe-edition-sk\\\/\",\"name\":\"Resident Evil: Revelations 2 - Deluxe Edition | BeGamer.cz\",\"isPartOf\":{\"@id\":\"https:\\\/\\\/begamer.cz\\\/sk\\\/#website\"},\"primaryImageOfPage\":{\"@id\":\"https:\\\/\\\/begamer.cz\\\/sk\\\/produkt\\\/resident-evil-revelations-2-deluxe-edition-sk\\\/#primaryimage\"},\"image\":{\"@id\":\"https:\\\/\\\/begamer.cz\\\/sk\\\/produkt\\\/resident-evil-revelations-2-deluxe-edition-sk\\\/#primaryimage\"},\"thumbnailUrl\":\"https:\\\/\\\/begamer.cz\\\/wp-content\\\/uploads\\\/2026\\\/01\\\/resident-evil-revelations-2-deluxe-edition-5.webp\",\"datePublished\":\"2026-01-30T16:25:57+00:00\",\"dateModified\":\"2026-03-10T20:41:02+00:00\",\"breadcrumb\":{\"@id\":\"https:\\\/\\\/begamer.cz\\\/sk\\\/produkt\\\/resident-evil-revelations-2-deluxe-edition-sk\\\/#breadcrumb\"},\"inLanguage\":\"sk-SK\",\"potentialAction\":[{\"@type\":\"ReadAction\",\"target\":[\"https:\\\/\\\/begamer.cz\\\/sk\\\/produkt\\\/resident-evil-revelations-2-deluxe-edition-sk\\\/\"]}]},{\"@type\":\"ImageObject\",\"inLanguage\":\"sk-SK\",\"@id\":\"https:\\\/\\\/begamer.cz\\\/sk\\\/produkt\\\/resident-evil-revelations-2-deluxe-edition-sk\\\/#primaryimage\",\"url\":\"https:\\\/\\\/begamer.cz\\\/wp-content\\\/uploads\\\/2026\\\/01\\\/resident-evil-revelations-2-deluxe-edition-5.webp\",\"contentUrl\":\"https:\\\/\\\/begamer.cz\\\/wp-content\\\/uploads\\\/2026\\\/01\\\/resident-evil-revelations-2-deluxe-edition-5.webp\",\"width\":300,\"height\":400},{\"@type\":\"BreadcrumbList\",\"@id\":\"https:\\\/\\\/begamer.cz\\\/sk\\\/produkt\\\/resident-evil-revelations-2-deluxe-edition-sk\\\/#breadcrumb\",\"itemListElement\":[{\"@type\":\"ListItem\",\"position\":1,\"name\":\"Domov\",\"item\":\"https:\\\/\\\/begamer.cz\\\/sk\\\/\"},{\"@type\":\"ListItem\",\"position\":2,\"name\":\"Obchod\",\"item\":\"https:\\\/\\\/begamer.cz\\\/obchod\\\/\"},{\"@type\":\"ListItem\",\"position\":3,\"name\":\"Resident Evil: Revelations 2 &#8211; Deluxe Edition\"}]},{\"@type\":\"WebSite\",\"@id\":\"https:\\\/\\\/begamer.cz\\\/sk\\\/#website\",\"url\":\"https:\\\/\\\/begamer.cz\\\/sk\\\/\",\"name\":\"BeGamer.cz\",\"description\":\"\",\"publisher\":{\"@id\":\"https:\\\/\\\/begamer.cz\\\/sk\\\/#organization\"},\"potentialAction\":[{\"@type\":\"SearchAction\",\"target\":{\"@type\":\"EntryPoint\",\"urlTemplate\":\"https:\\\/\\\/begamer.cz\\\/sk\\\/?s={search_term_string}\"},\"query-input\":{\"@type\":\"PropertyValueSpecification\",\"valueRequired\":true,\"valueName\":\"search_term_string\"}}],\"inLanguage\":\"sk-SK\"},{\"@type\":\"Organization\",\"@id\":\"https:\\\/\\\/begamer.cz\\\/sk\\\/#organization\",\"name\":\"BeGamer.cz\",\"url\":\"https:\\\/\\\/begamer.cz\\\/sk\\\/\",\"logo\":{\"@type\":\"ImageObject\",\"inLanguage\":\"sk-SK\",\"@id\":\"https:\\\/\\\/begamer.cz\\\/sk\\\/#\\\/schema\\\/logo\\\/image\\\/\",\"url\":\"https:\\\/\\\/begamer.cz\\\/wp-content\\\/uploads\\\/2025\\\/07\\\/logo.svg\",\"contentUrl\":\"https:\\\/\\\/begamer.cz\\\/wp-content\\\/uploads\\\/2025\\\/07\\\/logo.svg\",\"caption\":\"BeGamer.cz\"},\"image\":{\"@id\":\"https:\\\/\\\/begamer.cz\\\/sk\\\/#\\\/schema\\\/logo\\\/image\\\/\"}}]}<\/script>\n<!-- \/ Yoast SEO plugin. -->","yoast_head_json":{"title":"Resident Evil: Revelations 2 - Deluxe Edition | BeGamer.cz","robots":{"index":"index","follow":"follow","max-snippet":"max-snippet:-1","max-image-preview":"max-image-preview:large","max-video-preview":"max-video-preview:-1"},"canonical":"https:\/\/begamer.cz\/sk\/produkt\/resident-evil-revelations-2-deluxe-edition-sk\/","og_locale":"sk_SK","og_type":"article","og_title":"Resident Evil: Revelations 2 - Deluxe Edition | BeGamer.cz","og_description":"Resident Evil: Revelations 2 \u2013 Deluxe Edition pon\u00faka intenz\u00edvny survival horror s kooperat\u00edvnym hran\u00edm, v ktorom vystupuj\u00fa Claire Redfield a Barry Burton. Obsahuje v\u0161etky epiz\u00f3dy a bonusov\u00fd obsah, ktor\u00fd prin\u00e1\u0161a nap\u00ednav\u00fd pr\u00edbeh, n\u00e1ro\u010dn\u00e9 h\u00e1danky a ak\u010dn\u00e9 stretnutia v temnom, atmosf\u00e9rickom prostred\u00ed.","og_url":"https:\/\/begamer.cz\/sk\/produkt\/resident-evil-revelations-2-deluxe-edition-sk\/","og_site_name":"BeGamer.cz","article_modified_time":"2026-03-10T20:41:02+00:00","og_image":[{"width":300,"height":400,"url":"https:\/\/begamer.cz\/wp-content\/uploads\/2026\/01\/resident-evil-revelations-2-deluxe-edition-5.webp","type":"image\/webp"}],"twitter_card":"summary_large_image","schema":{"@context":"https:\/\/schema.org","@graph":[{"@type":"WebPage","@id":"https:\/\/begamer.cz\/sk\/produkt\/resident-evil-revelations-2-deluxe-edition-sk\/","url":"https:\/\/begamer.cz\/sk\/produkt\/resident-evil-revelations-2-deluxe-edition-sk\/","name":"Resident Evil: Revelations 2 - Deluxe Edition | BeGamer.cz","isPartOf":{"@id":"https:\/\/begamer.cz\/sk\/#website"},"primaryImageOfPage":{"@id":"https:\/\/begamer.cz\/sk\/produkt\/resident-evil-revelations-2-deluxe-edition-sk\/#primaryimage"},"image":{"@id":"https:\/\/begamer.cz\/sk\/produkt\/resident-evil-revelations-2-deluxe-edition-sk\/#primaryimage"},"thumbnailUrl":"https:\/\/begamer.cz\/wp-content\/uploads\/2026\/01\/resident-evil-revelations-2-deluxe-edition-5.webp","datePublished":"2026-01-30T16:25:57+00:00","dateModified":"2026-03-10T20:41:02+00:00","breadcrumb":{"@id":"https:\/\/begamer.cz\/sk\/produkt\/resident-evil-revelations-2-deluxe-edition-sk\/#breadcrumb"},"inLanguage":"sk-SK","potentialAction":[{"@type":"ReadAction","target":["https:\/\/begamer.cz\/sk\/produkt\/resident-evil-revelations-2-deluxe-edition-sk\/"]}]},{"@type":"ImageObject","inLanguage":"sk-SK","@id":"https:\/\/begamer.cz\/sk\/produkt\/resident-evil-revelations-2-deluxe-edition-sk\/#primaryimage","url":"https:\/\/begamer.cz\/wp-content\/uploads\/2026\/01\/resident-evil-revelations-2-deluxe-edition-5.webp","contentUrl":"https:\/\/begamer.cz\/wp-content\/uploads\/2026\/01\/resident-evil-revelations-2-deluxe-edition-5.webp","width":300,"height":400},{"@type":"BreadcrumbList","@id":"https:\/\/begamer.cz\/sk\/produkt\/resident-evil-revelations-2-deluxe-edition-sk\/#breadcrumb","itemListElement":[{"@type":"ListItem","position":1,"name":"Domov","item":"https:\/\/begamer.cz\/sk\/"},{"@type":"ListItem","position":2,"name":"Obchod","item":"https:\/\/begamer.cz\/obchod\/"},{"@type":"ListItem","position":3,"name":"Resident Evil: Revelations 2 &#8211; Deluxe Edition"}]},{"@type":"WebSite","@id":"https:\/\/begamer.cz\/sk\/#website","url":"https:\/\/begamer.cz\/sk\/","name":"BeGamer.cz","description":"","publisher":{"@id":"https:\/\/begamer.cz\/sk\/#organization"},"potentialAction":[{"@type":"SearchAction","target":{"@type":"EntryPoint","urlTemplate":"https:\/\/begamer.cz\/sk\/?s={search_term_string}"},"query-input":{"@type":"PropertyValueSpecification","valueRequired":true,"valueName":"search_term_string"}}],"inLanguage":"sk-SK"},{"@type":"Organization","@id":"https:\/\/begamer.cz\/sk\/#organization","name":"BeGamer.cz","url":"https:\/\/begamer.cz\/sk\/","logo":{"@type":"ImageObject","inLanguage":"sk-SK","@id":"https:\/\/begamer.cz\/sk\/#\/schema\/logo\/image\/","url":"https:\/\/begamer.cz\/wp-content\/uploads\/2025\/07\/logo.svg","contentUrl":"https:\/\/begamer.cz\/wp-content\/uploads\/2025\/07\/logo.svg","caption":"BeGamer.cz"},"image":{"@id":"https:\/\/begamer.cz\/sk\/#\/schema\/logo\/image\/"}}]}},"acf":[],"_links":{"self":[{"href":"https:\/\/begamer.cz\/sk\/wp-json\/wp\/v2\/product\/98654","targetHints":{"allow":["GET"]}}],"collection":[{"href":"https:\/\/begamer.cz\/sk\/wp-json\/wp\/v2\/product"}],"about":[{"href":"https:\/\/begamer.cz\/sk\/wp-json\/wp\/v2\/types\/product"}],"replies":[{"embeddable":true,"href":"https:\/\/begamer.cz\/sk\/wp-json\/wp\/v2\/comments?post=98654"}],"wp:featuredmedia":[{"embeddable":true,"href":"https:\/\/begamer.cz\/sk\/wp-json\/wp\/v2\/media\/72256"}],"wp:attachment":[{"href":"https:\/\/begamer.cz\/sk\/wp-json\/wp\/v2\/media?parent=98654"}],"wp:term":[{"taxonomy":"product_brand","embeddable":true,"href":"https:\/\/begamer.cz\/sk\/wp-json\/wp\/v2\/product_brand?post=98654"},{"taxonomy":"product_cat","embeddable":true,"href":"https:\/\/begamer.cz\/sk\/wp-json\/wp\/v2\/product_cat?post=98654"},{"taxonomy":"product_tag","embeddable":true,"href":"https:\/\/begamer.cz\/sk\/wp-json\/wp\/v2\/product_tag?post=98654"}],"curies":[{"name":"wp","href":"https:\/\/api.w.org\/{rel}","templated":true}]}}