{"id":98627,"date":"2026-01-30T17:25:22","date_gmt":"2026-01-30T16:25:22","guid":{"rendered":"https:\/\/begamer.cz\/produkt\/the-dark-pictures-anthology-little-hope-sk-1769790325\/"},"modified":"2026-03-18T08:51:44","modified_gmt":"2026-03-18T07:51:44","slug":"the-dark-pictures-anthology-little-hope-sk-2","status":"publish","type":"product","link":"https:\/\/begamer.cz\/sk\/produkt\/the-dark-pictures-anthology-little-hope-sk-2\/","title":{"rendered":"The Dark Pictures Anthology: Little Hope"},"content":{"rendered":"<p><strong>Vysk\u00fa\u0161ajte vylep\u0161en\u00fa verziu hry Little Hope, ktor\u00e1 je u\u017e k dispoz\u00edcii.<br \/>Novinky v tejto aktualiz\u00e1cii: nastavenia obtia\u017enosti a varovania QTE, vylep\u0161en\u00e9 pou\u017e\u00edvate\u013esk\u00e9 rozhranie a interakcie, aktualizovan\u00e9 grafick\u00e9 prvky a sp\u00fa\u0161\u0165a\u010de udalost\u00ed, zv\u00fd\u0161en\u00e1 r\u00fdchlos\u0165 ch\u00f4dze a \u0161ir\u0161ie mo\u017enosti pr\u00edstupnosti vr\u00e1tane ve\u013ekosti<\/strong><\/p>\n<p><strong>titulkov<\/strong>. <strong><\/strong>*Bezplatn\u00e1 aktualiz\u00e1cia pre majite\u013eov hry Little Hope na PC.<\/p>\n<p><span class=\"bb_img_ctn\"><video class=\"bb_img\" autoplay muted loop playsinline poster=\"https:\/\/shared.akamai.steamstatic.com\/store_item_assets\/steam\/apps\/1194630\/extras\/be113e83771430c416f336562430003d.poster.avif?t=1731918218\" width=\"616\" height=\"200\"><\/video><\/span><\/p>\n<p>The Dark Pictures Anthology je s\u00e9ria intenz\u00edvnych, samostatn\u00fdch, rozvetven\u00fdch filmov\u00fdch hororov\u00fdch hier s re\u017eimami pre jedn\u00e9ho a viacer\u00fdch hr\u00e1\u010dov.<\/p>\n<p>\u0160tyria vysoko\u0161kol\u00e1ci a ich profesor uviaznu v opustenom meste\u010dku Little Hope. Uv\u00e4znen\u00ed v nepreniknute\u013enej hmle sa z\u00fafalo sna\u017eia unikn\u00fa\u0165, pri\u010dom s\u00fa svedkami desiv\u00fdch v\u00edzi\u00ed z minulosti. Musia pr\u00eds\u0165 na to, \u010do je motiv\u00e1ciou t\u00fdchto zjaven\u00ed, sk\u00f4r ako zl\u00e9 sily stiahnu du\u0161e ka\u017ed\u00e9ho z nich do pekla.<\/p>\n<p>Bu\u010fte svedkami desiv\u00fdch v\u00edzi\u00ed z minulosti, prenasledovan\u00fdch udalos\u0165ami \u010darodejn\u00edckych procesov v Andoveri v 17.<\/p>\n<p>storo\u010d\u00ed. Uniknite pred desiv\u00fdmi zjaveniami, ktor\u00e9 v\u00e1s ne\u00fanavne prenasleduj\u00fa v hmle!<\/p>\n<p>Hrajte online s priate\u013eom alebo offline s a\u017e 5 priate\u013emi.<\/p>\n<p>Vzdajte sa n\u00e1deje&#8230; v\u0161etci, ktor\u00ed sem vst\u00fapite!<\/p>\n<p><span class=\"bb_img_ctn\"><video class=\"bb_img\" autoplay muted loop playsinline poster=\"https:\/\/shared.akamai.steamstatic.com\/store_item_assets\/steam\/apps\/1194630\/extras\/44ca77f56e7637d43342b65b4383f8ea.poster.avif?t=1731918218\" width=\"616\" height=\"200\"><\/video><\/span><\/p>\n<p><strong>The Curator&#x27;s Cut<\/strong><br \/>The Curator&#x27;s Cut pon\u00faka nov\u00e9 sc\u00e9ny, ktor\u00e9 je mo\u017en\u00e9 hra\u0165 z poh\u013eadu in\u00fdch post\u00e1v, s \u00faplne nov\u00fdmi vo\u013ebami a rozhodnutiami.<\/p>\n<p>The Curator&#x27;s Cut je k dispoz\u00edcii a\u017e po dokon\u010den\u00ed hlavn\u00e9ho pr\u00edbehu.<\/p>\n","protected":false},"excerpt":{"rendered":"<p>Uv\u00e4znen\u00ed a izolovan\u00ed v opustenom meste\u010dku Little Hope, \u0161tyria vysoko\u0161kol\u00e1ci a ich u\u010dite\u013e musia unikn\u00fa\u0165 pred desiv\u00fdmi pr\u00edzrakmi, ktor\u00e9 ich ne\u00fanavne prenasleduj\u00fa cez nepreniknute\u013en\u00fa hmlu.<\/p>\n","protected":false},"featured_media":11821,"comment_status":"open","ping_status":"closed","template":"","meta":{"_acf_changed":false},"product_brand":[],"product_cat":[270,288,268,266,312],"product_tag":[],"class_list":{"0":"post-98627","1":"product","2":"type-product","3":"status-publish","4":"has-post-thumbnail","6":"product_cat-adventury-pc-hry-sk","7":"product_cat-horor-pc-hry-sk","8":"product_cat-pc-sk","9":"product_cat-pc-hry-sk","10":"product_cat-steam-pc-sk","11":"pa_audio-de-de","12":"pa_audio-en-gb","13":"pa_audio-en-us","14":"pa_audio-es-es","15":"pa_audio-es-mx","17":"pa_audio-fr-fr","18":"pa_audio-it-it","19":"pa_audio-ru-ru","20":"pa_countries-ad","21":"pa_countries-ae","22":"pa_countries-af","23":"pa_countries-ag","24":"pa_countries-ai","25":"pa_countries-al","26":"pa_countries-am","27":"pa_countries-ao","28":"pa_countries-aq","29":"pa_countries-ar","30":"pa_countries-as","31":"pa_countries-at","32":"pa_countries-au","33":"pa_countries-aw","34":"pa_countries-ax","35":"pa_countries-az","36":"pa_countries-ba","37":"pa_countries-bb","38":"pa_countries-bd","39":"pa_countries-be","40":"pa_countries-bf","41":"pa_countries-bg","42":"pa_countries-bh","43":"pa_countries-bi","44":"pa_countries-bj","45":"pa_countries-bl","46":"pa_countries-bm","47":"pa_countries-bn","48":"pa_countries-bo","49":"pa_countries-bq","50":"pa_countries-br","51":"pa_countries-bs","52":"pa_countries-bt","53":"pa_countries-bv","54":"pa_countries-bw","55":"pa_countries-bz","56":"pa_countries-ca","57":"pa_countries-cc","58":"pa_countries-cd","59":"pa_countries-cf","60":"pa_countries-cg","61":"pa_countries-ch","62":"pa_countries-ci","63":"pa_countries-ck","64":"pa_countries-cl","65":"pa_countries-cm","66":"pa_countries-cn","67":"pa_countries-co","68":"pa_countries-cr","69":"pa_countries-cu","70":"pa_countries-cv","71":"pa_countries-cw","72":"pa_countries-cx","73":"pa_countries-cy","74":"pa_countries-cz","75":"pa_countries-de","76":"pa_countries-dj","77":"pa_countries-dk","78":"pa_countries-dm","79":"pa_countries-do","80":"pa_countries-dz","81":"pa_countries-ec","82":"pa_countries-ee","83":"pa_countries-eg","84":"pa_countries-eh","85":"pa_countries-er","86":"pa_countries-es","87":"pa_countries-et","88":"pa_countries-fi","89":"pa_countries-fj","90":"pa_countries-fk","91":"pa_countries-fm","92":"pa_countries-fo","93":"pa_countries-fr","94":"pa_countries-ga","95":"pa_countries-gb","96":"pa_countries-gd","97":"pa_countries-ge","98":"pa_countries-gf","99":"pa_countries-gg","100":"pa_countries-gh","101":"pa_countries-gi","102":"pa_countries-gl","103":"pa_countries-gm","104":"pa_countries-gn","105":"pa_countries-gp","106":"pa_countries-gq","107":"pa_countries-gr","108":"pa_countries-gs","109":"pa_countries-gt","110":"pa_countries-gu","111":"pa_countries-gw","112":"pa_countries-gy","113":"pa_countries-hk","114":"pa_countries-hm","115":"pa_countries-hn","116":"pa_countries-hr","117":"pa_countries-ht","118":"pa_countries-hu","119":"pa_countries-id","120":"pa_countries-ie","121":"pa_countries-il","122":"pa_countries-im","123":"pa_countries-in","124":"pa_countries-io","125":"pa_countries-iq","126":"pa_countries-ir","127":"pa_countries-is","128":"pa_countries-it","129":"pa_countries-je","130":"pa_countries-jm","131":"pa_countries-jo","132":"pa_countries-ke","133":"pa_countries-kg","134":"pa_countries-kh","135":"pa_countries-ki","136":"pa_countries-km","137":"pa_countries-kn","138":"pa_countries-kp","139":"pa_countries-kr","140":"pa_countries-kw","141":"pa_countries-ky","142":"pa_countries-kz","143":"pa_countries-la","144":"pa_countries-lb","145":"pa_countries-lc","146":"pa_countries-li","147":"pa_countries-lk","148":"pa_countries-lr","149":"pa_countries-ls","150":"pa_countries-lt","151":"pa_countries-lu","152":"pa_countries-lv","153":"pa_countries-ly","154":"pa_countries-ma","155":"pa_countries-mc","156":"pa_countries-md","157":"pa_countries-me","158":"pa_countries-mf","159":"pa_countries-mg","160":"pa_countries-mh","161":"pa_countries-mk","162":"pa_countries-ml","163":"pa_countries-mm","164":"pa_countries-mn","165":"pa_countries-mo","166":"pa_countries-mp","167":"pa_countries-mq","168":"pa_countries-mr","169":"pa_countries-ms","170":"pa_countries-mt","171":"pa_countries-mu","172":"pa_countries-mv","173":"pa_countries-mw","174":"pa_countries-mx","175":"pa_countries-my","176":"pa_countries-mz","177":"pa_countries-na","178":"pa_countries-nc","179":"pa_countries-ne","180":"pa_countries-nf","181":"pa_countries-ng","182":"pa_countries-ni","183":"pa_countries-nl","184":"pa_countries-no","185":"pa_countries-np","186":"pa_countries-nr","187":"pa_countries-nu","188":"pa_countries-nz","189":"pa_countries-om","190":"pa_countries-pa","191":"pa_countries-pe","192":"pa_countries-pf","193":"pa_countries-pg","194":"pa_countries-ph","195":"pa_countries-pk","196":"pa_countries-pl","197":"pa_countries-pm","198":"pa_countries-pn","199":"pa_countries-pr","200":"pa_countries-ps","201":"pa_countries-pt","202":"pa_countries-pw","203":"pa_countries-py","204":"pa_countries-qa","205":"pa_countries-re","206":"pa_countries-ro","207":"pa_countries-rs","208":"pa_countries-rw","209":"pa_countries-sa","210":"pa_countries-sb","211":"pa_countries-sc","212":"pa_countries-sd","213":"pa_countries-se","214":"pa_countries-sg","215":"pa_countries-sh","216":"pa_countries-si","217":"pa_countries-sj","218":"pa_countries-sk","219":"pa_countries-sl","220":"pa_countries-sm","221":"pa_countries-sn","222":"pa_countries-so","223":"pa_countries-sr","224":"pa_countries-ss","226":"pa_countries-st","227":"pa_countries-sv","228":"pa_countries-sx","229":"pa_countries-sy","230":"pa_countries-sz","231":"pa_countries-tc","232":"pa_countries-td","233":"pa_countries-tf","234":"pa_countries-tg","235":"pa_countries-th","236":"pa_countries-tj","237":"pa_countries-tk","238":"pa_countries-tl","239":"pa_countries-tm","240":"pa_countries-tn","241":"pa_countries-to","242":"pa_countries-tr","243":"pa_countries-tt","244":"pa_countries-tv","245":"pa_countries-tw","246":"pa_countries-tz","247":"pa_countries-ua","248":"pa_countries-ug","249":"pa_countries-um","250":"pa_countries-us","251":"pa_countries-uy","252":"pa_countries-uz","253":"pa_countries-va","254":"pa_countries-vc","255":"pa_countries-ve","256":"pa_countries-vg","257":"pa_countries-vi","258":"pa_countries-vn","259":"pa_countries-vu","260":"pa_countries-wf","261":"pa_countries-ws","262":"pa_countries-xk","263":"pa_countries-ye","264":"pa_countries-yt","265":"pa_countries-za","266":"pa_countries-zm","267":"pa_countries-zw","268":"pa_developer-supermassive-games","270":"pa_engine-unreal-engine-4","272":"pa_game_type-main_game","274":"pa_genres-adventure","276":"pa_interface-ar","277":"pa_interface-de-de","278":"pa_interface-en-gb","279":"pa_interface-en-us","280":"pa_interface-es-es","281":"pa_interface-es-mx","282":"pa_interface-fr-fr","283":"pa_interface-it-it","284":"pa_interface-ja-jp","285":"pa_interface-ko-kr","286":"pa_interface-pt-br","287":"pa_interface-ru-ru","289":"pa_interface-zh-cn","290":"pa_interface-zh-tw","291":"pa_modes-co-operative","292":"pa_modes-multiplayer","294":"pa_modes-single-player","295":"pa_pegi-13426","296":"pa_pegi-794","297":"pa_platform-pc-steam","299":"pa_player_perspectives-third-person","301":"pa_publisher-bandai-namco-entertainment","303":"pa_rating-1753","304":"pa_rating-14548","305":"pa_region-global","307":"pa_subtitles-ar","308":"pa_subtitles-de-de","310":"pa_subtitles-en-gb","311":"pa_subtitles-en-us","312":"pa_subtitles-es-es","313":"pa_subtitles-es-mx","314":"pa_subtitles-fr-fr","315":"pa_subtitles-it-it","316":"pa_subtitles-ja-jp","317":"pa_subtitles-ko-kr","318":"pa_subtitles-pt-br","319":"pa_subtitles-ru-ru","320":"pa_subtitles-zh-cn","321":"pa_subtitles-zh-tw","322":"pa_themes-horror","323":"pa_themes-mystery","325":"pa_themes-survival","327":"first","328":"instock","329":"virtual","330":"taxable","331":"purchasable","332":"product-type-simple"},"yoast_head":"<!-- This site is optimized with the Yoast SEO plugin v27.3 - https:\/\/yoast.com\/product\/yoast-seo-wordpress\/ -->\n<title>The Dark Pictures Anthology: Little Hope | BeGamer.cz<\/title>\n<meta name=\"robots\" content=\"index, follow, max-snippet:-1, max-image-preview:large, max-video-preview:-1\" \/>\n<link rel=\"canonical\" href=\"https:\/\/begamer.cz\/sk\/produkt\/the-dark-pictures-anthology-little-hope-sk-2\/\" \/>\n<meta property=\"og:locale\" content=\"sk_SK\" \/>\n<meta property=\"og:type\" content=\"article\" \/>\n<meta property=\"og:title\" content=\"The Dark Pictures Anthology: Little Hope | BeGamer.cz\" \/>\n<meta property=\"og:description\" content=\"Uv\u00e4znen\u00ed a izolovan\u00ed v opustenom meste\u010dku Little Hope, \u0161tyria vysoko\u0161kol\u00e1ci a ich u\u010dite\u013e musia unikn\u00fa\u0165 pred desiv\u00fdmi pr\u00edzrakmi, ktor\u00e9 ich ne\u00fanavne prenasleduj\u00fa cez nepreniknute\u013en\u00fa hmlu.\" \/>\n<meta property=\"og:url\" content=\"https:\/\/begamer.cz\/sk\/produkt\/the-dark-pictures-anthology-little-hope-sk-2\/\" \/>\n<meta property=\"og:site_name\" content=\"BeGamer.cz\" \/>\n<meta property=\"article:modified_time\" content=\"2026-03-18T07:51:44+00:00\" \/>\n<meta property=\"og:image\" content=\"https:\/\/begamer.cz\/wp-content\/uploads\/2026\/01\/the-dark-pictures-anthology-little-hope-6.webp\" \/>\n\t<meta property=\"og:image:width\" content=\"300\" \/>\n\t<meta property=\"og:image:height\" content=\"400\" \/>\n\t<meta property=\"og:image:type\" content=\"image\/webp\" \/>\n<meta name=\"twitter:card\" content=\"summary_large_image\" \/>\n<meta name=\"twitter:label1\" content=\"Predpokladan\u00fd \u010das \u010d\u00edtania\" \/>\n\t<meta name=\"twitter:data1\" content=\"1 min\u00fata\" \/>\n<script type=\"application\/ld+json\" class=\"yoast-schema-graph\">{\"@context\":\"https:\\\/\\\/schema.org\",\"@graph\":[{\"@type\":\"WebPage\",\"@id\":\"https:\\\/\\\/begamer.cz\\\/sk\\\/produkt\\\/the-dark-pictures-anthology-little-hope-sk-2\\\/\",\"url\":\"https:\\\/\\\/begamer.cz\\\/sk\\\/produkt\\\/the-dark-pictures-anthology-little-hope-sk-2\\\/\",\"name\":\"The Dark Pictures Anthology: Little Hope | BeGamer.cz\",\"isPartOf\":{\"@id\":\"https:\\\/\\\/begamer.cz\\\/sk\\\/#website\"},\"primaryImageOfPage\":{\"@id\":\"https:\\\/\\\/begamer.cz\\\/sk\\\/produkt\\\/the-dark-pictures-anthology-little-hope-sk-2\\\/#primaryimage\"},\"image\":{\"@id\":\"https:\\\/\\\/begamer.cz\\\/sk\\\/produkt\\\/the-dark-pictures-anthology-little-hope-sk-2\\\/#primaryimage\"},\"thumbnailUrl\":\"https:\\\/\\\/begamer.cz\\\/wp-content\\\/uploads\\\/2026\\\/01\\\/the-dark-pictures-anthology-little-hope-6.webp\",\"datePublished\":\"2026-01-30T16:25:22+00:00\",\"dateModified\":\"2026-03-18T07:51:44+00:00\",\"breadcrumb\":{\"@id\":\"https:\\\/\\\/begamer.cz\\\/sk\\\/produkt\\\/the-dark-pictures-anthology-little-hope-sk-2\\\/#breadcrumb\"},\"inLanguage\":\"sk-SK\",\"potentialAction\":[{\"@type\":\"ReadAction\",\"target\":[\"https:\\\/\\\/begamer.cz\\\/sk\\\/produkt\\\/the-dark-pictures-anthology-little-hope-sk-2\\\/\"]}]},{\"@type\":\"ImageObject\",\"inLanguage\":\"sk-SK\",\"@id\":\"https:\\\/\\\/begamer.cz\\\/sk\\\/produkt\\\/the-dark-pictures-anthology-little-hope-sk-2\\\/#primaryimage\",\"url\":\"https:\\\/\\\/begamer.cz\\\/wp-content\\\/uploads\\\/2026\\\/01\\\/the-dark-pictures-anthology-little-hope-6.webp\",\"contentUrl\":\"https:\\\/\\\/begamer.cz\\\/wp-content\\\/uploads\\\/2026\\\/01\\\/the-dark-pictures-anthology-little-hope-6.webp\",\"width\":300,\"height\":400},{\"@type\":\"BreadcrumbList\",\"@id\":\"https:\\\/\\\/begamer.cz\\\/sk\\\/produkt\\\/the-dark-pictures-anthology-little-hope-sk-2\\\/#breadcrumb\",\"itemListElement\":[{\"@type\":\"ListItem\",\"position\":1,\"name\":\"Domov\",\"item\":\"https:\\\/\\\/begamer.cz\\\/sk\\\/\"},{\"@type\":\"ListItem\",\"position\":2,\"name\":\"Obchod\",\"item\":\"https:\\\/\\\/begamer.cz\\\/obchod\\\/\"},{\"@type\":\"ListItem\",\"position\":3,\"name\":\"The Dark Pictures Anthology: Little Hope\"}]},{\"@type\":\"WebSite\",\"@id\":\"https:\\\/\\\/begamer.cz\\\/sk\\\/#website\",\"url\":\"https:\\\/\\\/begamer.cz\\\/sk\\\/\",\"name\":\"BeGamer.cz\",\"description\":\"\",\"publisher\":{\"@id\":\"https:\\\/\\\/begamer.cz\\\/sk\\\/#organization\"},\"potentialAction\":[{\"@type\":\"SearchAction\",\"target\":{\"@type\":\"EntryPoint\",\"urlTemplate\":\"https:\\\/\\\/begamer.cz\\\/sk\\\/?s={search_term_string}\"},\"query-input\":{\"@type\":\"PropertyValueSpecification\",\"valueRequired\":true,\"valueName\":\"search_term_string\"}}],\"inLanguage\":\"sk-SK\"},{\"@type\":\"Organization\",\"@id\":\"https:\\\/\\\/begamer.cz\\\/sk\\\/#organization\",\"name\":\"BeGamer.cz\",\"url\":\"https:\\\/\\\/begamer.cz\\\/sk\\\/\",\"logo\":{\"@type\":\"ImageObject\",\"inLanguage\":\"sk-SK\",\"@id\":\"https:\\\/\\\/begamer.cz\\\/sk\\\/#\\\/schema\\\/logo\\\/image\\\/\",\"url\":\"https:\\\/\\\/begamer.cz\\\/wp-content\\\/uploads\\\/2025\\\/07\\\/logo.svg\",\"contentUrl\":\"https:\\\/\\\/begamer.cz\\\/wp-content\\\/uploads\\\/2025\\\/07\\\/logo.svg\",\"caption\":\"BeGamer.cz\"},\"image\":{\"@id\":\"https:\\\/\\\/begamer.cz\\\/sk\\\/#\\\/schema\\\/logo\\\/image\\\/\"}}]}<\/script>\n<!-- \/ Yoast SEO plugin. -->","yoast_head_json":{"title":"The Dark Pictures Anthology: Little Hope | BeGamer.cz","robots":{"index":"index","follow":"follow","max-snippet":"max-snippet:-1","max-image-preview":"max-image-preview:large","max-video-preview":"max-video-preview:-1"},"canonical":"https:\/\/begamer.cz\/sk\/produkt\/the-dark-pictures-anthology-little-hope-sk-2\/","og_locale":"sk_SK","og_type":"article","og_title":"The Dark Pictures Anthology: Little Hope | BeGamer.cz","og_description":"Uv\u00e4znen\u00ed a izolovan\u00ed v opustenom meste\u010dku Little Hope, \u0161tyria vysoko\u0161kol\u00e1ci a ich u\u010dite\u013e musia unikn\u00fa\u0165 pred desiv\u00fdmi pr\u00edzrakmi, ktor\u00e9 ich ne\u00fanavne prenasleduj\u00fa cez nepreniknute\u013en\u00fa hmlu.","og_url":"https:\/\/begamer.cz\/sk\/produkt\/the-dark-pictures-anthology-little-hope-sk-2\/","og_site_name":"BeGamer.cz","article_modified_time":"2026-03-18T07:51:44+00:00","og_image":[{"width":300,"height":400,"url":"https:\/\/begamer.cz\/wp-content\/uploads\/2026\/01\/the-dark-pictures-anthology-little-hope-6.webp","type":"image\/webp"}],"twitter_card":"summary_large_image","twitter_misc":{"Predpokladan\u00fd \u010das \u010d\u00edtania":"1 min\u00fata"},"schema":{"@context":"https:\/\/schema.org","@graph":[{"@type":"WebPage","@id":"https:\/\/begamer.cz\/sk\/produkt\/the-dark-pictures-anthology-little-hope-sk-2\/","url":"https:\/\/begamer.cz\/sk\/produkt\/the-dark-pictures-anthology-little-hope-sk-2\/","name":"The Dark Pictures Anthology: Little Hope | BeGamer.cz","isPartOf":{"@id":"https:\/\/begamer.cz\/sk\/#website"},"primaryImageOfPage":{"@id":"https:\/\/begamer.cz\/sk\/produkt\/the-dark-pictures-anthology-little-hope-sk-2\/#primaryimage"},"image":{"@id":"https:\/\/begamer.cz\/sk\/produkt\/the-dark-pictures-anthology-little-hope-sk-2\/#primaryimage"},"thumbnailUrl":"https:\/\/begamer.cz\/wp-content\/uploads\/2026\/01\/the-dark-pictures-anthology-little-hope-6.webp","datePublished":"2026-01-30T16:25:22+00:00","dateModified":"2026-03-18T07:51:44+00:00","breadcrumb":{"@id":"https:\/\/begamer.cz\/sk\/produkt\/the-dark-pictures-anthology-little-hope-sk-2\/#breadcrumb"},"inLanguage":"sk-SK","potentialAction":[{"@type":"ReadAction","target":["https:\/\/begamer.cz\/sk\/produkt\/the-dark-pictures-anthology-little-hope-sk-2\/"]}]},{"@type":"ImageObject","inLanguage":"sk-SK","@id":"https:\/\/begamer.cz\/sk\/produkt\/the-dark-pictures-anthology-little-hope-sk-2\/#primaryimage","url":"https:\/\/begamer.cz\/wp-content\/uploads\/2026\/01\/the-dark-pictures-anthology-little-hope-6.webp","contentUrl":"https:\/\/begamer.cz\/wp-content\/uploads\/2026\/01\/the-dark-pictures-anthology-little-hope-6.webp","width":300,"height":400},{"@type":"BreadcrumbList","@id":"https:\/\/begamer.cz\/sk\/produkt\/the-dark-pictures-anthology-little-hope-sk-2\/#breadcrumb","itemListElement":[{"@type":"ListItem","position":1,"name":"Domov","item":"https:\/\/begamer.cz\/sk\/"},{"@type":"ListItem","position":2,"name":"Obchod","item":"https:\/\/begamer.cz\/obchod\/"},{"@type":"ListItem","position":3,"name":"The Dark Pictures Anthology: Little Hope"}]},{"@type":"WebSite","@id":"https:\/\/begamer.cz\/sk\/#website","url":"https:\/\/begamer.cz\/sk\/","name":"BeGamer.cz","description":"","publisher":{"@id":"https:\/\/begamer.cz\/sk\/#organization"},"potentialAction":[{"@type":"SearchAction","target":{"@type":"EntryPoint","urlTemplate":"https:\/\/begamer.cz\/sk\/?s={search_term_string}"},"query-input":{"@type":"PropertyValueSpecification","valueRequired":true,"valueName":"search_term_string"}}],"inLanguage":"sk-SK"},{"@type":"Organization","@id":"https:\/\/begamer.cz\/sk\/#organization","name":"BeGamer.cz","url":"https:\/\/begamer.cz\/sk\/","logo":{"@type":"ImageObject","inLanguage":"sk-SK","@id":"https:\/\/begamer.cz\/sk\/#\/schema\/logo\/image\/","url":"https:\/\/begamer.cz\/wp-content\/uploads\/2025\/07\/logo.svg","contentUrl":"https:\/\/begamer.cz\/wp-content\/uploads\/2025\/07\/logo.svg","caption":"BeGamer.cz"},"image":{"@id":"https:\/\/begamer.cz\/sk\/#\/schema\/logo\/image\/"}}]}},"acf":[],"_links":{"self":[{"href":"https:\/\/begamer.cz\/sk\/wp-json\/wp\/v2\/product\/98627","targetHints":{"allow":["GET"]}}],"collection":[{"href":"https:\/\/begamer.cz\/sk\/wp-json\/wp\/v2\/product"}],"about":[{"href":"https:\/\/begamer.cz\/sk\/wp-json\/wp\/v2\/types\/product"}],"replies":[{"embeddable":true,"href":"https:\/\/begamer.cz\/sk\/wp-json\/wp\/v2\/comments?post=98627"}],"wp:featuredmedia":[{"embeddable":true,"href":"https:\/\/begamer.cz\/sk\/wp-json\/wp\/v2\/media\/11821"}],"wp:attachment":[{"href":"https:\/\/begamer.cz\/sk\/wp-json\/wp\/v2\/media?parent=98627"}],"wp:term":[{"taxonomy":"product_brand","embeddable":true,"href":"https:\/\/begamer.cz\/sk\/wp-json\/wp\/v2\/product_brand?post=98627"},{"taxonomy":"product_cat","embeddable":true,"href":"https:\/\/begamer.cz\/sk\/wp-json\/wp\/v2\/product_cat?post=98627"},{"taxonomy":"product_tag","embeddable":true,"href":"https:\/\/begamer.cz\/sk\/wp-json\/wp\/v2\/product_tag?post=98627"}],"curies":[{"name":"wp","href":"https:\/\/api.w.org\/{rel}","templated":true}]}}