{"id":98606,"date":"2026-01-30T17:24:56","date_gmt":"2026-01-30T16:24:56","guid":{"rendered":"https:\/\/begamer.cz\/produkt\/nickelodeon-kart-racers-2-grand-prix-sk\/"},"modified":"2026-03-18T08:47:49","modified_gmt":"2026-03-18T07:47:49","slug":"nickelodeon-kart-racers-2-grand-prix-sk","status":"publish","type":"product","link":"https:\/\/begamer.cz\/sk\/produkt\/nickelodeon-kart-racers-2-grand-prix-sk\/","title":{"rendered":"Nickelodeon Kart Racers 2: Grand Prix"},"content":{"rendered":"<p>Nickelodeon Kart Racers je sp\u00e4\u0165 a my to rozto\u010d\u00edme na pln\u00e9 obr\u00e1tky!  V hre Nickelodeon Kart Racers 2: Grand Prix si m\u00f4\u017eete vybra\u0165 z 30 hrate\u013en\u00fdch pretek\u00e1rov a 70 \u010dlenov t\u00edmu a zostavi\u0165 si tak svoj dokonal\u00fd boxov\u00fd t\u00edm. Vyberte si svojich ob\u013e\u00fabencov zo sl\u00e1vnej siene Nickelodeon, vr\u00e1tane JoJo Siwa, SpongeBob SquarePants, Teenage Mutant Ninja Turtles, det\u00ed z Rugrats, cool det\u00ed z Hey Arnold!, Ren a Stimpy, Lincolna Louda a jeho sestier a mnoh\u00fdch \u010fal\u0161\u00edch!<\/p>\n<p>Viac post\u00e1v + viac motok\u00e1r + viac trat\u00ed = VIAC Z\u00c1BAVY!  Najsk\u00f4r sa pre\u017ee\u0148te cez r\u00f4zne trate pln\u00e9 slizu v z\u00e1bavnej s\u00e9rii pretekov, kde m\u00f4\u017eete vyhra\u0165 vysn\u00edvan\u00e9 poh\u00e1re a viac ako 80 vylep\u0161en\u00ed pre svoju motok\u00e1ru!  Potom zaradte \u010fal\u0161\u00ed r\u00fdchlostn\u00fd stupe\u0148 a vyz\u00fdvajte svojich priate\u013eov v online multiplayeri alebo v lok\u00e1lnom ar\u00e9novom multiplayeri, aby ste zistili, kto prekro\u010d\u00ed cie\u013eov\u00fa \u010diaru ako prv\u00fd alebo zvl\u00e1dne divok\u00e9 ar\u00e9nov\u00e9 v\u00fdzvy!  Nesmie\u0161 spomali\u0165 \u2013 na miesta, pripravi\u0165 sa, Slime!<br \/>\n<br \/>&#8211; Najv\u00e4\u010d\u0161ia zbierka post\u00e1v Nickelodeon, ak\u00e1 kedy bola v kartovej hre!<br \/>\n&#8211; 100 ob\u013e\u00faben\u00fdch<br \/>post\u00e1v<br \/>Nick, z ktor\u00fdch si m\u00f4\u017ee\u0161 vybra\u0165<br \/>\n&#8211; 30 hrate\u013en\u00fdch pretek\u00e1rov a 70 \u010dlenov pos\u00e1dky, z ktor\u00fdch ka\u017ed\u00fd m\u00e1 jedine\u010dn\u00e9 schopnosti, ktor\u00e9 ti pom\u00f4\u017eu<br \/>vyhra\u0165<br \/>\n&#8211; Vytvor strat\u00e9giu svojej ultim\u00e1tnej pos\u00e1dky, aby si zv\u00fd\u0161il svoju \u00farove\u0148 \u00fatoku, obrany alebo z\u00e1bavy!<br \/>\n&#8211;    Desiatky tis\u00edc r\u00f4znych kombin\u00e1ci\u00ed post\u00e1v<br \/>all-star<br \/>\n&#8211;    Lok\u00e1lny multiplayer a\u017e pre 4 hr\u00e1\u010dov a online multiplayer a\u017e pre 8 hr\u00e1\u010dov<br \/>\n&#8211;    Nov\u00fd a vylep\u0161en\u00fd z\u00e1vodn\u00fd engine pre najlep\u0161iu z\u00e1bavu vo svojej triede!<\/p>\n<p>(Pre lok\u00e1lne multiplayerov\u00e9 re\u017eimy je potrebn\u00fd ovl\u00e1da\u010d)<\/p>\n","protected":false},"excerpt":{"rendered":"<p>Nickelodeon Kart Racers je sp\u00e4\u0165 a my to rozto\u010d\u00edme na pln\u00e9 obr\u00e1tky! V hre Nickelodeon Kart Racers 2: Grand Prix si m\u00f4\u017eete vybra\u0165 z 30 hrate\u013en\u00fdch pretek\u00e1rov a 70 \u010dlenov t\u00edmu a zostavi\u0165 si tak svoj dokonal\u00fd t\u00edm mechanikov.<\/p>\n","protected":false},"featured_media":71863,"comment_status":"open","ping_status":"closed","template":"","meta":{"_acf_changed":false},"product_brand":[],"product_cat":[206,179,200,226,230],"product_tag":[],"class_list":{"0":"post-98606","1":"product","2":"type-product","3":"status-publish","4":"has-post-thumbnail","6":"product_cat-arkady-nintendo-switch-sk","7":"product_cat-nintendo-hry-sk","8":"product_cat-nintendo-switch-sk","9":"product_cat-sportove-nintendo-switch-sk","10":"product_cat-zavodne-nintendo-switch-sk","11":"pa_countries-at","12":"pa_countries-be","13":"pa_countries-bg","14":"pa_countries-cy","15":"pa_countries-cz","17":"pa_countries-de","18":"pa_countries-dk","19":"pa_countries-ee","20":"pa_countries-es","21":"pa_countries-fi","22":"pa_countries-fr","23":"pa_countries-gr","24":"pa_countries-hr","25":"pa_countries-hu","26":"pa_countries-ie","27":"pa_countries-it","28":"pa_countries-lt","29":"pa_countries-lu","30":"pa_countries-lv","31":"pa_countries-mt","32":"pa_countries-nl","33":"pa_countries-pl","34":"pa_countries-pt","35":"pa_countries-ro","36":"pa_countries-se","37":"pa_countries-si","38":"pa_countries-sk","39":"pa_developer-bamtang-games","40":"pa_developer-gamemill-entertainment","42":"pa_franchises-avatar-the-last-airbender","43":"pa_franchises-catdog","45":"pa_franchises-danny-phantom","46":"pa_franchises-hey-arnold","47":"pa_franchises-invader-zim","48":"pa_franchises-nickelodeon","49":"pa_franchises-ren-stimpy","50":"pa_franchises-rockos-modern-life","51":"pa_franchises-rugrats","52":"pa_franchises-spongebob-squarepants","53":"pa_franchises-teenage-mutant-ninja-turtles","54":"pa_franchises-the-loud-house","55":"pa_game_type-main_game","57":"pa_genres-arcade","59":"pa_genres-racing","60":"pa_genres-sport","61":"pa_interface-de-de","62":"pa_interface-en-us","63":"pa_interface-es-es","64":"pa_interface-fr-fr","65":"pa_interface-it-it","66":"pa_interface-ja-jp","67":"pa_interface-ko-kr","68":"pa_interface-nl-nl","70":"pa_interface-th-th","71":"pa_interface-zh-cn","72":"pa_interface-zh-tw","73":"pa_keywords-licensed-game","74":"pa_keywords-multiple-playable-characters","76":"pa_modes-multiplayer","78":"pa_modes-single-player","79":"pa_pegi-943","80":"pa_pegi-13430","81":"pa_platform-nintendo-switch","83":"pa_player_perspectives-third-person","85":"pa_publisher-game-mill-entertainment","87":"pa_publisher-gamemill-entertainment","88":"pa_rating-14467","89":"pa_rating-1028","90":"pa_region-europe","92":"pa_themes-action","93":"pa_themes-kids","96":"first","97":"outofstock","98":"virtual","99":"taxable","100":"purchasable","101":"product-type-simple"},"yoast_head":"<!-- This site is optimized with the Yoast SEO plugin v27.3 - https:\/\/yoast.com\/product\/yoast-seo-wordpress\/ -->\n<title>Nickelodeon Kart Racers 2: Grand Prix | BeGamer.cz<\/title>\n<meta name=\"robots\" content=\"index, follow, max-snippet:-1, max-image-preview:large, max-video-preview:-1\" \/>\n<link rel=\"canonical\" href=\"https:\/\/begamer.cz\/sk\/produkt\/nickelodeon-kart-racers-2-grand-prix-sk\/\" \/>\n<meta property=\"og:locale\" content=\"sk_SK\" \/>\n<meta property=\"og:type\" content=\"article\" \/>\n<meta property=\"og:title\" content=\"Nickelodeon Kart Racers 2: Grand Prix | BeGamer.cz\" \/>\n<meta property=\"og:description\" content=\"Nickelodeon Kart Racers je sp\u00e4\u0165 a my to rozto\u010d\u00edme na pln\u00e9 obr\u00e1tky! V hre Nickelodeon Kart Racers 2: Grand Prix si m\u00f4\u017eete vybra\u0165 z 30 hrate\u013en\u00fdch pretek\u00e1rov a 70 \u010dlenov t\u00edmu a zostavi\u0165 si tak svoj dokonal\u00fd t\u00edm mechanikov.\" \/>\n<meta property=\"og:url\" content=\"https:\/\/begamer.cz\/sk\/produkt\/nickelodeon-kart-racers-2-grand-prix-sk\/\" \/>\n<meta property=\"og:site_name\" content=\"BeGamer.cz\" \/>\n<meta property=\"article:modified_time\" content=\"2026-03-18T07:47:49+00:00\" \/>\n<meta property=\"og:image\" content=\"https:\/\/begamer.cz\/wp-content\/uploads\/2026\/01\/nickelodeon-kart-racers-2-grand-prix-6.webp\" \/>\n\t<meta property=\"og:image:width\" content=\"300\" \/>\n\t<meta property=\"og:image:height\" content=\"400\" \/>\n\t<meta property=\"og:image:type\" content=\"image\/webp\" \/>\n<meta name=\"twitter:card\" content=\"summary_large_image\" \/>\n<meta name=\"twitter:label1\" content=\"Predpokladan\u00fd \u010das \u010d\u00edtania\" \/>\n\t<meta name=\"twitter:data1\" content=\"1 min\u00fata\" \/>\n<script type=\"application\/ld+json\" class=\"yoast-schema-graph\">{\"@context\":\"https:\\\/\\\/schema.org\",\"@graph\":[{\"@type\":\"WebPage\",\"@id\":\"https:\\\/\\\/begamer.cz\\\/sk\\\/produkt\\\/nickelodeon-kart-racers-2-grand-prix-sk\\\/\",\"url\":\"https:\\\/\\\/begamer.cz\\\/sk\\\/produkt\\\/nickelodeon-kart-racers-2-grand-prix-sk\\\/\",\"name\":\"Nickelodeon Kart Racers 2: Grand Prix | BeGamer.cz\",\"isPartOf\":{\"@id\":\"https:\\\/\\\/begamer.cz\\\/sk\\\/#website\"},\"primaryImageOfPage\":{\"@id\":\"https:\\\/\\\/begamer.cz\\\/sk\\\/produkt\\\/nickelodeon-kart-racers-2-grand-prix-sk\\\/#primaryimage\"},\"image\":{\"@id\":\"https:\\\/\\\/begamer.cz\\\/sk\\\/produkt\\\/nickelodeon-kart-racers-2-grand-prix-sk\\\/#primaryimage\"},\"thumbnailUrl\":\"https:\\\/\\\/begamer.cz\\\/wp-content\\\/uploads\\\/2026\\\/01\\\/nickelodeon-kart-racers-2-grand-prix-6.webp\",\"datePublished\":\"2026-01-30T16:24:56+00:00\",\"dateModified\":\"2026-03-18T07:47:49+00:00\",\"breadcrumb\":{\"@id\":\"https:\\\/\\\/begamer.cz\\\/sk\\\/produkt\\\/nickelodeon-kart-racers-2-grand-prix-sk\\\/#breadcrumb\"},\"inLanguage\":\"sk-SK\",\"potentialAction\":[{\"@type\":\"ReadAction\",\"target\":[\"https:\\\/\\\/begamer.cz\\\/sk\\\/produkt\\\/nickelodeon-kart-racers-2-grand-prix-sk\\\/\"]}]},{\"@type\":\"ImageObject\",\"inLanguage\":\"sk-SK\",\"@id\":\"https:\\\/\\\/begamer.cz\\\/sk\\\/produkt\\\/nickelodeon-kart-racers-2-grand-prix-sk\\\/#primaryimage\",\"url\":\"https:\\\/\\\/begamer.cz\\\/wp-content\\\/uploads\\\/2026\\\/01\\\/nickelodeon-kart-racers-2-grand-prix-6.webp\",\"contentUrl\":\"https:\\\/\\\/begamer.cz\\\/wp-content\\\/uploads\\\/2026\\\/01\\\/nickelodeon-kart-racers-2-grand-prix-6.webp\",\"width\":300,\"height\":400},{\"@type\":\"BreadcrumbList\",\"@id\":\"https:\\\/\\\/begamer.cz\\\/sk\\\/produkt\\\/nickelodeon-kart-racers-2-grand-prix-sk\\\/#breadcrumb\",\"itemListElement\":[{\"@type\":\"ListItem\",\"position\":1,\"name\":\"Domov\",\"item\":\"https:\\\/\\\/begamer.cz\\\/sk\\\/\"},{\"@type\":\"ListItem\",\"position\":2,\"name\":\"Obchod\",\"item\":\"https:\\\/\\\/begamer.cz\\\/obchod\\\/\"},{\"@type\":\"ListItem\",\"position\":3,\"name\":\"Nickelodeon Kart Racers 2: Grand Prix\"}]},{\"@type\":\"WebSite\",\"@id\":\"https:\\\/\\\/begamer.cz\\\/sk\\\/#website\",\"url\":\"https:\\\/\\\/begamer.cz\\\/sk\\\/\",\"name\":\"BeGamer.cz\",\"description\":\"\",\"publisher\":{\"@id\":\"https:\\\/\\\/begamer.cz\\\/sk\\\/#organization\"},\"potentialAction\":[{\"@type\":\"SearchAction\",\"target\":{\"@type\":\"EntryPoint\",\"urlTemplate\":\"https:\\\/\\\/begamer.cz\\\/sk\\\/?s={search_term_string}\"},\"query-input\":{\"@type\":\"PropertyValueSpecification\",\"valueRequired\":true,\"valueName\":\"search_term_string\"}}],\"inLanguage\":\"sk-SK\"},{\"@type\":\"Organization\",\"@id\":\"https:\\\/\\\/begamer.cz\\\/sk\\\/#organization\",\"name\":\"BeGamer.cz\",\"url\":\"https:\\\/\\\/begamer.cz\\\/sk\\\/\",\"logo\":{\"@type\":\"ImageObject\",\"inLanguage\":\"sk-SK\",\"@id\":\"https:\\\/\\\/begamer.cz\\\/sk\\\/#\\\/schema\\\/logo\\\/image\\\/\",\"url\":\"https:\\\/\\\/begamer.cz\\\/wp-content\\\/uploads\\\/2025\\\/07\\\/logo.svg\",\"contentUrl\":\"https:\\\/\\\/begamer.cz\\\/wp-content\\\/uploads\\\/2025\\\/07\\\/logo.svg\",\"caption\":\"BeGamer.cz\"},\"image\":{\"@id\":\"https:\\\/\\\/begamer.cz\\\/sk\\\/#\\\/schema\\\/logo\\\/image\\\/\"}}]}<\/script>\n<!-- \/ Yoast SEO plugin. -->","yoast_head_json":{"title":"Nickelodeon Kart Racers 2: Grand Prix | BeGamer.cz","robots":{"index":"index","follow":"follow","max-snippet":"max-snippet:-1","max-image-preview":"max-image-preview:large","max-video-preview":"max-video-preview:-1"},"canonical":"https:\/\/begamer.cz\/sk\/produkt\/nickelodeon-kart-racers-2-grand-prix-sk\/","og_locale":"sk_SK","og_type":"article","og_title":"Nickelodeon Kart Racers 2: Grand Prix | BeGamer.cz","og_description":"Nickelodeon Kart Racers je sp\u00e4\u0165 a my to rozto\u010d\u00edme na pln\u00e9 obr\u00e1tky! V hre Nickelodeon Kart Racers 2: Grand Prix si m\u00f4\u017eete vybra\u0165 z 30 hrate\u013en\u00fdch pretek\u00e1rov a 70 \u010dlenov t\u00edmu a zostavi\u0165 si tak svoj dokonal\u00fd t\u00edm mechanikov.","og_url":"https:\/\/begamer.cz\/sk\/produkt\/nickelodeon-kart-racers-2-grand-prix-sk\/","og_site_name":"BeGamer.cz","article_modified_time":"2026-03-18T07:47:49+00:00","og_image":[{"width":300,"height":400,"url":"https:\/\/begamer.cz\/wp-content\/uploads\/2026\/01\/nickelodeon-kart-racers-2-grand-prix-6.webp","type":"image\/webp"}],"twitter_card":"summary_large_image","twitter_misc":{"Predpokladan\u00fd \u010das \u010d\u00edtania":"1 min\u00fata"},"schema":{"@context":"https:\/\/schema.org","@graph":[{"@type":"WebPage","@id":"https:\/\/begamer.cz\/sk\/produkt\/nickelodeon-kart-racers-2-grand-prix-sk\/","url":"https:\/\/begamer.cz\/sk\/produkt\/nickelodeon-kart-racers-2-grand-prix-sk\/","name":"Nickelodeon Kart Racers 2: Grand Prix | BeGamer.cz","isPartOf":{"@id":"https:\/\/begamer.cz\/sk\/#website"},"primaryImageOfPage":{"@id":"https:\/\/begamer.cz\/sk\/produkt\/nickelodeon-kart-racers-2-grand-prix-sk\/#primaryimage"},"image":{"@id":"https:\/\/begamer.cz\/sk\/produkt\/nickelodeon-kart-racers-2-grand-prix-sk\/#primaryimage"},"thumbnailUrl":"https:\/\/begamer.cz\/wp-content\/uploads\/2026\/01\/nickelodeon-kart-racers-2-grand-prix-6.webp","datePublished":"2026-01-30T16:24:56+00:00","dateModified":"2026-03-18T07:47:49+00:00","breadcrumb":{"@id":"https:\/\/begamer.cz\/sk\/produkt\/nickelodeon-kart-racers-2-grand-prix-sk\/#breadcrumb"},"inLanguage":"sk-SK","potentialAction":[{"@type":"ReadAction","target":["https:\/\/begamer.cz\/sk\/produkt\/nickelodeon-kart-racers-2-grand-prix-sk\/"]}]},{"@type":"ImageObject","inLanguage":"sk-SK","@id":"https:\/\/begamer.cz\/sk\/produkt\/nickelodeon-kart-racers-2-grand-prix-sk\/#primaryimage","url":"https:\/\/begamer.cz\/wp-content\/uploads\/2026\/01\/nickelodeon-kart-racers-2-grand-prix-6.webp","contentUrl":"https:\/\/begamer.cz\/wp-content\/uploads\/2026\/01\/nickelodeon-kart-racers-2-grand-prix-6.webp","width":300,"height":400},{"@type":"BreadcrumbList","@id":"https:\/\/begamer.cz\/sk\/produkt\/nickelodeon-kart-racers-2-grand-prix-sk\/#breadcrumb","itemListElement":[{"@type":"ListItem","position":1,"name":"Domov","item":"https:\/\/begamer.cz\/sk\/"},{"@type":"ListItem","position":2,"name":"Obchod","item":"https:\/\/begamer.cz\/obchod\/"},{"@type":"ListItem","position":3,"name":"Nickelodeon Kart Racers 2: Grand Prix"}]},{"@type":"WebSite","@id":"https:\/\/begamer.cz\/sk\/#website","url":"https:\/\/begamer.cz\/sk\/","name":"BeGamer.cz","description":"","publisher":{"@id":"https:\/\/begamer.cz\/sk\/#organization"},"potentialAction":[{"@type":"SearchAction","target":{"@type":"EntryPoint","urlTemplate":"https:\/\/begamer.cz\/sk\/?s={search_term_string}"},"query-input":{"@type":"PropertyValueSpecification","valueRequired":true,"valueName":"search_term_string"}}],"inLanguage":"sk-SK"},{"@type":"Organization","@id":"https:\/\/begamer.cz\/sk\/#organization","name":"BeGamer.cz","url":"https:\/\/begamer.cz\/sk\/","logo":{"@type":"ImageObject","inLanguage":"sk-SK","@id":"https:\/\/begamer.cz\/sk\/#\/schema\/logo\/image\/","url":"https:\/\/begamer.cz\/wp-content\/uploads\/2025\/07\/logo.svg","contentUrl":"https:\/\/begamer.cz\/wp-content\/uploads\/2025\/07\/logo.svg","caption":"BeGamer.cz"},"image":{"@id":"https:\/\/begamer.cz\/sk\/#\/schema\/logo\/image\/"}}]}},"acf":[],"_links":{"self":[{"href":"https:\/\/begamer.cz\/sk\/wp-json\/wp\/v2\/product\/98606","targetHints":{"allow":["GET"]}}],"collection":[{"href":"https:\/\/begamer.cz\/sk\/wp-json\/wp\/v2\/product"}],"about":[{"href":"https:\/\/begamer.cz\/sk\/wp-json\/wp\/v2\/types\/product"}],"replies":[{"embeddable":true,"href":"https:\/\/begamer.cz\/sk\/wp-json\/wp\/v2\/comments?post=98606"}],"wp:featuredmedia":[{"embeddable":true,"href":"https:\/\/begamer.cz\/sk\/wp-json\/wp\/v2\/media\/71863"}],"wp:attachment":[{"href":"https:\/\/begamer.cz\/sk\/wp-json\/wp\/v2\/media?parent=98606"}],"wp:term":[{"taxonomy":"product_brand","embeddable":true,"href":"https:\/\/begamer.cz\/sk\/wp-json\/wp\/v2\/product_brand?post=98606"},{"taxonomy":"product_cat","embeddable":true,"href":"https:\/\/begamer.cz\/sk\/wp-json\/wp\/v2\/product_cat?post=98606"},{"taxonomy":"product_tag","embeddable":true,"href":"https:\/\/begamer.cz\/sk\/wp-json\/wp\/v2\/product_tag?post=98606"}],"curies":[{"name":"wp","href":"https:\/\/api.w.org\/{rel}","templated":true}]}}