{"id":98591,"date":"2026-01-30T17:24:36","date_gmt":"2026-01-30T16:24:36","guid":{"rendered":"https:\/\/begamer.cz\/produkt\/armored-core-vi-fires-of-rubicon-sk-1769790279\/"},"modified":"2026-03-18T08:46:29","modified_gmt":"2026-03-18T07:46:29","slug":"armored-core-vi-fires-of-rubicon-sk-2","status":"publish","type":"product","link":"https:\/\/begamer.cz\/sk\/produkt\/armored-core-vi-fires-of-rubicon-sk-2\/","title":{"rendered":"Armored Core VI: Fires of Rubicon"},"content":{"rendered":"<h1>O hre<\/h1>\n<p>Hra ARMORED CORE VI FIRES OF RUBICON kombinuje dlhoro\u010dn\u00e9 sk\u00fasenosti spolo\u010dnosti FromSoftware s mechov\u00fdmi hrami a ich charakteristickou ak\u010dnou hrate\u013enos\u0165ou a prin\u00e1\u0161a do s\u00e9rie \u00faplne nov\u00fd ak\u010dn\u00fd z\u00e1\u017eitok.<\/p>\n<p><strong>Dynamick\u00e9 bitky vo v\u0161etk\u00fdch<\/strong><br \/><strong>smeroch<\/strong> Hr\u00e1\u010di bud\u00fa pilotova\u0165 svoje mechy v r\u00fdchlych bitk\u00e1ch vo v\u0161etk\u00fdch smeroch a na dosiahnutie v\u00ed\u0165azstva bud\u00fa vyu\u017e\u00edva\u0165 obrovsk\u00e9 bojov\u00e9 polia a mobilitu svojich mechov na zemi aj vo vzduchu.<\/p>\n<p><strong>Prisp\u00f4soben\u00e9 \u010dasti pre individu\u00e1lne bojov\u00e9 \u0161t\u00fdly<\/strong><br \/>Prisp\u00f4sobte \u010dasti Armored Core tak, aby vyhovovali \u0161irokej \u0161k\u00e1le hern\u00fdch \u0161t\u00fdlov. V\u00fdber r\u00f4znych \u010dast\u00ed nielen men\u00ed \u00fatoky mecha, ale priamo ovplyv\u0148uje aj jeho pohyb a bojov\u00fd \u0161t\u00fdl, tak\u017ee ku ka\u017edej misii je mo\u017en\u00e9 pristupova\u0165 s jedine\u010dnou mechovou strat\u00e9giou.<\/p>\n<p><strong>Vzru\u0161uj\u00face s\u00faboje s<\/strong><br \/><strong>bossmi<\/strong> Vyu\u017eite \u0161irok\u00fa \u0161k\u00e1lu ofenz\u00edvnych a defenz\u00edvnych takt\u00edk na bl\u00edzku aj na dia\u013eku, aby ste porazili mocn\u00fdch nepriate\u013esk\u00fdch bossov.<\/p>\n","protected":false},"excerpt":{"rendered":"<p>Nov\u00e1 ak\u010dn\u00e1 hra zalo\u017een\u00e1 na koncepcii s\u00e9rie ARMORED CORE, ktor\u00e1 vyu\u017e\u00edva poznatky z\u00edskan\u00e9 z ned\u00e1vneho v\u00fdvoja ak\u010dn\u00fdch hier spolo\u010dnosti FromSoftware.<\/p>\n","protected":false},"featured_media":22005,"comment_status":"open","ping_status":"closed","template":"","meta":{"_acf_changed":false},"product_brand":[],"product_cat":[272,268,266,312,9064],"product_tag":[],"class_list":{"0":"post-98591","1":"product","2":"type-product","3":"status-publish","4":"has-post-thumbnail","6":"product_cat-akcni-pc-sk","7":"product_cat-pc-sk","8":"product_cat-pc-hry-sk","9":"product_cat-steam-pc-sk","10":"product_cat-strielacky-3","11":"pa_audio-en-gb","12":"pa_audio-en-us","13":"pa_audio-ja-jp","15":"pa_countries-ad","16":"pa_countries-ae","17":"pa_countries-af","18":"pa_countries-ag","19":"pa_countries-ai","20":"pa_countries-al","21":"pa_countries-am","22":"pa_countries-ao","23":"pa_countries-aq","24":"pa_countries-ar","25":"pa_countries-as","26":"pa_countries-at","27":"pa_countries-au","28":"pa_countries-aw","29":"pa_countries-ax","30":"pa_countries-az","31":"pa_countries-ba","32":"pa_countries-bb","33":"pa_countries-bd","34":"pa_countries-be","35":"pa_countries-bf","36":"pa_countries-bg","37":"pa_countries-bh","38":"pa_countries-bi","39":"pa_countries-bj","40":"pa_countries-bl","41":"pa_countries-bm","42":"pa_countries-bo","43":"pa_countries-bq","44":"pa_countries-br","45":"pa_countries-bs","46":"pa_countries-bt","47":"pa_countries-bv","48":"pa_countries-bw","49":"pa_countries-bz","50":"pa_countries-ca","51":"pa_countries-cc","52":"pa_countries-cd","53":"pa_countries-cf","54":"pa_countries-cg","55":"pa_countries-ch","56":"pa_countries-ci","57":"pa_countries-ck","58":"pa_countries-cl","59":"pa_countries-cm","60":"pa_countries-co","61":"pa_countries-cr","62":"pa_countries-cu","63":"pa_countries-cv","64":"pa_countries-cw","65":"pa_countries-cx","66":"pa_countries-cy","67":"pa_countries-cz","68":"pa_countries-de","69":"pa_countries-dj","70":"pa_countries-dk","71":"pa_countries-dm","72":"pa_countries-do","73":"pa_countries-dz","74":"pa_countries-ec","75":"pa_countries-ee","76":"pa_countries-eg","77":"pa_countries-eh","78":"pa_countries-er","79":"pa_countries-es","80":"pa_countries-et","81":"pa_countries-fi","82":"pa_countries-fj","83":"pa_countries-fk","84":"pa_countries-fm","85":"pa_countries-fo","86":"pa_countries-fr","87":"pa_countries-ga","88":"pa_countries-gb","89":"pa_countries-gd","90":"pa_countries-ge","91":"pa_countries-gf","92":"pa_countries-gg","93":"pa_countries-gh","94":"pa_countries-gi","95":"pa_countries-gl","96":"pa_countries-gm","97":"pa_countries-gn","98":"pa_countries-gp","99":"pa_countries-gq","100":"pa_countries-gr","101":"pa_countries-gs","102":"pa_countries-gt","103":"pa_countries-gu","104":"pa_countries-gw","105":"pa_countries-gy","106":"pa_countries-hm","107":"pa_countries-hn","108":"pa_countries-hr","109":"pa_countries-ht","110":"pa_countries-hu","111":"pa_countries-ie","112":"pa_countries-il","113":"pa_countries-im","114":"pa_countries-in","115":"pa_countries-io","116":"pa_countries-iq","117":"pa_countries-ir","118":"pa_countries-is","119":"pa_countries-it","120":"pa_countries-je","121":"pa_countries-jm","122":"pa_countries-jo","123":"pa_countries-ke","124":"pa_countries-kg","125":"pa_countries-ki","126":"pa_countries-km","127":"pa_countries-kn","128":"pa_countries-kp","129":"pa_countries-kr","130":"pa_countries-kw","131":"pa_countries-ky","132":"pa_countries-kz","133":"pa_countries-lb","134":"pa_countries-lc","135":"pa_countries-li","136":"pa_countries-lk","137":"pa_countries-lr","138":"pa_countries-ls","139":"pa_countries-lt","140":"pa_countries-lu","141":"pa_countries-lv","142":"pa_countries-ly","143":"pa_countries-ma","144":"pa_countries-mc","145":"pa_countries-md","146":"pa_countries-me","147":"pa_countries-mf","148":"pa_countries-mg","149":"pa_countries-mh","150":"pa_countries-mk","151":"pa_countries-ml","152":"pa_countries-mm","153":"pa_countries-mp","154":"pa_countries-mq","155":"pa_countries-mr","156":"pa_countries-ms","157":"pa_countries-mt","158":"pa_countries-mu","159":"pa_countries-mv","160":"pa_countries-mw","161":"pa_countries-mx","162":"pa_countries-mz","163":"pa_countries-na","164":"pa_countries-nc","165":"pa_countries-ne","166":"pa_countries-nf","167":"pa_countries-ng","168":"pa_countries-ni","169":"pa_countries-nl","170":"pa_countries-no","171":"pa_countries-np","172":"pa_countries-nr","173":"pa_countries-nu","174":"pa_countries-nz","175":"pa_countries-om","176":"pa_countries-pa","177":"pa_countries-pe","178":"pa_countries-pf","179":"pa_countries-pg","180":"pa_countries-pk","181":"pa_countries-pl","182":"pa_countries-pm","183":"pa_countries-pn","184":"pa_countries-pr","185":"pa_countries-ps","186":"pa_countries-pt","187":"pa_countries-pw","188":"pa_countries-py","189":"pa_countries-qa","190":"pa_countries-re","191":"pa_countries-ro","192":"pa_countries-rs","193":"pa_countries-rw","194":"pa_countries-sa","195":"pa_countries-sb","196":"pa_countries-sc","197":"pa_countries-sd","198":"pa_countries-se","199":"pa_countries-sh","200":"pa_countries-si","201":"pa_countries-sj","202":"pa_countries-sk","203":"pa_countries-sl","204":"pa_countries-sm","205":"pa_countries-sn","206":"pa_countries-so","207":"pa_countries-sr","208":"pa_countries-ss","210":"pa_countries-st","211":"pa_countries-sv","212":"pa_countries-sx","213":"pa_countries-sy","214":"pa_countries-sz","215":"pa_countries-tc","216":"pa_countries-td","217":"pa_countries-tf","218":"pa_countries-tg","219":"pa_countries-tj","220":"pa_countries-tk","221":"pa_countries-tl","222":"pa_countries-tm","223":"pa_countries-tn","224":"pa_countries-to","225":"pa_countries-tr","226":"pa_countries-tt","227":"pa_countries-tv","228":"pa_countries-tw","229":"pa_countries-tz","230":"pa_countries-ua","231":"pa_countries-ug","232":"pa_countries-um","233":"pa_countries-us","234":"pa_countries-uy","235":"pa_countries-uz","236":"pa_countries-va","237":"pa_countries-vc","238":"pa_countries-vg","239":"pa_countries-vi","240":"pa_countries-vu","241":"pa_countries-wf","242":"pa_countries-ws","243":"pa_countries-xk","244":"pa_countries-ye","245":"pa_countries-yt","246":"pa_countries-za","247":"pa_countries-zm","248":"pa_countries-zw","249":"pa_developer-fromsoftware","251":"pa_game_type-main_game","253":"pa_genres-shooter","255":"pa_interface-de-de","256":"pa_interface-en-gb","257":"pa_interface-en-us","258":"pa_interface-es-es","259":"pa_interface-es-mx","260":"pa_interface-fr-fr","261":"pa_interface-it-it","262":"pa_interface-ja-jp","263":"pa_interface-ko-kr","264":"pa_interface-pl-pl","265":"pa_interface-pt-br","266":"pa_interface-ru-ru","268":"pa_interface-zh-cn","269":"pa_interface-zh-tw","270":"pa_keywords-branching-paths","271":"pa_keywords-character-customization","272":"pa_keywords-color-customization","273":"pa_keywords-futuristic","274":"pa_keywords-mecha","275":"pa_keywords-mercenaries","276":"pa_keywords-mission-based","277":"pa_keywords-mission-briefing","278":"pa_keywords-multiple-endings","279":"pa_keywords-pve","280":"pa_keywords-pvp","282":"pa_keywords-steam-achievements","283":"pa_keywords-steam-cloud","284":"pa_keywords-steam-families","285":"pa_keywords-steam-trading-cards","286":"pa_modes-co-operative","287":"pa_modes-multiplayer","289":"pa_modes-single-player","290":"pa_pegi-927","291":"pa_pegi-13428","292":"pa_platform-pc-steam","294":"pa_player_perspectives-third-person","296":"pa_publisher-bandai-namco-entertainment","297":"pa_publisher-fromsoftware","299":"pa_rating-795","300":"pa_rating-14446","301":"pa_region-global","303":"pa_subtitles-de-de","305":"pa_subtitles-en-gb","306":"pa_subtitles-en-us","307":"pa_subtitles-es-es","308":"pa_subtitles-es-mx","309":"pa_subtitles-fr-fr","310":"pa_subtitles-it-it","311":"pa_subtitles-ja-jp","312":"pa_subtitles-ko-kr","313":"pa_subtitles-pl-pl","314":"pa_subtitles-pt-br","315":"pa_subtitles-ru-ru","316":"pa_subtitles-zh-cn","317":"pa_subtitles-zh-tw","318":"pa_themes-action","319":"pa_themes-science-fiction","322":"first","323":"instock","324":"virtual","325":"taxable","326":"purchasable","327":"product-type-simple"},"yoast_head":"<!-- This site is optimized with the Yoast SEO plugin v27.3 - https:\/\/yoast.com\/product\/yoast-seo-wordpress\/ -->\n<title>Armored Core VI: Fires of Rubicon | BeGamer.cz<\/title>\n<meta name=\"robots\" content=\"index, follow, max-snippet:-1, max-image-preview:large, max-video-preview:-1\" \/>\n<link rel=\"canonical\" href=\"https:\/\/begamer.cz\/sk\/produkt\/armored-core-vi-fires-of-rubicon-sk-2\/\" \/>\n<meta property=\"og:locale\" content=\"sk_SK\" \/>\n<meta property=\"og:type\" content=\"article\" \/>\n<meta property=\"og:title\" content=\"Armored Core VI: Fires of Rubicon | BeGamer.cz\" \/>\n<meta property=\"og:description\" content=\"Nov\u00e1 ak\u010dn\u00e1 hra zalo\u017een\u00e1 na koncepcii s\u00e9rie ARMORED CORE, ktor\u00e1 vyu\u017e\u00edva poznatky z\u00edskan\u00e9 z ned\u00e1vneho v\u00fdvoja ak\u010dn\u00fdch hier spolo\u010dnosti FromSoftware.\" \/>\n<meta property=\"og:url\" content=\"https:\/\/begamer.cz\/sk\/produkt\/armored-core-vi-fires-of-rubicon-sk-2\/\" \/>\n<meta property=\"og:site_name\" content=\"BeGamer.cz\" \/>\n<meta property=\"article:modified_time\" content=\"2026-03-18T07:46:29+00:00\" \/>\n<meta property=\"og:image\" content=\"https:\/\/begamer.cz\/wp-content\/uploads\/2026\/01\/armored-core-vi-fires-of-rubicon-20.webp\" \/>\n\t<meta property=\"og:image:width\" content=\"300\" \/>\n\t<meta property=\"og:image:height\" content=\"400\" \/>\n\t<meta property=\"og:image:type\" content=\"image\/webp\" \/>\n<meta name=\"twitter:card\" content=\"summary_large_image\" \/>\n<meta name=\"twitter:label1\" content=\"Predpokladan\u00fd \u010das \u010d\u00edtania\" \/>\n\t<meta name=\"twitter:data1\" content=\"1 min\u00fata\" \/>\n<script type=\"application\/ld+json\" class=\"yoast-schema-graph\">{\"@context\":\"https:\\\/\\\/schema.org\",\"@graph\":[{\"@type\":\"WebPage\",\"@id\":\"https:\\\/\\\/begamer.cz\\\/sk\\\/produkt\\\/armored-core-vi-fires-of-rubicon-sk-2\\\/\",\"url\":\"https:\\\/\\\/begamer.cz\\\/sk\\\/produkt\\\/armored-core-vi-fires-of-rubicon-sk-2\\\/\",\"name\":\"Armored Core VI: Fires of Rubicon | BeGamer.cz\",\"isPartOf\":{\"@id\":\"https:\\\/\\\/begamer.cz\\\/sk\\\/#website\"},\"primaryImageOfPage\":{\"@id\":\"https:\\\/\\\/begamer.cz\\\/sk\\\/produkt\\\/armored-core-vi-fires-of-rubicon-sk-2\\\/#primaryimage\"},\"image\":{\"@id\":\"https:\\\/\\\/begamer.cz\\\/sk\\\/produkt\\\/armored-core-vi-fires-of-rubicon-sk-2\\\/#primaryimage\"},\"thumbnailUrl\":\"https:\\\/\\\/begamer.cz\\\/wp-content\\\/uploads\\\/2026\\\/01\\\/armored-core-vi-fires-of-rubicon-20.webp\",\"datePublished\":\"2026-01-30T16:24:36+00:00\",\"dateModified\":\"2026-03-18T07:46:29+00:00\",\"breadcrumb\":{\"@id\":\"https:\\\/\\\/begamer.cz\\\/sk\\\/produkt\\\/armored-core-vi-fires-of-rubicon-sk-2\\\/#breadcrumb\"},\"inLanguage\":\"sk-SK\",\"potentialAction\":[{\"@type\":\"ReadAction\",\"target\":[\"https:\\\/\\\/begamer.cz\\\/sk\\\/produkt\\\/armored-core-vi-fires-of-rubicon-sk-2\\\/\"]}]},{\"@type\":\"ImageObject\",\"inLanguage\":\"sk-SK\",\"@id\":\"https:\\\/\\\/begamer.cz\\\/sk\\\/produkt\\\/armored-core-vi-fires-of-rubicon-sk-2\\\/#primaryimage\",\"url\":\"https:\\\/\\\/begamer.cz\\\/wp-content\\\/uploads\\\/2026\\\/01\\\/armored-core-vi-fires-of-rubicon-20.webp\",\"contentUrl\":\"https:\\\/\\\/begamer.cz\\\/wp-content\\\/uploads\\\/2026\\\/01\\\/armored-core-vi-fires-of-rubicon-20.webp\",\"width\":300,\"height\":400},{\"@type\":\"BreadcrumbList\",\"@id\":\"https:\\\/\\\/begamer.cz\\\/sk\\\/produkt\\\/armored-core-vi-fires-of-rubicon-sk-2\\\/#breadcrumb\",\"itemListElement\":[{\"@type\":\"ListItem\",\"position\":1,\"name\":\"Domov\",\"item\":\"https:\\\/\\\/begamer.cz\\\/sk\\\/\"},{\"@type\":\"ListItem\",\"position\":2,\"name\":\"Obchod\",\"item\":\"https:\\\/\\\/begamer.cz\\\/obchod\\\/\"},{\"@type\":\"ListItem\",\"position\":3,\"name\":\"Armored Core VI: Fires of Rubicon\"}]},{\"@type\":\"WebSite\",\"@id\":\"https:\\\/\\\/begamer.cz\\\/sk\\\/#website\",\"url\":\"https:\\\/\\\/begamer.cz\\\/sk\\\/\",\"name\":\"BeGamer.cz\",\"description\":\"\",\"publisher\":{\"@id\":\"https:\\\/\\\/begamer.cz\\\/sk\\\/#organization\"},\"potentialAction\":[{\"@type\":\"SearchAction\",\"target\":{\"@type\":\"EntryPoint\",\"urlTemplate\":\"https:\\\/\\\/begamer.cz\\\/sk\\\/?s={search_term_string}\"},\"query-input\":{\"@type\":\"PropertyValueSpecification\",\"valueRequired\":true,\"valueName\":\"search_term_string\"}}],\"inLanguage\":\"sk-SK\"},{\"@type\":\"Organization\",\"@id\":\"https:\\\/\\\/begamer.cz\\\/sk\\\/#organization\",\"name\":\"BeGamer.cz\",\"url\":\"https:\\\/\\\/begamer.cz\\\/sk\\\/\",\"logo\":{\"@type\":\"ImageObject\",\"inLanguage\":\"sk-SK\",\"@id\":\"https:\\\/\\\/begamer.cz\\\/sk\\\/#\\\/schema\\\/logo\\\/image\\\/\",\"url\":\"https:\\\/\\\/begamer.cz\\\/wp-content\\\/uploads\\\/2025\\\/07\\\/logo.svg\",\"contentUrl\":\"https:\\\/\\\/begamer.cz\\\/wp-content\\\/uploads\\\/2025\\\/07\\\/logo.svg\",\"caption\":\"BeGamer.cz\"},\"image\":{\"@id\":\"https:\\\/\\\/begamer.cz\\\/sk\\\/#\\\/schema\\\/logo\\\/image\\\/\"}}]}<\/script>\n<!-- \/ Yoast SEO plugin. -->","yoast_head_json":{"title":"Armored Core VI: Fires of Rubicon | BeGamer.cz","robots":{"index":"index","follow":"follow","max-snippet":"max-snippet:-1","max-image-preview":"max-image-preview:large","max-video-preview":"max-video-preview:-1"},"canonical":"https:\/\/begamer.cz\/sk\/produkt\/armored-core-vi-fires-of-rubicon-sk-2\/","og_locale":"sk_SK","og_type":"article","og_title":"Armored Core VI: Fires of Rubicon | BeGamer.cz","og_description":"Nov\u00e1 ak\u010dn\u00e1 hra zalo\u017een\u00e1 na koncepcii s\u00e9rie ARMORED CORE, ktor\u00e1 vyu\u017e\u00edva poznatky z\u00edskan\u00e9 z ned\u00e1vneho v\u00fdvoja ak\u010dn\u00fdch hier spolo\u010dnosti FromSoftware.","og_url":"https:\/\/begamer.cz\/sk\/produkt\/armored-core-vi-fires-of-rubicon-sk-2\/","og_site_name":"BeGamer.cz","article_modified_time":"2026-03-18T07:46:29+00:00","og_image":[{"width":300,"height":400,"url":"https:\/\/begamer.cz\/wp-content\/uploads\/2026\/01\/armored-core-vi-fires-of-rubicon-20.webp","type":"image\/webp"}],"twitter_card":"summary_large_image","twitter_misc":{"Predpokladan\u00fd \u010das \u010d\u00edtania":"1 min\u00fata"},"schema":{"@context":"https:\/\/schema.org","@graph":[{"@type":"WebPage","@id":"https:\/\/begamer.cz\/sk\/produkt\/armored-core-vi-fires-of-rubicon-sk-2\/","url":"https:\/\/begamer.cz\/sk\/produkt\/armored-core-vi-fires-of-rubicon-sk-2\/","name":"Armored Core VI: Fires of Rubicon | BeGamer.cz","isPartOf":{"@id":"https:\/\/begamer.cz\/sk\/#website"},"primaryImageOfPage":{"@id":"https:\/\/begamer.cz\/sk\/produkt\/armored-core-vi-fires-of-rubicon-sk-2\/#primaryimage"},"image":{"@id":"https:\/\/begamer.cz\/sk\/produkt\/armored-core-vi-fires-of-rubicon-sk-2\/#primaryimage"},"thumbnailUrl":"https:\/\/begamer.cz\/wp-content\/uploads\/2026\/01\/armored-core-vi-fires-of-rubicon-20.webp","datePublished":"2026-01-30T16:24:36+00:00","dateModified":"2026-03-18T07:46:29+00:00","breadcrumb":{"@id":"https:\/\/begamer.cz\/sk\/produkt\/armored-core-vi-fires-of-rubicon-sk-2\/#breadcrumb"},"inLanguage":"sk-SK","potentialAction":[{"@type":"ReadAction","target":["https:\/\/begamer.cz\/sk\/produkt\/armored-core-vi-fires-of-rubicon-sk-2\/"]}]},{"@type":"ImageObject","inLanguage":"sk-SK","@id":"https:\/\/begamer.cz\/sk\/produkt\/armored-core-vi-fires-of-rubicon-sk-2\/#primaryimage","url":"https:\/\/begamer.cz\/wp-content\/uploads\/2026\/01\/armored-core-vi-fires-of-rubicon-20.webp","contentUrl":"https:\/\/begamer.cz\/wp-content\/uploads\/2026\/01\/armored-core-vi-fires-of-rubicon-20.webp","width":300,"height":400},{"@type":"BreadcrumbList","@id":"https:\/\/begamer.cz\/sk\/produkt\/armored-core-vi-fires-of-rubicon-sk-2\/#breadcrumb","itemListElement":[{"@type":"ListItem","position":1,"name":"Domov","item":"https:\/\/begamer.cz\/sk\/"},{"@type":"ListItem","position":2,"name":"Obchod","item":"https:\/\/begamer.cz\/obchod\/"},{"@type":"ListItem","position":3,"name":"Armored Core VI: Fires of Rubicon"}]},{"@type":"WebSite","@id":"https:\/\/begamer.cz\/sk\/#website","url":"https:\/\/begamer.cz\/sk\/","name":"BeGamer.cz","description":"","publisher":{"@id":"https:\/\/begamer.cz\/sk\/#organization"},"potentialAction":[{"@type":"SearchAction","target":{"@type":"EntryPoint","urlTemplate":"https:\/\/begamer.cz\/sk\/?s={search_term_string}"},"query-input":{"@type":"PropertyValueSpecification","valueRequired":true,"valueName":"search_term_string"}}],"inLanguage":"sk-SK"},{"@type":"Organization","@id":"https:\/\/begamer.cz\/sk\/#organization","name":"BeGamer.cz","url":"https:\/\/begamer.cz\/sk\/","logo":{"@type":"ImageObject","inLanguage":"sk-SK","@id":"https:\/\/begamer.cz\/sk\/#\/schema\/logo\/image\/","url":"https:\/\/begamer.cz\/wp-content\/uploads\/2025\/07\/logo.svg","contentUrl":"https:\/\/begamer.cz\/wp-content\/uploads\/2025\/07\/logo.svg","caption":"BeGamer.cz"},"image":{"@id":"https:\/\/begamer.cz\/sk\/#\/schema\/logo\/image\/"}}]}},"acf":[],"_links":{"self":[{"href":"https:\/\/begamer.cz\/sk\/wp-json\/wp\/v2\/product\/98591","targetHints":{"allow":["GET"]}}],"collection":[{"href":"https:\/\/begamer.cz\/sk\/wp-json\/wp\/v2\/product"}],"about":[{"href":"https:\/\/begamer.cz\/sk\/wp-json\/wp\/v2\/types\/product"}],"replies":[{"embeddable":true,"href":"https:\/\/begamer.cz\/sk\/wp-json\/wp\/v2\/comments?post=98591"}],"wp:featuredmedia":[{"embeddable":true,"href":"https:\/\/begamer.cz\/sk\/wp-json\/wp\/v2\/media\/22005"}],"wp:attachment":[{"href":"https:\/\/begamer.cz\/sk\/wp-json\/wp\/v2\/media?parent=98591"}],"wp:term":[{"taxonomy":"product_brand","embeddable":true,"href":"https:\/\/begamer.cz\/sk\/wp-json\/wp\/v2\/product_brand?post=98591"},{"taxonomy":"product_cat","embeddable":true,"href":"https:\/\/begamer.cz\/sk\/wp-json\/wp\/v2\/product_cat?post=98591"},{"taxonomy":"product_tag","embeddable":true,"href":"https:\/\/begamer.cz\/sk\/wp-json\/wp\/v2\/product_tag?post=98591"}],"curies":[{"name":"wp","href":"https:\/\/api.w.org\/{rel}","templated":true}]}}