{"id":98555,"date":"2026-01-30T17:23:54","date_gmt":"2026-01-30T16:23:54","guid":{"rendered":"https:\/\/begamer.cz\/produkt\/classified-france-44-overlord-edition-sk\/"},"modified":"2026-03-18T08:42:40","modified_gmt":"2026-03-18T07:42:40","slug":"classified-france-44-overlord-edition-sk","status":"publish","type":"product","link":"https:\/\/begamer.cz\/sk\/produkt\/classified-france-44-overlord-edition-sk\/","title":{"rendered":"Classified: France \u201944: Overlord Edition"},"content":{"rendered":"<p>V tejto ambici\u00f3znej \u0165ahovej taktickej hre vel\u00edte elitn\u00e9mu t\u00edmu spojeneck\u00fdch \u0161peci\u00e1lnych oper\u00e1torov v nacistami okupovanej Franc\u00fazsku, ktor\u00ed v obdob\u00ed pred D-Day sp\u00f4sobuj\u00fa chaos. Postavte sa proti sile nemeckej vojenskej ma\u0161in\u00e9rie a podniknite odv\u00e1\u017ene n\u00e1jazdy na okupovan\u00e9 \u00fazemie. Dok\u00e1\u017eete urobi\u0165 dos\u0165 na to, aby ste zabezpe\u010dili v\u00ed\u0165azstvo Spojencov?<\/p>\n","protected":false},"excerpt":{"rendered":"<p>Classified: France &#x27;44: Overlord Edition je taktick\u00e1 strategick\u00e1 hra z obdobia 2. svetovej vojny zameran\u00e1 na inv\u00e1ziu v Normandii. Vezmite spojeneck\u00e9 sily cez intenz\u00edvne misie, spravujte zdroje a prisp\u00f4sobte sa dynamick\u00fdm bojov\u00fdm podmienkam. Za\u017eite autentick\u00e9 boje a historick\u00e9 scen\u00e1re v tejto pohlcuj\u00facej digit\u00e1lnej hre.<\/p>\n","protected":false},"featured_media":71542,"comment_status":"open","ping_status":"closed","template":"","meta":{"_acf_changed":false},"product_brand":[],"product_cat":[272,268,266,312,318],"product_tag":[],"class_list":{"0":"post-98555","1":"product","2":"type-product","3":"status-publish","4":"has-post-thumbnail","6":"product_cat-akcni-pc-sk","7":"product_cat-pc-sk","8":"product_cat-pc-hry-sk","9":"product_cat-steam-pc-sk","10":"product_cat-strategie-pc-hry-sk","11":"pa_audio-en-gb","13":"pa_audio-en-us","15":"pa_countries-ag","16":"pa_countries-at","17":"pa_countries-aw","18":"pa_countries-bb","19":"pa_countries-be","20":"pa_countries-bg","21":"pa_countries-bm","22":"pa_countries-bs","23":"pa_countries-bz","24":"pa_countries-ca","25":"pa_countries-cr","26":"pa_countries-cu","27":"pa_countries-cw","28":"pa_countries-cy","29":"pa_countries-cz","30":"pa_countries-de","31":"pa_countries-dk","32":"pa_countries-dm","33":"pa_countries-do","34":"pa_countries-ee","35":"pa_countries-es","36":"pa_countries-fi","37":"pa_countries-fr","38":"pa_countries-gd","39":"pa_countries-gp","40":"pa_countries-gr","41":"pa_countries-gt","42":"pa_countries-hn","43":"pa_countries-hr","44":"pa_countries-ht","45":"pa_countries-hu","46":"pa_countries-ie","47":"pa_countries-it","48":"pa_countries-jm","49":"pa_countries-ky","50":"pa_countries-lc","51":"pa_countries-lt","52":"pa_countries-lu","53":"pa_countries-lv","54":"pa_countries-mq","55":"pa_countries-mt","56":"pa_countries-mx","57":"pa_countries-ni","58":"pa_countries-nl","59":"pa_countries-pa","60":"pa_countries-pl","61":"pa_countries-pr","62":"pa_countries-pt","63":"pa_countries-ro","64":"pa_countries-se","65":"pa_countries-si","66":"pa_countries-sk","67":"pa_countries-sv","68":"pa_countries-tt","69":"pa_countries-us","70":"pa_countries-vc","72":"pa_countries-vi","74":"pa_game_type-main_game","76":"pa_interface-de-de","77":"pa_interface-en-gb","78":"pa_interface-en-us","79":"pa_interface-es-es","80":"pa_interface-fr-fr","81":"pa_interface-it-it","82":"pa_interface-ja-jp","84":"pa_interface-pl-pl","85":"pa_interface-pt-br","87":"pa_interface-zh-cn","88":"pa_interface-zh-tw","89":"pa_modes-single-player","91":"pa_pegi-13432","92":"pa_pegi-956","93":"pa_platform-pc-steam","95":"pa_rating-14441","96":"pa_rating-773","97":"pa_region-europe","99":"pa_subtitles-de-de","101":"pa_subtitles-en-gb","102":"pa_subtitles-en-us","103":"pa_subtitles-es-es","104":"pa_subtitles-fr-fr","105":"pa_subtitles-it-it","106":"pa_subtitles-ja-jp","107":"pa_subtitles-pl-pl","108":"pa_subtitles-pt-br","110":"pa_subtitles-zh-cn","111":"pa_subtitles-zh-tw","113":"first","114":"instock","115":"virtual","116":"taxable","117":"purchasable","118":"product-type-simple"},"yoast_head":"<!-- This site is optimized with the Yoast SEO plugin v27.3 - https:\/\/yoast.com\/product\/yoast-seo-wordpress\/ -->\n<title>Classified: France &#039;44: Overlord Edition | BeGamer.cz<\/title>\n<meta name=\"robots\" content=\"index, follow, max-snippet:-1, max-image-preview:large, max-video-preview:-1\" \/>\n<link rel=\"canonical\" href=\"https:\/\/begamer.cz\/sk\/produkt\/classified-france-44-overlord-edition-sk\/\" \/>\n<meta property=\"og:locale\" content=\"sk_SK\" \/>\n<meta property=\"og:type\" content=\"article\" \/>\n<meta property=\"og:title\" content=\"Classified: France &#039;44: Overlord Edition | BeGamer.cz\" \/>\n<meta property=\"og:description\" content=\"Classified: France &#x27;44: Overlord Edition je taktick\u00e1 strategick\u00e1 hra z obdobia 2. svetovej vojny zameran\u00e1 na inv\u00e1ziu v Normandii. Vezmite spojeneck\u00e9 sily cez intenz\u00edvne misie, spravujte zdroje a prisp\u00f4sobte sa dynamick\u00fdm bojov\u00fdm podmienkam. Za\u017eite autentick\u00e9 boje a historick\u00e9 scen\u00e1re v tejto pohlcuj\u00facej digit\u00e1lnej hre.\" \/>\n<meta property=\"og:url\" content=\"https:\/\/begamer.cz\/sk\/produkt\/classified-france-44-overlord-edition-sk\/\" \/>\n<meta property=\"og:site_name\" content=\"BeGamer.cz\" \/>\n<meta property=\"article:modified_time\" content=\"2026-03-18T07:42:40+00:00\" \/>\n<meta property=\"og:image\" content=\"https:\/\/begamer.cz\/wp-content\/uploads\/2026\/01\/classified-france-44-overlord-edition-9.webp\" \/>\n\t<meta property=\"og:image:width\" content=\"300\" \/>\n\t<meta property=\"og:image:height\" content=\"400\" \/>\n\t<meta property=\"og:image:type\" content=\"image\/webp\" \/>\n<meta name=\"twitter:card\" content=\"summary_large_image\" \/>\n<script type=\"application\/ld+json\" class=\"yoast-schema-graph\">{\"@context\":\"https:\\\/\\\/schema.org\",\"@graph\":[{\"@type\":\"WebPage\",\"@id\":\"https:\\\/\\\/begamer.cz\\\/sk\\\/produkt\\\/classified-france-44-overlord-edition-sk\\\/\",\"url\":\"https:\\\/\\\/begamer.cz\\\/sk\\\/produkt\\\/classified-france-44-overlord-edition-sk\\\/\",\"name\":\"Classified: France '44: Overlord Edition | BeGamer.cz\",\"isPartOf\":{\"@id\":\"https:\\\/\\\/begamer.cz\\\/sk\\\/#website\"},\"primaryImageOfPage\":{\"@id\":\"https:\\\/\\\/begamer.cz\\\/sk\\\/produkt\\\/classified-france-44-overlord-edition-sk\\\/#primaryimage\"},\"image\":{\"@id\":\"https:\\\/\\\/begamer.cz\\\/sk\\\/produkt\\\/classified-france-44-overlord-edition-sk\\\/#primaryimage\"},\"thumbnailUrl\":\"https:\\\/\\\/begamer.cz\\\/wp-content\\\/uploads\\\/2026\\\/01\\\/classified-france-44-overlord-edition-9.webp\",\"datePublished\":\"2026-01-30T16:23:54+00:00\",\"dateModified\":\"2026-03-18T07:42:40+00:00\",\"breadcrumb\":{\"@id\":\"https:\\\/\\\/begamer.cz\\\/sk\\\/produkt\\\/classified-france-44-overlord-edition-sk\\\/#breadcrumb\"},\"inLanguage\":\"sk-SK\",\"potentialAction\":[{\"@type\":\"ReadAction\",\"target\":[\"https:\\\/\\\/begamer.cz\\\/sk\\\/produkt\\\/classified-france-44-overlord-edition-sk\\\/\"]}]},{\"@type\":\"ImageObject\",\"inLanguage\":\"sk-SK\",\"@id\":\"https:\\\/\\\/begamer.cz\\\/sk\\\/produkt\\\/classified-france-44-overlord-edition-sk\\\/#primaryimage\",\"url\":\"https:\\\/\\\/begamer.cz\\\/wp-content\\\/uploads\\\/2026\\\/01\\\/classified-france-44-overlord-edition-9.webp\",\"contentUrl\":\"https:\\\/\\\/begamer.cz\\\/wp-content\\\/uploads\\\/2026\\\/01\\\/classified-france-44-overlord-edition-9.webp\",\"width\":300,\"height\":400},{\"@type\":\"BreadcrumbList\",\"@id\":\"https:\\\/\\\/begamer.cz\\\/sk\\\/produkt\\\/classified-france-44-overlord-edition-sk\\\/#breadcrumb\",\"itemListElement\":[{\"@type\":\"ListItem\",\"position\":1,\"name\":\"Domov\",\"item\":\"https:\\\/\\\/begamer.cz\\\/sk\\\/\"},{\"@type\":\"ListItem\",\"position\":2,\"name\":\"Obchod\",\"item\":\"https:\\\/\\\/begamer.cz\\\/obchod\\\/\"},{\"@type\":\"ListItem\",\"position\":3,\"name\":\"Classified: France &#8217;44: Overlord Edition\"}]},{\"@type\":\"WebSite\",\"@id\":\"https:\\\/\\\/begamer.cz\\\/sk\\\/#website\",\"url\":\"https:\\\/\\\/begamer.cz\\\/sk\\\/\",\"name\":\"BeGamer.cz\",\"description\":\"\",\"publisher\":{\"@id\":\"https:\\\/\\\/begamer.cz\\\/sk\\\/#organization\"},\"potentialAction\":[{\"@type\":\"SearchAction\",\"target\":{\"@type\":\"EntryPoint\",\"urlTemplate\":\"https:\\\/\\\/begamer.cz\\\/sk\\\/?s={search_term_string}\"},\"query-input\":{\"@type\":\"PropertyValueSpecification\",\"valueRequired\":true,\"valueName\":\"search_term_string\"}}],\"inLanguage\":\"sk-SK\"},{\"@type\":\"Organization\",\"@id\":\"https:\\\/\\\/begamer.cz\\\/sk\\\/#organization\",\"name\":\"BeGamer.cz\",\"url\":\"https:\\\/\\\/begamer.cz\\\/sk\\\/\",\"logo\":{\"@type\":\"ImageObject\",\"inLanguage\":\"sk-SK\",\"@id\":\"https:\\\/\\\/begamer.cz\\\/sk\\\/#\\\/schema\\\/logo\\\/image\\\/\",\"url\":\"https:\\\/\\\/begamer.cz\\\/wp-content\\\/uploads\\\/2025\\\/07\\\/logo.svg\",\"contentUrl\":\"https:\\\/\\\/begamer.cz\\\/wp-content\\\/uploads\\\/2025\\\/07\\\/logo.svg\",\"caption\":\"BeGamer.cz\"},\"image\":{\"@id\":\"https:\\\/\\\/begamer.cz\\\/sk\\\/#\\\/schema\\\/logo\\\/image\\\/\"}}]}<\/script>\n<!-- \/ Yoast SEO plugin. -->","yoast_head_json":{"title":"Classified: France '44: Overlord Edition | BeGamer.cz","robots":{"index":"index","follow":"follow","max-snippet":"max-snippet:-1","max-image-preview":"max-image-preview:large","max-video-preview":"max-video-preview:-1"},"canonical":"https:\/\/begamer.cz\/sk\/produkt\/classified-france-44-overlord-edition-sk\/","og_locale":"sk_SK","og_type":"article","og_title":"Classified: France '44: Overlord Edition | BeGamer.cz","og_description":"Classified: France &#x27;44: Overlord Edition je taktick\u00e1 strategick\u00e1 hra z obdobia 2. svetovej vojny zameran\u00e1 na inv\u00e1ziu v Normandii. Vezmite spojeneck\u00e9 sily cez intenz\u00edvne misie, spravujte zdroje a prisp\u00f4sobte sa dynamick\u00fdm bojov\u00fdm podmienkam. Za\u017eite autentick\u00e9 boje a historick\u00e9 scen\u00e1re v tejto pohlcuj\u00facej digit\u00e1lnej hre.","og_url":"https:\/\/begamer.cz\/sk\/produkt\/classified-france-44-overlord-edition-sk\/","og_site_name":"BeGamer.cz","article_modified_time":"2026-03-18T07:42:40+00:00","og_image":[{"width":300,"height":400,"url":"https:\/\/begamer.cz\/wp-content\/uploads\/2026\/01\/classified-france-44-overlord-edition-9.webp","type":"image\/webp"}],"twitter_card":"summary_large_image","schema":{"@context":"https:\/\/schema.org","@graph":[{"@type":"WebPage","@id":"https:\/\/begamer.cz\/sk\/produkt\/classified-france-44-overlord-edition-sk\/","url":"https:\/\/begamer.cz\/sk\/produkt\/classified-france-44-overlord-edition-sk\/","name":"Classified: France '44: Overlord Edition | BeGamer.cz","isPartOf":{"@id":"https:\/\/begamer.cz\/sk\/#website"},"primaryImageOfPage":{"@id":"https:\/\/begamer.cz\/sk\/produkt\/classified-france-44-overlord-edition-sk\/#primaryimage"},"image":{"@id":"https:\/\/begamer.cz\/sk\/produkt\/classified-france-44-overlord-edition-sk\/#primaryimage"},"thumbnailUrl":"https:\/\/begamer.cz\/wp-content\/uploads\/2026\/01\/classified-france-44-overlord-edition-9.webp","datePublished":"2026-01-30T16:23:54+00:00","dateModified":"2026-03-18T07:42:40+00:00","breadcrumb":{"@id":"https:\/\/begamer.cz\/sk\/produkt\/classified-france-44-overlord-edition-sk\/#breadcrumb"},"inLanguage":"sk-SK","potentialAction":[{"@type":"ReadAction","target":["https:\/\/begamer.cz\/sk\/produkt\/classified-france-44-overlord-edition-sk\/"]}]},{"@type":"ImageObject","inLanguage":"sk-SK","@id":"https:\/\/begamer.cz\/sk\/produkt\/classified-france-44-overlord-edition-sk\/#primaryimage","url":"https:\/\/begamer.cz\/wp-content\/uploads\/2026\/01\/classified-france-44-overlord-edition-9.webp","contentUrl":"https:\/\/begamer.cz\/wp-content\/uploads\/2026\/01\/classified-france-44-overlord-edition-9.webp","width":300,"height":400},{"@type":"BreadcrumbList","@id":"https:\/\/begamer.cz\/sk\/produkt\/classified-france-44-overlord-edition-sk\/#breadcrumb","itemListElement":[{"@type":"ListItem","position":1,"name":"Domov","item":"https:\/\/begamer.cz\/sk\/"},{"@type":"ListItem","position":2,"name":"Obchod","item":"https:\/\/begamer.cz\/obchod\/"},{"@type":"ListItem","position":3,"name":"Classified: France &#8217;44: Overlord Edition"}]},{"@type":"WebSite","@id":"https:\/\/begamer.cz\/sk\/#website","url":"https:\/\/begamer.cz\/sk\/","name":"BeGamer.cz","description":"","publisher":{"@id":"https:\/\/begamer.cz\/sk\/#organization"},"potentialAction":[{"@type":"SearchAction","target":{"@type":"EntryPoint","urlTemplate":"https:\/\/begamer.cz\/sk\/?s={search_term_string}"},"query-input":{"@type":"PropertyValueSpecification","valueRequired":true,"valueName":"search_term_string"}}],"inLanguage":"sk-SK"},{"@type":"Organization","@id":"https:\/\/begamer.cz\/sk\/#organization","name":"BeGamer.cz","url":"https:\/\/begamer.cz\/sk\/","logo":{"@type":"ImageObject","inLanguage":"sk-SK","@id":"https:\/\/begamer.cz\/sk\/#\/schema\/logo\/image\/","url":"https:\/\/begamer.cz\/wp-content\/uploads\/2025\/07\/logo.svg","contentUrl":"https:\/\/begamer.cz\/wp-content\/uploads\/2025\/07\/logo.svg","caption":"BeGamer.cz"},"image":{"@id":"https:\/\/begamer.cz\/sk\/#\/schema\/logo\/image\/"}}]}},"acf":[],"_links":{"self":[{"href":"https:\/\/begamer.cz\/sk\/wp-json\/wp\/v2\/product\/98555","targetHints":{"allow":["GET"]}}],"collection":[{"href":"https:\/\/begamer.cz\/sk\/wp-json\/wp\/v2\/product"}],"about":[{"href":"https:\/\/begamer.cz\/sk\/wp-json\/wp\/v2\/types\/product"}],"replies":[{"embeddable":true,"href":"https:\/\/begamer.cz\/sk\/wp-json\/wp\/v2\/comments?post=98555"}],"wp:featuredmedia":[{"embeddable":true,"href":"https:\/\/begamer.cz\/sk\/wp-json\/wp\/v2\/media\/71542"}],"wp:attachment":[{"href":"https:\/\/begamer.cz\/sk\/wp-json\/wp\/v2\/media?parent=98555"}],"wp:term":[{"taxonomy":"product_brand","embeddable":true,"href":"https:\/\/begamer.cz\/sk\/wp-json\/wp\/v2\/product_brand?post=98555"},{"taxonomy":"product_cat","embeddable":true,"href":"https:\/\/begamer.cz\/sk\/wp-json\/wp\/v2\/product_cat?post=98555"},{"taxonomy":"product_tag","embeddable":true,"href":"https:\/\/begamer.cz\/sk\/wp-json\/wp\/v2\/product_tag?post=98555"}],"curies":[{"name":"wp","href":"https:\/\/api.w.org\/{rel}","templated":true}]}}