{"id":98543,"date":"2026-01-30T17:23:34","date_gmt":"2026-01-30T16:23:34","guid":{"rendered":"https:\/\/begamer.cz\/produkt\/balatro-sk\/"},"modified":"2026-03-18T08:41:39","modified_gmt":"2026-03-18T07:41:39","slug":"balatro-sk","status":"publish","type":"product","link":"https:\/\/begamer.cz\/sk\/produkt\/balatro-sk\/","title":{"rendered":"Balatro"},"content":{"rendered":"<p class=\"bb_paragraph\" ><strong>Balatro je roguelike deck builder in\u0161pirovan\u00fd pokerom, v ktorom ide o vytv\u00e1ranie siln\u00fdch synergi\u00ed a ve\u013ek\u00e9 v\u00fdhry.<\/strong><\/p>\n<p class=\"bb_paragraph\" >\n<p class=\"bb_paragraph\" >\n<p class=\"bb_paragraph\" ><span class=\"bb_img_ctn\"><video class=\"bb_img\" autoplay muted loop playsinline crossorigin=\"anonymous\" poster=\"https:\/\/shared.akamai.steamstatic.com\/store_item_assets\/steam\/apps\/2379780\/extras\/d5b3b51f8b55febc8dd08a443d126907.poster.avif?t=1760008054\" width=780 height=190 ><source src=\"https:\/\/shared.akamai.steamstatic.com\/store_item_assets\/steam\/apps\/2379780\/extras\/d5b3b51f8b55febc8dd08a443d126907.webm?t=1760008054\" type=\"video\/webm; codecs=vp9\"><\/video><\/span><\/p>\n<p class=\"bb_paragraph\" >Kombinujte platn\u00e9 pokerov\u00e9 kombin\u00e1cie s unik\u00e1tnymi \u017eol\u00edkov\u00fdmi kartami, aby ste vytvorili r\u00f4znorod\u00e9 synergie a kombin\u00e1cie. Z\u00edskajte dostatok \u017eet\u00f3nov, aby ste porazili z\u00e1kern\u00e9 blindy, a z\u00e1rove\u0148 odha\u013eujte skryt\u00e9 bonusov\u00e9 kombin\u00e1cie a bal\u00ed\u010dky kariet, ako postupujete v hre. Budete potrebova\u0165 ka\u017ed\u00fa v\u00fdhodu, ktor\u00fa m\u00f4\u017eete z\u00edska\u0165, aby ste dosiahli boss blind, porazili fin\u00e1lny ante a zabezpe\u010dili si v\u00ed\u0165azstvo.<\/p>\n<p class=\"bb_paragraph\" ><span class=\"bb_img_ctn\"><video class=\"bb_img\" autoplay muted loop playsinline crossorigin=\"anonymous\" poster=\"https:\/\/shared.akamai.steamstatic.com\/store_item_assets\/steam\/apps\/2379780\/extras\/5f6a6f99b54a68f6c070208eb4fc816f.poster.avif?t=1760008054\" width=780 height=240 ><source src=\"https:\/\/shared.akamai.steamstatic.com\/store_item_assets\/steam\/apps\/2379780\/extras\/5f6a6f99b54a68f6c070208eb4fc816f.webm?t=1760008054\" type=\"video\/webm; codecs=vp9\"><\/video><\/span><\/p>\n<ul class=\"bb_ul\">\n<li>\n<p class=\"bb_paragraph\" >Definit\u00edvny pokerov\u00fd roguelike z\u00e1\u017eitok.<\/p>\n<\/li>\n<li>\n<p class=\"bb_paragraph\" >Nekone\u010dn\u00e9 mo\u017enosti \u2013 ka\u017ed\u00fd v\u00fdber, odhodenie a \u017eol\u00edk m\u00f4\u017ee dramaticky zmeni\u0165 priebeh va\u0161ej hry.<\/p>\n<\/li>\n<li>\n<p class=\"bb_paragraph\" >Podrobn\u00fd kampa\u0148ov\u00fd re\u017eim s 8 \u00farov\u0148ami obtia\u017enosti, ako aj v\u00fdzvami a predur\u010den\u00fdmi hrami. <\/p>\n<\/li>\n<\/ul>\n<p class=\"bb_paragraph\" >\n<p class=\"bb_paragraph\" >\n<p class=\"bb_paragraph\" >\n<p class=\"bb_paragraph\" >\n<p class=\"bb_paragraph\" ><span class=\"bb_img_ctn\"><video class=\"bb_img\" autoplay muted loop playsinline crossorigin=\"anonymous\" poster=\"https:\/\/shared.akamai.steamstatic.com\/store_item_assets\/steam\/apps\/2379780\/extras\/3709bdd6d508e2351303497ef0677f0d.poster.avif?t=1760008054\" width=780 height=190 ><source src=\"https:\/\/shared.akamai.steamstatic.com\/store_item_assets\/steam\/apps\/2379780\/extras\/3709bdd6d508e2351303497ef0677f0d.webm?t=1760008054\" type=\"video\/webm; codecs=vp9\"><\/video><\/span><\/p>\n<p class=\"bb_paragraph\" >Obratne vyu\u017e\u00edvajte rad \u00fa\u010dinn\u00fdch n\u00e1strojov: r\u00f4zne bal\u00ed\u010dky, \u017eol\u00edky, tarotov\u00e9 karty, planet\u00e1rne karty, spektr\u00e1lne karty a pouk\u00e1\u017eky. Pou\u017eite tieto univerz\u00e1lne n\u00e1stroje na rozbehnutie kombo \u0161ialenstva a turbo nabitie va\u0161ich pokerov\u00fdch kariet, \u010d\u00edm vytvor\u00edte elektrizuj\u00face synergie pln\u00e9 adrenal\u00ednu.<\/p>\n<p class=\"bb_paragraph\" ><span class=\"bb_img_ctn\"><video class=\"bb_img\" autoplay muted loop playsinline crossorigin=\"anonymous\" poster=\"https:\/\/shared.akamai.steamstatic.com\/store_item_assets\/steam\/apps\/2379780\/extras\/065599625dbc7a1712d0ea315940df38.poster.avif?t=1760008054\" width=780 height=316 ><source src=\"https:\/\/shared.akamai.steamstatic.com\/store_item_assets\/steam\/apps\/2379780\/extras\/065599625dbc7a1712d0ea315940df38.webm?t=1760008054\" type=\"video\/webm; codecs=vp9\"><\/video><\/span><\/p>\n<ul class=\"bb_ul\">\n<li>\n<p class=\"bb_paragraph\" >150 \u017eol\u00edkov, ka\u017ed\u00fd s vlastn\u00fdmi jedine\u010dn\u00fdmi schopnos\u0165ami<\/p>\n<\/li>\n<li>\n<p class=\"bb_paragraph\" >15 bal\u00ed\u010dkov s r\u00f4znymi modifik\u00e1tormi, z ktor\u00fdch si m\u00f4\u017eete vybra\u0165 pre ka\u017ed\u00fd beh<\/p>\n<\/li>\n<li>\n<p class=\"bb_paragraph\" >5 potenci\u00e1lnych variantov ka\u017ed\u00e9ho \u017eol\u00edka, ktor\u00e9 prid\u00e1vaj\u00fa \u010fal\u0161ie schopnosti<\/p>\n<\/li>\n<li>\n<p class=\"bb_paragraph\" >22 variantov tarotov\u00fdch kariet, ktor\u00e9 m\u00f4\u017eu vylep\u0161i\u0165 va\u0161e be\u017en\u00e9 hracie karty<\/p>\n<\/li>\n<li>\n<p class=\"bb_paragraph\" >11 kariet plan\u00e9t, ktor\u00e9 v\u00e1m pom\u00f4\u017eu vylep\u0161i\u0165 va\u0161e mo\u017en\u00e9 pokerov\u00e9 ruky<\/p>\n<\/li>\n<li>\n<p class=\"bb_paragraph\" >32 poukazov\u00fdch kariet, ktor\u00e9 v\u00e1m pom\u00f4\u017eu poskytn\u00fa\u0165 trval\u00e9 vylep\u0161enia pre va\u0161e aktu\u00e1lne kolo<\/p>\n<\/li>\n<\/ul>\n<p class=\"bb_paragraph\" >\n<p class=\"bb_paragraph\" >\n<p class=\"bb_paragraph\" >\n<p class=\"bb_paragraph\" >\n<p class=\"bb_paragraph\" ><span class=\"bb_img_ctn\"><video class=\"bb_img\" autoplay muted loop playsinline crossorigin=\"anonymous\" poster=\"https:\/\/shared.akamai.steamstatic.com\/store_item_assets\/steam\/apps\/2379780\/extras\/d01e8b80fbdc100d195fce0f5f27b63b.poster.avif?t=1760008054\" width=780 height=190 ><source src=\"https:\/\/shared.akamai.steamstatic.com\/store_item_assets\/steam\/apps\/2379780\/extras\/d01e8b80fbdc100d195fce0f5f27b63b.webm?t=1760008054\" type=\"video\/webm; codecs=vp9\"><\/video><\/span><\/p>\n<p class=\"bb_paragraph\" >Ponorte sa do jedine\u010dn\u00e9ho psychedelick\u00e9ho sveta Balatro. Nechajte sa un\u00e1\u0161a\u0165 synthwave soundtrackom \u2013  uvo\u013enite sa, uniknite z ka\u017edodenn\u00e9ho koloto\u010da a pripravte sa vst\u00fapi\u0165 do ultim\u00e1tneho roguelike flow stavu.<\/p>\n<p class=\"bb_paragraph\" >\n<ul class=\"bb_ul\">\n<li>\n<p class=\"bb_paragraph\" >Vylep\u0161ujte svoju zbierku a objavujte nov\u00e9 karty a tajomstv\u00e1 s ka\u017ed\u00fdm jednotliv\u00fdm behom.<\/p>\n<\/li>\n<li>\n<p class=\"bb_paragraph\" >Vyu\u017eite podrobn\u00fa obrazovku \u0161tatist\u00edk na \u0161t\u00fadium svojich najlep\u0161\u00edch kombin\u00e1ci\u00ed, najpou\u017e\u00edvanej\u0161\u00edch \u017eol\u00edkov a \u010fal\u0161\u00edch inform\u00e1ci\u00ed!<\/p>\n<\/li>\n<li>\n<p class=\"bb_paragraph\" >Ponorte sa do CRT fuzz a vychutnajte si detailn\u00e9, ru\u010dne vytvoren\u00e9 pixelov\u00e9 umenie.<\/p>\n<\/li>\n<\/ul>\n<p class=\"bb_paragraph\" >\n<p class=\"bb_paragraph\" ><span class=\"bb_img_ctn\"><video class=\"bb_img\" autoplay muted loop playsinline crossorigin=\"anonymous\" poster=\"https:\/\/shared.akamai.steamstatic.com\/store_item_assets\/steam\/apps\/2379780\/extras\/3bf854ed6d6623c9940b8281d4c115e0.poster.avif?t=1760008054\" width=780 height=240 ><source src=\"https:\/\/shared.akamai.steamstatic.com\/store_item_assets\/steam\/apps\/2379780\/extras\/3bf854ed6d6623c9940b8281d4c115e0.webm?t=1760008054\" type=\"video\/webm; codecs=vp9\"><\/video><\/span><\/p>\n","protected":false},"excerpt":{"rendered":"<p>Pokerov\u00e1 roguelike hra. Balatro je hypnoticky uspokojuj\u00faca deckbuilder hra, v ktorej hr\u00e1te neleg\u00e1lne pokerov\u00e9 ruky, objavujete jokerov, ktor\u00ed menia hru, a sp\u00fa\u0161\u0165ate adrenal\u00ednov\u00e9, \u0161okuj\u00face kombo.<\/p>\n","protected":false},"featured_media":27826,"comment_status":"open","ping_status":"closed","template":"","meta":{"_acf_changed":false},"product_brand":[],"product_cat":[290,9052,268,266,312,318],"product_tag":[],"class_list":{"0":"post-98543","1":"product","2":"type-product","3":"status-publish","4":"has-post-thumbnail","6":"product_cat-indie-hry-pc-sk","7":"product_cat-kartove-a-doskove-hry-3","8":"product_cat-pc-sk","9":"product_cat-pc-hry-sk","10":"product_cat-steam-pc-sk","11":"product_cat-strategie-pc-hry-sk","12":"pa_countries-ad","13":"pa_countries-af","14":"pa_countries-ag","15":"pa_countries-ai","16":"pa_countries-al","17":"pa_countries-ao","18":"pa_countries-aq","19":"pa_countries-as","20":"pa_countries-at","21":"pa_countries-au","22":"pa_countries-ax","23":"pa_countries-ba","24":"pa_countries-be","25":"pa_countries-bf","26":"pa_countries-bg","27":"pa_countries-bi","28":"pa_countries-bj","29":"pa_countries-bl","30":"pa_countries-bq","31":"pa_countries-bt","32":"pa_countries-bv","33":"pa_countries-bw","34":"pa_countries-ca","35":"pa_countries-cc","36":"pa_countries-cd","37":"pa_countries-cf","38":"pa_countries-cg","39":"pa_countries-ch","40":"pa_countries-ci","41":"pa_countries-ck","42":"pa_countries-cm","43":"pa_countries-cu","44":"pa_countries-cv","45":"pa_countries-cw","46":"pa_countries-cx","47":"pa_countries-cz","48":"pa_countries-de","49":"pa_countries-dj","50":"pa_countries-dk","51":"pa_countries-dm","52":"pa_countries-dz","53":"pa_countries-ee","54":"pa_countries-eh","55":"pa_countries-er","56":"pa_countries-es","57":"pa_countries-et","58":"pa_countries-fi","59":"pa_countries-fj","60":"pa_countries-fk","61":"pa_countries-fm","62":"pa_countries-fo","63":"pa_countries-fr","64":"pa_countries-ga","65":"pa_countries-gb","66":"pa_countries-gf","67":"pa_countries-gg","68":"pa_countries-gh","69":"pa_countries-gi","70":"pa_countries-gl","71":"pa_countries-gm","72":"pa_countries-gn","73":"pa_countries-gp","74":"pa_countries-gq","75":"pa_countries-gr","76":"pa_countries-gs","77":"pa_countries-gu","78":"pa_countries-gw","79":"pa_countries-gy","80":"pa_countries-hm","81":"pa_countries-hr","82":"pa_countries-hu","83":"pa_countries-ie","84":"pa_countries-im","85":"pa_countries-io","86":"pa_countries-ir","87":"pa_countries-is","88":"pa_countries-it","89":"pa_countries-je","90":"pa_countries-jo","91":"pa_countries-ke","92":"pa_countries-ki","93":"pa_countries-km","94":"pa_countries-kp","95":"pa_countries-la","96":"pa_countries-li","97":"pa_countries-lk","98":"pa_countries-lr","99":"pa_countries-ls","100":"pa_countries-lt","101":"pa_countries-lu","102":"pa_countries-lv","103":"pa_countries-ly","104":"pa_countries-ma","105":"pa_countries-mc","106":"pa_countries-md","107":"pa_countries-me","108":"pa_countries-mf","109":"pa_countries-mg","110":"pa_countries-mh","111":"pa_countries-mk","112":"pa_countries-ml","113":"pa_countries-mn","114":"pa_countries-mo","115":"pa_countries-mp","116":"pa_countries-mq","117":"pa_countries-mr","118":"pa_countries-ms","119":"pa_countries-mt","120":"pa_countries-mu","121":"pa_countries-mv","122":"pa_countries-mw","123":"pa_countries-mz","124":"pa_countries-na","125":"pa_countries-nc","126":"pa_countries-ne","127":"pa_countries-nf","128":"pa_countries-ng","129":"pa_countries-nl","130":"pa_countries-no","131":"pa_countries-nr","132":"pa_countries-nu","133":"pa_countries-nz","134":"pa_countries-pf","135":"pa_countries-pg","136":"pa_countries-pl","137":"pa_countries-pm","138":"pa_countries-pn","139":"pa_countries-pt","140":"pa_countries-pw","141":"pa_countries-re","142":"pa_countries-ro","143":"pa_countries-rs","144":"pa_countries-rw","145":"pa_countries-sb","146":"pa_countries-sc","147":"pa_countries-sd","148":"pa_countries-se","149":"pa_countries-sh","150":"pa_countries-si","151":"pa_countries-sj","152":"pa_countries-sk","153":"pa_countries-sl","154":"pa_countries-sm","155":"pa_countries-sn","156":"pa_countries-so","157":"pa_countries-sr","158":"pa_countries-ss","160":"pa_countries-st","161":"pa_countries-sx","162":"pa_countries-sy","163":"pa_countries-sz","164":"pa_countries-tc","165":"pa_countries-td","166":"pa_countries-tf","167":"pa_countries-tg","168":"pa_countries-tj","169":"pa_countries-tk","170":"pa_countries-tl","171":"pa_countries-tm","172":"pa_countries-tn","173":"pa_countries-to","174":"pa_countries-tv","175":"pa_countries-tz","176":"pa_countries-ug","177":"pa_countries-um","178":"pa_countries-us","179":"pa_countries-va","180":"pa_countries-ve","181":"pa_countries-vg","182":"pa_countries-vu","183":"pa_countries-wf","184":"pa_countries-ws","185":"pa_countries-yt","186":"pa_countries-zm","187":"pa_countries-zw","188":"pa_developer-localthunk","190":"pa_engine-love","192":"pa_game_type-main_game","194":"pa_genres-card-board-game","195":"pa_genres-indie","196":"pa_genres-strategy","197":"pa_genres-turn-based-strategy-tbs","199":"pa_interface-de-de","200":"pa_interface-en-us","201":"pa_interface-es-es","202":"pa_interface-es-mx","203":"pa_interface-fr-fr","204":"pa_interface-it-it","205":"pa_interface-ja-jp","206":"pa_interface-ko-kr","207":"pa_interface-nl-nl","209":"pa_interface-pl-pl","210":"pa_interface-pt-br","211":"pa_interface-zh-cn","212":"pa_interface-zh-tw","213":"pa_keywords-available-on-apple-arcade","214":"pa_keywords-collecting-card-game-ccg","215":"pa_keywords-poker","216":"pa_keywords-roguelike","218":"pa_keywords-the-game-awards-best-debut-indie-game-winner","219":"pa_keywords-the-game-awards-best-game-direction-nominee","220":"pa_keywords-the-game-awards-best-independent-game-winner","221":"pa_keywords-the-game-awards-best-mobile-game-winner","222":"pa_keywords-the-game-awards-game-of-the-year-nominee","223":"pa_modes-single-player","225":"pa_pegi-927","226":"pa_pegi-13428","227":"pa_platform-pc-steam","229":"pa_player_perspectives-bird-view-isometric","231":"pa_publisher-playstack","233":"pa_rating-2563","234":"pa_rating-14599","235":"pa_region-row","237":"pa_subtitles-de-de","238":"pa_subtitles-en-us","239":"pa_subtitles-es-es","240":"pa_subtitles-es-mx","241":"pa_subtitles-fr-fr","242":"pa_subtitles-it-it","243":"pa_subtitles-ja-jp","244":"pa_subtitles-nl-nl","246":"pa_subtitles-pl-pl","247":"pa_subtitles-pt-br","248":"pa_subtitles-zh-cn","249":"pa_subtitles-zh-tw","251":"first","252":"instock","253":"virtual","254":"taxable","255":"purchasable","256":"product-type-simple"},"yoast_head":"<!-- This site is optimized with the Yoast SEO plugin v27.3 - https:\/\/yoast.com\/product\/yoast-seo-wordpress\/ -->\n<title>Balatro | BeGamer.cz<\/title>\n<meta name=\"robots\" content=\"index, follow, max-snippet:-1, max-image-preview:large, max-video-preview:-1\" \/>\n<link rel=\"canonical\" href=\"https:\/\/begamer.cz\/sk\/produkt\/balatro-sk\/\" \/>\n<meta property=\"og:locale\" content=\"sk_SK\" \/>\n<meta property=\"og:type\" content=\"article\" \/>\n<meta property=\"og:title\" content=\"Balatro | BeGamer.cz\" \/>\n<meta property=\"og:description\" content=\"Pokerov\u00e1 roguelike hra. Balatro je hypnoticky uspokojuj\u00faca deckbuilder hra, v ktorej hr\u00e1te neleg\u00e1lne pokerov\u00e9 ruky, objavujete jokerov, ktor\u00ed menia hru, a sp\u00fa\u0161\u0165ate adrenal\u00ednov\u00e9, \u0161okuj\u00face kombo.\" \/>\n<meta property=\"og:url\" content=\"https:\/\/begamer.cz\/sk\/produkt\/balatro-sk\/\" \/>\n<meta property=\"og:site_name\" content=\"BeGamer.cz\" \/>\n<meta property=\"article:modified_time\" content=\"2026-03-18T07:41:39+00:00\" \/>\n<meta property=\"og:image\" content=\"https:\/\/begamer.cz\/wp-content\/uploads\/2026\/01\/balatro-10.webp\" \/>\n\t<meta property=\"og:image:width\" content=\"300\" \/>\n\t<meta property=\"og:image:height\" content=\"400\" \/>\n\t<meta property=\"og:image:type\" content=\"image\/webp\" \/>\n<meta name=\"twitter:card\" content=\"summary_large_image\" \/>\n<meta name=\"twitter:label1\" content=\"Predpokladan\u00fd \u010das \u010d\u00edtania\" \/>\n\t<meta name=\"twitter:data1\" content=\"2 min\u00faty\" \/>\n<script type=\"application\/ld+json\" class=\"yoast-schema-graph\">{\"@context\":\"https:\\\/\\\/schema.org\",\"@graph\":[{\"@type\":\"WebPage\",\"@id\":\"https:\\\/\\\/begamer.cz\\\/sk\\\/produkt\\\/balatro-sk\\\/\",\"url\":\"https:\\\/\\\/begamer.cz\\\/sk\\\/produkt\\\/balatro-sk\\\/\",\"name\":\"Balatro | BeGamer.cz\",\"isPartOf\":{\"@id\":\"https:\\\/\\\/begamer.cz\\\/sk\\\/#website\"},\"primaryImageOfPage\":{\"@id\":\"https:\\\/\\\/begamer.cz\\\/sk\\\/produkt\\\/balatro-sk\\\/#primaryimage\"},\"image\":{\"@id\":\"https:\\\/\\\/begamer.cz\\\/sk\\\/produkt\\\/balatro-sk\\\/#primaryimage\"},\"thumbnailUrl\":\"https:\\\/\\\/begamer.cz\\\/wp-content\\\/uploads\\\/2026\\\/01\\\/balatro-10.webp\",\"datePublished\":\"2026-01-30T16:23:34+00:00\",\"dateModified\":\"2026-03-18T07:41:39+00:00\",\"breadcrumb\":{\"@id\":\"https:\\\/\\\/begamer.cz\\\/sk\\\/produkt\\\/balatro-sk\\\/#breadcrumb\"},\"inLanguage\":\"sk-SK\",\"potentialAction\":[{\"@type\":\"ReadAction\",\"target\":[\"https:\\\/\\\/begamer.cz\\\/sk\\\/produkt\\\/balatro-sk\\\/\"]}]},{\"@type\":\"ImageObject\",\"inLanguage\":\"sk-SK\",\"@id\":\"https:\\\/\\\/begamer.cz\\\/sk\\\/produkt\\\/balatro-sk\\\/#primaryimage\",\"url\":\"https:\\\/\\\/begamer.cz\\\/wp-content\\\/uploads\\\/2026\\\/01\\\/balatro-10.webp\",\"contentUrl\":\"https:\\\/\\\/begamer.cz\\\/wp-content\\\/uploads\\\/2026\\\/01\\\/balatro-10.webp\",\"width\":300,\"height\":400},{\"@type\":\"BreadcrumbList\",\"@id\":\"https:\\\/\\\/begamer.cz\\\/sk\\\/produkt\\\/balatro-sk\\\/#breadcrumb\",\"itemListElement\":[{\"@type\":\"ListItem\",\"position\":1,\"name\":\"Domov\",\"item\":\"https:\\\/\\\/begamer.cz\\\/sk\\\/\"},{\"@type\":\"ListItem\",\"position\":2,\"name\":\"Obchod\",\"item\":\"https:\\\/\\\/begamer.cz\\\/obchod\\\/\"},{\"@type\":\"ListItem\",\"position\":3,\"name\":\"Balatro\"}]},{\"@type\":\"WebSite\",\"@id\":\"https:\\\/\\\/begamer.cz\\\/sk\\\/#website\",\"url\":\"https:\\\/\\\/begamer.cz\\\/sk\\\/\",\"name\":\"BeGamer.cz\",\"description\":\"\",\"publisher\":{\"@id\":\"https:\\\/\\\/begamer.cz\\\/sk\\\/#organization\"},\"potentialAction\":[{\"@type\":\"SearchAction\",\"target\":{\"@type\":\"EntryPoint\",\"urlTemplate\":\"https:\\\/\\\/begamer.cz\\\/sk\\\/?s={search_term_string}\"},\"query-input\":{\"@type\":\"PropertyValueSpecification\",\"valueRequired\":true,\"valueName\":\"search_term_string\"}}],\"inLanguage\":\"sk-SK\"},{\"@type\":\"Organization\",\"@id\":\"https:\\\/\\\/begamer.cz\\\/sk\\\/#organization\",\"name\":\"BeGamer.cz\",\"url\":\"https:\\\/\\\/begamer.cz\\\/sk\\\/\",\"logo\":{\"@type\":\"ImageObject\",\"inLanguage\":\"sk-SK\",\"@id\":\"https:\\\/\\\/begamer.cz\\\/sk\\\/#\\\/schema\\\/logo\\\/image\\\/\",\"url\":\"https:\\\/\\\/begamer.cz\\\/wp-content\\\/uploads\\\/2025\\\/07\\\/logo.svg\",\"contentUrl\":\"https:\\\/\\\/begamer.cz\\\/wp-content\\\/uploads\\\/2025\\\/07\\\/logo.svg\",\"caption\":\"BeGamer.cz\"},\"image\":{\"@id\":\"https:\\\/\\\/begamer.cz\\\/sk\\\/#\\\/schema\\\/logo\\\/image\\\/\"}}]}<\/script>\n<!-- \/ Yoast SEO plugin. -->","yoast_head_json":{"title":"Balatro | BeGamer.cz","robots":{"index":"index","follow":"follow","max-snippet":"max-snippet:-1","max-image-preview":"max-image-preview:large","max-video-preview":"max-video-preview:-1"},"canonical":"https:\/\/begamer.cz\/sk\/produkt\/balatro-sk\/","og_locale":"sk_SK","og_type":"article","og_title":"Balatro | BeGamer.cz","og_description":"Pokerov\u00e1 roguelike hra. Balatro je hypnoticky uspokojuj\u00faca deckbuilder hra, v ktorej hr\u00e1te neleg\u00e1lne pokerov\u00e9 ruky, objavujete jokerov, ktor\u00ed menia hru, a sp\u00fa\u0161\u0165ate adrenal\u00ednov\u00e9, \u0161okuj\u00face kombo.","og_url":"https:\/\/begamer.cz\/sk\/produkt\/balatro-sk\/","og_site_name":"BeGamer.cz","article_modified_time":"2026-03-18T07:41:39+00:00","og_image":[{"width":300,"height":400,"url":"https:\/\/begamer.cz\/wp-content\/uploads\/2026\/01\/balatro-10.webp","type":"image\/webp"}],"twitter_card":"summary_large_image","twitter_misc":{"Predpokladan\u00fd \u010das \u010d\u00edtania":"2 min\u00faty"},"schema":{"@context":"https:\/\/schema.org","@graph":[{"@type":"WebPage","@id":"https:\/\/begamer.cz\/sk\/produkt\/balatro-sk\/","url":"https:\/\/begamer.cz\/sk\/produkt\/balatro-sk\/","name":"Balatro | BeGamer.cz","isPartOf":{"@id":"https:\/\/begamer.cz\/sk\/#website"},"primaryImageOfPage":{"@id":"https:\/\/begamer.cz\/sk\/produkt\/balatro-sk\/#primaryimage"},"image":{"@id":"https:\/\/begamer.cz\/sk\/produkt\/balatro-sk\/#primaryimage"},"thumbnailUrl":"https:\/\/begamer.cz\/wp-content\/uploads\/2026\/01\/balatro-10.webp","datePublished":"2026-01-30T16:23:34+00:00","dateModified":"2026-03-18T07:41:39+00:00","breadcrumb":{"@id":"https:\/\/begamer.cz\/sk\/produkt\/balatro-sk\/#breadcrumb"},"inLanguage":"sk-SK","potentialAction":[{"@type":"ReadAction","target":["https:\/\/begamer.cz\/sk\/produkt\/balatro-sk\/"]}]},{"@type":"ImageObject","inLanguage":"sk-SK","@id":"https:\/\/begamer.cz\/sk\/produkt\/balatro-sk\/#primaryimage","url":"https:\/\/begamer.cz\/wp-content\/uploads\/2026\/01\/balatro-10.webp","contentUrl":"https:\/\/begamer.cz\/wp-content\/uploads\/2026\/01\/balatro-10.webp","width":300,"height":400},{"@type":"BreadcrumbList","@id":"https:\/\/begamer.cz\/sk\/produkt\/balatro-sk\/#breadcrumb","itemListElement":[{"@type":"ListItem","position":1,"name":"Domov","item":"https:\/\/begamer.cz\/sk\/"},{"@type":"ListItem","position":2,"name":"Obchod","item":"https:\/\/begamer.cz\/obchod\/"},{"@type":"ListItem","position":3,"name":"Balatro"}]},{"@type":"WebSite","@id":"https:\/\/begamer.cz\/sk\/#website","url":"https:\/\/begamer.cz\/sk\/","name":"BeGamer.cz","description":"","publisher":{"@id":"https:\/\/begamer.cz\/sk\/#organization"},"potentialAction":[{"@type":"SearchAction","target":{"@type":"EntryPoint","urlTemplate":"https:\/\/begamer.cz\/sk\/?s={search_term_string}"},"query-input":{"@type":"PropertyValueSpecification","valueRequired":true,"valueName":"search_term_string"}}],"inLanguage":"sk-SK"},{"@type":"Organization","@id":"https:\/\/begamer.cz\/sk\/#organization","name":"BeGamer.cz","url":"https:\/\/begamer.cz\/sk\/","logo":{"@type":"ImageObject","inLanguage":"sk-SK","@id":"https:\/\/begamer.cz\/sk\/#\/schema\/logo\/image\/","url":"https:\/\/begamer.cz\/wp-content\/uploads\/2025\/07\/logo.svg","contentUrl":"https:\/\/begamer.cz\/wp-content\/uploads\/2025\/07\/logo.svg","caption":"BeGamer.cz"},"image":{"@id":"https:\/\/begamer.cz\/sk\/#\/schema\/logo\/image\/"}}]}},"acf":[],"_links":{"self":[{"href":"https:\/\/begamer.cz\/sk\/wp-json\/wp\/v2\/product\/98543","targetHints":{"allow":["GET"]}}],"collection":[{"href":"https:\/\/begamer.cz\/sk\/wp-json\/wp\/v2\/product"}],"about":[{"href":"https:\/\/begamer.cz\/sk\/wp-json\/wp\/v2\/types\/product"}],"replies":[{"embeddable":true,"href":"https:\/\/begamer.cz\/sk\/wp-json\/wp\/v2\/comments?post=98543"}],"wp:featuredmedia":[{"embeddable":true,"href":"https:\/\/begamer.cz\/sk\/wp-json\/wp\/v2\/media\/27826"}],"wp:attachment":[{"href":"https:\/\/begamer.cz\/sk\/wp-json\/wp\/v2\/media?parent=98543"}],"wp:term":[{"taxonomy":"product_brand","embeddable":true,"href":"https:\/\/begamer.cz\/sk\/wp-json\/wp\/v2\/product_brand?post=98543"},{"taxonomy":"product_cat","embeddable":true,"href":"https:\/\/begamer.cz\/sk\/wp-json\/wp\/v2\/product_cat?post=98543"},{"taxonomy":"product_tag","embeddable":true,"href":"https:\/\/begamer.cz\/sk\/wp-json\/wp\/v2\/product_tag?post=98543"}],"curies":[{"name":"wp","href":"https:\/\/api.w.org\/{rel}","templated":true}]}}