{"id":98510,"date":"2026-01-30T17:22:44","date_gmt":"2026-01-30T16:22:44","guid":{"rendered":"https:\/\/begamer.cz\/produkt\/elden-ring-shadow-of-the-erdtree-premium-bundle-sk\/"},"modified":"2026-03-18T08:39:04","modified_gmt":"2026-03-18T07:39:04","slug":"elden-ring-shadow-of-the-erdtree-premium-bundle-sk","status":"publish","type":"product","link":"https:\/\/begamer.cz\/sk\/produkt\/elden-ring-shadow-of-the-erdtree-premium-bundle-sk\/","title":{"rendered":"Elden Ring: Shadow of the Erdtree \u2013 Premium Bundle"},"content":{"rendered":"<p><span class=\"bb_img_ctn\"><video class=\"bb_img\" autoplay muted loop playsinline poster=\"https:\/\/shared.akamai.steamstatic.com\/store_item_assets\/steam\/apps\/2778590\/extras\/99ad2de07ce04eff4bd0cf8626ce70b0.poster.avif?t=1720714093\" width=616 height=346 ><source src=\"https:\/\/shared.akamai.steamstatic.com\/store_item_assets\/steam\/apps\/2778590\/extras\/99ad2de07ce04eff4bd0cf8626ce70b0.webm?t=1720714093\" type=\"video\/webm; codecs=vp9\"><source src=\"https:\/\/shared.akamai.steamstatic.com\/store_item_assets\/steam\/apps\/2778590\/extras\/99ad2de07ce04eff4bd0cf8626ce70b0.mp4?t=1720714093\" type=\"video\/mp4\"><\/video><\/span><br \/>Bal\u00edk Premium obsahuje nasleduj\u00faci obsah:<br \/>\u2022 Roz\u0161\u00edrenie ELDEN RING Shadow of the Erdtree\u2022 Digit\u00e1lna kniha umenia ELDEN RING Shadow of the Erdtree a<br \/>origin\u00e1lny soundtrack<\/p>\n<p><span class=\"bb_img_ctn\"><img decoding=\"async\" class=\"bb_img\" src=\"https:\/\/shared.akamai.steamstatic.com\/store_item_assets\/steam\/apps\/2778590\/extras\/dab98dbd5d1ce67dc1eba25b09403da9.avif?t=1720714093\" width=616 height=346 \/><\/span><br \/><strong>Shadow of the Erdtree<\/strong> je roz\u0161\u00edrenie hry <strong>ELDEN RING<\/strong>, <strong>hry roka 2022<\/strong>.<br \/>Temn\u00e1 a intenz\u00edvna hra <strong>Shadow of the Erdtree<\/strong> umo\u017e\u0148uje hr\u00e1\u010dom pokra\u010dova\u0165 v ich \u00falohe s vo\u013enos\u0165ou presk\u00fama\u0165 a za\u017ei\u0165 dobrodru\u017estvo vlastn\u00fdm tempom.<\/p>\n<h2 class=\"bb_tag\" >\u2022 Nov\u00e9 pohlcuj\u00face oblasti pln\u00e9 tajomstiev<\/h2>\n<p><span class=\"bb_img_ctn\"><img decoding=\"async\" class=\"bb_img\" src=\"https:\/\/shared.akamai.steamstatic.com\/store_item_assets\/steam\/apps\/2778590\/extras\/ea6725bb459ffe0fde415e5b0adaa17b.avif?t=1720714093\" width=616 height=346 \/><\/span><br \/>R\u00ed\u0161a tie\u0148ov bola od svojho vzniku oddelen\u00e1 od Lands Between. Teraz, v snahe n\u00e1js\u0165 Miquellu, s\u00fa Tarnished medzi prv\u00fdmi du\u0161ami, ktor\u00e9 sem vst\u00fapili v nezn\u00e1mych vekoch. Prejdite nov\u00e9 otvoren\u00e9 oblasti, aby ste sa dostali do hust\u00fdch nov\u00fdch dungeonov pln\u00fdch nebezpe\u010denstiev a neobjavovan\u00fdch tajomstiev.<\/p>\n<h2 class=\"bb_tag\" >\u2022 Siln\u00ed a n\u00e1ro\u010dn\u00ed nepriatelia<\/h2>\n<p><span class=\"bb_img_ctn\"><img decoding=\"async\" class=\"bb_img\" src=\"https:\/\/shared.akamai.steamstatic.com\/store_item_assets\/steam\/apps\/2778590\/extras\/21690806c94703aecf65514a2961dbe8.avif?t=1720714093\" width=616 height=346 \/><\/span><br \/>Ve\u013ek\u00e9 aj mal\u00e9 nebezpe\u010denstv\u00e1 bud\u00fa pre ka\u017ed\u00e9ho hr\u00e1\u010da v R\u00ed\u0161i tie\u0148ov predstavova\u0165 obrovsk\u00fa v\u00fdzvu. Nov\u00ed nepriatelia sa potuluj\u00fa po otvoren\u00fdch oblastiach a desiv\u00e9 nov\u00e9 mon\u0161tr\u00e1 \u010d\u00edhaj\u00fa v jasky\u0148ach a dutin\u00e1ch, kde \u010dakaj\u00fa na nepozorn\u00fdch. Ka\u017ed\u00fd, kto pre\u017eije tieto intenz\u00edvne bitky, poc\u00edti vzru\u0161enie zo skuto\u010dn\u00e9ho v\u00ed\u0165azstva.<\/p>\n<h2 class=\"bb_tag\" >\u2022 Nov\u00e9 zbrane, k\u00fazla a brnenia na vylep\u0161enie va\u0161ej jedine\u010dnej postavy<\/h2>\n<p><span class=\"bb_img_ctn\"><img decoding=\"async\" class=\"bb_img\" src=\"https:\/\/shared.akamai.steamstatic.com\/store_item_assets\/steam\/apps\/2778590\/extras\/c552b4ee61befe53741150240b7b9ae7.avif?t=1720714093\" width=616 height=346 \/><\/span><br \/>V tejto sp\u00e1lenej r\u00ed\u0161i n\u00e1jdete mnoho nov\u00fdch s\u00edl: zbrane a brnenia, k\u00fazla a zakl\u00ednadl\u00e1, duchov a zru\u010dnosti. M\u00f4\u017eete n\u00e1js\u0165 nie\u010do neo\u010dak\u00e1van\u00e9, \u010d\u00edm prekvap\u00edte nepriate\u013ea, napr\u00edklad Thrusting Shields, ktor\u00e9 kombinuj\u00fa \u00fatok a obranu. Alebo m\u00f4\u017eete n\u00e1js\u0165 nie\u010do, \u010do dopln\u00ed v\u00e1\u0161 bojov\u00fd \u0161t\u00fdl, napr\u00edklad boj zbl\u00edzka, ktor\u00fd kombinuje \u00fadery dla\u0148ou a kopy bez zbrane.<\/p>\n<h2 class=\"bb_tag\" >\u2022 Spoznajte nezn\u00e1my pr\u00edbeh nevidite\u013enej vojny, ke\u010f budete nasledova\u0165 Miquellu<\/h2>\n<p><span class=\"bb_img_ctn\"><img decoding=\"async\" class=\"bb_img\" src=\"https:\/\/shared.akamai.steamstatic.com\/store_item_assets\/steam\/apps\/2778590\/extras\/b76efb85a22ed48a7d496f4a7706c192.avif?t=1720714093\" width=616 height=346 \/><\/span><br \/>Nie ste jedin\u00fd, kto sleduje Miquellu v R\u00ed\u0161i tie\u0148ov, a ke\u010f sa budete st\u00e1le viac a viac pon\u00e1ra\u0165 do tajomstva, naraz\u00edte na zlo\u017eit\u00fa s\u00fahru osobnost\u00ed a motiv\u00e1ci\u00ed, ktor\u00e9 v\u00e1m poskytn\u00fa nov\u00fd poh\u013ead na Miquellinu hist\u00f3riu a Marikin\u00fa skryt\u00fa minulos\u0165<i>. <\/i><\/p>\n<p><i>*Obsah Shadow of the Erdtree vy\u017eaduje z\u00e1kladn\u00fa hru.*K<br \/>dispoz\u00edcii s\u00fa aj in\u00e9 ed\u00edcie z\u00e1kladnej hry<\/i>, <i>ktor\u00e9 obsahuj\u00fa tento obsah. D\u00e1vajte pozor, aby ste nek\u00fapili duplicitn\u00fd obsah.<\/i><\/p>\n","protected":false},"excerpt":{"rendered":"<p>Bal\u00edk Premium obsahuje nasleduj\u00faci obsah: Roz\u0161\u00edrenie ELDEN RING Shadow of the Erdtree a digit\u00e1lnu knihu umenia ELDEN RING Shadow of the Erdtree &amp; origin\u00e1lny soundtrack.<\/p>\n","protected":false},"featured_media":27571,"comment_status":"open","ping_status":"closed","template":"","meta":{"_acf_changed":false},"product_brand":[],"product_cat":[270,268,266,308,312],"product_tag":[],"class_list":{"0":"post-98510","1":"product","2":"type-product","3":"status-publish","4":"has-post-thumbnail","6":"product_cat-adventury-pc-hry-sk","7":"product_cat-pc-sk","8":"product_cat-pc-hry-sk","9":"product_cat-rpg-pc-hry-sk","10":"product_cat-steam-pc-sk","11":"pa_audio-en-us","13":"pa_countries-at","14":"pa_countries-be","15":"pa_countries-bg","16":"pa_countries-cy","17":"pa_countries-cz","19":"pa_countries-de","20":"pa_countries-dk","21":"pa_countries-ee","22":"pa_countries-es","23":"pa_countries-fi","24":"pa_countries-fr","25":"pa_countries-gr","26":"pa_countries-hr","27":"pa_countries-hu","28":"pa_countries-ie","29":"pa_countries-it","30":"pa_countries-lt","31":"pa_countries-lu","32":"pa_countries-lv","33":"pa_countries-mt","34":"pa_countries-nl","35":"pa_countries-pl","36":"pa_countries-pt","37":"pa_countries-ro","38":"pa_countries-se","39":"pa_countries-si","40":"pa_countries-sk","41":"pa_developer-fromsoftware","43":"pa_game_type-main_game","45":"pa_genres-adventure","46":"pa_genres-role-playing-rpg","48":"pa_interface-de-de","49":"pa_interface-en-us","50":"pa_interface-es-es","51":"pa_interface-fr-fr","52":"pa_interface-it-it","53":"pa_interface-ja-jp","54":"pa_interface-ko-kr","55":"pa_interface-pl-pl","56":"pa_interface-pt-br","57":"pa_interface-ru-ru","58":"pa_interface-th-th","60":"pa_interface-zh-cn","61":"pa_interface-zh-tw","62":"pa_keywords-boss-fight","63":"pa_keywords-soulslike","64":"pa_modes-co-operative","65":"pa_modes-multiplayer","67":"pa_modes-single-player","68":"pa_pegi-13432","69":"pa_pegi-956","70":"pa_platform-pc-steam","72":"pa_player_perspectives-third-person","74":"pa_publisher-bandai-namco-entertainment","76":"pa_rating-14592","77":"pa_rating-2513","78":"pa_region-europe","80":"pa_subtitles-de-de","82":"pa_subtitles-en-us","83":"pa_subtitles-es-es","84":"pa_subtitles-fr-fr","85":"pa_subtitles-it-it","86":"pa_subtitles-ja-jp","87":"pa_subtitles-ko-kr","88":"pa_subtitles-pl-pl","89":"pa_subtitles-pt-br","90":"pa_subtitles-ru-ru","91":"pa_subtitles-th-th","92":"pa_subtitles-zh-cn","93":"pa_subtitles-zh-tw","94":"pa_themes-action","95":"pa_themes-fantasy","97":"pa_themes-open-world","99":"first","100":"instock","101":"virtual","102":"taxable","103":"purchasable","104":"product-type-simple"},"yoast_head":"<!-- This site is optimized with the Yoast SEO plugin v27.4 - https:\/\/yoast.com\/product\/yoast-seo-wordpress\/ -->\n<title>Elden Ring: Shadow of the Erdtree - Premium Bundle | BeGamer.cz<\/title>\n<meta name=\"robots\" content=\"index, follow, max-snippet:-1, max-image-preview:large, max-video-preview:-1\" \/>\n<link rel=\"canonical\" href=\"https:\/\/begamer.cz\/sk\/produkt\/elden-ring-shadow-of-the-erdtree-premium-bundle-sk\/\" \/>\n<meta property=\"og:locale\" content=\"sk_SK\" \/>\n<meta property=\"og:type\" content=\"article\" \/>\n<meta property=\"og:title\" content=\"Elden Ring: Shadow of the Erdtree - Premium Bundle | BeGamer.cz\" \/>\n<meta property=\"og:description\" content=\"Bal\u00edk Premium obsahuje nasleduj\u00faci obsah: Roz\u0161\u00edrenie ELDEN RING Shadow of the Erdtree a digit\u00e1lnu knihu umenia ELDEN RING Shadow of the Erdtree &amp; origin\u00e1lny soundtrack.\" \/>\n<meta property=\"og:url\" content=\"https:\/\/begamer.cz\/sk\/produkt\/elden-ring-shadow-of-the-erdtree-premium-bundle-sk\/\" \/>\n<meta property=\"og:site_name\" content=\"BeGamer.cz\" \/>\n<meta property=\"article:modified_time\" content=\"2026-03-18T07:39:04+00:00\" \/>\n<meta property=\"og:image\" content=\"https:\/\/begamer.cz\/wp-content\/uploads\/2026\/01\/elden-ring-shadow-of-the-erdtree-premium-bundle-3.webp\" \/>\n\t<meta property=\"og:image:width\" content=\"300\" \/>\n\t<meta property=\"og:image:height\" content=\"400\" \/>\n\t<meta property=\"og:image:type\" content=\"image\/webp\" \/>\n<meta name=\"twitter:card\" content=\"summary_large_image\" \/>\n<meta name=\"twitter:label1\" content=\"Predpokladan\u00fd \u010das \u010d\u00edtania\" \/>\n\t<meta name=\"twitter:data1\" content=\"2 min\u00faty\" \/>\n<script type=\"application\/ld+json\" class=\"yoast-schema-graph\">{\"@context\":\"https:\\\/\\\/schema.org\",\"@graph\":[{\"@type\":\"WebPage\",\"@id\":\"https:\\\/\\\/begamer.cz\\\/sk\\\/produkt\\\/elden-ring-shadow-of-the-erdtree-premium-bundle-sk\\\/\",\"url\":\"https:\\\/\\\/begamer.cz\\\/sk\\\/produkt\\\/elden-ring-shadow-of-the-erdtree-premium-bundle-sk\\\/\",\"name\":\"Elden Ring: Shadow of the Erdtree - Premium Bundle | BeGamer.cz\",\"isPartOf\":{\"@id\":\"https:\\\/\\\/begamer.cz\\\/sk\\\/#website\"},\"primaryImageOfPage\":{\"@id\":\"https:\\\/\\\/begamer.cz\\\/sk\\\/produkt\\\/elden-ring-shadow-of-the-erdtree-premium-bundle-sk\\\/#primaryimage\"},\"image\":{\"@id\":\"https:\\\/\\\/begamer.cz\\\/sk\\\/produkt\\\/elden-ring-shadow-of-the-erdtree-premium-bundle-sk\\\/#primaryimage\"},\"thumbnailUrl\":\"https:\\\/\\\/begamer.cz\\\/wp-content\\\/uploads\\\/2026\\\/01\\\/elden-ring-shadow-of-the-erdtree-premium-bundle-3.webp\",\"datePublished\":\"2026-01-30T16:22:44+00:00\",\"dateModified\":\"2026-03-18T07:39:04+00:00\",\"breadcrumb\":{\"@id\":\"https:\\\/\\\/begamer.cz\\\/sk\\\/produkt\\\/elden-ring-shadow-of-the-erdtree-premium-bundle-sk\\\/#breadcrumb\"},\"inLanguage\":\"sk-SK\",\"potentialAction\":[{\"@type\":\"ReadAction\",\"target\":[\"https:\\\/\\\/begamer.cz\\\/sk\\\/produkt\\\/elden-ring-shadow-of-the-erdtree-premium-bundle-sk\\\/\"]}]},{\"@type\":\"ImageObject\",\"inLanguage\":\"sk-SK\",\"@id\":\"https:\\\/\\\/begamer.cz\\\/sk\\\/produkt\\\/elden-ring-shadow-of-the-erdtree-premium-bundle-sk\\\/#primaryimage\",\"url\":\"https:\\\/\\\/begamer.cz\\\/wp-content\\\/uploads\\\/2026\\\/01\\\/elden-ring-shadow-of-the-erdtree-premium-bundle-3.webp\",\"contentUrl\":\"https:\\\/\\\/begamer.cz\\\/wp-content\\\/uploads\\\/2026\\\/01\\\/elden-ring-shadow-of-the-erdtree-premium-bundle-3.webp\",\"width\":300,\"height\":400},{\"@type\":\"BreadcrumbList\",\"@id\":\"https:\\\/\\\/begamer.cz\\\/sk\\\/produkt\\\/elden-ring-shadow-of-the-erdtree-premium-bundle-sk\\\/#breadcrumb\",\"itemListElement\":[{\"@type\":\"ListItem\",\"position\":1,\"name\":\"Domov\",\"item\":\"https:\\\/\\\/begamer.cz\\\/sk\\\/\"},{\"@type\":\"ListItem\",\"position\":2,\"name\":\"Obchod\",\"item\":\"https:\\\/\\\/begamer.cz\\\/obchod\\\/\"},{\"@type\":\"ListItem\",\"position\":3,\"name\":\"Elden Ring: Shadow of the Erdtree \u2013 Premium Bundle\"}]},{\"@type\":\"WebSite\",\"@id\":\"https:\\\/\\\/begamer.cz\\\/sk\\\/#website\",\"url\":\"https:\\\/\\\/begamer.cz\\\/sk\\\/\",\"name\":\"BeGamer.cz\",\"description\":\"\",\"publisher\":{\"@id\":\"https:\\\/\\\/begamer.cz\\\/sk\\\/#organization\"},\"potentialAction\":[{\"@type\":\"SearchAction\",\"target\":{\"@type\":\"EntryPoint\",\"urlTemplate\":\"https:\\\/\\\/begamer.cz\\\/sk\\\/?s={search_term_string}\"},\"query-input\":{\"@type\":\"PropertyValueSpecification\",\"valueRequired\":true,\"valueName\":\"search_term_string\"}}],\"inLanguage\":\"sk-SK\"},{\"@type\":\"Organization\",\"@id\":\"https:\\\/\\\/begamer.cz\\\/sk\\\/#organization\",\"name\":\"BeGamer.cz\",\"url\":\"https:\\\/\\\/begamer.cz\\\/sk\\\/\",\"logo\":{\"@type\":\"ImageObject\",\"inLanguage\":\"sk-SK\",\"@id\":\"https:\\\/\\\/begamer.cz\\\/sk\\\/#\\\/schema\\\/logo\\\/image\\\/\",\"url\":\"https:\\\/\\\/begamer.cz\\\/wp-content\\\/uploads\\\/2025\\\/07\\\/logo.svg\",\"contentUrl\":\"https:\\\/\\\/begamer.cz\\\/wp-content\\\/uploads\\\/2025\\\/07\\\/logo.svg\",\"caption\":\"BeGamer.cz\"},\"image\":{\"@id\":\"https:\\\/\\\/begamer.cz\\\/sk\\\/#\\\/schema\\\/logo\\\/image\\\/\"}}]}<\/script>\n<!-- \/ Yoast SEO plugin. -->","yoast_head_json":{"title":"Elden Ring: Shadow of the Erdtree - Premium Bundle | BeGamer.cz","robots":{"index":"index","follow":"follow","max-snippet":"max-snippet:-1","max-image-preview":"max-image-preview:large","max-video-preview":"max-video-preview:-1"},"canonical":"https:\/\/begamer.cz\/sk\/produkt\/elden-ring-shadow-of-the-erdtree-premium-bundle-sk\/","og_locale":"sk_SK","og_type":"article","og_title":"Elden Ring: Shadow of the Erdtree - Premium Bundle | BeGamer.cz","og_description":"Bal\u00edk Premium obsahuje nasleduj\u00faci obsah: Roz\u0161\u00edrenie ELDEN RING Shadow of the Erdtree a digit\u00e1lnu knihu umenia ELDEN RING Shadow of the Erdtree &amp; origin\u00e1lny soundtrack.","og_url":"https:\/\/begamer.cz\/sk\/produkt\/elden-ring-shadow-of-the-erdtree-premium-bundle-sk\/","og_site_name":"BeGamer.cz","article_modified_time":"2026-03-18T07:39:04+00:00","og_image":[{"width":300,"height":400,"url":"https:\/\/begamer.cz\/wp-content\/uploads\/2026\/01\/elden-ring-shadow-of-the-erdtree-premium-bundle-3.webp","type":"image\/webp"}],"twitter_card":"summary_large_image","twitter_misc":{"Predpokladan\u00fd \u010das \u010d\u00edtania":"2 min\u00faty"},"schema":{"@context":"https:\/\/schema.org","@graph":[{"@type":"WebPage","@id":"https:\/\/begamer.cz\/sk\/produkt\/elden-ring-shadow-of-the-erdtree-premium-bundle-sk\/","url":"https:\/\/begamer.cz\/sk\/produkt\/elden-ring-shadow-of-the-erdtree-premium-bundle-sk\/","name":"Elden Ring: Shadow of the Erdtree - Premium Bundle | BeGamer.cz","isPartOf":{"@id":"https:\/\/begamer.cz\/sk\/#website"},"primaryImageOfPage":{"@id":"https:\/\/begamer.cz\/sk\/produkt\/elden-ring-shadow-of-the-erdtree-premium-bundle-sk\/#primaryimage"},"image":{"@id":"https:\/\/begamer.cz\/sk\/produkt\/elden-ring-shadow-of-the-erdtree-premium-bundle-sk\/#primaryimage"},"thumbnailUrl":"https:\/\/begamer.cz\/wp-content\/uploads\/2026\/01\/elden-ring-shadow-of-the-erdtree-premium-bundle-3.webp","datePublished":"2026-01-30T16:22:44+00:00","dateModified":"2026-03-18T07:39:04+00:00","breadcrumb":{"@id":"https:\/\/begamer.cz\/sk\/produkt\/elden-ring-shadow-of-the-erdtree-premium-bundle-sk\/#breadcrumb"},"inLanguage":"sk-SK","potentialAction":[{"@type":"ReadAction","target":["https:\/\/begamer.cz\/sk\/produkt\/elden-ring-shadow-of-the-erdtree-premium-bundle-sk\/"]}]},{"@type":"ImageObject","inLanguage":"sk-SK","@id":"https:\/\/begamer.cz\/sk\/produkt\/elden-ring-shadow-of-the-erdtree-premium-bundle-sk\/#primaryimage","url":"https:\/\/begamer.cz\/wp-content\/uploads\/2026\/01\/elden-ring-shadow-of-the-erdtree-premium-bundle-3.webp","contentUrl":"https:\/\/begamer.cz\/wp-content\/uploads\/2026\/01\/elden-ring-shadow-of-the-erdtree-premium-bundle-3.webp","width":300,"height":400},{"@type":"BreadcrumbList","@id":"https:\/\/begamer.cz\/sk\/produkt\/elden-ring-shadow-of-the-erdtree-premium-bundle-sk\/#breadcrumb","itemListElement":[{"@type":"ListItem","position":1,"name":"Domov","item":"https:\/\/begamer.cz\/sk\/"},{"@type":"ListItem","position":2,"name":"Obchod","item":"https:\/\/begamer.cz\/obchod\/"},{"@type":"ListItem","position":3,"name":"Elden Ring: Shadow of the Erdtree \u2013 Premium Bundle"}]},{"@type":"WebSite","@id":"https:\/\/begamer.cz\/sk\/#website","url":"https:\/\/begamer.cz\/sk\/","name":"BeGamer.cz","description":"","publisher":{"@id":"https:\/\/begamer.cz\/sk\/#organization"},"potentialAction":[{"@type":"SearchAction","target":{"@type":"EntryPoint","urlTemplate":"https:\/\/begamer.cz\/sk\/?s={search_term_string}"},"query-input":{"@type":"PropertyValueSpecification","valueRequired":true,"valueName":"search_term_string"}}],"inLanguage":"sk-SK"},{"@type":"Organization","@id":"https:\/\/begamer.cz\/sk\/#organization","name":"BeGamer.cz","url":"https:\/\/begamer.cz\/sk\/","logo":{"@type":"ImageObject","inLanguage":"sk-SK","@id":"https:\/\/begamer.cz\/sk\/#\/schema\/logo\/image\/","url":"https:\/\/begamer.cz\/wp-content\/uploads\/2025\/07\/logo.svg","contentUrl":"https:\/\/begamer.cz\/wp-content\/uploads\/2025\/07\/logo.svg","caption":"BeGamer.cz"},"image":{"@id":"https:\/\/begamer.cz\/sk\/#\/schema\/logo\/image\/"}}]}},"acf":[],"_links":{"self":[{"href":"https:\/\/begamer.cz\/sk\/wp-json\/wp\/v2\/product\/98510","targetHints":{"allow":["GET"]}}],"collection":[{"href":"https:\/\/begamer.cz\/sk\/wp-json\/wp\/v2\/product"}],"about":[{"href":"https:\/\/begamer.cz\/sk\/wp-json\/wp\/v2\/types\/product"}],"replies":[{"embeddable":true,"href":"https:\/\/begamer.cz\/sk\/wp-json\/wp\/v2\/comments?post=98510"}],"wp:featuredmedia":[{"embeddable":true,"href":"https:\/\/begamer.cz\/sk\/wp-json\/wp\/v2\/media\/27571"}],"wp:attachment":[{"href":"https:\/\/begamer.cz\/sk\/wp-json\/wp\/v2\/media?parent=98510"}],"wp:term":[{"taxonomy":"product_brand","embeddable":true,"href":"https:\/\/begamer.cz\/sk\/wp-json\/wp\/v2\/product_brand?post=98510"},{"taxonomy":"product_cat","embeddable":true,"href":"https:\/\/begamer.cz\/sk\/wp-json\/wp\/v2\/product_cat?post=98510"},{"taxonomy":"product_tag","embeddable":true,"href":"https:\/\/begamer.cz\/sk\/wp-json\/wp\/v2\/product_tag?post=98510"}],"curies":[{"name":"wp","href":"https:\/\/api.w.org\/{rel}","templated":true}]}}