{"id":98444,"date":"2026-01-30T17:21:36","date_gmt":"2026-01-30T16:21:36","guid":{"rendered":"https:\/\/begamer.cz\/produkt\/ride-4-sk-1769790098\/"},"modified":"2026-03-18T08:33:48","modified_gmt":"2026-03-18T07:33:48","slug":"ride-4-sk-2","status":"publish","type":"product","link":"https:\/\/begamer.cz\/sk\/produkt\/ride-4-sk-2\/","title":{"rendered":"Ride 4"},"content":{"rendered":"<p>Ste pripraven\u00ed za\u017ei\u0165 ten najlep\u0161\u00ed hern\u00fd z\u00e1\u017eitok, ak\u00fd m\u00f4\u017ee fan\u00fa\u0161ik motocyklov za\u017ei\u0165?<br \/>RIDE 4 prebud\u00ed va\u0161u s\u00fa\u0165a\u017eiv\u00fa du\u0161u stovkami motocyklov, desiatkami trat\u00ed a \u00faplne novou \u00farov\u0148ou realizmu.<\/p>\n<h2 class=\"bb_tag\" >NOV\u00dd A VYLEP\u0160EN\u00dd OBSAH<\/h2>\n<p>Vyberte si zo stoviek ofici\u00e1lne licencovan\u00fdch motocyklov a jaz\u010fte na desiatkach trat\u00ed po celom svete, ktor\u00e9 boli starostlivo navrhnut\u00e9 s mimoriadnou \u00farov\u0148ou detailov! Ka\u017ed\u00fd prvok bol vytvoren\u00fd na z\u00e1klade CAD \u00fadajov, laserov\u00e9ho a 3D skenovania, aby bola dosiahnut\u00e1 presnos\u0165 a\u017e do najmen\u0161\u00edch detailov a aby ste si mohli vychutna\u0165 ten najlep\u0161\u00ed z\u00e1\u017eitok z pretekov na dvoch koles\u00e1ch, ak\u00fd ste kedy za\u017eili.<\/p>\n<h2 class=\"bb_tag\" >VYBERTE SI SVOJU CESTA<\/h2>\n<p>Vrhni sa do \u00fa\u017easn\u00e9ho a dynamick\u00e9ho dobrodru\u017estva, ktor\u00e9 reaguje na tvoje rozhodnutia, a vyber si svoju vlastn\u00fa cestu od region\u00e1lnych podujat\u00ed a\u017e po profesion\u00e1lne ligy. Uk\u00e1\u017e svoje jazdeck\u00e9 zru\u010dnosti v n\u00e1ro\u010dn\u00fdch pretekoch, testoch schopnost\u00ed, d\u0148och na trati a obrovskom mno\u017estve podujat\u00ed. M\u00f4\u017ee\u0161 sa sta\u0165 aj ofici\u00e1lnym testerom pre najsl\u00e1vnej\u0161\u00edch v\u00fdrobcov!<\/p>\n<h2 class=\"bb_tag\" >CYKLUS DE\u0147\/NOC, DYNAMICK\u00c9 PO\u010cASIE A VYTRVALOSTN\u00c9 Z\u00c1VODY<\/h2>\n<p>RIDE 4 pon\u00faka plne dynamick\u00fd syst\u00e9m poveternostn\u00fdch podmienok a kompletn\u00fd denn\u00fd\/no\u010dn\u00fd cyklus.<br \/>Za\u017eite preteky v novom svetle a dok\u00e1\u017ete, \u017ee ste najlep\u0161\u00ed jazdec za ak\u00fdchko\u013evek podmienok. A po prv\u00fdkr\u00e1t re\u017eim \u201eVytrvalos\u0165\u201c otestuje va\u0161u vytrvalos\u0165 s animovan\u00fdmi zast\u00e1vkami v boxoch a dlhotrvaj\u00facimi pretekmi: pripravte sa \u010deli\u0165 svetu, kde strat\u00e9gia je k\u013e\u00fa\u010dov\u00fdm ingrediencom v\u00e1\u0161ho \u00faspechu!<\/p>\n<h2 class=\"bb_tag\" >NEUR\u00c1LNA UMEL\u00c1 INTELIGENCIA<\/h2>\n<p>Predstavujeme v\u00e1m A.N.N.A. (Artificial Neural Network Agent), n\u00e1\u0161 revolu\u010dn\u00fd neur\u00f3nov\u00fd syst\u00e9m umelej inteligencie zalo\u017een\u00fd na strojovom u\u010den\u00ed. S\u00fa\u0165a\u017ete s r\u00fdchlej\u0161\u00edmi, inteligentnej\u0161\u00edmi a presnej\u0161\u00edmi jazdcami a bojujte s umelou inteligenciou, ktor\u00e1 je \u013eudskej\u0161\u00ed ako kedyko\u013evek predt\u00fdm!<\/p>\n<h2 class=\"bb_tag\" >ROZ\u0160\u00cdREN\u00c9 PRISP\u00d4SOBENIE<\/h2>\n<p>S\u00fa\u0165a\u017ete vo svojom vlastnom \u0161t\u00fdle! Vyberte si z mno\u017estva ofici\u00e1lnych zna\u010diek pre v\u00fdstroj svojho jazdca a prisp\u00f4sobte si svoje motorky esteticky aj mechanicky. Popustite uzdu svojej kreativite a navrhnite si prilbu, kombin\u00e9zu a dizajn motorky \u00faplne slobodne v\u010faka n\u00e1\u0161mu nov\u00e9mu grafick\u00e9mu editoru.<br \/>Akon\u00e1hle budete hotov\u00ed, zdie\u013eajte svoje v\u00fdtvory online alebo jednoducho objavujte najlep\u0161ie dizajny komunity!<\/p>\n<h2 class=\"bb_tag\" >ONLINE S\u00da\u0164A\u017dE<\/h2>\n<p> Vychutnajte si najkomplexnej\u0161\u00ed a bezprobl\u00e9mov\u00fd online multiplayerov\u00fd z\u00e1\u017eitok v\u010faka na\u0161im vyhraden\u00fdm serverom.<\/p>\n","protected":false},"excerpt":{"rendered":"<p>Ste pripraven\u00ed za\u017ei\u0165 to najlep\u0161ie, \u010do m\u00f4\u017ee fan\u00fa\u0161ik motocyklov za\u017ei\u0165? RIDE 4 prebud\u00ed va\u0161u s\u00fa\u0165a\u017eiv\u00fa du\u0161u stovkami motocyklov, desiatkami trat\u00ed a \u00faplne novou \u00farov\u0148ou realizmu.<\/p>\n","protected":false},"featured_media":5533,"comment_status":"open","ping_status":"closed","template":"","meta":{"_acf_changed":false},"product_brand":[],"product_cat":[268,266,314,316,312,324],"product_tag":[],"class_list":{"0":"post-98444","1":"product","2":"type-product","3":"status-publish","4":"has-post-thumbnail","6":"product_cat-pc-sk","7":"product_cat-pc-hry-sk","8":"product_cat-simulatory-pc-hry-sk","9":"product_cat-sportove-pc","10":"product_cat-steam-pc-sk","11":"product_cat-zavodne-pc-hry","12":"pa_audio-en-us","14":"pa_countries-at","15":"pa_countries-be","16":"pa_countries-bg","17":"pa_countries-cy","18":"pa_countries-cz","20":"pa_countries-de","21":"pa_countries-dk","22":"pa_countries-ee","23":"pa_countries-es","24":"pa_countries-fi","25":"pa_countries-fr","26":"pa_countries-gr","27":"pa_countries-hr","28":"pa_countries-hu","29":"pa_countries-ie","30":"pa_countries-it","31":"pa_countries-lt","32":"pa_countries-lu","33":"pa_countries-lv","34":"pa_countries-mt","35":"pa_countries-nl","36":"pa_countries-pl","37":"pa_countries-pt","38":"pa_countries-ro","39":"pa_countries-se","40":"pa_countries-si","41":"pa_countries-sk","42":"pa_developer-milestone","44":"pa_engine-unreal-engine-4","46":"pa_game_type-main_game","48":"pa_genres-racing","50":"pa_genres-simulator","51":"pa_genres-sport","52":"pa_interface-de-de","53":"pa_interface-en-gb","54":"pa_interface-en-us","55":"pa_interface-es-es","56":"pa_interface-fr-fr","57":"pa_interface-it-it","58":"pa_interface-ja-jp","59":"pa_interface-pt-br","60":"pa_interface-ru-ru","62":"pa_interface-zh-cn","63":"pa_interface-zh-tw","64":"pa_modes-multiplayer","66":"pa_modes-single-player","67":"pa_pegi-13430","68":"pa_pegi-943","69":"pa_platform-pc-steam","71":"pa_player_perspectives-third-person","73":"pa_publisher-milestone","75":"pa_rating-14476","76":"pa_rating-1093","77":"pa_region-europe","80":"first","81":"instock","82":"virtual","83":"taxable","84":"purchasable","85":"product-type-simple"},"yoast_head":"<!-- This site is optimized with the Yoast SEO plugin v27.3 - https:\/\/yoast.com\/product\/yoast-seo-wordpress\/ -->\n<title>Ride 4 | BeGamer.cz<\/title>\n<meta name=\"robots\" content=\"index, follow, max-snippet:-1, max-image-preview:large, max-video-preview:-1\" \/>\n<link rel=\"canonical\" href=\"https:\/\/begamer.cz\/sk\/produkt\/ride-4-sk-2\/\" \/>\n<meta property=\"og:locale\" content=\"sk_SK\" \/>\n<meta property=\"og:type\" content=\"article\" \/>\n<meta property=\"og:title\" content=\"Ride 4 | BeGamer.cz\" \/>\n<meta property=\"og:description\" content=\"Ste pripraven\u00ed za\u017ei\u0165 to najlep\u0161ie, \u010do m\u00f4\u017ee fan\u00fa\u0161ik motocyklov za\u017ei\u0165? RIDE 4 prebud\u00ed va\u0161u s\u00fa\u0165a\u017eiv\u00fa du\u0161u stovkami motocyklov, desiatkami trat\u00ed a \u00faplne novou \u00farov\u0148ou realizmu.\" \/>\n<meta property=\"og:url\" content=\"https:\/\/begamer.cz\/sk\/produkt\/ride-4-sk-2\/\" \/>\n<meta property=\"og:site_name\" content=\"BeGamer.cz\" \/>\n<meta property=\"article:modified_time\" content=\"2026-03-18T07:33:48+00:00\" \/>\n<meta property=\"og:image\" content=\"https:\/\/begamer.cz\/wp-content\/uploads\/2026\/01\/ride-4-10.webp\" \/>\n\t<meta property=\"og:image:width\" content=\"300\" \/>\n\t<meta property=\"og:image:height\" content=\"400\" \/>\n\t<meta property=\"og:image:type\" content=\"image\/webp\" \/>\n<meta name=\"twitter:card\" content=\"summary_large_image\" \/>\n<meta name=\"twitter:label1\" content=\"Predpokladan\u00fd \u010das \u010d\u00edtania\" \/>\n\t<meta name=\"twitter:data1\" content=\"2 min\u00faty\" \/>\n<script type=\"application\/ld+json\" class=\"yoast-schema-graph\">{\"@context\":\"https:\\\/\\\/schema.org\",\"@graph\":[{\"@type\":\"WebPage\",\"@id\":\"https:\\\/\\\/begamer.cz\\\/sk\\\/produkt\\\/ride-4-sk-2\\\/\",\"url\":\"https:\\\/\\\/begamer.cz\\\/sk\\\/produkt\\\/ride-4-sk-2\\\/\",\"name\":\"Ride 4 | BeGamer.cz\",\"isPartOf\":{\"@id\":\"https:\\\/\\\/begamer.cz\\\/sk\\\/#website\"},\"primaryImageOfPage\":{\"@id\":\"https:\\\/\\\/begamer.cz\\\/sk\\\/produkt\\\/ride-4-sk-2\\\/#primaryimage\"},\"image\":{\"@id\":\"https:\\\/\\\/begamer.cz\\\/sk\\\/produkt\\\/ride-4-sk-2\\\/#primaryimage\"},\"thumbnailUrl\":\"https:\\\/\\\/begamer.cz\\\/wp-content\\\/uploads\\\/2026\\\/01\\\/ride-4-10.webp\",\"datePublished\":\"2026-01-30T16:21:36+00:00\",\"dateModified\":\"2026-03-18T07:33:48+00:00\",\"breadcrumb\":{\"@id\":\"https:\\\/\\\/begamer.cz\\\/sk\\\/produkt\\\/ride-4-sk-2\\\/#breadcrumb\"},\"inLanguage\":\"sk-SK\",\"potentialAction\":[{\"@type\":\"ReadAction\",\"target\":[\"https:\\\/\\\/begamer.cz\\\/sk\\\/produkt\\\/ride-4-sk-2\\\/\"]}]},{\"@type\":\"ImageObject\",\"inLanguage\":\"sk-SK\",\"@id\":\"https:\\\/\\\/begamer.cz\\\/sk\\\/produkt\\\/ride-4-sk-2\\\/#primaryimage\",\"url\":\"https:\\\/\\\/begamer.cz\\\/wp-content\\\/uploads\\\/2026\\\/01\\\/ride-4-10.webp\",\"contentUrl\":\"https:\\\/\\\/begamer.cz\\\/wp-content\\\/uploads\\\/2026\\\/01\\\/ride-4-10.webp\",\"width\":300,\"height\":400},{\"@type\":\"BreadcrumbList\",\"@id\":\"https:\\\/\\\/begamer.cz\\\/sk\\\/produkt\\\/ride-4-sk-2\\\/#breadcrumb\",\"itemListElement\":[{\"@type\":\"ListItem\",\"position\":1,\"name\":\"Domov\",\"item\":\"https:\\\/\\\/begamer.cz\\\/sk\\\/\"},{\"@type\":\"ListItem\",\"position\":2,\"name\":\"Obchod\",\"item\":\"https:\\\/\\\/begamer.cz\\\/obchod\\\/\"},{\"@type\":\"ListItem\",\"position\":3,\"name\":\"Ride 4\"}]},{\"@type\":\"WebSite\",\"@id\":\"https:\\\/\\\/begamer.cz\\\/sk\\\/#website\",\"url\":\"https:\\\/\\\/begamer.cz\\\/sk\\\/\",\"name\":\"BeGamer.cz\",\"description\":\"\",\"publisher\":{\"@id\":\"https:\\\/\\\/begamer.cz\\\/sk\\\/#organization\"},\"potentialAction\":[{\"@type\":\"SearchAction\",\"target\":{\"@type\":\"EntryPoint\",\"urlTemplate\":\"https:\\\/\\\/begamer.cz\\\/sk\\\/?s={search_term_string}\"},\"query-input\":{\"@type\":\"PropertyValueSpecification\",\"valueRequired\":true,\"valueName\":\"search_term_string\"}}],\"inLanguage\":\"sk-SK\"},{\"@type\":\"Organization\",\"@id\":\"https:\\\/\\\/begamer.cz\\\/sk\\\/#organization\",\"name\":\"BeGamer.cz\",\"url\":\"https:\\\/\\\/begamer.cz\\\/sk\\\/\",\"logo\":{\"@type\":\"ImageObject\",\"inLanguage\":\"sk-SK\",\"@id\":\"https:\\\/\\\/begamer.cz\\\/sk\\\/#\\\/schema\\\/logo\\\/image\\\/\",\"url\":\"https:\\\/\\\/begamer.cz\\\/wp-content\\\/uploads\\\/2025\\\/07\\\/logo.svg\",\"contentUrl\":\"https:\\\/\\\/begamer.cz\\\/wp-content\\\/uploads\\\/2025\\\/07\\\/logo.svg\",\"caption\":\"BeGamer.cz\"},\"image\":{\"@id\":\"https:\\\/\\\/begamer.cz\\\/sk\\\/#\\\/schema\\\/logo\\\/image\\\/\"}}]}<\/script>\n<!-- \/ Yoast SEO plugin. -->","yoast_head_json":{"title":"Ride 4 | BeGamer.cz","robots":{"index":"index","follow":"follow","max-snippet":"max-snippet:-1","max-image-preview":"max-image-preview:large","max-video-preview":"max-video-preview:-1"},"canonical":"https:\/\/begamer.cz\/sk\/produkt\/ride-4-sk-2\/","og_locale":"sk_SK","og_type":"article","og_title":"Ride 4 | BeGamer.cz","og_description":"Ste pripraven\u00ed za\u017ei\u0165 to najlep\u0161ie, \u010do m\u00f4\u017ee fan\u00fa\u0161ik motocyklov za\u017ei\u0165? RIDE 4 prebud\u00ed va\u0161u s\u00fa\u0165a\u017eiv\u00fa du\u0161u stovkami motocyklov, desiatkami trat\u00ed a \u00faplne novou \u00farov\u0148ou realizmu.","og_url":"https:\/\/begamer.cz\/sk\/produkt\/ride-4-sk-2\/","og_site_name":"BeGamer.cz","article_modified_time":"2026-03-18T07:33:48+00:00","og_image":[{"width":300,"height":400,"url":"https:\/\/begamer.cz\/wp-content\/uploads\/2026\/01\/ride-4-10.webp","type":"image\/webp"}],"twitter_card":"summary_large_image","twitter_misc":{"Predpokladan\u00fd \u010das \u010d\u00edtania":"2 min\u00faty"},"schema":{"@context":"https:\/\/schema.org","@graph":[{"@type":"WebPage","@id":"https:\/\/begamer.cz\/sk\/produkt\/ride-4-sk-2\/","url":"https:\/\/begamer.cz\/sk\/produkt\/ride-4-sk-2\/","name":"Ride 4 | BeGamer.cz","isPartOf":{"@id":"https:\/\/begamer.cz\/sk\/#website"},"primaryImageOfPage":{"@id":"https:\/\/begamer.cz\/sk\/produkt\/ride-4-sk-2\/#primaryimage"},"image":{"@id":"https:\/\/begamer.cz\/sk\/produkt\/ride-4-sk-2\/#primaryimage"},"thumbnailUrl":"https:\/\/begamer.cz\/wp-content\/uploads\/2026\/01\/ride-4-10.webp","datePublished":"2026-01-30T16:21:36+00:00","dateModified":"2026-03-18T07:33:48+00:00","breadcrumb":{"@id":"https:\/\/begamer.cz\/sk\/produkt\/ride-4-sk-2\/#breadcrumb"},"inLanguage":"sk-SK","potentialAction":[{"@type":"ReadAction","target":["https:\/\/begamer.cz\/sk\/produkt\/ride-4-sk-2\/"]}]},{"@type":"ImageObject","inLanguage":"sk-SK","@id":"https:\/\/begamer.cz\/sk\/produkt\/ride-4-sk-2\/#primaryimage","url":"https:\/\/begamer.cz\/wp-content\/uploads\/2026\/01\/ride-4-10.webp","contentUrl":"https:\/\/begamer.cz\/wp-content\/uploads\/2026\/01\/ride-4-10.webp","width":300,"height":400},{"@type":"BreadcrumbList","@id":"https:\/\/begamer.cz\/sk\/produkt\/ride-4-sk-2\/#breadcrumb","itemListElement":[{"@type":"ListItem","position":1,"name":"Domov","item":"https:\/\/begamer.cz\/sk\/"},{"@type":"ListItem","position":2,"name":"Obchod","item":"https:\/\/begamer.cz\/obchod\/"},{"@type":"ListItem","position":3,"name":"Ride 4"}]},{"@type":"WebSite","@id":"https:\/\/begamer.cz\/sk\/#website","url":"https:\/\/begamer.cz\/sk\/","name":"BeGamer.cz","description":"","publisher":{"@id":"https:\/\/begamer.cz\/sk\/#organization"},"potentialAction":[{"@type":"SearchAction","target":{"@type":"EntryPoint","urlTemplate":"https:\/\/begamer.cz\/sk\/?s={search_term_string}"},"query-input":{"@type":"PropertyValueSpecification","valueRequired":true,"valueName":"search_term_string"}}],"inLanguage":"sk-SK"},{"@type":"Organization","@id":"https:\/\/begamer.cz\/sk\/#organization","name":"BeGamer.cz","url":"https:\/\/begamer.cz\/sk\/","logo":{"@type":"ImageObject","inLanguage":"sk-SK","@id":"https:\/\/begamer.cz\/sk\/#\/schema\/logo\/image\/","url":"https:\/\/begamer.cz\/wp-content\/uploads\/2025\/07\/logo.svg","contentUrl":"https:\/\/begamer.cz\/wp-content\/uploads\/2025\/07\/logo.svg","caption":"BeGamer.cz"},"image":{"@id":"https:\/\/begamer.cz\/sk\/#\/schema\/logo\/image\/"}}]}},"acf":[],"_links":{"self":[{"href":"https:\/\/begamer.cz\/sk\/wp-json\/wp\/v2\/product\/98444","targetHints":{"allow":["GET"]}}],"collection":[{"href":"https:\/\/begamer.cz\/sk\/wp-json\/wp\/v2\/product"}],"about":[{"href":"https:\/\/begamer.cz\/sk\/wp-json\/wp\/v2\/types\/product"}],"replies":[{"embeddable":true,"href":"https:\/\/begamer.cz\/sk\/wp-json\/wp\/v2\/comments?post=98444"}],"wp:featuredmedia":[{"embeddable":true,"href":"https:\/\/begamer.cz\/sk\/wp-json\/wp\/v2\/media\/5533"}],"wp:attachment":[{"href":"https:\/\/begamer.cz\/sk\/wp-json\/wp\/v2\/media?parent=98444"}],"wp:term":[{"taxonomy":"product_brand","embeddable":true,"href":"https:\/\/begamer.cz\/sk\/wp-json\/wp\/v2\/product_brand?post=98444"},{"taxonomy":"product_cat","embeddable":true,"href":"https:\/\/begamer.cz\/sk\/wp-json\/wp\/v2\/product_cat?post=98444"},{"taxonomy":"product_tag","embeddable":true,"href":"https:\/\/begamer.cz\/sk\/wp-json\/wp\/v2\/product_tag?post=98444"}],"curies":[{"name":"wp","href":"https:\/\/api.w.org\/{rel}","templated":true}]}}