{"id":98429,"date":"2026-01-30T17:21:23","date_gmt":"2026-01-30T16:21:23","guid":{"rendered":"https:\/\/begamer.cz\/produkt\/pathfinder-wrath-of-the-righteous-commander-edition-sk\/"},"modified":"2026-03-18T08:33:18","modified_gmt":"2026-03-18T07:33:18","slug":"pathfinder-wrath-of-the-righteous-commander-edition-sk","status":"publish","type":"product","link":"https:\/\/begamer.cz\/sk\/produkt\/pathfinder-wrath-of-the-righteous-commander-edition-sk\/","title":{"rendered":"Pathfinder: Wrath of the Righteous \u2013 Commander Edition"},"content":{"rendered":"<p>Pathfinder: Wrath of the Righteous \u2013 Commander Edition obsahuje z\u00e1kladn\u00fa hru, knihu umenia, digit\u00e1lny soundtrack, digit\u00e1lnu mapu a 4 hern\u00e9 predmety: n\u00e1dhern\u00fd klob\u00fak s per\u00edm, okuliare lovca potkanov, rukavice elegantn\u00e9ho kavaliera a n\u00e1ramenn\u00e9 chr\u00e1ni\u010de spravodliv\u00e9ho exorcistu.<\/p>\n","protected":false},"excerpt":{"rendered":"<p>Pathfinder: Wrath of the Righteous &#8211; Commander Edition pon\u00faka epick\u00e9 RPG dobrodru\u017estvo pln\u00e9 taktick\u00fdch bojov, podrobn\u00e9ho prisp\u00f4sobenia post\u00e1v a bohat\u00e9ho pr\u00edbehu. Vezmite na seba vedenie kr\u00ed\u017eovej v\u00fdpravy proti d\u00e9monick\u00fdm sil\u00e1m v rozsiahlom, pohlcuj\u00facom svete. Obsahuje exkluz\u00edvny obsah, bonusy a vylep\u0161enia kvality \u017eivota.<\/p>\n","protected":false},"featured_media":26955,"comment_status":"open","ping_status":"closed","template":"","meta":{"_acf_changed":false},"product_brand":[],"product_cat":[270,268,266,308,312],"product_tag":[],"class_list":{"0":"post-98429","1":"product","2":"type-product","3":"status-publish","4":"has-post-thumbnail","6":"product_cat-adventury-pc-hry-sk","7":"product_cat-pc-sk","8":"product_cat-pc-hry-sk","9":"product_cat-rpg-pc-hry-sk","10":"product_cat-steam-pc-sk","11":"pa_audio-en-us","13":"pa_developer-owlcat-games","15":"pa_game_type-main_game","17":"pa_genres-adventure","18":"pa_genres-role-playing-rpg","20":"pa_interface-de-de","21":"pa_interface-en-us","22":"pa_interface-es-es","23":"pa_interface-fr-fr","24":"pa_interface-ru-ru","26":"pa_interface-zh-cn","27":"pa_modes-single-player","29":"pa_platform-pc-steam","31":"pa_player_perspectives-bird-view-isometric","32":"pa_player_perspectives-side-view","34":"pa_publisher-owlcat-games","36":"pa_rating-773","37":"pa_rating-14441","38":"pa_region-europe","40":"pa_themes-fantasy","43":"first","44":"instock","45":"virtual","46":"taxable","47":"purchasable","48":"product-type-simple"},"yoast_head":"<!-- This site is optimized with the Yoast SEO plugin v27.3 - https:\/\/yoast.com\/product\/yoast-seo-wordpress\/ -->\n<title>Pathfinder: Wrath of the Righteous - Commander Edition | BeGamer.cz<\/title>\n<meta name=\"robots\" content=\"index, follow, max-snippet:-1, max-image-preview:large, max-video-preview:-1\" \/>\n<link rel=\"canonical\" href=\"https:\/\/begamer.cz\/sk\/produkt\/pathfinder-wrath-of-the-righteous-commander-edition-sk\/\" \/>\n<meta property=\"og:locale\" content=\"sk_SK\" \/>\n<meta property=\"og:type\" content=\"article\" \/>\n<meta property=\"og:title\" content=\"Pathfinder: Wrath of the Righteous - Commander Edition | BeGamer.cz\" \/>\n<meta property=\"og:description\" content=\"Pathfinder: Wrath of the Righteous - Commander Edition pon\u00faka epick\u00e9 RPG dobrodru\u017estvo pln\u00e9 taktick\u00fdch bojov, podrobn\u00e9ho prisp\u00f4sobenia post\u00e1v a bohat\u00e9ho pr\u00edbehu. Vezmite na seba vedenie kr\u00ed\u017eovej v\u00fdpravy proti d\u00e9monick\u00fdm sil\u00e1m v rozsiahlom, pohlcuj\u00facom svete. Obsahuje exkluz\u00edvny obsah, bonusy a vylep\u0161enia kvality \u017eivota.\" \/>\n<meta property=\"og:url\" content=\"https:\/\/begamer.cz\/sk\/produkt\/pathfinder-wrath-of-the-righteous-commander-edition-sk\/\" \/>\n<meta property=\"og:site_name\" content=\"BeGamer.cz\" \/>\n<meta property=\"article:modified_time\" content=\"2026-03-18T07:33:18+00:00\" \/>\n<meta property=\"og:image\" content=\"https:\/\/begamer.cz\/wp-content\/uploads\/2026\/01\/pathfinder-wrath-of-the-righteous-commander-edition-6.webp\" \/>\n\t<meta property=\"og:image:width\" content=\"300\" \/>\n\t<meta property=\"og:image:height\" content=\"400\" \/>\n\t<meta property=\"og:image:type\" content=\"image\/webp\" \/>\n<meta name=\"twitter:card\" content=\"summary_large_image\" \/>\n<script type=\"application\/ld+json\" class=\"yoast-schema-graph\">{\"@context\":\"https:\\\/\\\/schema.org\",\"@graph\":[{\"@type\":\"WebPage\",\"@id\":\"https:\\\/\\\/begamer.cz\\\/sk\\\/produkt\\\/pathfinder-wrath-of-the-righteous-commander-edition-sk\\\/\",\"url\":\"https:\\\/\\\/begamer.cz\\\/sk\\\/produkt\\\/pathfinder-wrath-of-the-righteous-commander-edition-sk\\\/\",\"name\":\"Pathfinder: Wrath of the Righteous - Commander Edition | BeGamer.cz\",\"isPartOf\":{\"@id\":\"https:\\\/\\\/begamer.cz\\\/sk\\\/#website\"},\"primaryImageOfPage\":{\"@id\":\"https:\\\/\\\/begamer.cz\\\/sk\\\/produkt\\\/pathfinder-wrath-of-the-righteous-commander-edition-sk\\\/#primaryimage\"},\"image\":{\"@id\":\"https:\\\/\\\/begamer.cz\\\/sk\\\/produkt\\\/pathfinder-wrath-of-the-righteous-commander-edition-sk\\\/#primaryimage\"},\"thumbnailUrl\":\"https:\\\/\\\/begamer.cz\\\/wp-content\\\/uploads\\\/2026\\\/01\\\/pathfinder-wrath-of-the-righteous-commander-edition-6.webp\",\"datePublished\":\"2026-01-30T16:21:23+00:00\",\"dateModified\":\"2026-03-18T07:33:18+00:00\",\"breadcrumb\":{\"@id\":\"https:\\\/\\\/begamer.cz\\\/sk\\\/produkt\\\/pathfinder-wrath-of-the-righteous-commander-edition-sk\\\/#breadcrumb\"},\"inLanguage\":\"sk-SK\",\"potentialAction\":[{\"@type\":\"ReadAction\",\"target\":[\"https:\\\/\\\/begamer.cz\\\/sk\\\/produkt\\\/pathfinder-wrath-of-the-righteous-commander-edition-sk\\\/\"]}]},{\"@type\":\"ImageObject\",\"inLanguage\":\"sk-SK\",\"@id\":\"https:\\\/\\\/begamer.cz\\\/sk\\\/produkt\\\/pathfinder-wrath-of-the-righteous-commander-edition-sk\\\/#primaryimage\",\"url\":\"https:\\\/\\\/begamer.cz\\\/wp-content\\\/uploads\\\/2026\\\/01\\\/pathfinder-wrath-of-the-righteous-commander-edition-6.webp\",\"contentUrl\":\"https:\\\/\\\/begamer.cz\\\/wp-content\\\/uploads\\\/2026\\\/01\\\/pathfinder-wrath-of-the-righteous-commander-edition-6.webp\",\"width\":300,\"height\":400},{\"@type\":\"BreadcrumbList\",\"@id\":\"https:\\\/\\\/begamer.cz\\\/sk\\\/produkt\\\/pathfinder-wrath-of-the-righteous-commander-edition-sk\\\/#breadcrumb\",\"itemListElement\":[{\"@type\":\"ListItem\",\"position\":1,\"name\":\"Domov\",\"item\":\"https:\\\/\\\/begamer.cz\\\/sk\\\/\"},{\"@type\":\"ListItem\",\"position\":2,\"name\":\"Obchod\",\"item\":\"https:\\\/\\\/begamer.cz\\\/obchod\\\/\"},{\"@type\":\"ListItem\",\"position\":3,\"name\":\"Pathfinder: Wrath of the Righteous \u2013 Commander Edition\"}]},{\"@type\":\"WebSite\",\"@id\":\"https:\\\/\\\/begamer.cz\\\/sk\\\/#website\",\"url\":\"https:\\\/\\\/begamer.cz\\\/sk\\\/\",\"name\":\"BeGamer.cz\",\"description\":\"\",\"publisher\":{\"@id\":\"https:\\\/\\\/begamer.cz\\\/sk\\\/#organization\"},\"potentialAction\":[{\"@type\":\"SearchAction\",\"target\":{\"@type\":\"EntryPoint\",\"urlTemplate\":\"https:\\\/\\\/begamer.cz\\\/sk\\\/?s={search_term_string}\"},\"query-input\":{\"@type\":\"PropertyValueSpecification\",\"valueRequired\":true,\"valueName\":\"search_term_string\"}}],\"inLanguage\":\"sk-SK\"},{\"@type\":\"Organization\",\"@id\":\"https:\\\/\\\/begamer.cz\\\/sk\\\/#organization\",\"name\":\"BeGamer.cz\",\"url\":\"https:\\\/\\\/begamer.cz\\\/sk\\\/\",\"logo\":{\"@type\":\"ImageObject\",\"inLanguage\":\"sk-SK\",\"@id\":\"https:\\\/\\\/begamer.cz\\\/sk\\\/#\\\/schema\\\/logo\\\/image\\\/\",\"url\":\"https:\\\/\\\/begamer.cz\\\/wp-content\\\/uploads\\\/2025\\\/07\\\/logo.svg\",\"contentUrl\":\"https:\\\/\\\/begamer.cz\\\/wp-content\\\/uploads\\\/2025\\\/07\\\/logo.svg\",\"caption\":\"BeGamer.cz\"},\"image\":{\"@id\":\"https:\\\/\\\/begamer.cz\\\/sk\\\/#\\\/schema\\\/logo\\\/image\\\/\"}}]}<\/script>\n<!-- \/ Yoast SEO plugin. -->","yoast_head_json":{"title":"Pathfinder: Wrath of the Righteous - Commander Edition | BeGamer.cz","robots":{"index":"index","follow":"follow","max-snippet":"max-snippet:-1","max-image-preview":"max-image-preview:large","max-video-preview":"max-video-preview:-1"},"canonical":"https:\/\/begamer.cz\/sk\/produkt\/pathfinder-wrath-of-the-righteous-commander-edition-sk\/","og_locale":"sk_SK","og_type":"article","og_title":"Pathfinder: Wrath of the Righteous - Commander Edition | BeGamer.cz","og_description":"Pathfinder: Wrath of the Righteous - Commander Edition pon\u00faka epick\u00e9 RPG dobrodru\u017estvo pln\u00e9 taktick\u00fdch bojov, podrobn\u00e9ho prisp\u00f4sobenia post\u00e1v a bohat\u00e9ho pr\u00edbehu. Vezmite na seba vedenie kr\u00ed\u017eovej v\u00fdpravy proti d\u00e9monick\u00fdm sil\u00e1m v rozsiahlom, pohlcuj\u00facom svete. Obsahuje exkluz\u00edvny obsah, bonusy a vylep\u0161enia kvality \u017eivota.","og_url":"https:\/\/begamer.cz\/sk\/produkt\/pathfinder-wrath-of-the-righteous-commander-edition-sk\/","og_site_name":"BeGamer.cz","article_modified_time":"2026-03-18T07:33:18+00:00","og_image":[{"width":300,"height":400,"url":"https:\/\/begamer.cz\/wp-content\/uploads\/2026\/01\/pathfinder-wrath-of-the-righteous-commander-edition-6.webp","type":"image\/webp"}],"twitter_card":"summary_large_image","schema":{"@context":"https:\/\/schema.org","@graph":[{"@type":"WebPage","@id":"https:\/\/begamer.cz\/sk\/produkt\/pathfinder-wrath-of-the-righteous-commander-edition-sk\/","url":"https:\/\/begamer.cz\/sk\/produkt\/pathfinder-wrath-of-the-righteous-commander-edition-sk\/","name":"Pathfinder: Wrath of the Righteous - Commander Edition | BeGamer.cz","isPartOf":{"@id":"https:\/\/begamer.cz\/sk\/#website"},"primaryImageOfPage":{"@id":"https:\/\/begamer.cz\/sk\/produkt\/pathfinder-wrath-of-the-righteous-commander-edition-sk\/#primaryimage"},"image":{"@id":"https:\/\/begamer.cz\/sk\/produkt\/pathfinder-wrath-of-the-righteous-commander-edition-sk\/#primaryimage"},"thumbnailUrl":"https:\/\/begamer.cz\/wp-content\/uploads\/2026\/01\/pathfinder-wrath-of-the-righteous-commander-edition-6.webp","datePublished":"2026-01-30T16:21:23+00:00","dateModified":"2026-03-18T07:33:18+00:00","breadcrumb":{"@id":"https:\/\/begamer.cz\/sk\/produkt\/pathfinder-wrath-of-the-righteous-commander-edition-sk\/#breadcrumb"},"inLanguage":"sk-SK","potentialAction":[{"@type":"ReadAction","target":["https:\/\/begamer.cz\/sk\/produkt\/pathfinder-wrath-of-the-righteous-commander-edition-sk\/"]}]},{"@type":"ImageObject","inLanguage":"sk-SK","@id":"https:\/\/begamer.cz\/sk\/produkt\/pathfinder-wrath-of-the-righteous-commander-edition-sk\/#primaryimage","url":"https:\/\/begamer.cz\/wp-content\/uploads\/2026\/01\/pathfinder-wrath-of-the-righteous-commander-edition-6.webp","contentUrl":"https:\/\/begamer.cz\/wp-content\/uploads\/2026\/01\/pathfinder-wrath-of-the-righteous-commander-edition-6.webp","width":300,"height":400},{"@type":"BreadcrumbList","@id":"https:\/\/begamer.cz\/sk\/produkt\/pathfinder-wrath-of-the-righteous-commander-edition-sk\/#breadcrumb","itemListElement":[{"@type":"ListItem","position":1,"name":"Domov","item":"https:\/\/begamer.cz\/sk\/"},{"@type":"ListItem","position":2,"name":"Obchod","item":"https:\/\/begamer.cz\/obchod\/"},{"@type":"ListItem","position":3,"name":"Pathfinder: Wrath of the Righteous \u2013 Commander Edition"}]},{"@type":"WebSite","@id":"https:\/\/begamer.cz\/sk\/#website","url":"https:\/\/begamer.cz\/sk\/","name":"BeGamer.cz","description":"","publisher":{"@id":"https:\/\/begamer.cz\/sk\/#organization"},"potentialAction":[{"@type":"SearchAction","target":{"@type":"EntryPoint","urlTemplate":"https:\/\/begamer.cz\/sk\/?s={search_term_string}"},"query-input":{"@type":"PropertyValueSpecification","valueRequired":true,"valueName":"search_term_string"}}],"inLanguage":"sk-SK"},{"@type":"Organization","@id":"https:\/\/begamer.cz\/sk\/#organization","name":"BeGamer.cz","url":"https:\/\/begamer.cz\/sk\/","logo":{"@type":"ImageObject","inLanguage":"sk-SK","@id":"https:\/\/begamer.cz\/sk\/#\/schema\/logo\/image\/","url":"https:\/\/begamer.cz\/wp-content\/uploads\/2025\/07\/logo.svg","contentUrl":"https:\/\/begamer.cz\/wp-content\/uploads\/2025\/07\/logo.svg","caption":"BeGamer.cz"},"image":{"@id":"https:\/\/begamer.cz\/sk\/#\/schema\/logo\/image\/"}}]}},"acf":[],"_links":{"self":[{"href":"https:\/\/begamer.cz\/sk\/wp-json\/wp\/v2\/product\/98429","targetHints":{"allow":["GET"]}}],"collection":[{"href":"https:\/\/begamer.cz\/sk\/wp-json\/wp\/v2\/product"}],"about":[{"href":"https:\/\/begamer.cz\/sk\/wp-json\/wp\/v2\/types\/product"}],"replies":[{"embeddable":true,"href":"https:\/\/begamer.cz\/sk\/wp-json\/wp\/v2\/comments?post=98429"}],"wp:featuredmedia":[{"embeddable":true,"href":"https:\/\/begamer.cz\/sk\/wp-json\/wp\/v2\/media\/26955"}],"wp:attachment":[{"href":"https:\/\/begamer.cz\/sk\/wp-json\/wp\/v2\/media?parent=98429"}],"wp:term":[{"taxonomy":"product_brand","embeddable":true,"href":"https:\/\/begamer.cz\/sk\/wp-json\/wp\/v2\/product_brand?post=98429"},{"taxonomy":"product_cat","embeddable":true,"href":"https:\/\/begamer.cz\/sk\/wp-json\/wp\/v2\/product_cat?post=98429"},{"taxonomy":"product_tag","embeddable":true,"href":"https:\/\/begamer.cz\/sk\/wp-json\/wp\/v2\/product_tag?post=98429"}],"curies":[{"name":"wp","href":"https:\/\/api.w.org\/{rel}","templated":true}]}}