{"id":98420,"date":"2026-01-30T17:21:11","date_gmt":"2026-01-30T16:21:11","guid":{"rendered":"https:\/\/begamer.cz\/produkt\/lysfanga-the-time-shift-warrior-sk\/"},"modified":"2026-03-18T08:32:34","modified_gmt":"2026-03-18T07:32:34","slug":"lysfanga-the-time-shift-warrior-sk","status":"publish","type":"product","link":"https:\/\/begamer.cz\/sk\/produkt\/lysfanga-the-time-shift-warrior-sk\/","title":{"rendered":"Lysfanga: The Time Shift Warrior"},"content":{"rendered":"<p><span class=\"bb_img_ctn\"><img decoding=\"async\" class=\"bb_img\" src=\"https:\/\/shared.akamai.steamstatic.com\/store_item_assets\/steam\/apps\/2161620\/extras\/2b3bd5ac280484bdb7c39d47d216f511.avif?t=1710436253\" width=616 height=150 \/><\/span><br \/>Po pol tis\u00edcro\u010dia mieru vis\u00ed nad Antalou nov\u00e9 nebezpe\u010denstvo. Jej osud z\u00e1vis\u00ed od teba, Im\u00eb, <strong>Lysfanga<\/strong> z Nov\u00e9ho kr\u00e1\u013eovstva, ochranky\u0148a r\u00ed\u0161e. Starobyl\u00e9 mest\u00e1, ktor\u00e9 boli predt\u00fdm uv\u00e4znen\u00e9 v \u010dase, s\u00fa teraz op\u00e4\u0165 slobodn\u00e9 a star\u00e9 zlo uniklo a ohrozuje mier.<\/p>\n<p>Ale nebude\u0161 sama. Obdaren\u00fd <strong>\u010dasov\u00fdmi silami<\/strong> od samotnej Bohyne \u010dasu, \u010do \u017eiadny in\u00fd Lysfanga predt\u00fdm nemal, m\u00e1\u0161 schopnos\u0165 <strong>v boji vr\u00e1ti\u0165 \u010das sp\u00e4\u0165<\/strong> a privola\u0165 <strong>klony svojich minul\u00fdch ja<\/strong>, aby ti pomohli. Ovl\u00e1dni svoju silu, aby si sa stal l\u00e9giou, a rozdrv hordy uniknut\u00fdch d\u00e9monov, zn\u00e1mych ako <strong>Raxes<\/strong>.<\/p>\n<p>So svojou <strong>arm\u00e1dou minul\u00fdch j\u00e1<\/strong> postupuj starobyl\u00fdmi mestami, aby si roz\u0161\u00edril svoj arzen\u00e1l zbran\u00ed a nau\u010dil sa nov\u00e9 k\u00fazla, a priprav sa na ove\u013ea v\u00e4\u010d\u0161iu hrozbu, ktor\u00e1 \u0165a \u010dak\u00e1&#8230;<\/p>\n<p><span class=\"bb_img_ctn\"><img decoding=\"async\" class=\"bb_img\" src=\"https:\/\/shared.akamai.steamstatic.com\/store_item_assets\/steam\/apps\/2161620\/extras\/ab73befc2b4e5990c7335d3215e3ce0e.webp?t=1710436253\" width=616 height=50 \/><\/span><br \/>Pou\u017eite bo\u017esk\u00e9 sily Im\u00eb, aby ste vr\u00e1tili \u010das o nieko\u013eko sek\u00fand sp\u00e4\u0165 a privolali klony seba sam\u00e9ho \u2013 pozostatky \u2013 a vytvorili arm\u00e1du, ktor\u00e1 prem\u00f4\u017ee va\u0161ich nepriate\u013eov.<\/p>\n<p><span class=\"bb_img_ctn\"><video class=\"bb_img\" autoplay muted loop playsinline poster=\"https:\/\/shared.akamai.steamstatic.com\/store_item_assets\/steam\/apps\/2161620\/extras\/50e8148df952d2d5b0b15290528147eb.poster.avif?t=1710436253\" width=616 height=200 ><source src=\"https:\/\/shared.akamai.steamstatic.com\/store_item_assets\/steam\/apps\/2161620\/extras\/50e8148df952d2d5b0b15290528147eb.webm?t=1710436253\" type=\"video\/webm; codecs=vp9\"><source src=\"https:\/\/shared.akamai.steamstatic.com\/store_item_assets\/steam\/apps\/2161620\/extras\/50e8148df952d2d5b0b15290528147eb.mp4?t=1710436253\" type=\"video\/mp4\"><\/video><\/span><\/p>\n<p><span class=\"bb_img_ctn\"><img decoding=\"async\" class=\"bb_img\" src=\"https:\/\/shared.akamai.steamstatic.com\/store_item_assets\/steam\/apps\/2161620\/extras\/d03651d39388beff71eebd79f43d3c10.webp?t=1710436253\" width=616 height=50 \/><\/span><br \/>Vyz\u00fdvajte svoje zru\u010dnosti a d\u00f4vtip, aby ste prekonali sam\u00fdch seba. Ovl\u00e1dnite a prehrajte ka\u017ed\u00fa ar\u00e9nu, aby ste prekonali svoje vysok\u00e9 sk\u00f3re, a vyz\u00fdvajte sam\u00fdch seba zmenou nastaven\u00ed obtia\u017enosti a prid\u00e1van\u00edm bojov\u00fdch modifik\u00e1torov, aby ste odomkli nov\u00e9 odmeny.<\/p>\n<p><span class=\"bb_img_ctn\"><img decoding=\"async\" class=\"bb_img\" src=\"https:\/\/shared.akamai.steamstatic.com\/store_item_assets\/steam\/apps\/2161620\/extras\/f278317182591813aa4b951e4bcd74a2.webp?t=1710436253\" width=616 height=50 \/><\/span><br \/>Ka\u017ed\u00fa ar\u00e9nu je mo\u017en\u00e9 rie\u0161i\u0165 nespo\u010detn\u00fdmi sp\u00f4sobmi. Prisp\u00f4sobte svoju strat\u00e9giu a vyu\u017eite v\u0161etky n\u00e1stroje, ktor\u00e9 m\u00e1te k dispoz\u00edcii, aby ste zv\u00ed\u0165azili. \u00daspech bude z\u00e1visie\u0165 len od va\u0161ej kombin\u00e1cie zvy\u0161kov, k\u00faziel a zbran\u00ed.<\/p>\n<p><span class=\"bb_img_ctn\"><video class=\"bb_img\" autoplay muted loop playsinline crossorigin=\"anonymous\" poster=\"https:\/\/shared.akamai.steamstatic.com\/store_item_assets\/steam\/apps\/2161620\/extras\/aed53f3e97cd5cbe6d0ef8ad0a97bd61.poster.avif?t=1710436253\" width=616 height=200 ><source src=\"https:\/\/shared.akamai.steamstatic.com\/store_item_assets\/steam\/apps\/2161620\/extras\/aed53f3e97cd5cbe6d0ef8ad0a97bd61.webm?t=1710436253\" type=\"video\/webm; codecs=vp9\"><\/video><\/span><\/p>\n<p><span class=\"bb_img_ctn\"><img decoding=\"async\" class=\"bb_img\" src=\"https:\/\/shared.akamai.steamstatic.com\/store_item_assets\/steam\/apps\/2161620\/extras\/122c7b61898ba9bf68083df93e302a67.webp?t=1710436253\" width=616 height=50 \/><\/span><br \/>Star\u00e9 \u010dasov\u00e9 z\u00e1mky s\u00fa pre\u010d. Raxovia s\u00fa teraz op\u00e4\u0165 vo\u013en\u00ed, aby mohli vytv\u00e1ra\u0165 chaos. Presk\u00famajte opusten\u00e9 mest\u00e1 star\u00e9ho kontinentu, ktor\u00e9 boli predt\u00fdm uzamknut\u00e9 v \u010dase, a odha\u013ete pravdu za znovuzroden\u00edm Raxov.<\/p>\n","protected":false},"excerpt":{"rendered":"<p>Osud tvojho kr\u00e1\u013eovstva z\u00e1vis\u00ed od teba&#8230; teba&#8230; a teba. Vr\u00e1\u0165 sa v \u010dase, aby si vytvoril klony svojich minul\u00fdch ja, a bojuj s vlastnou arm\u00e1dou. Sta\u0148 sa l\u00e9giou a zv\u00ed\u0165az nad hordami mon\u0161tier, aby si zachr\u00e1nil Antalu v tejto taktickej ak\u010dnej hre.<\/p>\n","protected":false},"featured_media":26922,"comment_status":"open","ping_status":"closed","template":"","meta":{"_acf_changed":false},"product_brand":[],"product_cat":[290,294,268,266,312,318],"product_tag":[],"class_list":{"0":"post-98420","1":"product","2":"type-product","3":"status-publish","4":"has-post-thumbnail","6":"product_cat-indie-hry-pc-sk","7":"product_cat-logicke-pc-hry-sk","8":"product_cat-pc-sk","9":"product_cat-pc-hry-sk","10":"product_cat-steam-pc-sk","11":"product_cat-strategie-pc-hry-sk","12":"pa_audio-en-us","14":"pa_countries-ad","15":"pa_countries-ae","16":"pa_countries-af","17":"pa_countries-ag","18":"pa_countries-ai","19":"pa_countries-al","20":"pa_countries-am","21":"pa_countries-ao","22":"pa_countries-aq","23":"pa_countries-ar","24":"pa_countries-as","25":"pa_countries-at","26":"pa_countries-au","27":"pa_countries-aw","28":"pa_countries-ax","29":"pa_countries-az","30":"pa_countries-ba","31":"pa_countries-bb","32":"pa_countries-bd","33":"pa_countries-be","34":"pa_countries-bf","35":"pa_countries-bg","36":"pa_countries-bh","37":"pa_countries-bi","38":"pa_countries-bj","39":"pa_countries-bl","40":"pa_countries-bm","41":"pa_countries-bn","42":"pa_countries-bo","43":"pa_countries-bq","44":"pa_countries-br","45":"pa_countries-bs","46":"pa_countries-bt","47":"pa_countries-bv","48":"pa_countries-bw","49":"pa_countries-bz","50":"pa_countries-ca","51":"pa_countries-cc","52":"pa_countries-cd","53":"pa_countries-cf","54":"pa_countries-cg","55":"pa_countries-ch","56":"pa_countries-ci","57":"pa_countries-ck","58":"pa_countries-cl","59":"pa_countries-cm","60":"pa_countries-cn","61":"pa_countries-co","62":"pa_countries-cr","63":"pa_countries-cu","64":"pa_countries-cv","65":"pa_countries-cw","66":"pa_countries-cx","67":"pa_countries-cy","68":"pa_countries-cz","69":"pa_countries-de","70":"pa_countries-dj","71":"pa_countries-dk","72":"pa_countries-dm","73":"pa_countries-do","74":"pa_countries-dz","75":"pa_countries-ec","76":"pa_countries-ee","77":"pa_countries-eg","78":"pa_countries-eh","79":"pa_countries-er","80":"pa_countries-es","81":"pa_countries-et","82":"pa_countries-fi","83":"pa_countries-fj","84":"pa_countries-fk","85":"pa_countries-fm","86":"pa_countries-fo","87":"pa_countries-fr","88":"pa_countries-ga","89":"pa_countries-gb","90":"pa_countries-gd","91":"pa_countries-ge","92":"pa_countries-gf","93":"pa_countries-gg","94":"pa_countries-gh","95":"pa_countries-gi","96":"pa_countries-gl","97":"pa_countries-gm","98":"pa_countries-gn","99":"pa_countries-gp","100":"pa_countries-gq","101":"pa_countries-gr","102":"pa_countries-gs","103":"pa_countries-gt","104":"pa_countries-gu","105":"pa_countries-gw","106":"pa_countries-gy","107":"pa_countries-hk","108":"pa_countries-hm","109":"pa_countries-hn","110":"pa_countries-hr","111":"pa_countries-ht","112":"pa_countries-hu","113":"pa_countries-id","114":"pa_countries-ie","115":"pa_countries-il","116":"pa_countries-im","117":"pa_countries-in","118":"pa_countries-io","119":"pa_countries-iq","120":"pa_countries-ir","121":"pa_countries-is","122":"pa_countries-it","123":"pa_countries-je","124":"pa_countries-jm","125":"pa_countries-jo","126":"pa_countries-jp","127":"pa_countries-ke","128":"pa_countries-kg","129":"pa_countries-kh","130":"pa_countries-ki","131":"pa_countries-km","132":"pa_countries-kn","133":"pa_countries-kp","134":"pa_countries-kr","135":"pa_countries-kw","136":"pa_countries-ky","137":"pa_countries-kz","138":"pa_countries-la","139":"pa_countries-lb","140":"pa_countries-lc","141":"pa_countries-li","142":"pa_countries-lk","143":"pa_countries-lr","144":"pa_countries-ls","145":"pa_countries-lt","146":"pa_countries-lu","147":"pa_countries-lv","148":"pa_countries-ly","149":"pa_countries-ma","150":"pa_countries-mc","151":"pa_countries-md","152":"pa_countries-me","153":"pa_countries-mf","154":"pa_countries-mg","155":"pa_countries-mh","156":"pa_countries-mk","157":"pa_countries-ml","158":"pa_countries-mm","159":"pa_countries-mn","160":"pa_countries-mo","161":"pa_countries-mp","162":"pa_countries-mq","163":"pa_countries-mr","164":"pa_countries-ms","165":"pa_countries-mt","166":"pa_countries-mu","167":"pa_countries-mv","168":"pa_countries-mw","169":"pa_countries-mx","170":"pa_countries-my","171":"pa_countries-mz","172":"pa_countries-na","173":"pa_countries-nc","174":"pa_countries-ne","175":"pa_countries-nf","176":"pa_countries-ng","177":"pa_countries-ni","178":"pa_countries-nl","179":"pa_countries-no","180":"pa_countries-np","181":"pa_countries-nr","182":"pa_countries-nu","183":"pa_countries-nz","184":"pa_countries-om","185":"pa_countries-pa","186":"pa_countries-pe","187":"pa_countries-pf","188":"pa_countries-pg","189":"pa_countries-ph","190":"pa_countries-pk","191":"pa_countries-pl","192":"pa_countries-pm","193":"pa_countries-pn","194":"pa_countries-pr","195":"pa_countries-ps","196":"pa_countries-pt","197":"pa_countries-pw","198":"pa_countries-py","199":"pa_countries-qa","200":"pa_countries-re","201":"pa_countries-ro","202":"pa_countries-rs","203":"pa_countries-rw","204":"pa_countries-sa","205":"pa_countries-sb","206":"pa_countries-sc","207":"pa_countries-sd","208":"pa_countries-se","209":"pa_countries-sg","210":"pa_countries-sh","211":"pa_countries-si","212":"pa_countries-sj","213":"pa_countries-sk","214":"pa_countries-sl","215":"pa_countries-sm","216":"pa_countries-sn","217":"pa_countries-so","218":"pa_countries-sr","219":"pa_countries-ss","221":"pa_countries-st","222":"pa_countries-sv","223":"pa_countries-sx","224":"pa_countries-sy","225":"pa_countries-sz","226":"pa_countries-tc","227":"pa_countries-td","228":"pa_countries-tf","229":"pa_countries-tg","230":"pa_countries-th","231":"pa_countries-tj","232":"pa_countries-tk","233":"pa_countries-tl","234":"pa_countries-tm","235":"pa_countries-tn","236":"pa_countries-to","237":"pa_countries-tr","238":"pa_countries-tt","239":"pa_countries-tv","240":"pa_countries-tw","241":"pa_countries-tz","242":"pa_countries-ua","243":"pa_countries-ug","244":"pa_countries-um","245":"pa_countries-us","246":"pa_countries-uy","247":"pa_countries-uz","248":"pa_countries-va","249":"pa_countries-vc","250":"pa_countries-ve","251":"pa_countries-vg","252":"pa_countries-vi","253":"pa_countries-vn","254":"pa_countries-vu","255":"pa_countries-wf","256":"pa_countries-ws","257":"pa_countries-xk","258":"pa_countries-ye","259":"pa_countries-yt","260":"pa_countries-za","261":"pa_countries-zm","262":"pa_countries-zw","263":"pa_developer-sand-door-studio","265":"pa_engine-unity","267":"pa_game_type-main_game","269":"pa_genres-hack-and-slash-beat-em-up","271":"pa_genres-indie","272":"pa_genres-puzzle","273":"pa_genres-strategy","274":"pa_interface-de-de","275":"pa_interface-en-us","276":"pa_interface-es-es","277":"pa_interface-fr-fr","278":"pa_interface-it-it","279":"pa_interface-ja-jp","280":"pa_interface-ko-kr","281":"pa_interface-pl-pl","282":"pa_interface-pt-br","283":"pa_interface-pt-pt","285":"pa_interface-ru-ru","286":"pa_interface-tr-tr","287":"pa_interface-zh-cn","288":"pa_interface-zh-tw","289":"pa_modes-single-player","291":"pa_pegi-13428","292":"pa_pegi-927","293":"pa_platform-pc-steam","295":"pa_player_perspectives-bird-view-isometric","297":"pa_publisher-fabloo-games","299":"pa_publisher-quantic-dream","300":"pa_rating-14441","301":"pa_rating-773","302":"pa_region-europe","304":"pa_subtitles-de-de","305":"pa_subtitles-en-us","306":"pa_subtitles-es-es","307":"pa_subtitles-fr-fr","308":"pa_subtitles-it-it","309":"pa_subtitles-ja-jp","310":"pa_subtitles-ko-kr","311":"pa_subtitles-pl-pl","312":"pa_subtitles-pt-pt","314":"pa_subtitles-ru-ru","315":"pa_subtitles-tr-tr","316":"pa_subtitles-zh-cn","317":"pa_subtitles-zh-tw","318":"pa_themes-action","321":"first","322":"instock","323":"virtual","324":"taxable","325":"purchasable","326":"product-type-simple"},"yoast_head":"<!-- This site is optimized with the Yoast SEO plugin v27.3 - https:\/\/yoast.com\/product\/yoast-seo-wordpress\/ -->\n<title>Lysfanga: The Time Shift Warrior | BeGamer.cz<\/title>\n<meta name=\"robots\" content=\"index, follow, max-snippet:-1, max-image-preview:large, max-video-preview:-1\" \/>\n<link rel=\"canonical\" href=\"https:\/\/begamer.cz\/sk\/produkt\/lysfanga-the-time-shift-warrior-sk\/\" \/>\n<meta property=\"og:locale\" content=\"sk_SK\" \/>\n<meta property=\"og:type\" content=\"article\" \/>\n<meta property=\"og:title\" content=\"Lysfanga: The Time Shift Warrior | BeGamer.cz\" \/>\n<meta property=\"og:description\" content=\"Osud tvojho kr\u00e1\u013eovstva z\u00e1vis\u00ed od teba... teba... a teba. Vr\u00e1\u0165 sa v \u010dase, aby si vytvoril klony svojich minul\u00fdch ja, a bojuj s vlastnou arm\u00e1dou. Sta\u0148 sa l\u00e9giou a zv\u00ed\u0165az nad hordami mon\u0161tier, aby si zachr\u00e1nil Antalu v tejto taktickej ak\u010dnej hre.\" \/>\n<meta property=\"og:url\" content=\"https:\/\/begamer.cz\/sk\/produkt\/lysfanga-the-time-shift-warrior-sk\/\" \/>\n<meta property=\"og:site_name\" content=\"BeGamer.cz\" \/>\n<meta property=\"article:modified_time\" content=\"2026-03-18T07:32:34+00:00\" \/>\n<meta property=\"og:image\" content=\"https:\/\/begamer.cz\/wp-content\/uploads\/2026\/01\/lysfanga-the-time-shift-warrior-7.webp\" \/>\n\t<meta property=\"og:image:width\" content=\"300\" \/>\n\t<meta property=\"og:image:height\" content=\"400\" \/>\n\t<meta property=\"og:image:type\" content=\"image\/webp\" \/>\n<meta name=\"twitter:card\" content=\"summary_large_image\" \/>\n<meta name=\"twitter:label1\" content=\"Predpokladan\u00fd \u010das \u010d\u00edtania\" \/>\n\t<meta name=\"twitter:data1\" content=\"2 min\u00faty\" \/>\n<script type=\"application\/ld+json\" class=\"yoast-schema-graph\">{\"@context\":\"https:\\\/\\\/schema.org\",\"@graph\":[{\"@type\":\"WebPage\",\"@id\":\"https:\\\/\\\/begamer.cz\\\/sk\\\/produkt\\\/lysfanga-the-time-shift-warrior-sk\\\/\",\"url\":\"https:\\\/\\\/begamer.cz\\\/sk\\\/produkt\\\/lysfanga-the-time-shift-warrior-sk\\\/\",\"name\":\"Lysfanga: The Time Shift Warrior | BeGamer.cz\",\"isPartOf\":{\"@id\":\"https:\\\/\\\/begamer.cz\\\/sk\\\/#website\"},\"primaryImageOfPage\":{\"@id\":\"https:\\\/\\\/begamer.cz\\\/sk\\\/produkt\\\/lysfanga-the-time-shift-warrior-sk\\\/#primaryimage\"},\"image\":{\"@id\":\"https:\\\/\\\/begamer.cz\\\/sk\\\/produkt\\\/lysfanga-the-time-shift-warrior-sk\\\/#primaryimage\"},\"thumbnailUrl\":\"https:\\\/\\\/begamer.cz\\\/wp-content\\\/uploads\\\/2026\\\/01\\\/lysfanga-the-time-shift-warrior-7.webp\",\"datePublished\":\"2026-01-30T16:21:11+00:00\",\"dateModified\":\"2026-03-18T07:32:34+00:00\",\"breadcrumb\":{\"@id\":\"https:\\\/\\\/begamer.cz\\\/sk\\\/produkt\\\/lysfanga-the-time-shift-warrior-sk\\\/#breadcrumb\"},\"inLanguage\":\"sk-SK\",\"potentialAction\":[{\"@type\":\"ReadAction\",\"target\":[\"https:\\\/\\\/begamer.cz\\\/sk\\\/produkt\\\/lysfanga-the-time-shift-warrior-sk\\\/\"]}]},{\"@type\":\"ImageObject\",\"inLanguage\":\"sk-SK\",\"@id\":\"https:\\\/\\\/begamer.cz\\\/sk\\\/produkt\\\/lysfanga-the-time-shift-warrior-sk\\\/#primaryimage\",\"url\":\"https:\\\/\\\/begamer.cz\\\/wp-content\\\/uploads\\\/2026\\\/01\\\/lysfanga-the-time-shift-warrior-7.webp\",\"contentUrl\":\"https:\\\/\\\/begamer.cz\\\/wp-content\\\/uploads\\\/2026\\\/01\\\/lysfanga-the-time-shift-warrior-7.webp\",\"width\":300,\"height\":400},{\"@type\":\"BreadcrumbList\",\"@id\":\"https:\\\/\\\/begamer.cz\\\/sk\\\/produkt\\\/lysfanga-the-time-shift-warrior-sk\\\/#breadcrumb\",\"itemListElement\":[{\"@type\":\"ListItem\",\"position\":1,\"name\":\"Domov\",\"item\":\"https:\\\/\\\/begamer.cz\\\/sk\\\/\"},{\"@type\":\"ListItem\",\"position\":2,\"name\":\"Obchod\",\"item\":\"https:\\\/\\\/begamer.cz\\\/obchod\\\/\"},{\"@type\":\"ListItem\",\"position\":3,\"name\":\"Lysfanga: The Time Shift Warrior\"}]},{\"@type\":\"WebSite\",\"@id\":\"https:\\\/\\\/begamer.cz\\\/sk\\\/#website\",\"url\":\"https:\\\/\\\/begamer.cz\\\/sk\\\/\",\"name\":\"BeGamer.cz\",\"description\":\"\",\"publisher\":{\"@id\":\"https:\\\/\\\/begamer.cz\\\/sk\\\/#organization\"},\"potentialAction\":[{\"@type\":\"SearchAction\",\"target\":{\"@type\":\"EntryPoint\",\"urlTemplate\":\"https:\\\/\\\/begamer.cz\\\/sk\\\/?s={search_term_string}\"},\"query-input\":{\"@type\":\"PropertyValueSpecification\",\"valueRequired\":true,\"valueName\":\"search_term_string\"}}],\"inLanguage\":\"sk-SK\"},{\"@type\":\"Organization\",\"@id\":\"https:\\\/\\\/begamer.cz\\\/sk\\\/#organization\",\"name\":\"BeGamer.cz\",\"url\":\"https:\\\/\\\/begamer.cz\\\/sk\\\/\",\"logo\":{\"@type\":\"ImageObject\",\"inLanguage\":\"sk-SK\",\"@id\":\"https:\\\/\\\/begamer.cz\\\/sk\\\/#\\\/schema\\\/logo\\\/image\\\/\",\"url\":\"https:\\\/\\\/begamer.cz\\\/wp-content\\\/uploads\\\/2025\\\/07\\\/logo.svg\",\"contentUrl\":\"https:\\\/\\\/begamer.cz\\\/wp-content\\\/uploads\\\/2025\\\/07\\\/logo.svg\",\"caption\":\"BeGamer.cz\"},\"image\":{\"@id\":\"https:\\\/\\\/begamer.cz\\\/sk\\\/#\\\/schema\\\/logo\\\/image\\\/\"}}]}<\/script>\n<!-- \/ Yoast SEO plugin. -->","yoast_head_json":{"title":"Lysfanga: The Time Shift Warrior | BeGamer.cz","robots":{"index":"index","follow":"follow","max-snippet":"max-snippet:-1","max-image-preview":"max-image-preview:large","max-video-preview":"max-video-preview:-1"},"canonical":"https:\/\/begamer.cz\/sk\/produkt\/lysfanga-the-time-shift-warrior-sk\/","og_locale":"sk_SK","og_type":"article","og_title":"Lysfanga: The Time Shift Warrior | BeGamer.cz","og_description":"Osud tvojho kr\u00e1\u013eovstva z\u00e1vis\u00ed od teba... teba... a teba. Vr\u00e1\u0165 sa v \u010dase, aby si vytvoril klony svojich minul\u00fdch ja, a bojuj s vlastnou arm\u00e1dou. Sta\u0148 sa l\u00e9giou a zv\u00ed\u0165az nad hordami mon\u0161tier, aby si zachr\u00e1nil Antalu v tejto taktickej ak\u010dnej hre.","og_url":"https:\/\/begamer.cz\/sk\/produkt\/lysfanga-the-time-shift-warrior-sk\/","og_site_name":"BeGamer.cz","article_modified_time":"2026-03-18T07:32:34+00:00","og_image":[{"width":300,"height":400,"url":"https:\/\/begamer.cz\/wp-content\/uploads\/2026\/01\/lysfanga-the-time-shift-warrior-7.webp","type":"image\/webp"}],"twitter_card":"summary_large_image","twitter_misc":{"Predpokladan\u00fd \u010das \u010d\u00edtania":"2 min\u00faty"},"schema":{"@context":"https:\/\/schema.org","@graph":[{"@type":"WebPage","@id":"https:\/\/begamer.cz\/sk\/produkt\/lysfanga-the-time-shift-warrior-sk\/","url":"https:\/\/begamer.cz\/sk\/produkt\/lysfanga-the-time-shift-warrior-sk\/","name":"Lysfanga: The Time Shift Warrior | BeGamer.cz","isPartOf":{"@id":"https:\/\/begamer.cz\/sk\/#website"},"primaryImageOfPage":{"@id":"https:\/\/begamer.cz\/sk\/produkt\/lysfanga-the-time-shift-warrior-sk\/#primaryimage"},"image":{"@id":"https:\/\/begamer.cz\/sk\/produkt\/lysfanga-the-time-shift-warrior-sk\/#primaryimage"},"thumbnailUrl":"https:\/\/begamer.cz\/wp-content\/uploads\/2026\/01\/lysfanga-the-time-shift-warrior-7.webp","datePublished":"2026-01-30T16:21:11+00:00","dateModified":"2026-03-18T07:32:34+00:00","breadcrumb":{"@id":"https:\/\/begamer.cz\/sk\/produkt\/lysfanga-the-time-shift-warrior-sk\/#breadcrumb"},"inLanguage":"sk-SK","potentialAction":[{"@type":"ReadAction","target":["https:\/\/begamer.cz\/sk\/produkt\/lysfanga-the-time-shift-warrior-sk\/"]}]},{"@type":"ImageObject","inLanguage":"sk-SK","@id":"https:\/\/begamer.cz\/sk\/produkt\/lysfanga-the-time-shift-warrior-sk\/#primaryimage","url":"https:\/\/begamer.cz\/wp-content\/uploads\/2026\/01\/lysfanga-the-time-shift-warrior-7.webp","contentUrl":"https:\/\/begamer.cz\/wp-content\/uploads\/2026\/01\/lysfanga-the-time-shift-warrior-7.webp","width":300,"height":400},{"@type":"BreadcrumbList","@id":"https:\/\/begamer.cz\/sk\/produkt\/lysfanga-the-time-shift-warrior-sk\/#breadcrumb","itemListElement":[{"@type":"ListItem","position":1,"name":"Domov","item":"https:\/\/begamer.cz\/sk\/"},{"@type":"ListItem","position":2,"name":"Obchod","item":"https:\/\/begamer.cz\/obchod\/"},{"@type":"ListItem","position":3,"name":"Lysfanga: The Time Shift Warrior"}]},{"@type":"WebSite","@id":"https:\/\/begamer.cz\/sk\/#website","url":"https:\/\/begamer.cz\/sk\/","name":"BeGamer.cz","description":"","publisher":{"@id":"https:\/\/begamer.cz\/sk\/#organization"},"potentialAction":[{"@type":"SearchAction","target":{"@type":"EntryPoint","urlTemplate":"https:\/\/begamer.cz\/sk\/?s={search_term_string}"},"query-input":{"@type":"PropertyValueSpecification","valueRequired":true,"valueName":"search_term_string"}}],"inLanguage":"sk-SK"},{"@type":"Organization","@id":"https:\/\/begamer.cz\/sk\/#organization","name":"BeGamer.cz","url":"https:\/\/begamer.cz\/sk\/","logo":{"@type":"ImageObject","inLanguage":"sk-SK","@id":"https:\/\/begamer.cz\/sk\/#\/schema\/logo\/image\/","url":"https:\/\/begamer.cz\/wp-content\/uploads\/2025\/07\/logo.svg","contentUrl":"https:\/\/begamer.cz\/wp-content\/uploads\/2025\/07\/logo.svg","caption":"BeGamer.cz"},"image":{"@id":"https:\/\/begamer.cz\/sk\/#\/schema\/logo\/image\/"}}]}},"acf":[],"_links":{"self":[{"href":"https:\/\/begamer.cz\/sk\/wp-json\/wp\/v2\/product\/98420","targetHints":{"allow":["GET"]}}],"collection":[{"href":"https:\/\/begamer.cz\/sk\/wp-json\/wp\/v2\/product"}],"about":[{"href":"https:\/\/begamer.cz\/sk\/wp-json\/wp\/v2\/types\/product"}],"replies":[{"embeddable":true,"href":"https:\/\/begamer.cz\/sk\/wp-json\/wp\/v2\/comments?post=98420"}],"wp:featuredmedia":[{"embeddable":true,"href":"https:\/\/begamer.cz\/sk\/wp-json\/wp\/v2\/media\/26922"}],"wp:attachment":[{"href":"https:\/\/begamer.cz\/sk\/wp-json\/wp\/v2\/media?parent=98420"}],"wp:term":[{"taxonomy":"product_brand","embeddable":true,"href":"https:\/\/begamer.cz\/sk\/wp-json\/wp\/v2\/product_brand?post=98420"},{"taxonomy":"product_cat","embeddable":true,"href":"https:\/\/begamer.cz\/sk\/wp-json\/wp\/v2\/product_cat?post=98420"},{"taxonomy":"product_tag","embeddable":true,"href":"https:\/\/begamer.cz\/sk\/wp-json\/wp\/v2\/product_tag?post=98420"}],"curies":[{"name":"wp","href":"https:\/\/api.w.org\/{rel}","templated":true}]}}