{"id":98393,"date":"2026-01-30T17:17:50","date_gmt":"2026-01-30T16:17:50","guid":{"rendered":"https:\/\/begamer.cz\/produkt\/we-the-refugees-ticket-to-europe-sk\/"},"modified":"2026-03-18T08:29:16","modified_gmt":"2026-03-18T07:29:16","slug":"we-the-refugees-ticket-to-europe-sk","status":"publish","type":"product","link":"https:\/\/begamer.cz\/sk\/produkt\/we-the-refugees-ticket-to-europe-sk\/","title":{"rendered":"We. The Refugees: Ticket to Europe"},"content":{"rendered":"<p><span class=\"bb_img_ctn\"><video class=\"bb_img\" autoplay muted loop playsinline poster=\"https:\/\/shared.akamai.steamstatic.com\/store_item_assets\/steam\/apps\/2094580\/extras\/4f05acf9f85b48db0f538884a8201ce8.poster.avif?t=1746525024\" width=628 height=182 ><source src=\"https:\/\/shared.akamai.steamstatic.com\/store_item_assets\/steam\/apps\/2094580\/extras\/4f05acf9f85b48db0f538884a8201ce8.webm?t=1746525024\" type=\"video\/webm; codecs=vp9\"><source src=\"https:\/\/shared.akamai.steamstatic.com\/store_item_assets\/steam\/apps\/2094580\/extras\/4f05acf9f85b48db0f538884a8201ce8.mp4?t=1746525024\" type=\"video\/mp4\"><\/video><\/span><\/p>\n<p><strong>My. Ute\u010denci: L\u00edstok do Eur\u00f3py je interakt\u00edvna dobrodru\u017en\u00e1 hra o ute\u010dencoch, ktor\u00e1 sa odohr\u00e1va v s\u00fa\u010dasnej Eur\u00f3pe a severnej Afrike. Ilustrovan\u00e1 snovou komiksovou grafikou. In\u0161pirovan\u00e1 skuto\u010dn\u00fdmi udalos\u0165ami \u2013 tvorcovia skuto\u010dne nav\u0161t\u00edvili ute\u010deneck\u00fd t\u00e1bor, rozhovorili sa s desiatkami ute\u010dencov a ich pr\u00edbehy sa stali z\u00e1kladom hry.<\/strong><\/p>\n<p><strong>K\u013e\u00fa\u010dov\u00e9 vlastnosti<\/strong><\/p>\n<ul class=\"bb_ul\">\n<li><strong>5 a\u017e 10 hod\u00edn hrania<\/strong> v jednom prechode<\/li>\n<li>Celkovo asi <strong>30 hod\u00edn obsahu<\/strong><\/li>\n<li><strong>Tis\u00edce mo\u017enost\u00ed dial\u00f3gov!<\/strong><\/li>\n<li>Vynikaj\u00faca <strong>opakovate\u013enos\u0165<\/strong> \u2013 viacero ciest umo\u017e\u0148uj\u00facich a\u017e <strong>3 jedine\u010dn\u00e9 prejdenia hry<\/strong><\/li>\n<li><strong>Stovky zna\u010diek<\/strong> opisuj\u00facich va\u0161u postavu a predmety<\/li>\n<li>Viac ako <strong>100 \u00faspechov<\/strong> \u2013 \u0161peci\u00e1lne pozn\u00e1mky, ktor\u00e9 m\u00f4\u017eete zbiera\u0165 a potom pou\u017ei\u0165 vo svojej report\u00e1\u017ei<\/li>\n<li>Pribli\u017ene <strong>20 NPC,<\/strong> s ktor\u00fdmi sa m\u00f4\u017eete stretn\u00fa\u0165 a spozna\u0165 ich pr\u00edbehy<\/li>\n<li>5 kraj\u00edn, ktor\u00e9 m\u00f4\u017eete nav\u0161t\u00edvi\u0165, a more, ktor\u00e9 m\u00f4\u017eete prepl\u00e1va\u0165<\/li>\n<li>90 min\u00fat <strong>origin\u00e1lneho soundtracku<\/strong><\/li>\n<li>Takmer 100 <strong>ru\u010dne kreslen\u00fdch ilustr\u00e1ci\u00ed<\/strong><\/li>\n<\/ul>\n<p><strong>Pr\u00edbeh<\/strong><br \/>Je za\u010diatok roka 2020. Ste frustrovan\u00fd tridsiatnik z Var\u0161avy, ktor\u00fd t\u00fa\u017ei sta\u0165 sa spisovate\u013eom a rozhodne sa nie\u010do dok\u00e1za\u0165. Ohrom\u00edte liter\u00e1rny svet svojou prevratnou knihou o ute\u010dencoch. In\u0161piruje dav, povzbud\u00ed srdcia, roz\u0161\u00edri obzory a zmen\u00ed svet k lep\u0161iemu.<\/p>\n<p>Ne\u017e si priprav\u00edte \u010fakovn\u00fa re\u010d na odovzd\u00e1van\u00ed Pulitzerovej ceny, mus\u00edte vyrie\u0161i\u0165 len jednu mali\u010dkos\u0165 \u2013 cestu do Afriky, kde nazbierate materi\u00e1l pre svoj pr\u00edbeh. M\u00e1te geni\u00e1lny pl\u00e1n, ako sa prepa\u0161ova\u0165 na jednu z neleg\u00e1lnych lod\u00ed, ktor\u00e9 pl\u00e1vaj\u00fa do Eur\u00f3py z africk\u00e9ho pobre\u017eia, a pritom sa vyd\u00e1va\u0165 za ute\u010denca. Ur\u010dite sa ni\u010d nem\u00f4\u017ee pokazi\u0165 a vy nie ste \u00faplne mimo svojej ligy. Ur\u010dite.<\/p>\n<p><span class=\"bb_img_ctn\"><img decoding=\"async\" class=\"bb_img\" src=\"https:\/\/shared.akamai.steamstatic.com\/store_item_assets\/steam\/apps\/2094580\/extras\/61623ed58eec6156819a12794affd768.avif?t=1746525024\" width=616 height=278 \/><\/span><\/p>\n<p><strong>V\u00fdvoj\u00e1ri podporuj\u00fa ute\u010deneck\u00fa vec<\/strong><\/p>\n<p>5 % zo zisku projektu We. The Refugees: Ticket to Europe bude venovan\u00fdch charitat\u00edvnym organiz\u00e1ci\u00e1m pom\u00e1haj\u00facim ute\u010dencom. Prv\u00fdch 2,5 % p\u00f4jde na projekt Hope Project  \u2013 gr\u00e9ckych dobrovo\u013en\u00edkov, ktor\u00ed n\u00e1m pomohli osobne stretn\u00fa\u0165 ute\u010dencov po\u010das v\u00fdskumu. Druh\u00e1 polovica p\u00f4jde na in\u00e9 humanit\u00e1rne organiz\u00e1cie, ktor\u00e9 vyberieme spolo\u010dne s na\u0161ou komunitou.<\/p>\n<p><strong>Jedine\u010dnos\u0165 hry <i>We. The Refugees: Ticket to Europe<\/i><\/strong> <u>Modern\u00e9,<\/u><\/p>\n<p><u>relevantn\u00e9 prostredie<\/u><br \/>Hra sa t\u00fdka ute\u010deneckej kr\u00edzy na ju\u017en\u00fdch hraniciach Eur\u00f3py, ve\u013emi re\u00e1lneho probl\u00e9mu, s ktor\u00fdm sa stret\u00e1vame u\u017e nieko\u013eko rokov.<\/p>\n<p><u>Bohato tkan\u00fd pr\u00edbeh<\/u> Zlo\u017eit\u00fd,<br \/>viacvrstvov\u00fd scen\u00e1r obsahuje takmer 2 mili\u00f3ny znakov, \u010do zodpoved\u00e1 3-4 rom\u00e1nom. V\u00fdznamn\u00e9 vo\u013eby a d\u00f4sledky rozde\u013euj\u00fa dej na paraleln\u00fdch l\u00edni\u00e1ch, \u010do umo\u017e\u0148uje hr\u00e1\u010dom stretn\u00fa\u0165 sa s nov\u00fdmi postavami a objavova\u0165 nov\u00e9 dejov\u00e9 l\u00ednie po\u010das druh\u00e9ho a tretieho prejdenia hry. <u>Srozumite\u013en\u00fd poh\u013ead<\/u><\/p>\n<p><u>na zlo\u017eit\u00fa t\u00e9mu<\/u><br \/>Hlavnou postavou je Eur\u00f3pan, ktor\u00fd sa ako outsider sna\u017e\u00ed vst\u00fapi\u0165 do sveta ute\u010dencov. Hra z\u00e1merne vyu\u017e\u00edva kli\u0161\u00e9 \u201ecesta bieleho mu\u017ea do exotick\u00e9ho sveta\u201c a podkop\u00e1va ho.<\/p>\n<p><u>Viac\u00farov\u0148ov\u00fd, origin\u00e1lny pr\u00edbeh<\/u><br \/>Hra je metakontextu\u00e1lna \u2013 nie je to len report\u00e1\u017e o ute\u010dencoch, ale aj interakt\u00edvna fik\u010dn\u00e1 hra, ktor\u00e1 predstavuje samotn\u00fd proces tvorby report\u00e1\u017ee. T\u00fdmto sp\u00f4sobom hr\u00e1\u010d objavuje nielen cestu ute\u010dencov, ale aj v\u00fdzvy, ktor\u00fdm \u010del\u00ed spisovate\u013e pri sk\u00faman\u00ed tejto t\u00e9my.<\/p>\n<p><u>Autentickos\u0165 a faktickos\u0165<\/u><br \/>Na z\u00e1klade skuto\u010dn\u00fdch udalost\u00ed predch\u00e1dzala procesu p\u00edsania s\u00e9ria rozhovorov s ute\u010dencami, ktor\u00ed boli obozn\u00e1men\u00ed s koncepciou hry. Aby to bolo mo\u017en\u00e9, t\u00edm autorov nav\u0161t\u00edvil ute\u010deneck\u00fd t\u00e1bor Moria na gr\u00e9ckom ostrove Lesbos, kde bol ute\u010dencom a dobrovo\u013en\u00edkom predstaven\u00fd prototyp hry. Scen\u00e1r bol tie\u017e pos\u00faden\u00fd odborn\u00edkmi z pr\u00edslu\u0161n\u00fdch mimovl\u00e1dnych organiz\u00e1ci\u00ed.<\/p>\n<p><span class=\"bb_img_ctn\"><img decoding=\"async\" class=\"bb_img\" src=\"https:\/\/shared.akamai.steamstatic.com\/store_item_assets\/steam\/apps\/2094580\/extras\/8b4e45d566e27aaa5cf2c81e50b549cf.avif?t=1746525024\" width=620 height=326 \/><\/span><\/p>\n","protected":false},"excerpt":{"rendered":"<p>\u201eWe. The Refugees: Ticket to Europe\u201c je soci\u00e1lne anga\u017eovan\u00e1 textov\u00e1 RPG hra o novin\u00e1rovi, ktor\u00fd h\u013ead\u00e1 svoju ve\u013ek\u00fa pr\u00edle\u017eitos\u0165 odhalen\u00edm utrpenia ute\u010dencov cestuj\u00facich z Afriky do Eur\u00f3py. Pr\u00edbeh je in\u0161pirovan\u00fd skuto\u010dn\u00fdmi udalos\u0165ami.<\/p>\n","protected":false},"featured_media":71272,"comment_status":"open","ping_status":"closed","template":"","meta":{"_acf_changed":false},"product_brand":[],"product_cat":[270,290,268,266,308,312],"product_tag":[],"class_list":{"0":"post-98393","1":"product","2":"type-product","3":"status-publish","4":"has-post-thumbnail","6":"product_cat-adventury-pc-hry-sk","7":"product_cat-indie-hry-pc-sk","8":"product_cat-pc-sk","9":"product_cat-pc-hry-sk","10":"product_cat-rpg-pc-hry-sk","11":"product_cat-steam-pc-sk","12":"pa_audio-en-us","14":"pa_game_type-main_game","16":"pa_genres-adventure","17":"pa_genres-indie","19":"pa_genres-role-playing-rpg","20":"pa_interface-en-us","21":"pa_interface-pl-pl","22":"pa_interface-zh-cn","24":"pa_modes-single-player","26":"pa_platform-pc-steam","28":"pa_rating-14441","29":"pa_rating-773","30":"pa_region-global","32":"pa_subtitles-en-us","33":"pa_subtitles-pl-pl","35":"pa_subtitles-zh-cn","37":"first","38":"instock","39":"virtual","40":"taxable","41":"purchasable","42":"product-type-simple"},"yoast_head":"<!-- This site is optimized with the Yoast SEO plugin v27.3 - https:\/\/yoast.com\/product\/yoast-seo-wordpress\/ -->\n<title>We. The Refugees: Ticket to Europe | BeGamer.cz<\/title>\n<meta name=\"robots\" content=\"index, follow, max-snippet:-1, max-image-preview:large, max-video-preview:-1\" \/>\n<link rel=\"canonical\" href=\"https:\/\/begamer.cz\/sk\/produkt\/we-the-refugees-ticket-to-europe-sk\/\" \/>\n<meta property=\"og:locale\" content=\"sk_SK\" \/>\n<meta property=\"og:type\" content=\"article\" \/>\n<meta property=\"og:title\" content=\"We. The Refugees: Ticket to Europe | BeGamer.cz\" \/>\n<meta property=\"og:description\" content=\"\u201eWe. The Refugees: Ticket to Europe\u201c je soci\u00e1lne anga\u017eovan\u00e1 textov\u00e1 RPG hra o novin\u00e1rovi, ktor\u00fd h\u013ead\u00e1 svoju ve\u013ek\u00fa pr\u00edle\u017eitos\u0165 odhalen\u00edm utrpenia ute\u010dencov cestuj\u00facich z Afriky do Eur\u00f3py. Pr\u00edbeh je in\u0161pirovan\u00fd skuto\u010dn\u00fdmi udalos\u0165ami.\" \/>\n<meta property=\"og:url\" content=\"https:\/\/begamer.cz\/sk\/produkt\/we-the-refugees-ticket-to-europe-sk\/\" \/>\n<meta property=\"og:site_name\" content=\"BeGamer.cz\" \/>\n<meta property=\"article:modified_time\" content=\"2026-03-18T07:29:16+00:00\" \/>\n<meta property=\"og:image\" content=\"https:\/\/begamer.cz\/wp-content\/uploads\/2026\/01\/we-the-refugees-ticket-to-europe-5.webp\" \/>\n\t<meta property=\"og:image:width\" content=\"300\" \/>\n\t<meta property=\"og:image:height\" content=\"400\" \/>\n\t<meta property=\"og:image:type\" content=\"image\/webp\" \/>\n<meta name=\"twitter:card\" content=\"summary_large_image\" \/>\n<meta name=\"twitter:label1\" content=\"Predpokladan\u00fd \u010das \u010d\u00edtania\" \/>\n\t<meta name=\"twitter:data1\" content=\"3 min\u00faty\" \/>\n<script type=\"application\/ld+json\" class=\"yoast-schema-graph\">{\"@context\":\"https:\\\/\\\/schema.org\",\"@graph\":[{\"@type\":\"WebPage\",\"@id\":\"https:\\\/\\\/begamer.cz\\\/sk\\\/produkt\\\/we-the-refugees-ticket-to-europe-sk\\\/\",\"url\":\"https:\\\/\\\/begamer.cz\\\/sk\\\/produkt\\\/we-the-refugees-ticket-to-europe-sk\\\/\",\"name\":\"We. The Refugees: Ticket to Europe | BeGamer.cz\",\"isPartOf\":{\"@id\":\"https:\\\/\\\/begamer.cz\\\/sk\\\/#website\"},\"primaryImageOfPage\":{\"@id\":\"https:\\\/\\\/begamer.cz\\\/sk\\\/produkt\\\/we-the-refugees-ticket-to-europe-sk\\\/#primaryimage\"},\"image\":{\"@id\":\"https:\\\/\\\/begamer.cz\\\/sk\\\/produkt\\\/we-the-refugees-ticket-to-europe-sk\\\/#primaryimage\"},\"thumbnailUrl\":\"https:\\\/\\\/begamer.cz\\\/wp-content\\\/uploads\\\/2026\\\/01\\\/we-the-refugees-ticket-to-europe-5.webp\",\"datePublished\":\"2026-01-30T16:17:50+00:00\",\"dateModified\":\"2026-03-18T07:29:16+00:00\",\"breadcrumb\":{\"@id\":\"https:\\\/\\\/begamer.cz\\\/sk\\\/produkt\\\/we-the-refugees-ticket-to-europe-sk\\\/#breadcrumb\"},\"inLanguage\":\"sk-SK\",\"potentialAction\":[{\"@type\":\"ReadAction\",\"target\":[\"https:\\\/\\\/begamer.cz\\\/sk\\\/produkt\\\/we-the-refugees-ticket-to-europe-sk\\\/\"]}]},{\"@type\":\"ImageObject\",\"inLanguage\":\"sk-SK\",\"@id\":\"https:\\\/\\\/begamer.cz\\\/sk\\\/produkt\\\/we-the-refugees-ticket-to-europe-sk\\\/#primaryimage\",\"url\":\"https:\\\/\\\/begamer.cz\\\/wp-content\\\/uploads\\\/2026\\\/01\\\/we-the-refugees-ticket-to-europe-5.webp\",\"contentUrl\":\"https:\\\/\\\/begamer.cz\\\/wp-content\\\/uploads\\\/2026\\\/01\\\/we-the-refugees-ticket-to-europe-5.webp\",\"width\":300,\"height\":400},{\"@type\":\"BreadcrumbList\",\"@id\":\"https:\\\/\\\/begamer.cz\\\/sk\\\/produkt\\\/we-the-refugees-ticket-to-europe-sk\\\/#breadcrumb\",\"itemListElement\":[{\"@type\":\"ListItem\",\"position\":1,\"name\":\"Domov\",\"item\":\"https:\\\/\\\/begamer.cz\\\/sk\\\/\"},{\"@type\":\"ListItem\",\"position\":2,\"name\":\"Obchod\",\"item\":\"https:\\\/\\\/begamer.cz\\\/obchod\\\/\"},{\"@type\":\"ListItem\",\"position\":3,\"name\":\"We. The Refugees: Ticket to Europe\"}]},{\"@type\":\"WebSite\",\"@id\":\"https:\\\/\\\/begamer.cz\\\/sk\\\/#website\",\"url\":\"https:\\\/\\\/begamer.cz\\\/sk\\\/\",\"name\":\"BeGamer.cz\",\"description\":\"\",\"publisher\":{\"@id\":\"https:\\\/\\\/begamer.cz\\\/sk\\\/#organization\"},\"potentialAction\":[{\"@type\":\"SearchAction\",\"target\":{\"@type\":\"EntryPoint\",\"urlTemplate\":\"https:\\\/\\\/begamer.cz\\\/sk\\\/?s={search_term_string}\"},\"query-input\":{\"@type\":\"PropertyValueSpecification\",\"valueRequired\":true,\"valueName\":\"search_term_string\"}}],\"inLanguage\":\"sk-SK\"},{\"@type\":\"Organization\",\"@id\":\"https:\\\/\\\/begamer.cz\\\/sk\\\/#organization\",\"name\":\"BeGamer.cz\",\"url\":\"https:\\\/\\\/begamer.cz\\\/sk\\\/\",\"logo\":{\"@type\":\"ImageObject\",\"inLanguage\":\"sk-SK\",\"@id\":\"https:\\\/\\\/begamer.cz\\\/sk\\\/#\\\/schema\\\/logo\\\/image\\\/\",\"url\":\"https:\\\/\\\/begamer.cz\\\/wp-content\\\/uploads\\\/2025\\\/07\\\/logo.svg\",\"contentUrl\":\"https:\\\/\\\/begamer.cz\\\/wp-content\\\/uploads\\\/2025\\\/07\\\/logo.svg\",\"caption\":\"BeGamer.cz\"},\"image\":{\"@id\":\"https:\\\/\\\/begamer.cz\\\/sk\\\/#\\\/schema\\\/logo\\\/image\\\/\"}}]}<\/script>\n<!-- \/ Yoast SEO plugin. -->","yoast_head_json":{"title":"We. The Refugees: Ticket to Europe | BeGamer.cz","robots":{"index":"index","follow":"follow","max-snippet":"max-snippet:-1","max-image-preview":"max-image-preview:large","max-video-preview":"max-video-preview:-1"},"canonical":"https:\/\/begamer.cz\/sk\/produkt\/we-the-refugees-ticket-to-europe-sk\/","og_locale":"sk_SK","og_type":"article","og_title":"We. The Refugees: Ticket to Europe | BeGamer.cz","og_description":"\u201eWe. The Refugees: Ticket to Europe\u201c je soci\u00e1lne anga\u017eovan\u00e1 textov\u00e1 RPG hra o novin\u00e1rovi, ktor\u00fd h\u013ead\u00e1 svoju ve\u013ek\u00fa pr\u00edle\u017eitos\u0165 odhalen\u00edm utrpenia ute\u010dencov cestuj\u00facich z Afriky do Eur\u00f3py. Pr\u00edbeh je in\u0161pirovan\u00fd skuto\u010dn\u00fdmi udalos\u0165ami.","og_url":"https:\/\/begamer.cz\/sk\/produkt\/we-the-refugees-ticket-to-europe-sk\/","og_site_name":"BeGamer.cz","article_modified_time":"2026-03-18T07:29:16+00:00","og_image":[{"width":300,"height":400,"url":"https:\/\/begamer.cz\/wp-content\/uploads\/2026\/01\/we-the-refugees-ticket-to-europe-5.webp","type":"image\/webp"}],"twitter_card":"summary_large_image","twitter_misc":{"Predpokladan\u00fd \u010das \u010d\u00edtania":"3 min\u00faty"},"schema":{"@context":"https:\/\/schema.org","@graph":[{"@type":"WebPage","@id":"https:\/\/begamer.cz\/sk\/produkt\/we-the-refugees-ticket-to-europe-sk\/","url":"https:\/\/begamer.cz\/sk\/produkt\/we-the-refugees-ticket-to-europe-sk\/","name":"We. The Refugees: Ticket to Europe | BeGamer.cz","isPartOf":{"@id":"https:\/\/begamer.cz\/sk\/#website"},"primaryImageOfPage":{"@id":"https:\/\/begamer.cz\/sk\/produkt\/we-the-refugees-ticket-to-europe-sk\/#primaryimage"},"image":{"@id":"https:\/\/begamer.cz\/sk\/produkt\/we-the-refugees-ticket-to-europe-sk\/#primaryimage"},"thumbnailUrl":"https:\/\/begamer.cz\/wp-content\/uploads\/2026\/01\/we-the-refugees-ticket-to-europe-5.webp","datePublished":"2026-01-30T16:17:50+00:00","dateModified":"2026-03-18T07:29:16+00:00","breadcrumb":{"@id":"https:\/\/begamer.cz\/sk\/produkt\/we-the-refugees-ticket-to-europe-sk\/#breadcrumb"},"inLanguage":"sk-SK","potentialAction":[{"@type":"ReadAction","target":["https:\/\/begamer.cz\/sk\/produkt\/we-the-refugees-ticket-to-europe-sk\/"]}]},{"@type":"ImageObject","inLanguage":"sk-SK","@id":"https:\/\/begamer.cz\/sk\/produkt\/we-the-refugees-ticket-to-europe-sk\/#primaryimage","url":"https:\/\/begamer.cz\/wp-content\/uploads\/2026\/01\/we-the-refugees-ticket-to-europe-5.webp","contentUrl":"https:\/\/begamer.cz\/wp-content\/uploads\/2026\/01\/we-the-refugees-ticket-to-europe-5.webp","width":300,"height":400},{"@type":"BreadcrumbList","@id":"https:\/\/begamer.cz\/sk\/produkt\/we-the-refugees-ticket-to-europe-sk\/#breadcrumb","itemListElement":[{"@type":"ListItem","position":1,"name":"Domov","item":"https:\/\/begamer.cz\/sk\/"},{"@type":"ListItem","position":2,"name":"Obchod","item":"https:\/\/begamer.cz\/obchod\/"},{"@type":"ListItem","position":3,"name":"We. The Refugees: Ticket to Europe"}]},{"@type":"WebSite","@id":"https:\/\/begamer.cz\/sk\/#website","url":"https:\/\/begamer.cz\/sk\/","name":"BeGamer.cz","description":"","publisher":{"@id":"https:\/\/begamer.cz\/sk\/#organization"},"potentialAction":[{"@type":"SearchAction","target":{"@type":"EntryPoint","urlTemplate":"https:\/\/begamer.cz\/sk\/?s={search_term_string}"},"query-input":{"@type":"PropertyValueSpecification","valueRequired":true,"valueName":"search_term_string"}}],"inLanguage":"sk-SK"},{"@type":"Organization","@id":"https:\/\/begamer.cz\/sk\/#organization","name":"BeGamer.cz","url":"https:\/\/begamer.cz\/sk\/","logo":{"@type":"ImageObject","inLanguage":"sk-SK","@id":"https:\/\/begamer.cz\/sk\/#\/schema\/logo\/image\/","url":"https:\/\/begamer.cz\/wp-content\/uploads\/2025\/07\/logo.svg","contentUrl":"https:\/\/begamer.cz\/wp-content\/uploads\/2025\/07\/logo.svg","caption":"BeGamer.cz"},"image":{"@id":"https:\/\/begamer.cz\/sk\/#\/schema\/logo\/image\/"}}]}},"acf":[],"_links":{"self":[{"href":"https:\/\/begamer.cz\/sk\/wp-json\/wp\/v2\/product\/98393","targetHints":{"allow":["GET"]}}],"collection":[{"href":"https:\/\/begamer.cz\/sk\/wp-json\/wp\/v2\/product"}],"about":[{"href":"https:\/\/begamer.cz\/sk\/wp-json\/wp\/v2\/types\/product"}],"replies":[{"embeddable":true,"href":"https:\/\/begamer.cz\/sk\/wp-json\/wp\/v2\/comments?post=98393"}],"wp:featuredmedia":[{"embeddable":true,"href":"https:\/\/begamer.cz\/sk\/wp-json\/wp\/v2\/media\/71272"}],"wp:attachment":[{"href":"https:\/\/begamer.cz\/sk\/wp-json\/wp\/v2\/media?parent=98393"}],"wp:term":[{"taxonomy":"product_brand","embeddable":true,"href":"https:\/\/begamer.cz\/sk\/wp-json\/wp\/v2\/product_brand?post=98393"},{"taxonomy":"product_cat","embeddable":true,"href":"https:\/\/begamer.cz\/sk\/wp-json\/wp\/v2\/product_cat?post=98393"},{"taxonomy":"product_tag","embeddable":true,"href":"https:\/\/begamer.cz\/sk\/wp-json\/wp\/v2\/product_tag?post=98393"}],"curies":[{"name":"wp","href":"https:\/\/api.w.org\/{rel}","templated":true}]}}