{"id":98261,"date":"2026-01-30T17:14:18","date_gmt":"2026-01-30T16:14:18","guid":{"rendered":"https:\/\/begamer.cz\/produkt\/extinction-sk\/"},"modified":"2026-03-18T08:16:50","modified_gmt":"2026-03-18T07:16:50","slug":"extinction-sk","status":"publish","type":"product","link":"https:\/\/begamer.cz\/sk\/produkt\/extinction-sk\/","title":{"rendered":"Extinction"},"content":{"rendered":"<h1>O hre<\/h1>\n<p>Legenda ich naz\u00fdva Ravenii, invaz\u00edvne arm\u00e1dy krvila\u010dn\u00fdch mon\u0161tier vysok\u00fdch 150 st\u00f4p, ktor\u00e9 ohrozuj\u00fa \u013eudstvo. Ste jedn\u00fdm z posledn\u00fdch str\u00e1\u017ecov sveta, vojakom menom Avil, vybaven\u00fdm schopnos\u0165ami bojova\u0165 proti nekone\u010dnej vlne Ravenii. Bojujte s obrovsk\u00fdmi brutmi a ich poskokmi v rozsiahlom vidieku, br\u00e1\u0148te mest\u00e1 a zachra\u0148ujte ute\u010dencov vytrhnut\u00fdch zo svojich domovov. R\u00fdchlo si stanovte strat\u00e9giu, ke\u010f v\u00e1s hordy \u00fato\u010dia zo zeme aj zo vzduchu. Vyu\u017eite dynamick\u00fd bojov\u00fd syst\u00e9m zalo\u017een\u00fd na zru\u010dnostiach vo svoj prospech, takticky odzbrojte a rozsekajte nepriate\u013eov, aby ste ich mohli zabi\u0165. Toto u\u017e nie je vojna. Je to vyhladenie. A vy ste v\u0161etko, \u010do stoj\u00ed medzi \u013eudstvom&#8230; a vyhladen\u00edm.<\/p>\n<p><strong>H\u013abkov\u00e1 pr\u00edbehov\u00e1 kampa\u0148.<\/strong> Chr\u00e1\u0148te \u013eudsk\u00fa popul\u00e1ciu v bohatej pr\u00edbehovej kampani, zachra\u0148ujte \u010do najviac civilistov a porazte brut\u00e1lnych protivn\u00edkov.<\/p>\n<p><strong>Dynamick\u00e9 ved\u013eaj\u0161ie misie.<\/strong> Pl\u0148te po\u010detn\u00e9 ved\u013eaj\u0161ie misie s r\u00f4znymi cie\u013emi a z\u00edskavajte vylep\u0161enia, ktor\u00e9 v\u00e1m pom\u00f4\u017eu v kampani. <strong>Boj<\/strong><\/p>\n<p><strong>zalo\u017een\u00fd na zru\u010dnostiach. <\/strong>Pohybujte sa horizont\u00e1lne a vertik\u00e1lne, behajte po sten\u00e1ch a pou\u017e\u00edvajte bi\u010d ako odrazov\u00fa dosku na vykon\u00e1vanie ni\u010div\u00fdch vzdu\u0161n\u00fdch \u00fatokov. Ovl\u00e1dnite dynamick\u00e9 bojov\u00e9<br \/>man\u00e9vre, aby ste efekt\u00edvne prekonali obrovsk\u00e9 be\u0161tie a odhalili ich slab\u00e9 miesta, a postupujte v r\u00f4znych stromoch zru\u010dnost\u00ed, aby ste si vyvinuli cestu, ktor\u00e1 najlep\u0161ie vyhovuje v\u00e1\u0161mu \u0161t\u00fdlu hry.<\/p>\n<p><strong>Interakt\u00edvne prostredie.<\/strong> Vo\u013ene sa pohybujte v \u00faplne zni\u010dite\u013enom prostred\u00ed a vyu\u017e\u00edvajte objekty v celom svete vo svoj prospech.<\/p>\n<p><strong>Nespo\u010detn\u00e9 bojov\u00e9 scen\u00e1re.<\/strong> Ka\u017ed\u00e9 bojisko je in\u00e9 ako to predch\u00e1dzaj\u00face, \u010do zaru\u010duje jedine\u010dn\u00fa bojov\u00fa situ\u00e1ciu pri ka\u017edom hran\u00ed.<\/p>\n<p><strong>Re\u017eim Skirmish.<\/strong> Vytvorte jedine\u010dn\u00e9 bojisk\u00e1 a vyz\u00fdvajte hr\u00e1\u010dov online, aby s\u00fa\u0165a\u017eili o najvy\u0161\u0161ie sk\u00f3re.<\/p>\n<p><strong>Re\u017eim Extinction.<\/strong> Bojujte proti nepretr\u017eitej hordy \u00fato\u010dn\u00edkov, ke\u010f vlna za vlnou \u00fato\u010dia ogri a ich posluhova\u010di bez prestania.<\/p>\n","protected":false},"excerpt":{"rendered":"<p>Si jedn\u00fdm z posledn\u00fdch str\u00e1\u017ecov na svete, vojakom menom Avil, vybaven\u00fdm schopnos\u0165ami bojova\u0165 proti nekone\u010dn\u00fdm vln\u00e1m Ravenii. Bojuj proti obrovsk\u00fdm brutom a ich posluhova\u010dom v rozsiahlom vidieku, br\u00e1\u0148 mest\u00e1 a zachra\u0148uj ute\u010dencov vytrhnut\u00fdch zo svojich domovov.<\/p>\n","protected":false},"featured_media":70495,"comment_status":"open","ping_status":"closed","template":"","meta":{"_acf_changed":false},"product_brand":[],"product_cat":[270,272,268,266,312],"product_tag":[],"class_list":{"0":"post-98261","1":"product","2":"type-product","3":"status-publish","4":"has-post-thumbnail","6":"product_cat-adventury-pc-hry-sk","7":"product_cat-akcni-pc-sk","8":"product_cat-pc-sk","9":"product_cat-pc-hry-sk","10":"product_cat-steam-pc-sk","11":"pa_audio-en-us","13":"pa_developer-iron-galaxy-studios","15":"pa_game_type-main_game","17":"pa_genres-adventure","18":"pa_genres-hack-and-slash-beat-em-up","20":"pa_interface-de-de","21":"pa_interface-en-us","22":"pa_interface-es-es","23":"pa_interface-fr-fr","24":"pa_interface-it-it","25":"pa_interface-pt-br","27":"pa_keywords-previously-on-utomik","28":"pa_modes-single-player","30":"pa_pegi-956","31":"pa_pegi-13432","32":"pa_platform-pc-steam","34":"pa_publisher-modus-games","36":"pa_rating-14573","37":"pa_rating-2132","38":"pa_region-global","40":"pa_subtitles-de-de","42":"pa_subtitles-en-us","43":"pa_subtitles-es-es","44":"pa_subtitles-fr-fr","45":"pa_subtitles-it-it","46":"pa_subtitles-pt-br","47":"pa_themes-action","48":"pa_themes-fantasy","51":"first","52":"instock","53":"virtual","54":"taxable","55":"purchasable","56":"product-type-simple"},"yoast_head":"<!-- This site is optimized with the Yoast SEO plugin v27.3 - https:\/\/yoast.com\/product\/yoast-seo-wordpress\/ -->\n<title>Extinction | BeGamer.cz<\/title>\n<meta name=\"robots\" content=\"index, follow, max-snippet:-1, max-image-preview:large, max-video-preview:-1\" \/>\n<link rel=\"canonical\" href=\"https:\/\/begamer.cz\/sk\/produkt\/extinction-sk\/\" \/>\n<meta property=\"og:locale\" content=\"sk_SK\" \/>\n<meta property=\"og:type\" content=\"article\" \/>\n<meta property=\"og:title\" content=\"Extinction | BeGamer.cz\" \/>\n<meta property=\"og:description\" content=\"Si jedn\u00fdm z posledn\u00fdch str\u00e1\u017ecov na svete, vojakom menom Avil, vybaven\u00fdm schopnos\u0165ami bojova\u0165 proti nekone\u010dn\u00fdm vln\u00e1m Ravenii. Bojuj proti obrovsk\u00fdm brutom a ich posluhova\u010dom v rozsiahlom vidieku, br\u00e1\u0148 mest\u00e1 a zachra\u0148uj ute\u010dencov vytrhnut\u00fdch zo svojich domovov.\" \/>\n<meta property=\"og:url\" content=\"https:\/\/begamer.cz\/sk\/produkt\/extinction-sk\/\" \/>\n<meta property=\"og:site_name\" content=\"BeGamer.cz\" \/>\n<meta property=\"article:modified_time\" content=\"2026-03-18T07:16:50+00:00\" \/>\n<meta property=\"og:image\" content=\"https:\/\/begamer.cz\/wp-content\/uploads\/2026\/01\/extinction-9.webp\" \/>\n\t<meta property=\"og:image:width\" content=\"300\" \/>\n\t<meta property=\"og:image:height\" content=\"400\" \/>\n\t<meta property=\"og:image:type\" content=\"image\/webp\" \/>\n<meta name=\"twitter:card\" content=\"summary_large_image\" \/>\n<meta name=\"twitter:label1\" content=\"Predpokladan\u00fd \u010das \u010d\u00edtania\" \/>\n\t<meta name=\"twitter:data1\" content=\"2 min\u00faty\" \/>\n<script type=\"application\/ld+json\" class=\"yoast-schema-graph\">{\"@context\":\"https:\\\/\\\/schema.org\",\"@graph\":[{\"@type\":\"WebPage\",\"@id\":\"https:\\\/\\\/begamer.cz\\\/sk\\\/produkt\\\/extinction-sk\\\/\",\"url\":\"https:\\\/\\\/begamer.cz\\\/sk\\\/produkt\\\/extinction-sk\\\/\",\"name\":\"Extinction | BeGamer.cz\",\"isPartOf\":{\"@id\":\"https:\\\/\\\/begamer.cz\\\/sk\\\/#website\"},\"primaryImageOfPage\":{\"@id\":\"https:\\\/\\\/begamer.cz\\\/sk\\\/produkt\\\/extinction-sk\\\/#primaryimage\"},\"image\":{\"@id\":\"https:\\\/\\\/begamer.cz\\\/sk\\\/produkt\\\/extinction-sk\\\/#primaryimage\"},\"thumbnailUrl\":\"https:\\\/\\\/begamer.cz\\\/wp-content\\\/uploads\\\/2026\\\/01\\\/extinction-9.webp\",\"datePublished\":\"2026-01-30T16:14:18+00:00\",\"dateModified\":\"2026-03-18T07:16:50+00:00\",\"breadcrumb\":{\"@id\":\"https:\\\/\\\/begamer.cz\\\/sk\\\/produkt\\\/extinction-sk\\\/#breadcrumb\"},\"inLanguage\":\"sk-SK\",\"potentialAction\":[{\"@type\":\"ReadAction\",\"target\":[\"https:\\\/\\\/begamer.cz\\\/sk\\\/produkt\\\/extinction-sk\\\/\"]}]},{\"@type\":\"ImageObject\",\"inLanguage\":\"sk-SK\",\"@id\":\"https:\\\/\\\/begamer.cz\\\/sk\\\/produkt\\\/extinction-sk\\\/#primaryimage\",\"url\":\"https:\\\/\\\/begamer.cz\\\/wp-content\\\/uploads\\\/2026\\\/01\\\/extinction-9.webp\",\"contentUrl\":\"https:\\\/\\\/begamer.cz\\\/wp-content\\\/uploads\\\/2026\\\/01\\\/extinction-9.webp\",\"width\":300,\"height\":400},{\"@type\":\"BreadcrumbList\",\"@id\":\"https:\\\/\\\/begamer.cz\\\/sk\\\/produkt\\\/extinction-sk\\\/#breadcrumb\",\"itemListElement\":[{\"@type\":\"ListItem\",\"position\":1,\"name\":\"Domov\",\"item\":\"https:\\\/\\\/begamer.cz\\\/sk\\\/\"},{\"@type\":\"ListItem\",\"position\":2,\"name\":\"Obchod\",\"item\":\"https:\\\/\\\/begamer.cz\\\/obchod\\\/\"},{\"@type\":\"ListItem\",\"position\":3,\"name\":\"Extinction\"}]},{\"@type\":\"WebSite\",\"@id\":\"https:\\\/\\\/begamer.cz\\\/sk\\\/#website\",\"url\":\"https:\\\/\\\/begamer.cz\\\/sk\\\/\",\"name\":\"BeGamer.cz\",\"description\":\"\",\"publisher\":{\"@id\":\"https:\\\/\\\/begamer.cz\\\/sk\\\/#organization\"},\"potentialAction\":[{\"@type\":\"SearchAction\",\"target\":{\"@type\":\"EntryPoint\",\"urlTemplate\":\"https:\\\/\\\/begamer.cz\\\/sk\\\/?s={search_term_string}\"},\"query-input\":{\"@type\":\"PropertyValueSpecification\",\"valueRequired\":true,\"valueName\":\"search_term_string\"}}],\"inLanguage\":\"sk-SK\"},{\"@type\":\"Organization\",\"@id\":\"https:\\\/\\\/begamer.cz\\\/sk\\\/#organization\",\"name\":\"BeGamer.cz\",\"url\":\"https:\\\/\\\/begamer.cz\\\/sk\\\/\",\"logo\":{\"@type\":\"ImageObject\",\"inLanguage\":\"sk-SK\",\"@id\":\"https:\\\/\\\/begamer.cz\\\/sk\\\/#\\\/schema\\\/logo\\\/image\\\/\",\"url\":\"https:\\\/\\\/begamer.cz\\\/wp-content\\\/uploads\\\/2025\\\/07\\\/logo.svg\",\"contentUrl\":\"https:\\\/\\\/begamer.cz\\\/wp-content\\\/uploads\\\/2025\\\/07\\\/logo.svg\",\"caption\":\"BeGamer.cz\"},\"image\":{\"@id\":\"https:\\\/\\\/begamer.cz\\\/sk\\\/#\\\/schema\\\/logo\\\/image\\\/\"}}]}<\/script>\n<!-- \/ Yoast SEO plugin. -->","yoast_head_json":{"title":"Extinction | BeGamer.cz","robots":{"index":"index","follow":"follow","max-snippet":"max-snippet:-1","max-image-preview":"max-image-preview:large","max-video-preview":"max-video-preview:-1"},"canonical":"https:\/\/begamer.cz\/sk\/produkt\/extinction-sk\/","og_locale":"sk_SK","og_type":"article","og_title":"Extinction | BeGamer.cz","og_description":"Si jedn\u00fdm z posledn\u00fdch str\u00e1\u017ecov na svete, vojakom menom Avil, vybaven\u00fdm schopnos\u0165ami bojova\u0165 proti nekone\u010dn\u00fdm vln\u00e1m Ravenii. Bojuj proti obrovsk\u00fdm brutom a ich posluhova\u010dom v rozsiahlom vidieku, br\u00e1\u0148 mest\u00e1 a zachra\u0148uj ute\u010dencov vytrhnut\u00fdch zo svojich domovov.","og_url":"https:\/\/begamer.cz\/sk\/produkt\/extinction-sk\/","og_site_name":"BeGamer.cz","article_modified_time":"2026-03-18T07:16:50+00:00","og_image":[{"width":300,"height":400,"url":"https:\/\/begamer.cz\/wp-content\/uploads\/2026\/01\/extinction-9.webp","type":"image\/webp"}],"twitter_card":"summary_large_image","twitter_misc":{"Predpokladan\u00fd \u010das \u010d\u00edtania":"2 min\u00faty"},"schema":{"@context":"https:\/\/schema.org","@graph":[{"@type":"WebPage","@id":"https:\/\/begamer.cz\/sk\/produkt\/extinction-sk\/","url":"https:\/\/begamer.cz\/sk\/produkt\/extinction-sk\/","name":"Extinction | BeGamer.cz","isPartOf":{"@id":"https:\/\/begamer.cz\/sk\/#website"},"primaryImageOfPage":{"@id":"https:\/\/begamer.cz\/sk\/produkt\/extinction-sk\/#primaryimage"},"image":{"@id":"https:\/\/begamer.cz\/sk\/produkt\/extinction-sk\/#primaryimage"},"thumbnailUrl":"https:\/\/begamer.cz\/wp-content\/uploads\/2026\/01\/extinction-9.webp","datePublished":"2026-01-30T16:14:18+00:00","dateModified":"2026-03-18T07:16:50+00:00","breadcrumb":{"@id":"https:\/\/begamer.cz\/sk\/produkt\/extinction-sk\/#breadcrumb"},"inLanguage":"sk-SK","potentialAction":[{"@type":"ReadAction","target":["https:\/\/begamer.cz\/sk\/produkt\/extinction-sk\/"]}]},{"@type":"ImageObject","inLanguage":"sk-SK","@id":"https:\/\/begamer.cz\/sk\/produkt\/extinction-sk\/#primaryimage","url":"https:\/\/begamer.cz\/wp-content\/uploads\/2026\/01\/extinction-9.webp","contentUrl":"https:\/\/begamer.cz\/wp-content\/uploads\/2026\/01\/extinction-9.webp","width":300,"height":400},{"@type":"BreadcrumbList","@id":"https:\/\/begamer.cz\/sk\/produkt\/extinction-sk\/#breadcrumb","itemListElement":[{"@type":"ListItem","position":1,"name":"Domov","item":"https:\/\/begamer.cz\/sk\/"},{"@type":"ListItem","position":2,"name":"Obchod","item":"https:\/\/begamer.cz\/obchod\/"},{"@type":"ListItem","position":3,"name":"Extinction"}]},{"@type":"WebSite","@id":"https:\/\/begamer.cz\/sk\/#website","url":"https:\/\/begamer.cz\/sk\/","name":"BeGamer.cz","description":"","publisher":{"@id":"https:\/\/begamer.cz\/sk\/#organization"},"potentialAction":[{"@type":"SearchAction","target":{"@type":"EntryPoint","urlTemplate":"https:\/\/begamer.cz\/sk\/?s={search_term_string}"},"query-input":{"@type":"PropertyValueSpecification","valueRequired":true,"valueName":"search_term_string"}}],"inLanguage":"sk-SK"},{"@type":"Organization","@id":"https:\/\/begamer.cz\/sk\/#organization","name":"BeGamer.cz","url":"https:\/\/begamer.cz\/sk\/","logo":{"@type":"ImageObject","inLanguage":"sk-SK","@id":"https:\/\/begamer.cz\/sk\/#\/schema\/logo\/image\/","url":"https:\/\/begamer.cz\/wp-content\/uploads\/2025\/07\/logo.svg","contentUrl":"https:\/\/begamer.cz\/wp-content\/uploads\/2025\/07\/logo.svg","caption":"BeGamer.cz"},"image":{"@id":"https:\/\/begamer.cz\/sk\/#\/schema\/logo\/image\/"}}]}},"acf":[],"_links":{"self":[{"href":"https:\/\/begamer.cz\/sk\/wp-json\/wp\/v2\/product\/98261","targetHints":{"allow":["GET"]}}],"collection":[{"href":"https:\/\/begamer.cz\/sk\/wp-json\/wp\/v2\/product"}],"about":[{"href":"https:\/\/begamer.cz\/sk\/wp-json\/wp\/v2\/types\/product"}],"replies":[{"embeddable":true,"href":"https:\/\/begamer.cz\/sk\/wp-json\/wp\/v2\/comments?post=98261"}],"wp:featuredmedia":[{"embeddable":true,"href":"https:\/\/begamer.cz\/sk\/wp-json\/wp\/v2\/media\/70495"}],"wp:attachment":[{"href":"https:\/\/begamer.cz\/sk\/wp-json\/wp\/v2\/media?parent=98261"}],"wp:term":[{"taxonomy":"product_brand","embeddable":true,"href":"https:\/\/begamer.cz\/sk\/wp-json\/wp\/v2\/product_brand?post=98261"},{"taxonomy":"product_cat","embeddable":true,"href":"https:\/\/begamer.cz\/sk\/wp-json\/wp\/v2\/product_cat?post=98261"},{"taxonomy":"product_tag","embeddable":true,"href":"https:\/\/begamer.cz\/sk\/wp-json\/wp\/v2\/product_tag?post=98261"}],"curies":[{"name":"wp","href":"https:\/\/api.w.org\/{rel}","templated":true}]}}