{"id":98240,"date":"2026-01-30T17:13:45","date_gmt":"2026-01-30T16:13:45","guid":{"rendered":"https:\/\/begamer.cz\/produkt\/dungeonup-sk\/"},"modified":"2026-03-18T08:15:31","modified_gmt":"2026-03-18T07:15:31","slug":"dungeonup-sk","status":"publish","type":"product","link":"https:\/\/begamer.cz\/sk\/produkt\/dungeonup-sk\/","title":{"rendered":"DungeonUp"},"content":{"rendered":"<p>DungeonUp je dungeon crawler, v ktorom mus\u00edte ka\u017ed\u00fdch p\u00e1r krokov robi\u0165 rozhodnutia.<\/p>\n<p>In\u0161pirovan\u00fd hrou Tower of the Sorcerer, ale od nej odli\u0161n\u00fd, DungeonUp je zalo\u017een\u00fd na procedur\u00e1lne generovan\u00fdch \u00farovniach, tak\u017ee pri ka\u017edom opakovanom hran\u00ed naraz\u00edte na \u00faplne nov\u00e9 v\u00fdzvy. Je to povinnos\u0165 pre fan\u00fa\u0161ikov rogue-like a logick\u00fdch hier.<\/p>\n<p>Vlastnosti:<\/p>\n<ul class=\"bb_ul\">\n<li> Viac ako 50 \u00farovn\u00ed v 5 z\u00f3nach s r\u00f4znymi mon\u0161trami a t\u00e9mami.<\/li>\n<li> Viac ako 10 \u00farovn\u00ed s tajomstvami a z\u00e1pletkami.<\/li>\n<li> Viac ako 40 mon\u0161tier, z ktor\u00fdch niektor\u00e9 maj\u00fa \u0161peci\u00e1lne schopnosti.<\/li>\n<li> V ka\u017edej z\u00f3ne je boss battle, ktor\u00fd vy\u017eaduje, aby ste bojovali s m\u00fadros\u0165ou.<\/li>\n<li> Viac ako 40 unik\u00e1tnych predmetov, z ktor\u00fdch niektor\u00e9 s\u00fa navrhnut\u00e9 s h\u00e1dankami.<\/li>\n<li> 16-bitov\u00e1 sada fantasy spritov od Oryxa.<\/li>\n<li> 3 \u00farovne obtia\u017enosti, navrhnut\u00e9 pre pr\u00edle\u017eitostn\u00fdch aj hardcore hr\u00e1\u010dov.<\/li>\n<li> Re\u017eim bludiska pre va\u0161u prest\u00e1vku na k\u00e1vu.<\/li>\n<li> Objavte viac z\u00e1bavy v\u010faka mno\u017estvu hr\u00e1\u010dskych m\u00e1p.<\/li>\n<\/ul>\n","protected":false},"excerpt":{"rendered":"<p>N\u00e1ro\u010dn\u00e1 logick\u00e1 hra in\u0161pirovan\u00e1 klasickou Tower of the Sorcerer. Hrajte za \u013eudsk\u00e9ho rytiera, ktor\u00fd si prebojov\u00e1va cestu z hlbok\u00e9ho podzemia zab\u00edjan\u00edm mon\u0161tier a rie\u0161en\u00edm zlo\u017eit\u00fdch h\u00e1daniek.<\/p>\n","protected":false},"featured_media":26673,"comment_status":"open","ping_status":"closed","template":"","meta":{"_acf_changed":false},"product_brand":[],"product_cat":[270,290,294,268,266,312,318],"product_tag":[],"class_list":{"0":"post-98240","1":"product","2":"type-product","3":"status-publish","4":"has-post-thumbnail","6":"product_cat-adventury-pc-hry-sk","7":"product_cat-indie-hry-pc-sk","8":"product_cat-logicke-pc-hry-sk","9":"product_cat-pc-sk","10":"product_cat-pc-hry-sk","11":"product_cat-steam-pc-sk","12":"product_cat-strategie-pc-hry-sk","13":"pa_game_type-main_game","15":"pa_genres-adventure","16":"pa_genres-indie","17":"pa_genres-puzzle","19":"pa_genres-strategy","20":"pa_interface-en-us","21":"pa_interface-es-es","22":"pa_interface-ru-ru","24":"pa_interface-zh-tw","25":"pa_modes-single-player","27":"pa_pegi-5297","28":"pa_pegi-13438","29":"pa_platform-pc-steam","31":"pa_publisher-black-shell-media","33":"pa_rating-14441","34":"pa_rating-773","35":"pa_region-global","38":"first","39":"instock","40":"virtual","41":"taxable","42":"purchasable","43":"product-type-simple"},"yoast_head":"<!-- This site is optimized with the Yoast SEO plugin v27.4 - https:\/\/yoast.com\/product\/yoast-seo-wordpress\/ -->\n<title>DungeonUp | BeGamer.cz<\/title>\n<meta name=\"robots\" content=\"index, follow, max-snippet:-1, max-image-preview:large, max-video-preview:-1\" \/>\n<link rel=\"canonical\" href=\"https:\/\/begamer.cz\/sk\/produkt\/dungeonup-sk\/\" \/>\n<meta property=\"og:locale\" content=\"sk_SK\" \/>\n<meta property=\"og:type\" content=\"article\" \/>\n<meta property=\"og:title\" content=\"DungeonUp | BeGamer.cz\" \/>\n<meta property=\"og:description\" content=\"N\u00e1ro\u010dn\u00e1 logick\u00e1 hra in\u0161pirovan\u00e1 klasickou Tower of the Sorcerer. Hrajte za \u013eudsk\u00e9ho rytiera, ktor\u00fd si prebojov\u00e1va cestu z hlbok\u00e9ho podzemia zab\u00edjan\u00edm mon\u0161tier a rie\u0161en\u00edm zlo\u017eit\u00fdch h\u00e1daniek.\" \/>\n<meta property=\"og:url\" content=\"https:\/\/begamer.cz\/sk\/produkt\/dungeonup-sk\/\" \/>\n<meta property=\"og:site_name\" content=\"BeGamer.cz\" \/>\n<meta property=\"article:modified_time\" content=\"2026-03-18T07:15:31+00:00\" \/>\n<meta property=\"og:image\" content=\"https:\/\/begamer.cz\/wp-content\/uploads\/2026\/01\/dungeonup-5.webp\" \/>\n\t<meta property=\"og:image:width\" content=\"300\" \/>\n\t<meta property=\"og:image:height\" content=\"400\" \/>\n\t<meta property=\"og:image:type\" content=\"image\/webp\" \/>\n<meta name=\"twitter:card\" content=\"summary_large_image\" \/>\n<meta name=\"twitter:label1\" content=\"Predpokladan\u00fd \u010das \u010d\u00edtania\" \/>\n\t<meta name=\"twitter:data1\" content=\"1 min\u00fata\" \/>\n<script type=\"application\/ld+json\" class=\"yoast-schema-graph\">{\"@context\":\"https:\\\/\\\/schema.org\",\"@graph\":[{\"@type\":\"WebPage\",\"@id\":\"https:\\\/\\\/begamer.cz\\\/sk\\\/produkt\\\/dungeonup-sk\\\/\",\"url\":\"https:\\\/\\\/begamer.cz\\\/sk\\\/produkt\\\/dungeonup-sk\\\/\",\"name\":\"DungeonUp | BeGamer.cz\",\"isPartOf\":{\"@id\":\"https:\\\/\\\/begamer.cz\\\/sk\\\/#website\"},\"primaryImageOfPage\":{\"@id\":\"https:\\\/\\\/begamer.cz\\\/sk\\\/produkt\\\/dungeonup-sk\\\/#primaryimage\"},\"image\":{\"@id\":\"https:\\\/\\\/begamer.cz\\\/sk\\\/produkt\\\/dungeonup-sk\\\/#primaryimage\"},\"thumbnailUrl\":\"https:\\\/\\\/begamer.cz\\\/wp-content\\\/uploads\\\/2026\\\/01\\\/dungeonup-5.webp\",\"datePublished\":\"2026-01-30T16:13:45+00:00\",\"dateModified\":\"2026-03-18T07:15:31+00:00\",\"breadcrumb\":{\"@id\":\"https:\\\/\\\/begamer.cz\\\/sk\\\/produkt\\\/dungeonup-sk\\\/#breadcrumb\"},\"inLanguage\":\"sk-SK\",\"potentialAction\":[{\"@type\":\"ReadAction\",\"target\":[\"https:\\\/\\\/begamer.cz\\\/sk\\\/produkt\\\/dungeonup-sk\\\/\"]}]},{\"@type\":\"ImageObject\",\"inLanguage\":\"sk-SK\",\"@id\":\"https:\\\/\\\/begamer.cz\\\/sk\\\/produkt\\\/dungeonup-sk\\\/#primaryimage\",\"url\":\"https:\\\/\\\/begamer.cz\\\/wp-content\\\/uploads\\\/2026\\\/01\\\/dungeonup-5.webp\",\"contentUrl\":\"https:\\\/\\\/begamer.cz\\\/wp-content\\\/uploads\\\/2026\\\/01\\\/dungeonup-5.webp\",\"width\":300,\"height\":400},{\"@type\":\"BreadcrumbList\",\"@id\":\"https:\\\/\\\/begamer.cz\\\/sk\\\/produkt\\\/dungeonup-sk\\\/#breadcrumb\",\"itemListElement\":[{\"@type\":\"ListItem\",\"position\":1,\"name\":\"Domov\",\"item\":\"https:\\\/\\\/begamer.cz\\\/sk\\\/\"},{\"@type\":\"ListItem\",\"position\":2,\"name\":\"Obchod\",\"item\":\"https:\\\/\\\/begamer.cz\\\/obchod\\\/\"},{\"@type\":\"ListItem\",\"position\":3,\"name\":\"DungeonUp\"}]},{\"@type\":\"WebSite\",\"@id\":\"https:\\\/\\\/begamer.cz\\\/sk\\\/#website\",\"url\":\"https:\\\/\\\/begamer.cz\\\/sk\\\/\",\"name\":\"BeGamer.cz\",\"description\":\"\",\"publisher\":{\"@id\":\"https:\\\/\\\/begamer.cz\\\/sk\\\/#organization\"},\"potentialAction\":[{\"@type\":\"SearchAction\",\"target\":{\"@type\":\"EntryPoint\",\"urlTemplate\":\"https:\\\/\\\/begamer.cz\\\/sk\\\/?s={search_term_string}\"},\"query-input\":{\"@type\":\"PropertyValueSpecification\",\"valueRequired\":true,\"valueName\":\"search_term_string\"}}],\"inLanguage\":\"sk-SK\"},{\"@type\":\"Organization\",\"@id\":\"https:\\\/\\\/begamer.cz\\\/sk\\\/#organization\",\"name\":\"BeGamer.cz\",\"url\":\"https:\\\/\\\/begamer.cz\\\/sk\\\/\",\"logo\":{\"@type\":\"ImageObject\",\"inLanguage\":\"sk-SK\",\"@id\":\"https:\\\/\\\/begamer.cz\\\/sk\\\/#\\\/schema\\\/logo\\\/image\\\/\",\"url\":\"https:\\\/\\\/begamer.cz\\\/wp-content\\\/uploads\\\/2025\\\/07\\\/logo.svg\",\"contentUrl\":\"https:\\\/\\\/begamer.cz\\\/wp-content\\\/uploads\\\/2025\\\/07\\\/logo.svg\",\"caption\":\"BeGamer.cz\"},\"image\":{\"@id\":\"https:\\\/\\\/begamer.cz\\\/sk\\\/#\\\/schema\\\/logo\\\/image\\\/\"}}]}<\/script>\n<!-- \/ Yoast SEO plugin. -->","yoast_head_json":{"title":"DungeonUp | BeGamer.cz","robots":{"index":"index","follow":"follow","max-snippet":"max-snippet:-1","max-image-preview":"max-image-preview:large","max-video-preview":"max-video-preview:-1"},"canonical":"https:\/\/begamer.cz\/sk\/produkt\/dungeonup-sk\/","og_locale":"sk_SK","og_type":"article","og_title":"DungeonUp | BeGamer.cz","og_description":"N\u00e1ro\u010dn\u00e1 logick\u00e1 hra in\u0161pirovan\u00e1 klasickou Tower of the Sorcerer. Hrajte za \u013eudsk\u00e9ho rytiera, ktor\u00fd si prebojov\u00e1va cestu z hlbok\u00e9ho podzemia zab\u00edjan\u00edm mon\u0161tier a rie\u0161en\u00edm zlo\u017eit\u00fdch h\u00e1daniek.","og_url":"https:\/\/begamer.cz\/sk\/produkt\/dungeonup-sk\/","og_site_name":"BeGamer.cz","article_modified_time":"2026-03-18T07:15:31+00:00","og_image":[{"width":300,"height":400,"url":"https:\/\/begamer.cz\/wp-content\/uploads\/2026\/01\/dungeonup-5.webp","type":"image\/webp"}],"twitter_card":"summary_large_image","twitter_misc":{"Predpokladan\u00fd \u010das \u010d\u00edtania":"1 min\u00fata"},"schema":{"@context":"https:\/\/schema.org","@graph":[{"@type":"WebPage","@id":"https:\/\/begamer.cz\/sk\/produkt\/dungeonup-sk\/","url":"https:\/\/begamer.cz\/sk\/produkt\/dungeonup-sk\/","name":"DungeonUp | BeGamer.cz","isPartOf":{"@id":"https:\/\/begamer.cz\/sk\/#website"},"primaryImageOfPage":{"@id":"https:\/\/begamer.cz\/sk\/produkt\/dungeonup-sk\/#primaryimage"},"image":{"@id":"https:\/\/begamer.cz\/sk\/produkt\/dungeonup-sk\/#primaryimage"},"thumbnailUrl":"https:\/\/begamer.cz\/wp-content\/uploads\/2026\/01\/dungeonup-5.webp","datePublished":"2026-01-30T16:13:45+00:00","dateModified":"2026-03-18T07:15:31+00:00","breadcrumb":{"@id":"https:\/\/begamer.cz\/sk\/produkt\/dungeonup-sk\/#breadcrumb"},"inLanguage":"sk-SK","potentialAction":[{"@type":"ReadAction","target":["https:\/\/begamer.cz\/sk\/produkt\/dungeonup-sk\/"]}]},{"@type":"ImageObject","inLanguage":"sk-SK","@id":"https:\/\/begamer.cz\/sk\/produkt\/dungeonup-sk\/#primaryimage","url":"https:\/\/begamer.cz\/wp-content\/uploads\/2026\/01\/dungeonup-5.webp","contentUrl":"https:\/\/begamer.cz\/wp-content\/uploads\/2026\/01\/dungeonup-5.webp","width":300,"height":400},{"@type":"BreadcrumbList","@id":"https:\/\/begamer.cz\/sk\/produkt\/dungeonup-sk\/#breadcrumb","itemListElement":[{"@type":"ListItem","position":1,"name":"Domov","item":"https:\/\/begamer.cz\/sk\/"},{"@type":"ListItem","position":2,"name":"Obchod","item":"https:\/\/begamer.cz\/obchod\/"},{"@type":"ListItem","position":3,"name":"DungeonUp"}]},{"@type":"WebSite","@id":"https:\/\/begamer.cz\/sk\/#website","url":"https:\/\/begamer.cz\/sk\/","name":"BeGamer.cz","description":"","publisher":{"@id":"https:\/\/begamer.cz\/sk\/#organization"},"potentialAction":[{"@type":"SearchAction","target":{"@type":"EntryPoint","urlTemplate":"https:\/\/begamer.cz\/sk\/?s={search_term_string}"},"query-input":{"@type":"PropertyValueSpecification","valueRequired":true,"valueName":"search_term_string"}}],"inLanguage":"sk-SK"},{"@type":"Organization","@id":"https:\/\/begamer.cz\/sk\/#organization","name":"BeGamer.cz","url":"https:\/\/begamer.cz\/sk\/","logo":{"@type":"ImageObject","inLanguage":"sk-SK","@id":"https:\/\/begamer.cz\/sk\/#\/schema\/logo\/image\/","url":"https:\/\/begamer.cz\/wp-content\/uploads\/2025\/07\/logo.svg","contentUrl":"https:\/\/begamer.cz\/wp-content\/uploads\/2025\/07\/logo.svg","caption":"BeGamer.cz"},"image":{"@id":"https:\/\/begamer.cz\/sk\/#\/schema\/logo\/image\/"}}]}},"acf":[],"_links":{"self":[{"href":"https:\/\/begamer.cz\/sk\/wp-json\/wp\/v2\/product\/98240","targetHints":{"allow":["GET"]}}],"collection":[{"href":"https:\/\/begamer.cz\/sk\/wp-json\/wp\/v2\/product"}],"about":[{"href":"https:\/\/begamer.cz\/sk\/wp-json\/wp\/v2\/types\/product"}],"replies":[{"embeddable":true,"href":"https:\/\/begamer.cz\/sk\/wp-json\/wp\/v2\/comments?post=98240"}],"wp:featuredmedia":[{"embeddable":true,"href":"https:\/\/begamer.cz\/sk\/wp-json\/wp\/v2\/media\/26673"}],"wp:attachment":[{"href":"https:\/\/begamer.cz\/sk\/wp-json\/wp\/v2\/media?parent=98240"}],"wp:term":[{"taxonomy":"product_brand","embeddable":true,"href":"https:\/\/begamer.cz\/sk\/wp-json\/wp\/v2\/product_brand?post=98240"},{"taxonomy":"product_cat","embeddable":true,"href":"https:\/\/begamer.cz\/sk\/wp-json\/wp\/v2\/product_cat?post=98240"},{"taxonomy":"product_tag","embeddable":true,"href":"https:\/\/begamer.cz\/sk\/wp-json\/wp\/v2\/product_tag?post=98240"}],"curies":[{"name":"wp","href":"https:\/\/api.w.org\/{rel}","templated":true}]}}