{"id":98081,"date":"2026-01-30T17:10:39","date_gmt":"2026-01-30T16:10:39","guid":{"rendered":"https:\/\/begamer.cz\/produkt\/street-fighter-6-sk-1769789442\/"},"modified":"2026-03-18T08:02:25","modified_gmt":"2026-03-18T07:02:25","slug":"street-fighter-6-sk-2","status":"publish","type":"product","link":"https:\/\/begamer.cz\/sk\/produkt\/street-fighter-6-sk-2\/","title":{"rendered":"Street Fighter 6"},"content":{"rendered":"<h1>O hre<\/h1>\n<p>Prich\u00e1dza najnov\u0161\u00ed v\u00fdzva od Capcomu! Street Fighter\u2122 6 sa na celom svete za\u010dne pred\u00e1va\u0165 2. j\u00fana 2023 a predstavuje \u010fal\u0161\u00ed v\u00fdvoj s\u00e9rie.<\/p>\n<p>V\u010faka vlastn\u00e9mu enginu RE ENGINE od Capcomu pon\u00faka Street Fighter 6 tri odli\u0161n\u00e9 hern\u00e9 re\u017eimy: World Tour, Fighting Ground a Battle Hub.<\/p>\n<p>Rozmanit\u00fd zoznam 18 bojovn\u00edkov<br \/>Zahrajte si za legend\u00e1rnych majstrov a nov\u00fdch ob\u013e\u00fabencov fan\u00fa\u0161ikov, ako s\u00fa Ryu, Chun-Li, Luke, Jamie, Kimberly a \u010fal\u0161\u00ed v tejto najnov\u0161ej ed\u00edcii, kde ka\u017ed\u00e1 postava pon\u00faka nov\u00e9 p\u00f4sobiv\u00e9 dizajny a vzru\u0161uj\u00face filmov\u00e9 \u0161peci\u00e1ly.<br \/><span class=\"bb_img_ctn\"><img decoding=\"async\" class=\"bb_img\" src=\"https:\/\/shared.akamai.steamstatic.com\/store_item_assets\/steam\/apps\/1364780\/extras\/1403cce4f5ee33c3a5cd072aa8ef9a99.avif?t=1760574911\" width=600 height=338 \/><\/span><\/p>\n<p>Ovl\u00e1dnite Fighting Ground<br \/>Street Fighter 6 pon\u00faka vysoko vyvinut\u00fd bojov\u00fd syst\u00e9m s tromi typmi ovl\u00e1dania \u2013 Classic, Modern a Dynamic \u2013 ktor\u00e9 v\u00e1m umo\u017enia r\u00fdchlo hra\u0165 pod\u013ea va\u0161ej \u00farovne zru\u010dnost\u00ed.<br \/>Nov\u00e1 funkcia koment\u00e1ra v re\u00e1lnom \u010dase prid\u00e1va v\u0161etok rozruch s\u00fa\u0165a\u017en\u00e9ho z\u00e1pasu, ako aj \u013eahko zrozumite\u013en\u00e9 vysvetlenia o va\u0161ej hre.<br \/>Drive Gauge je nov\u00fd syst\u00e9m na spr\u00e1vu va\u0161ich zdrojov. Pou\u017e\u00edvajte ho m\u00fadro, aby ste dosiahli v\u00ed\u0165azstvo.<br \/><span class=\"bb_img_ctn\"><video class=\"bb_img\" autoplay muted loop playsinline poster=\"https:\/\/shared.akamai.steamstatic.com\/store_item_assets\/steam\/apps\/1364780\/extras\/65f6053f32d73fd63f096f6e02e2f935.poster.avif?t=1760574911\" width=600 height=254 ><source src=\"https:\/\/shared.akamai.steamstatic.com\/store_item_assets\/steam\/apps\/1364780\/extras\/65f6053f32d73fd63f096f6e02e2f935.webm?t=1760574911\" type=\"video\/webm; codecs=vp9\"><source src=\"https:\/\/shared.akamai.steamstatic.com\/store_item_assets\/steam\/apps\/1364780\/extras\/65f6053f32d73fd63f096f6e02e2f935.mp4?t=1760574911\" type=\"video\/mp4\"><\/video><\/span><\/p>\n<p>Presk\u00famajte ulice vo World Tour<br \/>Objavte v\u00fdznam sily vo World Tour, pohlcuj\u00facom pr\u00edbehovom re\u017eime pre jedn\u00e9ho hr\u00e1\u010da. Vezmite svojho avatara a presk\u00famajte Metro City a okolie. Stretnite sa s majstrami, ktor\u00ed v\u00e1s vezm\u00fa pod svoje kr\u00eddla a nau\u010dia v\u00e1s svoj \u0161t\u00fdl a techniky.<br \/><span class=\"bb_img_ctn\"><video class=\"bb_img\" autoplay muted loop playsinline poster=\"https:\/\/shared.akamai.steamstatic.com\/store_item_assets\/steam\/apps\/1364780\/extras\/0d370e1a388b09d604499934fea56399.poster.avif?t=1760574911\" width=600 height=254 ><source src=\"https:\/\/shared.akamai.steamstatic.com\/store_item_assets\/steam\/apps\/1364780\/extras\/0d370e1a388b09d604499934fea56399.webm?t=1760574911\" type=\"video\/webm; codecs=vp9\"><source src=\"https:\/\/shared.akamai.steamstatic.com\/store_item_assets\/steam\/apps\/1364780\/extras\/0d370e1a388b09d604499934fea56399.mp4?t=1760574911\" type=\"video\/mp4\"><\/video><\/span><\/p>\n<p>H\u013eadajte s\u00faperov v Battle Hub<br \/>Battle Hub predstavuje z\u00e1kladn\u00fd re\u017eim hry Street Fighter 6, kde sa hr\u00e1\u010di m\u00f4\u017eu zhroma\u017e\u010fova\u0165, komunikova\u0165 a spolo\u010dne sa sta\u0165 silnej\u0161\u00edmi. Pou\u017eite avatara, ktor\u00e9ho ste vytvorili v re\u017eime World Tour, aby ste si pozreli kab\u00edny na podlahe Battle Hub a hrali proti in\u00fdm hr\u00e1\u010dom, alebo sa vyberte do Game Center, kde si m\u00f4\u017eete zahra\u0165 niektor\u00e9 z klasick\u00fdch ark\u00e1dov\u00fdch hier Capcom.<br \/><span class=\"bb_img_ctn\"><video class=\"bb_img\" autoplay muted loop playsinline poster=\"https:\/\/shared.akamai.steamstatic.com\/store_item_assets\/steam\/apps\/1364780\/extras\/100a45536049ecba1cf3db1def2d0471.poster.avif?t=1760574911\" width=600 height=254 ><source src=\"https:\/\/shared.akamai.steamstatic.com\/store_item_assets\/steam\/apps\/1364780\/extras\/100a45536049ecba1cf3db1def2d0471.webm?t=1760574911\" type=\"video\/webm; codecs=vp9\"><source src=\"https:\/\/shared.akamai.steamstatic.com\/store_item_assets\/steam\/apps\/1364780\/extras\/100a45536049ecba1cf3db1def2d0471.mp4?t=1760574911\" type=\"video\/mp4\"><\/video><\/span><\/p>\n<p>Va\u0161a cesta k tomu, aby ste sa stali World Warrior, za\u010d\u00edna tu.<\/p>\n","protected":false},"excerpt":{"rendered":"<p>Prich\u00e1dza najnov\u0161\u00ed v\u00fdzva od Capcomu! Street Fighter\u2122 6 sa na celom svete za\u010dne pred\u00e1va\u0165 2. j\u00fana 2023 a predstavuje \u010fal\u0161\u00ed v\u00fdvoj s\u00e9rie Street Fighter\u2122! Street Fighter 6 pon\u00faka tri odli\u0161n\u00e9 hern\u00e9 re\u017eimy, vr\u00e1tane World Tour, Fighting Ground a Battle Hub.<\/p>\n","protected":false},"featured_media":70237,"comment_status":"open","ping_status":"closed","template":"","meta":{"_acf_changed":false},"product_brand":[],"product_cat":[274,278,268,266,312],"product_tag":[],"class_list":{"0":"post-98081","1":"product","2":"type-product","3":"status-publish","4":"has-post-thumbnail","6":"product_cat-arkady-pc-hry-sk","7":"product_cat-bojove-pc-hry-sk","8":"product_cat-pc-sk","9":"product_cat-pc-hry-sk","10":"product_cat-steam-pc-sk","11":"pa_audio-en-us","12":"pa_audio-ja-jp","14":"pa_countries-at","15":"pa_countries-be","16":"pa_countries-bg","17":"pa_countries-cy","18":"pa_countries-cz","20":"pa_countries-dk","21":"pa_countries-ee","22":"pa_countries-es","23":"pa_countries-fi","24":"pa_countries-fr","25":"pa_countries-gr","26":"pa_countries-hr","27":"pa_countries-hu","28":"pa_countries-ie","29":"pa_countries-it","30":"pa_countries-lt","31":"pa_countries-lu","32":"pa_countries-lv","33":"pa_countries-mt","34":"pa_countries-nl","35":"pa_countries-pl","36":"pa_countries-pt","37":"pa_countries-ro","38":"pa_countries-se","39":"pa_countries-si","40":"pa_countries-sk","41":"pa_developer-capcom","43":"pa_engine-re-engine","45":"pa_franchises-street-fighter","47":"pa_game_type-main_game","49":"pa_genres-arcade","51":"pa_genres-fighting","52":"pa_interface-ar","53":"pa_interface-de-de","54":"pa_interface-en-us","55":"pa_interface-es-es","56":"pa_interface-es-mx","57":"pa_interface-fr-fr","58":"pa_interface-it-it","59":"pa_interface-ja-jp","60":"pa_interface-ko-kr","61":"pa_interface-pl-pl","62":"pa_interface-pt-br","63":"pa_interface-ru-ru","65":"pa_interface-zh-cn","66":"pa_interface-zh-tw","67":"pa_keywords-1v1","68":"pa_keywords-character-creation","69":"pa_keywords-character-customization","70":"pa_keywords-multiple-playable-characters","71":"pa_keywords-the-game-awards-best-fighting-game-winner","72":"pa_keywords-the-game-awards-best-multiplayer-game-nominee","74":"pa_modes-multiplayer","76":"pa_modes-single-player","77":"pa_pegi-13428","78":"pa_pegi-927","79":"pa_platform-pc-steam","81":"pa_player_perspectives-side-view","83":"pa_publisher-capcom","85":"pa_rating-2513","86":"pa_rating-14592","87":"pa_region-europe","89":"pa_subtitles-ar","90":"pa_subtitles-de-de","92":"pa_subtitles-en-us","93":"pa_subtitles-es-es","94":"pa_subtitles-es-mx","95":"pa_subtitles-fr-fr","96":"pa_subtitles-it-it","97":"pa_subtitles-ja-jp","98":"pa_subtitles-ko-kr","99":"pa_subtitles-pl-pl","100":"pa_subtitles-pt-br","101":"pa_subtitles-ru-ru","102":"pa_subtitles-zh-cn","103":"pa_subtitles-zh-tw","104":"pa_themes-action","105":"pa_themes-fantasy","108":"first","109":"instock","110":"virtual","111":"taxable","112":"purchasable","113":"product-type-simple"},"yoast_head":"<!-- This site is optimized with the Yoast SEO plugin v27.4 - https:\/\/yoast.com\/product\/yoast-seo-wordpress\/ -->\n<title>Street Fighter 6 | BeGamer.cz<\/title>\n<meta name=\"robots\" content=\"index, follow, max-snippet:-1, max-image-preview:large, max-video-preview:-1\" \/>\n<link rel=\"canonical\" href=\"https:\/\/begamer.cz\/sk\/produkt\/street-fighter-6-sk-2\/\" \/>\n<meta property=\"og:locale\" content=\"sk_SK\" \/>\n<meta property=\"og:type\" content=\"article\" \/>\n<meta property=\"og:title\" content=\"Street Fighter 6 | BeGamer.cz\" \/>\n<meta property=\"og:description\" content=\"Prich\u00e1dza najnov\u0161\u00ed v\u00fdzva od Capcomu! Street Fighter\u2122 6 sa na celom svete za\u010dne pred\u00e1va\u0165 2. j\u00fana 2023 a predstavuje \u010fal\u0161\u00ed v\u00fdvoj s\u00e9rie Street Fighter\u2122! Street Fighter 6 pon\u00faka tri odli\u0161n\u00e9 hern\u00e9 re\u017eimy, vr\u00e1tane World Tour, Fighting Ground a Battle Hub.\" \/>\n<meta property=\"og:url\" content=\"https:\/\/begamer.cz\/sk\/produkt\/street-fighter-6-sk-2\/\" \/>\n<meta property=\"og:site_name\" content=\"BeGamer.cz\" \/>\n<meta property=\"article:modified_time\" content=\"2026-03-18T07:02:25+00:00\" \/>\n<meta property=\"og:image\" content=\"https:\/\/begamer.cz\/wp-content\/uploads\/2026\/01\/street-fighter-6-12.webp\" \/>\n\t<meta property=\"og:image:width\" content=\"300\" \/>\n\t<meta property=\"og:image:height\" content=\"400\" \/>\n\t<meta property=\"og:image:type\" content=\"image\/webp\" \/>\n<meta name=\"twitter:card\" content=\"summary_large_image\" \/>\n<meta name=\"twitter:label1\" content=\"Predpokladan\u00fd \u010das \u010d\u00edtania\" \/>\n\t<meta name=\"twitter:data1\" content=\"2 min\u00faty\" \/>\n<script type=\"application\/ld+json\" class=\"yoast-schema-graph\">{\"@context\":\"https:\\\/\\\/schema.org\",\"@graph\":[{\"@type\":\"WebPage\",\"@id\":\"https:\\\/\\\/begamer.cz\\\/sk\\\/produkt\\\/street-fighter-6-sk-2\\\/\",\"url\":\"https:\\\/\\\/begamer.cz\\\/sk\\\/produkt\\\/street-fighter-6-sk-2\\\/\",\"name\":\"Street Fighter 6 | BeGamer.cz\",\"isPartOf\":{\"@id\":\"https:\\\/\\\/begamer.cz\\\/sk\\\/#website\"},\"primaryImageOfPage\":{\"@id\":\"https:\\\/\\\/begamer.cz\\\/sk\\\/produkt\\\/street-fighter-6-sk-2\\\/#primaryimage\"},\"image\":{\"@id\":\"https:\\\/\\\/begamer.cz\\\/sk\\\/produkt\\\/street-fighter-6-sk-2\\\/#primaryimage\"},\"thumbnailUrl\":\"https:\\\/\\\/begamer.cz\\\/wp-content\\\/uploads\\\/2026\\\/01\\\/street-fighter-6-12.webp\",\"datePublished\":\"2026-01-30T16:10:39+00:00\",\"dateModified\":\"2026-03-18T07:02:25+00:00\",\"breadcrumb\":{\"@id\":\"https:\\\/\\\/begamer.cz\\\/sk\\\/produkt\\\/street-fighter-6-sk-2\\\/#breadcrumb\"},\"inLanguage\":\"sk-SK\",\"potentialAction\":[{\"@type\":\"ReadAction\",\"target\":[\"https:\\\/\\\/begamer.cz\\\/sk\\\/produkt\\\/street-fighter-6-sk-2\\\/\"]}]},{\"@type\":\"ImageObject\",\"inLanguage\":\"sk-SK\",\"@id\":\"https:\\\/\\\/begamer.cz\\\/sk\\\/produkt\\\/street-fighter-6-sk-2\\\/#primaryimage\",\"url\":\"https:\\\/\\\/begamer.cz\\\/wp-content\\\/uploads\\\/2026\\\/01\\\/street-fighter-6-12.webp\",\"contentUrl\":\"https:\\\/\\\/begamer.cz\\\/wp-content\\\/uploads\\\/2026\\\/01\\\/street-fighter-6-12.webp\",\"width\":300,\"height\":400},{\"@type\":\"BreadcrumbList\",\"@id\":\"https:\\\/\\\/begamer.cz\\\/sk\\\/produkt\\\/street-fighter-6-sk-2\\\/#breadcrumb\",\"itemListElement\":[{\"@type\":\"ListItem\",\"position\":1,\"name\":\"Domov\",\"item\":\"https:\\\/\\\/begamer.cz\\\/sk\\\/\"},{\"@type\":\"ListItem\",\"position\":2,\"name\":\"Obchod\",\"item\":\"https:\\\/\\\/begamer.cz\\\/obchod\\\/\"},{\"@type\":\"ListItem\",\"position\":3,\"name\":\"Street Fighter 6\"}]},{\"@type\":\"WebSite\",\"@id\":\"https:\\\/\\\/begamer.cz\\\/sk\\\/#website\",\"url\":\"https:\\\/\\\/begamer.cz\\\/sk\\\/\",\"name\":\"BeGamer.cz\",\"description\":\"\",\"publisher\":{\"@id\":\"https:\\\/\\\/begamer.cz\\\/sk\\\/#organization\"},\"potentialAction\":[{\"@type\":\"SearchAction\",\"target\":{\"@type\":\"EntryPoint\",\"urlTemplate\":\"https:\\\/\\\/begamer.cz\\\/sk\\\/?s={search_term_string}\"},\"query-input\":{\"@type\":\"PropertyValueSpecification\",\"valueRequired\":true,\"valueName\":\"search_term_string\"}}],\"inLanguage\":\"sk-SK\"},{\"@type\":\"Organization\",\"@id\":\"https:\\\/\\\/begamer.cz\\\/sk\\\/#organization\",\"name\":\"BeGamer.cz\",\"url\":\"https:\\\/\\\/begamer.cz\\\/sk\\\/\",\"logo\":{\"@type\":\"ImageObject\",\"inLanguage\":\"sk-SK\",\"@id\":\"https:\\\/\\\/begamer.cz\\\/sk\\\/#\\\/schema\\\/logo\\\/image\\\/\",\"url\":\"https:\\\/\\\/begamer.cz\\\/wp-content\\\/uploads\\\/2025\\\/07\\\/logo.svg\",\"contentUrl\":\"https:\\\/\\\/begamer.cz\\\/wp-content\\\/uploads\\\/2025\\\/07\\\/logo.svg\",\"caption\":\"BeGamer.cz\"},\"image\":{\"@id\":\"https:\\\/\\\/begamer.cz\\\/sk\\\/#\\\/schema\\\/logo\\\/image\\\/\"}}]}<\/script>\n<!-- \/ Yoast SEO plugin. -->","yoast_head_json":{"title":"Street Fighter 6 | BeGamer.cz","robots":{"index":"index","follow":"follow","max-snippet":"max-snippet:-1","max-image-preview":"max-image-preview:large","max-video-preview":"max-video-preview:-1"},"canonical":"https:\/\/begamer.cz\/sk\/produkt\/street-fighter-6-sk-2\/","og_locale":"sk_SK","og_type":"article","og_title":"Street Fighter 6 | BeGamer.cz","og_description":"Prich\u00e1dza najnov\u0161\u00ed v\u00fdzva od Capcomu! Street Fighter\u2122 6 sa na celom svete za\u010dne pred\u00e1va\u0165 2. j\u00fana 2023 a predstavuje \u010fal\u0161\u00ed v\u00fdvoj s\u00e9rie Street Fighter\u2122! Street Fighter 6 pon\u00faka tri odli\u0161n\u00e9 hern\u00e9 re\u017eimy, vr\u00e1tane World Tour, Fighting Ground a Battle Hub.","og_url":"https:\/\/begamer.cz\/sk\/produkt\/street-fighter-6-sk-2\/","og_site_name":"BeGamer.cz","article_modified_time":"2026-03-18T07:02:25+00:00","og_image":[{"width":300,"height":400,"url":"https:\/\/begamer.cz\/wp-content\/uploads\/2026\/01\/street-fighter-6-12.webp","type":"image\/webp"}],"twitter_card":"summary_large_image","twitter_misc":{"Predpokladan\u00fd \u010das \u010d\u00edtania":"2 min\u00faty"},"schema":{"@context":"https:\/\/schema.org","@graph":[{"@type":"WebPage","@id":"https:\/\/begamer.cz\/sk\/produkt\/street-fighter-6-sk-2\/","url":"https:\/\/begamer.cz\/sk\/produkt\/street-fighter-6-sk-2\/","name":"Street Fighter 6 | BeGamer.cz","isPartOf":{"@id":"https:\/\/begamer.cz\/sk\/#website"},"primaryImageOfPage":{"@id":"https:\/\/begamer.cz\/sk\/produkt\/street-fighter-6-sk-2\/#primaryimage"},"image":{"@id":"https:\/\/begamer.cz\/sk\/produkt\/street-fighter-6-sk-2\/#primaryimage"},"thumbnailUrl":"https:\/\/begamer.cz\/wp-content\/uploads\/2026\/01\/street-fighter-6-12.webp","datePublished":"2026-01-30T16:10:39+00:00","dateModified":"2026-03-18T07:02:25+00:00","breadcrumb":{"@id":"https:\/\/begamer.cz\/sk\/produkt\/street-fighter-6-sk-2\/#breadcrumb"},"inLanguage":"sk-SK","potentialAction":[{"@type":"ReadAction","target":["https:\/\/begamer.cz\/sk\/produkt\/street-fighter-6-sk-2\/"]}]},{"@type":"ImageObject","inLanguage":"sk-SK","@id":"https:\/\/begamer.cz\/sk\/produkt\/street-fighter-6-sk-2\/#primaryimage","url":"https:\/\/begamer.cz\/wp-content\/uploads\/2026\/01\/street-fighter-6-12.webp","contentUrl":"https:\/\/begamer.cz\/wp-content\/uploads\/2026\/01\/street-fighter-6-12.webp","width":300,"height":400},{"@type":"BreadcrumbList","@id":"https:\/\/begamer.cz\/sk\/produkt\/street-fighter-6-sk-2\/#breadcrumb","itemListElement":[{"@type":"ListItem","position":1,"name":"Domov","item":"https:\/\/begamer.cz\/sk\/"},{"@type":"ListItem","position":2,"name":"Obchod","item":"https:\/\/begamer.cz\/obchod\/"},{"@type":"ListItem","position":3,"name":"Street Fighter 6"}]},{"@type":"WebSite","@id":"https:\/\/begamer.cz\/sk\/#website","url":"https:\/\/begamer.cz\/sk\/","name":"BeGamer.cz","description":"","publisher":{"@id":"https:\/\/begamer.cz\/sk\/#organization"},"potentialAction":[{"@type":"SearchAction","target":{"@type":"EntryPoint","urlTemplate":"https:\/\/begamer.cz\/sk\/?s={search_term_string}"},"query-input":{"@type":"PropertyValueSpecification","valueRequired":true,"valueName":"search_term_string"}}],"inLanguage":"sk-SK"},{"@type":"Organization","@id":"https:\/\/begamer.cz\/sk\/#organization","name":"BeGamer.cz","url":"https:\/\/begamer.cz\/sk\/","logo":{"@type":"ImageObject","inLanguage":"sk-SK","@id":"https:\/\/begamer.cz\/sk\/#\/schema\/logo\/image\/","url":"https:\/\/begamer.cz\/wp-content\/uploads\/2025\/07\/logo.svg","contentUrl":"https:\/\/begamer.cz\/wp-content\/uploads\/2025\/07\/logo.svg","caption":"BeGamer.cz"},"image":{"@id":"https:\/\/begamer.cz\/sk\/#\/schema\/logo\/image\/"}}]}},"acf":[],"_links":{"self":[{"href":"https:\/\/begamer.cz\/sk\/wp-json\/wp\/v2\/product\/98081","targetHints":{"allow":["GET"]}}],"collection":[{"href":"https:\/\/begamer.cz\/sk\/wp-json\/wp\/v2\/product"}],"about":[{"href":"https:\/\/begamer.cz\/sk\/wp-json\/wp\/v2\/types\/product"}],"replies":[{"embeddable":true,"href":"https:\/\/begamer.cz\/sk\/wp-json\/wp\/v2\/comments?post=98081"}],"wp:featuredmedia":[{"embeddable":true,"href":"https:\/\/begamer.cz\/sk\/wp-json\/wp\/v2\/media\/70237"}],"wp:attachment":[{"href":"https:\/\/begamer.cz\/sk\/wp-json\/wp\/v2\/media?parent=98081"}],"wp:term":[{"taxonomy":"product_brand","embeddable":true,"href":"https:\/\/begamer.cz\/sk\/wp-json\/wp\/v2\/product_brand?post=98081"},{"taxonomy":"product_cat","embeddable":true,"href":"https:\/\/begamer.cz\/sk\/wp-json\/wp\/v2\/product_cat?post=98081"},{"taxonomy":"product_tag","embeddable":true,"href":"https:\/\/begamer.cz\/sk\/wp-json\/wp\/v2\/product_tag?post=98081"}],"curies":[{"name":"wp","href":"https:\/\/api.w.org\/{rel}","templated":true}]}}