{"id":98060,"date":"2026-01-30T17:10:16","date_gmt":"2026-01-30T16:10:16","guid":{"rendered":"https:\/\/begamer.cz\/produkt\/mega-man-battle-network-legacy-collection-sk\/"},"modified":"2026-03-18T07:58:42","modified_gmt":"2026-03-18T06:58:42","slug":"mega-man-battle-network-legacy-collection-sk","status":"publish","type":"product","link":"https:\/\/begamer.cz\/sk\/produkt\/mega-man-battle-network-legacy-collection-sk\/","title":{"rendered":"Mega Man Battle Network Legacy Collection"},"content":{"rendered":"<div>\n<h2>Mega Man Battle Network Legacy Collection<\/h2>\n<p>Vst\u00fapte do digit\u00e1lneho sveta, kde vl\u00e1dne technol\u00f3gia, s <strong>Mega Man Battle Network Legacy Collection<\/strong>. T\u00e1to definit\u00edvna kolekcia sp\u00e1ja v\u0161etky k\u013e\u00fa\u010dov\u00e9 tituly z ob\u013e\u00fabenej s\u00e9rie Mega Man Battle Network, ktor\u00e9 boli remastrovan\u00e9 a optimalizovan\u00e9 tak, aby poskytovali v\u00fdnimo\u010dn\u00fd hern\u00fd z\u00e1\u017eitok na modern\u00fdch platform\u00e1ch.<\/p>\n<p>T\u00e1to s\u00e9ria, zn\u00e1ma svojou inovat\u00edvnou kombin\u00e1ciou taktick\u00e9ho boja v re\u00e1lnom \u010dase, RPG prvkov a p\u00fatav\u00e9ho pr\u00edbehu, pon\u00faka jedine\u010dn\u00e9 dobrodru\u017estvo, v ktorom hr\u00e1\u010di ovl\u00e1daj\u00fa mlad\u00fdch hrdinov a ich digit\u00e1lnych spolo\u010dn\u00edkov, naz\u00fdvan\u00fdch NetNavis. Spolo\u010dne bojuj\u00fa proti kybernetick\u00fdm hrozb\u00e1m a odha\u013euj\u00fa sprisahania, ktor\u00e9 ohrozuj\u00fa digit\u00e1lny aj re\u00e1lny svet.<\/p>\n<h2>K\u013e\u00fa\u010dov\u00e9 vlastnosti kolekcie<\/h2>\n<ul>\n<li><strong>Kompletn\u00e1 kompil\u00e1cia s\u00e9rie:<\/strong> Za\u017eite v\u0161etky hlavn\u00e9 hry Mega Man Battle Network v jednom praktickom bal\u00edku, z ktor\u00fdch ka\u017ed\u00e1 je verne zachovan\u00e1, ale vylep\u0161en\u00e1 modern\u00fdmi grafick\u00fdmi aktualiz\u00e1ciami.<\/li>\n<li><strong>Vylep\u0161en\u00e1 grafika a rozhranie:<\/strong> Klasick\u00fd pixelov\u00fd \u0161t\u00fdl je osvie\u017een\u00fd vylep\u0161en\u00fdmi anim\u00e1ciami a u\u017e\u00edvate\u013esky pr\u00edvetiv\u00fdmi ponukami, ktor\u00e9 zachov\u00e1vaj\u00fa nostalgiu a z\u00e1rove\u0148 zlep\u0161uj\u00fa pr\u00edstupnos\u0165.<\/li>\n<li><strong>Bohat\u00fd bonusov\u00fd obsah:<\/strong> Odomknite gal\u00e9rie, profily post\u00e1v a \u010fal\u0161ie \u0161peci\u00e1lne bonusy, ktor\u00e9 poskytuj\u00fa hlb\u0161\u00ed poh\u013ead do sveta Mega Man Battle Network.<\/li>\n<li><strong>Vylep\u0161en\u00e9 soundtracky:<\/strong> Vychutnajte si ikonick\u00fa hudbu, kr\u00e1sne remastrovan\u00fa, aby o\u017eivila \u017eiv\u00fa atmosf\u00e9ru s\u00e9rie.<\/li>\n<\/ul>\n<h2>Pr\u00edbeh a svet<\/h2>\n<p>V bl\u00edzkej bud\u00facnosti, kde digit\u00e1lne siete prenikaj\u00fa do ka\u017edodenn\u00e9ho \u017eivota, hr\u00e1te za Lana Hikariho a jeho NetNavi MegaMan.EXE. Spolo\u010dne sa pohybuj\u00fa v re\u00e1lnom a virtu\u00e1lnom svete a bojuj\u00fa proti organiz\u00e1ci\u00e1m kyberkriminality, v\u00edrusom a hrozb\u00e1m, ktor\u00e9 ohrozuj\u00fa stabilitu spolo\u010dnosti.<\/p>\n<p>Hra hr\u00e1\u010dov vyz\u00fdva, aby zbierali a strategicky pou\u017e\u00edvali bojov\u00e9 \u010dipy na vykon\u00e1vanie siln\u00fdch pohybov po\u010das intenz\u00edvnych bojov v re\u00e1lnom \u010dase. Kombin\u00e1cia taktickej h\u013abky a r\u00fdchlej akcie v hre zaru\u010duje p\u00fatav\u00fd z\u00e1\u017eitok pre nov\u00e1\u010dikov aj veter\u00e1nov.<\/p>\n<h2>Pre\u010do si vybra\u0165 Mega Man Battle Network Legacy Collection?<\/h2>\n<ul>\n<li><strong>Kompletn\u00fd a ucelen\u00fd z\u00e1\u017eitok:<\/strong> V\u0161etky hlavn\u00e9 tituly s\u00fa zahrnut\u00e9 v jednej s\u00favislej kolekcii s pridan\u00fdmi bonusmi, \u010d\u00edm vznik\u00e1 definit\u00edvny bal\u00edk pre fan\u00fa\u0161ikov.<\/li>\n<li><strong>Pr\u00edstupn\u00e9 pre nov\u00fdch hr\u00e1\u010dov:<\/strong> Modernizovan\u00e9 ovl\u00e1danie a zjednodu\u0161en\u00e9 rozhranie v\u00edtaj\u00fa nov\u00fdch hr\u00e1\u010dov v s\u00e9rii, zatia\u013e \u010do dlhoro\u010dn\u00ed fan\u00fa\u0161ikovia ocenia vern\u00e9 zachovanie.<\/li>\n<li><strong>Perfektn\u00e1 rovnov\u00e1ha nostalgie a inov\u00e1cie:<\/strong> Klasick\u00e1 hrate\u013enos\u0165 sa sp\u00e1ja s aktualizovanou prezent\u00e1ciou, \u010do rob\u00ed t\u00fato kolekciu povinnou v\u00fdbavou pre nad\u0161encov RPG a ak\u010dn\u00fdch hier.<\/li>\n<\/ul>\n<p>Pripravte sa ponori\u0165 sa do \u017eiv\u00e9ho digit\u00e1lneho sveta pln\u00e9ho strat\u00e9gie, akcie a p\u00fatav\u00fdch pr\u00edbehov. Mega Man Battle Network Legacy Collection je poctou jednej z najob\u013e\u00fabenej\u0161\u00edch taktick\u00fdch RPG s\u00e9ri\u00ed z roku 2000, ktor\u00e1 pon\u00faka stovky hod\u00edn vzru\u0161uj\u00facej hrate\u013enosti a nezabudnute\u013en\u00fdch momentov.<\/p>\n<p><small>Niektor\u00e9 texty boli prelo\u017een\u00e9 strojovo.<\/small><\/div>\n","protected":false},"excerpt":{"rendered":"<p>P\u00ed\u0161e sa rok 200X. R\u00fdchly rozvoj internetov\u00fdch technol\u00f3gi\u00ed dal vznikn\u00fa\u0165 sie\u0165ovej spolo\u010dnosti. \u013dudia nosia so sebou PET, mobiln\u00e9 zariadenia vybaven\u00e9 vn\u00edmav\u00fdmi programami naz\u00fdvan\u00fdmi NetNavis, ktor\u00e9 pou\u017e\u00edvaj\u00fa, aby mohli vyu\u017e\u00edva\u0165 mnoh\u00e9 v\u00fdhody, ktor\u00e9 sie\u0165 poskytuje. Ale hoci sie\u0165 zlep\u0161ila ich sp\u00f4sob \u017eivota, priniesla so sebou aj nov\u00e9 mo\u017enosti pre kyberkriminalitu. Hlavn\u00fd hrdina Lan Hikari a jeho NetNavi, MegaMan.EXE, musia spolupracova\u0165, aby vyrie\u0161ili mno\u017estvo incidentov.<\/p>\n","protected":false},"featured_media":70102,"comment_status":"open","ping_status":"closed","template":"","meta":{"_acf_changed":false},"product_brand":[],"product_cat":[268,266,308,312,9082],"product_tag":[],"class_list":{"0":"post-98060","1":"product","2":"type-product","3":"status-publish","4":"has-post-thumbnail","6":"product_cat-pc-sk","7":"product_cat-pc-hry-sk","8":"product_cat-rpg-pc-hry-sk","9":"product_cat-steam-pc-sk","10":"product_cat-takticke-3","11":"pa_audio-en-us","13":"pa_audio-ja-jp","15":"pa_audio-zh-cn","16":"pa_countries-at","17":"pa_countries-be","18":"pa_countries-bg","19":"pa_countries-cy","20":"pa_countries-cz","22":"pa_countries-de","23":"pa_countries-dk","24":"pa_countries-ee","25":"pa_countries-es","26":"pa_countries-fi","27":"pa_countries-fr","28":"pa_countries-gr","29":"pa_countries-hr","30":"pa_countries-hu","31":"pa_countries-ie","32":"pa_countries-it","33":"pa_countries-lt","34":"pa_countries-lu","35":"pa_countries-lv","36":"pa_countries-mt","37":"pa_countries-nl","38":"pa_countries-pl","39":"pa_countries-pt","40":"pa_countries-ro","41":"pa_countries-se","42":"pa_countries-si","43":"pa_countries-sk","45":"pa_developer-capcom","47":"pa_franchises-mega-man","49":"pa_game_type-bundle","51":"pa_genres-real-time-strategy-rts","53":"pa_genres-role-playing-rpg","54":"pa_genres-tactical","56":"pa_interface-en-us","57":"pa_interface-ja-jp","59":"pa_interface-zh-cn","60":"pa_interface-zh-tw","62":"pa_modes-single-player","64":"pa_pegi-13428","65":"pa_pegi-927","66":"pa_platform-pc-steam","68":"pa_player_perspectives-bird-view-isometric","70":"pa_player_perspectives-third-person","72":"pa_publisher-capcom","74":"pa_rating-1791","75":"pa_rating-14552","76":"pa_region-europe","78":"pa_themes-action","80":"pa_themes-science-fiction","83":"first","84":"instock","85":"virtual","86":"taxable","87":"purchasable","88":"product-type-simple"},"yoast_head":"<!-- This site is optimized with the Yoast SEO plugin v27.3 - https:\/\/yoast.com\/product\/yoast-seo-wordpress\/ -->\n<title>Mega Man Battle Network Legacy Collection | BeGamer.cz<\/title>\n<meta name=\"robots\" content=\"index, follow, max-snippet:-1, max-image-preview:large, max-video-preview:-1\" \/>\n<link rel=\"canonical\" href=\"https:\/\/begamer.cz\/sk\/produkt\/mega-man-battle-network-legacy-collection-sk\/\" \/>\n<meta property=\"og:locale\" content=\"sk_SK\" \/>\n<meta property=\"og:type\" content=\"article\" \/>\n<meta property=\"og:title\" content=\"Mega Man Battle Network Legacy Collection | BeGamer.cz\" \/>\n<meta property=\"og:description\" content=\"P\u00ed\u0161e sa rok 200X. R\u00fdchly rozvoj internetov\u00fdch technol\u00f3gi\u00ed dal vznikn\u00fa\u0165 sie\u0165ovej spolo\u010dnosti. \u013dudia nosia so sebou PET, mobiln\u00e9 zariadenia vybaven\u00e9 vn\u00edmav\u00fdmi programami naz\u00fdvan\u00fdmi NetNavis, ktor\u00e9 pou\u017e\u00edvaj\u00fa, aby mohli vyu\u017e\u00edva\u0165 mnoh\u00e9 v\u00fdhody, ktor\u00e9 sie\u0165 poskytuje. Ale hoci sie\u0165 zlep\u0161ila ich sp\u00f4sob \u017eivota, priniesla so sebou aj nov\u00e9 mo\u017enosti pre kyberkriminalitu. Hlavn\u00fd hrdina Lan Hikari a jeho NetNavi, MegaMan.EXE, musia spolupracova\u0165, aby vyrie\u0161ili mno\u017estvo incidentov.\" \/>\n<meta property=\"og:url\" content=\"https:\/\/begamer.cz\/sk\/produkt\/mega-man-battle-network-legacy-collection-sk\/\" \/>\n<meta property=\"og:site_name\" content=\"BeGamer.cz\" \/>\n<meta property=\"article:modified_time\" content=\"2026-03-18T06:58:42+00:00\" \/>\n<meta property=\"og:image\" content=\"https:\/\/begamer.cz\/wp-content\/uploads\/2026\/01\/mega-man-battle-network-legacy-collection-6.webp\" \/>\n\t<meta property=\"og:image:width\" content=\"300\" \/>\n\t<meta property=\"og:image:height\" content=\"400\" \/>\n\t<meta property=\"og:image:type\" content=\"image\/webp\" \/>\n<meta name=\"twitter:card\" content=\"summary_large_image\" \/>\n<meta name=\"twitter:label1\" content=\"Predpokladan\u00fd \u010das \u010d\u00edtania\" \/>\n\t<meta name=\"twitter:data1\" content=\"3 min\u00faty\" \/>\n<script type=\"application\/ld+json\" class=\"yoast-schema-graph\">{\"@context\":\"https:\\\/\\\/schema.org\",\"@graph\":[{\"@type\":\"WebPage\",\"@id\":\"https:\\\/\\\/begamer.cz\\\/sk\\\/produkt\\\/mega-man-battle-network-legacy-collection-sk\\\/\",\"url\":\"https:\\\/\\\/begamer.cz\\\/sk\\\/produkt\\\/mega-man-battle-network-legacy-collection-sk\\\/\",\"name\":\"Mega Man Battle Network Legacy Collection | BeGamer.cz\",\"isPartOf\":{\"@id\":\"https:\\\/\\\/begamer.cz\\\/sk\\\/#website\"},\"primaryImageOfPage\":{\"@id\":\"https:\\\/\\\/begamer.cz\\\/sk\\\/produkt\\\/mega-man-battle-network-legacy-collection-sk\\\/#primaryimage\"},\"image\":{\"@id\":\"https:\\\/\\\/begamer.cz\\\/sk\\\/produkt\\\/mega-man-battle-network-legacy-collection-sk\\\/#primaryimage\"},\"thumbnailUrl\":\"https:\\\/\\\/begamer.cz\\\/wp-content\\\/uploads\\\/2026\\\/01\\\/mega-man-battle-network-legacy-collection-6.webp\",\"datePublished\":\"2026-01-30T16:10:16+00:00\",\"dateModified\":\"2026-03-18T06:58:42+00:00\",\"breadcrumb\":{\"@id\":\"https:\\\/\\\/begamer.cz\\\/sk\\\/produkt\\\/mega-man-battle-network-legacy-collection-sk\\\/#breadcrumb\"},\"inLanguage\":\"sk-SK\",\"potentialAction\":[{\"@type\":\"ReadAction\",\"target\":[\"https:\\\/\\\/begamer.cz\\\/sk\\\/produkt\\\/mega-man-battle-network-legacy-collection-sk\\\/\"]}]},{\"@type\":\"ImageObject\",\"inLanguage\":\"sk-SK\",\"@id\":\"https:\\\/\\\/begamer.cz\\\/sk\\\/produkt\\\/mega-man-battle-network-legacy-collection-sk\\\/#primaryimage\",\"url\":\"https:\\\/\\\/begamer.cz\\\/wp-content\\\/uploads\\\/2026\\\/01\\\/mega-man-battle-network-legacy-collection-6.webp\",\"contentUrl\":\"https:\\\/\\\/begamer.cz\\\/wp-content\\\/uploads\\\/2026\\\/01\\\/mega-man-battle-network-legacy-collection-6.webp\",\"width\":300,\"height\":400},{\"@type\":\"BreadcrumbList\",\"@id\":\"https:\\\/\\\/begamer.cz\\\/sk\\\/produkt\\\/mega-man-battle-network-legacy-collection-sk\\\/#breadcrumb\",\"itemListElement\":[{\"@type\":\"ListItem\",\"position\":1,\"name\":\"Domov\",\"item\":\"https:\\\/\\\/begamer.cz\\\/sk\\\/\"},{\"@type\":\"ListItem\",\"position\":2,\"name\":\"Obchod\",\"item\":\"https:\\\/\\\/begamer.cz\\\/obchod\\\/\"},{\"@type\":\"ListItem\",\"position\":3,\"name\":\"Mega Man Battle Network Legacy Collection\"}]},{\"@type\":\"WebSite\",\"@id\":\"https:\\\/\\\/begamer.cz\\\/sk\\\/#website\",\"url\":\"https:\\\/\\\/begamer.cz\\\/sk\\\/\",\"name\":\"BeGamer.cz\",\"description\":\"\",\"publisher\":{\"@id\":\"https:\\\/\\\/begamer.cz\\\/sk\\\/#organization\"},\"potentialAction\":[{\"@type\":\"SearchAction\",\"target\":{\"@type\":\"EntryPoint\",\"urlTemplate\":\"https:\\\/\\\/begamer.cz\\\/sk\\\/?s={search_term_string}\"},\"query-input\":{\"@type\":\"PropertyValueSpecification\",\"valueRequired\":true,\"valueName\":\"search_term_string\"}}],\"inLanguage\":\"sk-SK\"},{\"@type\":\"Organization\",\"@id\":\"https:\\\/\\\/begamer.cz\\\/sk\\\/#organization\",\"name\":\"BeGamer.cz\",\"url\":\"https:\\\/\\\/begamer.cz\\\/sk\\\/\",\"logo\":{\"@type\":\"ImageObject\",\"inLanguage\":\"sk-SK\",\"@id\":\"https:\\\/\\\/begamer.cz\\\/sk\\\/#\\\/schema\\\/logo\\\/image\\\/\",\"url\":\"https:\\\/\\\/begamer.cz\\\/wp-content\\\/uploads\\\/2025\\\/07\\\/logo.svg\",\"contentUrl\":\"https:\\\/\\\/begamer.cz\\\/wp-content\\\/uploads\\\/2025\\\/07\\\/logo.svg\",\"caption\":\"BeGamer.cz\"},\"image\":{\"@id\":\"https:\\\/\\\/begamer.cz\\\/sk\\\/#\\\/schema\\\/logo\\\/image\\\/\"}}]}<\/script>\n<!-- \/ Yoast SEO plugin. -->","yoast_head_json":{"title":"Mega Man Battle Network Legacy Collection | BeGamer.cz","robots":{"index":"index","follow":"follow","max-snippet":"max-snippet:-1","max-image-preview":"max-image-preview:large","max-video-preview":"max-video-preview:-1"},"canonical":"https:\/\/begamer.cz\/sk\/produkt\/mega-man-battle-network-legacy-collection-sk\/","og_locale":"sk_SK","og_type":"article","og_title":"Mega Man Battle Network Legacy Collection | BeGamer.cz","og_description":"P\u00ed\u0161e sa rok 200X. R\u00fdchly rozvoj internetov\u00fdch technol\u00f3gi\u00ed dal vznikn\u00fa\u0165 sie\u0165ovej spolo\u010dnosti. \u013dudia nosia so sebou PET, mobiln\u00e9 zariadenia vybaven\u00e9 vn\u00edmav\u00fdmi programami naz\u00fdvan\u00fdmi NetNavis, ktor\u00e9 pou\u017e\u00edvaj\u00fa, aby mohli vyu\u017e\u00edva\u0165 mnoh\u00e9 v\u00fdhody, ktor\u00e9 sie\u0165 poskytuje. Ale hoci sie\u0165 zlep\u0161ila ich sp\u00f4sob \u017eivota, priniesla so sebou aj nov\u00e9 mo\u017enosti pre kyberkriminalitu. Hlavn\u00fd hrdina Lan Hikari a jeho NetNavi, MegaMan.EXE, musia spolupracova\u0165, aby vyrie\u0161ili mno\u017estvo incidentov.","og_url":"https:\/\/begamer.cz\/sk\/produkt\/mega-man-battle-network-legacy-collection-sk\/","og_site_name":"BeGamer.cz","article_modified_time":"2026-03-18T06:58:42+00:00","og_image":[{"width":300,"height":400,"url":"https:\/\/begamer.cz\/wp-content\/uploads\/2026\/01\/mega-man-battle-network-legacy-collection-6.webp","type":"image\/webp"}],"twitter_card":"summary_large_image","twitter_misc":{"Predpokladan\u00fd \u010das \u010d\u00edtania":"3 min\u00faty"},"schema":{"@context":"https:\/\/schema.org","@graph":[{"@type":"WebPage","@id":"https:\/\/begamer.cz\/sk\/produkt\/mega-man-battle-network-legacy-collection-sk\/","url":"https:\/\/begamer.cz\/sk\/produkt\/mega-man-battle-network-legacy-collection-sk\/","name":"Mega Man Battle Network Legacy Collection | BeGamer.cz","isPartOf":{"@id":"https:\/\/begamer.cz\/sk\/#website"},"primaryImageOfPage":{"@id":"https:\/\/begamer.cz\/sk\/produkt\/mega-man-battle-network-legacy-collection-sk\/#primaryimage"},"image":{"@id":"https:\/\/begamer.cz\/sk\/produkt\/mega-man-battle-network-legacy-collection-sk\/#primaryimage"},"thumbnailUrl":"https:\/\/begamer.cz\/wp-content\/uploads\/2026\/01\/mega-man-battle-network-legacy-collection-6.webp","datePublished":"2026-01-30T16:10:16+00:00","dateModified":"2026-03-18T06:58:42+00:00","breadcrumb":{"@id":"https:\/\/begamer.cz\/sk\/produkt\/mega-man-battle-network-legacy-collection-sk\/#breadcrumb"},"inLanguage":"sk-SK","potentialAction":[{"@type":"ReadAction","target":["https:\/\/begamer.cz\/sk\/produkt\/mega-man-battle-network-legacy-collection-sk\/"]}]},{"@type":"ImageObject","inLanguage":"sk-SK","@id":"https:\/\/begamer.cz\/sk\/produkt\/mega-man-battle-network-legacy-collection-sk\/#primaryimage","url":"https:\/\/begamer.cz\/wp-content\/uploads\/2026\/01\/mega-man-battle-network-legacy-collection-6.webp","contentUrl":"https:\/\/begamer.cz\/wp-content\/uploads\/2026\/01\/mega-man-battle-network-legacy-collection-6.webp","width":300,"height":400},{"@type":"BreadcrumbList","@id":"https:\/\/begamer.cz\/sk\/produkt\/mega-man-battle-network-legacy-collection-sk\/#breadcrumb","itemListElement":[{"@type":"ListItem","position":1,"name":"Domov","item":"https:\/\/begamer.cz\/sk\/"},{"@type":"ListItem","position":2,"name":"Obchod","item":"https:\/\/begamer.cz\/obchod\/"},{"@type":"ListItem","position":3,"name":"Mega Man Battle Network Legacy Collection"}]},{"@type":"WebSite","@id":"https:\/\/begamer.cz\/sk\/#website","url":"https:\/\/begamer.cz\/sk\/","name":"BeGamer.cz","description":"","publisher":{"@id":"https:\/\/begamer.cz\/sk\/#organization"},"potentialAction":[{"@type":"SearchAction","target":{"@type":"EntryPoint","urlTemplate":"https:\/\/begamer.cz\/sk\/?s={search_term_string}"},"query-input":{"@type":"PropertyValueSpecification","valueRequired":true,"valueName":"search_term_string"}}],"inLanguage":"sk-SK"},{"@type":"Organization","@id":"https:\/\/begamer.cz\/sk\/#organization","name":"BeGamer.cz","url":"https:\/\/begamer.cz\/sk\/","logo":{"@type":"ImageObject","inLanguage":"sk-SK","@id":"https:\/\/begamer.cz\/sk\/#\/schema\/logo\/image\/","url":"https:\/\/begamer.cz\/wp-content\/uploads\/2025\/07\/logo.svg","contentUrl":"https:\/\/begamer.cz\/wp-content\/uploads\/2025\/07\/logo.svg","caption":"BeGamer.cz"},"image":{"@id":"https:\/\/begamer.cz\/sk\/#\/schema\/logo\/image\/"}}]}},"acf":[],"_links":{"self":[{"href":"https:\/\/begamer.cz\/sk\/wp-json\/wp\/v2\/product\/98060","targetHints":{"allow":["GET"]}}],"collection":[{"href":"https:\/\/begamer.cz\/sk\/wp-json\/wp\/v2\/product"}],"about":[{"href":"https:\/\/begamer.cz\/sk\/wp-json\/wp\/v2\/types\/product"}],"replies":[{"embeddable":true,"href":"https:\/\/begamer.cz\/sk\/wp-json\/wp\/v2\/comments?post=98060"}],"wp:featuredmedia":[{"embeddable":true,"href":"https:\/\/begamer.cz\/sk\/wp-json\/wp\/v2\/media\/70102"}],"wp:attachment":[{"href":"https:\/\/begamer.cz\/sk\/wp-json\/wp\/v2\/media?parent=98060"}],"wp:term":[{"taxonomy":"product_brand","embeddable":true,"href":"https:\/\/begamer.cz\/sk\/wp-json\/wp\/v2\/product_brand?post=98060"},{"taxonomy":"product_cat","embeddable":true,"href":"https:\/\/begamer.cz\/sk\/wp-json\/wp\/v2\/product_cat?post=98060"},{"taxonomy":"product_tag","embeddable":true,"href":"https:\/\/begamer.cz\/sk\/wp-json\/wp\/v2\/product_tag?post=98060"}],"curies":[{"name":"wp","href":"https:\/\/api.w.org\/{rel}","templated":true}]}}