{"id":98030,"date":"2026-01-30T17:09:34","date_gmt":"2026-01-30T16:09:34","guid":{"rendered":"https:\/\/begamer.cz\/produkt\/dead-rising-3-apocalypse-edition-sk\/"},"modified":"2026-03-18T07:56:33","modified_gmt":"2026-03-18T06:56:33","slug":"dead-rising-3-apocalypse-edition-sk","status":"publish","type":"product","link":"https:\/\/begamer.cz\/sk\/produkt\/dead-rising-3-apocalypse-edition-sk\/","title":{"rendered":"Dead Rising 3: Apocalypse Edition"},"content":{"rendered":"<p>V hre Dead Rising 3 je zbra\u0148ou v\u0161etko a \u010doko\u013evek. Presk\u00famajte mesto Los Perdidos, ktor\u00e9 je zaplaven\u00e9 zombie, a n\u00e1jdite sp\u00f4sob, ako unikn\u00fa\u0165, sk\u00f4r ne\u017e vojensk\u00fd \u00fatok zma\u017ee cel\u00e9 mesto a v\u0161etk\u00fdch jeho obyvate\u013eov z mapy. S intenz\u00edvnou akciou a bezkonkuren\u010dnou \u00farov\u0148ou prisp\u00f4sobenia zbran\u00ed a post\u00e1v prin\u00e1\u0161a Dead Rising 3 nezabudnute\u013en\u00fd z\u00e1\u017eitok, ak\u00fd nem\u00e1 obdoby, ke\u010f presk\u00famavate, zbierate a bojujete o pre\u017eitie v obrovskom otvorenom svete na pokraji zombie apokalypsy.<\/p>\n<h2 class=\"bb_tag\" >FUNKCIE<\/h2>\n<ul class=\"bb_ul\">\n<li><strong>Vitajte v Los Perdidos<\/strong> \u2013 10 rokov po udalostiach vo Fortune City sa hr\u00e1\u010di ocitn\u00fa v obrovskom otvorenom a infikovanom svete Los Perdidos, kde sa ponoria do akcie a ohromuj\u00facej grafiky.<\/li>\n<li><strong>V\u0161etka akcia survival hororu prich\u00e1dza na PC<\/strong> \u2013 PC verzia je plne optimalizovan\u00e1 pre vysok\u00e9 rozl\u00ed\u0161enie a obsahuje pln\u00fa podporu Steam a hern\u00fdch ovl\u00e1da\u010dov.<\/li>\n<li><strong>Viac zombie ako kedyko\u013evek predt\u00fdm<\/strong> \u2013 Zombie s\u00fa inteligentnej\u0161ie a smrte\u013enej\u0161ie ako kedyko\u013evek predt\u00fdm v\u010faka inteligentnej umelej inteligencii a zdie\u013ean\u00e9mu vedomiu, ktor\u00e9 n\u00fatia hr\u00e1\u010dov vyu\u017ei\u0165 v\u0161etky svoje rafinovan\u00e9 zru\u010dnosti a kreativitu, aby pre\u017eili.<\/li>\n<li><strong>Stovky unik\u00e1tnych kombinovan\u00fdch zbran\u00ed a vozidiel<\/strong> \u2013 kombinujte a prisp\u00f4sobujte stovky predmetov n\u00e1jden\u00fdch v sandboxovom svete, vr\u00e1tane stra\u0161idelnej zbrane Boom Cannon alebo vozidla Party Slapper.<\/li>\n<li><strong>\u010celte hr\u00f4ze sami alebo s priate\u013eom<\/strong> \u2013 Spojte sily s priate\u013eom a za\u017eite nekone\u010dn\u00e9 zab\u00edjanie zombie a z\u00edskajte sk\u00fasenostn\u00e9 body, ktor\u00e9 sa prenes\u00fa do va\u0161ej hry pre jedn\u00e9ho hr\u00e1\u010da.<\/li>\n<li><strong>Bonusov\u00fd stiahnute\u013en\u00fd obsah<\/strong> \u2013 Teraz s\u00fa zahrnut\u00e9 v\u0161etky \u0161tyri stiahnute\u013en\u00e9 doplnkov\u00e9 bal\u00ed\u010dky \u201eUntold Stories of Los Perdidos\u201c. Ka\u017ed\u00e1 doplnkov\u00e1 kapitola sa zameriava na in\u00e9ho protagonistu a poskytuje hr\u00e1\u010dom pr\u00edstup k bl\u00e1zniv\u00fdm nov\u00fdm zbraniam a vozidl\u00e1m, ktor\u00e9 sa pren\u00e1\u0161aj\u00fa do hlavnej hry.<\/li>\n<\/ul>\n","protected":false},"excerpt":{"rendered":"<p>Presk\u00famajte mesto Los Perdidos, ktor\u00e9 je pln\u00e9 zombie, a n\u00e1jdite sp\u00f4sob, ako unikn\u00fa\u0165, sk\u00f4r ne\u017e vojensk\u00fd \u00fatok zma\u017ee cel\u00e9 mesto a v\u0161etk\u00fdch jeho obyvate\u013eov z mapy.<\/p>\n","protected":false},"featured_media":69937,"comment_status":"open","ping_status":"closed","template":"","meta":{"_acf_changed":false},"product_brand":[],"product_cat":[280,268,266,308,312],"product_tag":[],"class_list":{"0":"post-98030","1":"product","2":"type-product","3":"status-publish","4":"has-post-thumbnail","6":"product_cat-dobrodruzne-pc-hry-sk","7":"product_cat-pc-sk","8":"product_cat-pc-hry-sk","9":"product_cat-rpg-pc-hry-sk","10":"product_cat-steam-pc-sk","11":"pa_audio-de-de","12":"pa_audio-en-gb","13":"pa_audio-en-us","14":"pa_audio-es-es","15":"pa_audio-fr-fr","16":"pa_audio-it-it","17":"pa_audio-nl-nl","19":"pa_audio-pt-br","20":"pa_audio-ru-ru","22":"pa_countries-at","23":"pa_countries-be","24":"pa_countries-bg","25":"pa_countries-cy","26":"pa_countries-cz","28":"pa_countries-dk","29":"pa_countries-ee","30":"pa_countries-es","31":"pa_countries-fi","32":"pa_countries-fr","33":"pa_countries-gr","34":"pa_countries-hr","35":"pa_countries-hu","36":"pa_countries-ie","37":"pa_countries-it","38":"pa_countries-lt","39":"pa_countries-lu","40":"pa_countries-lv","41":"pa_countries-mt","42":"pa_countries-nl","43":"pa_countries-pl","44":"pa_countries-pt","45":"pa_countries-ro","46":"pa_countries-se","47":"pa_countries-si","48":"pa_countries-sk","50":"pa_engine-forge","52":"pa_franchises-dead-rising","54":"pa_game_type-bundle","56":"pa_genres-adventure","58":"pa_genres-role-playing-rpg","60":"pa_interface-de-de","61":"pa_interface-en-gb","62":"pa_interface-en-us","63":"pa_interface-es-es","64":"pa_interface-fr-fr","65":"pa_interface-it-it","66":"pa_interface-ja-jp","67":"pa_interface-ko-kr","68":"pa_interface-nl-nl","70":"pa_interface-pt-br","71":"pa_interface-ru-ru","73":"pa_interface-zh-tw","74":"pa_keywords-zombie-shooter","75":"pa_keywords-zombies","77":"pa_modes-co-operative","79":"pa_modes-multiplayer","81":"pa_pegi-794","82":"pa_pegi-13426","83":"pa_platform-pc-steam","85":"pa_player_perspectives-bird-view-isometric","87":"pa_player_perspectives-first-person","89":"pa_player_perspectives-third-person","90":"pa_publisher-capcom","92":"pa_rating-2115","93":"pa_rating-14566","94":"pa_region-europe","96":"pa_subtitles-de-de","98":"pa_subtitles-en-gb","99":"pa_subtitles-en-us","100":"pa_subtitles-es-es","101":"pa_subtitles-fr-fr","102":"pa_subtitles-it-it","103":"pa_subtitles-ja-jp","104":"pa_subtitles-ko-kr","105":"pa_subtitles-nl-nl","107":"pa_subtitles-pt-br","108":"pa_subtitles-ru-ru","109":"pa_subtitles-zh-tw","110":"pa_themes-action","111":"pa_themes-comedy","113":"pa_themes-horror","115":"pa_themes-open-world","116":"pa_themes-sandbox","117":"pa_themes-survival","119":"first","120":"instock","121":"virtual","122":"taxable","123":"purchasable","124":"product-type-simple"},"yoast_head":"<!-- This site is optimized with the Yoast SEO plugin v27.3 - https:\/\/yoast.com\/product\/yoast-seo-wordpress\/ -->\n<title>Dead Rising 3: Apocalypse Edition | BeGamer.cz<\/title>\n<meta name=\"robots\" content=\"index, follow, max-snippet:-1, max-image-preview:large, max-video-preview:-1\" \/>\n<link rel=\"canonical\" href=\"https:\/\/begamer.cz\/sk\/produkt\/dead-rising-3-apocalypse-edition-sk\/\" \/>\n<meta property=\"og:locale\" content=\"sk_SK\" \/>\n<meta property=\"og:type\" content=\"article\" \/>\n<meta property=\"og:title\" content=\"Dead Rising 3: Apocalypse Edition | BeGamer.cz\" \/>\n<meta property=\"og:description\" content=\"Presk\u00famajte mesto Los Perdidos, ktor\u00e9 je pln\u00e9 zombie, a n\u00e1jdite sp\u00f4sob, ako unikn\u00fa\u0165, sk\u00f4r ne\u017e vojensk\u00fd \u00fatok zma\u017ee cel\u00e9 mesto a v\u0161etk\u00fdch jeho obyvate\u013eov z mapy.\" \/>\n<meta property=\"og:url\" content=\"https:\/\/begamer.cz\/sk\/produkt\/dead-rising-3-apocalypse-edition-sk\/\" \/>\n<meta property=\"og:site_name\" content=\"BeGamer.cz\" \/>\n<meta property=\"article:modified_time\" content=\"2026-03-18T06:56:33+00:00\" \/>\n<meta property=\"og:image\" content=\"https:\/\/begamer.cz\/wp-content\/uploads\/2026\/01\/dead-rising-3-apocalypse-edition-5.webp\" \/>\n\t<meta property=\"og:image:width\" content=\"300\" \/>\n\t<meta property=\"og:image:height\" content=\"400\" \/>\n\t<meta property=\"og:image:type\" content=\"image\/webp\" \/>\n<meta name=\"twitter:card\" content=\"summary_large_image\" \/>\n<meta name=\"twitter:label1\" content=\"Predpokladan\u00fd \u010das \u010d\u00edtania\" \/>\n\t<meta name=\"twitter:data1\" content=\"2 min\u00faty\" \/>\n<script type=\"application\/ld+json\" class=\"yoast-schema-graph\">{\"@context\":\"https:\\\/\\\/schema.org\",\"@graph\":[{\"@type\":\"WebPage\",\"@id\":\"https:\\\/\\\/begamer.cz\\\/sk\\\/produkt\\\/dead-rising-3-apocalypse-edition-sk\\\/\",\"url\":\"https:\\\/\\\/begamer.cz\\\/sk\\\/produkt\\\/dead-rising-3-apocalypse-edition-sk\\\/\",\"name\":\"Dead Rising 3: Apocalypse Edition | BeGamer.cz\",\"isPartOf\":{\"@id\":\"https:\\\/\\\/begamer.cz\\\/sk\\\/#website\"},\"primaryImageOfPage\":{\"@id\":\"https:\\\/\\\/begamer.cz\\\/sk\\\/produkt\\\/dead-rising-3-apocalypse-edition-sk\\\/#primaryimage\"},\"image\":{\"@id\":\"https:\\\/\\\/begamer.cz\\\/sk\\\/produkt\\\/dead-rising-3-apocalypse-edition-sk\\\/#primaryimage\"},\"thumbnailUrl\":\"https:\\\/\\\/begamer.cz\\\/wp-content\\\/uploads\\\/2026\\\/01\\\/dead-rising-3-apocalypse-edition-5.webp\",\"datePublished\":\"2026-01-30T16:09:34+00:00\",\"dateModified\":\"2026-03-18T06:56:33+00:00\",\"breadcrumb\":{\"@id\":\"https:\\\/\\\/begamer.cz\\\/sk\\\/produkt\\\/dead-rising-3-apocalypse-edition-sk\\\/#breadcrumb\"},\"inLanguage\":\"sk-SK\",\"potentialAction\":[{\"@type\":\"ReadAction\",\"target\":[\"https:\\\/\\\/begamer.cz\\\/sk\\\/produkt\\\/dead-rising-3-apocalypse-edition-sk\\\/\"]}]},{\"@type\":\"ImageObject\",\"inLanguage\":\"sk-SK\",\"@id\":\"https:\\\/\\\/begamer.cz\\\/sk\\\/produkt\\\/dead-rising-3-apocalypse-edition-sk\\\/#primaryimage\",\"url\":\"https:\\\/\\\/begamer.cz\\\/wp-content\\\/uploads\\\/2026\\\/01\\\/dead-rising-3-apocalypse-edition-5.webp\",\"contentUrl\":\"https:\\\/\\\/begamer.cz\\\/wp-content\\\/uploads\\\/2026\\\/01\\\/dead-rising-3-apocalypse-edition-5.webp\",\"width\":300,\"height\":400},{\"@type\":\"BreadcrumbList\",\"@id\":\"https:\\\/\\\/begamer.cz\\\/sk\\\/produkt\\\/dead-rising-3-apocalypse-edition-sk\\\/#breadcrumb\",\"itemListElement\":[{\"@type\":\"ListItem\",\"position\":1,\"name\":\"Domov\",\"item\":\"https:\\\/\\\/begamer.cz\\\/sk\\\/\"},{\"@type\":\"ListItem\",\"position\":2,\"name\":\"Obchod\",\"item\":\"https:\\\/\\\/begamer.cz\\\/obchod\\\/\"},{\"@type\":\"ListItem\",\"position\":3,\"name\":\"Dead Rising 3: Apocalypse Edition\"}]},{\"@type\":\"WebSite\",\"@id\":\"https:\\\/\\\/begamer.cz\\\/sk\\\/#website\",\"url\":\"https:\\\/\\\/begamer.cz\\\/sk\\\/\",\"name\":\"BeGamer.cz\",\"description\":\"\",\"publisher\":{\"@id\":\"https:\\\/\\\/begamer.cz\\\/sk\\\/#organization\"},\"potentialAction\":[{\"@type\":\"SearchAction\",\"target\":{\"@type\":\"EntryPoint\",\"urlTemplate\":\"https:\\\/\\\/begamer.cz\\\/sk\\\/?s={search_term_string}\"},\"query-input\":{\"@type\":\"PropertyValueSpecification\",\"valueRequired\":true,\"valueName\":\"search_term_string\"}}],\"inLanguage\":\"sk-SK\"},{\"@type\":\"Organization\",\"@id\":\"https:\\\/\\\/begamer.cz\\\/sk\\\/#organization\",\"name\":\"BeGamer.cz\",\"url\":\"https:\\\/\\\/begamer.cz\\\/sk\\\/\",\"logo\":{\"@type\":\"ImageObject\",\"inLanguage\":\"sk-SK\",\"@id\":\"https:\\\/\\\/begamer.cz\\\/sk\\\/#\\\/schema\\\/logo\\\/image\\\/\",\"url\":\"https:\\\/\\\/begamer.cz\\\/wp-content\\\/uploads\\\/2025\\\/07\\\/logo.svg\",\"contentUrl\":\"https:\\\/\\\/begamer.cz\\\/wp-content\\\/uploads\\\/2025\\\/07\\\/logo.svg\",\"caption\":\"BeGamer.cz\"},\"image\":{\"@id\":\"https:\\\/\\\/begamer.cz\\\/sk\\\/#\\\/schema\\\/logo\\\/image\\\/\"}}]}<\/script>\n<!-- \/ Yoast SEO plugin. -->","yoast_head_json":{"title":"Dead Rising 3: Apocalypse Edition | BeGamer.cz","robots":{"index":"index","follow":"follow","max-snippet":"max-snippet:-1","max-image-preview":"max-image-preview:large","max-video-preview":"max-video-preview:-1"},"canonical":"https:\/\/begamer.cz\/sk\/produkt\/dead-rising-3-apocalypse-edition-sk\/","og_locale":"sk_SK","og_type":"article","og_title":"Dead Rising 3: Apocalypse Edition | BeGamer.cz","og_description":"Presk\u00famajte mesto Los Perdidos, ktor\u00e9 je pln\u00e9 zombie, a n\u00e1jdite sp\u00f4sob, ako unikn\u00fa\u0165, sk\u00f4r ne\u017e vojensk\u00fd \u00fatok zma\u017ee cel\u00e9 mesto a v\u0161etk\u00fdch jeho obyvate\u013eov z mapy.","og_url":"https:\/\/begamer.cz\/sk\/produkt\/dead-rising-3-apocalypse-edition-sk\/","og_site_name":"BeGamer.cz","article_modified_time":"2026-03-18T06:56:33+00:00","og_image":[{"width":300,"height":400,"url":"https:\/\/begamer.cz\/wp-content\/uploads\/2026\/01\/dead-rising-3-apocalypse-edition-5.webp","type":"image\/webp"}],"twitter_card":"summary_large_image","twitter_misc":{"Predpokladan\u00fd \u010das \u010d\u00edtania":"2 min\u00faty"},"schema":{"@context":"https:\/\/schema.org","@graph":[{"@type":"WebPage","@id":"https:\/\/begamer.cz\/sk\/produkt\/dead-rising-3-apocalypse-edition-sk\/","url":"https:\/\/begamer.cz\/sk\/produkt\/dead-rising-3-apocalypse-edition-sk\/","name":"Dead Rising 3: Apocalypse Edition | BeGamer.cz","isPartOf":{"@id":"https:\/\/begamer.cz\/sk\/#website"},"primaryImageOfPage":{"@id":"https:\/\/begamer.cz\/sk\/produkt\/dead-rising-3-apocalypse-edition-sk\/#primaryimage"},"image":{"@id":"https:\/\/begamer.cz\/sk\/produkt\/dead-rising-3-apocalypse-edition-sk\/#primaryimage"},"thumbnailUrl":"https:\/\/begamer.cz\/wp-content\/uploads\/2026\/01\/dead-rising-3-apocalypse-edition-5.webp","datePublished":"2026-01-30T16:09:34+00:00","dateModified":"2026-03-18T06:56:33+00:00","breadcrumb":{"@id":"https:\/\/begamer.cz\/sk\/produkt\/dead-rising-3-apocalypse-edition-sk\/#breadcrumb"},"inLanguage":"sk-SK","potentialAction":[{"@type":"ReadAction","target":["https:\/\/begamer.cz\/sk\/produkt\/dead-rising-3-apocalypse-edition-sk\/"]}]},{"@type":"ImageObject","inLanguage":"sk-SK","@id":"https:\/\/begamer.cz\/sk\/produkt\/dead-rising-3-apocalypse-edition-sk\/#primaryimage","url":"https:\/\/begamer.cz\/wp-content\/uploads\/2026\/01\/dead-rising-3-apocalypse-edition-5.webp","contentUrl":"https:\/\/begamer.cz\/wp-content\/uploads\/2026\/01\/dead-rising-3-apocalypse-edition-5.webp","width":300,"height":400},{"@type":"BreadcrumbList","@id":"https:\/\/begamer.cz\/sk\/produkt\/dead-rising-3-apocalypse-edition-sk\/#breadcrumb","itemListElement":[{"@type":"ListItem","position":1,"name":"Domov","item":"https:\/\/begamer.cz\/sk\/"},{"@type":"ListItem","position":2,"name":"Obchod","item":"https:\/\/begamer.cz\/obchod\/"},{"@type":"ListItem","position":3,"name":"Dead Rising 3: Apocalypse Edition"}]},{"@type":"WebSite","@id":"https:\/\/begamer.cz\/sk\/#website","url":"https:\/\/begamer.cz\/sk\/","name":"BeGamer.cz","description":"","publisher":{"@id":"https:\/\/begamer.cz\/sk\/#organization"},"potentialAction":[{"@type":"SearchAction","target":{"@type":"EntryPoint","urlTemplate":"https:\/\/begamer.cz\/sk\/?s={search_term_string}"},"query-input":{"@type":"PropertyValueSpecification","valueRequired":true,"valueName":"search_term_string"}}],"inLanguage":"sk-SK"},{"@type":"Organization","@id":"https:\/\/begamer.cz\/sk\/#organization","name":"BeGamer.cz","url":"https:\/\/begamer.cz\/sk\/","logo":{"@type":"ImageObject","inLanguage":"sk-SK","@id":"https:\/\/begamer.cz\/sk\/#\/schema\/logo\/image\/","url":"https:\/\/begamer.cz\/wp-content\/uploads\/2025\/07\/logo.svg","contentUrl":"https:\/\/begamer.cz\/wp-content\/uploads\/2025\/07\/logo.svg","caption":"BeGamer.cz"},"image":{"@id":"https:\/\/begamer.cz\/sk\/#\/schema\/logo\/image\/"}}]}},"acf":[],"_links":{"self":[{"href":"https:\/\/begamer.cz\/sk\/wp-json\/wp\/v2\/product\/98030","targetHints":{"allow":["GET"]}}],"collection":[{"href":"https:\/\/begamer.cz\/sk\/wp-json\/wp\/v2\/product"}],"about":[{"href":"https:\/\/begamer.cz\/sk\/wp-json\/wp\/v2\/types\/product"}],"replies":[{"embeddable":true,"href":"https:\/\/begamer.cz\/sk\/wp-json\/wp\/v2\/comments?post=98030"}],"wp:featuredmedia":[{"embeddable":true,"href":"https:\/\/begamer.cz\/sk\/wp-json\/wp\/v2\/media\/69937"}],"wp:attachment":[{"href":"https:\/\/begamer.cz\/sk\/wp-json\/wp\/v2\/media?parent=98030"}],"wp:term":[{"taxonomy":"product_brand","embeddable":true,"href":"https:\/\/begamer.cz\/sk\/wp-json\/wp\/v2\/product_brand?post=98030"},{"taxonomy":"product_cat","embeddable":true,"href":"https:\/\/begamer.cz\/sk\/wp-json\/wp\/v2\/product_cat?post=98030"},{"taxonomy":"product_tag","embeddable":true,"href":"https:\/\/begamer.cz\/sk\/wp-json\/wp\/v2\/product_tag?post=98030"}],"curies":[{"name":"wp","href":"https:\/\/api.w.org\/{rel}","templated":true}]}}