{"id":98015,"date":"2026-01-30T17:09:15","date_gmt":"2026-01-30T16:09:15","guid":{"rendered":"https:\/\/begamer.cz\/produkt\/dead-rising-4-season-pass-sk-1769789358\/"},"modified":"2026-03-18T07:55:31","modified_gmt":"2026-03-18T06:55:31","slug":"dead-rising-4-season-pass-sk-2","status":"publish","type":"product","link":"https:\/\/begamer.cz\/sk\/produkt\/dead-rising-4-season-pass-sk-2\/","title":{"rendered":"Dead Rising 4 \u2013 Season Pass"},"content":{"rendered":"<p>\u201eSeason Pass pre Dead Rising 4 je dar\u010dek, ktor\u00fd zab\u00edja. Season Pass v\u00e1m pon\u00faka nov\u00e9 sp\u00f4soby hrania v Willamette, obsah pr\u00edbehu a exkluz\u00edvny bonusov\u00fd bal\u00ed\u010dek Stocking Stuffer Holiday Pack. \u010eal\u0161ie podrobnosti bud\u00fa \u010doskoro k dispoz\u00edcii. <\/p>\n<p>Akon\u00e1hle bude obsah k dispoz\u00edcii, bude mo\u017en\u00e9 ho stiahnu\u0165 z hern\u00e9ho obchodu Dead Rising 4.  Obsah DLC v Season Pass sa m\u00f4\u017ee pred\u00e1va\u0165 samostatne. Ak si zak\u00fapite Season Pass, nekupujte samostatn\u00e9 bal\u00ed\u010dky DLC obsahu, preto\u017ee v\u00e1m bud\u00fa \u00fa\u010dtovan\u00e9. Ceny a d\u00e1tumy vydania sa m\u00f4\u017eu l\u00ed\u0161i\u0165 v z\u00e1vislosti od platformy. Vy\u017eaduje sa hra Dead Rising, ktor\u00e1 sa pred\u00e1va samostatne. Season Pass a DLC obsah nemusia by\u0165 dostupn\u00e9 vo v\u0161etk\u00fdch krajin\u00e1ch. <\/p>\n<p>\u00a9CAPCOM CO., LTD. 2016 V\u0160ETKY PR\u00c1VA VYHRADEN\u00c9.\u201c<\/p>\n","protected":false},"excerpt":{"rendered":"<p>Season Pass pre Dead Rising 4 je dar\u010dek, ktor\u00fd zab\u00edja. K\u00fapte si Season Pass a z\u00edskajte exkluz\u00edvny bonusov\u00fd bal\u00ed\u010dek Stocking Stuffer Holiday Pack, Super Ultra Dead Rising 4 Mini Golf a Frank Rising.<\/p>\n","protected":false},"featured_media":15223,"comment_status":"open","ping_status":"closed","template":"","meta":{"_acf_changed":false},"product_brand":[],"product_cat":[272,288,268,266,312],"product_tag":[],"class_list":{"0":"post-98015","1":"product","2":"type-product","3":"status-publish","4":"has-post-thumbnail","6":"product_cat-akcni-pc-sk","7":"product_cat-horor-pc-hry-sk","8":"product_cat-pc-sk","9":"product_cat-pc-hry-sk","10":"product_cat-steam-pc-sk","11":"pa_developer-capcom","13":"pa_game_type-dlc","15":"pa_platform-pc-steam","17":"pa_publisher-capcom","19":"pa_rating-14636","20":"pa_rating-3933","21":"pa_region-europe","24":"first","25":"instock","26":"virtual","27":"taxable","28":"purchasable","29":"product-type-simple"},"yoast_head":"<!-- This site is optimized with the Yoast SEO plugin v27.3 - https:\/\/yoast.com\/product\/yoast-seo-wordpress\/ -->\n<title>Dead Rising 4 - Season Pass | BeGamer.cz<\/title>\n<meta name=\"robots\" content=\"index, follow, max-snippet:-1, max-image-preview:large, max-video-preview:-1\" \/>\n<link rel=\"canonical\" href=\"https:\/\/begamer.cz\/sk\/produkt\/dead-rising-4-season-pass-sk-2\/\" \/>\n<meta property=\"og:locale\" content=\"sk_SK\" \/>\n<meta property=\"og:type\" content=\"article\" \/>\n<meta property=\"og:title\" content=\"Dead Rising 4 - Season Pass | BeGamer.cz\" \/>\n<meta property=\"og:description\" content=\"Season Pass pre Dead Rising 4 je dar\u010dek, ktor\u00fd zab\u00edja. K\u00fapte si Season Pass a z\u00edskajte exkluz\u00edvny bonusov\u00fd bal\u00ed\u010dek Stocking Stuffer Holiday Pack, Super Ultra Dead Rising 4 Mini Golf a Frank Rising.\" \/>\n<meta property=\"og:url\" content=\"https:\/\/begamer.cz\/sk\/produkt\/dead-rising-4-season-pass-sk-2\/\" \/>\n<meta property=\"og:site_name\" content=\"BeGamer.cz\" \/>\n<meta property=\"article:modified_time\" content=\"2026-03-18T06:55:31+00:00\" \/>\n<meta property=\"og:image\" content=\"https:\/\/begamer.cz\/wp-content\/uploads\/2026\/01\/dead-rising-4-season-pass.webp\" \/>\n\t<meta property=\"og:image:width\" content=\"300\" \/>\n\t<meta property=\"og:image:height\" content=\"400\" \/>\n\t<meta property=\"og:image:type\" content=\"image\/webp\" \/>\n<meta name=\"twitter:card\" content=\"summary_large_image\" \/>\n<meta name=\"twitter:label1\" content=\"Predpokladan\u00fd \u010das \u010d\u00edtania\" \/>\n\t<meta name=\"twitter:data1\" content=\"1 min\u00fata\" \/>\n<script type=\"application\/ld+json\" class=\"yoast-schema-graph\">{\"@context\":\"https:\\\/\\\/schema.org\",\"@graph\":[{\"@type\":\"WebPage\",\"@id\":\"https:\\\/\\\/begamer.cz\\\/sk\\\/produkt\\\/dead-rising-4-season-pass-sk-2\\\/\",\"url\":\"https:\\\/\\\/begamer.cz\\\/sk\\\/produkt\\\/dead-rising-4-season-pass-sk-2\\\/\",\"name\":\"Dead Rising 4 - Season Pass | BeGamer.cz\",\"isPartOf\":{\"@id\":\"https:\\\/\\\/begamer.cz\\\/sk\\\/#website\"},\"primaryImageOfPage\":{\"@id\":\"https:\\\/\\\/begamer.cz\\\/sk\\\/produkt\\\/dead-rising-4-season-pass-sk-2\\\/#primaryimage\"},\"image\":{\"@id\":\"https:\\\/\\\/begamer.cz\\\/sk\\\/produkt\\\/dead-rising-4-season-pass-sk-2\\\/#primaryimage\"},\"thumbnailUrl\":\"https:\\\/\\\/begamer.cz\\\/wp-content\\\/uploads\\\/2026\\\/01\\\/dead-rising-4-season-pass.webp\",\"datePublished\":\"2026-01-30T16:09:15+00:00\",\"dateModified\":\"2026-03-18T06:55:31+00:00\",\"breadcrumb\":{\"@id\":\"https:\\\/\\\/begamer.cz\\\/sk\\\/produkt\\\/dead-rising-4-season-pass-sk-2\\\/#breadcrumb\"},\"inLanguage\":\"sk-SK\",\"potentialAction\":[{\"@type\":\"ReadAction\",\"target\":[\"https:\\\/\\\/begamer.cz\\\/sk\\\/produkt\\\/dead-rising-4-season-pass-sk-2\\\/\"]}]},{\"@type\":\"ImageObject\",\"inLanguage\":\"sk-SK\",\"@id\":\"https:\\\/\\\/begamer.cz\\\/sk\\\/produkt\\\/dead-rising-4-season-pass-sk-2\\\/#primaryimage\",\"url\":\"https:\\\/\\\/begamer.cz\\\/wp-content\\\/uploads\\\/2026\\\/01\\\/dead-rising-4-season-pass.webp\",\"contentUrl\":\"https:\\\/\\\/begamer.cz\\\/wp-content\\\/uploads\\\/2026\\\/01\\\/dead-rising-4-season-pass.webp\",\"width\":300,\"height\":400},{\"@type\":\"BreadcrumbList\",\"@id\":\"https:\\\/\\\/begamer.cz\\\/sk\\\/produkt\\\/dead-rising-4-season-pass-sk-2\\\/#breadcrumb\",\"itemListElement\":[{\"@type\":\"ListItem\",\"position\":1,\"name\":\"Domov\",\"item\":\"https:\\\/\\\/begamer.cz\\\/sk\\\/\"},{\"@type\":\"ListItem\",\"position\":2,\"name\":\"Obchod\",\"item\":\"https:\\\/\\\/begamer.cz\\\/obchod\\\/\"},{\"@type\":\"ListItem\",\"position\":3,\"name\":\"Dead Rising 4 \u2013 Season Pass\"}]},{\"@type\":\"WebSite\",\"@id\":\"https:\\\/\\\/begamer.cz\\\/sk\\\/#website\",\"url\":\"https:\\\/\\\/begamer.cz\\\/sk\\\/\",\"name\":\"BeGamer.cz\",\"description\":\"\",\"publisher\":{\"@id\":\"https:\\\/\\\/begamer.cz\\\/sk\\\/#organization\"},\"potentialAction\":[{\"@type\":\"SearchAction\",\"target\":{\"@type\":\"EntryPoint\",\"urlTemplate\":\"https:\\\/\\\/begamer.cz\\\/sk\\\/?s={search_term_string}\"},\"query-input\":{\"@type\":\"PropertyValueSpecification\",\"valueRequired\":true,\"valueName\":\"search_term_string\"}}],\"inLanguage\":\"sk-SK\"},{\"@type\":\"Organization\",\"@id\":\"https:\\\/\\\/begamer.cz\\\/sk\\\/#organization\",\"name\":\"BeGamer.cz\",\"url\":\"https:\\\/\\\/begamer.cz\\\/sk\\\/\",\"logo\":{\"@type\":\"ImageObject\",\"inLanguage\":\"sk-SK\",\"@id\":\"https:\\\/\\\/begamer.cz\\\/sk\\\/#\\\/schema\\\/logo\\\/image\\\/\",\"url\":\"https:\\\/\\\/begamer.cz\\\/wp-content\\\/uploads\\\/2025\\\/07\\\/logo.svg\",\"contentUrl\":\"https:\\\/\\\/begamer.cz\\\/wp-content\\\/uploads\\\/2025\\\/07\\\/logo.svg\",\"caption\":\"BeGamer.cz\"},\"image\":{\"@id\":\"https:\\\/\\\/begamer.cz\\\/sk\\\/#\\\/schema\\\/logo\\\/image\\\/\"}}]}<\/script>\n<!-- \/ Yoast SEO plugin. -->","yoast_head_json":{"title":"Dead Rising 4 - Season Pass | BeGamer.cz","robots":{"index":"index","follow":"follow","max-snippet":"max-snippet:-1","max-image-preview":"max-image-preview:large","max-video-preview":"max-video-preview:-1"},"canonical":"https:\/\/begamer.cz\/sk\/produkt\/dead-rising-4-season-pass-sk-2\/","og_locale":"sk_SK","og_type":"article","og_title":"Dead Rising 4 - Season Pass | BeGamer.cz","og_description":"Season Pass pre Dead Rising 4 je dar\u010dek, ktor\u00fd zab\u00edja. K\u00fapte si Season Pass a z\u00edskajte exkluz\u00edvny bonusov\u00fd bal\u00ed\u010dek Stocking Stuffer Holiday Pack, Super Ultra Dead Rising 4 Mini Golf a Frank Rising.","og_url":"https:\/\/begamer.cz\/sk\/produkt\/dead-rising-4-season-pass-sk-2\/","og_site_name":"BeGamer.cz","article_modified_time":"2026-03-18T06:55:31+00:00","og_image":[{"width":300,"height":400,"url":"https:\/\/begamer.cz\/wp-content\/uploads\/2026\/01\/dead-rising-4-season-pass.webp","type":"image\/webp"}],"twitter_card":"summary_large_image","twitter_misc":{"Predpokladan\u00fd \u010das \u010d\u00edtania":"1 min\u00fata"},"schema":{"@context":"https:\/\/schema.org","@graph":[{"@type":"WebPage","@id":"https:\/\/begamer.cz\/sk\/produkt\/dead-rising-4-season-pass-sk-2\/","url":"https:\/\/begamer.cz\/sk\/produkt\/dead-rising-4-season-pass-sk-2\/","name":"Dead Rising 4 - Season Pass | BeGamer.cz","isPartOf":{"@id":"https:\/\/begamer.cz\/sk\/#website"},"primaryImageOfPage":{"@id":"https:\/\/begamer.cz\/sk\/produkt\/dead-rising-4-season-pass-sk-2\/#primaryimage"},"image":{"@id":"https:\/\/begamer.cz\/sk\/produkt\/dead-rising-4-season-pass-sk-2\/#primaryimage"},"thumbnailUrl":"https:\/\/begamer.cz\/wp-content\/uploads\/2026\/01\/dead-rising-4-season-pass.webp","datePublished":"2026-01-30T16:09:15+00:00","dateModified":"2026-03-18T06:55:31+00:00","breadcrumb":{"@id":"https:\/\/begamer.cz\/sk\/produkt\/dead-rising-4-season-pass-sk-2\/#breadcrumb"},"inLanguage":"sk-SK","potentialAction":[{"@type":"ReadAction","target":["https:\/\/begamer.cz\/sk\/produkt\/dead-rising-4-season-pass-sk-2\/"]}]},{"@type":"ImageObject","inLanguage":"sk-SK","@id":"https:\/\/begamer.cz\/sk\/produkt\/dead-rising-4-season-pass-sk-2\/#primaryimage","url":"https:\/\/begamer.cz\/wp-content\/uploads\/2026\/01\/dead-rising-4-season-pass.webp","contentUrl":"https:\/\/begamer.cz\/wp-content\/uploads\/2026\/01\/dead-rising-4-season-pass.webp","width":300,"height":400},{"@type":"BreadcrumbList","@id":"https:\/\/begamer.cz\/sk\/produkt\/dead-rising-4-season-pass-sk-2\/#breadcrumb","itemListElement":[{"@type":"ListItem","position":1,"name":"Domov","item":"https:\/\/begamer.cz\/sk\/"},{"@type":"ListItem","position":2,"name":"Obchod","item":"https:\/\/begamer.cz\/obchod\/"},{"@type":"ListItem","position":3,"name":"Dead Rising 4 \u2013 Season Pass"}]},{"@type":"WebSite","@id":"https:\/\/begamer.cz\/sk\/#website","url":"https:\/\/begamer.cz\/sk\/","name":"BeGamer.cz","description":"","publisher":{"@id":"https:\/\/begamer.cz\/sk\/#organization"},"potentialAction":[{"@type":"SearchAction","target":{"@type":"EntryPoint","urlTemplate":"https:\/\/begamer.cz\/sk\/?s={search_term_string}"},"query-input":{"@type":"PropertyValueSpecification","valueRequired":true,"valueName":"search_term_string"}}],"inLanguage":"sk-SK"},{"@type":"Organization","@id":"https:\/\/begamer.cz\/sk\/#organization","name":"BeGamer.cz","url":"https:\/\/begamer.cz\/sk\/","logo":{"@type":"ImageObject","inLanguage":"sk-SK","@id":"https:\/\/begamer.cz\/sk\/#\/schema\/logo\/image\/","url":"https:\/\/begamer.cz\/wp-content\/uploads\/2025\/07\/logo.svg","contentUrl":"https:\/\/begamer.cz\/wp-content\/uploads\/2025\/07\/logo.svg","caption":"BeGamer.cz"},"image":{"@id":"https:\/\/begamer.cz\/sk\/#\/schema\/logo\/image\/"}}]}},"acf":[],"_links":{"self":[{"href":"https:\/\/begamer.cz\/sk\/wp-json\/wp\/v2\/product\/98015","targetHints":{"allow":["GET"]}}],"collection":[{"href":"https:\/\/begamer.cz\/sk\/wp-json\/wp\/v2\/product"}],"about":[{"href":"https:\/\/begamer.cz\/sk\/wp-json\/wp\/v2\/types\/product"}],"replies":[{"embeddable":true,"href":"https:\/\/begamer.cz\/sk\/wp-json\/wp\/v2\/comments?post=98015"}],"wp:featuredmedia":[{"embeddable":true,"href":"https:\/\/begamer.cz\/sk\/wp-json\/wp\/v2\/media\/15223"}],"wp:attachment":[{"href":"https:\/\/begamer.cz\/sk\/wp-json\/wp\/v2\/media?parent=98015"}],"wp:term":[{"taxonomy":"product_brand","embeddable":true,"href":"https:\/\/begamer.cz\/sk\/wp-json\/wp\/v2\/product_brand?post=98015"},{"taxonomy":"product_cat","embeddable":true,"href":"https:\/\/begamer.cz\/sk\/wp-json\/wp\/v2\/product_cat?post=98015"},{"taxonomy":"product_tag","embeddable":true,"href":"https:\/\/begamer.cz\/sk\/wp-json\/wp\/v2\/product_tag?post=98015"}],"curies":[{"name":"wp","href":"https:\/\/api.w.org\/{rel}","templated":true}]}}