{"id":97979,"date":"2026-01-30T17:08:30","date_gmt":"2026-01-30T16:08:30","guid":{"rendered":"https:\/\/begamer.cz\/produkt\/nintendo-switch-online-membership-12-months-sk\/"},"modified":"2026-03-18T07:52:47","modified_gmt":"2026-03-18T06:52:47","slug":"nintendo-switch-online-membership-12-months-sk","status":"publish","type":"product","link":"https:\/\/begamer.cz\/sk\/produkt\/nintendo-switch-online-membership-12-months-sk\/","title":{"rendered":"Nintendo Switch Online Membership \u2013 12 Months"},"content":{"rendered":"<h2><strong>\u010co pon\u00faka?<\/strong><\/h2>\n<p>Najsk\u00f4r z\u00edskate neobmedzen\u00fd pr\u00edstup k funkcii Online Play! Online Play sp\u00e1ja a zjednocuje milovn\u00edkov hier z cel\u00e9ho sveta a vy sa budete m\u00f4c\u0165 pripoji\u0165 k tejto sieti a ponori\u0165 sa do komunitn\u00fdch aktiv\u00edt! Zahrajte si mno\u017estvo kooperat\u00edvnych titulov pre Nintendo Switch alebo sa postavte niektor\u00fdm z najn\u00e1ro\u010dnej\u0161\u00edch v\u00fdziev, ak\u00e9 ste kedy videli. Predplatn\u00e9 Nintendo v\u00e1m pon\u00faka tempo postupu, o ktorom ste ani netu\u0161ili, \u017ee existuje!<\/p>\n<h2><strong>Kni\u017enica klasick\u00fdch hier Nintendo<\/strong><\/h2>\n<p>Aktivujte 12-mesa\u010dn\u00fd k\u013e\u00fa\u010d Nintendo Switch Online a z\u00edskajte pr\u00edstup k bezprecedentnej kni\u017enici klasick\u00fdch hier, ktor\u00e1 sa ka\u017edou min\u00fatou roz\u0161iruje a vyv\u00edja. K dispoz\u00edcii s\u00fa nov\u00e9 aj star\u00e9 hry, ktor\u00e9 si m\u00f4\u017eete vysk\u00fa\u0161a\u0165 \u2013 zahrajte si ich a zdie\u013eajte svoje najlep\u0161ie momenty s ka\u017ed\u00fdm a v\u0161etk\u00fdmi! Ne\u017e si k\u00fapite 12-mesa\u010dn\u00e9 \u010dlenstvo Nintendo Online, pozrite sa najsk\u00f4r na niektor\u00e9 tituly, ktor\u00e9 sa moment\u00e1lne nach\u00e1dzaj\u00fa v kni\u017enici: , Ice Climber, , , Super Mario Bros. 3, a to je len zop\u00e1r zauj\u00edmav\u00fdch k\u00faskov, ktor\u00e9 na v\u00e1s \u010dakaj\u00fa!<\/p>\n<h2><strong>K dispoz\u00edcii je aj aplik\u00e1cia!<\/strong><\/h2>\n<p>A v neposlednom rade, s 12-mesa\u010dn\u00fdm k\u013e\u00fa\u010dom Nintendo Switch Online budete m\u00f4c\u0165 pripoji\u0165 sa k sieti Nintendo Network kedyko\u013evek a kdeko\u013evek! Ako je to mo\u017en\u00e9, p\u00fdtate sa? Samozrejme prostredn\u00edctvom aplik\u00e1cie Nintendo Switch Online pre smartf\u00f3ny a tablety! Na pripojenie potrebujete len smartf\u00f3n alebo tablet s stabiln\u00fdm pripojen\u00edm na internet a hotovo! Zdie\u013eajte svoje hern\u00e9 z\u00e1\u017eitky, komunikujte prostredn\u00edctvom hlasov\u00e9ho chatu a u\u017eite si neobmedzen\u00fa kooperat\u00edvnu hru kdeko\u013evek ste!<\/p>\n<p>Aby ste \u00faspe\u0161ne uplatnili ak\u00fdko\u013evek k\u00f3d Nintendo, postupujte pod\u013ea ni\u017e\u0161ie uveden\u00fdch pokynov:<\/p>\n<ul>\n<li>\n<p>\u2022 V hlavnom menu vyberte ikonu <strong>Nintendo eShop<\/strong>.<\/p>\n<\/li>\n<li>\n<p>\u2022 Prihl\u00e1ste sa pomocou \u00fa\u010dtu Nintendo, ktor\u00fd chcete pou\u017ei\u0165;<\/p>\n<\/li>\n<li>\n<p>\u2022 Vyberte mo\u017enos\u0165 <strong>Enter Code<\/strong> (Zada\u0165 k\u00f3d) v \u013eavej \u010dasti obrazovky.<\/p>\n<\/li>\n<li>\n<p>\u2022 Zadajte svoj 16-miestny aktiva\u010dn\u00fd k\u00f3d;<\/p>\n<\/li>\n<li>\n<p>\u2022 Stla\u010dte tla\u010didlo <strong>Vyk\u00fapi\u0165 k\u00f3d na stiahnutie<\/strong>.<\/p>\n<\/li>\n<li>\n<p>\u2022 U\u017eite si 12-mesa\u010dn\u00fa slu\u017ebu Nintendo Switch Online!<\/p>\n<\/li>\n<\/ul>\n","protected":false},"excerpt":{"rendered":"<p>Ste jedn\u00fdm z hrd\u00fdch majite\u013eov jednej z konzol Nintendo? Mo\u017eno ich m\u00e1te dokonca v\u0161etky? Bav\u00ed v\u00e1s hra\u0165 klasick\u00e9 hry Nintendo a zdie\u013ea\u0165 svoje z\u00e1\u017eitky s priate\u013emi? A nakoniec, chcete desa\u0165n\u00e1sobne vylep\u0161i\u0165 svoj z\u00e1\u017eitok z Nintendo Switch? Ak ste za\u0161krtli niektor\u00fd z t\u00fdchto bodov, potom je 12-mesa\u010dn\u00fd k\u013e\u00fa\u010d v\u00e1\u0161.<\/p>\n","protected":false},"featured_media":0,"comment_status":"open","ping_status":"closed","template":"","meta":{"_acf_changed":false},"product_brand":[],"product_cat":[15319,15321,15311,15316,15296,15317,15304,15302,26,179,106,200,122,232],"product_tag":[],"class_list":{"0":"post-97979","1":"product","2":"type-product","3":"status-publish","5":"product_cat-darcekove-karty-nintendo-switch","6":"product_cat-darcekove-karty-nintendo-switch-2","7":"product_cat-darcekove-karty-vsetky","8":"product_cat-darkove-karty-nintendo-switch","9":"product_cat-darkove-karty","10":"product_cat-darkove-karty-nintendo-switch-2","11":"product_cat-nintendo-darcekove-karty","12":"product_cat-nintendo-darkove-karty","13":"product_cat-nintendo-hry","14":"product_cat-nintendo-hry-sk","15":"product_cat-nintendo-switch","16":"product_cat-nintendo-switch-sk","17":"product_cat-nintendo-switch-2","18":"product_cat-nintendo-switch-2-sk","19":"pa_countries-at","20":"pa_countries-be","21":"pa_countries-bg","22":"pa_countries-cy","23":"pa_countries-cz","25":"pa_countries-de","26":"pa_countries-dk","27":"pa_countries-ee","28":"pa_countries-es","29":"pa_countries-fi","30":"pa_countries-fr","31":"pa_countries-gr","32":"pa_countries-hr","33":"pa_countries-hu","34":"pa_countries-ie","35":"pa_countries-it","36":"pa_countries-lt","37":"pa_countries-lu","38":"pa_countries-lv","39":"pa_countries-mt","40":"pa_countries-nl","41":"pa_countries-pl","42":"pa_countries-pt","43":"pa_countries-ro","44":"pa_countries-se","45":"pa_countries-si","46":"pa_countries-sk","48":"pa_game_type-gift_card","50":"pa_platform-nintendo-switch","52":"pa_region-europe","55":"first","56":"instock","57":"virtual","58":"taxable","59":"purchasable","60":"product-type-simple"},"yoast_head":"<!-- This site is optimized with the Yoast SEO plugin v27.4 - https:\/\/yoast.com\/product\/yoast-seo-wordpress\/ -->\n<title>Nintendo Switch Online Membership - 12 Months | BeGamer.cz<\/title>\n<meta name=\"robots\" content=\"index, follow, max-snippet:-1, max-image-preview:large, max-video-preview:-1\" \/>\n<link rel=\"canonical\" href=\"https:\/\/begamer.cz\/sk\/produkt\/nintendo-switch-online-membership-12-months-sk\/\" \/>\n<meta property=\"og:locale\" content=\"sk_SK\" \/>\n<meta property=\"og:type\" content=\"article\" \/>\n<meta property=\"og:title\" content=\"Nintendo Switch Online Membership - 12 Months | BeGamer.cz\" \/>\n<meta property=\"og:description\" content=\"Ste jedn\u00fdm z hrd\u00fdch majite\u013eov jednej z konzol Nintendo? Mo\u017eno ich m\u00e1te dokonca v\u0161etky? Bav\u00ed v\u00e1s hra\u0165 klasick\u00e9 hry Nintendo a zdie\u013ea\u0165 svoje z\u00e1\u017eitky s priate\u013emi? A nakoniec, chcete desa\u0165n\u00e1sobne vylep\u0161i\u0165 svoj z\u00e1\u017eitok z Nintendo Switch? Ak ste za\u0161krtli niektor\u00fd z t\u00fdchto bodov, potom je 12-mesa\u010dn\u00fd k\u013e\u00fa\u010d v\u00e1\u0161.\" \/>\n<meta property=\"og:url\" content=\"https:\/\/begamer.cz\/sk\/produkt\/nintendo-switch-online-membership-12-months-sk\/\" \/>\n<meta property=\"og:site_name\" content=\"BeGamer.cz\" \/>\n<meta property=\"article:modified_time\" content=\"2026-03-18T06:52:47+00:00\" \/>\n<meta name=\"twitter:card\" content=\"summary_large_image\" \/>\n<meta name=\"twitter:label1\" content=\"Predpokladan\u00fd \u010das \u010d\u00edtania\" \/>\n\t<meta name=\"twitter:data1\" content=\"2 min\u00faty\" \/>\n<script type=\"application\/ld+json\" class=\"yoast-schema-graph\">{\"@context\":\"https:\\\/\\\/schema.org\",\"@graph\":[{\"@type\":\"WebPage\",\"@id\":\"https:\\\/\\\/begamer.cz\\\/sk\\\/produkt\\\/nintendo-switch-online-membership-12-months-sk\\\/\",\"url\":\"https:\\\/\\\/begamer.cz\\\/sk\\\/produkt\\\/nintendo-switch-online-membership-12-months-sk\\\/\",\"name\":\"Nintendo Switch Online Membership - 12 Months | BeGamer.cz\",\"isPartOf\":{\"@id\":\"https:\\\/\\\/begamer.cz\\\/sk\\\/#website\"},\"datePublished\":\"2026-01-30T16:08:30+00:00\",\"dateModified\":\"2026-03-18T06:52:47+00:00\",\"breadcrumb\":{\"@id\":\"https:\\\/\\\/begamer.cz\\\/sk\\\/produkt\\\/nintendo-switch-online-membership-12-months-sk\\\/#breadcrumb\"},\"inLanguage\":\"sk-SK\",\"potentialAction\":[{\"@type\":\"ReadAction\",\"target\":[\"https:\\\/\\\/begamer.cz\\\/sk\\\/produkt\\\/nintendo-switch-online-membership-12-months-sk\\\/\"]}]},{\"@type\":\"BreadcrumbList\",\"@id\":\"https:\\\/\\\/begamer.cz\\\/sk\\\/produkt\\\/nintendo-switch-online-membership-12-months-sk\\\/#breadcrumb\",\"itemListElement\":[{\"@type\":\"ListItem\",\"position\":1,\"name\":\"Domov\",\"item\":\"https:\\\/\\\/begamer.cz\\\/sk\\\/\"},{\"@type\":\"ListItem\",\"position\":2,\"name\":\"Obchod\",\"item\":\"https:\\\/\\\/begamer.cz\\\/obchod\\\/\"},{\"@type\":\"ListItem\",\"position\":3,\"name\":\"Nintendo Switch Online Membership &#8211; 12 Months\"}]},{\"@type\":\"WebSite\",\"@id\":\"https:\\\/\\\/begamer.cz\\\/sk\\\/#website\",\"url\":\"https:\\\/\\\/begamer.cz\\\/sk\\\/\",\"name\":\"BeGamer.cz\",\"description\":\"\",\"publisher\":{\"@id\":\"https:\\\/\\\/begamer.cz\\\/sk\\\/#organization\"},\"potentialAction\":[{\"@type\":\"SearchAction\",\"target\":{\"@type\":\"EntryPoint\",\"urlTemplate\":\"https:\\\/\\\/begamer.cz\\\/sk\\\/?s={search_term_string}\"},\"query-input\":{\"@type\":\"PropertyValueSpecification\",\"valueRequired\":true,\"valueName\":\"search_term_string\"}}],\"inLanguage\":\"sk-SK\"},{\"@type\":\"Organization\",\"@id\":\"https:\\\/\\\/begamer.cz\\\/sk\\\/#organization\",\"name\":\"BeGamer.cz\",\"url\":\"https:\\\/\\\/begamer.cz\\\/sk\\\/\",\"logo\":{\"@type\":\"ImageObject\",\"inLanguage\":\"sk-SK\",\"@id\":\"https:\\\/\\\/begamer.cz\\\/sk\\\/#\\\/schema\\\/logo\\\/image\\\/\",\"url\":\"https:\\\/\\\/begamer.cz\\\/wp-content\\\/uploads\\\/2025\\\/07\\\/logo.svg\",\"contentUrl\":\"https:\\\/\\\/begamer.cz\\\/wp-content\\\/uploads\\\/2025\\\/07\\\/logo.svg\",\"caption\":\"BeGamer.cz\"},\"image\":{\"@id\":\"https:\\\/\\\/begamer.cz\\\/sk\\\/#\\\/schema\\\/logo\\\/image\\\/\"}}]}<\/script>\n<!-- \/ Yoast SEO plugin. -->","yoast_head_json":{"title":"Nintendo Switch Online Membership - 12 Months | BeGamer.cz","robots":{"index":"index","follow":"follow","max-snippet":"max-snippet:-1","max-image-preview":"max-image-preview:large","max-video-preview":"max-video-preview:-1"},"canonical":"https:\/\/begamer.cz\/sk\/produkt\/nintendo-switch-online-membership-12-months-sk\/","og_locale":"sk_SK","og_type":"article","og_title":"Nintendo Switch Online Membership - 12 Months | BeGamer.cz","og_description":"Ste jedn\u00fdm z hrd\u00fdch majite\u013eov jednej z konzol Nintendo? Mo\u017eno ich m\u00e1te dokonca v\u0161etky? Bav\u00ed v\u00e1s hra\u0165 klasick\u00e9 hry Nintendo a zdie\u013ea\u0165 svoje z\u00e1\u017eitky s priate\u013emi? A nakoniec, chcete desa\u0165n\u00e1sobne vylep\u0161i\u0165 svoj z\u00e1\u017eitok z Nintendo Switch? Ak ste za\u0161krtli niektor\u00fd z t\u00fdchto bodov, potom je 12-mesa\u010dn\u00fd k\u013e\u00fa\u010d v\u00e1\u0161.","og_url":"https:\/\/begamer.cz\/sk\/produkt\/nintendo-switch-online-membership-12-months-sk\/","og_site_name":"BeGamer.cz","article_modified_time":"2026-03-18T06:52:47+00:00","twitter_card":"summary_large_image","twitter_misc":{"Predpokladan\u00fd \u010das \u010d\u00edtania":"2 min\u00faty"},"schema":{"@context":"https:\/\/schema.org","@graph":[{"@type":"WebPage","@id":"https:\/\/begamer.cz\/sk\/produkt\/nintendo-switch-online-membership-12-months-sk\/","url":"https:\/\/begamer.cz\/sk\/produkt\/nintendo-switch-online-membership-12-months-sk\/","name":"Nintendo Switch Online Membership - 12 Months | BeGamer.cz","isPartOf":{"@id":"https:\/\/begamer.cz\/sk\/#website"},"datePublished":"2026-01-30T16:08:30+00:00","dateModified":"2026-03-18T06:52:47+00:00","breadcrumb":{"@id":"https:\/\/begamer.cz\/sk\/produkt\/nintendo-switch-online-membership-12-months-sk\/#breadcrumb"},"inLanguage":"sk-SK","potentialAction":[{"@type":"ReadAction","target":["https:\/\/begamer.cz\/sk\/produkt\/nintendo-switch-online-membership-12-months-sk\/"]}]},{"@type":"BreadcrumbList","@id":"https:\/\/begamer.cz\/sk\/produkt\/nintendo-switch-online-membership-12-months-sk\/#breadcrumb","itemListElement":[{"@type":"ListItem","position":1,"name":"Domov","item":"https:\/\/begamer.cz\/sk\/"},{"@type":"ListItem","position":2,"name":"Obchod","item":"https:\/\/begamer.cz\/obchod\/"},{"@type":"ListItem","position":3,"name":"Nintendo Switch Online Membership &#8211; 12 Months"}]},{"@type":"WebSite","@id":"https:\/\/begamer.cz\/sk\/#website","url":"https:\/\/begamer.cz\/sk\/","name":"BeGamer.cz","description":"","publisher":{"@id":"https:\/\/begamer.cz\/sk\/#organization"},"potentialAction":[{"@type":"SearchAction","target":{"@type":"EntryPoint","urlTemplate":"https:\/\/begamer.cz\/sk\/?s={search_term_string}"},"query-input":{"@type":"PropertyValueSpecification","valueRequired":true,"valueName":"search_term_string"}}],"inLanguage":"sk-SK"},{"@type":"Organization","@id":"https:\/\/begamer.cz\/sk\/#organization","name":"BeGamer.cz","url":"https:\/\/begamer.cz\/sk\/","logo":{"@type":"ImageObject","inLanguage":"sk-SK","@id":"https:\/\/begamer.cz\/sk\/#\/schema\/logo\/image\/","url":"https:\/\/begamer.cz\/wp-content\/uploads\/2025\/07\/logo.svg","contentUrl":"https:\/\/begamer.cz\/wp-content\/uploads\/2025\/07\/logo.svg","caption":"BeGamer.cz"},"image":{"@id":"https:\/\/begamer.cz\/sk\/#\/schema\/logo\/image\/"}}]}},"acf":[],"_links":{"self":[{"href":"https:\/\/begamer.cz\/sk\/wp-json\/wp\/v2\/product\/97979","targetHints":{"allow":["GET"]}}],"collection":[{"href":"https:\/\/begamer.cz\/sk\/wp-json\/wp\/v2\/product"}],"about":[{"href":"https:\/\/begamer.cz\/sk\/wp-json\/wp\/v2\/types\/product"}],"replies":[{"embeddable":true,"href":"https:\/\/begamer.cz\/sk\/wp-json\/wp\/v2\/comments?post=97979"}],"wp:attachment":[{"href":"https:\/\/begamer.cz\/sk\/wp-json\/wp\/v2\/media?parent=97979"}],"wp:term":[{"taxonomy":"product_brand","embeddable":true,"href":"https:\/\/begamer.cz\/sk\/wp-json\/wp\/v2\/product_brand?post=97979"},{"taxonomy":"product_cat","embeddable":true,"href":"https:\/\/begamer.cz\/sk\/wp-json\/wp\/v2\/product_cat?post=97979"},{"taxonomy":"product_tag","embeddable":true,"href":"https:\/\/begamer.cz\/sk\/wp-json\/wp\/v2\/product_tag?post=97979"}],"curies":[{"name":"wp","href":"https:\/\/api.w.org\/{rel}","templated":true}]}}