{"id":97907,"date":"2026-01-30T17:07:05","date_gmt":"2026-01-30T16:07:05","guid":{"rendered":"https:\/\/begamer.cz\/produkt\/fallout-76-atlantic-city-high-stakes-bundle-sk\/"},"modified":"2026-03-18T07:43:48","modified_gmt":"2026-03-18T06:43:48","slug":"fallout-76-atlantic-city-high-stakes-bundle-sk","status":"publish","type":"product","link":"https:\/\/begamer.cz\/sk\/produkt\/fallout-76-atlantic-city-high-stakes-bundle-sk\/","title":{"rendered":"Fallout 76: Atlantic \u2013 City High Stakes Bundle"},"content":{"rendered":"<p>Vyrazte na promen\u00e1du v Atlantic City a pripojte sa k stolu High Rollers s t\u00fdmto bal\u00ed\u010dkom. Bal\u00ed\u010dek High Stakes obsahuje bonusov\u00e9 hern\u00e9 predmety C.A.M.P. a kozmetick\u00e9 doplnky, ako je s\u00faprava Casino Quarter C.A.M.P. Kit a brnenie Civic Duty Power Armor.<\/p>\n","protected":false},"excerpt":{"rendered":"<p>Fallout 76: Atlantic &#8211; City High Stakes Bundle pon\u00faka exkluz\u00edvny obsah v hre, vr\u00e1tane nov\u00fdch zbran\u00ed, oble\u010denia a kozmetick\u00fdch doplnkov. Vylep\u0161ite svoj z\u00e1\u017eitok z pustiny s tematick\u00fdm vybaven\u00edm a jedine\u010dn\u00fdmi predmetmi, ktor\u00e9 dodaj\u00fa \u0161t\u00fdl a palebn\u00fa silu va\u0161im dobrodru\u017estv\u00e1m v Apala\u010diach. Ide\u00e1lne pre oddan\u00fdch fan\u00fa\u0161ikov Falloutu.<\/p>\n","protected":false},"featured_media":25057,"comment_status":"open","ping_status":"closed","template":"","meta":{"_acf_changed":false},"product_brand":[],"product_cat":[461,452,398,438],"product_tag":[],"class_list":{"0":"post-97907","1":"product","2":"type-product","3":"status-publish","4":"has-post-thumbnail","6":"product_cat-dobrodruzne-xbox-series-x-s-sk","7":"product_cat-rpg-xbox-series-x-s-sk","8":"product_cat-xbox-hry-sk","9":"product_cat-xbox-series-x-s-sk","10":"pa_audio-de-de","11":"pa_audio-en-us","12":"pa_audio-es-es","13":"pa_audio-fr-fr","14":"pa_audio-it-it","15":"pa_audio-ja-jp","17":"pa_countries-ad","18":"pa_countries-ae","19":"pa_countries-af","20":"pa_countries-ag","21":"pa_countries-ai","22":"pa_countries-al","23":"pa_countries-am","24":"pa_countries-ao","25":"pa_countries-aq","26":"pa_countries-ar","27":"pa_countries-as","28":"pa_countries-at","29":"pa_countries-au","30":"pa_countries-aw","31":"pa_countries-ax","32":"pa_countries-az","33":"pa_countries-ba","34":"pa_countries-bb","35":"pa_countries-bd","36":"pa_countries-be","37":"pa_countries-bf","38":"pa_countries-bg","39":"pa_countries-bh","40":"pa_countries-bi","41":"pa_countries-bj","42":"pa_countries-bl","43":"pa_countries-bm","44":"pa_countries-bn","45":"pa_countries-bo","46":"pa_countries-bq","47":"pa_countries-br","48":"pa_countries-bs","49":"pa_countries-bt","50":"pa_countries-bv","51":"pa_countries-bw","52":"pa_countries-bz","53":"pa_countries-ca","54":"pa_countries-cc","55":"pa_countries-cd","56":"pa_countries-cf","57":"pa_countries-cg","58":"pa_countries-ch","59":"pa_countries-ci","60":"pa_countries-ck","61":"pa_countries-cl","62":"pa_countries-cm","63":"pa_countries-cn","64":"pa_countries-co","65":"pa_countries-cr","66":"pa_countries-cu","67":"pa_countries-cv","68":"pa_countries-cw","69":"pa_countries-cx","70":"pa_countries-cy","71":"pa_countries-cz","72":"pa_countries-de","73":"pa_countries-dj","74":"pa_countries-dk","75":"pa_countries-dm","76":"pa_countries-do","77":"pa_countries-dz","78":"pa_countries-ec","79":"pa_countries-ee","80":"pa_countries-eg","81":"pa_countries-eh","82":"pa_countries-er","83":"pa_countries-es","84":"pa_countries-et","85":"pa_countries-fi","86":"pa_countries-fj","87":"pa_countries-fk","88":"pa_countries-fm","89":"pa_countries-fo","90":"pa_countries-fr","91":"pa_countries-ga","92":"pa_countries-gb","93":"pa_countries-gd","94":"pa_countries-ge","95":"pa_countries-gf","96":"pa_countries-gg","97":"pa_countries-gh","98":"pa_countries-gi","99":"pa_countries-gl","100":"pa_countries-gm","101":"pa_countries-gn","102":"pa_countries-gp","103":"pa_countries-gq","104":"pa_countries-gr","105":"pa_countries-gs","106":"pa_countries-gt","107":"pa_countries-gu","108":"pa_countries-gw","109":"pa_countries-gy","110":"pa_countries-hk","111":"pa_countries-hm","112":"pa_countries-hn","113":"pa_countries-hr","114":"pa_countries-ht","115":"pa_countries-hu","116":"pa_countries-id","117":"pa_countries-ie","118":"pa_countries-il","119":"pa_countries-im","120":"pa_countries-in","121":"pa_countries-io","122":"pa_countries-iq","123":"pa_countries-ir","124":"pa_countries-is","125":"pa_countries-it","126":"pa_countries-je","127":"pa_countries-jm","128":"pa_countries-jo","129":"pa_countries-jp","130":"pa_countries-ke","131":"pa_countries-kg","132":"pa_countries-kh","133":"pa_countries-ki","134":"pa_countries-km","135":"pa_countries-kn","136":"pa_countries-kp","137":"pa_countries-kr","138":"pa_countries-kw","139":"pa_countries-ky","140":"pa_countries-kz","141":"pa_countries-la","142":"pa_countries-lb","143":"pa_countries-lc","144":"pa_countries-li","145":"pa_countries-lk","146":"pa_countries-lr","147":"pa_countries-ls","148":"pa_countries-lt","149":"pa_countries-lu","150":"pa_countries-lv","151":"pa_countries-ly","152":"pa_countries-ma","153":"pa_countries-mc","154":"pa_countries-md","155":"pa_countries-me","156":"pa_countries-mf","157":"pa_countries-mg","158":"pa_countries-mh","159":"pa_countries-mk","160":"pa_countries-ml","161":"pa_countries-mm","162":"pa_countries-mn","163":"pa_countries-mo","164":"pa_countries-mp","165":"pa_countries-mq","166":"pa_countries-mr","167":"pa_countries-ms","168":"pa_countries-mt","169":"pa_countries-mu","170":"pa_countries-mv","171":"pa_countries-mw","172":"pa_countries-mx","173":"pa_countries-my","174":"pa_countries-mz","175":"pa_countries-na","176":"pa_countries-nc","177":"pa_countries-ne","178":"pa_countries-nf","179":"pa_countries-ng","180":"pa_countries-ni","181":"pa_countries-nl","182":"pa_countries-no","183":"pa_countries-np","184":"pa_countries-nr","185":"pa_countries-nu","186":"pa_countries-nz","187":"pa_countries-om","188":"pa_countries-pa","189":"pa_countries-pe","190":"pa_countries-pf","191":"pa_countries-pg","192":"pa_countries-ph","193":"pa_countries-pk","194":"pa_countries-pl","195":"pa_countries-pm","196":"pa_countries-pn","197":"pa_countries-pr","198":"pa_countries-ps","199":"pa_countries-pt","200":"pa_countries-pw","201":"pa_countries-py","202":"pa_countries-qa","203":"pa_countries-re","204":"pa_countries-ro","205":"pa_countries-rs","206":"pa_countries-rw","207":"pa_countries-sa","208":"pa_countries-sb","209":"pa_countries-sc","210":"pa_countries-sd","211":"pa_countries-se","212":"pa_countries-sg","213":"pa_countries-sh","214":"pa_countries-si","215":"pa_countries-sj","216":"pa_countries-sk","217":"pa_countries-sl","218":"pa_countries-sm","219":"pa_countries-sn","220":"pa_countries-so","221":"pa_countries-sr","222":"pa_countries-ss","224":"pa_countries-st","225":"pa_countries-sv","226":"pa_countries-sx","227":"pa_countries-sy","228":"pa_countries-sz","229":"pa_countries-tc","230":"pa_countries-td","231":"pa_countries-tf","232":"pa_countries-tg","233":"pa_countries-th","234":"pa_countries-tj","235":"pa_countries-tk","236":"pa_countries-tl","237":"pa_countries-tm","238":"pa_countries-tn","239":"pa_countries-to","240":"pa_countries-tr","241":"pa_countries-tt","242":"pa_countries-tv","243":"pa_countries-tw","244":"pa_countries-tz","245":"pa_countries-ua","246":"pa_countries-ug","247":"pa_countries-um","248":"pa_countries-us","249":"pa_countries-uy","250":"pa_countries-uz","251":"pa_countries-va","252":"pa_countries-vc","253":"pa_countries-ve","254":"pa_countries-vg","255":"pa_countries-vi","256":"pa_countries-vn","257":"pa_countries-vu","258":"pa_countries-wf","259":"pa_countries-ws","260":"pa_countries-xk","261":"pa_countries-ye","262":"pa_countries-yt","263":"pa_countries-za","264":"pa_countries-zm","265":"pa_countries-zw","266":"pa_game_type-pack_addon","268":"pa_genres-role-playing-rpg","270":"pa_interface-de-de","271":"pa_interface-en-us","272":"pa_interface-es-es","273":"pa_interface-fr-fr","274":"pa_interface-it-it","275":"pa_interface-ja-jp","276":"pa_interface-ko-kr","277":"pa_interface-pl-pl","278":"pa_interface-pt-br","279":"pa_interface-ru-ru","281":"pa_interface-zh-cn","282":"pa_interface-zh-tw","283":"pa_modes-co-operative","284":"pa_modes-massively-multiplayer-online-mmo","286":"pa_modes-multiplayer","287":"pa_pegi-794","288":"pa_pegi-13426","289":"pa_platform-xbox-one-xbox-series-x-s","291":"pa_rating-773","292":"pa_rating-14441","293":"pa_region-global","295":"pa_subtitles-de-de","297":"pa_subtitles-en-us","298":"pa_subtitles-es-es","299":"pa_subtitles-fr-fr","300":"pa_subtitles-it-it","301":"pa_subtitles-ja-jp","302":"pa_subtitles-ko-kr","303":"pa_subtitles-pl-pl","304":"pa_subtitles-pt-br","305":"pa_subtitles-ru-ru","306":"pa_subtitles-zh-cn","307":"pa_subtitles-zh-tw","309":"first","310":"instock","311":"virtual","312":"taxable","313":"purchasable","314":"product-type-simple"},"yoast_head":"<!-- This site is optimized with the Yoast SEO plugin v27.3 - https:\/\/yoast.com\/product\/yoast-seo-wordpress\/ -->\n<title>Fallout 76: Atlantic - City High Stakes Bundle | BeGamer.cz<\/title>\n<meta name=\"robots\" content=\"index, follow, max-snippet:-1, max-image-preview:large, max-video-preview:-1\" \/>\n<link rel=\"canonical\" href=\"https:\/\/begamer.cz\/sk\/produkt\/fallout-76-atlantic-city-high-stakes-bundle-sk\/\" \/>\n<meta property=\"og:locale\" content=\"sk_SK\" \/>\n<meta property=\"og:type\" content=\"article\" \/>\n<meta property=\"og:title\" content=\"Fallout 76: Atlantic - City High Stakes Bundle | BeGamer.cz\" \/>\n<meta property=\"og:description\" content=\"Fallout 76: Atlantic - City High Stakes Bundle pon\u00faka exkluz\u00edvny obsah v hre, vr\u00e1tane nov\u00fdch zbran\u00ed, oble\u010denia a kozmetick\u00fdch doplnkov. Vylep\u0161ite svoj z\u00e1\u017eitok z pustiny s tematick\u00fdm vybaven\u00edm a jedine\u010dn\u00fdmi predmetmi, ktor\u00e9 dodaj\u00fa \u0161t\u00fdl a palebn\u00fa silu va\u0161im dobrodru\u017estv\u00e1m v Apala\u010diach. Ide\u00e1lne pre oddan\u00fdch fan\u00fa\u0161ikov Falloutu.\" \/>\n<meta property=\"og:url\" content=\"https:\/\/begamer.cz\/sk\/produkt\/fallout-76-atlantic-city-high-stakes-bundle-sk\/\" \/>\n<meta property=\"og:site_name\" content=\"BeGamer.cz\" \/>\n<meta property=\"article:modified_time\" content=\"2026-03-18T06:43:48+00:00\" \/>\n<meta property=\"og:image\" content=\"https:\/\/begamer.cz\/wp-content\/uploads\/2026\/01\/fallout-76-atlantic-city-high-stakes-bundle-1.webp\" \/>\n\t<meta property=\"og:image:width\" content=\"300\" \/>\n\t<meta property=\"og:image:height\" content=\"400\" \/>\n\t<meta property=\"og:image:type\" content=\"image\/webp\" \/>\n<meta name=\"twitter:card\" content=\"summary_large_image\" \/>\n<script type=\"application\/ld+json\" class=\"yoast-schema-graph\">{\"@context\":\"https:\\\/\\\/schema.org\",\"@graph\":[{\"@type\":\"WebPage\",\"@id\":\"https:\\\/\\\/begamer.cz\\\/sk\\\/produkt\\\/fallout-76-atlantic-city-high-stakes-bundle-sk\\\/\",\"url\":\"https:\\\/\\\/begamer.cz\\\/sk\\\/produkt\\\/fallout-76-atlantic-city-high-stakes-bundle-sk\\\/\",\"name\":\"Fallout 76: Atlantic - City High Stakes Bundle | BeGamer.cz\",\"isPartOf\":{\"@id\":\"https:\\\/\\\/begamer.cz\\\/sk\\\/#website\"},\"primaryImageOfPage\":{\"@id\":\"https:\\\/\\\/begamer.cz\\\/sk\\\/produkt\\\/fallout-76-atlantic-city-high-stakes-bundle-sk\\\/#primaryimage\"},\"image\":{\"@id\":\"https:\\\/\\\/begamer.cz\\\/sk\\\/produkt\\\/fallout-76-atlantic-city-high-stakes-bundle-sk\\\/#primaryimage\"},\"thumbnailUrl\":\"https:\\\/\\\/begamer.cz\\\/wp-content\\\/uploads\\\/2026\\\/01\\\/fallout-76-atlantic-city-high-stakes-bundle-1.webp\",\"datePublished\":\"2026-01-30T16:07:05+00:00\",\"dateModified\":\"2026-03-18T06:43:48+00:00\",\"breadcrumb\":{\"@id\":\"https:\\\/\\\/begamer.cz\\\/sk\\\/produkt\\\/fallout-76-atlantic-city-high-stakes-bundle-sk\\\/#breadcrumb\"},\"inLanguage\":\"sk-SK\",\"potentialAction\":[{\"@type\":\"ReadAction\",\"target\":[\"https:\\\/\\\/begamer.cz\\\/sk\\\/produkt\\\/fallout-76-atlantic-city-high-stakes-bundle-sk\\\/\"]}]},{\"@type\":\"ImageObject\",\"inLanguage\":\"sk-SK\",\"@id\":\"https:\\\/\\\/begamer.cz\\\/sk\\\/produkt\\\/fallout-76-atlantic-city-high-stakes-bundle-sk\\\/#primaryimage\",\"url\":\"https:\\\/\\\/begamer.cz\\\/wp-content\\\/uploads\\\/2026\\\/01\\\/fallout-76-atlantic-city-high-stakes-bundle-1.webp\",\"contentUrl\":\"https:\\\/\\\/begamer.cz\\\/wp-content\\\/uploads\\\/2026\\\/01\\\/fallout-76-atlantic-city-high-stakes-bundle-1.webp\",\"width\":300,\"height\":400},{\"@type\":\"BreadcrumbList\",\"@id\":\"https:\\\/\\\/begamer.cz\\\/sk\\\/produkt\\\/fallout-76-atlantic-city-high-stakes-bundle-sk\\\/#breadcrumb\",\"itemListElement\":[{\"@type\":\"ListItem\",\"position\":1,\"name\":\"Domov\",\"item\":\"https:\\\/\\\/begamer.cz\\\/sk\\\/\"},{\"@type\":\"ListItem\",\"position\":2,\"name\":\"Obchod\",\"item\":\"https:\\\/\\\/begamer.cz\\\/obchod\\\/\"},{\"@type\":\"ListItem\",\"position\":3,\"name\":\"Fallout 76: Atlantic \u2013 City High Stakes Bundle\"}]},{\"@type\":\"WebSite\",\"@id\":\"https:\\\/\\\/begamer.cz\\\/sk\\\/#website\",\"url\":\"https:\\\/\\\/begamer.cz\\\/sk\\\/\",\"name\":\"BeGamer.cz\",\"description\":\"\",\"publisher\":{\"@id\":\"https:\\\/\\\/begamer.cz\\\/sk\\\/#organization\"},\"potentialAction\":[{\"@type\":\"SearchAction\",\"target\":{\"@type\":\"EntryPoint\",\"urlTemplate\":\"https:\\\/\\\/begamer.cz\\\/sk\\\/?s={search_term_string}\"},\"query-input\":{\"@type\":\"PropertyValueSpecification\",\"valueRequired\":true,\"valueName\":\"search_term_string\"}}],\"inLanguage\":\"sk-SK\"},{\"@type\":\"Organization\",\"@id\":\"https:\\\/\\\/begamer.cz\\\/sk\\\/#organization\",\"name\":\"BeGamer.cz\",\"url\":\"https:\\\/\\\/begamer.cz\\\/sk\\\/\",\"logo\":{\"@type\":\"ImageObject\",\"inLanguage\":\"sk-SK\",\"@id\":\"https:\\\/\\\/begamer.cz\\\/sk\\\/#\\\/schema\\\/logo\\\/image\\\/\",\"url\":\"https:\\\/\\\/begamer.cz\\\/wp-content\\\/uploads\\\/2025\\\/07\\\/logo.svg\",\"contentUrl\":\"https:\\\/\\\/begamer.cz\\\/wp-content\\\/uploads\\\/2025\\\/07\\\/logo.svg\",\"caption\":\"BeGamer.cz\"},\"image\":{\"@id\":\"https:\\\/\\\/begamer.cz\\\/sk\\\/#\\\/schema\\\/logo\\\/image\\\/\"}}]}<\/script>\n<!-- \/ Yoast SEO plugin. -->","yoast_head_json":{"title":"Fallout 76: Atlantic - City High Stakes Bundle | BeGamer.cz","robots":{"index":"index","follow":"follow","max-snippet":"max-snippet:-1","max-image-preview":"max-image-preview:large","max-video-preview":"max-video-preview:-1"},"canonical":"https:\/\/begamer.cz\/sk\/produkt\/fallout-76-atlantic-city-high-stakes-bundle-sk\/","og_locale":"sk_SK","og_type":"article","og_title":"Fallout 76: Atlantic - City High Stakes Bundle | BeGamer.cz","og_description":"Fallout 76: Atlantic - City High Stakes Bundle pon\u00faka exkluz\u00edvny obsah v hre, vr\u00e1tane nov\u00fdch zbran\u00ed, oble\u010denia a kozmetick\u00fdch doplnkov. Vylep\u0161ite svoj z\u00e1\u017eitok z pustiny s tematick\u00fdm vybaven\u00edm a jedine\u010dn\u00fdmi predmetmi, ktor\u00e9 dodaj\u00fa \u0161t\u00fdl a palebn\u00fa silu va\u0161im dobrodru\u017estv\u00e1m v Apala\u010diach. Ide\u00e1lne pre oddan\u00fdch fan\u00fa\u0161ikov Falloutu.","og_url":"https:\/\/begamer.cz\/sk\/produkt\/fallout-76-atlantic-city-high-stakes-bundle-sk\/","og_site_name":"BeGamer.cz","article_modified_time":"2026-03-18T06:43:48+00:00","og_image":[{"width":300,"height":400,"url":"https:\/\/begamer.cz\/wp-content\/uploads\/2026\/01\/fallout-76-atlantic-city-high-stakes-bundle-1.webp","type":"image\/webp"}],"twitter_card":"summary_large_image","schema":{"@context":"https:\/\/schema.org","@graph":[{"@type":"WebPage","@id":"https:\/\/begamer.cz\/sk\/produkt\/fallout-76-atlantic-city-high-stakes-bundle-sk\/","url":"https:\/\/begamer.cz\/sk\/produkt\/fallout-76-atlantic-city-high-stakes-bundle-sk\/","name":"Fallout 76: Atlantic - City High Stakes Bundle | BeGamer.cz","isPartOf":{"@id":"https:\/\/begamer.cz\/sk\/#website"},"primaryImageOfPage":{"@id":"https:\/\/begamer.cz\/sk\/produkt\/fallout-76-atlantic-city-high-stakes-bundle-sk\/#primaryimage"},"image":{"@id":"https:\/\/begamer.cz\/sk\/produkt\/fallout-76-atlantic-city-high-stakes-bundle-sk\/#primaryimage"},"thumbnailUrl":"https:\/\/begamer.cz\/wp-content\/uploads\/2026\/01\/fallout-76-atlantic-city-high-stakes-bundle-1.webp","datePublished":"2026-01-30T16:07:05+00:00","dateModified":"2026-03-18T06:43:48+00:00","breadcrumb":{"@id":"https:\/\/begamer.cz\/sk\/produkt\/fallout-76-atlantic-city-high-stakes-bundle-sk\/#breadcrumb"},"inLanguage":"sk-SK","potentialAction":[{"@type":"ReadAction","target":["https:\/\/begamer.cz\/sk\/produkt\/fallout-76-atlantic-city-high-stakes-bundle-sk\/"]}]},{"@type":"ImageObject","inLanguage":"sk-SK","@id":"https:\/\/begamer.cz\/sk\/produkt\/fallout-76-atlantic-city-high-stakes-bundle-sk\/#primaryimage","url":"https:\/\/begamer.cz\/wp-content\/uploads\/2026\/01\/fallout-76-atlantic-city-high-stakes-bundle-1.webp","contentUrl":"https:\/\/begamer.cz\/wp-content\/uploads\/2026\/01\/fallout-76-atlantic-city-high-stakes-bundle-1.webp","width":300,"height":400},{"@type":"BreadcrumbList","@id":"https:\/\/begamer.cz\/sk\/produkt\/fallout-76-atlantic-city-high-stakes-bundle-sk\/#breadcrumb","itemListElement":[{"@type":"ListItem","position":1,"name":"Domov","item":"https:\/\/begamer.cz\/sk\/"},{"@type":"ListItem","position":2,"name":"Obchod","item":"https:\/\/begamer.cz\/obchod\/"},{"@type":"ListItem","position":3,"name":"Fallout 76: Atlantic \u2013 City High Stakes Bundle"}]},{"@type":"WebSite","@id":"https:\/\/begamer.cz\/sk\/#website","url":"https:\/\/begamer.cz\/sk\/","name":"BeGamer.cz","description":"","publisher":{"@id":"https:\/\/begamer.cz\/sk\/#organization"},"potentialAction":[{"@type":"SearchAction","target":{"@type":"EntryPoint","urlTemplate":"https:\/\/begamer.cz\/sk\/?s={search_term_string}"},"query-input":{"@type":"PropertyValueSpecification","valueRequired":true,"valueName":"search_term_string"}}],"inLanguage":"sk-SK"},{"@type":"Organization","@id":"https:\/\/begamer.cz\/sk\/#organization","name":"BeGamer.cz","url":"https:\/\/begamer.cz\/sk\/","logo":{"@type":"ImageObject","inLanguage":"sk-SK","@id":"https:\/\/begamer.cz\/sk\/#\/schema\/logo\/image\/","url":"https:\/\/begamer.cz\/wp-content\/uploads\/2025\/07\/logo.svg","contentUrl":"https:\/\/begamer.cz\/wp-content\/uploads\/2025\/07\/logo.svg","caption":"BeGamer.cz"},"image":{"@id":"https:\/\/begamer.cz\/sk\/#\/schema\/logo\/image\/"}}]}},"acf":[],"_links":{"self":[{"href":"https:\/\/begamer.cz\/sk\/wp-json\/wp\/v2\/product\/97907","targetHints":{"allow":["GET"]}}],"collection":[{"href":"https:\/\/begamer.cz\/sk\/wp-json\/wp\/v2\/product"}],"about":[{"href":"https:\/\/begamer.cz\/sk\/wp-json\/wp\/v2\/types\/product"}],"replies":[{"embeddable":true,"href":"https:\/\/begamer.cz\/sk\/wp-json\/wp\/v2\/comments?post=97907"}],"wp:featuredmedia":[{"embeddable":true,"href":"https:\/\/begamer.cz\/sk\/wp-json\/wp\/v2\/media\/25057"}],"wp:attachment":[{"href":"https:\/\/begamer.cz\/sk\/wp-json\/wp\/v2\/media?parent=97907"}],"wp:term":[{"taxonomy":"product_brand","embeddable":true,"href":"https:\/\/begamer.cz\/sk\/wp-json\/wp\/v2\/product_brand?post=97907"},{"taxonomy":"product_cat","embeddable":true,"href":"https:\/\/begamer.cz\/sk\/wp-json\/wp\/v2\/product_cat?post=97907"},{"taxonomy":"product_tag","embeddable":true,"href":"https:\/\/begamer.cz\/sk\/wp-json\/wp\/v2\/product_tag?post=97907"}],"curies":[{"name":"wp","href":"https:\/\/api.w.org\/{rel}","templated":true}]}}