{"id":97889,"date":"2026-01-30T17:06:43","date_gmt":"2026-01-30T16:06:43","guid":{"rendered":"https:\/\/begamer.cz\/produkt\/animal-doctor-sk-1769789206\/"},"modified":"2026-03-18T07:42:18","modified_gmt":"2026-03-18T06:42:18","slug":"animal-doctor-sk-2","status":"publish","type":"product","link":"https:\/\/begamer.cz\/sk\/produkt\/animal-doctor-sk-2\/","title":{"rendered":"Animal Doctor"},"content":{"rendered":"<p><span class=\"bb_img_ctn\"><video class=\"bb_img\" autoplay muted loop playsinline poster=\"https:\/\/shared.akamai.steamstatic.com\/store_item_assets\/steam\/apps\/1033930\/extras\/bfe2f7a618687b81ae195a810705a8b1.poster.avif?t=1642666774\" width=634 height=180 ><source src=\"https:\/\/shared.akamai.steamstatic.com\/store_item_assets\/steam\/apps\/1033930\/extras\/bfe2f7a618687b81ae195a810705a8b1.webm?t=1642666774\" type=\"video\/webm; codecs=vp9\"><source src=\"https:\/\/shared.akamai.steamstatic.com\/store_item_assets\/steam\/apps\/1033930\/extras\/bfe2f7a618687b81ae195a810705a8b1.mp4?t=1642666774\" type=\"video\/mp4\"><\/video><\/span><\/p>\n<p><strong>Spl\u0148te si svoje sny s Animal Doctor!<\/strong><\/p>\n<p>Chceli by ste str\u00e1vi\u0165 svoj \u017eivot starostlivos\u0165ou o zvierat\u00e1? S Animal Doctor budete obklopen\u00ed zvierac\u00edmi priate\u013emi a dom\u00e1cimi mil\u00e1\u010dikmi. Starajte sa o ve\u013ek\u00e9 aj mal\u00e9 zvierat\u00e1, zatia\u013e \u010do sa \u0161kol\u00edte ako st\u00e1\u017eista u veterin\u00e1ra! Lie\u010dte a pom\u00e1hajte pri zotavovan\u00ed \u00fa\u017easn\u00fdch dom\u00e1cich mil\u00e1\u010dikov, hospod\u00e1rskych zvierat a pracovn\u00fdch zvierat.<\/p>\n<p><span class=\"bb_img_ctn\"><video class=\"bb_img\" autoplay muted loop playsinline poster=\"https:\/\/shared.akamai.steamstatic.com\/store_item_assets\/steam\/apps\/1033930\/extras\/270cf9fe11d5138b880170e5a34e33f6.poster.avif?t=1642666774\" width=634 height=180 ><source src=\"https:\/\/shared.akamai.steamstatic.com\/store_item_assets\/steam\/apps\/1033930\/extras\/270cf9fe11d5138b880170e5a34e33f6.webm?t=1642666774\" type=\"video\/webm; codecs=vp9\"><source src=\"https:\/\/shared.akamai.steamstatic.com\/store_item_assets\/steam\/apps\/1033930\/extras\/270cf9fe11d5138b880170e5a34e33f6.mp4?t=1642666774\" type=\"video\/mp4\"><\/video><\/span><\/p>\n<ul class=\"bb_ul\">\n<li>Jedine\u010dn\u00e9 dobrodru\u017estvo pre cel\u00fa rodinu, ktor\u00e9 v\u00e1m umo\u017en\u00ed plne sa zapoji\u0165 do hry v re\u017eime prvej osoby po v\u00fdbere va\u0161ej postavy v hre.<\/li>\n<li>\u010cak\u00e1 v\u00e1s mno\u017estvo vzru\u0161uj\u00facich \u00faloh, pri ktor\u00fdch budete testovan\u00ed vy\u0161etrovan\u00edm, lie\u010den\u00edm, k\u0155men\u00edm a starostlivos\u0165ou o \u0161irok\u00fa \u0161k\u00e1lu zvierat.<\/li>\n<li>\u0160peci\u00e1lne \u00falohy v\u00e1m pom\u00f4\u017eu rozv\u00edja\u0165 a zdokona\u013eova\u0165 va\u0161e zru\u010dnosti a poskytn\u00fa v\u00e1m mnoho realistick\u00fdch z\u00e1\u017eitkov: k\u0155menie div\u00fdch zvierat, z\u00e1chrana ka\u010d\u00edc a mnoho \u010fal\u0161\u00edch ved\u013eaj\u0161\u00edch \u00faloh v\u00e1s bude motivova\u0165 k h\u013eadaniu najlep\u0161\u00edch sp\u00f4sobov lie\u010dby pacientov.  <\/li>\n<li>Presk\u00famajte, n\u00e1jdite a potom zbierajte ingrediencie, ktor\u00e9 v\u00e1m pom\u00f4\u017eu vytvori\u0165 lieky a pr\u00edrodn\u00e9 lie\u010div\u00e1 pre va\u0161ich chor\u00fdch priate\u013eov.<\/li>\n<li>K dispoz\u00edcii s\u00fa \u010fal\u0161ie z\u00e1\u017eitky, ktor\u00e9 v\u00e1m umo\u017enia jazdi\u0165 na koni po \u0161irok\u00fdch poliach, lie\u010di\u0165 chor\u00e9 zvierat\u00e1 a\u017e po distrib\u00faciu mlieka a syra t\u00fdm, ktor\u00ed to potrebuj\u00fa! Cho\u010fte e\u0161te \u010falej a presk\u00famajte les, ale bu\u010fte opatrn\u00ed, preto\u017ee divok\u00e9 a nekrotite\u013en\u00e9 zvierat\u00e1 m\u00f4\u017eu by\u0165 nebezpe\u010dn\u00e9.<\/li>\n<li>\u010cak\u00e1 v\u00e1s \u017eivot pracovit\u00e9ho veterin\u00e1ra, ktor\u00fd sa star\u00e1 o obrovsk\u00e9 mno\u017estvo r\u00f4znych zvierat. Zlep\u0161ite svoje znalosti o zvierat\u00e1ch, nau\u010dte sa nov\u00e9 zru\u010dnosti a u\u017eite si osobn\u00e9 odmeny, ktor\u00e9 v\u00e1m to prinesie.<\/li>\n<\/ul>\n<p><span class=\"bb_img_ctn\"><video class=\"bb_img\" autoplay muted loop playsinline poster=\"https:\/\/shared.akamai.steamstatic.com\/store_item_assets\/steam\/apps\/1033930\/extras\/f99cffd7a84d0422ae9c997a0b6d6539.poster.avif?t=1642666774\" width=634 height=180 ><source src=\"https:\/\/shared.akamai.steamstatic.com\/store_item_assets\/steam\/apps\/1033930\/extras\/f99cffd7a84d0422ae9c997a0b6d6539.webm?t=1642666774\" type=\"video\/webm; codecs=vp9\"><source src=\"https:\/\/shared.akamai.steamstatic.com\/store_item_assets\/steam\/apps\/1033930\/extras\/f99cffd7a84d0422ae9c997a0b6d6539.mp4?t=1642666774\" type=\"video\/mp4\"><\/video><\/span><\/p>\n","protected":false},"excerpt":{"rendered":"<p>Spl\u0148te si svoje sny s Animal Doctor! Chceli by ste str\u00e1vi\u0165 svoj \u017eivot starostlivos\u0165ou o zvierat\u00e1? S Animal Doctor budete obklopen\u00ed zvierac\u00edmi priate\u013emi a dom\u00e1cimi mil\u00e1\u010dikmi.<\/p>\n","protected":false},"featured_media":24925,"comment_status":"open","ping_status":"closed","template":"","meta":{"_acf_changed":false},"product_brand":[],"product_cat":[179,200,222,224],"product_tag":[],"class_list":{"0":"post-97889","1":"product","2":"type-product","3":"status-publish","4":"has-post-thumbnail","6":"product_cat-nintendo-hry-sk","7":"product_cat-nintendo-switch-sk","8":"product_cat-rpg-nintendo-switch-sk","9":"product_cat-simulatory-nintendo-switch-sk","10":"pa_audio-de-de","11":"pa_audio-en-us","13":"pa_countries-at","14":"pa_countries-be","15":"pa_countries-bg","16":"pa_countries-cy","17":"pa_countries-cz","19":"pa_countries-de","20":"pa_countries-dk","21":"pa_countries-ee","22":"pa_countries-es","23":"pa_countries-fi","24":"pa_countries-fr","25":"pa_countries-gr","26":"pa_countries-hr","27":"pa_countries-hu","28":"pa_countries-ie","29":"pa_countries-it","30":"pa_countries-lt","31":"pa_countries-lu","32":"pa_countries-lv","33":"pa_countries-mt","34":"pa_countries-nl","35":"pa_countries-pl","36":"pa_countries-pt","37":"pa_countries-ro","38":"pa_countries-se","39":"pa_countries-si","40":"pa_countries-sk","41":"pa_developer-caipirinha-games","43":"pa_game_type-main_game","45":"pa_genres-role-playing-rpg","47":"pa_genres-simulator","48":"pa_interface-de-de","49":"pa_interface-en-us","50":"pa_interface-es-es","51":"pa_interface-fr-fr","52":"pa_interface-it-it","54":"pa_modes-single-player","56":"pa_pegi-13430","57":"pa_pegi-943","58":"pa_platform-nintendo-switch","60":"pa_publisher-toplitz-productions","62":"pa_rating-14441","63":"pa_rating-773","64":"pa_region-europe","66":"pa_subtitles-de-de","68":"pa_subtitles-en-us","69":"pa_subtitles-es-es","70":"pa_subtitles-fr-fr","71":"pa_subtitles-it-it","72":"pa_themes-educational","74":"pa_themes-kids","76":"first","77":"outofstock","78":"virtual","79":"taxable","80":"purchasable","81":"product-type-simple"},"yoast_head":"<!-- This site is optimized with the Yoast SEO plugin v27.3 - https:\/\/yoast.com\/product\/yoast-seo-wordpress\/ -->\n<title>Animal Doctor | BeGamer.cz<\/title>\n<meta name=\"robots\" content=\"index, follow, max-snippet:-1, max-image-preview:large, max-video-preview:-1\" \/>\n<link rel=\"canonical\" href=\"https:\/\/begamer.cz\/sk\/produkt\/animal-doctor-sk-2\/\" \/>\n<meta property=\"og:locale\" content=\"sk_SK\" \/>\n<meta property=\"og:type\" content=\"article\" \/>\n<meta property=\"og:title\" content=\"Animal Doctor | BeGamer.cz\" \/>\n<meta property=\"og:description\" content=\"Spl\u0148te si svoje sny s Animal Doctor! Chceli by ste str\u00e1vi\u0165 svoj \u017eivot starostlivos\u0165ou o zvierat\u00e1? S Animal Doctor budete obklopen\u00ed zvierac\u00edmi priate\u013emi a dom\u00e1cimi mil\u00e1\u010dikmi.\" \/>\n<meta property=\"og:url\" content=\"https:\/\/begamer.cz\/sk\/produkt\/animal-doctor-sk-2\/\" \/>\n<meta property=\"og:site_name\" content=\"BeGamer.cz\" \/>\n<meta property=\"article:modified_time\" content=\"2026-03-18T06:42:18+00:00\" \/>\n<meta property=\"og:image\" content=\"https:\/\/begamer.cz\/wp-content\/uploads\/2026\/01\/animal-doctor-4.webp\" \/>\n\t<meta property=\"og:image:width\" content=\"300\" \/>\n\t<meta property=\"og:image:height\" content=\"400\" \/>\n\t<meta property=\"og:image:type\" content=\"image\/webp\" \/>\n<meta name=\"twitter:card\" content=\"summary_large_image\" \/>\n<meta name=\"twitter:label1\" content=\"Predpokladan\u00fd \u010das \u010d\u00edtania\" \/>\n\t<meta name=\"twitter:data1\" content=\"2 min\u00faty\" \/>\n<script type=\"application\/ld+json\" class=\"yoast-schema-graph\">{\"@context\":\"https:\\\/\\\/schema.org\",\"@graph\":[{\"@type\":\"WebPage\",\"@id\":\"https:\\\/\\\/begamer.cz\\\/sk\\\/produkt\\\/animal-doctor-sk-2\\\/\",\"url\":\"https:\\\/\\\/begamer.cz\\\/sk\\\/produkt\\\/animal-doctor-sk-2\\\/\",\"name\":\"Animal Doctor | BeGamer.cz\",\"isPartOf\":{\"@id\":\"https:\\\/\\\/begamer.cz\\\/sk\\\/#website\"},\"primaryImageOfPage\":{\"@id\":\"https:\\\/\\\/begamer.cz\\\/sk\\\/produkt\\\/animal-doctor-sk-2\\\/#primaryimage\"},\"image\":{\"@id\":\"https:\\\/\\\/begamer.cz\\\/sk\\\/produkt\\\/animal-doctor-sk-2\\\/#primaryimage\"},\"thumbnailUrl\":\"https:\\\/\\\/begamer.cz\\\/wp-content\\\/uploads\\\/2026\\\/01\\\/animal-doctor-4.webp\",\"datePublished\":\"2026-01-30T16:06:43+00:00\",\"dateModified\":\"2026-03-18T06:42:18+00:00\",\"breadcrumb\":{\"@id\":\"https:\\\/\\\/begamer.cz\\\/sk\\\/produkt\\\/animal-doctor-sk-2\\\/#breadcrumb\"},\"inLanguage\":\"sk-SK\",\"potentialAction\":[{\"@type\":\"ReadAction\",\"target\":[\"https:\\\/\\\/begamer.cz\\\/sk\\\/produkt\\\/animal-doctor-sk-2\\\/\"]}]},{\"@type\":\"ImageObject\",\"inLanguage\":\"sk-SK\",\"@id\":\"https:\\\/\\\/begamer.cz\\\/sk\\\/produkt\\\/animal-doctor-sk-2\\\/#primaryimage\",\"url\":\"https:\\\/\\\/begamer.cz\\\/wp-content\\\/uploads\\\/2026\\\/01\\\/animal-doctor-4.webp\",\"contentUrl\":\"https:\\\/\\\/begamer.cz\\\/wp-content\\\/uploads\\\/2026\\\/01\\\/animal-doctor-4.webp\",\"width\":300,\"height\":400},{\"@type\":\"BreadcrumbList\",\"@id\":\"https:\\\/\\\/begamer.cz\\\/sk\\\/produkt\\\/animal-doctor-sk-2\\\/#breadcrumb\",\"itemListElement\":[{\"@type\":\"ListItem\",\"position\":1,\"name\":\"Domov\",\"item\":\"https:\\\/\\\/begamer.cz\\\/sk\\\/\"},{\"@type\":\"ListItem\",\"position\":2,\"name\":\"Obchod\",\"item\":\"https:\\\/\\\/begamer.cz\\\/obchod\\\/\"},{\"@type\":\"ListItem\",\"position\":3,\"name\":\"Animal Doctor\"}]},{\"@type\":\"WebSite\",\"@id\":\"https:\\\/\\\/begamer.cz\\\/sk\\\/#website\",\"url\":\"https:\\\/\\\/begamer.cz\\\/sk\\\/\",\"name\":\"BeGamer.cz\",\"description\":\"\",\"publisher\":{\"@id\":\"https:\\\/\\\/begamer.cz\\\/sk\\\/#organization\"},\"potentialAction\":[{\"@type\":\"SearchAction\",\"target\":{\"@type\":\"EntryPoint\",\"urlTemplate\":\"https:\\\/\\\/begamer.cz\\\/sk\\\/?s={search_term_string}\"},\"query-input\":{\"@type\":\"PropertyValueSpecification\",\"valueRequired\":true,\"valueName\":\"search_term_string\"}}],\"inLanguage\":\"sk-SK\"},{\"@type\":\"Organization\",\"@id\":\"https:\\\/\\\/begamer.cz\\\/sk\\\/#organization\",\"name\":\"BeGamer.cz\",\"url\":\"https:\\\/\\\/begamer.cz\\\/sk\\\/\",\"logo\":{\"@type\":\"ImageObject\",\"inLanguage\":\"sk-SK\",\"@id\":\"https:\\\/\\\/begamer.cz\\\/sk\\\/#\\\/schema\\\/logo\\\/image\\\/\",\"url\":\"https:\\\/\\\/begamer.cz\\\/wp-content\\\/uploads\\\/2025\\\/07\\\/logo.svg\",\"contentUrl\":\"https:\\\/\\\/begamer.cz\\\/wp-content\\\/uploads\\\/2025\\\/07\\\/logo.svg\",\"caption\":\"BeGamer.cz\"},\"image\":{\"@id\":\"https:\\\/\\\/begamer.cz\\\/sk\\\/#\\\/schema\\\/logo\\\/image\\\/\"}}]}<\/script>\n<!-- \/ Yoast SEO plugin. -->","yoast_head_json":{"title":"Animal Doctor | BeGamer.cz","robots":{"index":"index","follow":"follow","max-snippet":"max-snippet:-1","max-image-preview":"max-image-preview:large","max-video-preview":"max-video-preview:-1"},"canonical":"https:\/\/begamer.cz\/sk\/produkt\/animal-doctor-sk-2\/","og_locale":"sk_SK","og_type":"article","og_title":"Animal Doctor | BeGamer.cz","og_description":"Spl\u0148te si svoje sny s Animal Doctor! Chceli by ste str\u00e1vi\u0165 svoj \u017eivot starostlivos\u0165ou o zvierat\u00e1? S Animal Doctor budete obklopen\u00ed zvierac\u00edmi priate\u013emi a dom\u00e1cimi mil\u00e1\u010dikmi.","og_url":"https:\/\/begamer.cz\/sk\/produkt\/animal-doctor-sk-2\/","og_site_name":"BeGamer.cz","article_modified_time":"2026-03-18T06:42:18+00:00","og_image":[{"width":300,"height":400,"url":"https:\/\/begamer.cz\/wp-content\/uploads\/2026\/01\/animal-doctor-4.webp","type":"image\/webp"}],"twitter_card":"summary_large_image","twitter_misc":{"Predpokladan\u00fd \u010das \u010d\u00edtania":"2 min\u00faty"},"schema":{"@context":"https:\/\/schema.org","@graph":[{"@type":"WebPage","@id":"https:\/\/begamer.cz\/sk\/produkt\/animal-doctor-sk-2\/","url":"https:\/\/begamer.cz\/sk\/produkt\/animal-doctor-sk-2\/","name":"Animal Doctor | BeGamer.cz","isPartOf":{"@id":"https:\/\/begamer.cz\/sk\/#website"},"primaryImageOfPage":{"@id":"https:\/\/begamer.cz\/sk\/produkt\/animal-doctor-sk-2\/#primaryimage"},"image":{"@id":"https:\/\/begamer.cz\/sk\/produkt\/animal-doctor-sk-2\/#primaryimage"},"thumbnailUrl":"https:\/\/begamer.cz\/wp-content\/uploads\/2026\/01\/animal-doctor-4.webp","datePublished":"2026-01-30T16:06:43+00:00","dateModified":"2026-03-18T06:42:18+00:00","breadcrumb":{"@id":"https:\/\/begamer.cz\/sk\/produkt\/animal-doctor-sk-2\/#breadcrumb"},"inLanguage":"sk-SK","potentialAction":[{"@type":"ReadAction","target":["https:\/\/begamer.cz\/sk\/produkt\/animal-doctor-sk-2\/"]}]},{"@type":"ImageObject","inLanguage":"sk-SK","@id":"https:\/\/begamer.cz\/sk\/produkt\/animal-doctor-sk-2\/#primaryimage","url":"https:\/\/begamer.cz\/wp-content\/uploads\/2026\/01\/animal-doctor-4.webp","contentUrl":"https:\/\/begamer.cz\/wp-content\/uploads\/2026\/01\/animal-doctor-4.webp","width":300,"height":400},{"@type":"BreadcrumbList","@id":"https:\/\/begamer.cz\/sk\/produkt\/animal-doctor-sk-2\/#breadcrumb","itemListElement":[{"@type":"ListItem","position":1,"name":"Domov","item":"https:\/\/begamer.cz\/sk\/"},{"@type":"ListItem","position":2,"name":"Obchod","item":"https:\/\/begamer.cz\/obchod\/"},{"@type":"ListItem","position":3,"name":"Animal Doctor"}]},{"@type":"WebSite","@id":"https:\/\/begamer.cz\/sk\/#website","url":"https:\/\/begamer.cz\/sk\/","name":"BeGamer.cz","description":"","publisher":{"@id":"https:\/\/begamer.cz\/sk\/#organization"},"potentialAction":[{"@type":"SearchAction","target":{"@type":"EntryPoint","urlTemplate":"https:\/\/begamer.cz\/sk\/?s={search_term_string}"},"query-input":{"@type":"PropertyValueSpecification","valueRequired":true,"valueName":"search_term_string"}}],"inLanguage":"sk-SK"},{"@type":"Organization","@id":"https:\/\/begamer.cz\/sk\/#organization","name":"BeGamer.cz","url":"https:\/\/begamer.cz\/sk\/","logo":{"@type":"ImageObject","inLanguage":"sk-SK","@id":"https:\/\/begamer.cz\/sk\/#\/schema\/logo\/image\/","url":"https:\/\/begamer.cz\/wp-content\/uploads\/2025\/07\/logo.svg","contentUrl":"https:\/\/begamer.cz\/wp-content\/uploads\/2025\/07\/logo.svg","caption":"BeGamer.cz"},"image":{"@id":"https:\/\/begamer.cz\/sk\/#\/schema\/logo\/image\/"}}]}},"acf":[],"_links":{"self":[{"href":"https:\/\/begamer.cz\/sk\/wp-json\/wp\/v2\/product\/97889","targetHints":{"allow":["GET"]}}],"collection":[{"href":"https:\/\/begamer.cz\/sk\/wp-json\/wp\/v2\/product"}],"about":[{"href":"https:\/\/begamer.cz\/sk\/wp-json\/wp\/v2\/types\/product"}],"replies":[{"embeddable":true,"href":"https:\/\/begamer.cz\/sk\/wp-json\/wp\/v2\/comments?post=97889"}],"wp:featuredmedia":[{"embeddable":true,"href":"https:\/\/begamer.cz\/sk\/wp-json\/wp\/v2\/media\/24925"}],"wp:attachment":[{"href":"https:\/\/begamer.cz\/sk\/wp-json\/wp\/v2\/media?parent=97889"}],"wp:term":[{"taxonomy":"product_brand","embeddable":true,"href":"https:\/\/begamer.cz\/sk\/wp-json\/wp\/v2\/product_brand?post=97889"},{"taxonomy":"product_cat","embeddable":true,"href":"https:\/\/begamer.cz\/sk\/wp-json\/wp\/v2\/product_cat?post=97889"},{"taxonomy":"product_tag","embeddable":true,"href":"https:\/\/begamer.cz\/sk\/wp-json\/wp\/v2\/product_tag?post=97889"}],"curies":[{"name":"wp","href":"https:\/\/api.w.org\/{rel}","templated":true}]}}