{"id":97877,"date":"2026-01-30T17:06:21","date_gmt":"2026-01-30T16:06:21","guid":{"rendered":"https:\/\/begamer.cz\/produkt\/flatout-2-sk\/"},"modified":"2026-03-18T07:42:00","modified_gmt":"2026-03-18T06:42:00","slug":"flatout-2-sk","status":"publish","type":"product","link":"https:\/\/begamer.cz\/sk\/produkt\/flatout-2-sk\/","title":{"rendered":"FlatOut 2"},"content":{"rendered":"<p>Za\u017eite jazdu svojho \u017eivota, ke\u010f sa vrh\u00e1te na tra\u0165 a mimo nej, pri\u010dom rozb\u00edjate ploty, exploduj\u00fa pneumatiky, vodn\u00e9 n\u00e1dr\u017ee a barely lietaj\u00fa cez tra\u0165 do in\u00fdch \u00e1ut. A ak sa niekto, vr\u00e1tane v\u00e1s, dostane do ve\u013ekej hav\u00e1rie, sadnite si a sledujte, ako vodi\u010d vylet\u00ed cez \u010deln\u00e9 sklo s efektn\u00fdm efektom. S viac ako 5 000 zni\u010diteln\u00fdmi objektmi na ka\u017edej trati a 40 deformovate\u013en\u00fdmi \u010das\u0165ami na ka\u017edom aute s\u00fa iskry zaru\u010den\u00e9 a zvy\u0161uj\u00fa chaos s ka\u017ed\u00fdm kolom!<\/p>\n<p>FlatOut 2 pon\u00faka vylep\u0161en\u00fa verziu p\u00f4vodn\u00e9ho chv\u00e1len\u00e9ho fyzik\u00e1lneho enginu a e\u0161te r\u00fdchlej\u0161ie dizajny trat\u00ed, ale aj mno\u017estvo vylep\u0161en\u00ed, zdokonalen\u00fdch funkci\u00ed a doplnkov, ktor\u00e9 z neho robia definit\u00edvny z\u00e1\u017eitok FlatOut. Dvakr\u00e1t viac vozidiel, sofistikovanej\u0161\u00ed kari\u00e9rny re\u017eim, \u010fal\u0161ie pretek\u00e1rske prostredia, dvojn\u00e1sobn\u00fd po\u010det trat\u00ed, dvakr\u00e1t viac minihier a mnoho re\u017eimov pre viacer\u00fdch hr\u00e1\u010dov (len cez LAN) s\u00fa len niektor\u00e9 z vy\u010derp\u00e1vaj\u00facich funkci\u00ed, ktor\u00e9 s\u00fa zahrnut\u00e9 v FlatOut 2.<\/p>\n<ul class=\"bb_ul\">\n<li> 45 vozidiel na rozbitie, 12 rag-doll minihier, 57 kombin\u00e1ci\u00ed trat\u00ed a tis\u00edce a tis\u00edce zni\u010diteln\u00fdch objektov.<\/li>\n<li> U\u017eite si chaos a po\u010d\u00favajte skvel\u00fd soundtrack od umelcov ako Rob Zombie, Papa Roach, Fall Out Boy, Nickelback, Wolfmother a \u010fal\u0161\u00edch!<\/li>\n<li> Z\u00e1vodte naplno a zr\u00e1\u017eajte sa s a\u017e 7 priate\u013emi online vo vylep\u0161enom aute svojich snov.<\/li>\n<\/ul>\n","protected":false},"excerpt":{"rendered":"<p>Za\u017eite jazdu svojho \u017eivota, ke\u010f sa vrh\u00e1te na tra\u0165 a mimo nej, pri\u010dom rozb\u00edjate ploty, exploduj\u00fa pneumatikov\u00e9 steny, vodn\u00e9 n\u00e1dr\u017ee a barely lietaj\u00fa cez tra\u0165 do in\u00fdch \u00e1ut.<\/p>\n","protected":false},"featured_media":24832,"comment_status":"open","ping_status":"closed","template":"","meta":{"_acf_changed":false},"product_brand":[],"product_cat":[274,268,266,316,312,324],"product_tag":[],"class_list":{"0":"post-97877","1":"product","2":"type-product","3":"status-publish","4":"has-post-thumbnail","6":"product_cat-arkady-pc-hry-sk","7":"product_cat-pc-sk","8":"product_cat-pc-hry-sk","9":"product_cat-sportove-pc","10":"product_cat-steam-pc-sk","11":"product_cat-zavodne-pc-hry","12":"pa_audio-de-de","13":"pa_audio-en-us","14":"pa_audio-es-es","15":"pa_audio-fr-fr","16":"pa_audio-it-it","18":"pa_countries-ad","19":"pa_countries-ae","20":"pa_countries-af","21":"pa_countries-ag","22":"pa_countries-ai","23":"pa_countries-al","24":"pa_countries-am","25":"pa_countries-ao","26":"pa_countries-aq","27":"pa_countries-ar","28":"pa_countries-as","29":"pa_countries-at","30":"pa_countries-au","31":"pa_countries-aw","32":"pa_countries-ax","33":"pa_countries-az","34":"pa_countries-ba","35":"pa_countries-bb","36":"pa_countries-bd","37":"pa_countries-be","38":"pa_countries-bf","39":"pa_countries-bg","40":"pa_countries-bh","41":"pa_countries-bi","42":"pa_countries-bj","43":"pa_countries-bl","44":"pa_countries-bm","45":"pa_countries-bn","46":"pa_countries-bo","47":"pa_countries-bq","48":"pa_countries-br","49":"pa_countries-bs","50":"pa_countries-bt","51":"pa_countries-bv","52":"pa_countries-bw","53":"pa_countries-bz","54":"pa_countries-ca","55":"pa_countries-cc","56":"pa_countries-cd","57":"pa_countries-cf","58":"pa_countries-cg","59":"pa_countries-ch","60":"pa_countries-ci","61":"pa_countries-ck","62":"pa_countries-cl","63":"pa_countries-cm","64":"pa_countries-cn","65":"pa_countries-co","66":"pa_countries-cr","67":"pa_countries-cu","68":"pa_countries-cv","69":"pa_countries-cw","70":"pa_countries-cx","71":"pa_countries-cy","72":"pa_countries-cz","73":"pa_countries-de","74":"pa_countries-dj","75":"pa_countries-dk","76":"pa_countries-dm","77":"pa_countries-do","78":"pa_countries-dz","79":"pa_countries-ec","80":"pa_countries-ee","81":"pa_countries-eg","82":"pa_countries-eh","83":"pa_countries-er","84":"pa_countries-es","85":"pa_countries-et","86":"pa_countries-fi","87":"pa_countries-fj","88":"pa_countries-fk","89":"pa_countries-fm","90":"pa_countries-fo","91":"pa_countries-fr","92":"pa_countries-ga","93":"pa_countries-gb","94":"pa_countries-gd","95":"pa_countries-ge","96":"pa_countries-gf","97":"pa_countries-gg","98":"pa_countries-gh","99":"pa_countries-gi","100":"pa_countries-gl","101":"pa_countries-gm","102":"pa_countries-gn","103":"pa_countries-gp","104":"pa_countries-gq","105":"pa_countries-gr","106":"pa_countries-gs","107":"pa_countries-gt","108":"pa_countries-gu","109":"pa_countries-gw","110":"pa_countries-gy","111":"pa_countries-hk","112":"pa_countries-hm","113":"pa_countries-hn","114":"pa_countries-hr","115":"pa_countries-ht","116":"pa_countries-hu","117":"pa_countries-id","118":"pa_countries-ie","119":"pa_countries-il","120":"pa_countries-im","121":"pa_countries-in","122":"pa_countries-io","123":"pa_countries-iq","124":"pa_countries-ir","125":"pa_countries-is","126":"pa_countries-it","127":"pa_countries-je","128":"pa_countries-jm","129":"pa_countries-jo","130":"pa_countries-jp","131":"pa_countries-ke","132":"pa_countries-kg","133":"pa_countries-kh","134":"pa_countries-ki","135":"pa_countries-km","136":"pa_countries-kn","137":"pa_countries-kp","138":"pa_countries-kr","139":"pa_countries-kw","140":"pa_countries-ky","141":"pa_countries-kz","142":"pa_countries-la","143":"pa_countries-lb","144":"pa_countries-lc","145":"pa_countries-li","146":"pa_countries-lk","147":"pa_countries-lr","148":"pa_countries-ls","149":"pa_countries-lt","150":"pa_countries-lu","151":"pa_countries-lv","152":"pa_countries-ly","153":"pa_countries-ma","154":"pa_countries-mc","155":"pa_countries-md","156":"pa_countries-me","157":"pa_countries-mf","158":"pa_countries-mg","159":"pa_countries-mh","160":"pa_countries-mk","161":"pa_countries-ml","162":"pa_countries-mm","163":"pa_countries-mn","164":"pa_countries-mo","165":"pa_countries-mp","166":"pa_countries-mq","167":"pa_countries-mr","168":"pa_countries-ms","169":"pa_countries-mt","170":"pa_countries-mu","171":"pa_countries-mv","172":"pa_countries-mw","173":"pa_countries-mx","174":"pa_countries-my","175":"pa_countries-mz","176":"pa_countries-na","177":"pa_countries-nc","178":"pa_countries-ne","179":"pa_countries-nf","180":"pa_countries-ng","181":"pa_countries-ni","182":"pa_countries-nl","183":"pa_countries-no","184":"pa_countries-np","185":"pa_countries-nr","186":"pa_countries-nu","187":"pa_countries-nz","188":"pa_countries-om","189":"pa_countries-pa","190":"pa_countries-pe","191":"pa_countries-pf","192":"pa_countries-pg","193":"pa_countries-ph","194":"pa_countries-pk","195":"pa_countries-pl","196":"pa_countries-pm","197":"pa_countries-pn","198":"pa_countries-pr","199":"pa_countries-ps","200":"pa_countries-pt","201":"pa_countries-pw","202":"pa_countries-py","203":"pa_countries-qa","204":"pa_countries-re","205":"pa_countries-ro","206":"pa_countries-rs","207":"pa_countries-rw","208":"pa_countries-sa","209":"pa_countries-sb","210":"pa_countries-sc","211":"pa_countries-sd","212":"pa_countries-se","213":"pa_countries-sg","214":"pa_countries-sh","215":"pa_countries-si","216":"pa_countries-sj","217":"pa_countries-sk","218":"pa_countries-sl","219":"pa_countries-sm","220":"pa_countries-sn","221":"pa_countries-so","222":"pa_countries-sr","223":"pa_countries-ss","225":"pa_countries-st","226":"pa_countries-sv","227":"pa_countries-sx","228":"pa_countries-sy","229":"pa_countries-sz","230":"pa_countries-tc","231":"pa_countries-td","232":"pa_countries-tf","233":"pa_countries-tg","234":"pa_countries-th","235":"pa_countries-tj","236":"pa_countries-tk","237":"pa_countries-tl","238":"pa_countries-tm","239":"pa_countries-tn","240":"pa_countries-to","241":"pa_countries-tr","242":"pa_countries-tt","243":"pa_countries-tv","244":"pa_countries-tw","245":"pa_countries-tz","246":"pa_countries-ua","247":"pa_countries-ug","248":"pa_countries-um","249":"pa_countries-us","250":"pa_countries-uy","251":"pa_countries-uz","252":"pa_countries-va","253":"pa_countries-vc","254":"pa_countries-ve","255":"pa_countries-vg","256":"pa_countries-vi","257":"pa_countries-vn","258":"pa_countries-vu","259":"pa_countries-wf","260":"pa_countries-ws","261":"pa_countries-xk","262":"pa_countries-ye","263":"pa_countries-yt","264":"pa_countries-za","265":"pa_countries-zm","266":"pa_countries-zw","267":"pa_developer-bugbear-entertainment","269":"pa_game_type-main_game","271":"pa_genres-arcade","273":"pa_genres-racing","274":"pa_genres-sport","275":"pa_interface-de-de","276":"pa_interface-en-us","277":"pa_interface-es-es","278":"pa_interface-fr-fr","279":"pa_interface-hu-hu","280":"pa_interface-it-it","281":"pa_interface-nl-nl","283":"pa_interface-pl-pl","284":"pa_interface-ru-ru","285":"pa_interface-zh-tw","286":"pa_keywords-arcade-driving-physics","287":"pa_keywords-burnout","288":"pa_keywords-cars","290":"pa_keywords-demolition-derby","291":"pa_keywords-digital-distribution","292":"pa_keywords-driving","293":"pa_keywords-licensed-soundtrack","294":"pa_keywords-minigames","295":"pa_keywords-online","296":"pa_keywords-onlive","297":"pa_keywords-physics-manipulation","298":"pa_keywords-polygonal-3d","299":"pa_keywords-ragdoll-physics","300":"pa_keywords-steam","301":"pa_keywords-vehicle-combat","302":"pa_keywords-vehicular-combat","303":"pa_keywords-xbox-live","304":"pa_modes-multiplayer","305":"pa_modes-single-player","306":"pa_modes-split-screen","308":"pa_pegi-13428","309":"pa_pegi-927","310":"pa_platform-pc-steam","312":"pa_player_perspectives-first-person","314":"pa_player_perspectives-third-person","315":"pa_publisher-empire-interactive","316":"pa_publisher-konami","317":"pa_publisher-strategy-first","318":"pa_publisher-vivendi-games","320":"pa_rating-1753","321":"pa_rating-14548","322":"pa_region-global","324":"pa_subtitles-cs-cz","325":"pa_subtitles-hu-hu","326":"pa_subtitles-pl-pl","327":"pa_subtitles-ru-ru","329":"pa_themes-action","332":"first","333":"instock","334":"virtual","335":"taxable","336":"purchasable","337":"product-type-simple"},"yoast_head":"<!-- This site is optimized with the Yoast SEO plugin v27.3 - https:\/\/yoast.com\/product\/yoast-seo-wordpress\/ -->\n<title>FlatOut 2 | BeGamer.cz<\/title>\n<meta name=\"robots\" content=\"index, follow, max-snippet:-1, max-image-preview:large, max-video-preview:-1\" \/>\n<link rel=\"canonical\" href=\"https:\/\/begamer.cz\/sk\/produkt\/flatout-2-sk\/\" \/>\n<meta property=\"og:locale\" content=\"sk_SK\" \/>\n<meta property=\"og:type\" content=\"article\" \/>\n<meta property=\"og:title\" content=\"FlatOut 2 | BeGamer.cz\" \/>\n<meta property=\"og:description\" content=\"Za\u017eite jazdu svojho \u017eivota, ke\u010f sa vrh\u00e1te na tra\u0165 a mimo nej, pri\u010dom rozb\u00edjate ploty, exploduj\u00fa pneumatikov\u00e9 steny, vodn\u00e9 n\u00e1dr\u017ee a barely lietaj\u00fa cez tra\u0165 do in\u00fdch \u00e1ut.\" \/>\n<meta property=\"og:url\" content=\"https:\/\/begamer.cz\/sk\/produkt\/flatout-2-sk\/\" \/>\n<meta property=\"og:site_name\" content=\"BeGamer.cz\" \/>\n<meta property=\"article:modified_time\" content=\"2026-03-18T06:42:00+00:00\" \/>\n<meta property=\"og:image\" content=\"https:\/\/begamer.cz\/wp-content\/uploads\/2026\/01\/flatout-2-5.webp\" \/>\n\t<meta property=\"og:image:width\" content=\"300\" \/>\n\t<meta property=\"og:image:height\" content=\"400\" \/>\n\t<meta property=\"og:image:type\" content=\"image\/webp\" \/>\n<meta name=\"twitter:card\" content=\"summary_large_image\" \/>\n<meta name=\"twitter:label1\" content=\"Predpokladan\u00fd \u010das \u010d\u00edtania\" \/>\n\t<meta name=\"twitter:data1\" content=\"1 min\u00fata\" \/>\n<script type=\"application\/ld+json\" class=\"yoast-schema-graph\">{\"@context\":\"https:\\\/\\\/schema.org\",\"@graph\":[{\"@type\":\"WebPage\",\"@id\":\"https:\\\/\\\/begamer.cz\\\/sk\\\/produkt\\\/flatout-2-sk\\\/\",\"url\":\"https:\\\/\\\/begamer.cz\\\/sk\\\/produkt\\\/flatout-2-sk\\\/\",\"name\":\"FlatOut 2 | BeGamer.cz\",\"isPartOf\":{\"@id\":\"https:\\\/\\\/begamer.cz\\\/sk\\\/#website\"},\"primaryImageOfPage\":{\"@id\":\"https:\\\/\\\/begamer.cz\\\/sk\\\/produkt\\\/flatout-2-sk\\\/#primaryimage\"},\"image\":{\"@id\":\"https:\\\/\\\/begamer.cz\\\/sk\\\/produkt\\\/flatout-2-sk\\\/#primaryimage\"},\"thumbnailUrl\":\"https:\\\/\\\/begamer.cz\\\/wp-content\\\/uploads\\\/2026\\\/01\\\/flatout-2-5.webp\",\"datePublished\":\"2026-01-30T16:06:21+00:00\",\"dateModified\":\"2026-03-18T06:42:00+00:00\",\"breadcrumb\":{\"@id\":\"https:\\\/\\\/begamer.cz\\\/sk\\\/produkt\\\/flatout-2-sk\\\/#breadcrumb\"},\"inLanguage\":\"sk-SK\",\"potentialAction\":[{\"@type\":\"ReadAction\",\"target\":[\"https:\\\/\\\/begamer.cz\\\/sk\\\/produkt\\\/flatout-2-sk\\\/\"]}]},{\"@type\":\"ImageObject\",\"inLanguage\":\"sk-SK\",\"@id\":\"https:\\\/\\\/begamer.cz\\\/sk\\\/produkt\\\/flatout-2-sk\\\/#primaryimage\",\"url\":\"https:\\\/\\\/begamer.cz\\\/wp-content\\\/uploads\\\/2026\\\/01\\\/flatout-2-5.webp\",\"contentUrl\":\"https:\\\/\\\/begamer.cz\\\/wp-content\\\/uploads\\\/2026\\\/01\\\/flatout-2-5.webp\",\"width\":300,\"height\":400},{\"@type\":\"BreadcrumbList\",\"@id\":\"https:\\\/\\\/begamer.cz\\\/sk\\\/produkt\\\/flatout-2-sk\\\/#breadcrumb\",\"itemListElement\":[{\"@type\":\"ListItem\",\"position\":1,\"name\":\"Domov\",\"item\":\"https:\\\/\\\/begamer.cz\\\/sk\\\/\"},{\"@type\":\"ListItem\",\"position\":2,\"name\":\"Obchod\",\"item\":\"https:\\\/\\\/begamer.cz\\\/obchod\\\/\"},{\"@type\":\"ListItem\",\"position\":3,\"name\":\"FlatOut 2\"}]},{\"@type\":\"WebSite\",\"@id\":\"https:\\\/\\\/begamer.cz\\\/sk\\\/#website\",\"url\":\"https:\\\/\\\/begamer.cz\\\/sk\\\/\",\"name\":\"BeGamer.cz\",\"description\":\"\",\"publisher\":{\"@id\":\"https:\\\/\\\/begamer.cz\\\/sk\\\/#organization\"},\"potentialAction\":[{\"@type\":\"SearchAction\",\"target\":{\"@type\":\"EntryPoint\",\"urlTemplate\":\"https:\\\/\\\/begamer.cz\\\/sk\\\/?s={search_term_string}\"},\"query-input\":{\"@type\":\"PropertyValueSpecification\",\"valueRequired\":true,\"valueName\":\"search_term_string\"}}],\"inLanguage\":\"sk-SK\"},{\"@type\":\"Organization\",\"@id\":\"https:\\\/\\\/begamer.cz\\\/sk\\\/#organization\",\"name\":\"BeGamer.cz\",\"url\":\"https:\\\/\\\/begamer.cz\\\/sk\\\/\",\"logo\":{\"@type\":\"ImageObject\",\"inLanguage\":\"sk-SK\",\"@id\":\"https:\\\/\\\/begamer.cz\\\/sk\\\/#\\\/schema\\\/logo\\\/image\\\/\",\"url\":\"https:\\\/\\\/begamer.cz\\\/wp-content\\\/uploads\\\/2025\\\/07\\\/logo.svg\",\"contentUrl\":\"https:\\\/\\\/begamer.cz\\\/wp-content\\\/uploads\\\/2025\\\/07\\\/logo.svg\",\"caption\":\"BeGamer.cz\"},\"image\":{\"@id\":\"https:\\\/\\\/begamer.cz\\\/sk\\\/#\\\/schema\\\/logo\\\/image\\\/\"}}]}<\/script>\n<!-- \/ Yoast SEO plugin. -->","yoast_head_json":{"title":"FlatOut 2 | BeGamer.cz","robots":{"index":"index","follow":"follow","max-snippet":"max-snippet:-1","max-image-preview":"max-image-preview:large","max-video-preview":"max-video-preview:-1"},"canonical":"https:\/\/begamer.cz\/sk\/produkt\/flatout-2-sk\/","og_locale":"sk_SK","og_type":"article","og_title":"FlatOut 2 | BeGamer.cz","og_description":"Za\u017eite jazdu svojho \u017eivota, ke\u010f sa vrh\u00e1te na tra\u0165 a mimo nej, pri\u010dom rozb\u00edjate ploty, exploduj\u00fa pneumatikov\u00e9 steny, vodn\u00e9 n\u00e1dr\u017ee a barely lietaj\u00fa cez tra\u0165 do in\u00fdch \u00e1ut.","og_url":"https:\/\/begamer.cz\/sk\/produkt\/flatout-2-sk\/","og_site_name":"BeGamer.cz","article_modified_time":"2026-03-18T06:42:00+00:00","og_image":[{"width":300,"height":400,"url":"https:\/\/begamer.cz\/wp-content\/uploads\/2026\/01\/flatout-2-5.webp","type":"image\/webp"}],"twitter_card":"summary_large_image","twitter_misc":{"Predpokladan\u00fd \u010das \u010d\u00edtania":"1 min\u00fata"},"schema":{"@context":"https:\/\/schema.org","@graph":[{"@type":"WebPage","@id":"https:\/\/begamer.cz\/sk\/produkt\/flatout-2-sk\/","url":"https:\/\/begamer.cz\/sk\/produkt\/flatout-2-sk\/","name":"FlatOut 2 | BeGamer.cz","isPartOf":{"@id":"https:\/\/begamer.cz\/sk\/#website"},"primaryImageOfPage":{"@id":"https:\/\/begamer.cz\/sk\/produkt\/flatout-2-sk\/#primaryimage"},"image":{"@id":"https:\/\/begamer.cz\/sk\/produkt\/flatout-2-sk\/#primaryimage"},"thumbnailUrl":"https:\/\/begamer.cz\/wp-content\/uploads\/2026\/01\/flatout-2-5.webp","datePublished":"2026-01-30T16:06:21+00:00","dateModified":"2026-03-18T06:42:00+00:00","breadcrumb":{"@id":"https:\/\/begamer.cz\/sk\/produkt\/flatout-2-sk\/#breadcrumb"},"inLanguage":"sk-SK","potentialAction":[{"@type":"ReadAction","target":["https:\/\/begamer.cz\/sk\/produkt\/flatout-2-sk\/"]}]},{"@type":"ImageObject","inLanguage":"sk-SK","@id":"https:\/\/begamer.cz\/sk\/produkt\/flatout-2-sk\/#primaryimage","url":"https:\/\/begamer.cz\/wp-content\/uploads\/2026\/01\/flatout-2-5.webp","contentUrl":"https:\/\/begamer.cz\/wp-content\/uploads\/2026\/01\/flatout-2-5.webp","width":300,"height":400},{"@type":"BreadcrumbList","@id":"https:\/\/begamer.cz\/sk\/produkt\/flatout-2-sk\/#breadcrumb","itemListElement":[{"@type":"ListItem","position":1,"name":"Domov","item":"https:\/\/begamer.cz\/sk\/"},{"@type":"ListItem","position":2,"name":"Obchod","item":"https:\/\/begamer.cz\/obchod\/"},{"@type":"ListItem","position":3,"name":"FlatOut 2"}]},{"@type":"WebSite","@id":"https:\/\/begamer.cz\/sk\/#website","url":"https:\/\/begamer.cz\/sk\/","name":"BeGamer.cz","description":"","publisher":{"@id":"https:\/\/begamer.cz\/sk\/#organization"},"potentialAction":[{"@type":"SearchAction","target":{"@type":"EntryPoint","urlTemplate":"https:\/\/begamer.cz\/sk\/?s={search_term_string}"},"query-input":{"@type":"PropertyValueSpecification","valueRequired":true,"valueName":"search_term_string"}}],"inLanguage":"sk-SK"},{"@type":"Organization","@id":"https:\/\/begamer.cz\/sk\/#organization","name":"BeGamer.cz","url":"https:\/\/begamer.cz\/sk\/","logo":{"@type":"ImageObject","inLanguage":"sk-SK","@id":"https:\/\/begamer.cz\/sk\/#\/schema\/logo\/image\/","url":"https:\/\/begamer.cz\/wp-content\/uploads\/2025\/07\/logo.svg","contentUrl":"https:\/\/begamer.cz\/wp-content\/uploads\/2025\/07\/logo.svg","caption":"BeGamer.cz"},"image":{"@id":"https:\/\/begamer.cz\/sk\/#\/schema\/logo\/image\/"}}]}},"acf":[],"_links":{"self":[{"href":"https:\/\/begamer.cz\/sk\/wp-json\/wp\/v2\/product\/97877","targetHints":{"allow":["GET"]}}],"collection":[{"href":"https:\/\/begamer.cz\/sk\/wp-json\/wp\/v2\/product"}],"about":[{"href":"https:\/\/begamer.cz\/sk\/wp-json\/wp\/v2\/types\/product"}],"replies":[{"embeddable":true,"href":"https:\/\/begamer.cz\/sk\/wp-json\/wp\/v2\/comments?post=97877"}],"wp:featuredmedia":[{"embeddable":true,"href":"https:\/\/begamer.cz\/sk\/wp-json\/wp\/v2\/media\/24832"}],"wp:attachment":[{"href":"https:\/\/begamer.cz\/sk\/wp-json\/wp\/v2\/media?parent=97877"}],"wp:term":[{"taxonomy":"product_brand","embeddable":true,"href":"https:\/\/begamer.cz\/sk\/wp-json\/wp\/v2\/product_brand?post=97877"},{"taxonomy":"product_cat","embeddable":true,"href":"https:\/\/begamer.cz\/sk\/wp-json\/wp\/v2\/product_cat?post=97877"},{"taxonomy":"product_tag","embeddable":true,"href":"https:\/\/begamer.cz\/sk\/wp-json\/wp\/v2\/product_tag?post=97877"}],"curies":[{"name":"wp","href":"https:\/\/api.w.org\/{rel}","templated":true}]}}