{"id":97865,"date":"2026-01-30T17:06:05","date_gmt":"2026-01-30T16:06:05","guid":{"rendered":"https:\/\/begamer.cz\/produkt\/thea-the-awakening-sk\/"},"modified":"2026-03-18T07:41:14","modified_gmt":"2026-03-18T06:41:14","slug":"thea-the-awakening-sk","status":"publish","type":"product","link":"https:\/\/begamer.cz\/sk\/produkt\/thea-the-awakening-sk\/","title":{"rendered":"Thea: The Awakening"},"content":{"rendered":"<p><strong>Thea: The Awakening je \u0165ahov\u00e1 strategick\u00e1 hra o pre\u017eit\u00ed, ktor\u00e1 je presiaknut\u00e1 slovansk\u00fdmi m\u00fdtmi a mon\u0161trami a odohr\u00e1va sa po tom, \u010do svet pohltila apokalyptick\u00e1 sila zn\u00e1ma len ako Tma.<\/strong> Je tu mno\u017estvo strig a babi Yag, ale nie s\u00fa tu \u017eiadni hrdinovia, \u017eiadni zabijaci mon\u0161tier a \u017eiadne ve\u013ek\u00e9 arm\u00e1dy, ktor\u00e9 by ich mohli vyhna\u0165. M\u00e1te len nieko\u013eko bezn\u00e1dejn\u00fdch a hladuj\u00facich pre\u017eiv\u0161\u00edch, ktor\u00ed sa z\u00fafalo sna\u017eia zosta\u0165 na\u017eive. Ste ich poslednou a jedinou skuto\u010dnou n\u00e1dejou!<\/p>\n<p><strong>Hra kombinuje \u0165ahov\u00fa strategick\u00fa hrate\u013enos\u0165 s nap\u00e4t\u00edm a drsnos\u0165ou rogue-like hier, p\u00fatav\u00fdm pr\u00edbehom, ktor\u00fd m\u00f4\u017eete odhali\u0165 prostredn\u00edctvom s\u00e9rie udalost\u00ed v hre, a jedine\u010dn\u00fdm bojov\u00fdm syst\u00e9mom zalo\u017een\u00fdm na komplexnej kartovej bojovej hre.<\/strong><\/p>\n<p>\u0160irok\u00e1 \u0161k\u00e1la hern\u00fdch funkci\u00ed v\u00e1m umo\u017e\u0148uje prech\u00e1dza\u0165 svetom Thea tak, ako v\u00e1m to vyhovuje. M\u00f4\u017eete sa rozhodn\u00fa\u0165 zosta\u0165 vo svojej dedine a budova\u0165 obranu, alebo m\u00f4\u017eete vyrazi\u0165 von a presk\u00fama\u0165 svet. Konflikty je mo\u017en\u00e9 rie\u0161i\u0165 prostredn\u00edctvom vra\u017edenia, tajn\u00fdch oper\u00e1ci\u00ed, diplomacie, lovu a r\u00f4znych in\u00fdch sp\u00f4sobov v z\u00e1vislosti od schopnost\u00ed, ktor\u00e9 va\u0161i \u013eudia maj\u00fa. Boj nie je va\u0161\u00edm jedin\u00fdm rie\u0161en\u00edm konfliktu!<\/p>\n<p><strong>Vyberte si svoj hern\u00fd \u0161t\u00fdl a zachr\u00e1\u0148te svojich \u013eud\u00ed pred temnotou!<\/strong><\/p>\n<p><strong>K\u013e\u00fa\u010dov\u00e9 vlastnosti:<\/strong><\/p>\n<ul class=\"bb_ul\">\n<li>Hra o pre\u017eit\u00ed v temnom fantasy prostred\u00ed s hexagon\u00e1lnou \u0165ahovou strategickou hrate\u013enos\u0165ou!<\/li>\n<\/ul>\n<ul class=\"bb_ul\">\n<li>Obrovsk\u00fd procedur\u00e1lny svet na presk\u00famanie \u2013 ka\u017ed\u00e9 prejdenie hrou je nov\u00e9 dobrodru\u017estvo!<\/li>\n<\/ul>\n<ul class=\"bb_ul\">\n<li>Spr\u00e1va dediny s r\u00f4znymi stavbami, ktor\u00e9 m\u00f4\u017eete postavi\u0165, vylep\u0161eniami a technol\u00f3giami, ktor\u00e9 m\u00f4\u017eete objavi\u0165, a predmetmi, ktor\u00e9 m\u00f4\u017eete vyrobi\u0165!<\/li>\n<\/ul>\n<ul class=\"bb_ul\">\n<li>Viac ako 4400 predmetov, ktor\u00e9 m\u00f4\u017eete vyrobi\u0165 vo svojej dedine alebo nazbiera\u0165 vo svete hry!<\/li>\n<\/ul>\n<ul class=\"bb_ul\">\n<li>Exped\u00edcie, v ktor\u00fdch ka\u017ed\u00fd \u010dlen nesie svoju v\u00fdbavu a z\u00edskava sk\u00fasenosti v boji, \u010d\u00edm zlep\u0161uje svoje schopnosti, ako je zbieranie zdrojov, diplomacia, lie\u010denie, \u010dierna m\u00e1gia a desiatky \u010fal\u0161\u00edch!<\/li>\n<\/ul>\n<ul class=\"bb_ul\">\n<li>Viac ako 200 neline\u00e1rnych udalost\u00ed v pr\u00edbehu, ktor\u00e9 v\u00e1m m\u00f4\u017eu prinies\u0165 bohatstvo alebo v\u00e1s pripravi\u0165 o v\u0161etok majetok vr\u00e1tane \u017eivota!<\/li>\n<\/ul>\n<ul class=\"bb_ul\">\n<li>Vzru\u0161uj\u00faci syst\u00e9m kartov\u00fdch bojov, ktor\u00fd m\u00f4\u017ee by\u0165 vyrie\u0161en\u00fd bojom, diplomaciou, kliatbami a \u010fal\u0161\u00edmi sp\u00f4sobmi!<\/li>\n<\/ul>\n<ul class=\"bb_ul\">\n<li>Viac ako 100 druhov smrtiacich tvorov, z ktor\u00fdch mnoh\u00e9 s\u00fa in\u0161pirovan\u00e9 slovanskou mytol\u00f3giou!<\/li>\n<\/ul>\n<ul class=\"bb_ul\">\n<li>Procedur\u00e1lne in\u0161tancie tvorov \u2013 ka\u017ed\u00fd tvor, aj v roji pav\u00fakov, m\u00e1 svoje vlastn\u00e9 schopnosti a \u0161tatistiky!<\/li>\n<\/ul>\n<ul class=\"bb_ul\">\n<li>Cyklus d\u0148a a noci ovplyv\u0148uje hrate\u013enos\u0165 \u2013 dedin\u010dania m\u00f4\u017eu po\u010das d\u0148a lep\u0161ie rozpozna\u0165 hrozby z dia\u013eky a stvorenia s\u00fa v noci agres\u00edvnej\u0161ie!<\/li>\n<\/ul>\n<ul class=\"bb_ul\">\n<li>Viac koncov hry v z\u00e1vislosti od va\u0161ich rozhodnut\u00ed s odmenami a odomknut\u00fdmi prvkami, ktor\u00e9 sa prenes\u00fa do v\u00e1\u0161ho \u010fal\u0161ieho hrania!<\/li>\n<\/ul>\n","protected":false},"excerpt":{"rendered":"<p>Thea: The Awakening je \u0165ahov\u00e1 strategick\u00e1 hra o pre\u017eit\u00ed in\u0161pirovan\u00e1 slovanskou mytol\u00f3giou, ktor\u00e1 sa odohr\u00e1va v procedur\u00e1lnom temnom fantasy svete s neline\u00e1rnym pr\u00edbehom a unik\u00e1tnym bojov\u00fdm syst\u00e9mom.<\/p>\n","protected":false},"featured_media":24763,"comment_status":"open","ping_status":"closed","template":"","meta":{"_acf_changed":false},"product_brand":[],"product_cat":[290,268,266,308,312,318],"product_tag":[],"class_list":{"0":"post-97865","1":"product","2":"type-product","3":"status-publish","4":"has-post-thumbnail","6":"product_cat-indie-hry-pc-sk","7":"product_cat-pc-sk","8":"product_cat-pc-hry-sk","9":"product_cat-rpg-pc-hry-sk","10":"product_cat-steam-pc-sk","11":"product_cat-strategie-pc-hry-sk","12":"pa_audio-en-us","14":"pa_countries-ad","15":"pa_countries-ae","16":"pa_countries-af","17":"pa_countries-ag","18":"pa_countries-ai","19":"pa_countries-al","20":"pa_countries-am","21":"pa_countries-ao","22":"pa_countries-aq","23":"pa_countries-ar","24":"pa_countries-as","25":"pa_countries-at","26":"pa_countries-au","27":"pa_countries-aw","28":"pa_countries-ax","29":"pa_countries-az","30":"pa_countries-ba","31":"pa_countries-bb","32":"pa_countries-bd","33":"pa_countries-be","34":"pa_countries-bf","35":"pa_countries-bg","36":"pa_countries-bh","37":"pa_countries-bi","38":"pa_countries-bj","39":"pa_countries-bl","40":"pa_countries-bm","41":"pa_countries-bn","42":"pa_countries-bo","43":"pa_countries-bq","44":"pa_countries-br","45":"pa_countries-bs","46":"pa_countries-bt","47":"pa_countries-bv","48":"pa_countries-bw","49":"pa_countries-bz","50":"pa_countries-ca","51":"pa_countries-cc","52":"pa_countries-cd","53":"pa_countries-cf","54":"pa_countries-cg","55":"pa_countries-ch","56":"pa_countries-ci","57":"pa_countries-ck","58":"pa_countries-cl","59":"pa_countries-cm","60":"pa_countries-cn","61":"pa_countries-co","62":"pa_countries-cr","63":"pa_countries-cu","64":"pa_countries-cv","65":"pa_countries-cw","66":"pa_countries-cx","67":"pa_countries-cy","68":"pa_countries-cz","69":"pa_countries-de","70":"pa_countries-dj","71":"pa_countries-dk","72":"pa_countries-dm","73":"pa_countries-do","74":"pa_countries-dz","75":"pa_countries-ec","76":"pa_countries-ee","77":"pa_countries-eg","78":"pa_countries-eh","79":"pa_countries-er","80":"pa_countries-es","81":"pa_countries-et","82":"pa_countries-fi","83":"pa_countries-fj","84":"pa_countries-fk","85":"pa_countries-fm","86":"pa_countries-fo","87":"pa_countries-fr","88":"pa_countries-ga","89":"pa_countries-gb","90":"pa_countries-gd","91":"pa_countries-ge","92":"pa_countries-gf","93":"pa_countries-gg","94":"pa_countries-gh","95":"pa_countries-gi","96":"pa_countries-gl","97":"pa_countries-gm","98":"pa_countries-gn","99":"pa_countries-gp","100":"pa_countries-gq","101":"pa_countries-gr","102":"pa_countries-gs","103":"pa_countries-gt","104":"pa_countries-gu","105":"pa_countries-gw","106":"pa_countries-gy","107":"pa_countries-hk","108":"pa_countries-hm","109":"pa_countries-hn","110":"pa_countries-hr","111":"pa_countries-ht","112":"pa_countries-hu","113":"pa_countries-id","114":"pa_countries-ie","115":"pa_countries-il","116":"pa_countries-im","117":"pa_countries-in","118":"pa_countries-io","119":"pa_countries-iq","120":"pa_countries-ir","121":"pa_countries-is","122":"pa_countries-it","123":"pa_countries-je","124":"pa_countries-jm","125":"pa_countries-jo","126":"pa_countries-jp","127":"pa_countries-ke","128":"pa_countries-kg","129":"pa_countries-kh","130":"pa_countries-ki","131":"pa_countries-km","132":"pa_countries-kn","133":"pa_countries-kp","134":"pa_countries-kr","135":"pa_countries-kw","136":"pa_countries-ky","137":"pa_countries-kz","138":"pa_countries-la","139":"pa_countries-lb","140":"pa_countries-lc","141":"pa_countries-li","142":"pa_countries-lk","143":"pa_countries-lr","144":"pa_countries-ls","145":"pa_countries-lt","146":"pa_countries-lu","147":"pa_countries-lv","148":"pa_countries-ly","149":"pa_countries-ma","150":"pa_countries-mc","151":"pa_countries-md","152":"pa_countries-me","153":"pa_countries-mf","154":"pa_countries-mg","155":"pa_countries-mh","156":"pa_countries-mk","157":"pa_countries-ml","158":"pa_countries-mm","159":"pa_countries-mn","160":"pa_countries-mo","161":"pa_countries-mp","162":"pa_countries-mq","163":"pa_countries-mr","164":"pa_countries-ms","165":"pa_countries-mt","166":"pa_countries-mu","167":"pa_countries-mv","168":"pa_countries-mw","169":"pa_countries-mx","170":"pa_countries-my","171":"pa_countries-mz","172":"pa_countries-na","173":"pa_countries-nc","174":"pa_countries-ne","175":"pa_countries-nf","176":"pa_countries-ng","177":"pa_countries-ni","178":"pa_countries-nl","179":"pa_countries-no","180":"pa_countries-np","181":"pa_countries-nr","182":"pa_countries-nu","183":"pa_countries-nz","184":"pa_countries-om","185":"pa_countries-pa","186":"pa_countries-pe","187":"pa_countries-pf","188":"pa_countries-pg","189":"pa_countries-ph","190":"pa_countries-pk","191":"pa_countries-pl","192":"pa_countries-pm","193":"pa_countries-pn","194":"pa_countries-pr","195":"pa_countries-ps","196":"pa_countries-pt","197":"pa_countries-pw","198":"pa_countries-py","199":"pa_countries-qa","200":"pa_countries-re","201":"pa_countries-ro","202":"pa_countries-rs","203":"pa_countries-rw","204":"pa_countries-sa","205":"pa_countries-sb","206":"pa_countries-sc","207":"pa_countries-sd","208":"pa_countries-se","209":"pa_countries-sg","210":"pa_countries-sh","211":"pa_countries-si","212":"pa_countries-sj","213":"pa_countries-sk","214":"pa_countries-sl","215":"pa_countries-sm","216":"pa_countries-sn","217":"pa_countries-so","218":"pa_countries-sr","219":"pa_countries-ss","221":"pa_countries-st","222":"pa_countries-sv","223":"pa_countries-sx","224":"pa_countries-sy","225":"pa_countries-sz","226":"pa_countries-tc","227":"pa_countries-td","228":"pa_countries-tf","229":"pa_countries-tg","230":"pa_countries-th","231":"pa_countries-tj","232":"pa_countries-tk","233":"pa_countries-tl","234":"pa_countries-tm","235":"pa_countries-tn","236":"pa_countries-to","237":"pa_countries-tr","238":"pa_countries-tt","239":"pa_countries-tv","240":"pa_countries-tw","241":"pa_countries-tz","242":"pa_countries-ua","243":"pa_countries-ug","244":"pa_countries-um","245":"pa_countries-us","246":"pa_countries-uy","247":"pa_countries-uz","248":"pa_countries-va","249":"pa_countries-vc","250":"pa_countries-ve","251":"pa_countries-vg","252":"pa_countries-vi","253":"pa_countries-vn","254":"pa_countries-vu","255":"pa_countries-wf","256":"pa_countries-ws","257":"pa_countries-xk","258":"pa_countries-ye","259":"pa_countries-yt","260":"pa_countries-za","261":"pa_countries-zm","262":"pa_countries-zw","263":"pa_developer-muha-games","265":"pa_engine-unity","267":"pa_game_type-main_game","269":"pa_genres-adventure","270":"pa_genres-card-board-game","271":"pa_genres-indie","272":"pa_genres-role-playing-rpg","273":"pa_genres-simulator","274":"pa_genres-strategy","275":"pa_genres-turn-based-strategy-tbs","277":"pa_interface-de-de","278":"pa_interface-en-us","279":"pa_interface-es-es","280":"pa_interface-fr-fr","281":"pa_interface-pl-pl","282":"pa_interface-ru-ru","284":"pa_keywords-apocalypse","286":"pa_keywords-card-collection","287":"pa_keywords-crowdfunding-kickstarter","288":"pa_keywords-medieval","289":"pa_keywords-mythology","290":"pa_keywords-post-apocalyptic","291":"pa_keywords-pre-release-public-testing","292":"pa_keywords-text-adventure","293":"pa_keywords-turn-based","294":"pa_modes-single-player","296":"pa_pegi-13428","297":"pa_pegi-927","298":"pa_platform-pc-steam","300":"pa_player_perspectives-bird-view-isometric","302":"pa_publisher-monster-couch","304":"pa_rating-14454","305":"pa_rating-928","306":"pa_region-global","308":"pa_subtitles-de-de","310":"pa_subtitles-en-us","311":"pa_subtitles-es-es","312":"pa_subtitles-fr-fr","313":"pa_subtitles-pl-pl","314":"pa_subtitles-ru-ru","315":"pa_themes-4x-explore","316":"pa_themes-and-exterminate","318":"pa_themes-expand","319":"pa_themes-exploit","320":"pa_themes-fantasy","321":"pa_themes-survival","323":"first","324":"instock","325":"virtual","326":"taxable","327":"purchasable","328":"product-type-simple"},"yoast_head":"<!-- This site is optimized with the Yoast SEO plugin v27.3 - https:\/\/yoast.com\/product\/yoast-seo-wordpress\/ -->\n<title>Thea: The Awakening | BeGamer.cz<\/title>\n<meta name=\"robots\" content=\"index, follow, max-snippet:-1, max-image-preview:large, max-video-preview:-1\" \/>\n<link rel=\"canonical\" href=\"https:\/\/begamer.cz\/sk\/produkt\/thea-the-awakening-sk\/\" \/>\n<meta property=\"og:locale\" content=\"sk_SK\" \/>\n<meta property=\"og:type\" content=\"article\" \/>\n<meta property=\"og:title\" content=\"Thea: The Awakening | BeGamer.cz\" \/>\n<meta property=\"og:description\" content=\"Thea: The Awakening je \u0165ahov\u00e1 strategick\u00e1 hra o pre\u017eit\u00ed in\u0161pirovan\u00e1 slovanskou mytol\u00f3giou, ktor\u00e1 sa odohr\u00e1va v procedur\u00e1lnom temnom fantasy svete s neline\u00e1rnym pr\u00edbehom a unik\u00e1tnym bojov\u00fdm syst\u00e9mom.\" \/>\n<meta property=\"og:url\" content=\"https:\/\/begamer.cz\/sk\/produkt\/thea-the-awakening-sk\/\" \/>\n<meta property=\"og:site_name\" content=\"BeGamer.cz\" \/>\n<meta property=\"article:modified_time\" content=\"2026-03-18T06:41:14+00:00\" \/>\n<meta property=\"og:image\" content=\"https:\/\/begamer.cz\/wp-content\/uploads\/2026\/01\/thea-the-awakening-5.webp\" \/>\n\t<meta property=\"og:image:width\" content=\"300\" \/>\n\t<meta property=\"og:image:height\" content=\"400\" \/>\n\t<meta property=\"og:image:type\" content=\"image\/webp\" \/>\n<meta name=\"twitter:card\" content=\"summary_large_image\" \/>\n<meta name=\"twitter:label1\" content=\"Predpokladan\u00fd \u010das \u010d\u00edtania\" \/>\n\t<meta name=\"twitter:data1\" content=\"2 min\u00faty\" \/>\n<script type=\"application\/ld+json\" class=\"yoast-schema-graph\">{\"@context\":\"https:\\\/\\\/schema.org\",\"@graph\":[{\"@type\":\"WebPage\",\"@id\":\"https:\\\/\\\/begamer.cz\\\/sk\\\/produkt\\\/thea-the-awakening-sk\\\/\",\"url\":\"https:\\\/\\\/begamer.cz\\\/sk\\\/produkt\\\/thea-the-awakening-sk\\\/\",\"name\":\"Thea: The Awakening | BeGamer.cz\",\"isPartOf\":{\"@id\":\"https:\\\/\\\/begamer.cz\\\/sk\\\/#website\"},\"primaryImageOfPage\":{\"@id\":\"https:\\\/\\\/begamer.cz\\\/sk\\\/produkt\\\/thea-the-awakening-sk\\\/#primaryimage\"},\"image\":{\"@id\":\"https:\\\/\\\/begamer.cz\\\/sk\\\/produkt\\\/thea-the-awakening-sk\\\/#primaryimage\"},\"thumbnailUrl\":\"https:\\\/\\\/begamer.cz\\\/wp-content\\\/uploads\\\/2026\\\/01\\\/thea-the-awakening-5.webp\",\"datePublished\":\"2026-01-30T16:06:05+00:00\",\"dateModified\":\"2026-03-18T06:41:14+00:00\",\"breadcrumb\":{\"@id\":\"https:\\\/\\\/begamer.cz\\\/sk\\\/produkt\\\/thea-the-awakening-sk\\\/#breadcrumb\"},\"inLanguage\":\"sk-SK\",\"potentialAction\":[{\"@type\":\"ReadAction\",\"target\":[\"https:\\\/\\\/begamer.cz\\\/sk\\\/produkt\\\/thea-the-awakening-sk\\\/\"]}]},{\"@type\":\"ImageObject\",\"inLanguage\":\"sk-SK\",\"@id\":\"https:\\\/\\\/begamer.cz\\\/sk\\\/produkt\\\/thea-the-awakening-sk\\\/#primaryimage\",\"url\":\"https:\\\/\\\/begamer.cz\\\/wp-content\\\/uploads\\\/2026\\\/01\\\/thea-the-awakening-5.webp\",\"contentUrl\":\"https:\\\/\\\/begamer.cz\\\/wp-content\\\/uploads\\\/2026\\\/01\\\/thea-the-awakening-5.webp\",\"width\":300,\"height\":400},{\"@type\":\"BreadcrumbList\",\"@id\":\"https:\\\/\\\/begamer.cz\\\/sk\\\/produkt\\\/thea-the-awakening-sk\\\/#breadcrumb\",\"itemListElement\":[{\"@type\":\"ListItem\",\"position\":1,\"name\":\"Domov\",\"item\":\"https:\\\/\\\/begamer.cz\\\/sk\\\/\"},{\"@type\":\"ListItem\",\"position\":2,\"name\":\"Obchod\",\"item\":\"https:\\\/\\\/begamer.cz\\\/obchod\\\/\"},{\"@type\":\"ListItem\",\"position\":3,\"name\":\"Thea: The Awakening\"}]},{\"@type\":\"WebSite\",\"@id\":\"https:\\\/\\\/begamer.cz\\\/sk\\\/#website\",\"url\":\"https:\\\/\\\/begamer.cz\\\/sk\\\/\",\"name\":\"BeGamer.cz\",\"description\":\"\",\"publisher\":{\"@id\":\"https:\\\/\\\/begamer.cz\\\/sk\\\/#organization\"},\"potentialAction\":[{\"@type\":\"SearchAction\",\"target\":{\"@type\":\"EntryPoint\",\"urlTemplate\":\"https:\\\/\\\/begamer.cz\\\/sk\\\/?s={search_term_string}\"},\"query-input\":{\"@type\":\"PropertyValueSpecification\",\"valueRequired\":true,\"valueName\":\"search_term_string\"}}],\"inLanguage\":\"sk-SK\"},{\"@type\":\"Organization\",\"@id\":\"https:\\\/\\\/begamer.cz\\\/sk\\\/#organization\",\"name\":\"BeGamer.cz\",\"url\":\"https:\\\/\\\/begamer.cz\\\/sk\\\/\",\"logo\":{\"@type\":\"ImageObject\",\"inLanguage\":\"sk-SK\",\"@id\":\"https:\\\/\\\/begamer.cz\\\/sk\\\/#\\\/schema\\\/logo\\\/image\\\/\",\"url\":\"https:\\\/\\\/begamer.cz\\\/wp-content\\\/uploads\\\/2025\\\/07\\\/logo.svg\",\"contentUrl\":\"https:\\\/\\\/begamer.cz\\\/wp-content\\\/uploads\\\/2025\\\/07\\\/logo.svg\",\"caption\":\"BeGamer.cz\"},\"image\":{\"@id\":\"https:\\\/\\\/begamer.cz\\\/sk\\\/#\\\/schema\\\/logo\\\/image\\\/\"}}]}<\/script>\n<!-- \/ Yoast SEO plugin. -->","yoast_head_json":{"title":"Thea: The Awakening | BeGamer.cz","robots":{"index":"index","follow":"follow","max-snippet":"max-snippet:-1","max-image-preview":"max-image-preview:large","max-video-preview":"max-video-preview:-1"},"canonical":"https:\/\/begamer.cz\/sk\/produkt\/thea-the-awakening-sk\/","og_locale":"sk_SK","og_type":"article","og_title":"Thea: The Awakening | BeGamer.cz","og_description":"Thea: The Awakening je \u0165ahov\u00e1 strategick\u00e1 hra o pre\u017eit\u00ed in\u0161pirovan\u00e1 slovanskou mytol\u00f3giou, ktor\u00e1 sa odohr\u00e1va v procedur\u00e1lnom temnom fantasy svete s neline\u00e1rnym pr\u00edbehom a unik\u00e1tnym bojov\u00fdm syst\u00e9mom.","og_url":"https:\/\/begamer.cz\/sk\/produkt\/thea-the-awakening-sk\/","og_site_name":"BeGamer.cz","article_modified_time":"2026-03-18T06:41:14+00:00","og_image":[{"width":300,"height":400,"url":"https:\/\/begamer.cz\/wp-content\/uploads\/2026\/01\/thea-the-awakening-5.webp","type":"image\/webp"}],"twitter_card":"summary_large_image","twitter_misc":{"Predpokladan\u00fd \u010das \u010d\u00edtania":"2 min\u00faty"},"schema":{"@context":"https:\/\/schema.org","@graph":[{"@type":"WebPage","@id":"https:\/\/begamer.cz\/sk\/produkt\/thea-the-awakening-sk\/","url":"https:\/\/begamer.cz\/sk\/produkt\/thea-the-awakening-sk\/","name":"Thea: The Awakening | BeGamer.cz","isPartOf":{"@id":"https:\/\/begamer.cz\/sk\/#website"},"primaryImageOfPage":{"@id":"https:\/\/begamer.cz\/sk\/produkt\/thea-the-awakening-sk\/#primaryimage"},"image":{"@id":"https:\/\/begamer.cz\/sk\/produkt\/thea-the-awakening-sk\/#primaryimage"},"thumbnailUrl":"https:\/\/begamer.cz\/wp-content\/uploads\/2026\/01\/thea-the-awakening-5.webp","datePublished":"2026-01-30T16:06:05+00:00","dateModified":"2026-03-18T06:41:14+00:00","breadcrumb":{"@id":"https:\/\/begamer.cz\/sk\/produkt\/thea-the-awakening-sk\/#breadcrumb"},"inLanguage":"sk-SK","potentialAction":[{"@type":"ReadAction","target":["https:\/\/begamer.cz\/sk\/produkt\/thea-the-awakening-sk\/"]}]},{"@type":"ImageObject","inLanguage":"sk-SK","@id":"https:\/\/begamer.cz\/sk\/produkt\/thea-the-awakening-sk\/#primaryimage","url":"https:\/\/begamer.cz\/wp-content\/uploads\/2026\/01\/thea-the-awakening-5.webp","contentUrl":"https:\/\/begamer.cz\/wp-content\/uploads\/2026\/01\/thea-the-awakening-5.webp","width":300,"height":400},{"@type":"BreadcrumbList","@id":"https:\/\/begamer.cz\/sk\/produkt\/thea-the-awakening-sk\/#breadcrumb","itemListElement":[{"@type":"ListItem","position":1,"name":"Domov","item":"https:\/\/begamer.cz\/sk\/"},{"@type":"ListItem","position":2,"name":"Obchod","item":"https:\/\/begamer.cz\/obchod\/"},{"@type":"ListItem","position":3,"name":"Thea: The Awakening"}]},{"@type":"WebSite","@id":"https:\/\/begamer.cz\/sk\/#website","url":"https:\/\/begamer.cz\/sk\/","name":"BeGamer.cz","description":"","publisher":{"@id":"https:\/\/begamer.cz\/sk\/#organization"},"potentialAction":[{"@type":"SearchAction","target":{"@type":"EntryPoint","urlTemplate":"https:\/\/begamer.cz\/sk\/?s={search_term_string}"},"query-input":{"@type":"PropertyValueSpecification","valueRequired":true,"valueName":"search_term_string"}}],"inLanguage":"sk-SK"},{"@type":"Organization","@id":"https:\/\/begamer.cz\/sk\/#organization","name":"BeGamer.cz","url":"https:\/\/begamer.cz\/sk\/","logo":{"@type":"ImageObject","inLanguage":"sk-SK","@id":"https:\/\/begamer.cz\/sk\/#\/schema\/logo\/image\/","url":"https:\/\/begamer.cz\/wp-content\/uploads\/2025\/07\/logo.svg","contentUrl":"https:\/\/begamer.cz\/wp-content\/uploads\/2025\/07\/logo.svg","caption":"BeGamer.cz"},"image":{"@id":"https:\/\/begamer.cz\/sk\/#\/schema\/logo\/image\/"}}]}},"acf":[],"_links":{"self":[{"href":"https:\/\/begamer.cz\/sk\/wp-json\/wp\/v2\/product\/97865","targetHints":{"allow":["GET"]}}],"collection":[{"href":"https:\/\/begamer.cz\/sk\/wp-json\/wp\/v2\/product"}],"about":[{"href":"https:\/\/begamer.cz\/sk\/wp-json\/wp\/v2\/types\/product"}],"replies":[{"embeddable":true,"href":"https:\/\/begamer.cz\/sk\/wp-json\/wp\/v2\/comments?post=97865"}],"wp:featuredmedia":[{"embeddable":true,"href":"https:\/\/begamer.cz\/sk\/wp-json\/wp\/v2\/media\/24763"}],"wp:attachment":[{"href":"https:\/\/begamer.cz\/sk\/wp-json\/wp\/v2\/media?parent=97865"}],"wp:term":[{"taxonomy":"product_brand","embeddable":true,"href":"https:\/\/begamer.cz\/sk\/wp-json\/wp\/v2\/product_brand?post=97865"},{"taxonomy":"product_cat","embeddable":true,"href":"https:\/\/begamer.cz\/sk\/wp-json\/wp\/v2\/product_cat?post=97865"},{"taxonomy":"product_tag","embeddable":true,"href":"https:\/\/begamer.cz\/sk\/wp-json\/wp\/v2\/product_tag?post=97865"}],"curies":[{"name":"wp","href":"https:\/\/api.w.org\/{rel}","templated":true}]}}