{"id":97862,"date":"2026-01-30T17:06:01","date_gmt":"2026-01-30T16:06:01","guid":{"rendered":"https:\/\/begamer.cz\/produkt\/my-memory-of-us-collectors-edition-sk\/"},"modified":"2026-03-18T07:41:01","modified_gmt":"2026-03-18T06:41:01","slug":"my-memory-of-us-collectors-edition-sk","status":"publish","type":"product","link":"https:\/\/begamer.cz\/sk\/produkt\/my-memory-of-us-collectors-edition-sk\/","title":{"rendered":"My Memory of Us: Collector\u2019s Edition"},"content":{"rendered":"<div>\n<h2>Moja spomienka na n\u00e1s: Zberate\u013esk\u00e1 ed\u00edcia<\/h2>\n<p><strong>Moja spomienka na n\u00e1s: Zberate\u013esk\u00e1 ed\u00edcia<\/strong> je \u00faprimn\u00e1 a jedine\u010dn\u00e1 hra, ktor\u00e1 sa odohr\u00e1va v temn\u00fdch \u010dasoch druhej svetovej vojny a rozpr\u00e1va pr\u00edbeh o mimoriadnom priate\u013estve dvoch det\u00ed. T\u00e1to hra kombinuje sugest\u00edvny pr\u00edbeh, p\u00f4sobiv\u00fd ru\u010dne kreslen\u00fd umeleck\u00fd \u0161t\u00fdl a chytr\u00e9 h\u00e1danky a prin\u00e1\u0161a hlboko emot\u00edvny a p\u00fatav\u00fd z\u00e1\u017eitok.<\/p>\n<p><strong>K\u013e\u00fa\u010dov\u00e9 vlastnosti:<\/strong><\/p>\n<ul>\n<li><strong>P\u00fatav\u00fd pr\u00edbeh:<\/strong> Za\u017eite doj\u00edmav\u00fd pr\u00edbeh o priate\u013estve a pre\u017eit\u00ed in\u0161pirovan\u00fd skuto\u010dn\u00fdmi historick\u00fdmi udalos\u0165ami, rozpr\u00e1van\u00fd o\u010dami dvoch detsk\u00fdch priate\u013eov.<\/li>\n<li><strong>Umeleck\u00e9 vizu\u00e1ly:<\/strong> N\u00e1dhern\u00e9 ru\u010dne ma\u013eovan\u00e9 sc\u00e9ny vytv\u00e1raj\u00fa rozpr\u00e1vkov\u00fa atmosf\u00e9ru, ktor\u00e1 kr\u00e1sne kontrastuje s pochm\u00farnym vojnov\u00fdm prostred\u00edm.<\/li>\n<li><strong>H\u00e1danky podnecuj\u00face k zamysleniu:<\/strong> Rie\u0161te zlo\u017eit\u00e9 h\u00e1danky, ktor\u00e9 vy\u017eaduj\u00fa spolupr\u00e1cu medzi dvoma postavami, z ktor\u00fdch ka\u017ed\u00e1 m\u00e1 jedine\u010dn\u00e9 schopnosti a obmedzenia.<\/li>\n<li><strong>Obsah zberate\u013eskej ed\u00edcie:<\/strong> Vychutnajte si exkluz\u00edvne bonusy, vr\u00e1tane koncep\u010dn\u00fdch n\u00e1kresov, origin\u00e1lneho soundtracku, tapiet a materi\u00e1lov zo z\u00e1kulisia, ktor\u00e9 obohatia va\u0161e ch\u00e1panie tvorby a t\u00e9m hry.<\/li>\n<\/ul>\n<h2>Pr\u00edbeh o odvahu a priate\u013estve<\/h2>\n<p><em>My Memory of Us<\/em> je viac ne\u017e len jednoduch\u00e1 hra, je to doj\u00edmav\u00fd pr\u00edbeh o \u013eudskej odolnosti, n\u00e1deji a priate\u013estve uprostred krutej reality vojny. Ovl\u00e1date oboch protagonistov \u2013 chlapca a diev\u010da \u2013, ktor\u00ed sa musia spolieha\u0165 na siln\u00e9 str\u00e1nky toho druh\u00e9ho, aby pre\u017eili v nebezpe\u010dnom a utl\u00e1\u010date\u013eskom svete.<\/p>\n<p>Emocion\u00e1lna h\u013abka pr\u00edbehu je kombinovan\u00e1 s inovat\u00edvnymi hern\u00fdmi mechanizmami, ktor\u00e9 v\u00e1s vyz\u00fdvaj\u00fa k kreat\u00edvnemu a strategick\u00e9mu mysleniu.<\/p>\n<h2>Inovat\u00edvna hrate\u013enos\u0165 a atmosf\u00e9ra<\/h2>\n<p>Ovl\u00e1dajte obe postavy s\u00fa\u010dasne, pri\u010dom ka\u017ed\u00e1 z nich m\u00e1 jedine\u010dn\u00e9 schopnosti na prekon\u00e1vanie prek\u00e1\u017eok, vyh\u00fdbanie sa nebezpe\u010denstv\u00e1m a rie\u0161enie h\u00e1daniek. Vz\u00e1jomn\u00e1 interakcia medzi nimi poskytuje nov\u00fd pr\u00edstup k kooperat\u00edvnej hrate\u013enosti v r\u00e1mci z\u00e1\u017eitku pre jedn\u00e9ho hr\u00e1\u010da.<\/p>\n<p>Ru\u010dne kreslen\u00fd umeleck\u00fd \u0161t\u00fdl obohacuje rozpr\u00e1vanie pr\u00edbehu t\u00fdm, \u017ee vyvol\u00e1va nostalgiu a teplo aj v pochm\u00farnych situ\u00e1ci\u00e1ch, \u010d\u00edm je hra vizu\u00e1lne p\u00fatav\u00e1 a emocion\u00e1lne rezonuj\u00faca.<\/p>\n<h2>Bonusy v zberate\u013eskej ed\u00edcii<\/h2>\n<p>T\u00e1to ed\u00edcia pon\u00faka kompletn\u00fd z\u00e1\u017eitok vr\u00e1tane bonusov\u00e9ho obsahu, ako je gal\u00e9ria koncep\u010dn\u00fdch umeleck\u00fdch diel, ofici\u00e1lny soundtrack, tapety a exkluz\u00edvne materi\u00e1ly, ktor\u00e9 poskytuj\u00fa poh\u013ead na tvorbu a v\u00fdznam hry.<\/p>\n<p><strong>Pre\u010do si vybra\u0165 My Memory of Us: Collector&#x27;s Edition?<\/strong><\/p>\n<ul>\n<li>Hlbok\u00fd pr\u00edbeh o priate\u013estve, odvahu a vytrvalosti<\/li>\n<li>Unik\u00e1tny vizu\u00e1lny \u0161t\u00fdl, ktor\u00fd vynik\u00e1 medzi typick\u00fdmi advent\u00farami<\/li>\n<li>Zauj\u00edmav\u00e9 h\u00e1danky, ktor\u00e9 stimuluj\u00fa intelekt aj em\u00f3cie<\/li>\n<li>Bohat\u00fd bonusov\u00fd obsah pre fan\u00fa\u0161ikov a zberate\u013eov<\/li>\n<\/ul>\n<p><em>My Memory of Us: Collector&#x27;s Edition<\/em> je ove\u013ea viac ne\u017e len hra \u2013 je to doj\u00edmav\u00e1 spomienka na silu \u013eudsk\u00fdch vz\u0165ahov v \u0165a\u017ek\u00fdch \u010dasoch.<\/p>\n<p><small>Niektor\u00e9 texty boli prelo\u017een\u00e9 strojovo.<\/small><\/div>\n","protected":false},"excerpt":{"rendered":"<p>My Memory of Us: Collector&#x27;s Edition je \u00faprimn\u00e1 logick\u00e1 advent\u00fara, ktor\u00e1 sa odohr\u00e1va po\u010das druhej svetovej vojny. Za\u017eite doj\u00edmav\u00fd pr\u00edbeh o priate\u013estve a odvahu, obohaten\u00fd o extra obsah a exkluz\u00edvne umeleck\u00e9 diela. Rie\u0161te kreat\u00edvne h\u00e1danky a presk\u00famajte jedine\u010dn\u00fd, ru\u010dne kreslen\u00fd svet in\u0161pirovan\u00fd hist\u00f3riou.<\/p>\n","protected":false},"featured_media":24742,"comment_status":"open","ping_status":"closed","template":"","meta":{"_acf_changed":false},"product_brand":[],"product_cat":[270,290,294,268,266,312],"product_tag":[],"class_list":{"0":"post-97862","1":"product","2":"type-product","3":"status-publish","4":"has-post-thumbnail","6":"product_cat-adventury-pc-hry-sk","7":"product_cat-indie-hry-pc-sk","8":"product_cat-logicke-pc-hry-sk","9":"product_cat-pc-sk","10":"product_cat-pc-hry-sk","11":"product_cat-steam-pc-sk","12":"pa_audio-en-us","14":"pa_developer-crunching-koalas","16":"pa_developer-imgn-pro","17":"pa_game_type-main_game","19":"pa_genres-adventure","20":"pa_genres-indie","21":"pa_genres-platform","23":"pa_genres-puzzle","24":"pa_interface-cs-cz","25":"pa_interface-de-de","26":"pa_interface-en-us","27":"pa_interface-es-es","28":"pa_interface-fr-fr","29":"pa_interface-he-il","31":"pa_interface-hu-hu","32":"pa_interface-it-it","33":"pa_interface-ja-jp","34":"pa_interface-ko-kr","35":"pa_interface-pl-pl","36":"pa_interface-pt-pt","37":"pa_interface-ru-ru","38":"pa_interface-tr-tr","39":"pa_interface-zh-cn","40":"pa_keywords-epic-adventure","41":"pa_keywords-friendship","42":"pa_keywords-puzzle-games-with-stories","43":"pa_modes-single-player","45":"pa_pegi-13424","46":"pa_pegi-772","47":"pa_platform-pc-steam","49":"pa_player_perspectives-side-view","51":"pa_publisher-crunching-koalas","53":"pa_publisher-imgn-pro","54":"pa_rating-14441","55":"pa_rating-773","56":"pa_region-global","58":"pa_themes-action","61":"first","62":"instock","63":"virtual","64":"taxable","65":"purchasable","66":"product-type-simple"},"yoast_head":"<!-- This site is optimized with the Yoast SEO plugin v27.3 - https:\/\/yoast.com\/product\/yoast-seo-wordpress\/ -->\n<title>My Memory of Us: Collector&#039;s Edition | BeGamer.cz<\/title>\n<meta name=\"robots\" content=\"index, follow, max-snippet:-1, max-image-preview:large, max-video-preview:-1\" \/>\n<link rel=\"canonical\" href=\"https:\/\/begamer.cz\/sk\/produkt\/my-memory-of-us-collectors-edition-sk\/\" \/>\n<meta property=\"og:locale\" content=\"sk_SK\" \/>\n<meta property=\"og:type\" content=\"article\" \/>\n<meta property=\"og:title\" content=\"My Memory of Us: Collector&#039;s Edition | BeGamer.cz\" \/>\n<meta property=\"og:description\" content=\"My Memory of Us: Collector&#x27;s Edition je \u00faprimn\u00e1 logick\u00e1 advent\u00fara, ktor\u00e1 sa odohr\u00e1va po\u010das druhej svetovej vojny. Za\u017eite doj\u00edmav\u00fd pr\u00edbeh o priate\u013estve a odvahu, obohaten\u00fd o extra obsah a exkluz\u00edvne umeleck\u00e9 diela. Rie\u0161te kreat\u00edvne h\u00e1danky a presk\u00famajte jedine\u010dn\u00fd, ru\u010dne kreslen\u00fd svet in\u0161pirovan\u00fd hist\u00f3riou.\" \/>\n<meta property=\"og:url\" content=\"https:\/\/begamer.cz\/sk\/produkt\/my-memory-of-us-collectors-edition-sk\/\" \/>\n<meta property=\"og:site_name\" content=\"BeGamer.cz\" \/>\n<meta property=\"article:modified_time\" content=\"2026-03-18T06:41:01+00:00\" \/>\n<meta property=\"og:image\" content=\"https:\/\/begamer.cz\/wp-content\/uploads\/2026\/01\/my-memory-of-us-collectors-edition-10.webp\" \/>\n\t<meta property=\"og:image:width\" content=\"300\" \/>\n\t<meta property=\"og:image:height\" content=\"400\" \/>\n\t<meta property=\"og:image:type\" content=\"image\/webp\" \/>\n<meta name=\"twitter:card\" content=\"summary_large_image\" \/>\n<meta name=\"twitter:label1\" content=\"Predpokladan\u00fd \u010das \u010d\u00edtania\" \/>\n\t<meta name=\"twitter:data1\" content=\"3 min\u00faty\" \/>\n<script type=\"application\/ld+json\" class=\"yoast-schema-graph\">{\"@context\":\"https:\\\/\\\/schema.org\",\"@graph\":[{\"@type\":\"WebPage\",\"@id\":\"https:\\\/\\\/begamer.cz\\\/sk\\\/produkt\\\/my-memory-of-us-collectors-edition-sk\\\/\",\"url\":\"https:\\\/\\\/begamer.cz\\\/sk\\\/produkt\\\/my-memory-of-us-collectors-edition-sk\\\/\",\"name\":\"My Memory of Us: Collector's Edition | BeGamer.cz\",\"isPartOf\":{\"@id\":\"https:\\\/\\\/begamer.cz\\\/sk\\\/#website\"},\"primaryImageOfPage\":{\"@id\":\"https:\\\/\\\/begamer.cz\\\/sk\\\/produkt\\\/my-memory-of-us-collectors-edition-sk\\\/#primaryimage\"},\"image\":{\"@id\":\"https:\\\/\\\/begamer.cz\\\/sk\\\/produkt\\\/my-memory-of-us-collectors-edition-sk\\\/#primaryimage\"},\"thumbnailUrl\":\"https:\\\/\\\/begamer.cz\\\/wp-content\\\/uploads\\\/2026\\\/01\\\/my-memory-of-us-collectors-edition-10.webp\",\"datePublished\":\"2026-01-30T16:06:01+00:00\",\"dateModified\":\"2026-03-18T06:41:01+00:00\",\"breadcrumb\":{\"@id\":\"https:\\\/\\\/begamer.cz\\\/sk\\\/produkt\\\/my-memory-of-us-collectors-edition-sk\\\/#breadcrumb\"},\"inLanguage\":\"sk-SK\",\"potentialAction\":[{\"@type\":\"ReadAction\",\"target\":[\"https:\\\/\\\/begamer.cz\\\/sk\\\/produkt\\\/my-memory-of-us-collectors-edition-sk\\\/\"]}]},{\"@type\":\"ImageObject\",\"inLanguage\":\"sk-SK\",\"@id\":\"https:\\\/\\\/begamer.cz\\\/sk\\\/produkt\\\/my-memory-of-us-collectors-edition-sk\\\/#primaryimage\",\"url\":\"https:\\\/\\\/begamer.cz\\\/wp-content\\\/uploads\\\/2026\\\/01\\\/my-memory-of-us-collectors-edition-10.webp\",\"contentUrl\":\"https:\\\/\\\/begamer.cz\\\/wp-content\\\/uploads\\\/2026\\\/01\\\/my-memory-of-us-collectors-edition-10.webp\",\"width\":300,\"height\":400},{\"@type\":\"BreadcrumbList\",\"@id\":\"https:\\\/\\\/begamer.cz\\\/sk\\\/produkt\\\/my-memory-of-us-collectors-edition-sk\\\/#breadcrumb\",\"itemListElement\":[{\"@type\":\"ListItem\",\"position\":1,\"name\":\"Domov\",\"item\":\"https:\\\/\\\/begamer.cz\\\/sk\\\/\"},{\"@type\":\"ListItem\",\"position\":2,\"name\":\"Obchod\",\"item\":\"https:\\\/\\\/begamer.cz\\\/obchod\\\/\"},{\"@type\":\"ListItem\",\"position\":3,\"name\":\"My Memory of Us: Collector&#8217;s Edition\"}]},{\"@type\":\"WebSite\",\"@id\":\"https:\\\/\\\/begamer.cz\\\/sk\\\/#website\",\"url\":\"https:\\\/\\\/begamer.cz\\\/sk\\\/\",\"name\":\"BeGamer.cz\",\"description\":\"\",\"publisher\":{\"@id\":\"https:\\\/\\\/begamer.cz\\\/sk\\\/#organization\"},\"potentialAction\":[{\"@type\":\"SearchAction\",\"target\":{\"@type\":\"EntryPoint\",\"urlTemplate\":\"https:\\\/\\\/begamer.cz\\\/sk\\\/?s={search_term_string}\"},\"query-input\":{\"@type\":\"PropertyValueSpecification\",\"valueRequired\":true,\"valueName\":\"search_term_string\"}}],\"inLanguage\":\"sk-SK\"},{\"@type\":\"Organization\",\"@id\":\"https:\\\/\\\/begamer.cz\\\/sk\\\/#organization\",\"name\":\"BeGamer.cz\",\"url\":\"https:\\\/\\\/begamer.cz\\\/sk\\\/\",\"logo\":{\"@type\":\"ImageObject\",\"inLanguage\":\"sk-SK\",\"@id\":\"https:\\\/\\\/begamer.cz\\\/sk\\\/#\\\/schema\\\/logo\\\/image\\\/\",\"url\":\"https:\\\/\\\/begamer.cz\\\/wp-content\\\/uploads\\\/2025\\\/07\\\/logo.svg\",\"contentUrl\":\"https:\\\/\\\/begamer.cz\\\/wp-content\\\/uploads\\\/2025\\\/07\\\/logo.svg\",\"caption\":\"BeGamer.cz\"},\"image\":{\"@id\":\"https:\\\/\\\/begamer.cz\\\/sk\\\/#\\\/schema\\\/logo\\\/image\\\/\"}}]}<\/script>\n<!-- \/ Yoast SEO plugin. -->","yoast_head_json":{"title":"My Memory of Us: Collector's Edition | BeGamer.cz","robots":{"index":"index","follow":"follow","max-snippet":"max-snippet:-1","max-image-preview":"max-image-preview:large","max-video-preview":"max-video-preview:-1"},"canonical":"https:\/\/begamer.cz\/sk\/produkt\/my-memory-of-us-collectors-edition-sk\/","og_locale":"sk_SK","og_type":"article","og_title":"My Memory of Us: Collector's Edition | BeGamer.cz","og_description":"My Memory of Us: Collector&#x27;s Edition je \u00faprimn\u00e1 logick\u00e1 advent\u00fara, ktor\u00e1 sa odohr\u00e1va po\u010das druhej svetovej vojny. Za\u017eite doj\u00edmav\u00fd pr\u00edbeh o priate\u013estve a odvahu, obohaten\u00fd o extra obsah a exkluz\u00edvne umeleck\u00e9 diela. Rie\u0161te kreat\u00edvne h\u00e1danky a presk\u00famajte jedine\u010dn\u00fd, ru\u010dne kreslen\u00fd svet in\u0161pirovan\u00fd hist\u00f3riou.","og_url":"https:\/\/begamer.cz\/sk\/produkt\/my-memory-of-us-collectors-edition-sk\/","og_site_name":"BeGamer.cz","article_modified_time":"2026-03-18T06:41:01+00:00","og_image":[{"width":300,"height":400,"url":"https:\/\/begamer.cz\/wp-content\/uploads\/2026\/01\/my-memory-of-us-collectors-edition-10.webp","type":"image\/webp"}],"twitter_card":"summary_large_image","twitter_misc":{"Predpokladan\u00fd \u010das \u010d\u00edtania":"3 min\u00faty"},"schema":{"@context":"https:\/\/schema.org","@graph":[{"@type":"WebPage","@id":"https:\/\/begamer.cz\/sk\/produkt\/my-memory-of-us-collectors-edition-sk\/","url":"https:\/\/begamer.cz\/sk\/produkt\/my-memory-of-us-collectors-edition-sk\/","name":"My Memory of Us: Collector's Edition | BeGamer.cz","isPartOf":{"@id":"https:\/\/begamer.cz\/sk\/#website"},"primaryImageOfPage":{"@id":"https:\/\/begamer.cz\/sk\/produkt\/my-memory-of-us-collectors-edition-sk\/#primaryimage"},"image":{"@id":"https:\/\/begamer.cz\/sk\/produkt\/my-memory-of-us-collectors-edition-sk\/#primaryimage"},"thumbnailUrl":"https:\/\/begamer.cz\/wp-content\/uploads\/2026\/01\/my-memory-of-us-collectors-edition-10.webp","datePublished":"2026-01-30T16:06:01+00:00","dateModified":"2026-03-18T06:41:01+00:00","breadcrumb":{"@id":"https:\/\/begamer.cz\/sk\/produkt\/my-memory-of-us-collectors-edition-sk\/#breadcrumb"},"inLanguage":"sk-SK","potentialAction":[{"@type":"ReadAction","target":["https:\/\/begamer.cz\/sk\/produkt\/my-memory-of-us-collectors-edition-sk\/"]}]},{"@type":"ImageObject","inLanguage":"sk-SK","@id":"https:\/\/begamer.cz\/sk\/produkt\/my-memory-of-us-collectors-edition-sk\/#primaryimage","url":"https:\/\/begamer.cz\/wp-content\/uploads\/2026\/01\/my-memory-of-us-collectors-edition-10.webp","contentUrl":"https:\/\/begamer.cz\/wp-content\/uploads\/2026\/01\/my-memory-of-us-collectors-edition-10.webp","width":300,"height":400},{"@type":"BreadcrumbList","@id":"https:\/\/begamer.cz\/sk\/produkt\/my-memory-of-us-collectors-edition-sk\/#breadcrumb","itemListElement":[{"@type":"ListItem","position":1,"name":"Domov","item":"https:\/\/begamer.cz\/sk\/"},{"@type":"ListItem","position":2,"name":"Obchod","item":"https:\/\/begamer.cz\/obchod\/"},{"@type":"ListItem","position":3,"name":"My Memory of Us: Collector&#8217;s Edition"}]},{"@type":"WebSite","@id":"https:\/\/begamer.cz\/sk\/#website","url":"https:\/\/begamer.cz\/sk\/","name":"BeGamer.cz","description":"","publisher":{"@id":"https:\/\/begamer.cz\/sk\/#organization"},"potentialAction":[{"@type":"SearchAction","target":{"@type":"EntryPoint","urlTemplate":"https:\/\/begamer.cz\/sk\/?s={search_term_string}"},"query-input":{"@type":"PropertyValueSpecification","valueRequired":true,"valueName":"search_term_string"}}],"inLanguage":"sk-SK"},{"@type":"Organization","@id":"https:\/\/begamer.cz\/sk\/#organization","name":"BeGamer.cz","url":"https:\/\/begamer.cz\/sk\/","logo":{"@type":"ImageObject","inLanguage":"sk-SK","@id":"https:\/\/begamer.cz\/sk\/#\/schema\/logo\/image\/","url":"https:\/\/begamer.cz\/wp-content\/uploads\/2025\/07\/logo.svg","contentUrl":"https:\/\/begamer.cz\/wp-content\/uploads\/2025\/07\/logo.svg","caption":"BeGamer.cz"},"image":{"@id":"https:\/\/begamer.cz\/sk\/#\/schema\/logo\/image\/"}}]}},"acf":[],"_links":{"self":[{"href":"https:\/\/begamer.cz\/sk\/wp-json\/wp\/v2\/product\/97862","targetHints":{"allow":["GET"]}}],"collection":[{"href":"https:\/\/begamer.cz\/sk\/wp-json\/wp\/v2\/product"}],"about":[{"href":"https:\/\/begamer.cz\/sk\/wp-json\/wp\/v2\/types\/product"}],"replies":[{"embeddable":true,"href":"https:\/\/begamer.cz\/sk\/wp-json\/wp\/v2\/comments?post=97862"}],"wp:featuredmedia":[{"embeddable":true,"href":"https:\/\/begamer.cz\/sk\/wp-json\/wp\/v2\/media\/24742"}],"wp:attachment":[{"href":"https:\/\/begamer.cz\/sk\/wp-json\/wp\/v2\/media?parent=97862"}],"wp:term":[{"taxonomy":"product_brand","embeddable":true,"href":"https:\/\/begamer.cz\/sk\/wp-json\/wp\/v2\/product_brand?post=97862"},{"taxonomy":"product_cat","embeddable":true,"href":"https:\/\/begamer.cz\/sk\/wp-json\/wp\/v2\/product_cat?post=97862"},{"taxonomy":"product_tag","embeddable":true,"href":"https:\/\/begamer.cz\/sk\/wp-json\/wp\/v2\/product_tag?post=97862"}],"curies":[{"name":"wp","href":"https:\/\/api.w.org\/{rel}","templated":true}]}}